{"id":9977,"date":"2017-06-05T10:48:55","date_gmt":"2017-06-05T08:48:55","guid":{"rendered":"http:\/\/www.jaadisain.ee\/ulkomainokset\/irtokirjainvalomainokset\/eteenpain-valaisevat-irtokirjainvalomainokset\/valgustatud-logo\/"},"modified":"2017-09-13T09:18:27","modified_gmt":"2017-09-13T07:18:27","slug":"irtokirjaimet","status":"publish","type":"page","link":"https:\/\/www.jaadisain.ee\/fi\/ulkomainokset\/irtokirjainvalomainokset\/eteenpain-valaisevat-irtokirjainvalomainokset\/irtokirjaimet\/","title":{"rendered":"Irtokirjaimet Startax"},"content":{"rendered":"<h2>Irtokirjaimet Startax.<\/h2>\n<p>Irtokirjaimet on rakennettu jokainen kirjain erikseen logon mukaiseen muotoonsa. Kirjaimet on kiinnitetty yksitt\u00e4in taustakiskoihin, jolloin ne tulevat hyvin taustasta esille. Kirjaimien rungot on valmistettu alumiinista ja v\u00e4rj\u00e4tty pulverimaalaamalla. Etupinnaksi on aennettu v\u00e4rj\u00e4tyt akryylit. Kirjainten valaistuksessa k\u00e4yt\u00e4mme <a href=\"https:\/\/www.jaadisain.ee\/fi\/palvelut\/materiaalien-myynti\/led-moduulit\/\">LED-moduuleita<\/a> ja virtal\u00e4hteit\u00e4, jotka edustavat alansa parhaimmistoa ja ovat my\u00f6s k\u00e4yt\u00e4nn\u00f6ss\u00e4 osoittautuneet varmatoimisiksi.<\/p>\n<p>Mitat: 2950 x 439 mm<br \/>\nOsoite: <a href=\"https:\/\/beta.startax.net\/content\/frontpage\" target=\"_blank\" rel=\"noopener\">Startax AS<\/a>, <span class=\"_Xbe\">L\u00e4ike tee 20, Peetri, 75312 Harju maakond<\/span><\/p>\n","protected":false},"excerpt":{"rendered":"<p>Irtokirjaimet Startax. Irtokirjaimet on rakennettu jokainen kirjain erikseen logon mukaiseen muotoonsa. Kirjaimet on kiinnitetty yksitt\u00e4in taustakiskoihin, jolloin ne tulevat hyvin taustasta esille. Kirjaimien rungot on valmistettu alumiinista ja v\u00e4rj\u00e4tty pulverimaalaamalla. Etupinnaksi on aennettu v\u00e4rj\u00e4tyt akryylit. Kirjainten valaistuksessa k\u00e4yt\u00e4mme LED-moduuleita ja virtal\u00e4hteit\u00e4, jotka edustavat alansa parhaimmistoa ja ovat my\u00f6s k\u00e4yt\u00e4nn\u00f6ss\u00e4 osoittautuneet varmatoimisiksi. Mitat: 2950 x 439 [&hellip;]<\/p>\n","protected":false},"author":2,"featured_media":9935,"parent":9114,"menu_order":0,"comment_status":"closed","ping_status":"closed","template":"","meta":{"_acf_changed":false,"footnotes":""},"class_list":["post-9977","page","type-page","status-publish","has-post-thumbnail","hentry"],"acf":[],"yoast_head":"<!-- This site is optimized with the Yoast SEO plugin v27.3 - https:\/\/yoast.com\/product\/yoast-seo-wordpress\/ -->\n<title>Irtokirjaimet on rakennettu logon mukaiseen muotoonsa.<\/title>\n<meta name=\"description\" content=\"Irtokirjaimet on rakennettu jokainen kirjain erikseen logon mukaiseen muotoonsa. Kirjaimet on kiinnitetty yksitt\u00e4in taustakiskoihin.\" \/>\n<meta name=\"robots\" content=\"index, follow, max-snippet:-1, max-image-preview:large, max-video-preview:-1\" \/>\n<link rel=\"canonical\" href=\"https:\/\/www.jaadisain.ee\/fi\/ulkomainokset\/irtokirjainvalomainokset\/eteenpain-valaisevat-irtokirjainvalomainokset\/irtokirjaimet\/\" \/>\n<meta property=\"og:locale\" content=\"fi_FI\" \/>\n<meta property=\"og:type\" content=\"article\" \/>\n<meta property=\"og:title\" content=\"Irtokirjaimet on rakennettu logon mukaiseen muotoonsa.\" \/>\n<meta property=\"og:description\" content=\"Irtokirjaimet on rakennettu jokainen kirjain erikseen logon mukaiseen muotoonsa. Kirjaimet on kiinnitetty yksitt\u00e4in taustakiskoihin.\" \/>\n<meta property=\"og:url\" content=\"https:\/\/www.jaadisain.ee\/fi\/ulkomainokset\/irtokirjainvalomainokset\/eteenpain-valaisevat-irtokirjainvalomainokset\/irtokirjaimet\/\" \/>\n<meta property=\"og:site_name\" content=\"JAA Disain\" \/>\n<meta property=\"article:publisher\" content=\"https:\/\/www.facebook.com\/JAA-Disain-156295277734632\/timeline\" \/>\n<meta property=\"article:modified_time\" content=\"2017-09-13T07:18:27+00:00\" \/>\n<meta property=\"og:image\" content=\"https:\/\/www.jaadisain.ee\/wp-content\/uploads\/2017\/06\/valgustatud-logo.jpg\" \/>\n\t<meta property=\"og:image:width\" content=\"2048\" \/>\n\t<meta property=\"og:image:height\" content=\"1365\" \/>\n\t<meta property=\"og:image:type\" content=\"image\/jpeg\" \/>\n<meta name=\"twitter:card\" content=\"summary_large_image\" \/>\n<script type=\"application\/ld+json\" class=\"yoast-schema-graph\">{\"@context\":\"https:\\\/\\\/schema.org\",\"@graph\":[{\"@type\":\"WebPage\",\"@id\":\"https:\\\/\\\/www.jaadisain.ee\\\/fi\\\/ulkomainokset\\\/irtokirjainvalomainokset\\\/eteenpain-valaisevat-irtokirjainvalomainokset\\\/irtokirjaimet\\\/\",\"url\":\"https:\\\/\\\/www.jaadisain.ee\\\/fi\\\/ulkomainokset\\\/irtokirjainvalomainokset\\\/eteenpain-valaisevat-irtokirjainvalomainokset\\\/irtokirjaimet\\\/\",\"name\":\"Irtokirjaimet on rakennettu logon mukaiseen muotoonsa.\",\"isPartOf\":{\"@id\":\"https:\\\/\\\/www.jaadisain.ee\\\/#website\"},\"primaryImageOfPage\":{\"@id\":\"https:\\\/\\\/www.jaadisain.ee\\\/fi\\\/ulkomainokset\\\/irtokirjainvalomainokset\\\/eteenpain-valaisevat-irtokirjainvalomainokset\\\/irtokirjaimet\\\/#primaryimage\"},\"image\":{\"@id\":\"https:\\\/\\\/www.jaadisain.ee\\\/fi\\\/ulkomainokset\\\/irtokirjainvalomainokset\\\/eteenpain-valaisevat-irtokirjainvalomainokset\\\/irtokirjaimet\\\/#primaryimage\"},\"thumbnailUrl\":\"https:\\\/\\\/www.jaadisain.ee\\\/wp-content\\\/uploads\\\/2017\\\/06\\\/valgustatud-logo.jpg\",\"datePublished\":\"2017-06-05T08:48:55+00:00\",\"dateModified\":\"2017-09-13T07:18:27+00:00\",\"description\":\"Irtokirjaimet on rakennettu jokainen kirjain erikseen logon mukaiseen muotoonsa. Kirjaimet on kiinnitetty yksitt\u00e4in taustakiskoihin.\",\"breadcrumb\":{\"@id\":\"https:\\\/\\\/www.jaadisain.ee\\\/fi\\\/ulkomainokset\\\/irtokirjainvalomainokset\\\/eteenpain-valaisevat-irtokirjainvalomainokset\\\/irtokirjaimet\\\/#breadcrumb\"},\"inLanguage\":\"fi\",\"potentialAction\":[{\"@type\":\"ReadAction\",\"target\":[\"https:\\\/\\\/www.jaadisain.ee\\\/fi\\\/ulkomainokset\\\/irtokirjainvalomainokset\\\/eteenpain-valaisevat-irtokirjainvalomainokset\\\/irtokirjaimet\\\/\"]}]},{\"@type\":\"ImageObject\",\"inLanguage\":\"fi\",\"@id\":\"https:\\\/\\\/www.jaadisain.ee\\\/fi\\\/ulkomainokset\\\/irtokirjainvalomainokset\\\/eteenpain-valaisevat-irtokirjainvalomainokset\\\/irtokirjaimet\\\/#primaryimage\",\"url\":\"https:\\\/\\\/www.jaadisain.ee\\\/wp-content\\\/uploads\\\/2017\\\/06\\\/valgustatud-logo.jpg\",\"contentUrl\":\"https:\\\/\\\/www.jaadisain.ee\\\/wp-content\\\/uploads\\\/2017\\\/06\\\/valgustatud-logo.jpg\",\"width\":2048,\"height\":1365},{\"@type\":\"BreadcrumbList\",\"@id\":\"https:\\\/\\\/www.jaadisain.ee\\\/fi\\\/ulkomainokset\\\/irtokirjainvalomainokset\\\/eteenpain-valaisevat-irtokirjainvalomainokset\\\/irtokirjaimet\\\/#breadcrumb\",\"itemListElement\":[{\"@type\":\"ListItem\",\"position\":1,\"name\":\"Home\",\"item\":\"https:\\\/\\\/www.jaadisain.ee\\\/fi\\\/\"},{\"@type\":\"ListItem\",\"position\":2,\"name\":\"Tuotteet\",\"item\":\"https:\\\/\\\/www.jaadisain.ee\\\/fi\\\/ulkomainokset\\\/\"},{\"@type\":\"ListItem\",\"position\":3,\"name\":\"Irtokirjainvalomainokset\",\"item\":\"https:\\\/\\\/www.jaadisain.ee\\\/fi\\\/ulkomainokset\\\/irtokirjainvalomainokset\\\/\"},{\"@type\":\"ListItem\",\"position\":4,\"name\":\"Eteenp\u00e4in valaisevat irtokirjainvalomainokset\",\"item\":\"https:\\\/\\\/www.jaadisain.ee\\\/fi\\\/ulkomainokset\\\/irtokirjainvalomainokset\\\/eteenpain-valaisevat-irtokirjainvalomainokset\\\/\"},{\"@type\":\"ListItem\",\"position\":5,\"name\":\"Irtokirjaimet Startax\"}]},{\"@type\":\"WebSite\",\"@id\":\"https:\\\/\\\/www.jaadisain.ee\\\/#website\",\"url\":\"https:\\\/\\\/www.jaadisain.ee\\\/\",\"name\":\"JAA Disain\",\"description\":\"Valgusreklaamide tootja aastast 1993\",\"publisher\":{\"@id\":\"https:\\\/\\\/www.jaadisain.ee\\\/#organization\"},\"potentialAction\":[{\"@type\":\"SearchAction\",\"target\":{\"@type\":\"EntryPoint\",\"urlTemplate\":\"https:\\\/\\\/www.jaadisain.ee\\\/?s={search_term_string}\"},\"query-input\":{\"@type\":\"PropertyValueSpecification\",\"valueRequired\":true,\"valueName\":\"search_term_string\"}}],\"inLanguage\":\"fi\"},{\"@type\":\"Organization\",\"@id\":\"https:\\\/\\\/www.jaadisain.ee\\\/#organization\",\"name\":\"JAA Disain\",\"url\":\"https:\\\/\\\/www.jaadisain.ee\\\/\",\"logo\":{\"@type\":\"ImageObject\",\"inLanguage\":\"fi\",\"@id\":\"https:\\\/\\\/www.jaadisain.ee\\\/#\\\/schema\\\/logo\\\/image\\\/\",\"url\":\"https:\\\/\\\/www.jaadisain.ee\\\/wp-content\\\/uploads\\\/2016\\\/02\\\/JAA-Disain-logo.jpg\",\"contentUrl\":\"https:\\\/\\\/www.jaadisain.ee\\\/wp-content\\\/uploads\\\/2016\\\/02\\\/JAA-Disain-logo.jpg\",\"width\":443,\"height\":259,\"caption\":\"JAA Disain\"},\"image\":{\"@id\":\"https:\\\/\\\/www.jaadisain.ee\\\/#\\\/schema\\\/logo\\\/image\\\/\"},\"sameAs\":[\"https:\\\/\\\/www.facebook.com\\\/JAA-Disain-156295277734632\\\/timeline\"]}]}<\/script>\n<!-- \/ Yoast SEO plugin. -->","yoast_head_json":{"title":"Irtokirjaimet on rakennettu logon mukaiseen muotoonsa.","description":"Irtokirjaimet on rakennettu jokainen kirjain erikseen logon mukaiseen muotoonsa. Kirjaimet on kiinnitetty yksitt\u00e4in taustakiskoihin.","robots":{"index":"index","follow":"follow","max-snippet":"max-snippet:-1","max-image-preview":"max-image-preview:large","max-video-preview":"max-video-preview:-1"},"canonical":"https:\/\/www.jaadisain.ee\/fi\/ulkomainokset\/irtokirjainvalomainokset\/eteenpain-valaisevat-irtokirjainvalomainokset\/irtokirjaimet\/","og_locale":"fi_FI","og_type":"article","og_title":"Irtokirjaimet on rakennettu logon mukaiseen muotoonsa.","og_description":"Irtokirjaimet on rakennettu jokainen kirjain erikseen logon mukaiseen muotoonsa. Kirjaimet on kiinnitetty yksitt\u00e4in taustakiskoihin.","og_url":"https:\/\/www.jaadisain.ee\/fi\/ulkomainokset\/irtokirjainvalomainokset\/eteenpain-valaisevat-irtokirjainvalomainokset\/irtokirjaimet\/","og_site_name":"JAA Disain","article_publisher":"https:\/\/www.facebook.com\/JAA-Disain-156295277734632\/timeline","article_modified_time":"2017-09-13T07:18:27+00:00","og_image":[{"width":2048,"height":1365,"url":"https:\/\/www.jaadisain.ee\/wp-content\/uploads\/2017\/06\/valgustatud-logo.jpg","type":"image\/jpeg"}],"twitter_card":"summary_large_image","schema":{"@context":"https:\/\/schema.org","@graph":[{"@type":"WebPage","@id":"https:\/\/www.jaadisain.ee\/fi\/ulkomainokset\/irtokirjainvalomainokset\/eteenpain-valaisevat-irtokirjainvalomainokset\/irtokirjaimet\/","url":"https:\/\/www.jaadisain.ee\/fi\/ulkomainokset\/irtokirjainvalomainokset\/eteenpain-valaisevat-irtokirjainvalomainokset\/irtokirjaimet\/","name":"Irtokirjaimet on rakennettu logon mukaiseen muotoonsa.","isPartOf":{"@id":"https:\/\/www.jaadisain.ee\/#website"},"primaryImageOfPage":{"@id":"https:\/\/www.jaadisain.ee\/fi\/ulkomainokset\/irtokirjainvalomainokset\/eteenpain-valaisevat-irtokirjainvalomainokset\/irtokirjaimet\/#primaryimage"},"image":{"@id":"https:\/\/www.jaadisain.ee\/fi\/ulkomainokset\/irtokirjainvalomainokset\/eteenpain-valaisevat-irtokirjainvalomainokset\/irtokirjaimet\/#primaryimage"},"thumbnailUrl":"https:\/\/www.jaadisain.ee\/wp-content\/uploads\/2017\/06\/valgustatud-logo.jpg","datePublished":"2017-06-05T08:48:55+00:00","dateModified":"2017-09-13T07:18:27+00:00","description":"Irtokirjaimet on rakennettu jokainen kirjain erikseen logon mukaiseen muotoonsa. Kirjaimet on kiinnitetty yksitt\u00e4in taustakiskoihin.","breadcrumb":{"@id":"https:\/\/www.jaadisain.ee\/fi\/ulkomainokset\/irtokirjainvalomainokset\/eteenpain-valaisevat-irtokirjainvalomainokset\/irtokirjaimet\/#breadcrumb"},"inLanguage":"fi","potentialAction":[{"@type":"ReadAction","target":["https:\/\/www.jaadisain.ee\/fi\/ulkomainokset\/irtokirjainvalomainokset\/eteenpain-valaisevat-irtokirjainvalomainokset\/irtokirjaimet\/"]}]},{"@type":"ImageObject","inLanguage":"fi","@id":"https:\/\/www.jaadisain.ee\/fi\/ulkomainokset\/irtokirjainvalomainokset\/eteenpain-valaisevat-irtokirjainvalomainokset\/irtokirjaimet\/#primaryimage","url":"https:\/\/www.jaadisain.ee\/wp-content\/uploads\/2017\/06\/valgustatud-logo.jpg","contentUrl":"https:\/\/www.jaadisain.ee\/wp-content\/uploads\/2017\/06\/valgustatud-logo.jpg","width":2048,"height":1365},{"@type":"BreadcrumbList","@id":"https:\/\/www.jaadisain.ee\/fi\/ulkomainokset\/irtokirjainvalomainokset\/eteenpain-valaisevat-irtokirjainvalomainokset\/irtokirjaimet\/#breadcrumb","itemListElement":[{"@type":"ListItem","position":1,"name":"Home","item":"https:\/\/www.jaadisain.ee\/fi\/"},{"@type":"ListItem","position":2,"name":"Tuotteet","item":"https:\/\/www.jaadisain.ee\/fi\/ulkomainokset\/"},{"@type":"ListItem","position":3,"name":"Irtokirjainvalomainokset","item":"https:\/\/www.jaadisain.ee\/fi\/ulkomainokset\/irtokirjainvalomainokset\/"},{"@type":"ListItem","position":4,"name":"Eteenp\u00e4in valaisevat irtokirjainvalomainokset","item":"https:\/\/www.jaadisain.ee\/fi\/ulkomainokset\/irtokirjainvalomainokset\/eteenpain-valaisevat-irtokirjainvalomainokset\/"},{"@type":"ListItem","position":5,"name":"Irtokirjaimet Startax"}]},{"@type":"WebSite","@id":"https:\/\/www.jaadisain.ee\/#website","url":"https:\/\/www.jaadisain.ee\/","name":"JAA Disain","description":"Valgusreklaamide tootja aastast 1993","publisher":{"@id":"https:\/\/www.jaadisain.ee\/#organization"},"potentialAction":[{"@type":"SearchAction","target":{"@type":"EntryPoint","urlTemplate":"https:\/\/www.jaadisain.ee\/?s={search_term_string}"},"query-input":{"@type":"PropertyValueSpecification","valueRequired":true,"valueName":"search_term_string"}}],"inLanguage":"fi"},{"@type":"Organization","@id":"https:\/\/www.jaadisain.ee\/#organization","name":"JAA Disain","url":"https:\/\/www.jaadisain.ee\/","logo":{"@type":"ImageObject","inLanguage":"fi","@id":"https:\/\/www.jaadisain.ee\/#\/schema\/logo\/image\/","url":"https:\/\/www.jaadisain.ee\/wp-content\/uploads\/2016\/02\/JAA-Disain-logo.jpg","contentUrl":"https:\/\/www.jaadisain.ee\/wp-content\/uploads\/2016\/02\/JAA-Disain-logo.jpg","width":443,"height":259,"caption":"JAA Disain"},"image":{"@id":"https:\/\/www.jaadisain.ee\/#\/schema\/logo\/image\/"},"sameAs":["https:\/\/www.facebook.com\/JAA-Disain-156295277734632\/timeline"]}]}},"_links":{"self":[{"href":"https:\/\/www.jaadisain.ee\/fi\/wp-json\/wp\/v2\/pages\/9977","targetHints":{"allow":["GET"]}}],"collection":[{"href":"https:\/\/www.jaadisain.ee\/fi\/wp-json\/wp\/v2\/pages"}],"about":[{"href":"https:\/\/www.jaadisain.ee\/fi\/wp-json\/wp\/v2\/types\/page"}],"author":[{"embeddable":true,"href":"https:\/\/www.jaadisain.ee\/fi\/wp-json\/wp\/v2\/users\/2"}],"replies":[{"embeddable":true,"href":"https:\/\/www.jaadisain.ee\/fi\/wp-json\/wp\/v2\/comments?post=9977"}],"version-history":[{"count":1,"href":"https:\/\/www.jaadisain.ee\/fi\/wp-json\/wp\/v2\/pages\/9977\/revisions"}],"predecessor-version":[{"id":9981,"href":"https:\/\/www.jaadisain.ee\/fi\/wp-json\/wp\/v2\/pages\/9977\/revisions\/9981"}],"up":[{"embeddable":true,"href":"https:\/\/www.jaadisain.ee\/fi\/wp-json\/wp\/v2\/pages\/9114"}],"wp:featuredmedia":[{"embeddable":true,"href":"https:\/\/www.jaadisain.ee\/fi\/wp-json\/wp\/v2\/media\/9935"}],"wp:attachment":[{"href":"https:\/\/www.jaadisain.ee\/fi\/wp-json\/wp\/v2\/media?parent=9977"}],"curies":[{"name":"wp","href":"https:\/\/api.w.org\/{rel}","templated":true}]}}