{"id":9959,"date":"2017-05-29T10:04:19","date_gmt":"2017-05-29T08:04:19","guid":{"rendered":"http:\/\/www.jaadisain.ee\/ulkomainokset\/mainostaulut-ja-mainosbanderollit\/mainoskilvet\/mainostauluja-seinissa\/silt\/"},"modified":"2017-09-05T09:36:03","modified_gmt":"2017-09-05T07:36:03","slug":"akryylilevy-seinalla","status":"publish","type":"page","link":"https:\/\/www.jaadisain.ee\/fi\/ulkomainokset\/mainostaulut-ja-mainosbanderollit\/mainoskilvet\/mainostauluja-seinissa\/akryylilevy-seinalla\/","title":{"rendered":"Akryylilevy sein\u00e4ll\u00e4"},"content":{"rendered":"<h2><span id=\"result_box\" class=\"short_text\" lang=\"fi\"><span class=\"\">Akryylilevy sein\u00e4ll\u00e4<\/span><\/span><\/h2>\n<p>Osoite: <a href=\"http:\/\/www.erilinemaailm.ee\/\">Eriline Maailm<\/a>, Pae tn. 19, Tallinn<\/p>\n<p>&nbsp;<\/p>\n","protected":false},"excerpt":{"rendered":"<p>Akryylilevy sein\u00e4ll\u00e4 Osoite: Eriline Maailm, Pae tn. 19, Tallinn &nbsp;<\/p>\n","protected":false},"author":2,"featured_media":9906,"parent":9061,"menu_order":0,"comment_status":"closed","ping_status":"closed","template":"","meta":{"_acf_changed":false,"footnotes":""},"class_list":["post-9959","page","type-page","status-publish","has-post-thumbnail","hentry"],"acf":[],"yoast_head":"<!-- This site is optimized with the Yoast SEO plugin v27.3 - https:\/\/yoast.com\/product\/yoast-seo-wordpress\/ -->\n<title>Akryylilevy sein\u00e4ll\u00e4 - JAA Disain<\/title>\n<meta name=\"description\" content=\"Akryylilevy sein\u00e4ll\u00e4 - JAA Disain\" \/>\n<meta name=\"robots\" content=\"index, follow, max-snippet:-1, max-image-preview:large, max-video-preview:-1\" \/>\n<link rel=\"canonical\" href=\"https:\/\/www.jaadisain.ee\/fi\/ulkomainokset\/mainostaulut-ja-mainosbanderollit\/mainoskilvet\/mainostauluja-seinissa\/akryylilevy-seinalla\/\" \/>\n<meta property=\"og:locale\" content=\"fi_FI\" \/>\n<meta property=\"og:type\" content=\"article\" \/>\n<meta property=\"og:title\" content=\"Akryylilevy sein\u00e4ll\u00e4 - JAA Disain\" \/>\n<meta property=\"og:description\" content=\"Akryylilevy sein\u00e4ll\u00e4 - JAA Disain\" \/>\n<meta property=\"og:url\" content=\"https:\/\/www.jaadisain.ee\/fi\/ulkomainokset\/mainostaulut-ja-mainosbanderollit\/mainoskilvet\/mainostauluja-seinissa\/akryylilevy-seinalla\/\" \/>\n<meta property=\"og:site_name\" content=\"JAA Disain\" \/>\n<meta property=\"article:publisher\" content=\"https:\/\/www.facebook.com\/JAA-Disain-156295277734632\/timeline\" \/>\n<meta property=\"article:modified_time\" content=\"2017-09-05T07:36:03+00:00\" \/>\n<meta property=\"og:image\" content=\"https:\/\/www.jaadisain.ee\/wp-content\/uploads\/2017\/05\/silt.jpg\" \/>\n\t<meta property=\"og:image:width\" content=\"750\" \/>\n\t<meta property=\"og:image:height\" content=\"566\" \/>\n\t<meta property=\"og:image:type\" content=\"image\/jpeg\" \/>\n<meta name=\"twitter:card\" content=\"summary_large_image\" \/>\n<script type=\"application\/ld+json\" class=\"yoast-schema-graph\">{\"@context\":\"https:\\\/\\\/schema.org\",\"@graph\":[{\"@type\":\"WebPage\",\"@id\":\"https:\\\/\\\/www.jaadisain.ee\\\/fi\\\/ulkomainokset\\\/mainostaulut-ja-mainosbanderollit\\\/mainoskilvet\\\/mainostauluja-seinissa\\\/akryylilevy-seinalla\\\/\",\"url\":\"https:\\\/\\\/www.jaadisain.ee\\\/fi\\\/ulkomainokset\\\/mainostaulut-ja-mainosbanderollit\\\/mainoskilvet\\\/mainostauluja-seinissa\\\/akryylilevy-seinalla\\\/\",\"name\":\"Akryylilevy sein\u00e4ll\u00e4 - JAA Disain\",\"isPartOf\":{\"@id\":\"https:\\\/\\\/www.jaadisain.ee\\\/#website\"},\"primaryImageOfPage\":{\"@id\":\"https:\\\/\\\/www.jaadisain.ee\\\/fi\\\/ulkomainokset\\\/mainostaulut-ja-mainosbanderollit\\\/mainoskilvet\\\/mainostauluja-seinissa\\\/akryylilevy-seinalla\\\/#primaryimage\"},\"image\":{\"@id\":\"https:\\\/\\\/www.jaadisain.ee\\\/fi\\\/ulkomainokset\\\/mainostaulut-ja-mainosbanderollit\\\/mainoskilvet\\\/mainostauluja-seinissa\\\/akryylilevy-seinalla\\\/#primaryimage\"},\"thumbnailUrl\":\"https:\\\/\\\/www.jaadisain.ee\\\/wp-content\\\/uploads\\\/2017\\\/05\\\/silt.jpg\",\"datePublished\":\"2017-05-29T08:04:19+00:00\",\"dateModified\":\"2017-09-05T07:36:03+00:00\",\"description\":\"Akryylilevy sein\u00e4ll\u00e4 - JAA Disain\",\"breadcrumb\":{\"@id\":\"https:\\\/\\\/www.jaadisain.ee\\\/fi\\\/ulkomainokset\\\/mainostaulut-ja-mainosbanderollit\\\/mainoskilvet\\\/mainostauluja-seinissa\\\/akryylilevy-seinalla\\\/#breadcrumb\"},\"inLanguage\":\"fi\",\"potentialAction\":[{\"@type\":\"ReadAction\",\"target\":[\"https:\\\/\\\/www.jaadisain.ee\\\/fi\\\/ulkomainokset\\\/mainostaulut-ja-mainosbanderollit\\\/mainoskilvet\\\/mainostauluja-seinissa\\\/akryylilevy-seinalla\\\/\"]}]},{\"@type\":\"ImageObject\",\"inLanguage\":\"fi\",\"@id\":\"https:\\\/\\\/www.jaadisain.ee\\\/fi\\\/ulkomainokset\\\/mainostaulut-ja-mainosbanderollit\\\/mainoskilvet\\\/mainostauluja-seinissa\\\/akryylilevy-seinalla\\\/#primaryimage\",\"url\":\"https:\\\/\\\/www.jaadisain.ee\\\/wp-content\\\/uploads\\\/2017\\\/05\\\/silt.jpg\",\"contentUrl\":\"https:\\\/\\\/www.jaadisain.ee\\\/wp-content\\\/uploads\\\/2017\\\/05\\\/silt.jpg\",\"width\":\"750\",\"height\":\"566\"},{\"@type\":\"BreadcrumbList\",\"@id\":\"https:\\\/\\\/www.jaadisain.ee\\\/fi\\\/ulkomainokset\\\/mainostaulut-ja-mainosbanderollit\\\/mainoskilvet\\\/mainostauluja-seinissa\\\/akryylilevy-seinalla\\\/#breadcrumb\",\"itemListElement\":[{\"@type\":\"ListItem\",\"position\":1,\"name\":\"Home\",\"item\":\"https:\\\/\\\/www.jaadisain.ee\\\/fi\\\/\"},{\"@type\":\"ListItem\",\"position\":2,\"name\":\"Tuotteet\",\"item\":\"https:\\\/\\\/www.jaadisain.ee\\\/fi\\\/ulkomainokset\\\/\"},{\"@type\":\"ListItem\",\"position\":3,\"name\":\"Mainostaulut ja mainosbanderollit\",\"item\":\"https:\\\/\\\/www.jaadisain.ee\\\/fi\\\/ulkomainokset\\\/mainostaulut-ja-mainosbanderollit\\\/\"},{\"@type\":\"ListItem\",\"position\":4,\"name\":\"Mainoskilvet\",\"item\":\"https:\\\/\\\/www.jaadisain.ee\\\/fi\\\/ulkomainokset\\\/mainostaulut-ja-mainosbanderollit\\\/mainoskilvet\\\/\"},{\"@type\":\"ListItem\",\"position\":5,\"name\":\"Mainostauluja seiniss\u00e4\",\"item\":\"https:\\\/\\\/www.jaadisain.ee\\\/fi\\\/ulkomainokset\\\/mainostaulut-ja-mainosbanderollit\\\/mainoskilvet\\\/mainostauluja-seinissa\\\/\"},{\"@type\":\"ListItem\",\"position\":6,\"name\":\"Akryylilevy sein\u00e4ll\u00e4\"}]},{\"@type\":\"WebSite\",\"@id\":\"https:\\\/\\\/www.jaadisain.ee\\\/#website\",\"url\":\"https:\\\/\\\/www.jaadisain.ee\\\/\",\"name\":\"JAA Disain\",\"description\":\"Valgusreklaamide tootja aastast 1993\",\"publisher\":{\"@id\":\"https:\\\/\\\/www.jaadisain.ee\\\/#organization\"},\"potentialAction\":[{\"@type\":\"SearchAction\",\"target\":{\"@type\":\"EntryPoint\",\"urlTemplate\":\"https:\\\/\\\/www.jaadisain.ee\\\/?s={search_term_string}\"},\"query-input\":{\"@type\":\"PropertyValueSpecification\",\"valueRequired\":true,\"valueName\":\"search_term_string\"}}],\"inLanguage\":\"fi\"},{\"@type\":\"Organization\",\"@id\":\"https:\\\/\\\/www.jaadisain.ee\\\/#organization\",\"name\":\"JAA Disain\",\"url\":\"https:\\\/\\\/www.jaadisain.ee\\\/\",\"logo\":{\"@type\":\"ImageObject\",\"inLanguage\":\"fi\",\"@id\":\"https:\\\/\\\/www.jaadisain.ee\\\/#\\\/schema\\\/logo\\\/image\\\/\",\"url\":\"https:\\\/\\\/www.jaadisain.ee\\\/wp-content\\\/uploads\\\/2016\\\/02\\\/JAA-Disain-logo.jpg\",\"contentUrl\":\"https:\\\/\\\/www.jaadisain.ee\\\/wp-content\\\/uploads\\\/2016\\\/02\\\/JAA-Disain-logo.jpg\",\"width\":443,\"height\":259,\"caption\":\"JAA Disain\"},\"image\":{\"@id\":\"https:\\\/\\\/www.jaadisain.ee\\\/#\\\/schema\\\/logo\\\/image\\\/\"},\"sameAs\":[\"https:\\\/\\\/www.facebook.com\\\/JAA-Disain-156295277734632\\\/timeline\"]}]}<\/script>\n<!-- \/ Yoast SEO plugin. -->","yoast_head_json":{"title":"Akryylilevy sein\u00e4ll\u00e4 - JAA Disain","description":"Akryylilevy sein\u00e4ll\u00e4 - JAA Disain","robots":{"index":"index","follow":"follow","max-snippet":"max-snippet:-1","max-image-preview":"max-image-preview:large","max-video-preview":"max-video-preview:-1"},"canonical":"https:\/\/www.jaadisain.ee\/fi\/ulkomainokset\/mainostaulut-ja-mainosbanderollit\/mainoskilvet\/mainostauluja-seinissa\/akryylilevy-seinalla\/","og_locale":"fi_FI","og_type":"article","og_title":"Akryylilevy sein\u00e4ll\u00e4 - JAA Disain","og_description":"Akryylilevy sein\u00e4ll\u00e4 - JAA Disain","og_url":"https:\/\/www.jaadisain.ee\/fi\/ulkomainokset\/mainostaulut-ja-mainosbanderollit\/mainoskilvet\/mainostauluja-seinissa\/akryylilevy-seinalla\/","og_site_name":"JAA Disain","article_publisher":"https:\/\/www.facebook.com\/JAA-Disain-156295277734632\/timeline","article_modified_time":"2017-09-05T07:36:03+00:00","og_image":[{"width":750,"height":566,"url":"https:\/\/www.jaadisain.ee\/wp-content\/uploads\/2017\/05\/silt.jpg","type":"image\/jpeg"}],"twitter_card":"summary_large_image","schema":{"@context":"https:\/\/schema.org","@graph":[{"@type":"WebPage","@id":"https:\/\/www.jaadisain.ee\/fi\/ulkomainokset\/mainostaulut-ja-mainosbanderollit\/mainoskilvet\/mainostauluja-seinissa\/akryylilevy-seinalla\/","url":"https:\/\/www.jaadisain.ee\/fi\/ulkomainokset\/mainostaulut-ja-mainosbanderollit\/mainoskilvet\/mainostauluja-seinissa\/akryylilevy-seinalla\/","name":"Akryylilevy sein\u00e4ll\u00e4 - JAA Disain","isPartOf":{"@id":"https:\/\/www.jaadisain.ee\/#website"},"primaryImageOfPage":{"@id":"https:\/\/www.jaadisain.ee\/fi\/ulkomainokset\/mainostaulut-ja-mainosbanderollit\/mainoskilvet\/mainostauluja-seinissa\/akryylilevy-seinalla\/#primaryimage"},"image":{"@id":"https:\/\/www.jaadisain.ee\/fi\/ulkomainokset\/mainostaulut-ja-mainosbanderollit\/mainoskilvet\/mainostauluja-seinissa\/akryylilevy-seinalla\/#primaryimage"},"thumbnailUrl":"https:\/\/www.jaadisain.ee\/wp-content\/uploads\/2017\/05\/silt.jpg","datePublished":"2017-05-29T08:04:19+00:00","dateModified":"2017-09-05T07:36:03+00:00","description":"Akryylilevy sein\u00e4ll\u00e4 - JAA Disain","breadcrumb":{"@id":"https:\/\/www.jaadisain.ee\/fi\/ulkomainokset\/mainostaulut-ja-mainosbanderollit\/mainoskilvet\/mainostauluja-seinissa\/akryylilevy-seinalla\/#breadcrumb"},"inLanguage":"fi","potentialAction":[{"@type":"ReadAction","target":["https:\/\/www.jaadisain.ee\/fi\/ulkomainokset\/mainostaulut-ja-mainosbanderollit\/mainoskilvet\/mainostauluja-seinissa\/akryylilevy-seinalla\/"]}]},{"@type":"ImageObject","inLanguage":"fi","@id":"https:\/\/www.jaadisain.ee\/fi\/ulkomainokset\/mainostaulut-ja-mainosbanderollit\/mainoskilvet\/mainostauluja-seinissa\/akryylilevy-seinalla\/#primaryimage","url":"https:\/\/www.jaadisain.ee\/wp-content\/uploads\/2017\/05\/silt.jpg","contentUrl":"https:\/\/www.jaadisain.ee\/wp-content\/uploads\/2017\/05\/silt.jpg","width":"750","height":"566"},{"@type":"BreadcrumbList","@id":"https:\/\/www.jaadisain.ee\/fi\/ulkomainokset\/mainostaulut-ja-mainosbanderollit\/mainoskilvet\/mainostauluja-seinissa\/akryylilevy-seinalla\/#breadcrumb","itemListElement":[{"@type":"ListItem","position":1,"name":"Home","item":"https:\/\/www.jaadisain.ee\/fi\/"},{"@type":"ListItem","position":2,"name":"Tuotteet","item":"https:\/\/www.jaadisain.ee\/fi\/ulkomainokset\/"},{"@type":"ListItem","position":3,"name":"Mainostaulut ja mainosbanderollit","item":"https:\/\/www.jaadisain.ee\/fi\/ulkomainokset\/mainostaulut-ja-mainosbanderollit\/"},{"@type":"ListItem","position":4,"name":"Mainoskilvet","item":"https:\/\/www.jaadisain.ee\/fi\/ulkomainokset\/mainostaulut-ja-mainosbanderollit\/mainoskilvet\/"},{"@type":"ListItem","position":5,"name":"Mainostauluja seiniss\u00e4","item":"https:\/\/www.jaadisain.ee\/fi\/ulkomainokset\/mainostaulut-ja-mainosbanderollit\/mainoskilvet\/mainostauluja-seinissa\/"},{"@type":"ListItem","position":6,"name":"Akryylilevy sein\u00e4ll\u00e4"}]},{"@type":"WebSite","@id":"https:\/\/www.jaadisain.ee\/#website","url":"https:\/\/www.jaadisain.ee\/","name":"JAA Disain","description":"Valgusreklaamide tootja aastast 1993","publisher":{"@id":"https:\/\/www.jaadisain.ee\/#organization"},"potentialAction":[{"@type":"SearchAction","target":{"@type":"EntryPoint","urlTemplate":"https:\/\/www.jaadisain.ee\/?s={search_term_string}"},"query-input":{"@type":"PropertyValueSpecification","valueRequired":true,"valueName":"search_term_string"}}],"inLanguage":"fi"},{"@type":"Organization","@id":"https:\/\/www.jaadisain.ee\/#organization","name":"JAA Disain","url":"https:\/\/www.jaadisain.ee\/","logo":{"@type":"ImageObject","inLanguage":"fi","@id":"https:\/\/www.jaadisain.ee\/#\/schema\/logo\/image\/","url":"https:\/\/www.jaadisain.ee\/wp-content\/uploads\/2016\/02\/JAA-Disain-logo.jpg","contentUrl":"https:\/\/www.jaadisain.ee\/wp-content\/uploads\/2016\/02\/JAA-Disain-logo.jpg","width":443,"height":259,"caption":"JAA Disain"},"image":{"@id":"https:\/\/www.jaadisain.ee\/#\/schema\/logo\/image\/"},"sameAs":["https:\/\/www.facebook.com\/JAA-Disain-156295277734632\/timeline"]}]}},"_links":{"self":[{"href":"https:\/\/www.jaadisain.ee\/fi\/wp-json\/wp\/v2\/pages\/9959","targetHints":{"allow":["GET"]}}],"collection":[{"href":"https:\/\/www.jaadisain.ee\/fi\/wp-json\/wp\/v2\/pages"}],"about":[{"href":"https:\/\/www.jaadisain.ee\/fi\/wp-json\/wp\/v2\/types\/page"}],"author":[{"embeddable":true,"href":"https:\/\/www.jaadisain.ee\/fi\/wp-json\/wp\/v2\/users\/2"}],"replies":[{"embeddable":true,"href":"https:\/\/www.jaadisain.ee\/fi\/wp-json\/wp\/v2\/comments?post=9959"}],"version-history":[{"count":1,"href":"https:\/\/www.jaadisain.ee\/fi\/wp-json\/wp\/v2\/pages\/9959\/revisions"}],"predecessor-version":[{"id":9962,"href":"https:\/\/www.jaadisain.ee\/fi\/wp-json\/wp\/v2\/pages\/9959\/revisions\/9962"}],"up":[{"embeddable":true,"href":"https:\/\/www.jaadisain.ee\/fi\/wp-json\/wp\/v2\/pages\/9061"}],"wp:featuredmedia":[{"embeddable":true,"href":"https:\/\/www.jaadisain.ee\/fi\/wp-json\/wp\/v2\/media\/9906"}],"wp:attachment":[{"href":"https:\/\/www.jaadisain.ee\/fi\/wp-json\/wp\/v2\/media?parent=9959"}],"curies":[{"name":"wp","href":"https:\/\/api.w.org\/{rel}","templated":true}]}}