{"id":9920,"date":"2017-05-08T10:11:59","date_gmt":"2017-05-08T08:11:59","guid":{"rendered":"http:\/\/www.jaadisain.ee\/ulkomainokset\/neonvalomainokset\/pintaputkiset-irtokirjainvalomainokset\/neoontorudest-numbrid\/"},"modified":"2017-05-31T10:13:08","modified_gmt":"2017-05-31T08:13:08","slug":"neon-numerot","status":"publish","type":"page","link":"https:\/\/www.jaadisain.ee\/fi\/ulkomainokset\/neonvalomainokset\/pintaputkiset-irtokirjainvalomainokset\/neon-numerot\/","title":{"rendered":"Neon numerot Kraftwerk konsertissa"},"content":{"rendered":"<h2>Neon numerot Kraftwerk konsertissa Oslossa<\/h2>\n<p>Neon numerot Kraftwerk konsertissa Oslossa. <a href=\"https:\/\/vimeo.com\/147726656\" target=\"_blank\" rel=\"noopener noreferrer\">Videokuvan n\u00e4et t\u00e4st\u00e4!<\/a><\/p>\n","protected":false},"excerpt":{"rendered":"<p>Neon numerot Kraftwerk konsertissa Oslossa Neon numerot Kraftwerk konsertissa Oslossa. Videokuvan n\u00e4et t\u00e4st\u00e4!<\/p>\n","protected":false},"author":2,"featured_media":9878,"parent":9173,"menu_order":0,"comment_status":"closed","ping_status":"closed","template":"","meta":{"_acf_changed":false,"footnotes":""},"class_list":["post-9920","page","type-page","status-publish","has-post-thumbnail","hentry"],"acf":[],"yoast_head":"<!-- This site is optimized with the Yoast SEO plugin v27.3 - https:\/\/yoast.com\/product\/yoast-seo-wordpress\/ -->\n<title>Neon numerot Kraftwerk konsertissa Oslossa, Norjassa.<\/title>\n<meta name=\"description\" content=\"Neon numerot Kraftwerk konsertissa Oslossa, Norjassa. Numerot on valmistettu alumiinista ja pulverimaalatut. Valmistaja JAA Disain.\" \/>\n<meta name=\"robots\" content=\"index, follow, max-snippet:-1, max-image-preview:large, max-video-preview:-1\" \/>\n<link rel=\"canonical\" href=\"https:\/\/www.jaadisain.ee\/fi\/ulkomainokset\/neonvalomainokset\/pintaputkiset-irtokirjainvalomainokset\/neon-numerot\/\" \/>\n<meta property=\"og:locale\" content=\"fi_FI\" \/>\n<meta property=\"og:type\" content=\"article\" \/>\n<meta property=\"og:title\" content=\"Neon numerot Kraftwerk konsertissa Oslossa, Norjassa.\" \/>\n<meta property=\"og:description\" content=\"Neon numerot Kraftwerk konsertissa Oslossa, Norjassa. Numerot on valmistettu alumiinista ja pulverimaalatut. Valmistaja JAA Disain.\" \/>\n<meta property=\"og:url\" content=\"https:\/\/www.jaadisain.ee\/fi\/ulkomainokset\/neonvalomainokset\/pintaputkiset-irtokirjainvalomainokset\/neon-numerot\/\" \/>\n<meta property=\"og:site_name\" content=\"JAA Disain\" \/>\n<meta property=\"article:publisher\" content=\"https:\/\/www.facebook.com\/JAA-Disain-156295277734632\/timeline\" \/>\n<meta property=\"article:modified_time\" content=\"2017-05-31T08:13:08+00:00\" \/>\n<meta property=\"og:image\" content=\"https:\/\/www.jaadisain.ee\/wp-content\/uploads\/2017\/05\/neoontorudest-numbrid.jpg\" \/>\n\t<meta property=\"og:image:width\" content=\"1771\" \/>\n\t<meta property=\"og:image:height\" content=\"1181\" \/>\n\t<meta property=\"og:image:type\" content=\"image\/jpeg\" \/>\n<meta name=\"twitter:card\" content=\"summary_large_image\" \/>\n<script type=\"application\/ld+json\" class=\"yoast-schema-graph\">{\"@context\":\"https:\\\/\\\/schema.org\",\"@graph\":[{\"@type\":\"WebPage\",\"@id\":\"https:\\\/\\\/www.jaadisain.ee\\\/fi\\\/ulkomainokset\\\/neonvalomainokset\\\/pintaputkiset-irtokirjainvalomainokset\\\/neon-numerot\\\/\",\"url\":\"https:\\\/\\\/www.jaadisain.ee\\\/fi\\\/ulkomainokset\\\/neonvalomainokset\\\/pintaputkiset-irtokirjainvalomainokset\\\/neon-numerot\\\/\",\"name\":\"Neon numerot Kraftwerk konsertissa Oslossa, Norjassa.\",\"isPartOf\":{\"@id\":\"https:\\\/\\\/www.jaadisain.ee\\\/#website\"},\"primaryImageOfPage\":{\"@id\":\"https:\\\/\\\/www.jaadisain.ee\\\/fi\\\/ulkomainokset\\\/neonvalomainokset\\\/pintaputkiset-irtokirjainvalomainokset\\\/neon-numerot\\\/#primaryimage\"},\"image\":{\"@id\":\"https:\\\/\\\/www.jaadisain.ee\\\/fi\\\/ulkomainokset\\\/neonvalomainokset\\\/pintaputkiset-irtokirjainvalomainokset\\\/neon-numerot\\\/#primaryimage\"},\"thumbnailUrl\":\"https:\\\/\\\/www.jaadisain.ee\\\/wp-content\\\/uploads\\\/2017\\\/05\\\/neoontorudest-numbrid.jpg\",\"datePublished\":\"2017-05-08T08:11:59+00:00\",\"dateModified\":\"2017-05-31T08:13:08+00:00\",\"description\":\"Neon numerot Kraftwerk konsertissa Oslossa, Norjassa. Numerot on valmistettu alumiinista ja pulverimaalatut. Valmistaja JAA Disain.\",\"breadcrumb\":{\"@id\":\"https:\\\/\\\/www.jaadisain.ee\\\/fi\\\/ulkomainokset\\\/neonvalomainokset\\\/pintaputkiset-irtokirjainvalomainokset\\\/neon-numerot\\\/#breadcrumb\"},\"inLanguage\":\"fi\",\"potentialAction\":[{\"@type\":\"ReadAction\",\"target\":[\"https:\\\/\\\/www.jaadisain.ee\\\/fi\\\/ulkomainokset\\\/neonvalomainokset\\\/pintaputkiset-irtokirjainvalomainokset\\\/neon-numerot\\\/\"]}]},{\"@type\":\"ImageObject\",\"inLanguage\":\"fi\",\"@id\":\"https:\\\/\\\/www.jaadisain.ee\\\/fi\\\/ulkomainokset\\\/neonvalomainokset\\\/pintaputkiset-irtokirjainvalomainokset\\\/neon-numerot\\\/#primaryimage\",\"url\":\"https:\\\/\\\/www.jaadisain.ee\\\/wp-content\\\/uploads\\\/2017\\\/05\\\/neoontorudest-numbrid.jpg\",\"contentUrl\":\"https:\\\/\\\/www.jaadisain.ee\\\/wp-content\\\/uploads\\\/2017\\\/05\\\/neoontorudest-numbrid.jpg\",\"width\":\"1771\",\"height\":\"1181\"},{\"@type\":\"BreadcrumbList\",\"@id\":\"https:\\\/\\\/www.jaadisain.ee\\\/fi\\\/ulkomainokset\\\/neonvalomainokset\\\/pintaputkiset-irtokirjainvalomainokset\\\/neon-numerot\\\/#breadcrumb\",\"itemListElement\":[{\"@type\":\"ListItem\",\"position\":1,\"name\":\"Home\",\"item\":\"https:\\\/\\\/www.jaadisain.ee\\\/fi\\\/\"},{\"@type\":\"ListItem\",\"position\":2,\"name\":\"Tuotteet\",\"item\":\"https:\\\/\\\/www.jaadisain.ee\\\/fi\\\/ulkomainokset\\\/\"},{\"@type\":\"ListItem\",\"position\":3,\"name\":\"Neonvalomainokset\",\"item\":\"https:\\\/\\\/www.jaadisain.ee\\\/fi\\\/ulkomainokset\\\/neonvalomainokset\\\/\"},{\"@type\":\"ListItem\",\"position\":4,\"name\":\"Pintaputkiset irtokirjainvalomainokset\",\"item\":\"https:\\\/\\\/www.jaadisain.ee\\\/fi\\\/ulkomainokset\\\/neonvalomainokset\\\/pintaputkiset-irtokirjainvalomainokset\\\/\"},{\"@type\":\"ListItem\",\"position\":5,\"name\":\"Neon numerot Kraftwerk konsertissa\"}]},{\"@type\":\"WebSite\",\"@id\":\"https:\\\/\\\/www.jaadisain.ee\\\/#website\",\"url\":\"https:\\\/\\\/www.jaadisain.ee\\\/\",\"name\":\"JAA Disain\",\"description\":\"Valgusreklaamide tootja aastast 1993\",\"publisher\":{\"@id\":\"https:\\\/\\\/www.jaadisain.ee\\\/#organization\"},\"potentialAction\":[{\"@type\":\"SearchAction\",\"target\":{\"@type\":\"EntryPoint\",\"urlTemplate\":\"https:\\\/\\\/www.jaadisain.ee\\\/?s={search_term_string}\"},\"query-input\":{\"@type\":\"PropertyValueSpecification\",\"valueRequired\":true,\"valueName\":\"search_term_string\"}}],\"inLanguage\":\"fi\"},{\"@type\":\"Organization\",\"@id\":\"https:\\\/\\\/www.jaadisain.ee\\\/#organization\",\"name\":\"JAA Disain\",\"url\":\"https:\\\/\\\/www.jaadisain.ee\\\/\",\"logo\":{\"@type\":\"ImageObject\",\"inLanguage\":\"fi\",\"@id\":\"https:\\\/\\\/www.jaadisain.ee\\\/#\\\/schema\\\/logo\\\/image\\\/\",\"url\":\"https:\\\/\\\/www.jaadisain.ee\\\/wp-content\\\/uploads\\\/2016\\\/02\\\/JAA-Disain-logo.jpg\",\"contentUrl\":\"https:\\\/\\\/www.jaadisain.ee\\\/wp-content\\\/uploads\\\/2016\\\/02\\\/JAA-Disain-logo.jpg\",\"width\":443,\"height\":259,\"caption\":\"JAA Disain\"},\"image\":{\"@id\":\"https:\\\/\\\/www.jaadisain.ee\\\/#\\\/schema\\\/logo\\\/image\\\/\"},\"sameAs\":[\"https:\\\/\\\/www.facebook.com\\\/JAA-Disain-156295277734632\\\/timeline\"]}]}<\/script>\n<!-- \/ Yoast SEO plugin. -->","yoast_head_json":{"title":"Neon numerot Kraftwerk konsertissa Oslossa, Norjassa.","description":"Neon numerot Kraftwerk konsertissa Oslossa, Norjassa. Numerot on valmistettu alumiinista ja pulverimaalatut. Valmistaja JAA Disain.","robots":{"index":"index","follow":"follow","max-snippet":"max-snippet:-1","max-image-preview":"max-image-preview:large","max-video-preview":"max-video-preview:-1"},"canonical":"https:\/\/www.jaadisain.ee\/fi\/ulkomainokset\/neonvalomainokset\/pintaputkiset-irtokirjainvalomainokset\/neon-numerot\/","og_locale":"fi_FI","og_type":"article","og_title":"Neon numerot Kraftwerk konsertissa Oslossa, Norjassa.","og_description":"Neon numerot Kraftwerk konsertissa Oslossa, Norjassa. Numerot on valmistettu alumiinista ja pulverimaalatut. Valmistaja JAA Disain.","og_url":"https:\/\/www.jaadisain.ee\/fi\/ulkomainokset\/neonvalomainokset\/pintaputkiset-irtokirjainvalomainokset\/neon-numerot\/","og_site_name":"JAA Disain","article_publisher":"https:\/\/www.facebook.com\/JAA-Disain-156295277734632\/timeline","article_modified_time":"2017-05-31T08:13:08+00:00","og_image":[{"width":1771,"height":1181,"url":"https:\/\/www.jaadisain.ee\/wp-content\/uploads\/2017\/05\/neoontorudest-numbrid.jpg","type":"image\/jpeg"}],"twitter_card":"summary_large_image","schema":{"@context":"https:\/\/schema.org","@graph":[{"@type":"WebPage","@id":"https:\/\/www.jaadisain.ee\/fi\/ulkomainokset\/neonvalomainokset\/pintaputkiset-irtokirjainvalomainokset\/neon-numerot\/","url":"https:\/\/www.jaadisain.ee\/fi\/ulkomainokset\/neonvalomainokset\/pintaputkiset-irtokirjainvalomainokset\/neon-numerot\/","name":"Neon numerot Kraftwerk konsertissa Oslossa, Norjassa.","isPartOf":{"@id":"https:\/\/www.jaadisain.ee\/#website"},"primaryImageOfPage":{"@id":"https:\/\/www.jaadisain.ee\/fi\/ulkomainokset\/neonvalomainokset\/pintaputkiset-irtokirjainvalomainokset\/neon-numerot\/#primaryimage"},"image":{"@id":"https:\/\/www.jaadisain.ee\/fi\/ulkomainokset\/neonvalomainokset\/pintaputkiset-irtokirjainvalomainokset\/neon-numerot\/#primaryimage"},"thumbnailUrl":"https:\/\/www.jaadisain.ee\/wp-content\/uploads\/2017\/05\/neoontorudest-numbrid.jpg","datePublished":"2017-05-08T08:11:59+00:00","dateModified":"2017-05-31T08:13:08+00:00","description":"Neon numerot Kraftwerk konsertissa Oslossa, Norjassa. Numerot on valmistettu alumiinista ja pulverimaalatut. Valmistaja JAA Disain.","breadcrumb":{"@id":"https:\/\/www.jaadisain.ee\/fi\/ulkomainokset\/neonvalomainokset\/pintaputkiset-irtokirjainvalomainokset\/neon-numerot\/#breadcrumb"},"inLanguage":"fi","potentialAction":[{"@type":"ReadAction","target":["https:\/\/www.jaadisain.ee\/fi\/ulkomainokset\/neonvalomainokset\/pintaputkiset-irtokirjainvalomainokset\/neon-numerot\/"]}]},{"@type":"ImageObject","inLanguage":"fi","@id":"https:\/\/www.jaadisain.ee\/fi\/ulkomainokset\/neonvalomainokset\/pintaputkiset-irtokirjainvalomainokset\/neon-numerot\/#primaryimage","url":"https:\/\/www.jaadisain.ee\/wp-content\/uploads\/2017\/05\/neoontorudest-numbrid.jpg","contentUrl":"https:\/\/www.jaadisain.ee\/wp-content\/uploads\/2017\/05\/neoontorudest-numbrid.jpg","width":"1771","height":"1181"},{"@type":"BreadcrumbList","@id":"https:\/\/www.jaadisain.ee\/fi\/ulkomainokset\/neonvalomainokset\/pintaputkiset-irtokirjainvalomainokset\/neon-numerot\/#breadcrumb","itemListElement":[{"@type":"ListItem","position":1,"name":"Home","item":"https:\/\/www.jaadisain.ee\/fi\/"},{"@type":"ListItem","position":2,"name":"Tuotteet","item":"https:\/\/www.jaadisain.ee\/fi\/ulkomainokset\/"},{"@type":"ListItem","position":3,"name":"Neonvalomainokset","item":"https:\/\/www.jaadisain.ee\/fi\/ulkomainokset\/neonvalomainokset\/"},{"@type":"ListItem","position":4,"name":"Pintaputkiset irtokirjainvalomainokset","item":"https:\/\/www.jaadisain.ee\/fi\/ulkomainokset\/neonvalomainokset\/pintaputkiset-irtokirjainvalomainokset\/"},{"@type":"ListItem","position":5,"name":"Neon numerot Kraftwerk konsertissa"}]},{"@type":"WebSite","@id":"https:\/\/www.jaadisain.ee\/#website","url":"https:\/\/www.jaadisain.ee\/","name":"JAA Disain","description":"Valgusreklaamide tootja aastast 1993","publisher":{"@id":"https:\/\/www.jaadisain.ee\/#organization"},"potentialAction":[{"@type":"SearchAction","target":{"@type":"EntryPoint","urlTemplate":"https:\/\/www.jaadisain.ee\/?s={search_term_string}"},"query-input":{"@type":"PropertyValueSpecification","valueRequired":true,"valueName":"search_term_string"}}],"inLanguage":"fi"},{"@type":"Organization","@id":"https:\/\/www.jaadisain.ee\/#organization","name":"JAA Disain","url":"https:\/\/www.jaadisain.ee\/","logo":{"@type":"ImageObject","inLanguage":"fi","@id":"https:\/\/www.jaadisain.ee\/#\/schema\/logo\/image\/","url":"https:\/\/www.jaadisain.ee\/wp-content\/uploads\/2016\/02\/JAA-Disain-logo.jpg","contentUrl":"https:\/\/www.jaadisain.ee\/wp-content\/uploads\/2016\/02\/JAA-Disain-logo.jpg","width":443,"height":259,"caption":"JAA Disain"},"image":{"@id":"https:\/\/www.jaadisain.ee\/#\/schema\/logo\/image\/"},"sameAs":["https:\/\/www.facebook.com\/JAA-Disain-156295277734632\/timeline"]}]}},"_links":{"self":[{"href":"https:\/\/www.jaadisain.ee\/fi\/wp-json\/wp\/v2\/pages\/9920","targetHints":{"allow":["GET"]}}],"collection":[{"href":"https:\/\/www.jaadisain.ee\/fi\/wp-json\/wp\/v2\/pages"}],"about":[{"href":"https:\/\/www.jaadisain.ee\/fi\/wp-json\/wp\/v2\/types\/page"}],"author":[{"embeddable":true,"href":"https:\/\/www.jaadisain.ee\/fi\/wp-json\/wp\/v2\/users\/2"}],"replies":[{"embeddable":true,"href":"https:\/\/www.jaadisain.ee\/fi\/wp-json\/wp\/v2\/comments?post=9920"}],"version-history":[{"count":1,"href":"https:\/\/www.jaadisain.ee\/fi\/wp-json\/wp\/v2\/pages\/9920\/revisions"}],"predecessor-version":[{"id":9924,"href":"https:\/\/www.jaadisain.ee\/fi\/wp-json\/wp\/v2\/pages\/9920\/revisions\/9924"}],"up":[{"embeddable":true,"href":"https:\/\/www.jaadisain.ee\/fi\/wp-json\/wp\/v2\/pages\/9173"}],"wp:featuredmedia":[{"embeddable":true,"href":"https:\/\/www.jaadisain.ee\/fi\/wp-json\/wp\/v2\/media\/9878"}],"wp:attachment":[{"href":"https:\/\/www.jaadisain.ee\/fi\/wp-json\/wp\/v2\/media?parent=9920"}],"curies":[{"name":"wp","href":"https:\/\/api.w.org\/{rel}","templated":true}]}}