{"id":9909,"date":"2017-05-02T10:23:04","date_gmt":"2017-05-02T08:23:04","guid":{"rendered":"http:\/\/www.jaadisain.ee\/suuret-projektit\/reklaamid\/"},"modified":"2017-05-30T13:54:38","modified_gmt":"2017-05-30T11:54:38","slug":"technopolis","status":"publish","type":"page","link":"https:\/\/www.jaadisain.ee\/fi\/suuret-projektit\/technopolis\/","title":{"rendered":"Technopolis \u00dclemiste valomainokset Tallinnassa"},"content":{"rendered":"<h2>Technopolis \u00dclemiste valomainokset Tallinnassa<\/h2>\n<p>Technopolis \u00dclemiste valomainokset Tallinnassa on valmistettu <span id=\"result_box\" class=\"short_text\" lang=\"fi\"><span class=\"alt-edited\">monilla eri tavoilla<\/span><\/span>: valokotelot, <a href=\"https:\/\/www.jaadisain.ee\/fi\/ulkomainokset\/irtokirjainvalomainokset\/\" target=\"_blank\" rel=\"noopener noreferrer\">valokirjaimet<\/a>, mainostaulukot ja kaikki muut mainokset mit\u00e4 yhdess\u00e4 isossa aluella tarvitaan.<\/p>\n","protected":false},"excerpt":{"rendered":"<p>Technopolis \u00dclemiste valomainokset Tallinnassa Technopolis \u00dclemiste valomainokset Tallinnassa on valmistettu monilla eri tavoilla: valokotelot, valokirjaimet, mainostaulukot ja kaikki muut mainokset mit\u00e4 yhdess\u00e4 isossa aluella tarvitaan.<\/p>\n","protected":false},"author":2,"featured_media":9769,"parent":7934,"menu_order":0,"comment_status":"closed","ping_status":"closed","template":"","meta":{"_acf_changed":false,"footnotes":""},"class_list":["post-9909","page","type-page","status-publish","has-post-thumbnail","hentry"],"acf":[],"yoast_head":"<!-- This site is optimized with the Yoast SEO plugin v27.3 - https:\/\/yoast.com\/product\/yoast-seo-wordpress\/ -->\n<title>Technopolis \u00dclemiste valomainokset Tallinnassa - valmistaja JAA Disain O\u00dc<\/title>\n<meta name=\"description\" content=\"Technopolis \u00dclemiste valomainokset Tallinnassa: valokotelot, valokirjaimet, mainostaulukot ja kaikki muut - valmistaja JAA Disain\" \/>\n<meta name=\"robots\" content=\"index, follow, max-snippet:-1, max-image-preview:large, max-video-preview:-1\" \/>\n<link rel=\"canonical\" href=\"https:\/\/www.jaadisain.ee\/fi\/suuret-projektit\/technopolis\/\" \/>\n<meta property=\"og:locale\" content=\"fi_FI\" \/>\n<meta property=\"og:type\" content=\"article\" \/>\n<meta property=\"og:title\" content=\"Technopolis \u00dclemiste valomainokset Tallinnassa - valmistaja JAA Disain O\u00dc\" \/>\n<meta property=\"og:description\" content=\"Technopolis \u00dclemiste valomainokset Tallinnassa: valokotelot, valokirjaimet, mainostaulukot ja kaikki muut - valmistaja JAA Disain\" \/>\n<meta property=\"og:url\" content=\"https:\/\/www.jaadisain.ee\/fi\/suuret-projektit\/technopolis\/\" \/>\n<meta property=\"og:site_name\" content=\"JAA Disain\" \/>\n<meta property=\"article:publisher\" content=\"https:\/\/www.facebook.com\/JAA-Disain-156295277734632\/timeline\" \/>\n<meta property=\"article:modified_time\" content=\"2017-05-30T11:54:38+00:00\" \/>\n<meta property=\"og:image\" content=\"https:\/\/www.jaadisain.ee\/wp-content\/uploads\/2017\/05\/reklaamid.jpg\" \/>\n\t<meta property=\"og:image:width\" content=\"2048\" \/>\n\t<meta property=\"og:image:height\" content=\"1365\" \/>\n\t<meta property=\"og:image:type\" content=\"image\/jpeg\" \/>\n<meta name=\"twitter:card\" content=\"summary_large_image\" \/>\n<script type=\"application\/ld+json\" class=\"yoast-schema-graph\">{\"@context\":\"https:\\\/\\\/schema.org\",\"@graph\":[{\"@type\":\"WebPage\",\"@id\":\"https:\\\/\\\/www.jaadisain.ee\\\/fi\\\/suuret-projektit\\\/technopolis\\\/\",\"url\":\"https:\\\/\\\/www.jaadisain.ee\\\/fi\\\/suuret-projektit\\\/technopolis\\\/\",\"name\":\"Technopolis \u00dclemiste valomainokset Tallinnassa - valmistaja JAA Disain O\u00dc\",\"isPartOf\":{\"@id\":\"https:\\\/\\\/www.jaadisain.ee\\\/#website\"},\"primaryImageOfPage\":{\"@id\":\"https:\\\/\\\/www.jaadisain.ee\\\/fi\\\/suuret-projektit\\\/technopolis\\\/#primaryimage\"},\"image\":{\"@id\":\"https:\\\/\\\/www.jaadisain.ee\\\/fi\\\/suuret-projektit\\\/technopolis\\\/#primaryimage\"},\"thumbnailUrl\":\"https:\\\/\\\/www.jaadisain.ee\\\/wp-content\\\/uploads\\\/2017\\\/05\\\/reklaamid.jpg\",\"datePublished\":\"2017-05-02T08:23:04+00:00\",\"dateModified\":\"2017-05-30T11:54:38+00:00\",\"description\":\"Technopolis \u00dclemiste valomainokset Tallinnassa: valokotelot, valokirjaimet, mainostaulukot ja kaikki muut - valmistaja JAA Disain\",\"breadcrumb\":{\"@id\":\"https:\\\/\\\/www.jaadisain.ee\\\/fi\\\/suuret-projektit\\\/technopolis\\\/#breadcrumb\"},\"inLanguage\":\"fi\",\"potentialAction\":[{\"@type\":\"ReadAction\",\"target\":[\"https:\\\/\\\/www.jaadisain.ee\\\/fi\\\/suuret-projektit\\\/technopolis\\\/\"]}]},{\"@type\":\"ImageObject\",\"inLanguage\":\"fi\",\"@id\":\"https:\\\/\\\/www.jaadisain.ee\\\/fi\\\/suuret-projektit\\\/technopolis\\\/#primaryimage\",\"url\":\"https:\\\/\\\/www.jaadisain.ee\\\/wp-content\\\/uploads\\\/2017\\\/05\\\/reklaamid.jpg\",\"contentUrl\":\"https:\\\/\\\/www.jaadisain.ee\\\/wp-content\\\/uploads\\\/2017\\\/05\\\/reklaamid.jpg\",\"width\":2048,\"height\":1365},{\"@type\":\"BreadcrumbList\",\"@id\":\"https:\\\/\\\/www.jaadisain.ee\\\/fi\\\/suuret-projektit\\\/technopolis\\\/#breadcrumb\",\"itemListElement\":[{\"@type\":\"ListItem\",\"position\":1,\"name\":\"Home\",\"item\":\"https:\\\/\\\/www.jaadisain.ee\\\/fi\\\/\"},{\"@type\":\"ListItem\",\"position\":2,\"name\":\"Suuret projektit\",\"item\":\"https:\\\/\\\/www.jaadisain.ee\\\/fi\\\/suuret-projektit\\\/\"},{\"@type\":\"ListItem\",\"position\":3,\"name\":\"Technopolis \u00dclemiste valomainokset Tallinnassa\"}]},{\"@type\":\"WebSite\",\"@id\":\"https:\\\/\\\/www.jaadisain.ee\\\/#website\",\"url\":\"https:\\\/\\\/www.jaadisain.ee\\\/\",\"name\":\"JAA Disain\",\"description\":\"Valgusreklaamide tootja aastast 1993\",\"publisher\":{\"@id\":\"https:\\\/\\\/www.jaadisain.ee\\\/#organization\"},\"potentialAction\":[{\"@type\":\"SearchAction\",\"target\":{\"@type\":\"EntryPoint\",\"urlTemplate\":\"https:\\\/\\\/www.jaadisain.ee\\\/?s={search_term_string}\"},\"query-input\":{\"@type\":\"PropertyValueSpecification\",\"valueRequired\":true,\"valueName\":\"search_term_string\"}}],\"inLanguage\":\"fi\"},{\"@type\":\"Organization\",\"@id\":\"https:\\\/\\\/www.jaadisain.ee\\\/#organization\",\"name\":\"JAA Disain\",\"url\":\"https:\\\/\\\/www.jaadisain.ee\\\/\",\"logo\":{\"@type\":\"ImageObject\",\"inLanguage\":\"fi\",\"@id\":\"https:\\\/\\\/www.jaadisain.ee\\\/#\\\/schema\\\/logo\\\/image\\\/\",\"url\":\"https:\\\/\\\/www.jaadisain.ee\\\/wp-content\\\/uploads\\\/2016\\\/02\\\/JAA-Disain-logo.jpg\",\"contentUrl\":\"https:\\\/\\\/www.jaadisain.ee\\\/wp-content\\\/uploads\\\/2016\\\/02\\\/JAA-Disain-logo.jpg\",\"width\":443,\"height\":259,\"caption\":\"JAA Disain\"},\"image\":{\"@id\":\"https:\\\/\\\/www.jaadisain.ee\\\/#\\\/schema\\\/logo\\\/image\\\/\"},\"sameAs\":[\"https:\\\/\\\/www.facebook.com\\\/JAA-Disain-156295277734632\\\/timeline\"]}]}<\/script>\n<!-- \/ Yoast SEO plugin. -->","yoast_head_json":{"title":"Technopolis \u00dclemiste valomainokset Tallinnassa - valmistaja JAA Disain O\u00dc","description":"Technopolis \u00dclemiste valomainokset Tallinnassa: valokotelot, valokirjaimet, mainostaulukot ja kaikki muut - valmistaja JAA Disain","robots":{"index":"index","follow":"follow","max-snippet":"max-snippet:-1","max-image-preview":"max-image-preview:large","max-video-preview":"max-video-preview:-1"},"canonical":"https:\/\/www.jaadisain.ee\/fi\/suuret-projektit\/technopolis\/","og_locale":"fi_FI","og_type":"article","og_title":"Technopolis \u00dclemiste valomainokset Tallinnassa - valmistaja JAA Disain O\u00dc","og_description":"Technopolis \u00dclemiste valomainokset Tallinnassa: valokotelot, valokirjaimet, mainostaulukot ja kaikki muut - valmistaja JAA Disain","og_url":"https:\/\/www.jaadisain.ee\/fi\/suuret-projektit\/technopolis\/","og_site_name":"JAA Disain","article_publisher":"https:\/\/www.facebook.com\/JAA-Disain-156295277734632\/timeline","article_modified_time":"2017-05-30T11:54:38+00:00","og_image":[{"width":2048,"height":1365,"url":"https:\/\/www.jaadisain.ee\/wp-content\/uploads\/2017\/05\/reklaamid.jpg","type":"image\/jpeg"}],"twitter_card":"summary_large_image","schema":{"@context":"https:\/\/schema.org","@graph":[{"@type":"WebPage","@id":"https:\/\/www.jaadisain.ee\/fi\/suuret-projektit\/technopolis\/","url":"https:\/\/www.jaadisain.ee\/fi\/suuret-projektit\/technopolis\/","name":"Technopolis \u00dclemiste valomainokset Tallinnassa - valmistaja JAA Disain O\u00dc","isPartOf":{"@id":"https:\/\/www.jaadisain.ee\/#website"},"primaryImageOfPage":{"@id":"https:\/\/www.jaadisain.ee\/fi\/suuret-projektit\/technopolis\/#primaryimage"},"image":{"@id":"https:\/\/www.jaadisain.ee\/fi\/suuret-projektit\/technopolis\/#primaryimage"},"thumbnailUrl":"https:\/\/www.jaadisain.ee\/wp-content\/uploads\/2017\/05\/reklaamid.jpg","datePublished":"2017-05-02T08:23:04+00:00","dateModified":"2017-05-30T11:54:38+00:00","description":"Technopolis \u00dclemiste valomainokset Tallinnassa: valokotelot, valokirjaimet, mainostaulukot ja kaikki muut - valmistaja JAA Disain","breadcrumb":{"@id":"https:\/\/www.jaadisain.ee\/fi\/suuret-projektit\/technopolis\/#breadcrumb"},"inLanguage":"fi","potentialAction":[{"@type":"ReadAction","target":["https:\/\/www.jaadisain.ee\/fi\/suuret-projektit\/technopolis\/"]}]},{"@type":"ImageObject","inLanguage":"fi","@id":"https:\/\/www.jaadisain.ee\/fi\/suuret-projektit\/technopolis\/#primaryimage","url":"https:\/\/www.jaadisain.ee\/wp-content\/uploads\/2017\/05\/reklaamid.jpg","contentUrl":"https:\/\/www.jaadisain.ee\/wp-content\/uploads\/2017\/05\/reklaamid.jpg","width":2048,"height":1365},{"@type":"BreadcrumbList","@id":"https:\/\/www.jaadisain.ee\/fi\/suuret-projektit\/technopolis\/#breadcrumb","itemListElement":[{"@type":"ListItem","position":1,"name":"Home","item":"https:\/\/www.jaadisain.ee\/fi\/"},{"@type":"ListItem","position":2,"name":"Suuret projektit","item":"https:\/\/www.jaadisain.ee\/fi\/suuret-projektit\/"},{"@type":"ListItem","position":3,"name":"Technopolis \u00dclemiste valomainokset Tallinnassa"}]},{"@type":"WebSite","@id":"https:\/\/www.jaadisain.ee\/#website","url":"https:\/\/www.jaadisain.ee\/","name":"JAA Disain","description":"Valgusreklaamide tootja aastast 1993","publisher":{"@id":"https:\/\/www.jaadisain.ee\/#organization"},"potentialAction":[{"@type":"SearchAction","target":{"@type":"EntryPoint","urlTemplate":"https:\/\/www.jaadisain.ee\/?s={search_term_string}"},"query-input":{"@type":"PropertyValueSpecification","valueRequired":true,"valueName":"search_term_string"}}],"inLanguage":"fi"},{"@type":"Organization","@id":"https:\/\/www.jaadisain.ee\/#organization","name":"JAA Disain","url":"https:\/\/www.jaadisain.ee\/","logo":{"@type":"ImageObject","inLanguage":"fi","@id":"https:\/\/www.jaadisain.ee\/#\/schema\/logo\/image\/","url":"https:\/\/www.jaadisain.ee\/wp-content\/uploads\/2016\/02\/JAA-Disain-logo.jpg","contentUrl":"https:\/\/www.jaadisain.ee\/wp-content\/uploads\/2016\/02\/JAA-Disain-logo.jpg","width":443,"height":259,"caption":"JAA Disain"},"image":{"@id":"https:\/\/www.jaadisain.ee\/#\/schema\/logo\/image\/"},"sameAs":["https:\/\/www.facebook.com\/JAA-Disain-156295277734632\/timeline"]}]}},"_links":{"self":[{"href":"https:\/\/www.jaadisain.ee\/fi\/wp-json\/wp\/v2\/pages\/9909","targetHints":{"allow":["GET"]}}],"collection":[{"href":"https:\/\/www.jaadisain.ee\/fi\/wp-json\/wp\/v2\/pages"}],"about":[{"href":"https:\/\/www.jaadisain.ee\/fi\/wp-json\/wp\/v2\/types\/page"}],"author":[{"embeddable":true,"href":"https:\/\/www.jaadisain.ee\/fi\/wp-json\/wp\/v2\/users\/2"}],"replies":[{"embeddable":true,"href":"https:\/\/www.jaadisain.ee\/fi\/wp-json\/wp\/v2\/comments?post=9909"}],"version-history":[{"count":1,"href":"https:\/\/www.jaadisain.ee\/fi\/wp-json\/wp\/v2\/pages\/9909\/revisions"}],"predecessor-version":[{"id":9914,"href":"https:\/\/www.jaadisain.ee\/fi\/wp-json\/wp\/v2\/pages\/9909\/revisions\/9914"}],"up":[{"embeddable":true,"href":"https:\/\/www.jaadisain.ee\/fi\/wp-json\/wp\/v2\/pages\/7934"}],"wp:featuredmedia":[{"embeddable":true,"href":"https:\/\/www.jaadisain.ee\/fi\/wp-json\/wp\/v2\/media\/9769"}],"wp:attachment":[{"href":"https:\/\/www.jaadisain.ee\/fi\/wp-json\/wp\/v2\/media?parent=9909"}],"curies":[{"name":"wp","href":"https:\/\/api.w.org\/{rel}","templated":true}]}}