{"id":9896,"date":"2017-04-24T10:22:36","date_gmt":"2017-04-24T08:22:36","guid":{"rendered":"http:\/\/www.jaadisain.ee\/ulkomainokset\/irtokirjainvalomainokset\/eteenpain-valaisevat-irtokirjainvalomainokset\/valgustahed-katusel\/"},"modified":"2017-05-26T10:53:18","modified_gmt":"2017-05-26T08:53:18","slug":"valokirjaimet-katolla","status":"publish","type":"page","link":"https:\/\/www.jaadisain.ee\/fi\/ulkomainokset\/irtokirjainvalomainokset\/eteenpain-valaisevat-irtokirjainvalomainokset\/valokirjaimet-katolla\/","title":{"rendered":"Valokirjaimet katolla"},"content":{"rendered":"<h2>Valokirjaimet katolla<\/h2>\n<p>Valokirjaimet katolla on valmistettu alumiinista ja pulverimaalatut. Sis\u00e4ll\u00e4 LED modulit. Videokuvan koko sein\u00e4mainoksesta n\u00e4et <a href=\"https:\/\/www.facebook.com\/156295277734632\/videos\/1355167567847391\/\" target=\"_blank\" rel=\"noopener noreferrer\"><strong>T\u00c4STA.<\/strong><\/a><br \/>\nkoko: 16 x 13,8 m<br \/>\nOsoite: \u00dclemiste City, Suur-S\u00f5jam\u00e4e 12a, Tallinn<\/p>\n","protected":false},"excerpt":{"rendered":"<p>Valokirjaimet katolla Valokirjaimet katolla on valmistettu alumiinista ja pulverimaalatut. Sis\u00e4ll\u00e4 LED modulit. Videokuvan koko sein\u00e4mainoksesta n\u00e4et T\u00c4STA. koko: 16 x 13,8 m Osoite: \u00dclemiste City, Suur-S\u00f5jam\u00e4e 12a, Tallinn<\/p>\n","protected":false},"author":2,"featured_media":9764,"parent":9114,"menu_order":0,"comment_status":"closed","ping_status":"closed","template":"","meta":{"_acf_changed":false,"footnotes":""},"class_list":["post-9896","page","type-page","status-publish","has-post-thumbnail","hentry"],"acf":[],"yoast_head":"<!-- This site is optimized with the Yoast SEO plugin v27.3 - https:\/\/yoast.com\/product\/yoast-seo-wordpress\/ -->\n<title>Valokirjaimet katolla on valmistettu alumiinista - JAA Disain O\u00dc<\/title>\n<meta name=\"description\" content=\"Valokirjaimet katolla on valmistettu alumiinista ja pulverimaalatut. Sis\u00e4ll\u00e4 LED modulit ja etupinnaksi LED akryyli - JAA Disain O\u00dc.\" \/>\n<meta name=\"robots\" content=\"index, follow, max-snippet:-1, max-image-preview:large, max-video-preview:-1\" \/>\n<link rel=\"canonical\" href=\"https:\/\/www.jaadisain.ee\/fi\/ulkomainokset\/irtokirjainvalomainokset\/eteenpain-valaisevat-irtokirjainvalomainokset\/valokirjaimet-katolla\/\" \/>\n<meta property=\"og:locale\" content=\"fi_FI\" \/>\n<meta property=\"og:type\" content=\"article\" \/>\n<meta property=\"og:title\" content=\"Valokirjaimet katolla on valmistettu alumiinista - JAA Disain O\u00dc\" \/>\n<meta property=\"og:description\" content=\"Valokirjaimet katolla on valmistettu alumiinista ja pulverimaalatut. Sis\u00e4ll\u00e4 LED modulit ja etupinnaksi LED akryyli - JAA Disain O\u00dc.\" \/>\n<meta property=\"og:url\" content=\"https:\/\/www.jaadisain.ee\/fi\/ulkomainokset\/irtokirjainvalomainokset\/eteenpain-valaisevat-irtokirjainvalomainokset\/valokirjaimet-katolla\/\" \/>\n<meta property=\"og:site_name\" content=\"JAA Disain\" \/>\n<meta property=\"article:publisher\" content=\"https:\/\/www.facebook.com\/JAA-Disain-156295277734632\/timeline\" \/>\n<meta property=\"article:modified_time\" content=\"2017-05-26T08:53:18+00:00\" \/>\n<meta property=\"og:image\" content=\"https:\/\/www.jaadisain.ee\/wp-content\/uploads\/2017\/04\/valgustaehed-katusel.jpg\" \/>\n\t<meta property=\"og:image:width\" content=\"2048\" \/>\n\t<meta property=\"og:image:height\" content=\"1365\" \/>\n\t<meta property=\"og:image:type\" content=\"image\/jpeg\" \/>\n<meta name=\"twitter:card\" content=\"summary_large_image\" \/>\n<script type=\"application\/ld+json\" class=\"yoast-schema-graph\">{\"@context\":\"https:\\\/\\\/schema.org\",\"@graph\":[{\"@type\":\"WebPage\",\"@id\":\"https:\\\/\\\/www.jaadisain.ee\\\/fi\\\/ulkomainokset\\\/irtokirjainvalomainokset\\\/eteenpain-valaisevat-irtokirjainvalomainokset\\\/valokirjaimet-katolla\\\/\",\"url\":\"https:\\\/\\\/www.jaadisain.ee\\\/fi\\\/ulkomainokset\\\/irtokirjainvalomainokset\\\/eteenpain-valaisevat-irtokirjainvalomainokset\\\/valokirjaimet-katolla\\\/\",\"name\":\"Valokirjaimet katolla on valmistettu alumiinista - JAA Disain O\u00dc\",\"isPartOf\":{\"@id\":\"https:\\\/\\\/www.jaadisain.ee\\\/#website\"},\"primaryImageOfPage\":{\"@id\":\"https:\\\/\\\/www.jaadisain.ee\\\/fi\\\/ulkomainokset\\\/irtokirjainvalomainokset\\\/eteenpain-valaisevat-irtokirjainvalomainokset\\\/valokirjaimet-katolla\\\/#primaryimage\"},\"image\":{\"@id\":\"https:\\\/\\\/www.jaadisain.ee\\\/fi\\\/ulkomainokset\\\/irtokirjainvalomainokset\\\/eteenpain-valaisevat-irtokirjainvalomainokset\\\/valokirjaimet-katolla\\\/#primaryimage\"},\"thumbnailUrl\":\"https:\\\/\\\/www.jaadisain.ee\\\/wp-content\\\/uploads\\\/2017\\\/04\\\/valgustaehed-katusel.jpg\",\"datePublished\":\"2017-04-24T08:22:36+00:00\",\"dateModified\":\"2017-05-26T08:53:18+00:00\",\"description\":\"Valokirjaimet katolla on valmistettu alumiinista ja pulverimaalatut. Sis\u00e4ll\u00e4 LED modulit ja etupinnaksi LED akryyli - JAA Disain O\u00dc.\",\"breadcrumb\":{\"@id\":\"https:\\\/\\\/www.jaadisain.ee\\\/fi\\\/ulkomainokset\\\/irtokirjainvalomainokset\\\/eteenpain-valaisevat-irtokirjainvalomainokset\\\/valokirjaimet-katolla\\\/#breadcrumb\"},\"inLanguage\":\"fi\",\"potentialAction\":[{\"@type\":\"ReadAction\",\"target\":[\"https:\\\/\\\/www.jaadisain.ee\\\/fi\\\/ulkomainokset\\\/irtokirjainvalomainokset\\\/eteenpain-valaisevat-irtokirjainvalomainokset\\\/valokirjaimet-katolla\\\/\"]}]},{\"@type\":\"ImageObject\",\"inLanguage\":\"fi\",\"@id\":\"https:\\\/\\\/www.jaadisain.ee\\\/fi\\\/ulkomainokset\\\/irtokirjainvalomainokset\\\/eteenpain-valaisevat-irtokirjainvalomainokset\\\/valokirjaimet-katolla\\\/#primaryimage\",\"url\":\"https:\\\/\\\/www.jaadisain.ee\\\/wp-content\\\/uploads\\\/2017\\\/04\\\/valgustaehed-katusel.jpg\",\"contentUrl\":\"https:\\\/\\\/www.jaadisain.ee\\\/wp-content\\\/uploads\\\/2017\\\/04\\\/valgustaehed-katusel.jpg\",\"width\":2048,\"height\":1365},{\"@type\":\"BreadcrumbList\",\"@id\":\"https:\\\/\\\/www.jaadisain.ee\\\/fi\\\/ulkomainokset\\\/irtokirjainvalomainokset\\\/eteenpain-valaisevat-irtokirjainvalomainokset\\\/valokirjaimet-katolla\\\/#breadcrumb\",\"itemListElement\":[{\"@type\":\"ListItem\",\"position\":1,\"name\":\"Home\",\"item\":\"https:\\\/\\\/www.jaadisain.ee\\\/fi\\\/\"},{\"@type\":\"ListItem\",\"position\":2,\"name\":\"Tuotteet\",\"item\":\"https:\\\/\\\/www.jaadisain.ee\\\/fi\\\/ulkomainokset\\\/\"},{\"@type\":\"ListItem\",\"position\":3,\"name\":\"Irtokirjainvalomainokset\",\"item\":\"https:\\\/\\\/www.jaadisain.ee\\\/fi\\\/ulkomainokset\\\/irtokirjainvalomainokset\\\/\"},{\"@type\":\"ListItem\",\"position\":4,\"name\":\"Eteenp\u00e4in valaisevat irtokirjainvalomainokset\",\"item\":\"https:\\\/\\\/www.jaadisain.ee\\\/fi\\\/ulkomainokset\\\/irtokirjainvalomainokset\\\/eteenpain-valaisevat-irtokirjainvalomainokset\\\/\"},{\"@type\":\"ListItem\",\"position\":5,\"name\":\"Valokirjaimet katolla\"}]},{\"@type\":\"WebSite\",\"@id\":\"https:\\\/\\\/www.jaadisain.ee\\\/#website\",\"url\":\"https:\\\/\\\/www.jaadisain.ee\\\/\",\"name\":\"JAA Disain\",\"description\":\"Valgusreklaamide tootja aastast 1993\",\"publisher\":{\"@id\":\"https:\\\/\\\/www.jaadisain.ee\\\/#organization\"},\"potentialAction\":[{\"@type\":\"SearchAction\",\"target\":{\"@type\":\"EntryPoint\",\"urlTemplate\":\"https:\\\/\\\/www.jaadisain.ee\\\/?s={search_term_string}\"},\"query-input\":{\"@type\":\"PropertyValueSpecification\",\"valueRequired\":true,\"valueName\":\"search_term_string\"}}],\"inLanguage\":\"fi\"},{\"@type\":\"Organization\",\"@id\":\"https:\\\/\\\/www.jaadisain.ee\\\/#organization\",\"name\":\"JAA Disain\",\"url\":\"https:\\\/\\\/www.jaadisain.ee\\\/\",\"logo\":{\"@type\":\"ImageObject\",\"inLanguage\":\"fi\",\"@id\":\"https:\\\/\\\/www.jaadisain.ee\\\/#\\\/schema\\\/logo\\\/image\\\/\",\"url\":\"https:\\\/\\\/www.jaadisain.ee\\\/wp-content\\\/uploads\\\/2016\\\/02\\\/JAA-Disain-logo.jpg\",\"contentUrl\":\"https:\\\/\\\/www.jaadisain.ee\\\/wp-content\\\/uploads\\\/2016\\\/02\\\/JAA-Disain-logo.jpg\",\"width\":443,\"height\":259,\"caption\":\"JAA Disain\"},\"image\":{\"@id\":\"https:\\\/\\\/www.jaadisain.ee\\\/#\\\/schema\\\/logo\\\/image\\\/\"},\"sameAs\":[\"https:\\\/\\\/www.facebook.com\\\/JAA-Disain-156295277734632\\\/timeline\"]}]}<\/script>\n<!-- \/ Yoast SEO plugin. -->","yoast_head_json":{"title":"Valokirjaimet katolla on valmistettu alumiinista - JAA Disain O\u00dc","description":"Valokirjaimet katolla on valmistettu alumiinista ja pulverimaalatut. Sis\u00e4ll\u00e4 LED modulit ja etupinnaksi LED akryyli - JAA Disain O\u00dc.","robots":{"index":"index","follow":"follow","max-snippet":"max-snippet:-1","max-image-preview":"max-image-preview:large","max-video-preview":"max-video-preview:-1"},"canonical":"https:\/\/www.jaadisain.ee\/fi\/ulkomainokset\/irtokirjainvalomainokset\/eteenpain-valaisevat-irtokirjainvalomainokset\/valokirjaimet-katolla\/","og_locale":"fi_FI","og_type":"article","og_title":"Valokirjaimet katolla on valmistettu alumiinista - JAA Disain O\u00dc","og_description":"Valokirjaimet katolla on valmistettu alumiinista ja pulverimaalatut. Sis\u00e4ll\u00e4 LED modulit ja etupinnaksi LED akryyli - JAA Disain O\u00dc.","og_url":"https:\/\/www.jaadisain.ee\/fi\/ulkomainokset\/irtokirjainvalomainokset\/eteenpain-valaisevat-irtokirjainvalomainokset\/valokirjaimet-katolla\/","og_site_name":"JAA Disain","article_publisher":"https:\/\/www.facebook.com\/JAA-Disain-156295277734632\/timeline","article_modified_time":"2017-05-26T08:53:18+00:00","og_image":[{"width":2048,"height":1365,"url":"https:\/\/www.jaadisain.ee\/wp-content\/uploads\/2017\/04\/valgustaehed-katusel.jpg","type":"image\/jpeg"}],"twitter_card":"summary_large_image","schema":{"@context":"https:\/\/schema.org","@graph":[{"@type":"WebPage","@id":"https:\/\/www.jaadisain.ee\/fi\/ulkomainokset\/irtokirjainvalomainokset\/eteenpain-valaisevat-irtokirjainvalomainokset\/valokirjaimet-katolla\/","url":"https:\/\/www.jaadisain.ee\/fi\/ulkomainokset\/irtokirjainvalomainokset\/eteenpain-valaisevat-irtokirjainvalomainokset\/valokirjaimet-katolla\/","name":"Valokirjaimet katolla on valmistettu alumiinista - JAA Disain O\u00dc","isPartOf":{"@id":"https:\/\/www.jaadisain.ee\/#website"},"primaryImageOfPage":{"@id":"https:\/\/www.jaadisain.ee\/fi\/ulkomainokset\/irtokirjainvalomainokset\/eteenpain-valaisevat-irtokirjainvalomainokset\/valokirjaimet-katolla\/#primaryimage"},"image":{"@id":"https:\/\/www.jaadisain.ee\/fi\/ulkomainokset\/irtokirjainvalomainokset\/eteenpain-valaisevat-irtokirjainvalomainokset\/valokirjaimet-katolla\/#primaryimage"},"thumbnailUrl":"https:\/\/www.jaadisain.ee\/wp-content\/uploads\/2017\/04\/valgustaehed-katusel.jpg","datePublished":"2017-04-24T08:22:36+00:00","dateModified":"2017-05-26T08:53:18+00:00","description":"Valokirjaimet katolla on valmistettu alumiinista ja pulverimaalatut. Sis\u00e4ll\u00e4 LED modulit ja etupinnaksi LED akryyli - JAA Disain O\u00dc.","breadcrumb":{"@id":"https:\/\/www.jaadisain.ee\/fi\/ulkomainokset\/irtokirjainvalomainokset\/eteenpain-valaisevat-irtokirjainvalomainokset\/valokirjaimet-katolla\/#breadcrumb"},"inLanguage":"fi","potentialAction":[{"@type":"ReadAction","target":["https:\/\/www.jaadisain.ee\/fi\/ulkomainokset\/irtokirjainvalomainokset\/eteenpain-valaisevat-irtokirjainvalomainokset\/valokirjaimet-katolla\/"]}]},{"@type":"ImageObject","inLanguage":"fi","@id":"https:\/\/www.jaadisain.ee\/fi\/ulkomainokset\/irtokirjainvalomainokset\/eteenpain-valaisevat-irtokirjainvalomainokset\/valokirjaimet-katolla\/#primaryimage","url":"https:\/\/www.jaadisain.ee\/wp-content\/uploads\/2017\/04\/valgustaehed-katusel.jpg","contentUrl":"https:\/\/www.jaadisain.ee\/wp-content\/uploads\/2017\/04\/valgustaehed-katusel.jpg","width":2048,"height":1365},{"@type":"BreadcrumbList","@id":"https:\/\/www.jaadisain.ee\/fi\/ulkomainokset\/irtokirjainvalomainokset\/eteenpain-valaisevat-irtokirjainvalomainokset\/valokirjaimet-katolla\/#breadcrumb","itemListElement":[{"@type":"ListItem","position":1,"name":"Home","item":"https:\/\/www.jaadisain.ee\/fi\/"},{"@type":"ListItem","position":2,"name":"Tuotteet","item":"https:\/\/www.jaadisain.ee\/fi\/ulkomainokset\/"},{"@type":"ListItem","position":3,"name":"Irtokirjainvalomainokset","item":"https:\/\/www.jaadisain.ee\/fi\/ulkomainokset\/irtokirjainvalomainokset\/"},{"@type":"ListItem","position":4,"name":"Eteenp\u00e4in valaisevat irtokirjainvalomainokset","item":"https:\/\/www.jaadisain.ee\/fi\/ulkomainokset\/irtokirjainvalomainokset\/eteenpain-valaisevat-irtokirjainvalomainokset\/"},{"@type":"ListItem","position":5,"name":"Valokirjaimet katolla"}]},{"@type":"WebSite","@id":"https:\/\/www.jaadisain.ee\/#website","url":"https:\/\/www.jaadisain.ee\/","name":"JAA Disain","description":"Valgusreklaamide tootja aastast 1993","publisher":{"@id":"https:\/\/www.jaadisain.ee\/#organization"},"potentialAction":[{"@type":"SearchAction","target":{"@type":"EntryPoint","urlTemplate":"https:\/\/www.jaadisain.ee\/?s={search_term_string}"},"query-input":{"@type":"PropertyValueSpecification","valueRequired":true,"valueName":"search_term_string"}}],"inLanguage":"fi"},{"@type":"Organization","@id":"https:\/\/www.jaadisain.ee\/#organization","name":"JAA Disain","url":"https:\/\/www.jaadisain.ee\/","logo":{"@type":"ImageObject","inLanguage":"fi","@id":"https:\/\/www.jaadisain.ee\/#\/schema\/logo\/image\/","url":"https:\/\/www.jaadisain.ee\/wp-content\/uploads\/2016\/02\/JAA-Disain-logo.jpg","contentUrl":"https:\/\/www.jaadisain.ee\/wp-content\/uploads\/2016\/02\/JAA-Disain-logo.jpg","width":443,"height":259,"caption":"JAA Disain"},"image":{"@id":"https:\/\/www.jaadisain.ee\/#\/schema\/logo\/image\/"},"sameAs":["https:\/\/www.facebook.com\/JAA-Disain-156295277734632\/timeline"]}]}},"_links":{"self":[{"href":"https:\/\/www.jaadisain.ee\/fi\/wp-json\/wp\/v2\/pages\/9896","targetHints":{"allow":["GET"]}}],"collection":[{"href":"https:\/\/www.jaadisain.ee\/fi\/wp-json\/wp\/v2\/pages"}],"about":[{"href":"https:\/\/www.jaadisain.ee\/fi\/wp-json\/wp\/v2\/types\/page"}],"author":[{"embeddable":true,"href":"https:\/\/www.jaadisain.ee\/fi\/wp-json\/wp\/v2\/users\/2"}],"replies":[{"embeddable":true,"href":"https:\/\/www.jaadisain.ee\/fi\/wp-json\/wp\/v2\/comments?post=9896"}],"version-history":[{"count":1,"href":"https:\/\/www.jaadisain.ee\/fi\/wp-json\/wp\/v2\/pages\/9896\/revisions"}],"predecessor-version":[{"id":9899,"href":"https:\/\/www.jaadisain.ee\/fi\/wp-json\/wp\/v2\/pages\/9896\/revisions\/9899"}],"up":[{"embeddable":true,"href":"https:\/\/www.jaadisain.ee\/fi\/wp-json\/wp\/v2\/pages\/9114"}],"wp:featuredmedia":[{"embeddable":true,"href":"https:\/\/www.jaadisain.ee\/fi\/wp-json\/wp\/v2\/media\/9764"}],"wp:attachment":[{"href":"https:\/\/www.jaadisain.ee\/fi\/wp-json\/wp\/v2\/media?parent=9896"}],"curies":[{"name":"wp","href":"https:\/\/api.w.org\/{rel}","templated":true}]}}