{"id":9754,"date":"2017-04-17T09:21:52","date_gmt":"2017-04-17T07:21:52","guid":{"rendered":"http:\/\/www.jaadisain.ee\/ulkomainokset\/irtokirjainvalomainokset\/eteenpain-valaisevat-irtokirjainvalomainokset\/valgustatud-reklaam\/"},"modified":"2017-04-19T09:09:18","modified_gmt":"2017-04-19T07:09:18","slug":"eteen-valaistut-irtokirjaimet","status":"publish","type":"page","link":"https:\/\/www.jaadisain.ee\/fi\/ulkomainokset\/irtokirjainvalomainokset\/eteenpain-valaisevat-irtokirjainvalomainokset\/eteen-valaistut-irtokirjaimet\/","title":{"rendered":"Eteen valaistut irtokirjaimet"},"content":{"rendered":"<h2><span class=\"st\">Eteen valaistut irtokirjaimet<\/span><\/h2>\n<p><a href=\"https:\/\/www.jaadisain.ee\/fi\/ulkomainokset\/irtokirjainvalomainokset\/eteenpain-valaisevat-irtokirjainvalomainokset\/\" target=\"_blank\"><span class=\"st\">Eteen valaistut irtokirjaimet<\/span> <\/a>on valmistettu alumiinista ja valaistu LED moduleill\u00e4. Kirjaimet on asennuskiskoilla.<br \/>\nKoko: 8000 x 1050 mm<br \/>\nOsoite: Kauplus Karneval, P\u00e4rnu mnt. 28, Tallinn<\/p>\n","protected":false},"excerpt":{"rendered":"<p>Eteen valaistut irtokirjaimet Eteen valaistut irtokirjaimet on valmistettu alumiinista ja valaistu LED moduleill\u00e4. Kirjaimet on asennuskiskoilla. Koko: 8000 x 1050 mm Osoite: Kauplus Karneval, P\u00e4rnu mnt. 28, Tallinn<\/p>\n","protected":false},"author":2,"featured_media":9749,"parent":9114,"menu_order":0,"comment_status":"closed","ping_status":"closed","template":"","meta":{"_acf_changed":false,"footnotes":""},"class_list":["post-9754","page","type-page","status-publish","has-post-thumbnail","hentry"],"acf":[],"yoast_head":"<!-- This site is optimized with the Yoast SEO plugin v27.3 - https:\/\/yoast.com\/product\/yoast-seo-wordpress\/ -->\n<title>Eteen valaistut irtokirjaimet Karneval. Valmistaja JAA Disain O\u00dc, Estonia<\/title>\n<meta name=\"description\" content=\"Eteen valaistut irtokirjaimet Karneval on valmistettu alumiinista ja on valaistu LED&#039;ill\u00e4 Valmistaja JAA Disain O\u00dc, Estonia\" \/>\n<meta name=\"robots\" content=\"index, follow, max-snippet:-1, max-image-preview:large, max-video-preview:-1\" \/>\n<link rel=\"canonical\" href=\"https:\/\/www.jaadisain.ee\/fi\/ulkomainokset\/irtokirjainvalomainokset\/eteenpain-valaisevat-irtokirjainvalomainokset\/eteen-valaistut-irtokirjaimet\/\" \/>\n<meta property=\"og:locale\" content=\"fi_FI\" \/>\n<meta property=\"og:type\" content=\"article\" \/>\n<meta property=\"og:title\" content=\"Eteen valaistut irtokirjaimet Karneval. Valmistaja JAA Disain O\u00dc, Estonia\" \/>\n<meta property=\"og:description\" content=\"Eteen valaistut irtokirjaimet Karneval on valmistettu alumiinista ja on valaistu LED&#039;ill\u00e4 Valmistaja JAA Disain O\u00dc, Estonia\" \/>\n<meta property=\"og:url\" content=\"https:\/\/www.jaadisain.ee\/fi\/ulkomainokset\/irtokirjainvalomainokset\/eteenpain-valaisevat-irtokirjainvalomainokset\/eteen-valaistut-irtokirjaimet\/\" \/>\n<meta property=\"og:site_name\" content=\"JAA Disain\" \/>\n<meta property=\"article:publisher\" content=\"https:\/\/www.facebook.com\/JAA-Disain-156295277734632\/timeline\" \/>\n<meta property=\"article:modified_time\" content=\"2017-04-19T07:09:18+00:00\" \/>\n<meta property=\"og:image\" content=\"https:\/\/www.jaadisain.ee\/wp-content\/uploads\/2017\/04\/valgustatud-reklaam.jpg\" \/>\n\t<meta property=\"og:image:width\" content=\"2048\" \/>\n\t<meta property=\"og:image:height\" content=\"1365\" \/>\n\t<meta property=\"og:image:type\" content=\"image\/jpeg\" \/>\n<meta name=\"twitter:card\" content=\"summary_large_image\" \/>\n<script type=\"application\/ld+json\" class=\"yoast-schema-graph\">{\"@context\":\"https:\\\/\\\/schema.org\",\"@graph\":[{\"@type\":\"WebPage\",\"@id\":\"https:\\\/\\\/www.jaadisain.ee\\\/fi\\\/ulkomainokset\\\/irtokirjainvalomainokset\\\/eteenpain-valaisevat-irtokirjainvalomainokset\\\/eteen-valaistut-irtokirjaimet\\\/\",\"url\":\"https:\\\/\\\/www.jaadisain.ee\\\/fi\\\/ulkomainokset\\\/irtokirjainvalomainokset\\\/eteenpain-valaisevat-irtokirjainvalomainokset\\\/eteen-valaistut-irtokirjaimet\\\/\",\"name\":\"Eteen valaistut irtokirjaimet Karneval. Valmistaja JAA Disain O\u00dc, Estonia\",\"isPartOf\":{\"@id\":\"https:\\\/\\\/www.jaadisain.ee\\\/#website\"},\"primaryImageOfPage\":{\"@id\":\"https:\\\/\\\/www.jaadisain.ee\\\/fi\\\/ulkomainokset\\\/irtokirjainvalomainokset\\\/eteenpain-valaisevat-irtokirjainvalomainokset\\\/eteen-valaistut-irtokirjaimet\\\/#primaryimage\"},\"image\":{\"@id\":\"https:\\\/\\\/www.jaadisain.ee\\\/fi\\\/ulkomainokset\\\/irtokirjainvalomainokset\\\/eteenpain-valaisevat-irtokirjainvalomainokset\\\/eteen-valaistut-irtokirjaimet\\\/#primaryimage\"},\"thumbnailUrl\":\"https:\\\/\\\/www.jaadisain.ee\\\/wp-content\\\/uploads\\\/2017\\\/04\\\/valgustatud-reklaam.jpg\",\"datePublished\":\"2017-04-17T07:21:52+00:00\",\"dateModified\":\"2017-04-19T07:09:18+00:00\",\"description\":\"Eteen valaistut irtokirjaimet Karneval on valmistettu alumiinista ja on valaistu LED'ill\u00e4 Valmistaja JAA Disain O\u00dc, Estonia\",\"breadcrumb\":{\"@id\":\"https:\\\/\\\/www.jaadisain.ee\\\/fi\\\/ulkomainokset\\\/irtokirjainvalomainokset\\\/eteenpain-valaisevat-irtokirjainvalomainokset\\\/eteen-valaistut-irtokirjaimet\\\/#breadcrumb\"},\"inLanguage\":\"fi\",\"potentialAction\":[{\"@type\":\"ReadAction\",\"target\":[\"https:\\\/\\\/www.jaadisain.ee\\\/fi\\\/ulkomainokset\\\/irtokirjainvalomainokset\\\/eteenpain-valaisevat-irtokirjainvalomainokset\\\/eteen-valaistut-irtokirjaimet\\\/\"]}]},{\"@type\":\"ImageObject\",\"inLanguage\":\"fi\",\"@id\":\"https:\\\/\\\/www.jaadisain.ee\\\/fi\\\/ulkomainokset\\\/irtokirjainvalomainokset\\\/eteenpain-valaisevat-irtokirjainvalomainokset\\\/eteen-valaistut-irtokirjaimet\\\/#primaryimage\",\"url\":\"https:\\\/\\\/www.jaadisain.ee\\\/wp-content\\\/uploads\\\/2017\\\/04\\\/valgustatud-reklaam.jpg\",\"contentUrl\":\"https:\\\/\\\/www.jaadisain.ee\\\/wp-content\\\/uploads\\\/2017\\\/04\\\/valgustatud-reklaam.jpg\",\"width\":2048,\"height\":1365},{\"@type\":\"BreadcrumbList\",\"@id\":\"https:\\\/\\\/www.jaadisain.ee\\\/fi\\\/ulkomainokset\\\/irtokirjainvalomainokset\\\/eteenpain-valaisevat-irtokirjainvalomainokset\\\/eteen-valaistut-irtokirjaimet\\\/#breadcrumb\",\"itemListElement\":[{\"@type\":\"ListItem\",\"position\":1,\"name\":\"Home\",\"item\":\"https:\\\/\\\/www.jaadisain.ee\\\/fi\\\/\"},{\"@type\":\"ListItem\",\"position\":2,\"name\":\"Tuotteet\",\"item\":\"https:\\\/\\\/www.jaadisain.ee\\\/fi\\\/ulkomainokset\\\/\"},{\"@type\":\"ListItem\",\"position\":3,\"name\":\"Irtokirjainvalomainokset\",\"item\":\"https:\\\/\\\/www.jaadisain.ee\\\/fi\\\/ulkomainokset\\\/irtokirjainvalomainokset\\\/\"},{\"@type\":\"ListItem\",\"position\":4,\"name\":\"Eteenp\u00e4in valaisevat irtokirjainvalomainokset\",\"item\":\"https:\\\/\\\/www.jaadisain.ee\\\/fi\\\/ulkomainokset\\\/irtokirjainvalomainokset\\\/eteenpain-valaisevat-irtokirjainvalomainokset\\\/\"},{\"@type\":\"ListItem\",\"position\":5,\"name\":\"Eteen valaistut irtokirjaimet\"}]},{\"@type\":\"WebSite\",\"@id\":\"https:\\\/\\\/www.jaadisain.ee\\\/#website\",\"url\":\"https:\\\/\\\/www.jaadisain.ee\\\/\",\"name\":\"JAA Disain\",\"description\":\"Valgusreklaamide tootja aastast 1993\",\"publisher\":{\"@id\":\"https:\\\/\\\/www.jaadisain.ee\\\/#organization\"},\"potentialAction\":[{\"@type\":\"SearchAction\",\"target\":{\"@type\":\"EntryPoint\",\"urlTemplate\":\"https:\\\/\\\/www.jaadisain.ee\\\/?s={search_term_string}\"},\"query-input\":{\"@type\":\"PropertyValueSpecification\",\"valueRequired\":true,\"valueName\":\"search_term_string\"}}],\"inLanguage\":\"fi\"},{\"@type\":\"Organization\",\"@id\":\"https:\\\/\\\/www.jaadisain.ee\\\/#organization\",\"name\":\"JAA Disain\",\"url\":\"https:\\\/\\\/www.jaadisain.ee\\\/\",\"logo\":{\"@type\":\"ImageObject\",\"inLanguage\":\"fi\",\"@id\":\"https:\\\/\\\/www.jaadisain.ee\\\/#\\\/schema\\\/logo\\\/image\\\/\",\"url\":\"https:\\\/\\\/www.jaadisain.ee\\\/wp-content\\\/uploads\\\/2016\\\/02\\\/JAA-Disain-logo.jpg\",\"contentUrl\":\"https:\\\/\\\/www.jaadisain.ee\\\/wp-content\\\/uploads\\\/2016\\\/02\\\/JAA-Disain-logo.jpg\",\"width\":443,\"height\":259,\"caption\":\"JAA Disain\"},\"image\":{\"@id\":\"https:\\\/\\\/www.jaadisain.ee\\\/#\\\/schema\\\/logo\\\/image\\\/\"},\"sameAs\":[\"https:\\\/\\\/www.facebook.com\\\/JAA-Disain-156295277734632\\\/timeline\"]}]}<\/script>\n<!-- \/ Yoast SEO plugin. -->","yoast_head_json":{"title":"Eteen valaistut irtokirjaimet Karneval. Valmistaja JAA Disain O\u00dc, Estonia","description":"Eteen valaistut irtokirjaimet Karneval on valmistettu alumiinista ja on valaistu LED'ill\u00e4 Valmistaja JAA Disain O\u00dc, Estonia","robots":{"index":"index","follow":"follow","max-snippet":"max-snippet:-1","max-image-preview":"max-image-preview:large","max-video-preview":"max-video-preview:-1"},"canonical":"https:\/\/www.jaadisain.ee\/fi\/ulkomainokset\/irtokirjainvalomainokset\/eteenpain-valaisevat-irtokirjainvalomainokset\/eteen-valaistut-irtokirjaimet\/","og_locale":"fi_FI","og_type":"article","og_title":"Eteen valaistut irtokirjaimet Karneval. Valmistaja JAA Disain O\u00dc, Estonia","og_description":"Eteen valaistut irtokirjaimet Karneval on valmistettu alumiinista ja on valaistu LED'ill\u00e4 Valmistaja JAA Disain O\u00dc, Estonia","og_url":"https:\/\/www.jaadisain.ee\/fi\/ulkomainokset\/irtokirjainvalomainokset\/eteenpain-valaisevat-irtokirjainvalomainokset\/eteen-valaistut-irtokirjaimet\/","og_site_name":"JAA Disain","article_publisher":"https:\/\/www.facebook.com\/JAA-Disain-156295277734632\/timeline","article_modified_time":"2017-04-19T07:09:18+00:00","og_image":[{"width":2048,"height":1365,"url":"https:\/\/www.jaadisain.ee\/wp-content\/uploads\/2017\/04\/valgustatud-reklaam.jpg","type":"image\/jpeg"}],"twitter_card":"summary_large_image","schema":{"@context":"https:\/\/schema.org","@graph":[{"@type":"WebPage","@id":"https:\/\/www.jaadisain.ee\/fi\/ulkomainokset\/irtokirjainvalomainokset\/eteenpain-valaisevat-irtokirjainvalomainokset\/eteen-valaistut-irtokirjaimet\/","url":"https:\/\/www.jaadisain.ee\/fi\/ulkomainokset\/irtokirjainvalomainokset\/eteenpain-valaisevat-irtokirjainvalomainokset\/eteen-valaistut-irtokirjaimet\/","name":"Eteen valaistut irtokirjaimet Karneval. Valmistaja JAA Disain O\u00dc, Estonia","isPartOf":{"@id":"https:\/\/www.jaadisain.ee\/#website"},"primaryImageOfPage":{"@id":"https:\/\/www.jaadisain.ee\/fi\/ulkomainokset\/irtokirjainvalomainokset\/eteenpain-valaisevat-irtokirjainvalomainokset\/eteen-valaistut-irtokirjaimet\/#primaryimage"},"image":{"@id":"https:\/\/www.jaadisain.ee\/fi\/ulkomainokset\/irtokirjainvalomainokset\/eteenpain-valaisevat-irtokirjainvalomainokset\/eteen-valaistut-irtokirjaimet\/#primaryimage"},"thumbnailUrl":"https:\/\/www.jaadisain.ee\/wp-content\/uploads\/2017\/04\/valgustatud-reklaam.jpg","datePublished":"2017-04-17T07:21:52+00:00","dateModified":"2017-04-19T07:09:18+00:00","description":"Eteen valaistut irtokirjaimet Karneval on valmistettu alumiinista ja on valaistu LED'ill\u00e4 Valmistaja JAA Disain O\u00dc, Estonia","breadcrumb":{"@id":"https:\/\/www.jaadisain.ee\/fi\/ulkomainokset\/irtokirjainvalomainokset\/eteenpain-valaisevat-irtokirjainvalomainokset\/eteen-valaistut-irtokirjaimet\/#breadcrumb"},"inLanguage":"fi","potentialAction":[{"@type":"ReadAction","target":["https:\/\/www.jaadisain.ee\/fi\/ulkomainokset\/irtokirjainvalomainokset\/eteenpain-valaisevat-irtokirjainvalomainokset\/eteen-valaistut-irtokirjaimet\/"]}]},{"@type":"ImageObject","inLanguage":"fi","@id":"https:\/\/www.jaadisain.ee\/fi\/ulkomainokset\/irtokirjainvalomainokset\/eteenpain-valaisevat-irtokirjainvalomainokset\/eteen-valaistut-irtokirjaimet\/#primaryimage","url":"https:\/\/www.jaadisain.ee\/wp-content\/uploads\/2017\/04\/valgustatud-reklaam.jpg","contentUrl":"https:\/\/www.jaadisain.ee\/wp-content\/uploads\/2017\/04\/valgustatud-reklaam.jpg","width":2048,"height":1365},{"@type":"BreadcrumbList","@id":"https:\/\/www.jaadisain.ee\/fi\/ulkomainokset\/irtokirjainvalomainokset\/eteenpain-valaisevat-irtokirjainvalomainokset\/eteen-valaistut-irtokirjaimet\/#breadcrumb","itemListElement":[{"@type":"ListItem","position":1,"name":"Home","item":"https:\/\/www.jaadisain.ee\/fi\/"},{"@type":"ListItem","position":2,"name":"Tuotteet","item":"https:\/\/www.jaadisain.ee\/fi\/ulkomainokset\/"},{"@type":"ListItem","position":3,"name":"Irtokirjainvalomainokset","item":"https:\/\/www.jaadisain.ee\/fi\/ulkomainokset\/irtokirjainvalomainokset\/"},{"@type":"ListItem","position":4,"name":"Eteenp\u00e4in valaisevat irtokirjainvalomainokset","item":"https:\/\/www.jaadisain.ee\/fi\/ulkomainokset\/irtokirjainvalomainokset\/eteenpain-valaisevat-irtokirjainvalomainokset\/"},{"@type":"ListItem","position":5,"name":"Eteen valaistut irtokirjaimet"}]},{"@type":"WebSite","@id":"https:\/\/www.jaadisain.ee\/#website","url":"https:\/\/www.jaadisain.ee\/","name":"JAA Disain","description":"Valgusreklaamide tootja aastast 1993","publisher":{"@id":"https:\/\/www.jaadisain.ee\/#organization"},"potentialAction":[{"@type":"SearchAction","target":{"@type":"EntryPoint","urlTemplate":"https:\/\/www.jaadisain.ee\/?s={search_term_string}"},"query-input":{"@type":"PropertyValueSpecification","valueRequired":true,"valueName":"search_term_string"}}],"inLanguage":"fi"},{"@type":"Organization","@id":"https:\/\/www.jaadisain.ee\/#organization","name":"JAA Disain","url":"https:\/\/www.jaadisain.ee\/","logo":{"@type":"ImageObject","inLanguage":"fi","@id":"https:\/\/www.jaadisain.ee\/#\/schema\/logo\/image\/","url":"https:\/\/www.jaadisain.ee\/wp-content\/uploads\/2016\/02\/JAA-Disain-logo.jpg","contentUrl":"https:\/\/www.jaadisain.ee\/wp-content\/uploads\/2016\/02\/JAA-Disain-logo.jpg","width":443,"height":259,"caption":"JAA Disain"},"image":{"@id":"https:\/\/www.jaadisain.ee\/#\/schema\/logo\/image\/"},"sameAs":["https:\/\/www.facebook.com\/JAA-Disain-156295277734632\/timeline"]}]}},"_links":{"self":[{"href":"https:\/\/www.jaadisain.ee\/fi\/wp-json\/wp\/v2\/pages\/9754","targetHints":{"allow":["GET"]}}],"collection":[{"href":"https:\/\/www.jaadisain.ee\/fi\/wp-json\/wp\/v2\/pages"}],"about":[{"href":"https:\/\/www.jaadisain.ee\/fi\/wp-json\/wp\/v2\/types\/page"}],"author":[{"embeddable":true,"href":"https:\/\/www.jaadisain.ee\/fi\/wp-json\/wp\/v2\/users\/2"}],"replies":[{"embeddable":true,"href":"https:\/\/www.jaadisain.ee\/fi\/wp-json\/wp\/v2\/comments?post=9754"}],"version-history":[{"count":1,"href":"https:\/\/www.jaadisain.ee\/fi\/wp-json\/wp\/v2\/pages\/9754\/revisions"}],"predecessor-version":[{"id":9757,"href":"https:\/\/www.jaadisain.ee\/fi\/wp-json\/wp\/v2\/pages\/9754\/revisions\/9757"}],"up":[{"embeddable":true,"href":"https:\/\/www.jaadisain.ee\/fi\/wp-json\/wp\/v2\/pages\/9114"}],"wp:featuredmedia":[{"embeddable":true,"href":"https:\/\/www.jaadisain.ee\/fi\/wp-json\/wp\/v2\/media\/9749"}],"wp:attachment":[{"href":"https:\/\/www.jaadisain.ee\/fi\/wp-json\/wp\/v2\/media?parent=9754"}],"curies":[{"name":"wp","href":"https:\/\/api.w.org\/{rel}","templated":true}]}}