{"id":9697,"date":"2017-02-15T13:14:14","date_gmt":"2017-02-15T11:14:14","guid":{"rendered":"http:\/\/www.jaadisain.ee\/ulkomainokset\/tarrat\/autotarrat\/henkiloautot\/helkurkleebised\/"},"modified":"2017-02-16T11:47:14","modified_gmt":"2017-02-16T09:47:14","slug":"heijastintarrat","status":"publish","type":"page","link":"https:\/\/www.jaadisain.ee\/fi\/ulkomainokset\/tarrat\/autotarrat\/henkiloautot\/heijastintarrat\/","title":{"rendered":"Heijastintarrat asennettu ajoneuvoon"},"content":{"rendered":"<h2>Heijastintarrat asennettu ajoneuvoon<\/h2>\n<p>Heijastintarrat ovat tehokkaita, kun valo osuu niihin. Samalla tavalla kun liikennemerkki n\u00e4ytt\u00e4\u00e4 autojen valoissa, samalla tavalla heijastaa valoja my\u00f6s heijastavan mainostarranne. Heijastintarrat ovat kalliimpia, siksi suosittelemme, ett\u00e4 laitatte heijastintarrat sellaisiin paikkoihin, jossa niihin osuvat valot. esimerkiksi <a href=\"https:\/\/www.jaadisain.ee\/fi\/ulkomainokset\/tarrat\/autotarrat\/\" target=\"_blank\">ajoneuvot<\/a> tai mainoskyltit. Suosituimmat k\u00e4ytt\u00f6kohteet ovat logot, puhelinnumerot ja muu tieto autoissa tai kylteiss\u00e4. Heijastintarrat saatavana l\u00e4hes kaikissa perusv\u00e4reiss\u00e4.<\/p>\n","protected":false},"excerpt":{"rendered":"<p>Heijastintarrat asennettu ajoneuvoon Heijastintarrat ovat tehokkaita, kun valo osuu niihin. Samalla tavalla kun liikennemerkki n\u00e4ytt\u00e4\u00e4 autojen valoissa, samalla tavalla heijastaa valoja my\u00f6s heijastavan mainostarranne. Heijastintarrat ovat kalliimpia, siksi suosittelemme, ett\u00e4 laitatte heijastintarrat sellaisiin paikkoihin, jossa niihin osuvat valot. esimerkiksi ajoneuvot tai mainoskyltit. Suosituimmat k\u00e4ytt\u00f6kohteet ovat logot, puhelinnumerot ja muu tieto autoissa tai kylteiss\u00e4. Heijastintarrat saatavana [&hellip;]<\/p>\n","protected":false},"author":2,"featured_media":9692,"parent":9051,"menu_order":0,"comment_status":"closed","ping_status":"closed","template":"","meta":{"_acf_changed":false,"footnotes":""},"class_list":["post-9697","page","type-page","status-publish","has-post-thumbnail","hentry"],"acf":[],"yoast_head":"<!-- This site is optimized with the Yoast SEO plugin v27.3 - https:\/\/yoast.com\/product\/yoast-seo-wordpress\/ -->\n<title>Heijastintarrat ovat tehokkaita, kun valo osuu niihin.<\/title>\n<meta name=\"description\" content=\"Heijastintarrat heijastaa samalla tavalla kun liikennemerkki n\u00e4ytt\u00e4\u00e4 autojen valoissa. Ne ovat tehokkaita, kun valo osuu niihin.\" \/>\n<meta name=\"robots\" content=\"index, follow, max-snippet:-1, max-image-preview:large, max-video-preview:-1\" \/>\n<link rel=\"canonical\" href=\"https:\/\/www.jaadisain.ee\/fi\/ulkomainokset\/tarrat\/autotarrat\/henkiloautot\/heijastintarrat\/\" \/>\n<meta property=\"og:locale\" content=\"fi_FI\" \/>\n<meta property=\"og:type\" content=\"article\" \/>\n<meta property=\"og:title\" content=\"Heijastintarrat ovat tehokkaita, kun valo osuu niihin.\" \/>\n<meta property=\"og:description\" content=\"Heijastintarrat heijastaa samalla tavalla kun liikennemerkki n\u00e4ytt\u00e4\u00e4 autojen valoissa. Ne ovat tehokkaita, kun valo osuu niihin.\" \/>\n<meta property=\"og:url\" content=\"https:\/\/www.jaadisain.ee\/fi\/ulkomainokset\/tarrat\/autotarrat\/henkiloautot\/heijastintarrat\/\" \/>\n<meta property=\"og:site_name\" content=\"JAA Disain\" \/>\n<meta property=\"article:publisher\" content=\"https:\/\/www.facebook.com\/JAA-Disain-156295277734632\/timeline\" \/>\n<meta property=\"article:modified_time\" content=\"2017-02-16T09:47:14+00:00\" \/>\n<meta property=\"og:image\" content=\"https:\/\/www.jaadisain.ee\/wp-content\/uploads\/2017\/02\/helkurkleebised.jpg\" \/>\n\t<meta property=\"og:image:width\" content=\"2048\" \/>\n\t<meta property=\"og:image:height\" content=\"1536\" \/>\n\t<meta property=\"og:image:type\" content=\"image\/jpeg\" \/>\n<meta name=\"twitter:card\" content=\"summary_large_image\" \/>\n<script type=\"application\/ld+json\" class=\"yoast-schema-graph\">{\"@context\":\"https:\\\/\\\/schema.org\",\"@graph\":[{\"@type\":\"WebPage\",\"@id\":\"https:\\\/\\\/www.jaadisain.ee\\\/fi\\\/ulkomainokset\\\/tarrat\\\/autotarrat\\\/henkiloautot\\\/heijastintarrat\\\/\",\"url\":\"https:\\\/\\\/www.jaadisain.ee\\\/fi\\\/ulkomainokset\\\/tarrat\\\/autotarrat\\\/henkiloautot\\\/heijastintarrat\\\/\",\"name\":\"Heijastintarrat ovat tehokkaita, kun valo osuu niihin.\",\"isPartOf\":{\"@id\":\"https:\\\/\\\/www.jaadisain.ee\\\/#website\"},\"primaryImageOfPage\":{\"@id\":\"https:\\\/\\\/www.jaadisain.ee\\\/fi\\\/ulkomainokset\\\/tarrat\\\/autotarrat\\\/henkiloautot\\\/heijastintarrat\\\/#primaryimage\"},\"image\":{\"@id\":\"https:\\\/\\\/www.jaadisain.ee\\\/fi\\\/ulkomainokset\\\/tarrat\\\/autotarrat\\\/henkiloautot\\\/heijastintarrat\\\/#primaryimage\"},\"thumbnailUrl\":\"https:\\\/\\\/www.jaadisain.ee\\\/wp-content\\\/uploads\\\/2017\\\/02\\\/helkurkleebised.jpg\",\"datePublished\":\"2017-02-15T11:14:14+00:00\",\"dateModified\":\"2017-02-16T09:47:14+00:00\",\"description\":\"Heijastintarrat heijastaa samalla tavalla kun liikennemerkki n\u00e4ytt\u00e4\u00e4 autojen valoissa. Ne ovat tehokkaita, kun valo osuu niihin.\",\"breadcrumb\":{\"@id\":\"https:\\\/\\\/www.jaadisain.ee\\\/fi\\\/ulkomainokset\\\/tarrat\\\/autotarrat\\\/henkiloautot\\\/heijastintarrat\\\/#breadcrumb\"},\"inLanguage\":\"fi\",\"potentialAction\":[{\"@type\":\"ReadAction\",\"target\":[\"https:\\\/\\\/www.jaadisain.ee\\\/fi\\\/ulkomainokset\\\/tarrat\\\/autotarrat\\\/henkiloautot\\\/heijastintarrat\\\/\"]}]},{\"@type\":\"ImageObject\",\"inLanguage\":\"fi\",\"@id\":\"https:\\\/\\\/www.jaadisain.ee\\\/fi\\\/ulkomainokset\\\/tarrat\\\/autotarrat\\\/henkiloautot\\\/heijastintarrat\\\/#primaryimage\",\"url\":\"https:\\\/\\\/www.jaadisain.ee\\\/wp-content\\\/uploads\\\/2017\\\/02\\\/helkurkleebised.jpg\",\"contentUrl\":\"https:\\\/\\\/www.jaadisain.ee\\\/wp-content\\\/uploads\\\/2017\\\/02\\\/helkurkleebised.jpg\",\"width\":2048,\"height\":1536},{\"@type\":\"BreadcrumbList\",\"@id\":\"https:\\\/\\\/www.jaadisain.ee\\\/fi\\\/ulkomainokset\\\/tarrat\\\/autotarrat\\\/henkiloautot\\\/heijastintarrat\\\/#breadcrumb\",\"itemListElement\":[{\"@type\":\"ListItem\",\"position\":1,\"name\":\"Home\",\"item\":\"https:\\\/\\\/www.jaadisain.ee\\\/fi\\\/\"},{\"@type\":\"ListItem\",\"position\":2,\"name\":\"Tuotteet\",\"item\":\"https:\\\/\\\/www.jaadisain.ee\\\/fi\\\/ulkomainokset\\\/\"},{\"@type\":\"ListItem\",\"position\":3,\"name\":\"Tarrat\",\"item\":\"https:\\\/\\\/www.jaadisain.ee\\\/fi\\\/ulkomainokset\\\/tarrat\\\/\"},{\"@type\":\"ListItem\",\"position\":4,\"name\":\"Autotarrat\",\"item\":\"https:\\\/\\\/www.jaadisain.ee\\\/fi\\\/ulkomainokset\\\/tarrat\\\/autotarrat\\\/\"},{\"@type\":\"ListItem\",\"position\":5,\"name\":\"Henkil\u00f6autot\",\"item\":\"https:\\\/\\\/www.jaadisain.ee\\\/fi\\\/ulkomainokset\\\/tarrat\\\/autotarrat\\\/henkiloautot\\\/\"},{\"@type\":\"ListItem\",\"position\":6,\"name\":\"Heijastintarrat asennettu ajoneuvoon\"}]},{\"@type\":\"WebSite\",\"@id\":\"https:\\\/\\\/www.jaadisain.ee\\\/#website\",\"url\":\"https:\\\/\\\/www.jaadisain.ee\\\/\",\"name\":\"JAA Disain\",\"description\":\"Valgusreklaamide tootja aastast 1993\",\"publisher\":{\"@id\":\"https:\\\/\\\/www.jaadisain.ee\\\/#organization\"},\"potentialAction\":[{\"@type\":\"SearchAction\",\"target\":{\"@type\":\"EntryPoint\",\"urlTemplate\":\"https:\\\/\\\/www.jaadisain.ee\\\/?s={search_term_string}\"},\"query-input\":{\"@type\":\"PropertyValueSpecification\",\"valueRequired\":true,\"valueName\":\"search_term_string\"}}],\"inLanguage\":\"fi\"},{\"@type\":\"Organization\",\"@id\":\"https:\\\/\\\/www.jaadisain.ee\\\/#organization\",\"name\":\"JAA Disain\",\"url\":\"https:\\\/\\\/www.jaadisain.ee\\\/\",\"logo\":{\"@type\":\"ImageObject\",\"inLanguage\":\"fi\",\"@id\":\"https:\\\/\\\/www.jaadisain.ee\\\/#\\\/schema\\\/logo\\\/image\\\/\",\"url\":\"https:\\\/\\\/www.jaadisain.ee\\\/wp-content\\\/uploads\\\/2016\\\/02\\\/JAA-Disain-logo.jpg\",\"contentUrl\":\"https:\\\/\\\/www.jaadisain.ee\\\/wp-content\\\/uploads\\\/2016\\\/02\\\/JAA-Disain-logo.jpg\",\"width\":443,\"height\":259,\"caption\":\"JAA Disain\"},\"image\":{\"@id\":\"https:\\\/\\\/www.jaadisain.ee\\\/#\\\/schema\\\/logo\\\/image\\\/\"},\"sameAs\":[\"https:\\\/\\\/www.facebook.com\\\/JAA-Disain-156295277734632\\\/timeline\"]}]}<\/script>\n<!-- \/ Yoast SEO plugin. -->","yoast_head_json":{"title":"Heijastintarrat ovat tehokkaita, kun valo osuu niihin.","description":"Heijastintarrat heijastaa samalla tavalla kun liikennemerkki n\u00e4ytt\u00e4\u00e4 autojen valoissa. Ne ovat tehokkaita, kun valo osuu niihin.","robots":{"index":"index","follow":"follow","max-snippet":"max-snippet:-1","max-image-preview":"max-image-preview:large","max-video-preview":"max-video-preview:-1"},"canonical":"https:\/\/www.jaadisain.ee\/fi\/ulkomainokset\/tarrat\/autotarrat\/henkiloautot\/heijastintarrat\/","og_locale":"fi_FI","og_type":"article","og_title":"Heijastintarrat ovat tehokkaita, kun valo osuu niihin.","og_description":"Heijastintarrat heijastaa samalla tavalla kun liikennemerkki n\u00e4ytt\u00e4\u00e4 autojen valoissa. Ne ovat tehokkaita, kun valo osuu niihin.","og_url":"https:\/\/www.jaadisain.ee\/fi\/ulkomainokset\/tarrat\/autotarrat\/henkiloautot\/heijastintarrat\/","og_site_name":"JAA Disain","article_publisher":"https:\/\/www.facebook.com\/JAA-Disain-156295277734632\/timeline","article_modified_time":"2017-02-16T09:47:14+00:00","og_image":[{"width":2048,"height":1536,"url":"https:\/\/www.jaadisain.ee\/wp-content\/uploads\/2017\/02\/helkurkleebised.jpg","type":"image\/jpeg"}],"twitter_card":"summary_large_image","schema":{"@context":"https:\/\/schema.org","@graph":[{"@type":"WebPage","@id":"https:\/\/www.jaadisain.ee\/fi\/ulkomainokset\/tarrat\/autotarrat\/henkiloautot\/heijastintarrat\/","url":"https:\/\/www.jaadisain.ee\/fi\/ulkomainokset\/tarrat\/autotarrat\/henkiloautot\/heijastintarrat\/","name":"Heijastintarrat ovat tehokkaita, kun valo osuu niihin.","isPartOf":{"@id":"https:\/\/www.jaadisain.ee\/#website"},"primaryImageOfPage":{"@id":"https:\/\/www.jaadisain.ee\/fi\/ulkomainokset\/tarrat\/autotarrat\/henkiloautot\/heijastintarrat\/#primaryimage"},"image":{"@id":"https:\/\/www.jaadisain.ee\/fi\/ulkomainokset\/tarrat\/autotarrat\/henkiloautot\/heijastintarrat\/#primaryimage"},"thumbnailUrl":"https:\/\/www.jaadisain.ee\/wp-content\/uploads\/2017\/02\/helkurkleebised.jpg","datePublished":"2017-02-15T11:14:14+00:00","dateModified":"2017-02-16T09:47:14+00:00","description":"Heijastintarrat heijastaa samalla tavalla kun liikennemerkki n\u00e4ytt\u00e4\u00e4 autojen valoissa. Ne ovat tehokkaita, kun valo osuu niihin.","breadcrumb":{"@id":"https:\/\/www.jaadisain.ee\/fi\/ulkomainokset\/tarrat\/autotarrat\/henkiloautot\/heijastintarrat\/#breadcrumb"},"inLanguage":"fi","potentialAction":[{"@type":"ReadAction","target":["https:\/\/www.jaadisain.ee\/fi\/ulkomainokset\/tarrat\/autotarrat\/henkiloautot\/heijastintarrat\/"]}]},{"@type":"ImageObject","inLanguage":"fi","@id":"https:\/\/www.jaadisain.ee\/fi\/ulkomainokset\/tarrat\/autotarrat\/henkiloautot\/heijastintarrat\/#primaryimage","url":"https:\/\/www.jaadisain.ee\/wp-content\/uploads\/2017\/02\/helkurkleebised.jpg","contentUrl":"https:\/\/www.jaadisain.ee\/wp-content\/uploads\/2017\/02\/helkurkleebised.jpg","width":2048,"height":1536},{"@type":"BreadcrumbList","@id":"https:\/\/www.jaadisain.ee\/fi\/ulkomainokset\/tarrat\/autotarrat\/henkiloautot\/heijastintarrat\/#breadcrumb","itemListElement":[{"@type":"ListItem","position":1,"name":"Home","item":"https:\/\/www.jaadisain.ee\/fi\/"},{"@type":"ListItem","position":2,"name":"Tuotteet","item":"https:\/\/www.jaadisain.ee\/fi\/ulkomainokset\/"},{"@type":"ListItem","position":3,"name":"Tarrat","item":"https:\/\/www.jaadisain.ee\/fi\/ulkomainokset\/tarrat\/"},{"@type":"ListItem","position":4,"name":"Autotarrat","item":"https:\/\/www.jaadisain.ee\/fi\/ulkomainokset\/tarrat\/autotarrat\/"},{"@type":"ListItem","position":5,"name":"Henkil\u00f6autot","item":"https:\/\/www.jaadisain.ee\/fi\/ulkomainokset\/tarrat\/autotarrat\/henkiloautot\/"},{"@type":"ListItem","position":6,"name":"Heijastintarrat asennettu ajoneuvoon"}]},{"@type":"WebSite","@id":"https:\/\/www.jaadisain.ee\/#website","url":"https:\/\/www.jaadisain.ee\/","name":"JAA Disain","description":"Valgusreklaamide tootja aastast 1993","publisher":{"@id":"https:\/\/www.jaadisain.ee\/#organization"},"potentialAction":[{"@type":"SearchAction","target":{"@type":"EntryPoint","urlTemplate":"https:\/\/www.jaadisain.ee\/?s={search_term_string}"},"query-input":{"@type":"PropertyValueSpecification","valueRequired":true,"valueName":"search_term_string"}}],"inLanguage":"fi"},{"@type":"Organization","@id":"https:\/\/www.jaadisain.ee\/#organization","name":"JAA Disain","url":"https:\/\/www.jaadisain.ee\/","logo":{"@type":"ImageObject","inLanguage":"fi","@id":"https:\/\/www.jaadisain.ee\/#\/schema\/logo\/image\/","url":"https:\/\/www.jaadisain.ee\/wp-content\/uploads\/2016\/02\/JAA-Disain-logo.jpg","contentUrl":"https:\/\/www.jaadisain.ee\/wp-content\/uploads\/2016\/02\/JAA-Disain-logo.jpg","width":443,"height":259,"caption":"JAA Disain"},"image":{"@id":"https:\/\/www.jaadisain.ee\/#\/schema\/logo\/image\/"},"sameAs":["https:\/\/www.facebook.com\/JAA-Disain-156295277734632\/timeline"]}]}},"_links":{"self":[{"href":"https:\/\/www.jaadisain.ee\/fi\/wp-json\/wp\/v2\/pages\/9697","targetHints":{"allow":["GET"]}}],"collection":[{"href":"https:\/\/www.jaadisain.ee\/fi\/wp-json\/wp\/v2\/pages"}],"about":[{"href":"https:\/\/www.jaadisain.ee\/fi\/wp-json\/wp\/v2\/types\/page"}],"author":[{"embeddable":true,"href":"https:\/\/www.jaadisain.ee\/fi\/wp-json\/wp\/v2\/users\/2"}],"replies":[{"embeddable":true,"href":"https:\/\/www.jaadisain.ee\/fi\/wp-json\/wp\/v2\/comments?post=9697"}],"version-history":[{"count":1,"href":"https:\/\/www.jaadisain.ee\/fi\/wp-json\/wp\/v2\/pages\/9697\/revisions"}],"predecessor-version":[{"id":9701,"href":"https:\/\/www.jaadisain.ee\/fi\/wp-json\/wp\/v2\/pages\/9697\/revisions\/9701"}],"up":[{"embeddable":true,"href":"https:\/\/www.jaadisain.ee\/fi\/wp-json\/wp\/v2\/pages\/9051"}],"wp:featuredmedia":[{"embeddable":true,"href":"https:\/\/www.jaadisain.ee\/fi\/wp-json\/wp\/v2\/media\/9692"}],"wp:attachment":[{"href":"https:\/\/www.jaadisain.ee\/fi\/wp-json\/wp\/v2\/media?parent=9697"}],"curies":[{"name":"wp","href":"https:\/\/api.w.org\/{rel}","templated":true}]}}