{"id":9180,"date":"2015-11-12T14:08:35","date_gmt":"2015-11-12T14:08:35","guid":{"rendered":"http:\/\/www.jaadisain.ee\/fi\/ettevottest\/"},"modified":"2016-11-03T09:51:07","modified_gmt":"2016-11-03T07:51:07","slug":"meista","status":"publish","type":"page","link":"https:\/\/www.jaadisain.ee\/fi\/meista\/","title":{"rendered":"Meist\u00e4"},"content":{"rendered":"<h1><a href=\"https:\/\/www.jaadisain.ee\/wp-content\/uploads\/2015\/11\/Reklaamifirma-300x225.jpg\" class=\"fancyboxx\"><img loading=\"lazy\" decoding=\"async\" class=\"alignright wp-image-2284 size-medium\" src=\"https:\/\/www.jaadisain.ee\/wp-content\/uploads\/2015\/11\/Reklaamifirma-300x225.jpg\" alt=\"Valomainosyritys\" width=\"300\" height=\"225\" srcset=\"https:\/\/www.jaadisain.ee\/wp-content\/uploads\/2015\/11\/Reklaamifirma-300x225.jpg 300w, https:\/\/www.jaadisain.ee\/wp-content\/uploads\/2015\/11\/Reklaamifirma-768x576.jpg 768w, https:\/\/www.jaadisain.ee\/wp-content\/uploads\/2015\/11\/Reklaamifirma-530x398.jpg 530w, https:\/\/www.jaadisain.ee\/wp-content\/uploads\/2015\/11\/Reklaamifirma.jpg 800w\" sizes=\"auto, (max-width: 300px) 100vw, 300px\" \/><\/a> JAA Disain \u2013 kokenut valomainosyritys<\/h1>\n<p>Virolaisella JAA Disainilla on yli 20 vuoden kokemuksen omaava valomainosyritys. Tiimiimme kuuluu yli 20 asiantuntevaa ja kokenutta mainosalan osaajaa. Olemme erikoistuneet led-, neon- ja valomainosten valmistukseen ja tarjoamme my\u00f6s huoltopalveluja. Tarjoamme my\u00f6s useita muita mainostuotepalveluja.<br \/>\nLaadustamme kertoo vientimme Suomeen, Ruotsiin ja Norjaan. Ja tietysti my\u00f6s useat tyytyv\u00e4iset pien- ja suurasiakkaat Virossa sek\u00e4 saamamme hyv\u00e4 palaute.<\/p>\n<p>Tuotteidemme on t\u00e4ytett\u00e4v\u00e4 eritt\u00e4in korkeat laatuvaatimukset. Niinp\u00e4 k\u00e4yt\u00e4mmekin ainoastaan laadukkaita materiaaleja sek\u00e4 teknologioita. Osaamistamme ja jo tekem\u00e4mme ty\u00f6n laatua arvostavat asiakkaat, joille hinta ei ole ainoa ratkaiseva asia, ovat olleet todella tyytyv\u00e4isi\u00e4 tuotteisiimme.<\/p>\n<p>JAA Disainilla on kaikki valomainosten valmistukseen tarvittavat teknologiat. N\u00e4it\u00e4 ovat muun muassa laadukkaan ja nopean valmistuksen ehdottomat perusedellytykset, eli kaksi erilaista CAD-laitetta irtokirjainvalomainosten reunalistojen valmistukseen, kaksi jyrsint\u00e4, kaksi suurkuvatulostinta sek\u00e4 useat muut laitteet, joita laadukas valomainosyritys tarvitsee. Yhteisty\u00f6verkostomme k\u00e4sitt\u00e4\u00e4 koko Viron, joten pystymme palvelemaan asiakkaitamme nopeasti koko maassa.<\/p>\n<p>Vuonna 1993 perustettu JAA Disain O\u00dc on kokonaan virolaisessa omistuksessa.<\/p>\n","protected":false},"excerpt":{"rendered":"<p>JAA Disain \u2013 kokenut valomainosyritys Virolaisella JAA Disainilla on yli 20 vuoden kokemuksen omaava valomainosyritys. Tiimiimme kuuluu yli 20 asiantuntevaa ja kokenutta mainosalan osaajaa. Olemme erikoistuneet led-, neon- ja valomainosten valmistukseen ja tarjoamme my\u00f6s huoltopalveluja. Tarjoamme my\u00f6s useita muita mainostuotepalveluja. Laadustamme kertoo vientimme Suomeen, Ruotsiin ja Norjaan. Ja tietysti my\u00f6s useat tyytyv\u00e4iset pien- ja suurasiakkaat [&hellip;]<\/p>\n","protected":false},"author":4,"featured_media":0,"parent":0,"menu_order":0,"comment_status":"closed","ping_status":"closed","template":"","meta":{"_acf_changed":false,"footnotes":""},"class_list":["post-9180","page","type-page","status-publish","hentry"],"acf":[],"yoast_head":"<!-- This site is optimized with the Yoast SEO plugin v27.3 - https:\/\/yoast.com\/product\/yoast-seo-wordpress\/ -->\n<title>Valomainosyritys - JAA Disain O\u00dc<\/title>\n<meta name=\"description\" content=\"JAA Disain on yli 20 vuoden kokemuksen omaava valomainosyritys, jolla on pitk\u00e4 kokemus valomainosten valmistuksesta. Katso palvelut ja valmiit ty\u00f6t t\u00e4\u00e4lt\u00e4!\" \/>\n<meta name=\"robots\" content=\"index, follow, max-snippet:-1, max-image-preview:large, max-video-preview:-1\" \/>\n<link rel=\"canonical\" href=\"https:\/\/www.jaadisain.ee\/fi\/meista\/\" \/>\n<meta property=\"og:locale\" content=\"fi_FI\" \/>\n<meta property=\"og:type\" content=\"article\" \/>\n<meta property=\"og:title\" content=\"Valomainosyritys - JAA Disain O\u00dc\" \/>\n<meta property=\"og:description\" content=\"JAA Disain on yli 20 vuoden kokemuksen omaava valomainosyritys, jolla on pitk\u00e4 kokemus valomainosten valmistuksesta. Katso palvelut ja valmiit ty\u00f6t t\u00e4\u00e4lt\u00e4!\" \/>\n<meta property=\"og:url\" content=\"https:\/\/www.jaadisain.ee\/fi\/meista\/\" \/>\n<meta property=\"og:site_name\" content=\"JAA Disain\" \/>\n<meta property=\"article:publisher\" content=\"https:\/\/www.facebook.com\/JAA-Disain-156295277734632\/timeline\" \/>\n<meta property=\"article:modified_time\" content=\"2016-11-03T07:51:07+00:00\" \/>\n<meta property=\"og:image\" content=\"https:\/\/www.jaadisain.ee\/wp-content\/uploads\/2015\/11\/Reklaamifirma-300x225.jpg\" \/>\n<meta name=\"twitter:card\" content=\"summary_large_image\" \/>\n<meta name=\"twitter:label1\" content=\"Arvioitu lukuaika\" \/>\n\t<meta name=\"twitter:data1\" content=\"1 minuutti\" \/>\n<script type=\"application\/ld+json\" class=\"yoast-schema-graph\">{\"@context\":\"https:\\\/\\\/schema.org\",\"@graph\":[{\"@type\":\"WebPage\",\"@id\":\"https:\\\/\\\/www.jaadisain.ee\\\/fi\\\/meista\\\/\",\"url\":\"https:\\\/\\\/www.jaadisain.ee\\\/fi\\\/meista\\\/\",\"name\":\"Valomainosyritys - JAA Disain O\u00dc\",\"isPartOf\":{\"@id\":\"https:\\\/\\\/www.jaadisain.ee\\\/#website\"},\"primaryImageOfPage\":{\"@id\":\"https:\\\/\\\/www.jaadisain.ee\\\/fi\\\/meista\\\/#primaryimage\"},\"image\":{\"@id\":\"https:\\\/\\\/www.jaadisain.ee\\\/fi\\\/meista\\\/#primaryimage\"},\"thumbnailUrl\":\"https:\\\/\\\/www.jaadisain.ee\\\/wp-content\\\/uploads\\\/2015\\\/11\\\/Reklaamifirma-300x225.jpg\",\"datePublished\":\"2015-11-12T14:08:35+00:00\",\"dateModified\":\"2016-11-03T07:51:07+00:00\",\"description\":\"JAA Disain on yli 20 vuoden kokemuksen omaava valomainosyritys, jolla on pitk\u00e4 kokemus valomainosten valmistuksesta. Katso palvelut ja valmiit ty\u00f6t t\u00e4\u00e4lt\u00e4!\",\"breadcrumb\":{\"@id\":\"https:\\\/\\\/www.jaadisain.ee\\\/fi\\\/meista\\\/#breadcrumb\"},\"inLanguage\":\"fi\",\"potentialAction\":[{\"@type\":\"ReadAction\",\"target\":[\"https:\\\/\\\/www.jaadisain.ee\\\/fi\\\/meista\\\/\"]}]},{\"@type\":\"ImageObject\",\"inLanguage\":\"fi\",\"@id\":\"https:\\\/\\\/www.jaadisain.ee\\\/fi\\\/meista\\\/#primaryimage\",\"url\":\"https:\\\/\\\/www.jaadisain.ee\\\/wp-content\\\/uploads\\\/2015\\\/11\\\/Reklaamifirma-300x225.jpg\",\"contentUrl\":\"https:\\\/\\\/www.jaadisain.ee\\\/wp-content\\\/uploads\\\/2015\\\/11\\\/Reklaamifirma-300x225.jpg\"},{\"@type\":\"BreadcrumbList\",\"@id\":\"https:\\\/\\\/www.jaadisain.ee\\\/fi\\\/meista\\\/#breadcrumb\",\"itemListElement\":[{\"@type\":\"ListItem\",\"position\":1,\"name\":\"Home\",\"item\":\"https:\\\/\\\/www.jaadisain.ee\\\/fi\\\/\"},{\"@type\":\"ListItem\",\"position\":2,\"name\":\"Meist\u00e4\"}]},{\"@type\":\"WebSite\",\"@id\":\"https:\\\/\\\/www.jaadisain.ee\\\/#website\",\"url\":\"https:\\\/\\\/www.jaadisain.ee\\\/\",\"name\":\"JAA Disain\",\"description\":\"Valgusreklaamide tootja aastast 1993\",\"publisher\":{\"@id\":\"https:\\\/\\\/www.jaadisain.ee\\\/#organization\"},\"potentialAction\":[{\"@type\":\"SearchAction\",\"target\":{\"@type\":\"EntryPoint\",\"urlTemplate\":\"https:\\\/\\\/www.jaadisain.ee\\\/?s={search_term_string}\"},\"query-input\":{\"@type\":\"PropertyValueSpecification\",\"valueRequired\":true,\"valueName\":\"search_term_string\"}}],\"inLanguage\":\"fi\"},{\"@type\":\"Organization\",\"@id\":\"https:\\\/\\\/www.jaadisain.ee\\\/#organization\",\"name\":\"JAA Disain\",\"url\":\"https:\\\/\\\/www.jaadisain.ee\\\/\",\"logo\":{\"@type\":\"ImageObject\",\"inLanguage\":\"fi\",\"@id\":\"https:\\\/\\\/www.jaadisain.ee\\\/#\\\/schema\\\/logo\\\/image\\\/\",\"url\":\"https:\\\/\\\/www.jaadisain.ee\\\/wp-content\\\/uploads\\\/2016\\\/02\\\/JAA-Disain-logo.jpg\",\"contentUrl\":\"https:\\\/\\\/www.jaadisain.ee\\\/wp-content\\\/uploads\\\/2016\\\/02\\\/JAA-Disain-logo.jpg\",\"width\":443,\"height\":259,\"caption\":\"JAA Disain\"},\"image\":{\"@id\":\"https:\\\/\\\/www.jaadisain.ee\\\/#\\\/schema\\\/logo\\\/image\\\/\"},\"sameAs\":[\"https:\\\/\\\/www.facebook.com\\\/JAA-Disain-156295277734632\\\/timeline\"]}]}<\/script>\n<!-- \/ Yoast SEO plugin. -->","yoast_head_json":{"title":"Valomainosyritys - JAA Disain O\u00dc","description":"JAA Disain on yli 20 vuoden kokemuksen omaava valomainosyritys, jolla on pitk\u00e4 kokemus valomainosten valmistuksesta. Katso palvelut ja valmiit ty\u00f6t t\u00e4\u00e4lt\u00e4!","robots":{"index":"index","follow":"follow","max-snippet":"max-snippet:-1","max-image-preview":"max-image-preview:large","max-video-preview":"max-video-preview:-1"},"canonical":"https:\/\/www.jaadisain.ee\/fi\/meista\/","og_locale":"fi_FI","og_type":"article","og_title":"Valomainosyritys - JAA Disain O\u00dc","og_description":"JAA Disain on yli 20 vuoden kokemuksen omaava valomainosyritys, jolla on pitk\u00e4 kokemus valomainosten valmistuksesta. Katso palvelut ja valmiit ty\u00f6t t\u00e4\u00e4lt\u00e4!","og_url":"https:\/\/www.jaadisain.ee\/fi\/meista\/","og_site_name":"JAA Disain","article_publisher":"https:\/\/www.facebook.com\/JAA-Disain-156295277734632\/timeline","article_modified_time":"2016-11-03T07:51:07+00:00","og_image":[{"url":"https:\/\/www.jaadisain.ee\/wp-content\/uploads\/2015\/11\/Reklaamifirma-300x225.jpg","type":"","width":"","height":""}],"twitter_card":"summary_large_image","twitter_misc":{"Arvioitu lukuaika":"1 minuutti"},"schema":{"@context":"https:\/\/schema.org","@graph":[{"@type":"WebPage","@id":"https:\/\/www.jaadisain.ee\/fi\/meista\/","url":"https:\/\/www.jaadisain.ee\/fi\/meista\/","name":"Valomainosyritys - JAA Disain O\u00dc","isPartOf":{"@id":"https:\/\/www.jaadisain.ee\/#website"},"primaryImageOfPage":{"@id":"https:\/\/www.jaadisain.ee\/fi\/meista\/#primaryimage"},"image":{"@id":"https:\/\/www.jaadisain.ee\/fi\/meista\/#primaryimage"},"thumbnailUrl":"https:\/\/www.jaadisain.ee\/wp-content\/uploads\/2015\/11\/Reklaamifirma-300x225.jpg","datePublished":"2015-11-12T14:08:35+00:00","dateModified":"2016-11-03T07:51:07+00:00","description":"JAA Disain on yli 20 vuoden kokemuksen omaava valomainosyritys, jolla on pitk\u00e4 kokemus valomainosten valmistuksesta. Katso palvelut ja valmiit ty\u00f6t t\u00e4\u00e4lt\u00e4!","breadcrumb":{"@id":"https:\/\/www.jaadisain.ee\/fi\/meista\/#breadcrumb"},"inLanguage":"fi","potentialAction":[{"@type":"ReadAction","target":["https:\/\/www.jaadisain.ee\/fi\/meista\/"]}]},{"@type":"ImageObject","inLanguage":"fi","@id":"https:\/\/www.jaadisain.ee\/fi\/meista\/#primaryimage","url":"https:\/\/www.jaadisain.ee\/wp-content\/uploads\/2015\/11\/Reklaamifirma-300x225.jpg","contentUrl":"https:\/\/www.jaadisain.ee\/wp-content\/uploads\/2015\/11\/Reklaamifirma-300x225.jpg"},{"@type":"BreadcrumbList","@id":"https:\/\/www.jaadisain.ee\/fi\/meista\/#breadcrumb","itemListElement":[{"@type":"ListItem","position":1,"name":"Home","item":"https:\/\/www.jaadisain.ee\/fi\/"},{"@type":"ListItem","position":2,"name":"Meist\u00e4"}]},{"@type":"WebSite","@id":"https:\/\/www.jaadisain.ee\/#website","url":"https:\/\/www.jaadisain.ee\/","name":"JAA Disain","description":"Valgusreklaamide tootja aastast 1993","publisher":{"@id":"https:\/\/www.jaadisain.ee\/#organization"},"potentialAction":[{"@type":"SearchAction","target":{"@type":"EntryPoint","urlTemplate":"https:\/\/www.jaadisain.ee\/?s={search_term_string}"},"query-input":{"@type":"PropertyValueSpecification","valueRequired":true,"valueName":"search_term_string"}}],"inLanguage":"fi"},{"@type":"Organization","@id":"https:\/\/www.jaadisain.ee\/#organization","name":"JAA Disain","url":"https:\/\/www.jaadisain.ee\/","logo":{"@type":"ImageObject","inLanguage":"fi","@id":"https:\/\/www.jaadisain.ee\/#\/schema\/logo\/image\/","url":"https:\/\/www.jaadisain.ee\/wp-content\/uploads\/2016\/02\/JAA-Disain-logo.jpg","contentUrl":"https:\/\/www.jaadisain.ee\/wp-content\/uploads\/2016\/02\/JAA-Disain-logo.jpg","width":443,"height":259,"caption":"JAA Disain"},"image":{"@id":"https:\/\/www.jaadisain.ee\/#\/schema\/logo\/image\/"},"sameAs":["https:\/\/www.facebook.com\/JAA-Disain-156295277734632\/timeline"]}]}},"_links":{"self":[{"href":"https:\/\/www.jaadisain.ee\/fi\/wp-json\/wp\/v2\/pages\/9180","targetHints":{"allow":["GET"]}}],"collection":[{"href":"https:\/\/www.jaadisain.ee\/fi\/wp-json\/wp\/v2\/pages"}],"about":[{"href":"https:\/\/www.jaadisain.ee\/fi\/wp-json\/wp\/v2\/types\/page"}],"author":[{"embeddable":true,"href":"https:\/\/www.jaadisain.ee\/fi\/wp-json\/wp\/v2\/users\/4"}],"replies":[{"embeddable":true,"href":"https:\/\/www.jaadisain.ee\/fi\/wp-json\/wp\/v2\/comments?post=9180"}],"version-history":[{"count":1,"href":"https:\/\/www.jaadisain.ee\/fi\/wp-json\/wp\/v2\/pages\/9180\/revisions"}],"predecessor-version":[{"id":9247,"href":"https:\/\/www.jaadisain.ee\/fi\/wp-json\/wp\/v2\/pages\/9180\/revisions\/9247"}],"wp:attachment":[{"href":"https:\/\/www.jaadisain.ee\/fi\/wp-json\/wp\/v2\/media?parent=9180"}],"curies":[{"name":"wp","href":"https:\/\/api.w.org\/{rel}","templated":true}]}}