{"id":9178,"date":"2015-11-12T14:09:03","date_gmt":"2015-11-12T14:09:03","guid":{"rendered":"http:\/\/www.jaadisain.ee\/fi\/teenused\/"},"modified":"2016-11-03T15:24:17","modified_gmt":"2016-11-03T13:24:17","slug":"palvelut","status":"publish","type":"page","link":"https:\/\/www.jaadisain.ee\/fi\/palvelut\/","title":{"rendered":"Palvelut"},"content":{"rendered":"<h1>Valomainos: valmistus, asennus ja huolto<\/h1>\n<p>JAA Disain tarjoaa ensisijaisesti ulkomainoksiin liittyvi\u00e4 palveluja. Valmistuksen lis\u00e4ksi huolehdimme my\u00f6s valomainosten huollosta ja korjauksesta. Emme palvele ainoastaan loppuasiakkaita, vaan toimitamme puolivalmiita tuotteita my\u00f6s useille muille alan yrityksille, jotka valmistavat niist\u00e4 sopivat valomainokset itse. Toimitamme my\u00f6s joitakin valomainosten materiaaleja.\u00a0Valomainos: valmistus, asennus ja huolto.<\/p>\n<h2>Valomainosten valmistus<\/h2>\n<p>JAA Disainilla on noin 1000 m\u00b2 l\u00e4mmitett\u00e4v\u00e4t tilat. Nykyaikaiset ja kaikkia m\u00e4\u00e4r\u00e4yksi\u00e4 vastaavat tilat valmistuivat 2006. Pystyimme vaikuttamaan tilojen suunnitteluun, joten kaikki tuotantoon liittyv\u00e4 on sijoiteltu loogisesti nimenomaan valomainosten valmistusta silm\u00e4ll\u00e4 pit\u00e4en. Tuotantotiloista on eroteltu omat tilat erikoisosaamista edellytt\u00e4vi\u00e4 ty\u00f6vaiheita varten, joita ovat esimerkiksi jyrsint\u00e4, hitsaaminen, ja maalaus, ajoneuvojen muovitus, neontilat, valokuvien painatus sek\u00e4 toimistotilat. Valomainosten valmistus on p\u00e4\u00e4asiallinen toimialamme, ja valmistamme valomainokset nykyaikaisilla, valomainosten valmistukseen suunnitteluilla erikoislaitteilla. N\u00e4ist\u00e4 t\u00e4rkeimpi\u00e4 ovat kaksi kokonaan ohjelmoitavaa irtokirjainvalomainosten reunojen valmistukseen k\u00e4ytett\u00e4v\u00e4\u00e4 laitetta, joiden avulla irtokirjainvalomainokset voidaan valmistaa laadukkaasti ja nopeasti. Meilt\u00e4 l\u00f6ytyv\u00e4t my\u00f6s kaikki muut valomainosten valmistukseen tarvittavat tarpeelliset peruslaiteet, kuten jyrsin, erilaiset metallinty\u00f6st\u00f6laitteet, alumiinihitsauslaitteet, neonputkien valmistukseen tarvittavat laitteet, suuret digitaaliset tulostimet, laminointilaite jne.<\/p>\n<h2>Valomainosten asennus ja huolto<\/h2>\n<p>Valomainosten asentamista varten meill\u00e4 on k\u00e4yt\u00f6ss\u00e4mme kolme erityisesti t\u00e4h\u00e4n tarkoitukseen varusteltua pakettiautoa. Kaiken sujumisesta vastaa eritt\u00e4in kokenut JAA Disainin tiimi. Useilla ty\u00f6ntekij\u00f6ill\u00e4mme on yli 10 vuoden kokemus alalta. Vuonna 2016 JAA Disainin palveluksessa ty\u00f6skentelee yli 20 ty\u00f6ntekij\u00e4\u00e4.<\/p>\n","protected":false},"excerpt":{"rendered":"<p>Valomainos: valmistus, asennus ja huolto JAA Disain tarjoaa ensisijaisesti ulkomainoksiin liittyvi\u00e4 palveluja. Valmistuksen lis\u00e4ksi huolehdimme my\u00f6s valomainosten huollosta ja korjauksesta. Emme palvele ainoastaan loppuasiakkaita, vaan toimitamme puolivalmiita tuotteita my\u00f6s useille muille alan yrityksille, jotka valmistavat niist\u00e4 sopivat valomainokset itse. Toimitamme my\u00f6s joitakin valomainosten materiaaleja.\u00a0Valomainos: valmistus, asennus ja huolto. Valomainosten valmistus JAA Disainilla on noin 1000 [&hellip;]<\/p>\n","protected":false},"author":4,"featured_media":8800,"parent":0,"menu_order":0,"comment_status":"closed","ping_status":"closed","template":"","meta":{"_acf_changed":false,"footnotes":""},"class_list":["post-9178","page","type-page","status-publish","has-post-thumbnail","hentry"],"acf":[],"yoast_head":"<!-- This site is optimized with the Yoast SEO plugin v27.3 - https:\/\/yoast.com\/product\/yoast-seo-wordpress\/ -->\n<title>Valomainos - JAA Disain O\u00dc<\/title>\n<meta name=\"description\" content=\"Valomainos - valmistus, asennus ja huolto. Palvelut loppuasiakkaalle ja alihankinta. Lue lis\u00e4\u00e4 palveluista ja katso valmiit ty\u00f6t t\u00e4\u00e4lt\u00e4!\" \/>\n<meta name=\"robots\" content=\"index, follow, max-snippet:-1, max-image-preview:large, max-video-preview:-1\" \/>\n<link rel=\"canonical\" href=\"https:\/\/www.jaadisain.ee\/fi\/palvelut\/\" \/>\n<meta property=\"og:locale\" content=\"fi_FI\" \/>\n<meta property=\"og:type\" content=\"article\" \/>\n<meta property=\"og:title\" content=\"Valomainos - JAA Disain O\u00dc\" \/>\n<meta property=\"og:description\" content=\"Valomainos - valmistus, asennus ja huolto. Palvelut loppuasiakkaalle ja alihankinta. Lue lis\u00e4\u00e4 palveluista ja katso valmiit ty\u00f6t t\u00e4\u00e4lt\u00e4!\" \/>\n<meta property=\"og:url\" content=\"https:\/\/www.jaadisain.ee\/fi\/palvelut\/\" \/>\n<meta property=\"og:site_name\" content=\"JAA Disain\" \/>\n<meta property=\"article:publisher\" content=\"https:\/\/www.facebook.com\/JAA-Disain-156295277734632\/timeline\" \/>\n<meta property=\"article:modified_time\" content=\"2016-11-03T13:24:17+00:00\" \/>\n<meta property=\"og:image\" content=\"https:\/\/www.jaadisain.ee\/wp-content\/uploads\/2015\/11\/valgusreklaamide-tootmine-1.jpg\" \/>\n\t<meta property=\"og:image:width\" content=\"300\" \/>\n\t<meta property=\"og:image:height\" content=\"225\" \/>\n\t<meta property=\"og:image:type\" content=\"image\/jpeg\" \/>\n<meta name=\"twitter:card\" content=\"summary_large_image\" \/>\n<meta name=\"twitter:label1\" content=\"Arvioitu lukuaika\" \/>\n\t<meta name=\"twitter:data1\" content=\"1 minuutti\" \/>\n<script type=\"application\/ld+json\" class=\"yoast-schema-graph\">{\"@context\":\"https:\\\/\\\/schema.org\",\"@graph\":[{\"@type\":\"WebPage\",\"@id\":\"https:\\\/\\\/www.jaadisain.ee\\\/fi\\\/palvelut\\\/\",\"url\":\"https:\\\/\\\/www.jaadisain.ee\\\/fi\\\/palvelut\\\/\",\"name\":\"Valomainos - JAA Disain O\u00dc\",\"isPartOf\":{\"@id\":\"https:\\\/\\\/www.jaadisain.ee\\\/#website\"},\"primaryImageOfPage\":{\"@id\":\"https:\\\/\\\/www.jaadisain.ee\\\/fi\\\/palvelut\\\/#primaryimage\"},\"image\":{\"@id\":\"https:\\\/\\\/www.jaadisain.ee\\\/fi\\\/palvelut\\\/#primaryimage\"},\"thumbnailUrl\":\"https:\\\/\\\/www.jaadisain.ee\\\/wp-content\\\/uploads\\\/2015\\\/11\\\/valgusreklaamide-tootmine-1.jpg\",\"datePublished\":\"2015-11-12T14:09:03+00:00\",\"dateModified\":\"2016-11-03T13:24:17+00:00\",\"description\":\"Valomainos - valmistus, asennus ja huolto. Palvelut loppuasiakkaalle ja alihankinta. Lue lis\u00e4\u00e4 palveluista ja katso valmiit ty\u00f6t t\u00e4\u00e4lt\u00e4!\",\"breadcrumb\":{\"@id\":\"https:\\\/\\\/www.jaadisain.ee\\\/fi\\\/palvelut\\\/#breadcrumb\"},\"inLanguage\":\"fi\",\"potentialAction\":[{\"@type\":\"ReadAction\",\"target\":[\"https:\\\/\\\/www.jaadisain.ee\\\/fi\\\/palvelut\\\/\"]}]},{\"@type\":\"ImageObject\",\"inLanguage\":\"fi\",\"@id\":\"https:\\\/\\\/www.jaadisain.ee\\\/fi\\\/palvelut\\\/#primaryimage\",\"url\":\"https:\\\/\\\/www.jaadisain.ee\\\/wp-content\\\/uploads\\\/2015\\\/11\\\/valgusreklaamide-tootmine-1.jpg\",\"contentUrl\":\"https:\\\/\\\/www.jaadisain.ee\\\/wp-content\\\/uploads\\\/2015\\\/11\\\/valgusreklaamide-tootmine-1.jpg\",\"width\":300,\"height\":225,\"caption\":\"Valomainos\"},{\"@type\":\"BreadcrumbList\",\"@id\":\"https:\\\/\\\/www.jaadisain.ee\\\/fi\\\/palvelut\\\/#breadcrumb\",\"itemListElement\":[{\"@type\":\"ListItem\",\"position\":1,\"name\":\"Home\",\"item\":\"https:\\\/\\\/www.jaadisain.ee\\\/fi\\\/\"},{\"@type\":\"ListItem\",\"position\":2,\"name\":\"Palvelut\"}]},{\"@type\":\"WebSite\",\"@id\":\"https:\\\/\\\/www.jaadisain.ee\\\/#website\",\"url\":\"https:\\\/\\\/www.jaadisain.ee\\\/\",\"name\":\"JAA Disain\",\"description\":\"Valgusreklaamide tootja aastast 1993\",\"publisher\":{\"@id\":\"https:\\\/\\\/www.jaadisain.ee\\\/#organization\"},\"potentialAction\":[{\"@type\":\"SearchAction\",\"target\":{\"@type\":\"EntryPoint\",\"urlTemplate\":\"https:\\\/\\\/www.jaadisain.ee\\\/?s={search_term_string}\"},\"query-input\":{\"@type\":\"PropertyValueSpecification\",\"valueRequired\":true,\"valueName\":\"search_term_string\"}}],\"inLanguage\":\"fi\"},{\"@type\":\"Organization\",\"@id\":\"https:\\\/\\\/www.jaadisain.ee\\\/#organization\",\"name\":\"JAA Disain\",\"url\":\"https:\\\/\\\/www.jaadisain.ee\\\/\",\"logo\":{\"@type\":\"ImageObject\",\"inLanguage\":\"fi\",\"@id\":\"https:\\\/\\\/www.jaadisain.ee\\\/#\\\/schema\\\/logo\\\/image\\\/\",\"url\":\"https:\\\/\\\/www.jaadisain.ee\\\/wp-content\\\/uploads\\\/2016\\\/02\\\/JAA-Disain-logo.jpg\",\"contentUrl\":\"https:\\\/\\\/www.jaadisain.ee\\\/wp-content\\\/uploads\\\/2016\\\/02\\\/JAA-Disain-logo.jpg\",\"width\":443,\"height\":259,\"caption\":\"JAA Disain\"},\"image\":{\"@id\":\"https:\\\/\\\/www.jaadisain.ee\\\/#\\\/schema\\\/logo\\\/image\\\/\"},\"sameAs\":[\"https:\\\/\\\/www.facebook.com\\\/JAA-Disain-156295277734632\\\/timeline\"]}]}<\/script>\n<!-- \/ Yoast SEO plugin. -->","yoast_head_json":{"title":"Valomainos - JAA Disain O\u00dc","description":"Valomainos - valmistus, asennus ja huolto. Palvelut loppuasiakkaalle ja alihankinta. Lue lis\u00e4\u00e4 palveluista ja katso valmiit ty\u00f6t t\u00e4\u00e4lt\u00e4!","robots":{"index":"index","follow":"follow","max-snippet":"max-snippet:-1","max-image-preview":"max-image-preview:large","max-video-preview":"max-video-preview:-1"},"canonical":"https:\/\/www.jaadisain.ee\/fi\/palvelut\/","og_locale":"fi_FI","og_type":"article","og_title":"Valomainos - JAA Disain O\u00dc","og_description":"Valomainos - valmistus, asennus ja huolto. Palvelut loppuasiakkaalle ja alihankinta. Lue lis\u00e4\u00e4 palveluista ja katso valmiit ty\u00f6t t\u00e4\u00e4lt\u00e4!","og_url":"https:\/\/www.jaadisain.ee\/fi\/palvelut\/","og_site_name":"JAA Disain","article_publisher":"https:\/\/www.facebook.com\/JAA-Disain-156295277734632\/timeline","article_modified_time":"2016-11-03T13:24:17+00:00","og_image":[{"width":300,"height":225,"url":"https:\/\/www.jaadisain.ee\/wp-content\/uploads\/2015\/11\/valgusreklaamide-tootmine-1.jpg","type":"image\/jpeg"}],"twitter_card":"summary_large_image","twitter_misc":{"Arvioitu lukuaika":"1 minuutti"},"schema":{"@context":"https:\/\/schema.org","@graph":[{"@type":"WebPage","@id":"https:\/\/www.jaadisain.ee\/fi\/palvelut\/","url":"https:\/\/www.jaadisain.ee\/fi\/palvelut\/","name":"Valomainos - JAA Disain O\u00dc","isPartOf":{"@id":"https:\/\/www.jaadisain.ee\/#website"},"primaryImageOfPage":{"@id":"https:\/\/www.jaadisain.ee\/fi\/palvelut\/#primaryimage"},"image":{"@id":"https:\/\/www.jaadisain.ee\/fi\/palvelut\/#primaryimage"},"thumbnailUrl":"https:\/\/www.jaadisain.ee\/wp-content\/uploads\/2015\/11\/valgusreklaamide-tootmine-1.jpg","datePublished":"2015-11-12T14:09:03+00:00","dateModified":"2016-11-03T13:24:17+00:00","description":"Valomainos - valmistus, asennus ja huolto. Palvelut loppuasiakkaalle ja alihankinta. Lue lis\u00e4\u00e4 palveluista ja katso valmiit ty\u00f6t t\u00e4\u00e4lt\u00e4!","breadcrumb":{"@id":"https:\/\/www.jaadisain.ee\/fi\/palvelut\/#breadcrumb"},"inLanguage":"fi","potentialAction":[{"@type":"ReadAction","target":["https:\/\/www.jaadisain.ee\/fi\/palvelut\/"]}]},{"@type":"ImageObject","inLanguage":"fi","@id":"https:\/\/www.jaadisain.ee\/fi\/palvelut\/#primaryimage","url":"https:\/\/www.jaadisain.ee\/wp-content\/uploads\/2015\/11\/valgusreklaamide-tootmine-1.jpg","contentUrl":"https:\/\/www.jaadisain.ee\/wp-content\/uploads\/2015\/11\/valgusreklaamide-tootmine-1.jpg","width":300,"height":225,"caption":"Valomainos"},{"@type":"BreadcrumbList","@id":"https:\/\/www.jaadisain.ee\/fi\/palvelut\/#breadcrumb","itemListElement":[{"@type":"ListItem","position":1,"name":"Home","item":"https:\/\/www.jaadisain.ee\/fi\/"},{"@type":"ListItem","position":2,"name":"Palvelut"}]},{"@type":"WebSite","@id":"https:\/\/www.jaadisain.ee\/#website","url":"https:\/\/www.jaadisain.ee\/","name":"JAA Disain","description":"Valgusreklaamide tootja aastast 1993","publisher":{"@id":"https:\/\/www.jaadisain.ee\/#organization"},"potentialAction":[{"@type":"SearchAction","target":{"@type":"EntryPoint","urlTemplate":"https:\/\/www.jaadisain.ee\/?s={search_term_string}"},"query-input":{"@type":"PropertyValueSpecification","valueRequired":true,"valueName":"search_term_string"}}],"inLanguage":"fi"},{"@type":"Organization","@id":"https:\/\/www.jaadisain.ee\/#organization","name":"JAA Disain","url":"https:\/\/www.jaadisain.ee\/","logo":{"@type":"ImageObject","inLanguage":"fi","@id":"https:\/\/www.jaadisain.ee\/#\/schema\/logo\/image\/","url":"https:\/\/www.jaadisain.ee\/wp-content\/uploads\/2016\/02\/JAA-Disain-logo.jpg","contentUrl":"https:\/\/www.jaadisain.ee\/wp-content\/uploads\/2016\/02\/JAA-Disain-logo.jpg","width":443,"height":259,"caption":"JAA Disain"},"image":{"@id":"https:\/\/www.jaadisain.ee\/#\/schema\/logo\/image\/"},"sameAs":["https:\/\/www.facebook.com\/JAA-Disain-156295277734632\/timeline"]}]}},"_links":{"self":[{"href":"https:\/\/www.jaadisain.ee\/fi\/wp-json\/wp\/v2\/pages\/9178","targetHints":{"allow":["GET"]}}],"collection":[{"href":"https:\/\/www.jaadisain.ee\/fi\/wp-json\/wp\/v2\/pages"}],"about":[{"href":"https:\/\/www.jaadisain.ee\/fi\/wp-json\/wp\/v2\/types\/page"}],"author":[{"embeddable":true,"href":"https:\/\/www.jaadisain.ee\/fi\/wp-json\/wp\/v2\/users\/4"}],"replies":[{"embeddable":true,"href":"https:\/\/www.jaadisain.ee\/fi\/wp-json\/wp\/v2\/comments?post=9178"}],"version-history":[{"count":1,"href":"https:\/\/www.jaadisain.ee\/fi\/wp-json\/wp\/v2\/pages\/9178\/revisions"}],"predecessor-version":[{"id":9253,"href":"https:\/\/www.jaadisain.ee\/fi\/wp-json\/wp\/v2\/pages\/9178\/revisions\/9253"}],"wp:featuredmedia":[{"embeddable":true,"href":"https:\/\/www.jaadisain.ee\/fi\/wp-json\/wp\/v2\/media\/8800"}],"wp:attachment":[{"href":"https:\/\/www.jaadisain.ee\/fi\/wp-json\/wp\/v2\/media?parent=9178"}],"curies":[{"name":"wp","href":"https:\/\/api.w.org\/{rel}","templated":true}]}}