{"id":9176,"date":"2015-11-12T14:09:15","date_gmt":"2015-11-12T14:09:15","guid":{"rendered":"http:\/\/www.jaadisain.ee\/fi\/valireklaamid\/"},"modified":"2016-11-02T11:33:04","modified_gmt":"2016-11-02T09:33:04","slug":"ulkomainokset","status":"publish","type":"page","link":"https:\/\/www.jaadisain.ee\/fi\/ulkomainokset\/","title":{"rendered":"Tuotteet"},"content":{"rendered":"<h1>Ulkomainokset<\/h1>\n<p>Ulkomainokset ovat muiden palvelujen ohella JAA Disainin t\u00e4rkeimpi\u00e4 tuoteryhmi\u00e4, joiden pohjalta yrityksen tuotanto ja rakenne on kehitetty. Valomainoksilla tarkoitetaan useita erilaisia ratkaisuja, joiden avulla yritykset saavat asiakkaat ja yhteisty\u00f6kumppanit kiinnostumaan itsest\u00e4\u00e4n ja parantavat n\u00e4kyvyytt\u00e4\u00e4n.<\/p>\n<p>Kaikki alla esitellyt valomainokset ovat ulkomainoksia. Ulkomainoksia ovat esimerkiksi suuret valomainokset rakennusten katoilla sek\u00e4 pienemm\u00e4t kyltit liiketilojen ulkoseiniss\u00e4. Ulkomainoksia hankittaessa tulisi huomioida yrityksen muu visuaalinen imago, esimerkiksi autojen, ikkunoiden jne. yhten\u00e4inen ulkoasu sek\u00e4 vastaavuus yritysgrafiikan kanssa.<\/p>\n<p>Suosittelemme: \u00c4l\u00e4 j\u00e4t\u00e4 ulkomainosten asentamista viime tippaan, vaan huomioi se jo rakentamisen aikana. N\u00e4in saadaan paras mahdollinen lopputulos sek\u00e4 v\u00e4ltet\u00e4\u00e4n valomainosten valmiin rakennuksen sein\u00e4lle tai kattoon asentamiseen liittyv\u00e4t ongelmat.<\/p>\n","protected":false},"excerpt":{"rendered":"<p>Ulkomainokset Ulkomainokset ovat muiden palvelujen ohella JAA Disainin t\u00e4rkeimpi\u00e4 tuoteryhmi\u00e4, joiden pohjalta yrityksen tuotanto ja rakenne on kehitetty. Valomainoksilla tarkoitetaan useita erilaisia ratkaisuja, joiden avulla yritykset saavat asiakkaat ja yhteisty\u00f6kumppanit kiinnostumaan itsest\u00e4\u00e4n ja parantavat n\u00e4kyvyytt\u00e4\u00e4n. Kaikki alla esitellyt valomainokset ovat ulkomainoksia. Ulkomainoksia ovat esimerkiksi suuret valomainokset rakennusten katoilla sek\u00e4 pienemm\u00e4t kyltit liiketilojen ulkoseiniss\u00e4. Ulkomainoksia hankittaessa [&hellip;]<\/p>\n","protected":false},"author":4,"featured_media":8593,"parent":0,"menu_order":0,"comment_status":"closed","ping_status":"closed","template":"","meta":{"_acf_changed":false,"footnotes":""},"class_list":["post-9176","page","type-page","status-publish","has-post-thumbnail","hentry"],"acf":[],"yoast_head":"<!-- This site is optimized with the Yoast SEO plugin v27.3 - https:\/\/yoast.com\/product\/yoast-seo-wordpress\/ -->\n<title>Ulkomainokset, valomainokset, yritysten logot - JAA Disain<\/title>\n<meta name=\"description\" content=\"Ulkomainokset ovat muiden palvelujen ohella t\u00e4rkeimpi\u00e4 JAA Disainin tuoteryhmi\u00e4, johon koko tuotantomme ja toimintamme perustuu.\" \/>\n<meta name=\"robots\" content=\"index, follow, max-snippet:-1, max-image-preview:large, max-video-preview:-1\" \/>\n<link rel=\"canonical\" href=\"https:\/\/www.jaadisain.ee\/fi\/ulkomainokset\/\" \/>\n<meta property=\"og:locale\" content=\"fi_FI\" \/>\n<meta property=\"og:type\" content=\"article\" \/>\n<meta property=\"og:title\" content=\"Ulkomainokset, valomainokset, yritysten logot - JAA Disain\" \/>\n<meta property=\"og:description\" content=\"Ulkomainokset ovat muiden palvelujen ohella t\u00e4rkeimpi\u00e4 JAA Disainin tuoteryhmi\u00e4, johon koko tuotantomme ja toimintamme perustuu.\" \/>\n<meta property=\"og:url\" content=\"https:\/\/www.jaadisain.ee\/fi\/ulkomainokset\/\" \/>\n<meta property=\"og:site_name\" content=\"JAA Disain\" \/>\n<meta property=\"article:publisher\" content=\"https:\/\/www.facebook.com\/JAA-Disain-156295277734632\/timeline\" \/>\n<meta property=\"article:modified_time\" content=\"2016-11-02T09:33:04+00:00\" \/>\n<meta property=\"og:image\" content=\"https:\/\/www.jaadisain.ee\/wp-content\/uploads\/2015\/12\/valguskastid-ja-valireklaamid-nutipesu.jpg\" \/>\n\t<meta property=\"og:image:width\" content=\"800\" \/>\n\t<meta property=\"og:image:height\" content=\"533\" \/>\n\t<meta property=\"og:image:type\" content=\"image\/jpeg\" \/>\n<meta name=\"twitter:card\" content=\"summary_large_image\" \/>\n<meta name=\"twitter:label1\" content=\"Arvioitu lukuaika\" \/>\n\t<meta name=\"twitter:data1\" content=\"1 minuutti\" \/>\n<script type=\"application\/ld+json\" class=\"yoast-schema-graph\">{\"@context\":\"https:\\\/\\\/schema.org\",\"@graph\":[{\"@type\":\"WebPage\",\"@id\":\"https:\\\/\\\/www.jaadisain.ee\\\/fi\\\/ulkomainokset\\\/\",\"url\":\"https:\\\/\\\/www.jaadisain.ee\\\/fi\\\/ulkomainokset\\\/\",\"name\":\"Ulkomainokset, valomainokset, yritysten logot - JAA Disain\",\"isPartOf\":{\"@id\":\"https:\\\/\\\/www.jaadisain.ee\\\/#website\"},\"primaryImageOfPage\":{\"@id\":\"https:\\\/\\\/www.jaadisain.ee\\\/fi\\\/ulkomainokset\\\/#primaryimage\"},\"image\":{\"@id\":\"https:\\\/\\\/www.jaadisain.ee\\\/fi\\\/ulkomainokset\\\/#primaryimage\"},\"thumbnailUrl\":\"https:\\\/\\\/www.jaadisain.ee\\\/wp-content\\\/uploads\\\/2015\\\/12\\\/valguskastid-ja-valireklaamid-nutipesu.jpg\",\"datePublished\":\"2015-11-12T14:09:15+00:00\",\"dateModified\":\"2016-11-02T09:33:04+00:00\",\"description\":\"Ulkomainokset ovat muiden palvelujen ohella t\u00e4rkeimpi\u00e4 JAA Disainin tuoteryhmi\u00e4, johon koko tuotantomme ja toimintamme perustuu.\",\"breadcrumb\":{\"@id\":\"https:\\\/\\\/www.jaadisain.ee\\\/fi\\\/ulkomainokset\\\/#breadcrumb\"},\"inLanguage\":\"fi\",\"potentialAction\":[{\"@type\":\"ReadAction\",\"target\":[\"https:\\\/\\\/www.jaadisain.ee\\\/fi\\\/ulkomainokset\\\/\"]}]},{\"@type\":\"ImageObject\",\"inLanguage\":\"fi\",\"@id\":\"https:\\\/\\\/www.jaadisain.ee\\\/fi\\\/ulkomainokset\\\/#primaryimage\",\"url\":\"https:\\\/\\\/www.jaadisain.ee\\\/wp-content\\\/uploads\\\/2015\\\/12\\\/valguskastid-ja-valireklaamid-nutipesu.jpg\",\"contentUrl\":\"https:\\\/\\\/www.jaadisain.ee\\\/wp-content\\\/uploads\\\/2015\\\/12\\\/valguskastid-ja-valireklaamid-nutipesu.jpg\",\"width\":800,\"height\":533,\"caption\":\"Ulkomainokset\"},{\"@type\":\"BreadcrumbList\",\"@id\":\"https:\\\/\\\/www.jaadisain.ee\\\/fi\\\/ulkomainokset\\\/#breadcrumb\",\"itemListElement\":[{\"@type\":\"ListItem\",\"position\":1,\"name\":\"Home\",\"item\":\"https:\\\/\\\/www.jaadisain.ee\\\/fi\\\/\"},{\"@type\":\"ListItem\",\"position\":2,\"name\":\"Tuotteet\"}]},{\"@type\":\"WebSite\",\"@id\":\"https:\\\/\\\/www.jaadisain.ee\\\/#website\",\"url\":\"https:\\\/\\\/www.jaadisain.ee\\\/\",\"name\":\"JAA Disain\",\"description\":\"Valgusreklaamide tootja aastast 1993\",\"publisher\":{\"@id\":\"https:\\\/\\\/www.jaadisain.ee\\\/#organization\"},\"potentialAction\":[{\"@type\":\"SearchAction\",\"target\":{\"@type\":\"EntryPoint\",\"urlTemplate\":\"https:\\\/\\\/www.jaadisain.ee\\\/?s={search_term_string}\"},\"query-input\":{\"@type\":\"PropertyValueSpecification\",\"valueRequired\":true,\"valueName\":\"search_term_string\"}}],\"inLanguage\":\"fi\"},{\"@type\":\"Organization\",\"@id\":\"https:\\\/\\\/www.jaadisain.ee\\\/#organization\",\"name\":\"JAA Disain\",\"url\":\"https:\\\/\\\/www.jaadisain.ee\\\/\",\"logo\":{\"@type\":\"ImageObject\",\"inLanguage\":\"fi\",\"@id\":\"https:\\\/\\\/www.jaadisain.ee\\\/#\\\/schema\\\/logo\\\/image\\\/\",\"url\":\"https:\\\/\\\/www.jaadisain.ee\\\/wp-content\\\/uploads\\\/2016\\\/02\\\/JAA-Disain-logo.jpg\",\"contentUrl\":\"https:\\\/\\\/www.jaadisain.ee\\\/wp-content\\\/uploads\\\/2016\\\/02\\\/JAA-Disain-logo.jpg\",\"width\":443,\"height\":259,\"caption\":\"JAA Disain\"},\"image\":{\"@id\":\"https:\\\/\\\/www.jaadisain.ee\\\/#\\\/schema\\\/logo\\\/image\\\/\"},\"sameAs\":[\"https:\\\/\\\/www.facebook.com\\\/JAA-Disain-156295277734632\\\/timeline\"]}]}<\/script>\n<!-- \/ Yoast SEO plugin. -->","yoast_head_json":{"title":"Ulkomainokset, valomainokset, yritysten logot - JAA Disain","description":"Ulkomainokset ovat muiden palvelujen ohella t\u00e4rkeimpi\u00e4 JAA Disainin tuoteryhmi\u00e4, johon koko tuotantomme ja toimintamme perustuu.","robots":{"index":"index","follow":"follow","max-snippet":"max-snippet:-1","max-image-preview":"max-image-preview:large","max-video-preview":"max-video-preview:-1"},"canonical":"https:\/\/www.jaadisain.ee\/fi\/ulkomainokset\/","og_locale":"fi_FI","og_type":"article","og_title":"Ulkomainokset, valomainokset, yritysten logot - JAA Disain","og_description":"Ulkomainokset ovat muiden palvelujen ohella t\u00e4rkeimpi\u00e4 JAA Disainin tuoteryhmi\u00e4, johon koko tuotantomme ja toimintamme perustuu.","og_url":"https:\/\/www.jaadisain.ee\/fi\/ulkomainokset\/","og_site_name":"JAA Disain","article_publisher":"https:\/\/www.facebook.com\/JAA-Disain-156295277734632\/timeline","article_modified_time":"2016-11-02T09:33:04+00:00","og_image":[{"width":800,"height":533,"url":"https:\/\/www.jaadisain.ee\/wp-content\/uploads\/2015\/12\/valguskastid-ja-valireklaamid-nutipesu.jpg","type":"image\/jpeg"}],"twitter_card":"summary_large_image","twitter_misc":{"Arvioitu lukuaika":"1 minuutti"},"schema":{"@context":"https:\/\/schema.org","@graph":[{"@type":"WebPage","@id":"https:\/\/www.jaadisain.ee\/fi\/ulkomainokset\/","url":"https:\/\/www.jaadisain.ee\/fi\/ulkomainokset\/","name":"Ulkomainokset, valomainokset, yritysten logot - JAA Disain","isPartOf":{"@id":"https:\/\/www.jaadisain.ee\/#website"},"primaryImageOfPage":{"@id":"https:\/\/www.jaadisain.ee\/fi\/ulkomainokset\/#primaryimage"},"image":{"@id":"https:\/\/www.jaadisain.ee\/fi\/ulkomainokset\/#primaryimage"},"thumbnailUrl":"https:\/\/www.jaadisain.ee\/wp-content\/uploads\/2015\/12\/valguskastid-ja-valireklaamid-nutipesu.jpg","datePublished":"2015-11-12T14:09:15+00:00","dateModified":"2016-11-02T09:33:04+00:00","description":"Ulkomainokset ovat muiden palvelujen ohella t\u00e4rkeimpi\u00e4 JAA Disainin tuoteryhmi\u00e4, johon koko tuotantomme ja toimintamme perustuu.","breadcrumb":{"@id":"https:\/\/www.jaadisain.ee\/fi\/ulkomainokset\/#breadcrumb"},"inLanguage":"fi","potentialAction":[{"@type":"ReadAction","target":["https:\/\/www.jaadisain.ee\/fi\/ulkomainokset\/"]}]},{"@type":"ImageObject","inLanguage":"fi","@id":"https:\/\/www.jaadisain.ee\/fi\/ulkomainokset\/#primaryimage","url":"https:\/\/www.jaadisain.ee\/wp-content\/uploads\/2015\/12\/valguskastid-ja-valireklaamid-nutipesu.jpg","contentUrl":"https:\/\/www.jaadisain.ee\/wp-content\/uploads\/2015\/12\/valguskastid-ja-valireklaamid-nutipesu.jpg","width":800,"height":533,"caption":"Ulkomainokset"},{"@type":"BreadcrumbList","@id":"https:\/\/www.jaadisain.ee\/fi\/ulkomainokset\/#breadcrumb","itemListElement":[{"@type":"ListItem","position":1,"name":"Home","item":"https:\/\/www.jaadisain.ee\/fi\/"},{"@type":"ListItem","position":2,"name":"Tuotteet"}]},{"@type":"WebSite","@id":"https:\/\/www.jaadisain.ee\/#website","url":"https:\/\/www.jaadisain.ee\/","name":"JAA Disain","description":"Valgusreklaamide tootja aastast 1993","publisher":{"@id":"https:\/\/www.jaadisain.ee\/#organization"},"potentialAction":[{"@type":"SearchAction","target":{"@type":"EntryPoint","urlTemplate":"https:\/\/www.jaadisain.ee\/?s={search_term_string}"},"query-input":{"@type":"PropertyValueSpecification","valueRequired":true,"valueName":"search_term_string"}}],"inLanguage":"fi"},{"@type":"Organization","@id":"https:\/\/www.jaadisain.ee\/#organization","name":"JAA Disain","url":"https:\/\/www.jaadisain.ee\/","logo":{"@type":"ImageObject","inLanguage":"fi","@id":"https:\/\/www.jaadisain.ee\/#\/schema\/logo\/image\/","url":"https:\/\/www.jaadisain.ee\/wp-content\/uploads\/2016\/02\/JAA-Disain-logo.jpg","contentUrl":"https:\/\/www.jaadisain.ee\/wp-content\/uploads\/2016\/02\/JAA-Disain-logo.jpg","width":443,"height":259,"caption":"JAA Disain"},"image":{"@id":"https:\/\/www.jaadisain.ee\/#\/schema\/logo\/image\/"},"sameAs":["https:\/\/www.facebook.com\/JAA-Disain-156295277734632\/timeline"]}]}},"_links":{"self":[{"href":"https:\/\/www.jaadisain.ee\/fi\/wp-json\/wp\/v2\/pages\/9176","targetHints":{"allow":["GET"]}}],"collection":[{"href":"https:\/\/www.jaadisain.ee\/fi\/wp-json\/wp\/v2\/pages"}],"about":[{"href":"https:\/\/www.jaadisain.ee\/fi\/wp-json\/wp\/v2\/types\/page"}],"author":[{"embeddable":true,"href":"https:\/\/www.jaadisain.ee\/fi\/wp-json\/wp\/v2\/users\/4"}],"replies":[{"embeddable":true,"href":"https:\/\/www.jaadisain.ee\/fi\/wp-json\/wp\/v2\/comments?post=9176"}],"version-history":[{"count":0,"href":"https:\/\/www.jaadisain.ee\/fi\/wp-json\/wp\/v2\/pages\/9176\/revisions"}],"wp:featuredmedia":[{"embeddable":true,"href":"https:\/\/www.jaadisain.ee\/fi\/wp-json\/wp\/v2\/media\/8593"}],"wp:attachment":[{"href":"https:\/\/www.jaadisain.ee\/fi\/wp-json\/wp\/v2\/media?parent=9176"}],"curies":[{"name":"wp","href":"https:\/\/api.w.org\/{rel}","templated":true}]}}