{"id":9174,"date":"2015-11-16T09:41:01","date_gmt":"2015-11-16T09:41:01","guid":{"rendered":"http:\/\/www.jaadisain.ee\/fi\/neoonreklaamid\/"},"modified":"2016-11-21T10:03:29","modified_gmt":"2016-11-21T08:03:29","slug":"neonvalomainokset","status":"publish","type":"page","link":"https:\/\/www.jaadisain.ee\/fi\/ulkomainokset\/neonvalomainokset\/","title":{"rendered":"Neonvalomainokset"},"content":{"rendered":"<p>Neonvalomainokset kuuluvat n\u00e4ytt\u00e4vimpiin valomainoksiin.<\/p>\n<p>Neonvalomainoksia k\u00e4ytet\u00e4\u00e4n edelleen led-valaisimien voittokulusta huolimatta. Ep\u00e4ilyt neonputkien ja neonvalomainosten huonosta kest\u00e4vyydest\u00e4 eiv\u00e4t pid\u00e4 paikkaansa. Oikein tehty ja mitattu neonvalomainos kest\u00e4\u00e4 k\u00e4ytt\u00f6\u00e4 vuosikausia. Neonvalomainos on erinomainen vaihtoehto silloin, kun halutaan huomiota ja erottumista muista kaupunkikuvassa.<\/p>\n<p>Neonmainokset tehd\u00e4\u00e4n neonputkista, jotka ovat erityisi\u00e4 inertill\u00e4 kaasulla t\u00e4ytettyj\u00e4 lasiputkia. Neonputket kytket\u00e4\u00e4n s\u00e4hk\u00f6verkkoon, ja s\u00e4hk\u00f6 saa putket loistamaan ja s\u00e4teilem\u00e4\u00e4n valoa, jolloin neonvalomainos n\u00e4kyy jo kaukaa.<\/p>\n<h2>Neonvalomainokset voidaan tehd\u00e4 usealla eri tavalla:<\/h2>\n<ul>\n<li><strong>Pintaputkiset irtokirjainvalomainokset <\/strong>, joissa neonputket ovat n\u00e4kyviss\u00e4. Er\u00e4s ehdottomasti n\u00e4ytt\u00e4vimpi\u00e4 irtokirjainvalomainoksia.<\/li>\n<li><strong>Neonvalomainos ikkunassa <\/strong><strong>\u00a0<\/strong>kiinnitt\u00e4\u00e4 tehokkaasti ohikulkijoiden huomion, eik\u00e4 vie juuri lainkaan tilaa.<\/li>\n<li><strong>Pintaputkiset kotelovalomainokset<\/strong> sopivat suurempiin ja kaukaa katseltaviin mainoksiin.<\/li>\n<li><strong>Pintaputkiset neonmainokset<\/strong><strong>\u00a0<\/strong>korostavat neonmainoksen muotoa ja luovat siten lis\u00e4arvoa.<\/li>\n<li><a href=\"https:\/\/www.jaadisain.ee\/fi\/ulkomainokset\/neonvalomainokset\/somisteneonit\/\"><strong>Somisteneonit<\/strong><\/a> voi ripustaa vaikka ikkunaan, sein\u00e4lle jne.<\/li>\n<\/ul>\n","protected":false},"excerpt":{"rendered":"<p>Neonvalomainokset kuuluvat n\u00e4ytt\u00e4vimpiin valomainoksiin. Neonvalomainoksia k\u00e4ytet\u00e4\u00e4n edelleen led-valaisimien voittokulusta huolimatta. Ep\u00e4ilyt neonputkien ja neonvalomainosten huonosta kest\u00e4vyydest\u00e4 eiv\u00e4t pid\u00e4 paikkaansa. Oikein tehty ja mitattu neonvalomainos kest\u00e4\u00e4 k\u00e4ytt\u00f6\u00e4 vuosikausia. Neonvalomainos on erinomainen vaihtoehto silloin, kun halutaan huomiota ja erottumista muista kaupunkikuvassa. Neonmainokset tehd\u00e4\u00e4n neonputkista, jotka ovat erityisi\u00e4 inertill\u00e4 kaasulla t\u00e4ytettyj\u00e4 lasiputkia. Neonputket kytket\u00e4\u00e4n s\u00e4hk\u00f6verkkoon, ja s\u00e4hk\u00f6 saa [&hellip;]<\/p>\n","protected":false},"author":4,"featured_media":9175,"parent":9176,"menu_order":1,"comment_status":"closed","ping_status":"closed","template":"","meta":{"_acf_changed":false,"footnotes":""},"class_list":["post-9174","page","type-page","status-publish","has-post-thumbnail","hentry"],"acf":[],"yoast_head":"<!-- This site is optimized with the Yoast SEO plugin v27.3 - https:\/\/yoast.com\/product\/yoast-seo-wordpress\/ -->\n<title>Neonvalomainokset, neonputket - JAA Disain O\u00dc<\/title>\n<meta name=\"description\" content=\"Neonvalomainokset, neonputket ovat n\u00e4ytt\u00e4vimpi\u00e4 ja upeimpia valomainoksia. Lue lis\u00e4\u00e4 ja katso valmiit neonvalomainokset t\u00e4\u00e4lt\u00e4!\" \/>\n<meta name=\"robots\" content=\"index, follow, max-snippet:-1, max-image-preview:large, max-video-preview:-1\" \/>\n<link rel=\"canonical\" href=\"https:\/\/www.jaadisain.ee\/fi\/ulkomainokset\/neonvalomainokset\/\" \/>\n<meta property=\"og:locale\" content=\"fi_FI\" \/>\n<meta property=\"og:type\" content=\"article\" \/>\n<meta property=\"og:title\" content=\"Neonvalomainokset, neonputket - JAA Disain O\u00dc\" \/>\n<meta property=\"og:description\" content=\"Neonvalomainokset, neonputket ovat n\u00e4ytt\u00e4vimpi\u00e4 ja upeimpia valomainoksia. Lue lis\u00e4\u00e4 ja katso valmiit neonvalomainokset t\u00e4\u00e4lt\u00e4!\" \/>\n<meta property=\"og:url\" content=\"https:\/\/www.jaadisain.ee\/fi\/ulkomainokset\/neonvalomainokset\/\" \/>\n<meta property=\"og:site_name\" content=\"JAA Disain\" \/>\n<meta property=\"article:publisher\" content=\"https:\/\/www.facebook.com\/JAA-Disain-156295277734632\/timeline\" \/>\n<meta property=\"article:modified_time\" content=\"2016-11-21T08:03:29+00:00\" \/>\n<meta property=\"og:image\" content=\"https:\/\/www.jaadisain.ee\/wp-content\/uploads\/2015\/11\/neoonreklaamid-11.jpg\" \/>\n\t<meta property=\"og:image:width\" content=\"587\" \/>\n\t<meta property=\"og:image:height\" content=\"414\" \/>\n\t<meta property=\"og:image:type\" content=\"image\/jpeg\" \/>\n<meta name=\"twitter:card\" content=\"summary_large_image\" \/>\n<meta name=\"twitter:label1\" content=\"Arvioitu lukuaika\" \/>\n\t<meta name=\"twitter:data1\" content=\"1 minuutti\" \/>\n<script type=\"application\/ld+json\" class=\"yoast-schema-graph\">{\"@context\":\"https:\\\/\\\/schema.org\",\"@graph\":[{\"@type\":\"WebPage\",\"@id\":\"https:\\\/\\\/www.jaadisain.ee\\\/fi\\\/ulkomainokset\\\/neonvalomainokset\\\/\",\"url\":\"https:\\\/\\\/www.jaadisain.ee\\\/fi\\\/ulkomainokset\\\/neonvalomainokset\\\/\",\"name\":\"Neonvalomainokset, neonputket - JAA Disain O\u00dc\",\"isPartOf\":{\"@id\":\"https:\\\/\\\/www.jaadisain.ee\\\/#website\"},\"primaryImageOfPage\":{\"@id\":\"https:\\\/\\\/www.jaadisain.ee\\\/fi\\\/ulkomainokset\\\/neonvalomainokset\\\/#primaryimage\"},\"image\":{\"@id\":\"https:\\\/\\\/www.jaadisain.ee\\\/fi\\\/ulkomainokset\\\/neonvalomainokset\\\/#primaryimage\"},\"thumbnailUrl\":\"https:\\\/\\\/www.jaadisain.ee\\\/wp-content\\\/uploads\\\/2015\\\/11\\\/neoonreklaamid-11.jpg\",\"datePublished\":\"2015-11-16T09:41:01+00:00\",\"dateModified\":\"2016-11-21T08:03:29+00:00\",\"description\":\"Neonvalomainokset, neonputket ovat n\u00e4ytt\u00e4vimpi\u00e4 ja upeimpia valomainoksia. Lue lis\u00e4\u00e4 ja katso valmiit neonvalomainokset t\u00e4\u00e4lt\u00e4!\",\"breadcrumb\":{\"@id\":\"https:\\\/\\\/www.jaadisain.ee\\\/fi\\\/ulkomainokset\\\/neonvalomainokset\\\/#breadcrumb\"},\"inLanguage\":\"fi\",\"potentialAction\":[{\"@type\":\"ReadAction\",\"target\":[\"https:\\\/\\\/www.jaadisain.ee\\\/fi\\\/ulkomainokset\\\/neonvalomainokset\\\/\"]}]},{\"@type\":\"ImageObject\",\"inLanguage\":\"fi\",\"@id\":\"https:\\\/\\\/www.jaadisain.ee\\\/fi\\\/ulkomainokset\\\/neonvalomainokset\\\/#primaryimage\",\"url\":\"https:\\\/\\\/www.jaadisain.ee\\\/wp-content\\\/uploads\\\/2015\\\/11\\\/neoonreklaamid-11.jpg\",\"contentUrl\":\"https:\\\/\\\/www.jaadisain.ee\\\/wp-content\\\/uploads\\\/2015\\\/11\\\/neoonreklaamid-11.jpg\",\"width\":587,\"height\":414,\"caption\":\"neonvalomainokset\"},{\"@type\":\"BreadcrumbList\",\"@id\":\"https:\\\/\\\/www.jaadisain.ee\\\/fi\\\/ulkomainokset\\\/neonvalomainokset\\\/#breadcrumb\",\"itemListElement\":[{\"@type\":\"ListItem\",\"position\":1,\"name\":\"Home\",\"item\":\"https:\\\/\\\/www.jaadisain.ee\\\/fi\\\/\"},{\"@type\":\"ListItem\",\"position\":2,\"name\":\"Tuotteet\",\"item\":\"https:\\\/\\\/www.jaadisain.ee\\\/fi\\\/ulkomainokset\\\/\"},{\"@type\":\"ListItem\",\"position\":3,\"name\":\"Neonvalomainokset\"}]},{\"@type\":\"WebSite\",\"@id\":\"https:\\\/\\\/www.jaadisain.ee\\\/#website\",\"url\":\"https:\\\/\\\/www.jaadisain.ee\\\/\",\"name\":\"JAA Disain\",\"description\":\"Valgusreklaamide tootja aastast 1993\",\"publisher\":{\"@id\":\"https:\\\/\\\/www.jaadisain.ee\\\/#organization\"},\"potentialAction\":[{\"@type\":\"SearchAction\",\"target\":{\"@type\":\"EntryPoint\",\"urlTemplate\":\"https:\\\/\\\/www.jaadisain.ee\\\/?s={search_term_string}\"},\"query-input\":{\"@type\":\"PropertyValueSpecification\",\"valueRequired\":true,\"valueName\":\"search_term_string\"}}],\"inLanguage\":\"fi\"},{\"@type\":\"Organization\",\"@id\":\"https:\\\/\\\/www.jaadisain.ee\\\/#organization\",\"name\":\"JAA Disain\",\"url\":\"https:\\\/\\\/www.jaadisain.ee\\\/\",\"logo\":{\"@type\":\"ImageObject\",\"inLanguage\":\"fi\",\"@id\":\"https:\\\/\\\/www.jaadisain.ee\\\/#\\\/schema\\\/logo\\\/image\\\/\",\"url\":\"https:\\\/\\\/www.jaadisain.ee\\\/wp-content\\\/uploads\\\/2016\\\/02\\\/JAA-Disain-logo.jpg\",\"contentUrl\":\"https:\\\/\\\/www.jaadisain.ee\\\/wp-content\\\/uploads\\\/2016\\\/02\\\/JAA-Disain-logo.jpg\",\"width\":443,\"height\":259,\"caption\":\"JAA Disain\"},\"image\":{\"@id\":\"https:\\\/\\\/www.jaadisain.ee\\\/#\\\/schema\\\/logo\\\/image\\\/\"},\"sameAs\":[\"https:\\\/\\\/www.facebook.com\\\/JAA-Disain-156295277734632\\\/timeline\"]}]}<\/script>\n<!-- \/ Yoast SEO plugin. -->","yoast_head_json":{"title":"Neonvalomainokset, neonputket - JAA Disain O\u00dc","description":"Neonvalomainokset, neonputket ovat n\u00e4ytt\u00e4vimpi\u00e4 ja upeimpia valomainoksia. Lue lis\u00e4\u00e4 ja katso valmiit neonvalomainokset t\u00e4\u00e4lt\u00e4!","robots":{"index":"index","follow":"follow","max-snippet":"max-snippet:-1","max-image-preview":"max-image-preview:large","max-video-preview":"max-video-preview:-1"},"canonical":"https:\/\/www.jaadisain.ee\/fi\/ulkomainokset\/neonvalomainokset\/","og_locale":"fi_FI","og_type":"article","og_title":"Neonvalomainokset, neonputket - JAA Disain O\u00dc","og_description":"Neonvalomainokset, neonputket ovat n\u00e4ytt\u00e4vimpi\u00e4 ja upeimpia valomainoksia. Lue lis\u00e4\u00e4 ja katso valmiit neonvalomainokset t\u00e4\u00e4lt\u00e4!","og_url":"https:\/\/www.jaadisain.ee\/fi\/ulkomainokset\/neonvalomainokset\/","og_site_name":"JAA Disain","article_publisher":"https:\/\/www.facebook.com\/JAA-Disain-156295277734632\/timeline","article_modified_time":"2016-11-21T08:03:29+00:00","og_image":[{"width":587,"height":414,"url":"https:\/\/www.jaadisain.ee\/wp-content\/uploads\/2015\/11\/neoonreklaamid-11.jpg","type":"image\/jpeg"}],"twitter_card":"summary_large_image","twitter_misc":{"Arvioitu lukuaika":"1 minuutti"},"schema":{"@context":"https:\/\/schema.org","@graph":[{"@type":"WebPage","@id":"https:\/\/www.jaadisain.ee\/fi\/ulkomainokset\/neonvalomainokset\/","url":"https:\/\/www.jaadisain.ee\/fi\/ulkomainokset\/neonvalomainokset\/","name":"Neonvalomainokset, neonputket - JAA Disain O\u00dc","isPartOf":{"@id":"https:\/\/www.jaadisain.ee\/#website"},"primaryImageOfPage":{"@id":"https:\/\/www.jaadisain.ee\/fi\/ulkomainokset\/neonvalomainokset\/#primaryimage"},"image":{"@id":"https:\/\/www.jaadisain.ee\/fi\/ulkomainokset\/neonvalomainokset\/#primaryimage"},"thumbnailUrl":"https:\/\/www.jaadisain.ee\/wp-content\/uploads\/2015\/11\/neoonreklaamid-11.jpg","datePublished":"2015-11-16T09:41:01+00:00","dateModified":"2016-11-21T08:03:29+00:00","description":"Neonvalomainokset, neonputket ovat n\u00e4ytt\u00e4vimpi\u00e4 ja upeimpia valomainoksia. Lue lis\u00e4\u00e4 ja katso valmiit neonvalomainokset t\u00e4\u00e4lt\u00e4!","breadcrumb":{"@id":"https:\/\/www.jaadisain.ee\/fi\/ulkomainokset\/neonvalomainokset\/#breadcrumb"},"inLanguage":"fi","potentialAction":[{"@type":"ReadAction","target":["https:\/\/www.jaadisain.ee\/fi\/ulkomainokset\/neonvalomainokset\/"]}]},{"@type":"ImageObject","inLanguage":"fi","@id":"https:\/\/www.jaadisain.ee\/fi\/ulkomainokset\/neonvalomainokset\/#primaryimage","url":"https:\/\/www.jaadisain.ee\/wp-content\/uploads\/2015\/11\/neoonreklaamid-11.jpg","contentUrl":"https:\/\/www.jaadisain.ee\/wp-content\/uploads\/2015\/11\/neoonreklaamid-11.jpg","width":587,"height":414,"caption":"neonvalomainokset"},{"@type":"BreadcrumbList","@id":"https:\/\/www.jaadisain.ee\/fi\/ulkomainokset\/neonvalomainokset\/#breadcrumb","itemListElement":[{"@type":"ListItem","position":1,"name":"Home","item":"https:\/\/www.jaadisain.ee\/fi\/"},{"@type":"ListItem","position":2,"name":"Tuotteet","item":"https:\/\/www.jaadisain.ee\/fi\/ulkomainokset\/"},{"@type":"ListItem","position":3,"name":"Neonvalomainokset"}]},{"@type":"WebSite","@id":"https:\/\/www.jaadisain.ee\/#website","url":"https:\/\/www.jaadisain.ee\/","name":"JAA Disain","description":"Valgusreklaamide tootja aastast 1993","publisher":{"@id":"https:\/\/www.jaadisain.ee\/#organization"},"potentialAction":[{"@type":"SearchAction","target":{"@type":"EntryPoint","urlTemplate":"https:\/\/www.jaadisain.ee\/?s={search_term_string}"},"query-input":{"@type":"PropertyValueSpecification","valueRequired":true,"valueName":"search_term_string"}}],"inLanguage":"fi"},{"@type":"Organization","@id":"https:\/\/www.jaadisain.ee\/#organization","name":"JAA Disain","url":"https:\/\/www.jaadisain.ee\/","logo":{"@type":"ImageObject","inLanguage":"fi","@id":"https:\/\/www.jaadisain.ee\/#\/schema\/logo\/image\/","url":"https:\/\/www.jaadisain.ee\/wp-content\/uploads\/2016\/02\/JAA-Disain-logo.jpg","contentUrl":"https:\/\/www.jaadisain.ee\/wp-content\/uploads\/2016\/02\/JAA-Disain-logo.jpg","width":443,"height":259,"caption":"JAA Disain"},"image":{"@id":"https:\/\/www.jaadisain.ee\/#\/schema\/logo\/image\/"},"sameAs":["https:\/\/www.facebook.com\/JAA-Disain-156295277734632\/timeline"]}]}},"_links":{"self":[{"href":"https:\/\/www.jaadisain.ee\/fi\/wp-json\/wp\/v2\/pages\/9174","targetHints":{"allow":["GET"]}}],"collection":[{"href":"https:\/\/www.jaadisain.ee\/fi\/wp-json\/wp\/v2\/pages"}],"about":[{"href":"https:\/\/www.jaadisain.ee\/fi\/wp-json\/wp\/v2\/types\/page"}],"author":[{"embeddable":true,"href":"https:\/\/www.jaadisain.ee\/fi\/wp-json\/wp\/v2\/users\/4"}],"replies":[{"embeddable":true,"href":"https:\/\/www.jaadisain.ee\/fi\/wp-json\/wp\/v2\/comments?post=9174"}],"version-history":[{"count":1,"href":"https:\/\/www.jaadisain.ee\/fi\/wp-json\/wp\/v2\/pages\/9174\/revisions"}],"predecessor-version":[{"id":9260,"href":"https:\/\/www.jaadisain.ee\/fi\/wp-json\/wp\/v2\/pages\/9174\/revisions\/9260"}],"up":[{"embeddable":true,"href":"https:\/\/www.jaadisain.ee\/fi\/wp-json\/wp\/v2\/pages\/9176"}],"wp:featuredmedia":[{"embeddable":true,"href":"https:\/\/www.jaadisain.ee\/fi\/wp-json\/wp\/v2\/media\/9175"}],"wp:attachment":[{"href":"https:\/\/www.jaadisain.ee\/fi\/wp-json\/wp\/v2\/media?parent=9174"}],"curies":[{"name":"wp","href":"https:\/\/api.w.org\/{rel}","templated":true}]}}