{"id":9116,"date":"2015-11-16T10:34:37","date_gmt":"2015-11-16T10:34:37","guid":{"rendered":"http:\/\/www.jaadisain.ee\/fi\/valgustahed\/"},"modified":"2016-11-02T11:43:16","modified_gmt":"2016-11-02T09:43:16","slug":"irtokirjainvalomainokset","status":"publish","type":"page","link":"https:\/\/www.jaadisain.ee\/fi\/ulkomainokset\/irtokirjainvalomainokset\/","title":{"rendered":"Irtokirjainvalomainokset"},"content":{"rendered":"<h1>Kolmiulotteiset yrityksen logot on helpointa toteuttaa irtokirjainvalomainoksina<\/h1>\n<p>Irtokirjainvalomainokset ovat valomainoksia, jotka huomataan varmasti. Irtokirjainvalomainokset ovat n\u00e4ytt\u00e4vimpi\u00e4 ja my\u00f6s yleisimmin k\u00e4ytettyj\u00e4 valomainoksia, jotka erottuvat muista juuri ainutlaatuisen muotonsa ansiosta. Yritysten logoista voidaan tehd\u00e4 valaistuja, kolmiulotteisia irtokirjainvalomainoksia. Valaistukseen k\u00e4ytet\u00e4\u00e4n laadukkaitta ja v\u00e4h\u00e4n s\u00e4hk\u00f6\u00e4 kuluttavia ledej\u00e4.<\/p>\n<h2>Irtokirjainvalomainokset, vaihtoehdot:<\/h2>\n<ul>\n<li><strong>Eteenp\u00e4in valaisevat irtokirjainvalomainokset<\/strong>: kirjainten sis\u00e4ll\u00e4 olevien valaisinten valo kohdistuu eteenp\u00e4in valaisten irtokirjainvalomainoksen etupuolen.<\/li>\n<li><strong>Taaksep\u00e4in valaisevat irtokirjainvalomainokset<\/strong>: kirjainten sis\u00e4ll\u00e4 olevien valaisinten valo kohdistuu taaksep\u00e4in valaisten irtokirjainvalomainoksen taustan. Valo levi\u00e4\u00e4 my\u00f6s kirjainten ymp\u00e4rille.<\/li>\n<li><strong>Eteen- ja taaksep\u00e4in valaisevat irtokirjainvalomainokset<\/strong>:\u00a0kirjainten etuosan lis\u00e4ksi valaistaan my\u00f6s kirjainten takaosa ja valo heijastuu lis\u00e4ksi kirjainten takana olevaan sein\u00e4\u00e4n.<\/li>\n<li><a href=\"https:\/\/www.jaadisain.ee\/fi\/ulkomainokset\/irtokirjainvalomainokset\/tilaustyot\/\"><strong>Tilausty\u00f6t<\/strong><\/a><\/li>\n<\/ul>\n","protected":false},"excerpt":{"rendered":"<p>Kolmiulotteiset yrityksen logot on helpointa toteuttaa irtokirjainvalomainoksina Irtokirjainvalomainokset ovat valomainoksia, jotka huomataan varmasti. Irtokirjainvalomainokset ovat n\u00e4ytt\u00e4vimpi\u00e4 ja my\u00f6s yleisimmin k\u00e4ytettyj\u00e4 valomainoksia, jotka erottuvat muista juuri ainutlaatuisen muotonsa ansiosta. Yritysten logoista voidaan tehd\u00e4 valaistuja, kolmiulotteisia irtokirjainvalomainoksia. Valaistukseen k\u00e4ytet\u00e4\u00e4n laadukkaitta ja v\u00e4h\u00e4n s\u00e4hk\u00f6\u00e4 kuluttavia ledej\u00e4. Irtokirjainvalomainokset, vaihtoehdot: Eteenp\u00e4in valaisevat irtokirjainvalomainokset: kirjainten sis\u00e4ll\u00e4 olevien valaisinten valo kohdistuu eteenp\u00e4in [&hellip;]<\/p>\n","protected":false},"author":4,"featured_media":9140,"parent":9176,"menu_order":2,"comment_status":"closed","ping_status":"closed","template":"","meta":{"_acf_changed":false,"footnotes":""},"class_list":["post-9116","page","type-page","status-publish","has-post-thumbnail","hentry"],"acf":[],"yoast_head":"<!-- This site is optimized with the Yoast SEO plugin v27.3 - https:\/\/yoast.com\/product\/yoast-seo-wordpress\/ -->\n<title>Irtokirjainvalomainokset, eteen ja taaksep\u00e4in valaisevat valomainokset<\/title>\n<meta name=\"description\" content=\"Irtokirjainvalomainokset ovat paras tapa esitell\u00e4 yrityksen logo 3D:n\u00e4. Valaistu laadukkailla ja energiaa s\u00e4\u00e4st\u00e4vill\u00e4 LED-moduuleilla.\" \/>\n<meta name=\"robots\" content=\"index, follow, max-snippet:-1, max-image-preview:large, max-video-preview:-1\" \/>\n<link rel=\"canonical\" href=\"https:\/\/www.jaadisain.ee\/fi\/ulkomainokset\/irtokirjainvalomainokset\/\" \/>\n<meta property=\"og:locale\" content=\"fi_FI\" \/>\n<meta property=\"og:type\" content=\"article\" \/>\n<meta property=\"og:title\" content=\"Irtokirjainvalomainokset, eteen ja taaksep\u00e4in valaisevat valomainokset\" \/>\n<meta property=\"og:description\" content=\"Irtokirjainvalomainokset ovat paras tapa esitell\u00e4 yrityksen logo 3D:n\u00e4. Valaistu laadukkailla ja energiaa s\u00e4\u00e4st\u00e4vill\u00e4 LED-moduuleilla.\" \/>\n<meta property=\"og:url\" content=\"https:\/\/www.jaadisain.ee\/fi\/ulkomainokset\/irtokirjainvalomainokset\/\" \/>\n<meta property=\"og:site_name\" content=\"JAA Disain\" \/>\n<meta property=\"article:publisher\" content=\"https:\/\/www.facebook.com\/JAA-Disain-156295277734632\/timeline\" \/>\n<meta property=\"article:modified_time\" content=\"2016-11-02T09:43:16+00:00\" \/>\n<meta property=\"og:image\" content=\"https:\/\/www.jaadisain.ee\/wp-content\/uploads\/2015\/11\/valgustahed.jpg\" \/>\n\t<meta property=\"og:image:width\" content=\"800\" \/>\n\t<meta property=\"og:image:height\" content=\"450\" \/>\n\t<meta property=\"og:image:type\" content=\"image\/jpeg\" \/>\n<meta name=\"twitter:card\" content=\"summary_large_image\" \/>\n<meta name=\"twitter:label1\" content=\"Arvioitu lukuaika\" \/>\n\t<meta name=\"twitter:data1\" content=\"1 minuutti\" \/>\n<script type=\"application\/ld+json\" class=\"yoast-schema-graph\">{\"@context\":\"https:\\\/\\\/schema.org\",\"@graph\":[{\"@type\":\"WebPage\",\"@id\":\"https:\\\/\\\/www.jaadisain.ee\\\/fi\\\/ulkomainokset\\\/irtokirjainvalomainokset\\\/\",\"url\":\"https:\\\/\\\/www.jaadisain.ee\\\/fi\\\/ulkomainokset\\\/irtokirjainvalomainokset\\\/\",\"name\":\"Irtokirjainvalomainokset, eteen ja taaksep\u00e4in valaisevat valomainokset\",\"isPartOf\":{\"@id\":\"https:\\\/\\\/www.jaadisain.ee\\\/#website\"},\"primaryImageOfPage\":{\"@id\":\"https:\\\/\\\/www.jaadisain.ee\\\/fi\\\/ulkomainokset\\\/irtokirjainvalomainokset\\\/#primaryimage\"},\"image\":{\"@id\":\"https:\\\/\\\/www.jaadisain.ee\\\/fi\\\/ulkomainokset\\\/irtokirjainvalomainokset\\\/#primaryimage\"},\"thumbnailUrl\":\"https:\\\/\\\/www.jaadisain.ee\\\/wp-content\\\/uploads\\\/2015\\\/11\\\/valgustahed.jpg\",\"datePublished\":\"2015-11-16T10:34:37+00:00\",\"dateModified\":\"2016-11-02T09:43:16+00:00\",\"description\":\"Irtokirjainvalomainokset ovat paras tapa esitell\u00e4 yrityksen logo 3D:n\u00e4. Valaistu laadukkailla ja energiaa s\u00e4\u00e4st\u00e4vill\u00e4 LED-moduuleilla.\",\"breadcrumb\":{\"@id\":\"https:\\\/\\\/www.jaadisain.ee\\\/fi\\\/ulkomainokset\\\/irtokirjainvalomainokset\\\/#breadcrumb\"},\"inLanguage\":\"fi\",\"potentialAction\":[{\"@type\":\"ReadAction\",\"target\":[\"https:\\\/\\\/www.jaadisain.ee\\\/fi\\\/ulkomainokset\\\/irtokirjainvalomainokset\\\/\"]}]},{\"@type\":\"ImageObject\",\"inLanguage\":\"fi\",\"@id\":\"https:\\\/\\\/www.jaadisain.ee\\\/fi\\\/ulkomainokset\\\/irtokirjainvalomainokset\\\/#primaryimage\",\"url\":\"https:\\\/\\\/www.jaadisain.ee\\\/wp-content\\\/uploads\\\/2015\\\/11\\\/valgustahed.jpg\",\"contentUrl\":\"https:\\\/\\\/www.jaadisain.ee\\\/wp-content\\\/uploads\\\/2015\\\/11\\\/valgustahed.jpg\",\"width\":800,\"height\":450,\"caption\":\"irtokirjainvalomainokset\"},{\"@type\":\"BreadcrumbList\",\"@id\":\"https:\\\/\\\/www.jaadisain.ee\\\/fi\\\/ulkomainokset\\\/irtokirjainvalomainokset\\\/#breadcrumb\",\"itemListElement\":[{\"@type\":\"ListItem\",\"position\":1,\"name\":\"Home\",\"item\":\"https:\\\/\\\/www.jaadisain.ee\\\/fi\\\/\"},{\"@type\":\"ListItem\",\"position\":2,\"name\":\"Tuotteet\",\"item\":\"https:\\\/\\\/www.jaadisain.ee\\\/fi\\\/ulkomainokset\\\/\"},{\"@type\":\"ListItem\",\"position\":3,\"name\":\"Irtokirjainvalomainokset\"}]},{\"@type\":\"WebSite\",\"@id\":\"https:\\\/\\\/www.jaadisain.ee\\\/#website\",\"url\":\"https:\\\/\\\/www.jaadisain.ee\\\/\",\"name\":\"JAA Disain\",\"description\":\"Valgusreklaamide tootja aastast 1993\",\"publisher\":{\"@id\":\"https:\\\/\\\/www.jaadisain.ee\\\/#organization\"},\"potentialAction\":[{\"@type\":\"SearchAction\",\"target\":{\"@type\":\"EntryPoint\",\"urlTemplate\":\"https:\\\/\\\/www.jaadisain.ee\\\/?s={search_term_string}\"},\"query-input\":{\"@type\":\"PropertyValueSpecification\",\"valueRequired\":true,\"valueName\":\"search_term_string\"}}],\"inLanguage\":\"fi\"},{\"@type\":\"Organization\",\"@id\":\"https:\\\/\\\/www.jaadisain.ee\\\/#organization\",\"name\":\"JAA Disain\",\"url\":\"https:\\\/\\\/www.jaadisain.ee\\\/\",\"logo\":{\"@type\":\"ImageObject\",\"inLanguage\":\"fi\",\"@id\":\"https:\\\/\\\/www.jaadisain.ee\\\/#\\\/schema\\\/logo\\\/image\\\/\",\"url\":\"https:\\\/\\\/www.jaadisain.ee\\\/wp-content\\\/uploads\\\/2016\\\/02\\\/JAA-Disain-logo.jpg\",\"contentUrl\":\"https:\\\/\\\/www.jaadisain.ee\\\/wp-content\\\/uploads\\\/2016\\\/02\\\/JAA-Disain-logo.jpg\",\"width\":443,\"height\":259,\"caption\":\"JAA Disain\"},\"image\":{\"@id\":\"https:\\\/\\\/www.jaadisain.ee\\\/#\\\/schema\\\/logo\\\/image\\\/\"},\"sameAs\":[\"https:\\\/\\\/www.facebook.com\\\/JAA-Disain-156295277734632\\\/timeline\"]}]}<\/script>\n<!-- \/ Yoast SEO plugin. -->","yoast_head_json":{"title":"Irtokirjainvalomainokset, eteen ja taaksep\u00e4in valaisevat valomainokset","description":"Irtokirjainvalomainokset ovat paras tapa esitell\u00e4 yrityksen logo 3D:n\u00e4. Valaistu laadukkailla ja energiaa s\u00e4\u00e4st\u00e4vill\u00e4 LED-moduuleilla.","robots":{"index":"index","follow":"follow","max-snippet":"max-snippet:-1","max-image-preview":"max-image-preview:large","max-video-preview":"max-video-preview:-1"},"canonical":"https:\/\/www.jaadisain.ee\/fi\/ulkomainokset\/irtokirjainvalomainokset\/","og_locale":"fi_FI","og_type":"article","og_title":"Irtokirjainvalomainokset, eteen ja taaksep\u00e4in valaisevat valomainokset","og_description":"Irtokirjainvalomainokset ovat paras tapa esitell\u00e4 yrityksen logo 3D:n\u00e4. Valaistu laadukkailla ja energiaa s\u00e4\u00e4st\u00e4vill\u00e4 LED-moduuleilla.","og_url":"https:\/\/www.jaadisain.ee\/fi\/ulkomainokset\/irtokirjainvalomainokset\/","og_site_name":"JAA Disain","article_publisher":"https:\/\/www.facebook.com\/JAA-Disain-156295277734632\/timeline","article_modified_time":"2016-11-02T09:43:16+00:00","og_image":[{"width":800,"height":450,"url":"https:\/\/www.jaadisain.ee\/wp-content\/uploads\/2015\/11\/valgustahed.jpg","type":"image\/jpeg"}],"twitter_card":"summary_large_image","twitter_misc":{"Arvioitu lukuaika":"1 minuutti"},"schema":{"@context":"https:\/\/schema.org","@graph":[{"@type":"WebPage","@id":"https:\/\/www.jaadisain.ee\/fi\/ulkomainokset\/irtokirjainvalomainokset\/","url":"https:\/\/www.jaadisain.ee\/fi\/ulkomainokset\/irtokirjainvalomainokset\/","name":"Irtokirjainvalomainokset, eteen ja taaksep\u00e4in valaisevat valomainokset","isPartOf":{"@id":"https:\/\/www.jaadisain.ee\/#website"},"primaryImageOfPage":{"@id":"https:\/\/www.jaadisain.ee\/fi\/ulkomainokset\/irtokirjainvalomainokset\/#primaryimage"},"image":{"@id":"https:\/\/www.jaadisain.ee\/fi\/ulkomainokset\/irtokirjainvalomainokset\/#primaryimage"},"thumbnailUrl":"https:\/\/www.jaadisain.ee\/wp-content\/uploads\/2015\/11\/valgustahed.jpg","datePublished":"2015-11-16T10:34:37+00:00","dateModified":"2016-11-02T09:43:16+00:00","description":"Irtokirjainvalomainokset ovat paras tapa esitell\u00e4 yrityksen logo 3D:n\u00e4. Valaistu laadukkailla ja energiaa s\u00e4\u00e4st\u00e4vill\u00e4 LED-moduuleilla.","breadcrumb":{"@id":"https:\/\/www.jaadisain.ee\/fi\/ulkomainokset\/irtokirjainvalomainokset\/#breadcrumb"},"inLanguage":"fi","potentialAction":[{"@type":"ReadAction","target":["https:\/\/www.jaadisain.ee\/fi\/ulkomainokset\/irtokirjainvalomainokset\/"]}]},{"@type":"ImageObject","inLanguage":"fi","@id":"https:\/\/www.jaadisain.ee\/fi\/ulkomainokset\/irtokirjainvalomainokset\/#primaryimage","url":"https:\/\/www.jaadisain.ee\/wp-content\/uploads\/2015\/11\/valgustahed.jpg","contentUrl":"https:\/\/www.jaadisain.ee\/wp-content\/uploads\/2015\/11\/valgustahed.jpg","width":800,"height":450,"caption":"irtokirjainvalomainokset"},{"@type":"BreadcrumbList","@id":"https:\/\/www.jaadisain.ee\/fi\/ulkomainokset\/irtokirjainvalomainokset\/#breadcrumb","itemListElement":[{"@type":"ListItem","position":1,"name":"Home","item":"https:\/\/www.jaadisain.ee\/fi\/"},{"@type":"ListItem","position":2,"name":"Tuotteet","item":"https:\/\/www.jaadisain.ee\/fi\/ulkomainokset\/"},{"@type":"ListItem","position":3,"name":"Irtokirjainvalomainokset"}]},{"@type":"WebSite","@id":"https:\/\/www.jaadisain.ee\/#website","url":"https:\/\/www.jaadisain.ee\/","name":"JAA Disain","description":"Valgusreklaamide tootja aastast 1993","publisher":{"@id":"https:\/\/www.jaadisain.ee\/#organization"},"potentialAction":[{"@type":"SearchAction","target":{"@type":"EntryPoint","urlTemplate":"https:\/\/www.jaadisain.ee\/?s={search_term_string}"},"query-input":{"@type":"PropertyValueSpecification","valueRequired":true,"valueName":"search_term_string"}}],"inLanguage":"fi"},{"@type":"Organization","@id":"https:\/\/www.jaadisain.ee\/#organization","name":"JAA Disain","url":"https:\/\/www.jaadisain.ee\/","logo":{"@type":"ImageObject","inLanguage":"fi","@id":"https:\/\/www.jaadisain.ee\/#\/schema\/logo\/image\/","url":"https:\/\/www.jaadisain.ee\/wp-content\/uploads\/2016\/02\/JAA-Disain-logo.jpg","contentUrl":"https:\/\/www.jaadisain.ee\/wp-content\/uploads\/2016\/02\/JAA-Disain-logo.jpg","width":443,"height":259,"caption":"JAA Disain"},"image":{"@id":"https:\/\/www.jaadisain.ee\/#\/schema\/logo\/image\/"},"sameAs":["https:\/\/www.facebook.com\/JAA-Disain-156295277734632\/timeline"]}]}},"_links":{"self":[{"href":"https:\/\/www.jaadisain.ee\/fi\/wp-json\/wp\/v2\/pages\/9116","targetHints":{"allow":["GET"]}}],"collection":[{"href":"https:\/\/www.jaadisain.ee\/fi\/wp-json\/wp\/v2\/pages"}],"about":[{"href":"https:\/\/www.jaadisain.ee\/fi\/wp-json\/wp\/v2\/types\/page"}],"author":[{"embeddable":true,"href":"https:\/\/www.jaadisain.ee\/fi\/wp-json\/wp\/v2\/users\/4"}],"replies":[{"embeddable":true,"href":"https:\/\/www.jaadisain.ee\/fi\/wp-json\/wp\/v2\/comments?post=9116"}],"version-history":[{"count":1,"href":"https:\/\/www.jaadisain.ee\/fi\/wp-json\/wp\/v2\/pages\/9116\/revisions"}],"predecessor-version":[{"id":9587,"href":"https:\/\/www.jaadisain.ee\/fi\/wp-json\/wp\/v2\/pages\/9116\/revisions\/9587"}],"up":[{"embeddable":true,"href":"https:\/\/www.jaadisain.ee\/fi\/wp-json\/wp\/v2\/pages\/9176"}],"wp:featuredmedia":[{"embeddable":true,"href":"https:\/\/www.jaadisain.ee\/fi\/wp-json\/wp\/v2\/media\/9140"}],"wp:attachment":[{"href":"https:\/\/www.jaadisain.ee\/fi\/wp-json\/wp\/v2\/media?parent=9116"}],"curies":[{"name":"wp","href":"https:\/\/api.w.org\/{rel}","templated":true}]}}