{"id":9113,"date":"2015-11-16T10:35:46","date_gmt":"2015-11-16T10:35:46","guid":{"rendered":"http:\/\/www.jaadisain.ee\/fi\/tahavalgustatud-tahed-2\/"},"modified":"2016-11-03T14:53:29","modified_gmt":"2016-11-03T12:53:29","slug":"taaksepain-valaistut-valomainokset","status":"publish","type":"page","link":"https:\/\/www.jaadisain.ee\/fi\/ulkomainokset\/irtokirjainvalomainokset\/taaksepain-valaistut-valomainokset\/","title":{"rendered":"Taaksep\u00e4in valaistut valomainokset"},"content":{"rendered":"<p>Taaksep\u00e4in valaistut valomainokset, irtokirjainvalomainokset &#8211; er\u00e4s ylellisimpi\u00e4 ja yleisimpi\u00e4 valomainoksia.<\/p>\n<p>Taaksep\u00e4in valaistuissa valomainoksissa valaistus on kohdistettu kirjainten taustaan p\u00e4invastoin kuin eteenp\u00e4in valaisevissa mainosvalokirjaimissa. Olipa kyseess\u00e4 sitten rakennus tai taustalevy, irtokirjainmainosvalojen etuosaa ei valaista ja valo heijastuu kirjainten ymp\u00e4rille. Taaksep\u00e4in valaistusta tehostaa my\u00f6s se, ett\u00e4 kirjaimet asennetaan hiukan irti sein\u00e4st\u00e4 v\u00e4liholkeilla, ja valo p\u00e4\u00e4see valaisemaan sein\u00e4n ja kirjainten v\u00e4liin j\u00e4\u00e4v\u00e4n tyhj\u00e4n tilan. Taaksep\u00e4in valaistujen valomainosten kotelot valmistetaan yleens\u00e4 alumiinista ja jauhemaalataan. Ledit asennetaan koteloihin, ja taaksep\u00e4in valaistuksen aikaansaamiseksi koteloiden takasein\u00e4 on l\u00e4pin\u00e4kyv\u00e4, eli se l\u00e4p\u00e4isee valoa tehokkaasti. Takasein\u00e4 on tehty akryylilasista, joka l\u00e4pin\u00e4kyvyyden lis\u00e4ksi suojaa ledit ja s\u00e4hk\u00f6j\u00e4rjestelm\u00e4t s\u00e4\u00e4lt\u00e4.<\/p>\n<h2>Taaksep\u00e4in valaistut valomainokset, k\u00e4ytt\u00f6mahdollisuudet ja referenssit:<\/h2>\n","protected":false},"excerpt":{"rendered":"<p>Taaksep\u00e4in valaistut valomainokset, irtokirjainvalomainokset &#8211; er\u00e4s ylellisimpi\u00e4 ja yleisimpi\u00e4 valomainoksia. Taaksep\u00e4in valaistuissa valomainoksissa valaistus on kohdistettu kirjainten taustaan p\u00e4invastoin kuin eteenp\u00e4in valaisevissa mainosvalokirjaimissa. Olipa kyseess\u00e4 sitten rakennus tai taustalevy, irtokirjainmainosvalojen etuosaa ei valaista ja valo heijastuu kirjainten ymp\u00e4rille. Taaksep\u00e4in valaistusta tehostaa my\u00f6s se, ett\u00e4 kirjaimet asennetaan hiukan irti sein\u00e4st\u00e4 v\u00e4liholkeilla, ja valo p\u00e4\u00e4see valaisemaan sein\u00e4n [&hellip;]<\/p>\n","protected":false},"author":4,"featured_media":8904,"parent":9116,"menu_order":2,"comment_status":"closed","ping_status":"closed","template":"","meta":{"_acf_changed":false,"footnotes":""},"class_list":["post-9113","page","type-page","status-publish","has-post-thumbnail","hentry"],"acf":[],"yoast_head":"<!-- This site is optimized with the Yoast SEO plugin v27.3 - https:\/\/yoast.com\/product\/yoast-seo-wordpress\/ -->\n<title>Taaksep\u00e4in valaistut valomainokset, irtokirjaimet - JAA Disain O\u00dc<\/title>\n<meta name=\"description\" content=\"Taaksep\u00e4in valaistut valomainokset, irtokirjainvalomainokset - er\u00e4s ylellisimpi\u00e4 ja yleisimpi\u00e4 valomainoksia. Lue lis\u00e4\u00e4 ja katso valmiit ty\u00f6t!\" \/>\n<meta name=\"robots\" content=\"index, follow, max-snippet:-1, max-image-preview:large, max-video-preview:-1\" \/>\n<link rel=\"canonical\" href=\"https:\/\/www.jaadisain.ee\/fi\/ulkomainokset\/irtokirjainvalomainokset\/taaksepain-valaistut-valomainokset\/\" \/>\n<meta property=\"og:locale\" content=\"fi_FI\" \/>\n<meta property=\"og:type\" content=\"article\" \/>\n<meta property=\"og:title\" content=\"Taaksep\u00e4in valaistut valomainokset, irtokirjaimet - JAA Disain O\u00dc\" \/>\n<meta property=\"og:description\" content=\"Taaksep\u00e4in valaistut valomainokset, irtokirjainvalomainokset - er\u00e4s ylellisimpi\u00e4 ja yleisimpi\u00e4 valomainoksia. Lue lis\u00e4\u00e4 ja katso valmiit ty\u00f6t!\" \/>\n<meta property=\"og:url\" content=\"https:\/\/www.jaadisain.ee\/fi\/ulkomainokset\/irtokirjainvalomainokset\/taaksepain-valaistut-valomainokset\/\" \/>\n<meta property=\"og:site_name\" content=\"JAA Disain\" \/>\n<meta property=\"article:publisher\" content=\"https:\/\/www.facebook.com\/JAA-Disain-156295277734632\/timeline\" \/>\n<meta property=\"article:modified_time\" content=\"2016-11-03T12:53:29+00:00\" \/>\n<meta property=\"og:image\" content=\"https:\/\/www.jaadisain.ee\/wp-content\/uploads\/2015\/11\/led-logo-al-bastione-taustvalgusega-ja-valguskast.jpg\" \/>\n\t<meta property=\"og:image:width\" content=\"800\" \/>\n\t<meta property=\"og:image:height\" content=\"533\" \/>\n\t<meta property=\"og:image:type\" content=\"image\/jpeg\" \/>\n<meta name=\"twitter:card\" content=\"summary_large_image\" \/>\n<meta name=\"twitter:label1\" content=\"Arvioitu lukuaika\" \/>\n\t<meta name=\"twitter:data1\" content=\"1 minuutti\" \/>\n<script type=\"application\/ld+json\" class=\"yoast-schema-graph\">{\"@context\":\"https:\\\/\\\/schema.org\",\"@graph\":[{\"@type\":\"WebPage\",\"@id\":\"https:\\\/\\\/www.jaadisain.ee\\\/fi\\\/ulkomainokset\\\/irtokirjainvalomainokset\\\/taaksepain-valaistut-valomainokset\\\/\",\"url\":\"https:\\\/\\\/www.jaadisain.ee\\\/fi\\\/ulkomainokset\\\/irtokirjainvalomainokset\\\/taaksepain-valaistut-valomainokset\\\/\",\"name\":\"Taaksep\u00e4in valaistut valomainokset, irtokirjaimet - JAA Disain O\u00dc\",\"isPartOf\":{\"@id\":\"https:\\\/\\\/www.jaadisain.ee\\\/#website\"},\"primaryImageOfPage\":{\"@id\":\"https:\\\/\\\/www.jaadisain.ee\\\/fi\\\/ulkomainokset\\\/irtokirjainvalomainokset\\\/taaksepain-valaistut-valomainokset\\\/#primaryimage\"},\"image\":{\"@id\":\"https:\\\/\\\/www.jaadisain.ee\\\/fi\\\/ulkomainokset\\\/irtokirjainvalomainokset\\\/taaksepain-valaistut-valomainokset\\\/#primaryimage\"},\"thumbnailUrl\":\"https:\\\/\\\/www.jaadisain.ee\\\/wp-content\\\/uploads\\\/2015\\\/11\\\/led-logo-al-bastione-taustvalgusega-ja-valguskast.jpg\",\"datePublished\":\"2015-11-16T10:35:46+00:00\",\"dateModified\":\"2016-11-03T12:53:29+00:00\",\"description\":\"Taaksep\u00e4in valaistut valomainokset, irtokirjainvalomainokset - er\u00e4s ylellisimpi\u00e4 ja yleisimpi\u00e4 valomainoksia. Lue lis\u00e4\u00e4 ja katso valmiit ty\u00f6t!\",\"breadcrumb\":{\"@id\":\"https:\\\/\\\/www.jaadisain.ee\\\/fi\\\/ulkomainokset\\\/irtokirjainvalomainokset\\\/taaksepain-valaistut-valomainokset\\\/#breadcrumb\"},\"inLanguage\":\"fi\",\"potentialAction\":[{\"@type\":\"ReadAction\",\"target\":[\"https:\\\/\\\/www.jaadisain.ee\\\/fi\\\/ulkomainokset\\\/irtokirjainvalomainokset\\\/taaksepain-valaistut-valomainokset\\\/\"]}]},{\"@type\":\"ImageObject\",\"inLanguage\":\"fi\",\"@id\":\"https:\\\/\\\/www.jaadisain.ee\\\/fi\\\/ulkomainokset\\\/irtokirjainvalomainokset\\\/taaksepain-valaistut-valomainokset\\\/#primaryimage\",\"url\":\"https:\\\/\\\/www.jaadisain.ee\\\/wp-content\\\/uploads\\\/2015\\\/11\\\/led-logo-al-bastione-taustvalgusega-ja-valguskast.jpg\",\"contentUrl\":\"https:\\\/\\\/www.jaadisain.ee\\\/wp-content\\\/uploads\\\/2015\\\/11\\\/led-logo-al-bastione-taustvalgusega-ja-valguskast.jpg\",\"width\":800,\"height\":533,\"caption\":\"taaksep\u00e4in valaistut valomainokset\"},{\"@type\":\"BreadcrumbList\",\"@id\":\"https:\\\/\\\/www.jaadisain.ee\\\/fi\\\/ulkomainokset\\\/irtokirjainvalomainokset\\\/taaksepain-valaistut-valomainokset\\\/#breadcrumb\",\"itemListElement\":[{\"@type\":\"ListItem\",\"position\":1,\"name\":\"Home\",\"item\":\"https:\\\/\\\/www.jaadisain.ee\\\/fi\\\/\"},{\"@type\":\"ListItem\",\"position\":2,\"name\":\"Tuotteet\",\"item\":\"https:\\\/\\\/www.jaadisain.ee\\\/fi\\\/ulkomainokset\\\/\"},{\"@type\":\"ListItem\",\"position\":3,\"name\":\"Irtokirjainvalomainokset\",\"item\":\"https:\\\/\\\/www.jaadisain.ee\\\/fi\\\/ulkomainokset\\\/irtokirjainvalomainokset\\\/\"},{\"@type\":\"ListItem\",\"position\":4,\"name\":\"Taaksep\u00e4in valaistut valomainokset\"}]},{\"@type\":\"WebSite\",\"@id\":\"https:\\\/\\\/www.jaadisain.ee\\\/#website\",\"url\":\"https:\\\/\\\/www.jaadisain.ee\\\/\",\"name\":\"JAA Disain\",\"description\":\"Valgusreklaamide tootja aastast 1993\",\"publisher\":{\"@id\":\"https:\\\/\\\/www.jaadisain.ee\\\/#organization\"},\"potentialAction\":[{\"@type\":\"SearchAction\",\"target\":{\"@type\":\"EntryPoint\",\"urlTemplate\":\"https:\\\/\\\/www.jaadisain.ee\\\/?s={search_term_string}\"},\"query-input\":{\"@type\":\"PropertyValueSpecification\",\"valueRequired\":true,\"valueName\":\"search_term_string\"}}],\"inLanguage\":\"fi\"},{\"@type\":\"Organization\",\"@id\":\"https:\\\/\\\/www.jaadisain.ee\\\/#organization\",\"name\":\"JAA Disain\",\"url\":\"https:\\\/\\\/www.jaadisain.ee\\\/\",\"logo\":{\"@type\":\"ImageObject\",\"inLanguage\":\"fi\",\"@id\":\"https:\\\/\\\/www.jaadisain.ee\\\/#\\\/schema\\\/logo\\\/image\\\/\",\"url\":\"https:\\\/\\\/www.jaadisain.ee\\\/wp-content\\\/uploads\\\/2016\\\/02\\\/JAA-Disain-logo.jpg\",\"contentUrl\":\"https:\\\/\\\/www.jaadisain.ee\\\/wp-content\\\/uploads\\\/2016\\\/02\\\/JAA-Disain-logo.jpg\",\"width\":443,\"height\":259,\"caption\":\"JAA Disain\"},\"image\":{\"@id\":\"https:\\\/\\\/www.jaadisain.ee\\\/#\\\/schema\\\/logo\\\/image\\\/\"},\"sameAs\":[\"https:\\\/\\\/www.facebook.com\\\/JAA-Disain-156295277734632\\\/timeline\"]}]}<\/script>\n<!-- \/ Yoast SEO plugin. -->","yoast_head_json":{"title":"Taaksep\u00e4in valaistut valomainokset, irtokirjaimet - JAA Disain O\u00dc","description":"Taaksep\u00e4in valaistut valomainokset, irtokirjainvalomainokset - er\u00e4s ylellisimpi\u00e4 ja yleisimpi\u00e4 valomainoksia. Lue lis\u00e4\u00e4 ja katso valmiit ty\u00f6t!","robots":{"index":"index","follow":"follow","max-snippet":"max-snippet:-1","max-image-preview":"max-image-preview:large","max-video-preview":"max-video-preview:-1"},"canonical":"https:\/\/www.jaadisain.ee\/fi\/ulkomainokset\/irtokirjainvalomainokset\/taaksepain-valaistut-valomainokset\/","og_locale":"fi_FI","og_type":"article","og_title":"Taaksep\u00e4in valaistut valomainokset, irtokirjaimet - JAA Disain O\u00dc","og_description":"Taaksep\u00e4in valaistut valomainokset, irtokirjainvalomainokset - er\u00e4s ylellisimpi\u00e4 ja yleisimpi\u00e4 valomainoksia. Lue lis\u00e4\u00e4 ja katso valmiit ty\u00f6t!","og_url":"https:\/\/www.jaadisain.ee\/fi\/ulkomainokset\/irtokirjainvalomainokset\/taaksepain-valaistut-valomainokset\/","og_site_name":"JAA Disain","article_publisher":"https:\/\/www.facebook.com\/JAA-Disain-156295277734632\/timeline","article_modified_time":"2016-11-03T12:53:29+00:00","og_image":[{"width":800,"height":533,"url":"https:\/\/www.jaadisain.ee\/wp-content\/uploads\/2015\/11\/led-logo-al-bastione-taustvalgusega-ja-valguskast.jpg","type":"image\/jpeg"}],"twitter_card":"summary_large_image","twitter_misc":{"Arvioitu lukuaika":"1 minuutti"},"schema":{"@context":"https:\/\/schema.org","@graph":[{"@type":"WebPage","@id":"https:\/\/www.jaadisain.ee\/fi\/ulkomainokset\/irtokirjainvalomainokset\/taaksepain-valaistut-valomainokset\/","url":"https:\/\/www.jaadisain.ee\/fi\/ulkomainokset\/irtokirjainvalomainokset\/taaksepain-valaistut-valomainokset\/","name":"Taaksep\u00e4in valaistut valomainokset, irtokirjaimet - JAA Disain O\u00dc","isPartOf":{"@id":"https:\/\/www.jaadisain.ee\/#website"},"primaryImageOfPage":{"@id":"https:\/\/www.jaadisain.ee\/fi\/ulkomainokset\/irtokirjainvalomainokset\/taaksepain-valaistut-valomainokset\/#primaryimage"},"image":{"@id":"https:\/\/www.jaadisain.ee\/fi\/ulkomainokset\/irtokirjainvalomainokset\/taaksepain-valaistut-valomainokset\/#primaryimage"},"thumbnailUrl":"https:\/\/www.jaadisain.ee\/wp-content\/uploads\/2015\/11\/led-logo-al-bastione-taustvalgusega-ja-valguskast.jpg","datePublished":"2015-11-16T10:35:46+00:00","dateModified":"2016-11-03T12:53:29+00:00","description":"Taaksep\u00e4in valaistut valomainokset, irtokirjainvalomainokset - er\u00e4s ylellisimpi\u00e4 ja yleisimpi\u00e4 valomainoksia. Lue lis\u00e4\u00e4 ja katso valmiit ty\u00f6t!","breadcrumb":{"@id":"https:\/\/www.jaadisain.ee\/fi\/ulkomainokset\/irtokirjainvalomainokset\/taaksepain-valaistut-valomainokset\/#breadcrumb"},"inLanguage":"fi","potentialAction":[{"@type":"ReadAction","target":["https:\/\/www.jaadisain.ee\/fi\/ulkomainokset\/irtokirjainvalomainokset\/taaksepain-valaistut-valomainokset\/"]}]},{"@type":"ImageObject","inLanguage":"fi","@id":"https:\/\/www.jaadisain.ee\/fi\/ulkomainokset\/irtokirjainvalomainokset\/taaksepain-valaistut-valomainokset\/#primaryimage","url":"https:\/\/www.jaadisain.ee\/wp-content\/uploads\/2015\/11\/led-logo-al-bastione-taustvalgusega-ja-valguskast.jpg","contentUrl":"https:\/\/www.jaadisain.ee\/wp-content\/uploads\/2015\/11\/led-logo-al-bastione-taustvalgusega-ja-valguskast.jpg","width":800,"height":533,"caption":"taaksep\u00e4in valaistut valomainokset"},{"@type":"BreadcrumbList","@id":"https:\/\/www.jaadisain.ee\/fi\/ulkomainokset\/irtokirjainvalomainokset\/taaksepain-valaistut-valomainokset\/#breadcrumb","itemListElement":[{"@type":"ListItem","position":1,"name":"Home","item":"https:\/\/www.jaadisain.ee\/fi\/"},{"@type":"ListItem","position":2,"name":"Tuotteet","item":"https:\/\/www.jaadisain.ee\/fi\/ulkomainokset\/"},{"@type":"ListItem","position":3,"name":"Irtokirjainvalomainokset","item":"https:\/\/www.jaadisain.ee\/fi\/ulkomainokset\/irtokirjainvalomainokset\/"},{"@type":"ListItem","position":4,"name":"Taaksep\u00e4in valaistut valomainokset"}]},{"@type":"WebSite","@id":"https:\/\/www.jaadisain.ee\/#website","url":"https:\/\/www.jaadisain.ee\/","name":"JAA Disain","description":"Valgusreklaamide tootja aastast 1993","publisher":{"@id":"https:\/\/www.jaadisain.ee\/#organization"},"potentialAction":[{"@type":"SearchAction","target":{"@type":"EntryPoint","urlTemplate":"https:\/\/www.jaadisain.ee\/?s={search_term_string}"},"query-input":{"@type":"PropertyValueSpecification","valueRequired":true,"valueName":"search_term_string"}}],"inLanguage":"fi"},{"@type":"Organization","@id":"https:\/\/www.jaadisain.ee\/#organization","name":"JAA Disain","url":"https:\/\/www.jaadisain.ee\/","logo":{"@type":"ImageObject","inLanguage":"fi","@id":"https:\/\/www.jaadisain.ee\/#\/schema\/logo\/image\/","url":"https:\/\/www.jaadisain.ee\/wp-content\/uploads\/2016\/02\/JAA-Disain-logo.jpg","contentUrl":"https:\/\/www.jaadisain.ee\/wp-content\/uploads\/2016\/02\/JAA-Disain-logo.jpg","width":443,"height":259,"caption":"JAA Disain"},"image":{"@id":"https:\/\/www.jaadisain.ee\/#\/schema\/logo\/image\/"},"sameAs":["https:\/\/www.facebook.com\/JAA-Disain-156295277734632\/timeline"]}]}},"_links":{"self":[{"href":"https:\/\/www.jaadisain.ee\/fi\/wp-json\/wp\/v2\/pages\/9113","targetHints":{"allow":["GET"]}}],"collection":[{"href":"https:\/\/www.jaadisain.ee\/fi\/wp-json\/wp\/v2\/pages"}],"about":[{"href":"https:\/\/www.jaadisain.ee\/fi\/wp-json\/wp\/v2\/types\/page"}],"author":[{"embeddable":true,"href":"https:\/\/www.jaadisain.ee\/fi\/wp-json\/wp\/v2\/users\/4"}],"replies":[{"embeddable":true,"href":"https:\/\/www.jaadisain.ee\/fi\/wp-json\/wp\/v2\/comments?post=9113"}],"version-history":[{"count":0,"href":"https:\/\/www.jaadisain.ee\/fi\/wp-json\/wp\/v2\/pages\/9113\/revisions"}],"up":[{"embeddable":true,"href":"https:\/\/www.jaadisain.ee\/fi\/wp-json\/wp\/v2\/pages\/9116"}],"wp:featuredmedia":[{"embeddable":true,"href":"https:\/\/www.jaadisain.ee\/fi\/wp-json\/wp\/v2\/media\/8904"}],"wp:attachment":[{"href":"https:\/\/www.jaadisain.ee\/fi\/wp-json\/wp\/v2\/media?parent=9113"}],"curies":[{"name":"wp","href":"https:\/\/api.w.org\/{rel}","templated":true}]}}