{"id":9100,"date":"2015-11-16T10:39:36","date_gmt":"2015-11-16T10:39:36","guid":{"rendered":"http:\/\/www.jaadisain.ee\/fi\/valguskastid\/"},"modified":"2016-11-03T15:48:48","modified_gmt":"2016-11-03T13:48:48","slug":"valomainoskotelot","status":"publish","type":"page","link":"https:\/\/www.jaadisain.ee\/fi\/ulkomainokset\/valokotelot-ja-mainostornit\/valomainoskotelot\/","title":{"rendered":"Valomainoskotelot"},"content":{"rendered":"<h1>Valomainoskotelot<\/h1>\n<p>Valomainoskotelot ovat yleisimmin k\u00e4ytettyj\u00e4 valomainoksia. Valomainoskotelo on hyvin yksinkertainen ja siten my\u00f6s edullinen irtokirjainmainosvaloihin ja neonvalomainoksiin verrattuna. Etuna on my\u00f6s se, ett\u00e4 mainosta voidaan my\u00f6hemmin muuttaa valomainoskotelon etulevy\u00e4 vaihtamalla. Mainoksen rakennetta ja s\u00e4hk\u00f6asennuksia ei tarvitse muuttaa.<\/p>\n<h2>Valomainoskotelot voidaan tehd\u00e4 usealla eri tavalla:<\/h2>\n<ul>\n<li><strong>Profiileista tehty valomainoskotelo<\/strong>: yksinkertainen ja tehokkaasti valaiseva neli\u00f6m\u00e4inen valomainoskotelo. Voidaan valmistaa sek\u00e4 yksi- ett\u00e4 kaksipuolisesta profiilista tehtyj\u00e4 valomainoskoteloita.<\/li>\n<li><strong>Valokankaalla varustettu valomainoskotelo<\/strong>: isokokoisissa valomainoskoteloissa k\u00e4ytet\u00e4\u00e4n yleens\u00e4 valokangasta kotelon etupinnan yhten\u00e4isyyden varmistamiseksi. Etupinta kannattaa tehd\u00e4 muovista. Toisin kuin painettu kangas, valomuovit heijastavat valoa tehokkaammin eiv\u00e4tk\u00e4 tummu k\u00e4yt\u00f6ss\u00e4. Kuten profiilista tehdyt valomainoskotelot, my\u00f6s valokangaskotelot voidaan tehd\u00e4 yksi- tai kaksipuolisina.<\/li>\n<li><strong>Valomainoskotelo, joissa on jyrsitty etupinta<\/strong>: t\u00e4llaisia valomainoskoteloita k\u00e4ytet\u00e4\u00e4n yleisesti myym\u00e4l\u00f6iden sis\u00e4\u00e4nk\u00e4yntien yhteydess\u00e4 ja erityisen paljon kauppakeskuksissa. Jyrsim\u00e4ll\u00e4 tehtyjen valomainoskoteloiden kirjaimet voivat olla tasaisia tai ulkonevia, valmistamme tilauksesta my\u00f6s erikoisratkaisuja.<\/li>\n<li><strong>Ruokalistataulut ja valaistut opasteet<\/strong>: k\u00e4ytet\u00e4\u00e4n yleens\u00e4 ravintoloiden ja muiden ruokapaikkojen sis\u00e4\u00e4nk\u00e4ynnin luona, samoin ulkomainonnassa.<\/li>\n<li><strong>Valolaatikot ja -kolmiot<\/strong>: ovat erinomainen vaihtoehto talojen katoille, rakennusten kulmiin ja julkisivuihin monipuolisuutensa ansiosta.<\/li>\n<li><strong>Tilausty\u00f6n\u00e4 valmistettavat valokotelot<\/strong>: tarvittaessa autamme toteuttamaan t\u00e4sm\u00e4lleen asiakkaiden toiveita vastaavat erikoismalliset valokotelot.<\/li>\n<\/ul>\n","protected":false},"excerpt":{"rendered":"<p>Valomainoskotelot Valomainoskotelot ovat yleisimmin k\u00e4ytettyj\u00e4 valomainoksia. Valomainoskotelo on hyvin yksinkertainen ja siten my\u00f6s edullinen irtokirjainmainosvaloihin ja neonvalomainoksiin verrattuna. Etuna on my\u00f6s se, ett\u00e4 mainosta voidaan my\u00f6hemmin muuttaa valomainoskotelon etulevy\u00e4 vaihtamalla. Mainoksen rakennetta ja s\u00e4hk\u00f6asennuksia ei tarvitse muuttaa. Valomainoskotelot voidaan tehd\u00e4 usealla eri tavalla: Profiileista tehty valomainoskotelo: yksinkertainen ja tehokkaasti valaiseva neli\u00f6m\u00e4inen valomainoskotelo. Voidaan valmistaa sek\u00e4 [&hellip;]<\/p>\n","protected":false},"author":4,"featured_media":9106,"parent":9107,"menu_order":1,"comment_status":"closed","ping_status":"closed","template":"","meta":{"_acf_changed":false,"footnotes":""},"class_list":["post-9100","page","type-page","status-publish","has-post-thumbnail","hentry"],"acf":[],"yoast_head":"<!-- This site is optimized with the Yoast SEO plugin v27.3 - https:\/\/yoast.com\/product\/yoast-seo-wordpress\/ -->\n<title>Valomainoskotelot: valmistus, asennus ja huolto - JAA Disain<\/title>\n<meta name=\"description\" content=\"Valomainoskotelot ovat yleisimpi\u00e4 valomainoksia helppoutensa ja edullisen hintansa vuoksi neonvalomainoksiin tai irtokirjainvalomainoksiin verrattuna.\" \/>\n<meta name=\"robots\" content=\"index, follow, max-snippet:-1, max-image-preview:large, max-video-preview:-1\" \/>\n<link rel=\"canonical\" href=\"https:\/\/www.jaadisain.ee\/fi\/ulkomainokset\/valokotelot-ja-mainostornit\/valomainoskotelot\/\" \/>\n<meta property=\"og:locale\" content=\"fi_FI\" \/>\n<meta property=\"og:type\" content=\"article\" \/>\n<meta property=\"og:title\" content=\"Valomainoskotelot: valmistus, asennus ja huolto - JAA Disain\" \/>\n<meta property=\"og:description\" content=\"Valomainoskotelot ovat yleisimpi\u00e4 valomainoksia helppoutensa ja edullisen hintansa vuoksi neonvalomainoksiin tai irtokirjainvalomainoksiin verrattuna.\" \/>\n<meta property=\"og:url\" content=\"https:\/\/www.jaadisain.ee\/fi\/ulkomainokset\/valokotelot-ja-mainostornit\/valomainoskotelot\/\" \/>\n<meta property=\"og:site_name\" content=\"JAA Disain\" \/>\n<meta property=\"article:publisher\" content=\"https:\/\/www.facebook.com\/JAA-Disain-156295277734632\/timeline\" \/>\n<meta property=\"article:modified_time\" content=\"2016-11-03T13:48:48+00:00\" \/>\n<meta property=\"og:image\" content=\"https:\/\/www.jaadisain.ee\/wp-content\/uploads\/2015\/11\/valguskastid-leffe-valgusreklaam.jpg\" \/>\n\t<meta property=\"og:image:width\" content=\"800\" \/>\n\t<meta property=\"og:image:height\" content=\"533\" \/>\n\t<meta property=\"og:image:type\" content=\"image\/jpeg\" \/>\n<meta name=\"twitter:card\" content=\"summary_large_image\" \/>\n<meta name=\"twitter:label1\" content=\"Arvioitu lukuaika\" \/>\n\t<meta name=\"twitter:data1\" content=\"1 minuutti\" \/>\n<script type=\"application\/ld+json\" class=\"yoast-schema-graph\">{\"@context\":\"https:\\\/\\\/schema.org\",\"@graph\":[{\"@type\":\"WebPage\",\"@id\":\"https:\\\/\\\/www.jaadisain.ee\\\/fi\\\/ulkomainokset\\\/valokotelot-ja-mainostornit\\\/valomainoskotelot\\\/\",\"url\":\"https:\\\/\\\/www.jaadisain.ee\\\/fi\\\/ulkomainokset\\\/valokotelot-ja-mainostornit\\\/valomainoskotelot\\\/\",\"name\":\"Valomainoskotelot: valmistus, asennus ja huolto - JAA Disain\",\"isPartOf\":{\"@id\":\"https:\\\/\\\/www.jaadisain.ee\\\/#website\"},\"primaryImageOfPage\":{\"@id\":\"https:\\\/\\\/www.jaadisain.ee\\\/fi\\\/ulkomainokset\\\/valokotelot-ja-mainostornit\\\/valomainoskotelot\\\/#primaryimage\"},\"image\":{\"@id\":\"https:\\\/\\\/www.jaadisain.ee\\\/fi\\\/ulkomainokset\\\/valokotelot-ja-mainostornit\\\/valomainoskotelot\\\/#primaryimage\"},\"thumbnailUrl\":\"https:\\\/\\\/www.jaadisain.ee\\\/wp-content\\\/uploads\\\/2015\\\/11\\\/valguskastid-leffe-valgusreklaam.jpg\",\"datePublished\":\"2015-11-16T10:39:36+00:00\",\"dateModified\":\"2016-11-03T13:48:48+00:00\",\"description\":\"Valomainoskotelot ovat yleisimpi\u00e4 valomainoksia helppoutensa ja edullisen hintansa vuoksi neonvalomainoksiin tai irtokirjainvalomainoksiin verrattuna.\",\"breadcrumb\":{\"@id\":\"https:\\\/\\\/www.jaadisain.ee\\\/fi\\\/ulkomainokset\\\/valokotelot-ja-mainostornit\\\/valomainoskotelot\\\/#breadcrumb\"},\"inLanguage\":\"fi\",\"potentialAction\":[{\"@type\":\"ReadAction\",\"target\":[\"https:\\\/\\\/www.jaadisain.ee\\\/fi\\\/ulkomainokset\\\/valokotelot-ja-mainostornit\\\/valomainoskotelot\\\/\"]}]},{\"@type\":\"ImageObject\",\"inLanguage\":\"fi\",\"@id\":\"https:\\\/\\\/www.jaadisain.ee\\\/fi\\\/ulkomainokset\\\/valokotelot-ja-mainostornit\\\/valomainoskotelot\\\/#primaryimage\",\"url\":\"https:\\\/\\\/www.jaadisain.ee\\\/wp-content\\\/uploads\\\/2015\\\/11\\\/valguskastid-leffe-valgusreklaam.jpg\",\"contentUrl\":\"https:\\\/\\\/www.jaadisain.ee\\\/wp-content\\\/uploads\\\/2015\\\/11\\\/valguskastid-leffe-valgusreklaam.jpg\",\"width\":800,\"height\":533,\"caption\":\"valomainoskotelot\"},{\"@type\":\"BreadcrumbList\",\"@id\":\"https:\\\/\\\/www.jaadisain.ee\\\/fi\\\/ulkomainokset\\\/valokotelot-ja-mainostornit\\\/valomainoskotelot\\\/#breadcrumb\",\"itemListElement\":[{\"@type\":\"ListItem\",\"position\":1,\"name\":\"Home\",\"item\":\"https:\\\/\\\/www.jaadisain.ee\\\/fi\\\/\"},{\"@type\":\"ListItem\",\"position\":2,\"name\":\"Tuotteet\",\"item\":\"https:\\\/\\\/www.jaadisain.ee\\\/fi\\\/ulkomainokset\\\/\"},{\"@type\":\"ListItem\",\"position\":3,\"name\":\"Valokotelot ja mainostornit\",\"item\":\"https:\\\/\\\/www.jaadisain.ee\\\/fi\\\/ulkomainokset\\\/valokotelot-ja-mainostornit\\\/\"},{\"@type\":\"ListItem\",\"position\":4,\"name\":\"Valomainoskotelot\"}]},{\"@type\":\"WebSite\",\"@id\":\"https:\\\/\\\/www.jaadisain.ee\\\/#website\",\"url\":\"https:\\\/\\\/www.jaadisain.ee\\\/\",\"name\":\"JAA Disain\",\"description\":\"Valgusreklaamide tootja aastast 1993\",\"publisher\":{\"@id\":\"https:\\\/\\\/www.jaadisain.ee\\\/#organization\"},\"potentialAction\":[{\"@type\":\"SearchAction\",\"target\":{\"@type\":\"EntryPoint\",\"urlTemplate\":\"https:\\\/\\\/www.jaadisain.ee\\\/?s={search_term_string}\"},\"query-input\":{\"@type\":\"PropertyValueSpecification\",\"valueRequired\":true,\"valueName\":\"search_term_string\"}}],\"inLanguage\":\"fi\"},{\"@type\":\"Organization\",\"@id\":\"https:\\\/\\\/www.jaadisain.ee\\\/#organization\",\"name\":\"JAA Disain\",\"url\":\"https:\\\/\\\/www.jaadisain.ee\\\/\",\"logo\":{\"@type\":\"ImageObject\",\"inLanguage\":\"fi\",\"@id\":\"https:\\\/\\\/www.jaadisain.ee\\\/#\\\/schema\\\/logo\\\/image\\\/\",\"url\":\"https:\\\/\\\/www.jaadisain.ee\\\/wp-content\\\/uploads\\\/2016\\\/02\\\/JAA-Disain-logo.jpg\",\"contentUrl\":\"https:\\\/\\\/www.jaadisain.ee\\\/wp-content\\\/uploads\\\/2016\\\/02\\\/JAA-Disain-logo.jpg\",\"width\":443,\"height\":259,\"caption\":\"JAA Disain\"},\"image\":{\"@id\":\"https:\\\/\\\/www.jaadisain.ee\\\/#\\\/schema\\\/logo\\\/image\\\/\"},\"sameAs\":[\"https:\\\/\\\/www.facebook.com\\\/JAA-Disain-156295277734632\\\/timeline\"]}]}<\/script>\n<!-- \/ Yoast SEO plugin. -->","yoast_head_json":{"title":"Valomainoskotelot: valmistus, asennus ja huolto - JAA Disain","description":"Valomainoskotelot ovat yleisimpi\u00e4 valomainoksia helppoutensa ja edullisen hintansa vuoksi neonvalomainoksiin tai irtokirjainvalomainoksiin verrattuna.","robots":{"index":"index","follow":"follow","max-snippet":"max-snippet:-1","max-image-preview":"max-image-preview:large","max-video-preview":"max-video-preview:-1"},"canonical":"https:\/\/www.jaadisain.ee\/fi\/ulkomainokset\/valokotelot-ja-mainostornit\/valomainoskotelot\/","og_locale":"fi_FI","og_type":"article","og_title":"Valomainoskotelot: valmistus, asennus ja huolto - JAA Disain","og_description":"Valomainoskotelot ovat yleisimpi\u00e4 valomainoksia helppoutensa ja edullisen hintansa vuoksi neonvalomainoksiin tai irtokirjainvalomainoksiin verrattuna.","og_url":"https:\/\/www.jaadisain.ee\/fi\/ulkomainokset\/valokotelot-ja-mainostornit\/valomainoskotelot\/","og_site_name":"JAA Disain","article_publisher":"https:\/\/www.facebook.com\/JAA-Disain-156295277734632\/timeline","article_modified_time":"2016-11-03T13:48:48+00:00","og_image":[{"width":800,"height":533,"url":"https:\/\/www.jaadisain.ee\/wp-content\/uploads\/2015\/11\/valguskastid-leffe-valgusreklaam.jpg","type":"image\/jpeg"}],"twitter_card":"summary_large_image","twitter_misc":{"Arvioitu lukuaika":"1 minuutti"},"schema":{"@context":"https:\/\/schema.org","@graph":[{"@type":"WebPage","@id":"https:\/\/www.jaadisain.ee\/fi\/ulkomainokset\/valokotelot-ja-mainostornit\/valomainoskotelot\/","url":"https:\/\/www.jaadisain.ee\/fi\/ulkomainokset\/valokotelot-ja-mainostornit\/valomainoskotelot\/","name":"Valomainoskotelot: valmistus, asennus ja huolto - JAA Disain","isPartOf":{"@id":"https:\/\/www.jaadisain.ee\/#website"},"primaryImageOfPage":{"@id":"https:\/\/www.jaadisain.ee\/fi\/ulkomainokset\/valokotelot-ja-mainostornit\/valomainoskotelot\/#primaryimage"},"image":{"@id":"https:\/\/www.jaadisain.ee\/fi\/ulkomainokset\/valokotelot-ja-mainostornit\/valomainoskotelot\/#primaryimage"},"thumbnailUrl":"https:\/\/www.jaadisain.ee\/wp-content\/uploads\/2015\/11\/valguskastid-leffe-valgusreklaam.jpg","datePublished":"2015-11-16T10:39:36+00:00","dateModified":"2016-11-03T13:48:48+00:00","description":"Valomainoskotelot ovat yleisimpi\u00e4 valomainoksia helppoutensa ja edullisen hintansa vuoksi neonvalomainoksiin tai irtokirjainvalomainoksiin verrattuna.","breadcrumb":{"@id":"https:\/\/www.jaadisain.ee\/fi\/ulkomainokset\/valokotelot-ja-mainostornit\/valomainoskotelot\/#breadcrumb"},"inLanguage":"fi","potentialAction":[{"@type":"ReadAction","target":["https:\/\/www.jaadisain.ee\/fi\/ulkomainokset\/valokotelot-ja-mainostornit\/valomainoskotelot\/"]}]},{"@type":"ImageObject","inLanguage":"fi","@id":"https:\/\/www.jaadisain.ee\/fi\/ulkomainokset\/valokotelot-ja-mainostornit\/valomainoskotelot\/#primaryimage","url":"https:\/\/www.jaadisain.ee\/wp-content\/uploads\/2015\/11\/valguskastid-leffe-valgusreklaam.jpg","contentUrl":"https:\/\/www.jaadisain.ee\/wp-content\/uploads\/2015\/11\/valguskastid-leffe-valgusreklaam.jpg","width":800,"height":533,"caption":"valomainoskotelot"},{"@type":"BreadcrumbList","@id":"https:\/\/www.jaadisain.ee\/fi\/ulkomainokset\/valokotelot-ja-mainostornit\/valomainoskotelot\/#breadcrumb","itemListElement":[{"@type":"ListItem","position":1,"name":"Home","item":"https:\/\/www.jaadisain.ee\/fi\/"},{"@type":"ListItem","position":2,"name":"Tuotteet","item":"https:\/\/www.jaadisain.ee\/fi\/ulkomainokset\/"},{"@type":"ListItem","position":3,"name":"Valokotelot ja mainostornit","item":"https:\/\/www.jaadisain.ee\/fi\/ulkomainokset\/valokotelot-ja-mainostornit\/"},{"@type":"ListItem","position":4,"name":"Valomainoskotelot"}]},{"@type":"WebSite","@id":"https:\/\/www.jaadisain.ee\/#website","url":"https:\/\/www.jaadisain.ee\/","name":"JAA Disain","description":"Valgusreklaamide tootja aastast 1993","publisher":{"@id":"https:\/\/www.jaadisain.ee\/#organization"},"potentialAction":[{"@type":"SearchAction","target":{"@type":"EntryPoint","urlTemplate":"https:\/\/www.jaadisain.ee\/?s={search_term_string}"},"query-input":{"@type":"PropertyValueSpecification","valueRequired":true,"valueName":"search_term_string"}}],"inLanguage":"fi"},{"@type":"Organization","@id":"https:\/\/www.jaadisain.ee\/#organization","name":"JAA Disain","url":"https:\/\/www.jaadisain.ee\/","logo":{"@type":"ImageObject","inLanguage":"fi","@id":"https:\/\/www.jaadisain.ee\/#\/schema\/logo\/image\/","url":"https:\/\/www.jaadisain.ee\/wp-content\/uploads\/2016\/02\/JAA-Disain-logo.jpg","contentUrl":"https:\/\/www.jaadisain.ee\/wp-content\/uploads\/2016\/02\/JAA-Disain-logo.jpg","width":443,"height":259,"caption":"JAA Disain"},"image":{"@id":"https:\/\/www.jaadisain.ee\/#\/schema\/logo\/image\/"},"sameAs":["https:\/\/www.facebook.com\/JAA-Disain-156295277734632\/timeline"]}]}},"_links":{"self":[{"href":"https:\/\/www.jaadisain.ee\/fi\/wp-json\/wp\/v2\/pages\/9100","targetHints":{"allow":["GET"]}}],"collection":[{"href":"https:\/\/www.jaadisain.ee\/fi\/wp-json\/wp\/v2\/pages"}],"about":[{"href":"https:\/\/www.jaadisain.ee\/fi\/wp-json\/wp\/v2\/types\/page"}],"author":[{"embeddable":true,"href":"https:\/\/www.jaadisain.ee\/fi\/wp-json\/wp\/v2\/users\/4"}],"replies":[{"embeddable":true,"href":"https:\/\/www.jaadisain.ee\/fi\/wp-json\/wp\/v2\/comments?post=9100"}],"version-history":[{"count":1,"href":"https:\/\/www.jaadisain.ee\/fi\/wp-json\/wp\/v2\/pages\/9100\/revisions"}],"predecessor-version":[{"id":9371,"href":"https:\/\/www.jaadisain.ee\/fi\/wp-json\/wp\/v2\/pages\/9100\/revisions\/9371"}],"up":[{"embeddable":true,"href":"https:\/\/www.jaadisain.ee\/fi\/wp-json\/wp\/v2\/pages\/9107"}],"wp:featuredmedia":[{"embeddable":true,"href":"https:\/\/www.jaadisain.ee\/fi\/wp-json\/wp\/v2\/media\/9106"}],"wp:attachment":[{"href":"https:\/\/www.jaadisain.ee\/fi\/wp-json\/wp\/v2\/media?parent=9100"}],"curies":[{"name":"wp","href":"https:\/\/api.w.org\/{rel}","templated":true}]}}