{"id":9091,"date":"2015-11-16T11:00:28","date_gmt":"2015-11-16T11:00:28","guid":{"rendered":"http:\/\/www.jaadisain.ee\/fi\/freesitud-valguskastid\/"},"modified":"2016-11-03T10:26:12","modified_gmt":"2016-11-03T08:26:12","slug":"jyrsityt-valomainoskotelot","status":"publish","type":"page","link":"https:\/\/www.jaadisain.ee\/fi\/ulkomainokset\/valokotelot-ja-mainostornit\/valomainoskotelot\/jyrsityt-valomainoskotelot\/","title":{"rendered":"Jyrsityt valomainoskotelot"},"content":{"rendered":"<h1>Jyrsityt valomainoskotelot<\/h1>\n<p>Jyrsim\u00e4ll\u00e4 tehtyj\u00e4 valomainoskoteloita k\u00e4ytet\u00e4\u00e4n yleens\u00e4 myym\u00e4l\u00f6iden sis\u00e4\u00e4nk\u00e4yntien yhteydess\u00e4 ja erityisen paljon kauppakeskuksissa. Valomainoskoteloiden rungot, my\u00f6s etupinnat, on yleens\u00e4 tehty jauhemaalatusta alumiinista tai alumiinikomposiittimateriaalista. Teksti tai logo on joko jyrsitty etupintaan tai vaihtoehtoisesti on k\u00e4ytetty etupinnan l\u00e4p\u00e4isev\u00e4\u00e4 akryylilasia. Valomainoskotelon sis\u00e4ll\u00e4 on laadukkaat ledit, jotka valaisevat jyrsityn tekstin ja logot. T\u00e4llaiset mainokset voidaan jakaa kahteen ryhm\u00e4\u00e4n:<\/p>\n<p><a href=\"https:\/\/www.jaadisain.ee\/fi\/ulkomainokset\/valokotelot-ja-mainostornit\/valomainoskotelot\/jyrsityt-valomainoskotelot\/tekstilla-varustettu-valomainoskotelo\/\"><strong>Tekstill\u00e4 varustetut valomainoskotelot:<\/strong> <\/a>valokotelon etupinnan taakse on asennettu akryylilasi, joka on samassa tasossa etupinnan takareunan kanssa, eli kaiverrettu logo ulottuu noin 2-3 cm etupinnan sis\u00e4puolelle.<\/p>\n<p><strong><a href=\"https:\/\/www.jaadisain.ee\/fi\/ulkomainokset\/valokotelot-ja-mainostornit\/valomainoskotelot\/jyrsityt-valomainoskotelot\/kohotekstilla-varustettu-valomainoskotelo\/\">Kohotekstill\u00e4 varustetut valomainoskotelot:<\/a> <\/strong>valokotelon logot jyrsit\u00e4\u00e4n kokokuviona paksuun 15-20 mm akryylilasiin ja taakse liimataan opaalilasi. N\u00e4in jyrsitty teksti erottuu taustasta, eli kirjaimet ovat isoja ja ulottuvat noin 10-20 mm etupintaa korkeammalle. Lopputulos on t\u00e4ll\u00f6in tyylikk\u00e4\u00e4mpi, mutta my\u00f6s kalliimpi, sill\u00e4 materiaalia kuluu enemm\u00e4n.<\/p>\n","protected":false},"excerpt":{"rendered":"<p>Jyrsityt valomainoskotelot Jyrsim\u00e4ll\u00e4 tehtyj\u00e4 valomainoskoteloita k\u00e4ytet\u00e4\u00e4n yleens\u00e4 myym\u00e4l\u00f6iden sis\u00e4\u00e4nk\u00e4yntien yhteydess\u00e4 ja erityisen paljon kauppakeskuksissa. Valomainoskoteloiden rungot, my\u00f6s etupinnat, on yleens\u00e4 tehty jauhemaalatusta alumiinista tai alumiinikomposiittimateriaalista. Teksti tai logo on joko jyrsitty etupintaan tai vaihtoehtoisesti on k\u00e4ytetty etupinnan l\u00e4p\u00e4isev\u00e4\u00e4 akryylilasia. Valomainoskotelon sis\u00e4ll\u00e4 on laadukkaat ledit, jotka valaisevat jyrsityn tekstin ja logot. T\u00e4llaiset mainokset voidaan jakaa kahteen [&hellip;]<\/p>\n","protected":false},"author":4,"featured_media":12766,"parent":9100,"menu_order":3,"comment_status":"closed","ping_status":"closed","template":"","meta":{"_acf_changed":false,"footnotes":""},"class_list":["post-9091","page","type-page","status-publish","has-post-thumbnail","hentry"],"acf":[],"yoast_head":"<!-- This site is optimized with the Yoast SEO plugin v27.3 - https:\/\/yoast.com\/product\/yoast-seo-wordpress\/ -->\n<title>Jyrsityt valomainoskotelot on tyylik\u00e4s valomainos - JAA Disain<\/title>\n<meta name=\"description\" content=\"Jyrsityt valomainoskotelot on tyylik\u00e4s valomainos, ja niit\u00e4 k\u00e4ytet\u00e4\u00e4n yleisesti myym\u00e4l\u00f6iden sis\u00e4\u00e4nk\u00e4yntien yhteydess\u00e4 erityisesti kauppakeskuksissa.\" \/>\n<meta name=\"robots\" content=\"index, follow, max-snippet:-1, max-image-preview:large, max-video-preview:-1\" \/>\n<link rel=\"canonical\" href=\"https:\/\/www.jaadisain.ee\/fi\/ulkomainokset\/valokotelot-ja-mainostornit\/valomainoskotelot\/jyrsityt-valomainoskotelot\/\" \/>\n<meta property=\"og:locale\" content=\"fi_FI\" \/>\n<meta property=\"og:type\" content=\"article\" \/>\n<meta property=\"og:title\" content=\"Jyrsityt valomainoskotelot on tyylik\u00e4s valomainos - JAA Disain\" \/>\n<meta property=\"og:description\" content=\"Jyrsityt valomainoskotelot on tyylik\u00e4s valomainos, ja niit\u00e4 k\u00e4ytet\u00e4\u00e4n yleisesti myym\u00e4l\u00f6iden sis\u00e4\u00e4nk\u00e4yntien yhteydess\u00e4 erityisesti kauppakeskuksissa.\" \/>\n<meta property=\"og:url\" content=\"https:\/\/www.jaadisain.ee\/fi\/ulkomainokset\/valokotelot-ja-mainostornit\/valomainoskotelot\/jyrsityt-valomainoskotelot\/\" \/>\n<meta property=\"og:site_name\" content=\"JAA Disain\" \/>\n<meta property=\"article:publisher\" content=\"https:\/\/www.facebook.com\/JAA-Disain-156295277734632\/timeline\" \/>\n<meta property=\"article:modified_time\" content=\"2016-11-03T08:26:12+00:00\" \/>\n<meta property=\"og:image\" content=\"https:\/\/www.jaadisain.ee\/wp-content\/uploads\/2015\/11\/freesitud-esipinnaga-valguskastid.jpg\" \/>\n\t<meta property=\"og:image:width\" content=\"800\" \/>\n\t<meta property=\"og:image:height\" content=\"533\" \/>\n\t<meta property=\"og:image:type\" content=\"image\/jpeg\" \/>\n<meta name=\"twitter:card\" content=\"summary_large_image\" \/>\n<meta name=\"twitter:label1\" content=\"Arvioitu lukuaika\" \/>\n\t<meta name=\"twitter:data1\" content=\"1 minuutti\" \/>\n<script type=\"application\/ld+json\" class=\"yoast-schema-graph\">{\"@context\":\"https:\\\/\\\/schema.org\",\"@graph\":[{\"@type\":\"WebPage\",\"@id\":\"https:\\\/\\\/www.jaadisain.ee\\\/fi\\\/ulkomainokset\\\/valokotelot-ja-mainostornit\\\/valomainoskotelot\\\/jyrsityt-valomainoskotelot\\\/\",\"url\":\"https:\\\/\\\/www.jaadisain.ee\\\/fi\\\/ulkomainokset\\\/valokotelot-ja-mainostornit\\\/valomainoskotelot\\\/jyrsityt-valomainoskotelot\\\/\",\"name\":\"Jyrsityt valomainoskotelot on tyylik\u00e4s valomainos - JAA Disain\",\"isPartOf\":{\"@id\":\"https:\\\/\\\/www.jaadisain.ee\\\/#website\"},\"primaryImageOfPage\":{\"@id\":\"https:\\\/\\\/www.jaadisain.ee\\\/fi\\\/ulkomainokset\\\/valokotelot-ja-mainostornit\\\/valomainoskotelot\\\/jyrsityt-valomainoskotelot\\\/#primaryimage\"},\"image\":{\"@id\":\"https:\\\/\\\/www.jaadisain.ee\\\/fi\\\/ulkomainokset\\\/valokotelot-ja-mainostornit\\\/valomainoskotelot\\\/jyrsityt-valomainoskotelot\\\/#primaryimage\"},\"thumbnailUrl\":\"https:\\\/\\\/www.jaadisain.ee\\\/wp-content\\\/uploads\\\/2024\\\/02\\\/LED-valgustusega-kastid.jpg\",\"datePublished\":\"2015-11-16T11:00:28+00:00\",\"dateModified\":\"2016-11-03T08:26:12+00:00\",\"description\":\"Jyrsityt valomainoskotelot on tyylik\u00e4s valomainos, ja niit\u00e4 k\u00e4ytet\u00e4\u00e4n yleisesti myym\u00e4l\u00f6iden sis\u00e4\u00e4nk\u00e4yntien yhteydess\u00e4 erityisesti kauppakeskuksissa.\",\"breadcrumb\":{\"@id\":\"https:\\\/\\\/www.jaadisain.ee\\\/fi\\\/ulkomainokset\\\/valokotelot-ja-mainostornit\\\/valomainoskotelot\\\/jyrsityt-valomainoskotelot\\\/#breadcrumb\"},\"inLanguage\":\"fi\",\"potentialAction\":[{\"@type\":\"ReadAction\",\"target\":[\"https:\\\/\\\/www.jaadisain.ee\\\/fi\\\/ulkomainokset\\\/valokotelot-ja-mainostornit\\\/valomainoskotelot\\\/jyrsityt-valomainoskotelot\\\/\"]}]},{\"@type\":\"ImageObject\",\"inLanguage\":\"fi\",\"@id\":\"https:\\\/\\\/www.jaadisain.ee\\\/fi\\\/ulkomainokset\\\/valokotelot-ja-mainostornit\\\/valomainoskotelot\\\/jyrsityt-valomainoskotelot\\\/#primaryimage\",\"url\":\"https:\\\/\\\/www.jaadisain.ee\\\/wp-content\\\/uploads\\\/2024\\\/02\\\/LED-valgustusega-kastid.jpg\",\"contentUrl\":\"https:\\\/\\\/www.jaadisain.ee\\\/wp-content\\\/uploads\\\/2024\\\/02\\\/LED-valgustusega-kastid.jpg\",\"width\":2304,\"height\":1536,\"caption\":\"LED valgustusega kastid\"},{\"@type\":\"BreadcrumbList\",\"@id\":\"https:\\\/\\\/www.jaadisain.ee\\\/fi\\\/ulkomainokset\\\/valokotelot-ja-mainostornit\\\/valomainoskotelot\\\/jyrsityt-valomainoskotelot\\\/#breadcrumb\",\"itemListElement\":[{\"@type\":\"ListItem\",\"position\":1,\"name\":\"Home\",\"item\":\"https:\\\/\\\/www.jaadisain.ee\\\/fi\\\/\"},{\"@type\":\"ListItem\",\"position\":2,\"name\":\"Tuotteet\",\"item\":\"https:\\\/\\\/www.jaadisain.ee\\\/fi\\\/ulkomainokset\\\/\"},{\"@type\":\"ListItem\",\"position\":3,\"name\":\"Valokotelot ja mainostornit\",\"item\":\"https:\\\/\\\/www.jaadisain.ee\\\/fi\\\/ulkomainokset\\\/valokotelot-ja-mainostornit\\\/\"},{\"@type\":\"ListItem\",\"position\":4,\"name\":\"Valomainoskotelot\",\"item\":\"https:\\\/\\\/www.jaadisain.ee\\\/fi\\\/ulkomainokset\\\/valokotelot-ja-mainostornit\\\/valomainoskotelot\\\/\"},{\"@type\":\"ListItem\",\"position\":5,\"name\":\"Jyrsityt valomainoskotelot\"}]},{\"@type\":\"WebSite\",\"@id\":\"https:\\\/\\\/www.jaadisain.ee\\\/#website\",\"url\":\"https:\\\/\\\/www.jaadisain.ee\\\/\",\"name\":\"JAA Disain\",\"description\":\"Valgusreklaamide tootja aastast 1993\",\"publisher\":{\"@id\":\"https:\\\/\\\/www.jaadisain.ee\\\/#organization\"},\"potentialAction\":[{\"@type\":\"SearchAction\",\"target\":{\"@type\":\"EntryPoint\",\"urlTemplate\":\"https:\\\/\\\/www.jaadisain.ee\\\/?s={search_term_string}\"},\"query-input\":{\"@type\":\"PropertyValueSpecification\",\"valueRequired\":true,\"valueName\":\"search_term_string\"}}],\"inLanguage\":\"fi\"},{\"@type\":\"Organization\",\"@id\":\"https:\\\/\\\/www.jaadisain.ee\\\/#organization\",\"name\":\"JAA Disain\",\"url\":\"https:\\\/\\\/www.jaadisain.ee\\\/\",\"logo\":{\"@type\":\"ImageObject\",\"inLanguage\":\"fi\",\"@id\":\"https:\\\/\\\/www.jaadisain.ee\\\/#\\\/schema\\\/logo\\\/image\\\/\",\"url\":\"https:\\\/\\\/www.jaadisain.ee\\\/wp-content\\\/uploads\\\/2016\\\/02\\\/JAA-Disain-logo.jpg\",\"contentUrl\":\"https:\\\/\\\/www.jaadisain.ee\\\/wp-content\\\/uploads\\\/2016\\\/02\\\/JAA-Disain-logo.jpg\",\"width\":443,\"height\":259,\"caption\":\"JAA Disain\"},\"image\":{\"@id\":\"https:\\\/\\\/www.jaadisain.ee\\\/#\\\/schema\\\/logo\\\/image\\\/\"},\"sameAs\":[\"https:\\\/\\\/www.facebook.com\\\/JAA-Disain-156295277734632\\\/timeline\"]}]}<\/script>\n<!-- \/ Yoast SEO plugin. -->","yoast_head_json":{"title":"Jyrsityt valomainoskotelot on tyylik\u00e4s valomainos - JAA Disain","description":"Jyrsityt valomainoskotelot on tyylik\u00e4s valomainos, ja niit\u00e4 k\u00e4ytet\u00e4\u00e4n yleisesti myym\u00e4l\u00f6iden sis\u00e4\u00e4nk\u00e4yntien yhteydess\u00e4 erityisesti kauppakeskuksissa.","robots":{"index":"index","follow":"follow","max-snippet":"max-snippet:-1","max-image-preview":"max-image-preview:large","max-video-preview":"max-video-preview:-1"},"canonical":"https:\/\/www.jaadisain.ee\/fi\/ulkomainokset\/valokotelot-ja-mainostornit\/valomainoskotelot\/jyrsityt-valomainoskotelot\/","og_locale":"fi_FI","og_type":"article","og_title":"Jyrsityt valomainoskotelot on tyylik\u00e4s valomainos - JAA Disain","og_description":"Jyrsityt valomainoskotelot on tyylik\u00e4s valomainos, ja niit\u00e4 k\u00e4ytet\u00e4\u00e4n yleisesti myym\u00e4l\u00f6iden sis\u00e4\u00e4nk\u00e4yntien yhteydess\u00e4 erityisesti kauppakeskuksissa.","og_url":"https:\/\/www.jaadisain.ee\/fi\/ulkomainokset\/valokotelot-ja-mainostornit\/valomainoskotelot\/jyrsityt-valomainoskotelot\/","og_site_name":"JAA Disain","article_publisher":"https:\/\/www.facebook.com\/JAA-Disain-156295277734632\/timeline","article_modified_time":"2016-11-03T08:26:12+00:00","og_image":[{"width":800,"height":533,"url":"https:\/\/www.jaadisain.ee\/wp-content\/uploads\/2015\/11\/freesitud-esipinnaga-valguskastid.jpg","type":"image\/jpeg"}],"twitter_card":"summary_large_image","twitter_misc":{"Arvioitu lukuaika":"1 minuutti"},"schema":{"@context":"https:\/\/schema.org","@graph":[{"@type":"WebPage","@id":"https:\/\/www.jaadisain.ee\/fi\/ulkomainokset\/valokotelot-ja-mainostornit\/valomainoskotelot\/jyrsityt-valomainoskotelot\/","url":"https:\/\/www.jaadisain.ee\/fi\/ulkomainokset\/valokotelot-ja-mainostornit\/valomainoskotelot\/jyrsityt-valomainoskotelot\/","name":"Jyrsityt valomainoskotelot on tyylik\u00e4s valomainos - JAA Disain","isPartOf":{"@id":"https:\/\/www.jaadisain.ee\/#website"},"primaryImageOfPage":{"@id":"https:\/\/www.jaadisain.ee\/fi\/ulkomainokset\/valokotelot-ja-mainostornit\/valomainoskotelot\/jyrsityt-valomainoskotelot\/#primaryimage"},"image":{"@id":"https:\/\/www.jaadisain.ee\/fi\/ulkomainokset\/valokotelot-ja-mainostornit\/valomainoskotelot\/jyrsityt-valomainoskotelot\/#primaryimage"},"thumbnailUrl":"https:\/\/www.jaadisain.ee\/wp-content\/uploads\/2024\/02\/LED-valgustusega-kastid.jpg","datePublished":"2015-11-16T11:00:28+00:00","dateModified":"2016-11-03T08:26:12+00:00","description":"Jyrsityt valomainoskotelot on tyylik\u00e4s valomainos, ja niit\u00e4 k\u00e4ytet\u00e4\u00e4n yleisesti myym\u00e4l\u00f6iden sis\u00e4\u00e4nk\u00e4yntien yhteydess\u00e4 erityisesti kauppakeskuksissa.","breadcrumb":{"@id":"https:\/\/www.jaadisain.ee\/fi\/ulkomainokset\/valokotelot-ja-mainostornit\/valomainoskotelot\/jyrsityt-valomainoskotelot\/#breadcrumb"},"inLanguage":"fi","potentialAction":[{"@type":"ReadAction","target":["https:\/\/www.jaadisain.ee\/fi\/ulkomainokset\/valokotelot-ja-mainostornit\/valomainoskotelot\/jyrsityt-valomainoskotelot\/"]}]},{"@type":"ImageObject","inLanguage":"fi","@id":"https:\/\/www.jaadisain.ee\/fi\/ulkomainokset\/valokotelot-ja-mainostornit\/valomainoskotelot\/jyrsityt-valomainoskotelot\/#primaryimage","url":"https:\/\/www.jaadisain.ee\/wp-content\/uploads\/2024\/02\/LED-valgustusega-kastid.jpg","contentUrl":"https:\/\/www.jaadisain.ee\/wp-content\/uploads\/2024\/02\/LED-valgustusega-kastid.jpg","width":2304,"height":1536,"caption":"LED valgustusega kastid"},{"@type":"BreadcrumbList","@id":"https:\/\/www.jaadisain.ee\/fi\/ulkomainokset\/valokotelot-ja-mainostornit\/valomainoskotelot\/jyrsityt-valomainoskotelot\/#breadcrumb","itemListElement":[{"@type":"ListItem","position":1,"name":"Home","item":"https:\/\/www.jaadisain.ee\/fi\/"},{"@type":"ListItem","position":2,"name":"Tuotteet","item":"https:\/\/www.jaadisain.ee\/fi\/ulkomainokset\/"},{"@type":"ListItem","position":3,"name":"Valokotelot ja mainostornit","item":"https:\/\/www.jaadisain.ee\/fi\/ulkomainokset\/valokotelot-ja-mainostornit\/"},{"@type":"ListItem","position":4,"name":"Valomainoskotelot","item":"https:\/\/www.jaadisain.ee\/fi\/ulkomainokset\/valokotelot-ja-mainostornit\/valomainoskotelot\/"},{"@type":"ListItem","position":5,"name":"Jyrsityt valomainoskotelot"}]},{"@type":"WebSite","@id":"https:\/\/www.jaadisain.ee\/#website","url":"https:\/\/www.jaadisain.ee\/","name":"JAA Disain","description":"Valgusreklaamide tootja aastast 1993","publisher":{"@id":"https:\/\/www.jaadisain.ee\/#organization"},"potentialAction":[{"@type":"SearchAction","target":{"@type":"EntryPoint","urlTemplate":"https:\/\/www.jaadisain.ee\/?s={search_term_string}"},"query-input":{"@type":"PropertyValueSpecification","valueRequired":true,"valueName":"search_term_string"}}],"inLanguage":"fi"},{"@type":"Organization","@id":"https:\/\/www.jaadisain.ee\/#organization","name":"JAA Disain","url":"https:\/\/www.jaadisain.ee\/","logo":{"@type":"ImageObject","inLanguage":"fi","@id":"https:\/\/www.jaadisain.ee\/#\/schema\/logo\/image\/","url":"https:\/\/www.jaadisain.ee\/wp-content\/uploads\/2016\/02\/JAA-Disain-logo.jpg","contentUrl":"https:\/\/www.jaadisain.ee\/wp-content\/uploads\/2016\/02\/JAA-Disain-logo.jpg","width":443,"height":259,"caption":"JAA Disain"},"image":{"@id":"https:\/\/www.jaadisain.ee\/#\/schema\/logo\/image\/"},"sameAs":["https:\/\/www.facebook.com\/JAA-Disain-156295277734632\/timeline"]}]}},"_links":{"self":[{"href":"https:\/\/www.jaadisain.ee\/fi\/wp-json\/wp\/v2\/pages\/9091","targetHints":{"allow":["GET"]}}],"collection":[{"href":"https:\/\/www.jaadisain.ee\/fi\/wp-json\/wp\/v2\/pages"}],"about":[{"href":"https:\/\/www.jaadisain.ee\/fi\/wp-json\/wp\/v2\/types\/page"}],"author":[{"embeddable":true,"href":"https:\/\/www.jaadisain.ee\/fi\/wp-json\/wp\/v2\/users\/4"}],"replies":[{"embeddable":true,"href":"https:\/\/www.jaadisain.ee\/fi\/wp-json\/wp\/v2\/comments?post=9091"}],"version-history":[{"count":1,"href":"https:\/\/www.jaadisain.ee\/fi\/wp-json\/wp\/v2\/pages\/9091\/revisions"}],"predecessor-version":[{"id":9596,"href":"https:\/\/www.jaadisain.ee\/fi\/wp-json\/wp\/v2\/pages\/9091\/revisions\/9596"}],"up":[{"embeddable":true,"href":"https:\/\/www.jaadisain.ee\/fi\/wp-json\/wp\/v2\/pages\/9100"}],"wp:featuredmedia":[{"embeddable":true,"href":"https:\/\/www.jaadisain.ee\/fi\/wp-json\/wp\/v2\/media\/12766"}],"wp:attachment":[{"href":"https:\/\/www.jaadisain.ee\/fi\/wp-json\/wp\/v2\/media?parent=9091"}],"curies":[{"name":"wp","href":"https:\/\/api.w.org\/{rel}","templated":true}]}}