{"id":9069,"date":"2015-11-16T11:16:27","date_gmt":"2015-11-16T11:16:27","guid":{"rendered":"http:\/\/www.jaadisain.ee\/fi\/reklaamtahvlid-ja-reklaambannerid\/"},"modified":"2016-11-03T14:33:48","modified_gmt":"2016-11-03T12:33:48","slug":"mainostaulut-ja-mainosbanderollit","status":"publish","type":"page","link":"https:\/\/www.jaadisain.ee\/fi\/ulkomainokset\/mainostaulut-ja-mainosbanderollit\/","title":{"rendered":"Mainostaulut ja mainosbanderollit"},"content":{"rendered":"<p>Mainostaulut ja mainosbanderollit ovat toimiva ja edullinen vaihtoehto erilaisissa paikoissa mainostamiseen.<\/p>\n<p>Yksinkertaisempaan ja edullisempaan mainontaan sopivat erilaiset mainostaulut. Mainostaulut voivat olla yksi- tai kaksipuolisia, ja niiss\u00e4 voidaan k\u00e4ytt\u00e4\u00e4 erilaisia materiaaleja. Mainostaulun etuja ovat edulliset valmistuskustannukset sek\u00e4 s\u00e4hk\u00f6tt\u00f6myys.<\/p>\n<p>Painetut mainosbanderollit antavat suunnittelijoille miltei rajattomat mahdollisuudet ideoiden toteuttamiseen, ja niit\u00e4 k\u00e4ytet\u00e4\u00e4n yleens\u00e4 suurikokoisissa, talojen seinille ripustettavissa mainoksissa. Mainosbanderollit sopivat erinomaisesti my\u00f6s v\u00e4liaikaiseen mainontaan aidoissa, rakennusten seiniss\u00e4 ja muissa vastaavissa paikoissa. Erinomaisen laajan materiaalivalikoiman ansiosta mainosbanderolleja voidaan k\u00e4ytt\u00e4\u00e4 my\u00f6s sis\u00e4tiloissa ja sisustuksen viimeistelyss\u00e4.<\/p>\n<p><strong>Mainostaulujen k\u00e4ytt\u00f6mahdollisuudet:<\/strong><\/p>\n<ul>\n<li><strong>Tukirakenteiden<\/strong>\u00a0avulla mainokset voidaan pystytt\u00e4\u00e4 <strong>maastoon <\/strong>sek\u00e4<strong>\u00a0teiden varsille<\/strong>. Tukirakenteiden ansiosta mainostauluja voidaan k\u00e4ytt\u00e4\u00e4 sek\u00e4 v\u00e4liaikaisina ett\u00e4 kiintein\u00e4, maahan valettuina mainoksina.<\/li>\n<li><strong>Sein\u00e4t <\/strong>: sein\u00e4 on usein sopivin paikka mainostaululle.<\/li>\n<li><strong>Ripustettavat kyltit<\/strong>: kylttej\u00e4 k\u00e4ytet\u00e4\u00e4n yleisesti kauppakeskuksissa.<\/li>\n<\/ul>\n<p><strong>Mainosbanderolleja voidaan valmistaa useista erilaisista materiaaleista:<\/strong><\/p>\n<ul>\n<li><strong>PVC-banderollit:<\/strong> k\u00e4ytet\u00e4\u00e4n pieniss\u00e4 ja suurissa mainoksissa. Sopivat erinomaisesti esittelyyn.<\/li>\n<li><strong>PVC-verkkobanderollit:<\/strong> k\u00e4ytet\u00e4\u00e4n yleisesti ulkomainonnassa, jossa mainokset altistuvat kovalle tuulelle. Verkkobanderolleissa on ilma-aukot, joten tuuli l\u00e4p\u00e4isee banderollin, mik\u00e4 puolestaan v\u00e4hent\u00e4\u00e4 kiinnikkeiden rikkoontumista.<\/li>\n<\/ul>\n","protected":false},"excerpt":{"rendered":"<p>Mainostaulut ja mainosbanderollit ovat toimiva ja edullinen vaihtoehto erilaisissa paikoissa mainostamiseen. Yksinkertaisempaan ja edullisempaan mainontaan sopivat erilaiset mainostaulut. Mainostaulut voivat olla yksi- tai kaksipuolisia, ja niiss\u00e4 voidaan k\u00e4ytt\u00e4\u00e4 erilaisia materiaaleja. Mainostaulun etuja ovat edulliset valmistuskustannukset sek\u00e4 s\u00e4hk\u00f6tt\u00f6myys. Painetut mainosbanderollit antavat suunnittelijoille miltei rajattomat mahdollisuudet ideoiden toteuttamiseen, ja niit\u00e4 k\u00e4ytet\u00e4\u00e4n yleens\u00e4 suurikokoisissa, talojen seinille ripustettavissa mainoksissa. [&hellip;]<\/p>\n","protected":false},"author":4,"featured_media":9080,"parent":9176,"menu_order":4,"comment_status":"closed","ping_status":"closed","template":"","meta":{"_acf_changed":false,"footnotes":""},"class_list":["post-9069","page","type-page","status-publish","has-post-thumbnail","hentry"],"acf":[],"yoast_head":"<!-- This site is optimized with the Yoast SEO plugin v27.3 - https:\/\/yoast.com\/product\/yoast-seo-wordpress\/ -->\n<title>Mainostaulut ja mainosbanderollit - JAA Disain O\u00dc<\/title>\n<meta name=\"description\" content=\"Mainostaulut ja banderollit ovat helppo ja edullinen tapa mainostamiseen erilaisissa paikoissa. Lue lis\u00e4\u00e4 ja katso valmiit ty\u00f6t t\u00e4\u00e4lt\u00e4!\" \/>\n<meta name=\"robots\" content=\"index, follow, max-snippet:-1, max-image-preview:large, max-video-preview:-1\" \/>\n<link rel=\"canonical\" href=\"https:\/\/www.jaadisain.ee\/fi\/ulkomainokset\/mainostaulut-ja-mainosbanderollit\/\" \/>\n<meta property=\"og:locale\" content=\"fi_FI\" \/>\n<meta property=\"og:type\" content=\"article\" \/>\n<meta property=\"og:title\" content=\"Mainostaulut ja mainosbanderollit - JAA Disain O\u00dc\" \/>\n<meta property=\"og:description\" content=\"Mainostaulut ja banderollit ovat helppo ja edullinen tapa mainostamiseen erilaisissa paikoissa. Lue lis\u00e4\u00e4 ja katso valmiit ty\u00f6t t\u00e4\u00e4lt\u00e4!\" \/>\n<meta property=\"og:url\" content=\"https:\/\/www.jaadisain.ee\/fi\/ulkomainokset\/mainostaulut-ja-mainosbanderollit\/\" \/>\n<meta property=\"og:site_name\" content=\"JAA Disain\" \/>\n<meta property=\"article:publisher\" content=\"https:\/\/www.facebook.com\/JAA-Disain-156295277734632\/timeline\" \/>\n<meta property=\"article:modified_time\" content=\"2016-11-03T12:33:48+00:00\" \/>\n<meta property=\"og:image\" content=\"https:\/\/www.jaadisain.ee\/wp-content\/uploads\/2015\/11\/reklaamtahvlid-ja-bannerid1-e1448454068864.jpg\" \/>\n\t<meta property=\"og:image:width\" content=\"454\" \/>\n\t<meta property=\"og:image:height\" content=\"313\" \/>\n\t<meta property=\"og:image:type\" content=\"image\/jpeg\" \/>\n<meta name=\"twitter:card\" content=\"summary_large_image\" \/>\n<meta name=\"twitter:label1\" content=\"Arvioitu lukuaika\" \/>\n\t<meta name=\"twitter:data1\" content=\"1 minuutti\" \/>\n<script type=\"application\/ld+json\" class=\"yoast-schema-graph\">{\"@context\":\"https:\\\/\\\/schema.org\",\"@graph\":[{\"@type\":\"WebPage\",\"@id\":\"https:\\\/\\\/www.jaadisain.ee\\\/fi\\\/ulkomainokset\\\/mainostaulut-ja-mainosbanderollit\\\/\",\"url\":\"https:\\\/\\\/www.jaadisain.ee\\\/fi\\\/ulkomainokset\\\/mainostaulut-ja-mainosbanderollit\\\/\",\"name\":\"Mainostaulut ja mainosbanderollit - JAA Disain O\u00dc\",\"isPartOf\":{\"@id\":\"https:\\\/\\\/www.jaadisain.ee\\\/#website\"},\"primaryImageOfPage\":{\"@id\":\"https:\\\/\\\/www.jaadisain.ee\\\/fi\\\/ulkomainokset\\\/mainostaulut-ja-mainosbanderollit\\\/#primaryimage\"},\"image\":{\"@id\":\"https:\\\/\\\/www.jaadisain.ee\\\/fi\\\/ulkomainokset\\\/mainostaulut-ja-mainosbanderollit\\\/#primaryimage\"},\"thumbnailUrl\":\"https:\\\/\\\/www.jaadisain.ee\\\/wp-content\\\/uploads\\\/2015\\\/11\\\/reklaamtahvlid-ja-bannerid1-e1448454068864.jpg\",\"datePublished\":\"2015-11-16T11:16:27+00:00\",\"dateModified\":\"2016-11-03T12:33:48+00:00\",\"description\":\"Mainostaulut ja banderollit ovat helppo ja edullinen tapa mainostamiseen erilaisissa paikoissa. Lue lis\u00e4\u00e4 ja katso valmiit ty\u00f6t t\u00e4\u00e4lt\u00e4!\",\"breadcrumb\":{\"@id\":\"https:\\\/\\\/www.jaadisain.ee\\\/fi\\\/ulkomainokset\\\/mainostaulut-ja-mainosbanderollit\\\/#breadcrumb\"},\"inLanguage\":\"fi\",\"potentialAction\":[{\"@type\":\"ReadAction\",\"target\":[\"https:\\\/\\\/www.jaadisain.ee\\\/fi\\\/ulkomainokset\\\/mainostaulut-ja-mainosbanderollit\\\/\"]}]},{\"@type\":\"ImageObject\",\"inLanguage\":\"fi\",\"@id\":\"https:\\\/\\\/www.jaadisain.ee\\\/fi\\\/ulkomainokset\\\/mainostaulut-ja-mainosbanderollit\\\/#primaryimage\",\"url\":\"https:\\\/\\\/www.jaadisain.ee\\\/wp-content\\\/uploads\\\/2015\\\/11\\\/reklaamtahvlid-ja-bannerid1-e1448454068864.jpg\",\"contentUrl\":\"https:\\\/\\\/www.jaadisain.ee\\\/wp-content\\\/uploads\\\/2015\\\/11\\\/reklaamtahvlid-ja-bannerid1-e1448454068864.jpg\",\"width\":454,\"height\":313},{\"@type\":\"BreadcrumbList\",\"@id\":\"https:\\\/\\\/www.jaadisain.ee\\\/fi\\\/ulkomainokset\\\/mainostaulut-ja-mainosbanderollit\\\/#breadcrumb\",\"itemListElement\":[{\"@type\":\"ListItem\",\"position\":1,\"name\":\"Home\",\"item\":\"https:\\\/\\\/www.jaadisain.ee\\\/fi\\\/\"},{\"@type\":\"ListItem\",\"position\":2,\"name\":\"Tuotteet\",\"item\":\"https:\\\/\\\/www.jaadisain.ee\\\/fi\\\/ulkomainokset\\\/\"},{\"@type\":\"ListItem\",\"position\":3,\"name\":\"Mainostaulut ja mainosbanderollit\"}]},{\"@type\":\"WebSite\",\"@id\":\"https:\\\/\\\/www.jaadisain.ee\\\/#website\",\"url\":\"https:\\\/\\\/www.jaadisain.ee\\\/\",\"name\":\"JAA Disain\",\"description\":\"Valgusreklaamide tootja aastast 1993\",\"publisher\":{\"@id\":\"https:\\\/\\\/www.jaadisain.ee\\\/#organization\"},\"potentialAction\":[{\"@type\":\"SearchAction\",\"target\":{\"@type\":\"EntryPoint\",\"urlTemplate\":\"https:\\\/\\\/www.jaadisain.ee\\\/?s={search_term_string}\"},\"query-input\":{\"@type\":\"PropertyValueSpecification\",\"valueRequired\":true,\"valueName\":\"search_term_string\"}}],\"inLanguage\":\"fi\"},{\"@type\":\"Organization\",\"@id\":\"https:\\\/\\\/www.jaadisain.ee\\\/#organization\",\"name\":\"JAA Disain\",\"url\":\"https:\\\/\\\/www.jaadisain.ee\\\/\",\"logo\":{\"@type\":\"ImageObject\",\"inLanguage\":\"fi\",\"@id\":\"https:\\\/\\\/www.jaadisain.ee\\\/#\\\/schema\\\/logo\\\/image\\\/\",\"url\":\"https:\\\/\\\/www.jaadisain.ee\\\/wp-content\\\/uploads\\\/2016\\\/02\\\/JAA-Disain-logo.jpg\",\"contentUrl\":\"https:\\\/\\\/www.jaadisain.ee\\\/wp-content\\\/uploads\\\/2016\\\/02\\\/JAA-Disain-logo.jpg\",\"width\":443,\"height\":259,\"caption\":\"JAA Disain\"},\"image\":{\"@id\":\"https:\\\/\\\/www.jaadisain.ee\\\/#\\\/schema\\\/logo\\\/image\\\/\"},\"sameAs\":[\"https:\\\/\\\/www.facebook.com\\\/JAA-Disain-156295277734632\\\/timeline\"]}]}<\/script>\n<!-- \/ Yoast SEO plugin. -->","yoast_head_json":{"title":"Mainostaulut ja mainosbanderollit - JAA Disain O\u00dc","description":"Mainostaulut ja banderollit ovat helppo ja edullinen tapa mainostamiseen erilaisissa paikoissa. Lue lis\u00e4\u00e4 ja katso valmiit ty\u00f6t t\u00e4\u00e4lt\u00e4!","robots":{"index":"index","follow":"follow","max-snippet":"max-snippet:-1","max-image-preview":"max-image-preview:large","max-video-preview":"max-video-preview:-1"},"canonical":"https:\/\/www.jaadisain.ee\/fi\/ulkomainokset\/mainostaulut-ja-mainosbanderollit\/","og_locale":"fi_FI","og_type":"article","og_title":"Mainostaulut ja mainosbanderollit - JAA Disain O\u00dc","og_description":"Mainostaulut ja banderollit ovat helppo ja edullinen tapa mainostamiseen erilaisissa paikoissa. Lue lis\u00e4\u00e4 ja katso valmiit ty\u00f6t t\u00e4\u00e4lt\u00e4!","og_url":"https:\/\/www.jaadisain.ee\/fi\/ulkomainokset\/mainostaulut-ja-mainosbanderollit\/","og_site_name":"JAA Disain","article_publisher":"https:\/\/www.facebook.com\/JAA-Disain-156295277734632\/timeline","article_modified_time":"2016-11-03T12:33:48+00:00","og_image":[{"width":454,"height":313,"url":"https:\/\/www.jaadisain.ee\/wp-content\/uploads\/2015\/11\/reklaamtahvlid-ja-bannerid1-e1448454068864.jpg","type":"image\/jpeg"}],"twitter_card":"summary_large_image","twitter_misc":{"Arvioitu lukuaika":"1 minuutti"},"schema":{"@context":"https:\/\/schema.org","@graph":[{"@type":"WebPage","@id":"https:\/\/www.jaadisain.ee\/fi\/ulkomainokset\/mainostaulut-ja-mainosbanderollit\/","url":"https:\/\/www.jaadisain.ee\/fi\/ulkomainokset\/mainostaulut-ja-mainosbanderollit\/","name":"Mainostaulut ja mainosbanderollit - JAA Disain O\u00dc","isPartOf":{"@id":"https:\/\/www.jaadisain.ee\/#website"},"primaryImageOfPage":{"@id":"https:\/\/www.jaadisain.ee\/fi\/ulkomainokset\/mainostaulut-ja-mainosbanderollit\/#primaryimage"},"image":{"@id":"https:\/\/www.jaadisain.ee\/fi\/ulkomainokset\/mainostaulut-ja-mainosbanderollit\/#primaryimage"},"thumbnailUrl":"https:\/\/www.jaadisain.ee\/wp-content\/uploads\/2015\/11\/reklaamtahvlid-ja-bannerid1-e1448454068864.jpg","datePublished":"2015-11-16T11:16:27+00:00","dateModified":"2016-11-03T12:33:48+00:00","description":"Mainostaulut ja banderollit ovat helppo ja edullinen tapa mainostamiseen erilaisissa paikoissa. Lue lis\u00e4\u00e4 ja katso valmiit ty\u00f6t t\u00e4\u00e4lt\u00e4!","breadcrumb":{"@id":"https:\/\/www.jaadisain.ee\/fi\/ulkomainokset\/mainostaulut-ja-mainosbanderollit\/#breadcrumb"},"inLanguage":"fi","potentialAction":[{"@type":"ReadAction","target":["https:\/\/www.jaadisain.ee\/fi\/ulkomainokset\/mainostaulut-ja-mainosbanderollit\/"]}]},{"@type":"ImageObject","inLanguage":"fi","@id":"https:\/\/www.jaadisain.ee\/fi\/ulkomainokset\/mainostaulut-ja-mainosbanderollit\/#primaryimage","url":"https:\/\/www.jaadisain.ee\/wp-content\/uploads\/2015\/11\/reklaamtahvlid-ja-bannerid1-e1448454068864.jpg","contentUrl":"https:\/\/www.jaadisain.ee\/wp-content\/uploads\/2015\/11\/reklaamtahvlid-ja-bannerid1-e1448454068864.jpg","width":454,"height":313},{"@type":"BreadcrumbList","@id":"https:\/\/www.jaadisain.ee\/fi\/ulkomainokset\/mainostaulut-ja-mainosbanderollit\/#breadcrumb","itemListElement":[{"@type":"ListItem","position":1,"name":"Home","item":"https:\/\/www.jaadisain.ee\/fi\/"},{"@type":"ListItem","position":2,"name":"Tuotteet","item":"https:\/\/www.jaadisain.ee\/fi\/ulkomainokset\/"},{"@type":"ListItem","position":3,"name":"Mainostaulut ja mainosbanderollit"}]},{"@type":"WebSite","@id":"https:\/\/www.jaadisain.ee\/#website","url":"https:\/\/www.jaadisain.ee\/","name":"JAA Disain","description":"Valgusreklaamide tootja aastast 1993","publisher":{"@id":"https:\/\/www.jaadisain.ee\/#organization"},"potentialAction":[{"@type":"SearchAction","target":{"@type":"EntryPoint","urlTemplate":"https:\/\/www.jaadisain.ee\/?s={search_term_string}"},"query-input":{"@type":"PropertyValueSpecification","valueRequired":true,"valueName":"search_term_string"}}],"inLanguage":"fi"},{"@type":"Organization","@id":"https:\/\/www.jaadisain.ee\/#organization","name":"JAA Disain","url":"https:\/\/www.jaadisain.ee\/","logo":{"@type":"ImageObject","inLanguage":"fi","@id":"https:\/\/www.jaadisain.ee\/#\/schema\/logo\/image\/","url":"https:\/\/www.jaadisain.ee\/wp-content\/uploads\/2016\/02\/JAA-Disain-logo.jpg","contentUrl":"https:\/\/www.jaadisain.ee\/wp-content\/uploads\/2016\/02\/JAA-Disain-logo.jpg","width":443,"height":259,"caption":"JAA Disain"},"image":{"@id":"https:\/\/www.jaadisain.ee\/#\/schema\/logo\/image\/"},"sameAs":["https:\/\/www.facebook.com\/JAA-Disain-156295277734632\/timeline"]}]}},"_links":{"self":[{"href":"https:\/\/www.jaadisain.ee\/fi\/wp-json\/wp\/v2\/pages\/9069","targetHints":{"allow":["GET"]}}],"collection":[{"href":"https:\/\/www.jaadisain.ee\/fi\/wp-json\/wp\/v2\/pages"}],"about":[{"href":"https:\/\/www.jaadisain.ee\/fi\/wp-json\/wp\/v2\/types\/page"}],"author":[{"embeddable":true,"href":"https:\/\/www.jaadisain.ee\/fi\/wp-json\/wp\/v2\/users\/4"}],"replies":[{"embeddable":true,"href":"https:\/\/www.jaadisain.ee\/fi\/wp-json\/wp\/v2\/comments?post=9069"}],"version-history":[{"count":1,"href":"https:\/\/www.jaadisain.ee\/fi\/wp-json\/wp\/v2\/pages\/9069\/revisions"}],"predecessor-version":[{"id":9464,"href":"https:\/\/www.jaadisain.ee\/fi\/wp-json\/wp\/v2\/pages\/9069\/revisions\/9464"}],"up":[{"embeddable":true,"href":"https:\/\/www.jaadisain.ee\/fi\/wp-json\/wp\/v2\/pages\/9176"}],"wp:featuredmedia":[{"embeddable":true,"href":"https:\/\/www.jaadisain.ee\/fi\/wp-json\/wp\/v2\/media\/9080"}],"wp:attachment":[{"href":"https:\/\/www.jaadisain.ee\/fi\/wp-json\/wp\/v2\/media?parent=9069"}],"curies":[{"name":"wp","href":"https:\/\/api.w.org\/{rel}","templated":true}]}}