{"id":9067,"date":"2015-11-16T11:16:55","date_gmt":"2015-11-16T11:16:55","guid":{"rendered":"http:\/\/www.jaadisain.ee\/fi\/reklaambannerid\/"},"modified":"2016-11-03T14:29:06","modified_gmt":"2016-11-03T12:29:06","slug":"banderollit","status":"publish","type":"page","link":"https:\/\/www.jaadisain.ee\/fi\/ulkomainokset\/mainostaulut-ja-mainosbanderollit\/banderollit\/","title":{"rendered":"Banderollit"},"content":{"rendered":"<p>Painetut\u00a0banderollit antavat suunnittelijoille miltei rajattomat mahdollisuudet ideoiden toteuttamiseen, ja niit\u00e4 k\u00e4ytet\u00e4\u00e4n yleens\u00e4 suurikokoisissa, talojen seinille ripustettavissa mainoksissa. Mainosbanderollit sopivat erinomaistesti my\u00f6s v\u00e4liaikaiseen mainontaan aidoissa, rakennusten seiniss\u00e4 ja muissa vastaavissa paikoissa. Erinomaisen laajan materiaalivalikoiman ansiosta banderolleja voidaan k\u00e4ytt\u00e4\u00e4 my\u00f6s sis\u00e4tiloissa ja sisustuksen viimeistelyss\u00e4.<\/p>\n<p><strong>Mainosbanderolleja voidaan valmistaa useista erilaisista materiaaleista:<\/strong><\/p>\n<ul>\n<li><strong>PVC-banderollit:<\/strong> k\u00e4ytet\u00e4\u00e4n pieniss\u00e4 ja suurissa mainoksissa. Sopivat erinomaisesti lyhytaikaiseen k\u00e4ytt\u00f6\u00f6n.<\/li>\n<li><strong>PVC-verkkobanderollit:<\/strong> k\u00e4ytet\u00e4\u00e4n yleisesti ulkomainonnassa, jossa mainokset altistuvat kovalle tuulelle. Verkkobanderolleissa on ilma-aukot, joten tuuli l\u00e4p\u00e4isee banderollin, mik\u00e4 puolestaan v\u00e4hent\u00e4\u00e4 kiinnikkeiden rikkoontumista.<\/li>\n<\/ul>\n<h2>Banderollit, k\u00e4ytt\u00f6mahdollisuudet ja referenssit:<\/h2>\n","protected":false},"excerpt":{"rendered":"<p>Painetut\u00a0banderollit antavat suunnittelijoille miltei rajattomat mahdollisuudet ideoiden toteuttamiseen, ja niit\u00e4 k\u00e4ytet\u00e4\u00e4n yleens\u00e4 suurikokoisissa, talojen seinille ripustettavissa mainoksissa. Mainosbanderollit sopivat erinomaistesti my\u00f6s v\u00e4liaikaiseen mainontaan aidoissa, rakennusten seiniss\u00e4 ja muissa vastaavissa paikoissa. Erinomaisen laajan materiaalivalikoiman ansiosta banderolleja voidaan k\u00e4ytt\u00e4\u00e4 my\u00f6s sis\u00e4tiloissa ja sisustuksen viimeistelyss\u00e4. Mainosbanderolleja voidaan valmistaa useista erilaisista materiaaleista: PVC-banderollit: k\u00e4ytet\u00e4\u00e4n pieniss\u00e4 ja suurissa mainoksissa. Sopivat [&hellip;]<\/p>\n","protected":false},"author":4,"featured_media":9068,"parent":9069,"menu_order":0,"comment_status":"closed","ping_status":"closed","template":"","meta":{"_acf_changed":false,"footnotes":""},"class_list":["post-9067","page","type-page","status-publish","has-post-thumbnail","hentry"],"acf":[],"yoast_head":"<!-- This site is optimized with the Yoast SEO plugin v27.3 - https:\/\/yoast.com\/product\/yoast-seo-wordpress\/ -->\n<title>Banderollit tarjoavat rajattomat suunnittelumahdollisuudet<\/title>\n<meta name=\"description\" content=\"Painetut banderollit tarjoavat rajattomat suunnittelumahdollisuudet, ja niit\u00e4 k\u00e4ytet\u00e4\u00e4n usein suurikokoisissa mainoksissa tai v\u00e4liaikaisina mainoksina.\" \/>\n<meta name=\"robots\" content=\"index, follow, max-snippet:-1, max-image-preview:large, max-video-preview:-1\" \/>\n<link rel=\"canonical\" href=\"https:\/\/www.jaadisain.ee\/fi\/ulkomainokset\/mainostaulut-ja-mainosbanderollit\/banderollit\/\" \/>\n<meta property=\"og:locale\" content=\"fi_FI\" \/>\n<meta property=\"og:type\" content=\"article\" \/>\n<meta property=\"og:title\" content=\"Banderollit tarjoavat rajattomat suunnittelumahdollisuudet\" \/>\n<meta property=\"og:description\" content=\"Painetut banderollit tarjoavat rajattomat suunnittelumahdollisuudet, ja niit\u00e4 k\u00e4ytet\u00e4\u00e4n usein suurikokoisissa mainoksissa tai v\u00e4liaikaisina mainoksina.\" \/>\n<meta property=\"og:url\" content=\"https:\/\/www.jaadisain.ee\/fi\/ulkomainokset\/mainostaulut-ja-mainosbanderollit\/banderollit\/\" \/>\n<meta property=\"og:site_name\" content=\"JAA Disain\" \/>\n<meta property=\"article:publisher\" content=\"https:\/\/www.facebook.com\/JAA-Disain-156295277734632\/timeline\" \/>\n<meta property=\"article:modified_time\" content=\"2016-11-03T12:29:06+00:00\" \/>\n<meta property=\"og:image\" content=\"https:\/\/www.jaadisain.ee\/wp-content\/uploads\/2015\/11\/reklaambanner-e1449747433508.jpg\" \/>\n\t<meta property=\"og:image:width\" content=\"610\" \/>\n\t<meta property=\"og:image:height\" content=\"396\" \/>\n\t<meta property=\"og:image:type\" content=\"image\/jpeg\" \/>\n<meta name=\"twitter:card\" content=\"summary_large_image\" \/>\n<meta name=\"twitter:label1\" content=\"Arvioitu lukuaika\" \/>\n\t<meta name=\"twitter:data1\" content=\"1 minuutti\" \/>\n<script type=\"application\/ld+json\" class=\"yoast-schema-graph\">{\"@context\":\"https:\\\/\\\/schema.org\",\"@graph\":[{\"@type\":\"WebPage\",\"@id\":\"https:\\\/\\\/www.jaadisain.ee\\\/fi\\\/ulkomainokset\\\/mainostaulut-ja-mainosbanderollit\\\/banderollit\\\/\",\"url\":\"https:\\\/\\\/www.jaadisain.ee\\\/fi\\\/ulkomainokset\\\/mainostaulut-ja-mainosbanderollit\\\/banderollit\\\/\",\"name\":\"Banderollit tarjoavat rajattomat suunnittelumahdollisuudet\",\"isPartOf\":{\"@id\":\"https:\\\/\\\/www.jaadisain.ee\\\/#website\"},\"primaryImageOfPage\":{\"@id\":\"https:\\\/\\\/www.jaadisain.ee\\\/fi\\\/ulkomainokset\\\/mainostaulut-ja-mainosbanderollit\\\/banderollit\\\/#primaryimage\"},\"image\":{\"@id\":\"https:\\\/\\\/www.jaadisain.ee\\\/fi\\\/ulkomainokset\\\/mainostaulut-ja-mainosbanderollit\\\/banderollit\\\/#primaryimage\"},\"thumbnailUrl\":\"https:\\\/\\\/www.jaadisain.ee\\\/wp-content\\\/uploads\\\/2015\\\/11\\\/reklaambanner-e1449747433508.jpg\",\"datePublished\":\"2015-11-16T11:16:55+00:00\",\"dateModified\":\"2016-11-03T12:29:06+00:00\",\"description\":\"Painetut banderollit tarjoavat rajattomat suunnittelumahdollisuudet, ja niit\u00e4 k\u00e4ytet\u00e4\u00e4n usein suurikokoisissa mainoksissa tai v\u00e4liaikaisina mainoksina.\",\"breadcrumb\":{\"@id\":\"https:\\\/\\\/www.jaadisain.ee\\\/fi\\\/ulkomainokset\\\/mainostaulut-ja-mainosbanderollit\\\/banderollit\\\/#breadcrumb\"},\"inLanguage\":\"fi\",\"potentialAction\":[{\"@type\":\"ReadAction\",\"target\":[\"https:\\\/\\\/www.jaadisain.ee\\\/fi\\\/ulkomainokset\\\/mainostaulut-ja-mainosbanderollit\\\/banderollit\\\/\"]}]},{\"@type\":\"ImageObject\",\"inLanguage\":\"fi\",\"@id\":\"https:\\\/\\\/www.jaadisain.ee\\\/fi\\\/ulkomainokset\\\/mainostaulut-ja-mainosbanderollit\\\/banderollit\\\/#primaryimage\",\"url\":\"https:\\\/\\\/www.jaadisain.ee\\\/wp-content\\\/uploads\\\/2015\\\/11\\\/reklaambanner-e1449747433508.jpg\",\"contentUrl\":\"https:\\\/\\\/www.jaadisain.ee\\\/wp-content\\\/uploads\\\/2015\\\/11\\\/reklaambanner-e1449747433508.jpg\",\"width\":610,\"height\":396,\"caption\":\"banderollit\"},{\"@type\":\"BreadcrumbList\",\"@id\":\"https:\\\/\\\/www.jaadisain.ee\\\/fi\\\/ulkomainokset\\\/mainostaulut-ja-mainosbanderollit\\\/banderollit\\\/#breadcrumb\",\"itemListElement\":[{\"@type\":\"ListItem\",\"position\":1,\"name\":\"Home\",\"item\":\"https:\\\/\\\/www.jaadisain.ee\\\/fi\\\/\"},{\"@type\":\"ListItem\",\"position\":2,\"name\":\"Tuotteet\",\"item\":\"https:\\\/\\\/www.jaadisain.ee\\\/fi\\\/ulkomainokset\\\/\"},{\"@type\":\"ListItem\",\"position\":3,\"name\":\"Mainostaulut ja mainosbanderollit\",\"item\":\"https:\\\/\\\/www.jaadisain.ee\\\/fi\\\/ulkomainokset\\\/mainostaulut-ja-mainosbanderollit\\\/\"},{\"@type\":\"ListItem\",\"position\":4,\"name\":\"Banderollit\"}]},{\"@type\":\"WebSite\",\"@id\":\"https:\\\/\\\/www.jaadisain.ee\\\/#website\",\"url\":\"https:\\\/\\\/www.jaadisain.ee\\\/\",\"name\":\"JAA Disain\",\"description\":\"Valgusreklaamide tootja aastast 1993\",\"publisher\":{\"@id\":\"https:\\\/\\\/www.jaadisain.ee\\\/#organization\"},\"potentialAction\":[{\"@type\":\"SearchAction\",\"target\":{\"@type\":\"EntryPoint\",\"urlTemplate\":\"https:\\\/\\\/www.jaadisain.ee\\\/?s={search_term_string}\"},\"query-input\":{\"@type\":\"PropertyValueSpecification\",\"valueRequired\":true,\"valueName\":\"search_term_string\"}}],\"inLanguage\":\"fi\"},{\"@type\":\"Organization\",\"@id\":\"https:\\\/\\\/www.jaadisain.ee\\\/#organization\",\"name\":\"JAA Disain\",\"url\":\"https:\\\/\\\/www.jaadisain.ee\\\/\",\"logo\":{\"@type\":\"ImageObject\",\"inLanguage\":\"fi\",\"@id\":\"https:\\\/\\\/www.jaadisain.ee\\\/#\\\/schema\\\/logo\\\/image\\\/\",\"url\":\"https:\\\/\\\/www.jaadisain.ee\\\/wp-content\\\/uploads\\\/2016\\\/02\\\/JAA-Disain-logo.jpg\",\"contentUrl\":\"https:\\\/\\\/www.jaadisain.ee\\\/wp-content\\\/uploads\\\/2016\\\/02\\\/JAA-Disain-logo.jpg\",\"width\":443,\"height\":259,\"caption\":\"JAA Disain\"},\"image\":{\"@id\":\"https:\\\/\\\/www.jaadisain.ee\\\/#\\\/schema\\\/logo\\\/image\\\/\"},\"sameAs\":[\"https:\\\/\\\/www.facebook.com\\\/JAA-Disain-156295277734632\\\/timeline\"]}]}<\/script>\n<!-- \/ Yoast SEO plugin. -->","yoast_head_json":{"title":"Banderollit tarjoavat rajattomat suunnittelumahdollisuudet","description":"Painetut banderollit tarjoavat rajattomat suunnittelumahdollisuudet, ja niit\u00e4 k\u00e4ytet\u00e4\u00e4n usein suurikokoisissa mainoksissa tai v\u00e4liaikaisina mainoksina.","robots":{"index":"index","follow":"follow","max-snippet":"max-snippet:-1","max-image-preview":"max-image-preview:large","max-video-preview":"max-video-preview:-1"},"canonical":"https:\/\/www.jaadisain.ee\/fi\/ulkomainokset\/mainostaulut-ja-mainosbanderollit\/banderollit\/","og_locale":"fi_FI","og_type":"article","og_title":"Banderollit tarjoavat rajattomat suunnittelumahdollisuudet","og_description":"Painetut banderollit tarjoavat rajattomat suunnittelumahdollisuudet, ja niit\u00e4 k\u00e4ytet\u00e4\u00e4n usein suurikokoisissa mainoksissa tai v\u00e4liaikaisina mainoksina.","og_url":"https:\/\/www.jaadisain.ee\/fi\/ulkomainokset\/mainostaulut-ja-mainosbanderollit\/banderollit\/","og_site_name":"JAA Disain","article_publisher":"https:\/\/www.facebook.com\/JAA-Disain-156295277734632\/timeline","article_modified_time":"2016-11-03T12:29:06+00:00","og_image":[{"width":610,"height":396,"url":"https:\/\/www.jaadisain.ee\/wp-content\/uploads\/2015\/11\/reklaambanner-e1449747433508.jpg","type":"image\/jpeg"}],"twitter_card":"summary_large_image","twitter_misc":{"Arvioitu lukuaika":"1 minuutti"},"schema":{"@context":"https:\/\/schema.org","@graph":[{"@type":"WebPage","@id":"https:\/\/www.jaadisain.ee\/fi\/ulkomainokset\/mainostaulut-ja-mainosbanderollit\/banderollit\/","url":"https:\/\/www.jaadisain.ee\/fi\/ulkomainokset\/mainostaulut-ja-mainosbanderollit\/banderollit\/","name":"Banderollit tarjoavat rajattomat suunnittelumahdollisuudet","isPartOf":{"@id":"https:\/\/www.jaadisain.ee\/#website"},"primaryImageOfPage":{"@id":"https:\/\/www.jaadisain.ee\/fi\/ulkomainokset\/mainostaulut-ja-mainosbanderollit\/banderollit\/#primaryimage"},"image":{"@id":"https:\/\/www.jaadisain.ee\/fi\/ulkomainokset\/mainostaulut-ja-mainosbanderollit\/banderollit\/#primaryimage"},"thumbnailUrl":"https:\/\/www.jaadisain.ee\/wp-content\/uploads\/2015\/11\/reklaambanner-e1449747433508.jpg","datePublished":"2015-11-16T11:16:55+00:00","dateModified":"2016-11-03T12:29:06+00:00","description":"Painetut banderollit tarjoavat rajattomat suunnittelumahdollisuudet, ja niit\u00e4 k\u00e4ytet\u00e4\u00e4n usein suurikokoisissa mainoksissa tai v\u00e4liaikaisina mainoksina.","breadcrumb":{"@id":"https:\/\/www.jaadisain.ee\/fi\/ulkomainokset\/mainostaulut-ja-mainosbanderollit\/banderollit\/#breadcrumb"},"inLanguage":"fi","potentialAction":[{"@type":"ReadAction","target":["https:\/\/www.jaadisain.ee\/fi\/ulkomainokset\/mainostaulut-ja-mainosbanderollit\/banderollit\/"]}]},{"@type":"ImageObject","inLanguage":"fi","@id":"https:\/\/www.jaadisain.ee\/fi\/ulkomainokset\/mainostaulut-ja-mainosbanderollit\/banderollit\/#primaryimage","url":"https:\/\/www.jaadisain.ee\/wp-content\/uploads\/2015\/11\/reklaambanner-e1449747433508.jpg","contentUrl":"https:\/\/www.jaadisain.ee\/wp-content\/uploads\/2015\/11\/reklaambanner-e1449747433508.jpg","width":610,"height":396,"caption":"banderollit"},{"@type":"BreadcrumbList","@id":"https:\/\/www.jaadisain.ee\/fi\/ulkomainokset\/mainostaulut-ja-mainosbanderollit\/banderollit\/#breadcrumb","itemListElement":[{"@type":"ListItem","position":1,"name":"Home","item":"https:\/\/www.jaadisain.ee\/fi\/"},{"@type":"ListItem","position":2,"name":"Tuotteet","item":"https:\/\/www.jaadisain.ee\/fi\/ulkomainokset\/"},{"@type":"ListItem","position":3,"name":"Mainostaulut ja mainosbanderollit","item":"https:\/\/www.jaadisain.ee\/fi\/ulkomainokset\/mainostaulut-ja-mainosbanderollit\/"},{"@type":"ListItem","position":4,"name":"Banderollit"}]},{"@type":"WebSite","@id":"https:\/\/www.jaadisain.ee\/#website","url":"https:\/\/www.jaadisain.ee\/","name":"JAA Disain","description":"Valgusreklaamide tootja aastast 1993","publisher":{"@id":"https:\/\/www.jaadisain.ee\/#organization"},"potentialAction":[{"@type":"SearchAction","target":{"@type":"EntryPoint","urlTemplate":"https:\/\/www.jaadisain.ee\/?s={search_term_string}"},"query-input":{"@type":"PropertyValueSpecification","valueRequired":true,"valueName":"search_term_string"}}],"inLanguage":"fi"},{"@type":"Organization","@id":"https:\/\/www.jaadisain.ee\/#organization","name":"JAA Disain","url":"https:\/\/www.jaadisain.ee\/","logo":{"@type":"ImageObject","inLanguage":"fi","@id":"https:\/\/www.jaadisain.ee\/#\/schema\/logo\/image\/","url":"https:\/\/www.jaadisain.ee\/wp-content\/uploads\/2016\/02\/JAA-Disain-logo.jpg","contentUrl":"https:\/\/www.jaadisain.ee\/wp-content\/uploads\/2016\/02\/JAA-Disain-logo.jpg","width":443,"height":259,"caption":"JAA Disain"},"image":{"@id":"https:\/\/www.jaadisain.ee\/#\/schema\/logo\/image\/"},"sameAs":["https:\/\/www.facebook.com\/JAA-Disain-156295277734632\/timeline"]}]}},"_links":{"self":[{"href":"https:\/\/www.jaadisain.ee\/fi\/wp-json\/wp\/v2\/pages\/9067","targetHints":{"allow":["GET"]}}],"collection":[{"href":"https:\/\/www.jaadisain.ee\/fi\/wp-json\/wp\/v2\/pages"}],"about":[{"href":"https:\/\/www.jaadisain.ee\/fi\/wp-json\/wp\/v2\/types\/page"}],"author":[{"embeddable":true,"href":"https:\/\/www.jaadisain.ee\/fi\/wp-json\/wp\/v2\/users\/4"}],"replies":[{"embeddable":true,"href":"https:\/\/www.jaadisain.ee\/fi\/wp-json\/wp\/v2\/comments?post=9067"}],"version-history":[{"count":0,"href":"https:\/\/www.jaadisain.ee\/fi\/wp-json\/wp\/v2\/pages\/9067\/revisions"}],"up":[{"embeddable":true,"href":"https:\/\/www.jaadisain.ee\/fi\/wp-json\/wp\/v2\/pages\/9069"}],"wp:featuredmedia":[{"embeddable":true,"href":"https:\/\/www.jaadisain.ee\/fi\/wp-json\/wp\/v2\/media\/9068"}],"wp:attachment":[{"href":"https:\/\/www.jaadisain.ee\/fi\/wp-json\/wp\/v2\/media?parent=9067"}],"curies":[{"name":"wp","href":"https:\/\/api.w.org\/{rel}","templated":true}]}}