{"id":9065,"date":"2015-11-16T11:17:21","date_gmt":"2015-11-16T11:17:21","guid":{"rendered":"http:\/\/www.jaadisain.ee\/fi\/reklaamtahvlid\/"},"modified":"2016-11-04T14:19:47","modified_gmt":"2016-11-04T12:19:47","slug":"mainoskilvet","status":"publish","type":"page","link":"https:\/\/www.jaadisain.ee\/fi\/ulkomainokset\/mainostaulut-ja-mainosbanderollit\/mainoskilvet\/","title":{"rendered":"Mainoskilvet"},"content":{"rendered":"<p>Yksinkertaisempaan ja edullisempaan mainontaan sopivat erilaiset mainostaulut. Mainoskilvet voi olla yksi- tai kaksipuolinen, ja niiss\u00e4 voidaan k\u00e4ytt\u00e4\u00e4 erilaisia materiaaleja. Mainostaulujen etuja ovat edullinen hinta ja s\u00e4hk\u00f6tt\u00f6myys. Mainostaulu voidaan peitt\u00e4\u00e4 valokuvatarroilla ja valaista tarvittaessa <strong><a href=\"https:\/\/www.jaadisain.ee\/fi\/palvelut\/materiaalien-myynti\/led-valaisin\/\">ledeill\u00e4<\/a><\/strong>. Suunnittelumahdollisuudet ovat miltei rajattomat.<\/p>\n<p><strong>Mainostaulujen k\u00e4ytt\u00f6mahdollisuudet:<\/strong><\/p>\n<ul>\n<li><strong>Tukirakenteiden<\/strong>\u00a0avulla mainostaulut voidaan pystytt\u00e4\u00e4 maastoon sek\u00e4 teiden varsille. Tukirakenteiden ansiosta mainostauluja voidaan k\u00e4ytt\u00e4\u00e4 sek\u00e4 v\u00e4liaikaisina ett\u00e4 kiintein\u00e4, maahan valettuina mainoksina.<\/li>\n<li><strong>Sein\u00e4t<\/strong>: ulko- ja sis\u00e4sein\u00e4t ovat usein sopivia paikkoja n\u00e4ytt\u00e4ville ja informatiivisille mainostauluille.<\/li>\n<li><strong>Ripustettavat kyltit<\/strong>: kylttej\u00e4 k\u00e4ytet\u00e4\u00e4n yleisesti kauppakeskuksissa.<\/li>\n<\/ul>\n<p>JAA Disain on yli 20 vuoden kokemuksen omaava valomainosyritys, jolla on pitk\u00e4 kokemus valomainosten valmistuksesta. Jaa Disain valmistaa valomainokset ja my\u00f6s muut mainostuotteet, kuten mainostaulut, mainostarrat ja digitulostukset.<\/p>\n<h2>Mainoskilvet, k\u00e4ytt\u00f6mahdollisuudet ja referenssit:<\/h2>\n","protected":false},"excerpt":{"rendered":"<p>Yksinkertaisempaan ja edullisempaan mainontaan sopivat erilaiset mainostaulut. Mainoskilvet voi olla yksi- tai kaksipuolinen, ja niiss\u00e4 voidaan k\u00e4ytt\u00e4\u00e4 erilaisia materiaaleja. Mainostaulujen etuja ovat edullinen hinta ja s\u00e4hk\u00f6tt\u00f6myys. Mainostaulu voidaan peitt\u00e4\u00e4 valokuvatarroilla ja valaista tarvittaessa ledeill\u00e4. Suunnittelumahdollisuudet ovat miltei rajattomat. Mainostaulujen k\u00e4ytt\u00f6mahdollisuudet: Tukirakenteiden\u00a0avulla mainostaulut voidaan pystytt\u00e4\u00e4 maastoon sek\u00e4 teiden varsille. Tukirakenteiden ansiosta mainostauluja voidaan k\u00e4ytt\u00e4\u00e4 sek\u00e4 v\u00e4liaikaisina [&hellip;]<\/p>\n","protected":false},"author":4,"featured_media":9066,"parent":9069,"menu_order":2,"comment_status":"closed","ping_status":"closed","template":"","meta":{"_acf_changed":false,"footnotes":""},"class_list":["post-9065","page","type-page","status-publish","has-post-thumbnail","hentry"],"acf":[],"yoast_head":"<!-- This site is optimized with the Yoast SEO plugin v27.3 - https:\/\/yoast.com\/product\/yoast-seo-wordpress\/ -->\n<title>Mainoskilvet - JAA Disain<\/title>\n<meta name=\"description\" content=\"Mainoskilvet ovat helppo tapa mainostaa. Mainostaulujen ja banderollien valmistuskustannukset ovat pienet, eik\u00e4 s\u00e4hk\u00f6\u00e4 kulu.\" \/>\n<meta name=\"robots\" content=\"index, follow, max-snippet:-1, max-image-preview:large, max-video-preview:-1\" \/>\n<link rel=\"canonical\" href=\"https:\/\/www.jaadisain.ee\/fi\/ulkomainokset\/mainostaulut-ja-mainosbanderollit\/mainoskilvet\/\" \/>\n<meta property=\"og:locale\" content=\"fi_FI\" \/>\n<meta property=\"og:type\" content=\"article\" \/>\n<meta property=\"og:title\" content=\"Mainoskilvet - JAA Disain\" \/>\n<meta property=\"og:description\" content=\"Mainoskilvet ovat helppo tapa mainostaa. Mainostaulujen ja banderollien valmistuskustannukset ovat pienet, eik\u00e4 s\u00e4hk\u00f6\u00e4 kulu.\" \/>\n<meta property=\"og:url\" content=\"https:\/\/www.jaadisain.ee\/fi\/ulkomainokset\/mainostaulut-ja-mainosbanderollit\/mainoskilvet\/\" \/>\n<meta property=\"og:site_name\" content=\"JAA Disain\" \/>\n<meta property=\"article:publisher\" content=\"https:\/\/www.facebook.com\/JAA-Disain-156295277734632\/timeline\" \/>\n<meta property=\"article:modified_time\" content=\"2016-11-04T12:19:47+00:00\" \/>\n<meta property=\"og:image\" content=\"https:\/\/www.jaadisain.ee\/wp-content\/uploads\/2015\/11\/reklaamtahvlid-e1449747485232.jpg\" \/>\n\t<meta property=\"og:image:width\" content=\"660\" \/>\n\t<meta property=\"og:image:height\" content=\"522\" \/>\n\t<meta property=\"og:image:type\" content=\"image\/jpeg\" \/>\n<meta name=\"twitter:card\" content=\"summary_large_image\" \/>\n<meta name=\"twitter:label1\" content=\"Arvioitu lukuaika\" \/>\n\t<meta name=\"twitter:data1\" content=\"1 minuutti\" \/>\n<script type=\"application\/ld+json\" class=\"yoast-schema-graph\">{\"@context\":\"https:\\\/\\\/schema.org\",\"@graph\":[{\"@type\":\"WebPage\",\"@id\":\"https:\\\/\\\/www.jaadisain.ee\\\/fi\\\/ulkomainokset\\\/mainostaulut-ja-mainosbanderollit\\\/mainoskilvet\\\/\",\"url\":\"https:\\\/\\\/www.jaadisain.ee\\\/fi\\\/ulkomainokset\\\/mainostaulut-ja-mainosbanderollit\\\/mainoskilvet\\\/\",\"name\":\"Mainoskilvet - JAA Disain\",\"isPartOf\":{\"@id\":\"https:\\\/\\\/www.jaadisain.ee\\\/#website\"},\"primaryImageOfPage\":{\"@id\":\"https:\\\/\\\/www.jaadisain.ee\\\/fi\\\/ulkomainokset\\\/mainostaulut-ja-mainosbanderollit\\\/mainoskilvet\\\/#primaryimage\"},\"image\":{\"@id\":\"https:\\\/\\\/www.jaadisain.ee\\\/fi\\\/ulkomainokset\\\/mainostaulut-ja-mainosbanderollit\\\/mainoskilvet\\\/#primaryimage\"},\"thumbnailUrl\":\"https:\\\/\\\/www.jaadisain.ee\\\/wp-content\\\/uploads\\\/2015\\\/11\\\/reklaamtahvlid-e1449747485232.jpg\",\"datePublished\":\"2015-11-16T11:17:21+00:00\",\"dateModified\":\"2016-11-04T12:19:47+00:00\",\"description\":\"Mainoskilvet ovat helppo tapa mainostaa. Mainostaulujen ja banderollien valmistuskustannukset ovat pienet, eik\u00e4 s\u00e4hk\u00f6\u00e4 kulu.\",\"breadcrumb\":{\"@id\":\"https:\\\/\\\/www.jaadisain.ee\\\/fi\\\/ulkomainokset\\\/mainostaulut-ja-mainosbanderollit\\\/mainoskilvet\\\/#breadcrumb\"},\"inLanguage\":\"fi\",\"potentialAction\":[{\"@type\":\"ReadAction\",\"target\":[\"https:\\\/\\\/www.jaadisain.ee\\\/fi\\\/ulkomainokset\\\/mainostaulut-ja-mainosbanderollit\\\/mainoskilvet\\\/\"]}]},{\"@type\":\"ImageObject\",\"inLanguage\":\"fi\",\"@id\":\"https:\\\/\\\/www.jaadisain.ee\\\/fi\\\/ulkomainokset\\\/mainostaulut-ja-mainosbanderollit\\\/mainoskilvet\\\/#primaryimage\",\"url\":\"https:\\\/\\\/www.jaadisain.ee\\\/wp-content\\\/uploads\\\/2015\\\/11\\\/reklaamtahvlid-e1449747485232.jpg\",\"contentUrl\":\"https:\\\/\\\/www.jaadisain.ee\\\/wp-content\\\/uploads\\\/2015\\\/11\\\/reklaamtahvlid-e1449747485232.jpg\",\"width\":660,\"height\":522,\"caption\":\"mainoskilvet\"},{\"@type\":\"BreadcrumbList\",\"@id\":\"https:\\\/\\\/www.jaadisain.ee\\\/fi\\\/ulkomainokset\\\/mainostaulut-ja-mainosbanderollit\\\/mainoskilvet\\\/#breadcrumb\",\"itemListElement\":[{\"@type\":\"ListItem\",\"position\":1,\"name\":\"Home\",\"item\":\"https:\\\/\\\/www.jaadisain.ee\\\/fi\\\/\"},{\"@type\":\"ListItem\",\"position\":2,\"name\":\"Tuotteet\",\"item\":\"https:\\\/\\\/www.jaadisain.ee\\\/fi\\\/ulkomainokset\\\/\"},{\"@type\":\"ListItem\",\"position\":3,\"name\":\"Mainostaulut ja mainosbanderollit\",\"item\":\"https:\\\/\\\/www.jaadisain.ee\\\/fi\\\/ulkomainokset\\\/mainostaulut-ja-mainosbanderollit\\\/\"},{\"@type\":\"ListItem\",\"position\":4,\"name\":\"Mainoskilvet\"}]},{\"@type\":\"WebSite\",\"@id\":\"https:\\\/\\\/www.jaadisain.ee\\\/#website\",\"url\":\"https:\\\/\\\/www.jaadisain.ee\\\/\",\"name\":\"JAA Disain\",\"description\":\"Valgusreklaamide tootja aastast 1993\",\"publisher\":{\"@id\":\"https:\\\/\\\/www.jaadisain.ee\\\/#organization\"},\"potentialAction\":[{\"@type\":\"SearchAction\",\"target\":{\"@type\":\"EntryPoint\",\"urlTemplate\":\"https:\\\/\\\/www.jaadisain.ee\\\/?s={search_term_string}\"},\"query-input\":{\"@type\":\"PropertyValueSpecification\",\"valueRequired\":true,\"valueName\":\"search_term_string\"}}],\"inLanguage\":\"fi\"},{\"@type\":\"Organization\",\"@id\":\"https:\\\/\\\/www.jaadisain.ee\\\/#organization\",\"name\":\"JAA Disain\",\"url\":\"https:\\\/\\\/www.jaadisain.ee\\\/\",\"logo\":{\"@type\":\"ImageObject\",\"inLanguage\":\"fi\",\"@id\":\"https:\\\/\\\/www.jaadisain.ee\\\/#\\\/schema\\\/logo\\\/image\\\/\",\"url\":\"https:\\\/\\\/www.jaadisain.ee\\\/wp-content\\\/uploads\\\/2016\\\/02\\\/JAA-Disain-logo.jpg\",\"contentUrl\":\"https:\\\/\\\/www.jaadisain.ee\\\/wp-content\\\/uploads\\\/2016\\\/02\\\/JAA-Disain-logo.jpg\",\"width\":443,\"height\":259,\"caption\":\"JAA Disain\"},\"image\":{\"@id\":\"https:\\\/\\\/www.jaadisain.ee\\\/#\\\/schema\\\/logo\\\/image\\\/\"},\"sameAs\":[\"https:\\\/\\\/www.facebook.com\\\/JAA-Disain-156295277734632\\\/timeline\"]}]}<\/script>\n<!-- \/ Yoast SEO plugin. -->","yoast_head_json":{"title":"Mainoskilvet - JAA Disain","description":"Mainoskilvet ovat helppo tapa mainostaa. Mainostaulujen ja banderollien valmistuskustannukset ovat pienet, eik\u00e4 s\u00e4hk\u00f6\u00e4 kulu.","robots":{"index":"index","follow":"follow","max-snippet":"max-snippet:-1","max-image-preview":"max-image-preview:large","max-video-preview":"max-video-preview:-1"},"canonical":"https:\/\/www.jaadisain.ee\/fi\/ulkomainokset\/mainostaulut-ja-mainosbanderollit\/mainoskilvet\/","og_locale":"fi_FI","og_type":"article","og_title":"Mainoskilvet - JAA Disain","og_description":"Mainoskilvet ovat helppo tapa mainostaa. Mainostaulujen ja banderollien valmistuskustannukset ovat pienet, eik\u00e4 s\u00e4hk\u00f6\u00e4 kulu.","og_url":"https:\/\/www.jaadisain.ee\/fi\/ulkomainokset\/mainostaulut-ja-mainosbanderollit\/mainoskilvet\/","og_site_name":"JAA Disain","article_publisher":"https:\/\/www.facebook.com\/JAA-Disain-156295277734632\/timeline","article_modified_time":"2016-11-04T12:19:47+00:00","og_image":[{"width":660,"height":522,"url":"https:\/\/www.jaadisain.ee\/wp-content\/uploads\/2015\/11\/reklaamtahvlid-e1449747485232.jpg","type":"image\/jpeg"}],"twitter_card":"summary_large_image","twitter_misc":{"Arvioitu lukuaika":"1 minuutti"},"schema":{"@context":"https:\/\/schema.org","@graph":[{"@type":"WebPage","@id":"https:\/\/www.jaadisain.ee\/fi\/ulkomainokset\/mainostaulut-ja-mainosbanderollit\/mainoskilvet\/","url":"https:\/\/www.jaadisain.ee\/fi\/ulkomainokset\/mainostaulut-ja-mainosbanderollit\/mainoskilvet\/","name":"Mainoskilvet - JAA Disain","isPartOf":{"@id":"https:\/\/www.jaadisain.ee\/#website"},"primaryImageOfPage":{"@id":"https:\/\/www.jaadisain.ee\/fi\/ulkomainokset\/mainostaulut-ja-mainosbanderollit\/mainoskilvet\/#primaryimage"},"image":{"@id":"https:\/\/www.jaadisain.ee\/fi\/ulkomainokset\/mainostaulut-ja-mainosbanderollit\/mainoskilvet\/#primaryimage"},"thumbnailUrl":"https:\/\/www.jaadisain.ee\/wp-content\/uploads\/2015\/11\/reklaamtahvlid-e1449747485232.jpg","datePublished":"2015-11-16T11:17:21+00:00","dateModified":"2016-11-04T12:19:47+00:00","description":"Mainoskilvet ovat helppo tapa mainostaa. Mainostaulujen ja banderollien valmistuskustannukset ovat pienet, eik\u00e4 s\u00e4hk\u00f6\u00e4 kulu.","breadcrumb":{"@id":"https:\/\/www.jaadisain.ee\/fi\/ulkomainokset\/mainostaulut-ja-mainosbanderollit\/mainoskilvet\/#breadcrumb"},"inLanguage":"fi","potentialAction":[{"@type":"ReadAction","target":["https:\/\/www.jaadisain.ee\/fi\/ulkomainokset\/mainostaulut-ja-mainosbanderollit\/mainoskilvet\/"]}]},{"@type":"ImageObject","inLanguage":"fi","@id":"https:\/\/www.jaadisain.ee\/fi\/ulkomainokset\/mainostaulut-ja-mainosbanderollit\/mainoskilvet\/#primaryimage","url":"https:\/\/www.jaadisain.ee\/wp-content\/uploads\/2015\/11\/reklaamtahvlid-e1449747485232.jpg","contentUrl":"https:\/\/www.jaadisain.ee\/wp-content\/uploads\/2015\/11\/reklaamtahvlid-e1449747485232.jpg","width":660,"height":522,"caption":"mainoskilvet"},{"@type":"BreadcrumbList","@id":"https:\/\/www.jaadisain.ee\/fi\/ulkomainokset\/mainostaulut-ja-mainosbanderollit\/mainoskilvet\/#breadcrumb","itemListElement":[{"@type":"ListItem","position":1,"name":"Home","item":"https:\/\/www.jaadisain.ee\/fi\/"},{"@type":"ListItem","position":2,"name":"Tuotteet","item":"https:\/\/www.jaadisain.ee\/fi\/ulkomainokset\/"},{"@type":"ListItem","position":3,"name":"Mainostaulut ja mainosbanderollit","item":"https:\/\/www.jaadisain.ee\/fi\/ulkomainokset\/mainostaulut-ja-mainosbanderollit\/"},{"@type":"ListItem","position":4,"name":"Mainoskilvet"}]},{"@type":"WebSite","@id":"https:\/\/www.jaadisain.ee\/#website","url":"https:\/\/www.jaadisain.ee\/","name":"JAA Disain","description":"Valgusreklaamide tootja aastast 1993","publisher":{"@id":"https:\/\/www.jaadisain.ee\/#organization"},"potentialAction":[{"@type":"SearchAction","target":{"@type":"EntryPoint","urlTemplate":"https:\/\/www.jaadisain.ee\/?s={search_term_string}"},"query-input":{"@type":"PropertyValueSpecification","valueRequired":true,"valueName":"search_term_string"}}],"inLanguage":"fi"},{"@type":"Organization","@id":"https:\/\/www.jaadisain.ee\/#organization","name":"JAA Disain","url":"https:\/\/www.jaadisain.ee\/","logo":{"@type":"ImageObject","inLanguage":"fi","@id":"https:\/\/www.jaadisain.ee\/#\/schema\/logo\/image\/","url":"https:\/\/www.jaadisain.ee\/wp-content\/uploads\/2016\/02\/JAA-Disain-logo.jpg","contentUrl":"https:\/\/www.jaadisain.ee\/wp-content\/uploads\/2016\/02\/JAA-Disain-logo.jpg","width":443,"height":259,"caption":"JAA Disain"},"image":{"@id":"https:\/\/www.jaadisain.ee\/#\/schema\/logo\/image\/"},"sameAs":["https:\/\/www.facebook.com\/JAA-Disain-156295277734632\/timeline"]}]}},"_links":{"self":[{"href":"https:\/\/www.jaadisain.ee\/fi\/wp-json\/wp\/v2\/pages\/9065","targetHints":{"allow":["GET"]}}],"collection":[{"href":"https:\/\/www.jaadisain.ee\/fi\/wp-json\/wp\/v2\/pages"}],"about":[{"href":"https:\/\/www.jaadisain.ee\/fi\/wp-json\/wp\/v2\/types\/page"}],"author":[{"embeddable":true,"href":"https:\/\/www.jaadisain.ee\/fi\/wp-json\/wp\/v2\/users\/4"}],"replies":[{"embeddable":true,"href":"https:\/\/www.jaadisain.ee\/fi\/wp-json\/wp\/v2\/comments?post=9065"}],"version-history":[{"count":1,"href":"https:\/\/www.jaadisain.ee\/fi\/wp-json\/wp\/v2\/pages\/9065\/revisions"}],"predecessor-version":[{"id":9604,"href":"https:\/\/www.jaadisain.ee\/fi\/wp-json\/wp\/v2\/pages\/9065\/revisions\/9604"}],"up":[{"embeddable":true,"href":"https:\/\/www.jaadisain.ee\/fi\/wp-json\/wp\/v2\/pages\/9069"}],"wp:featuredmedia":[{"embeddable":true,"href":"https:\/\/www.jaadisain.ee\/fi\/wp-json\/wp\/v2\/media\/9066"}],"wp:attachment":[{"href":"https:\/\/www.jaadisain.ee\/fi\/wp-json\/wp\/v2\/media?parent=9065"}],"curies":[{"name":"wp","href":"https:\/\/api.w.org\/{rel}","templated":true}]}}