{"id":9057,"date":"2015-11-16T11:22:24","date_gmt":"2015-11-16T11:22:24","guid":{"rendered":"http:\/\/www.jaadisain.ee\/fi\/digitrukk-ja-fotoprint\/"},"modified":"2016-11-02T15:01:08","modified_gmt":"2016-11-02T13:01:08","slug":"digitulostus-ja-valokuvatulostus","status":"publish","type":"page","link":"https:\/\/www.jaadisain.ee\/fi\/ulkomainokset\/digitulostus-ja-valokuvatulostus\/","title":{"rendered":"Digitulostus ja valokuvatulostus"},"content":{"rendered":"<h2>Digitulostus ja valokuvatulostus mahdollistavat valokuvien k\u00e4yt\u00f6n laajalti erilaisissa materiaaleissa.<\/h2>\n<p>Valokuvatulostuksen ja digitaalisen tulostuksen ansiosta valokuvia voidaan k\u00e4ytt\u00e4\u00e4 entist\u00e4 monipuolisemmin erilaisissa materiaaleissa, kuten tarroissa, paperilla, tekstiileiss\u00e4, pvc-kankaissa jne. Menetelmill\u00e4 pystyt\u00e4\u00e4n tulostamaan my\u00f6s eritt\u00e4in suurikokoisia mainoksia, joiden koko on useita satoja neli\u00f6it\u00e4. Lis\u00e4ksi voidaan tehd\u00e4 hyvin pieni\u00e4 tarroja erilaisia tuotteita varten.<\/p>\n<p>Valokuvatulosteita voi laittaa sek\u00e4 sis\u00e4- ett\u00e4 ulkotiloihin, n\u00e4yteikkunoihin ja ajoneuvoihin. Digitaalisen tulostuksen avulla kuva voidaan tulostaa tarraan ja liimata lasiin, sein\u00e4\u00e4n, per\u00e4vaunuihin, bussipys\u00e4kkien katoksiin jne. Digitulosteen voi asentaa sit\u00e4 varten valmisteltuun alustaan ja ripustaa sein\u00e4lle \u2013 pinta kannattaa laminoida, jotta se kest\u00e4\u00e4 paremmin. Digitaalisesti tulostetut autotarrat autoissa ovat oiva keino pirist\u00e4\u00e4 harmaata katukuvaa. Jatkuvasti liikenn\u00f6iv\u00e4t autot viev\u00e4t mainokset kaikkialle l\u00e4hi\u00f6ist\u00e4 kotipihaan saakka. Autotarrat eiv\u00e4t j\u00e4\u00e4 huomaamatta muilta liikenteess\u00e4 liikkujilta tai kadunvarsilla asuvilta.<\/p>\n<h2>Digitulostus ja valokuvatulostus, k\u00e4ytt\u00f6mahdollisuudet ja referenssit:<\/h2>\n","protected":false},"excerpt":{"rendered":"<p>Digitulostus ja valokuvatulostus mahdollistavat valokuvien k\u00e4yt\u00f6n laajalti erilaisissa materiaaleissa. Valokuvatulostuksen ja digitaalisen tulostuksen ansiosta valokuvia voidaan k\u00e4ytt\u00e4\u00e4 entist\u00e4 monipuolisemmin erilaisissa materiaaleissa, kuten tarroissa, paperilla, tekstiileiss\u00e4, pvc-kankaissa jne. Menetelmill\u00e4 pystyt\u00e4\u00e4n tulostamaan my\u00f6s eritt\u00e4in suurikokoisia mainoksia, joiden koko on useita satoja neli\u00f6it\u00e4. Lis\u00e4ksi voidaan tehd\u00e4 hyvin pieni\u00e4 tarroja erilaisia tuotteita varten. Valokuvatulosteita voi laittaa sek\u00e4 sis\u00e4- ett\u00e4 [&hellip;]<\/p>\n","protected":false},"author":4,"featured_media":9058,"parent":9176,"menu_order":5,"comment_status":"closed","ping_status":"closed","template":"","meta":{"_acf_changed":false,"footnotes":""},"class_list":["post-9057","page","type-page","status-publish","has-post-thumbnail","hentry"],"acf":[],"yoast_head":"<!-- This site is optimized with the Yoast SEO plugin v27.3 - https:\/\/yoast.com\/product\/yoast-seo-wordpress\/ -->\n<title>Digitulostus ja valokuvatulostus, digitaalinen tulostus - JAA Disain<\/title>\n<meta name=\"description\" content=\"Digitulostus ja valokuvatulostus mahdollistavat valokuvien k\u00e4yt\u00f6n laajalti erilaisissa materiaaleissa. Lue lis\u00e4\u00e4 ja katso valmiit ty\u00f6t t\u00e4\u00e4lt\u00e4!\" \/>\n<meta name=\"robots\" content=\"index, follow, max-snippet:-1, max-image-preview:large, max-video-preview:-1\" \/>\n<link rel=\"canonical\" href=\"https:\/\/www.jaadisain.ee\/fi\/ulkomainokset\/digitulostus-ja-valokuvatulostus\/\" \/>\n<meta property=\"og:locale\" content=\"fi_FI\" \/>\n<meta property=\"og:type\" content=\"article\" \/>\n<meta property=\"og:title\" content=\"Digitulostus ja valokuvatulostus, digitaalinen tulostus - JAA Disain\" \/>\n<meta property=\"og:description\" content=\"Digitulostus ja valokuvatulostus mahdollistavat valokuvien k\u00e4yt\u00f6n laajalti erilaisissa materiaaleissa. Lue lis\u00e4\u00e4 ja katso valmiit ty\u00f6t t\u00e4\u00e4lt\u00e4!\" \/>\n<meta property=\"og:url\" content=\"https:\/\/www.jaadisain.ee\/fi\/ulkomainokset\/digitulostus-ja-valokuvatulostus\/\" \/>\n<meta property=\"og:site_name\" content=\"JAA Disain\" \/>\n<meta property=\"article:publisher\" content=\"https:\/\/www.facebook.com\/JAA-Disain-156295277734632\/timeline\" \/>\n<meta property=\"article:modified_time\" content=\"2016-11-02T13:01:08+00:00\" \/>\n<meta property=\"og:image\" content=\"https:\/\/www.jaadisain.ee\/wp-content\/uploads\/2015\/11\/digitaal-ja-fotoprint-e1448453990557.jpg\" \/>\n\t<meta property=\"og:image:width\" content=\"649\" \/>\n\t<meta property=\"og:image:height\" content=\"517\" \/>\n\t<meta property=\"og:image:type\" content=\"image\/jpeg\" \/>\n<meta name=\"twitter:card\" content=\"summary_large_image\" \/>\n<meta name=\"twitter:label1\" content=\"Arvioitu lukuaika\" \/>\n\t<meta name=\"twitter:data1\" content=\"1 minuutti\" \/>\n<script type=\"application\/ld+json\" class=\"yoast-schema-graph\">{\"@context\":\"https:\\\/\\\/schema.org\",\"@graph\":[{\"@type\":\"WebPage\",\"@id\":\"https:\\\/\\\/www.jaadisain.ee\\\/fi\\\/ulkomainokset\\\/digitulostus-ja-valokuvatulostus\\\/\",\"url\":\"https:\\\/\\\/www.jaadisain.ee\\\/fi\\\/ulkomainokset\\\/digitulostus-ja-valokuvatulostus\\\/\",\"name\":\"Digitulostus ja valokuvatulostus, digitaalinen tulostus - JAA Disain\",\"isPartOf\":{\"@id\":\"https:\\\/\\\/www.jaadisain.ee\\\/#website\"},\"primaryImageOfPage\":{\"@id\":\"https:\\\/\\\/www.jaadisain.ee\\\/fi\\\/ulkomainokset\\\/digitulostus-ja-valokuvatulostus\\\/#primaryimage\"},\"image\":{\"@id\":\"https:\\\/\\\/www.jaadisain.ee\\\/fi\\\/ulkomainokset\\\/digitulostus-ja-valokuvatulostus\\\/#primaryimage\"},\"thumbnailUrl\":\"https:\\\/\\\/www.jaadisain.ee\\\/wp-content\\\/uploads\\\/2015\\\/11\\\/digitaal-ja-fotoprint-e1448453990557.jpg\",\"datePublished\":\"2015-11-16T11:22:24+00:00\",\"dateModified\":\"2016-11-02T13:01:08+00:00\",\"description\":\"Digitulostus ja valokuvatulostus mahdollistavat valokuvien k\u00e4yt\u00f6n laajalti erilaisissa materiaaleissa. Lue lis\u00e4\u00e4 ja katso valmiit ty\u00f6t t\u00e4\u00e4lt\u00e4!\",\"breadcrumb\":{\"@id\":\"https:\\\/\\\/www.jaadisain.ee\\\/fi\\\/ulkomainokset\\\/digitulostus-ja-valokuvatulostus\\\/#breadcrumb\"},\"inLanguage\":\"fi\",\"potentialAction\":[{\"@type\":\"ReadAction\",\"target\":[\"https:\\\/\\\/www.jaadisain.ee\\\/fi\\\/ulkomainokset\\\/digitulostus-ja-valokuvatulostus\\\/\"]}]},{\"@type\":\"ImageObject\",\"inLanguage\":\"fi\",\"@id\":\"https:\\\/\\\/www.jaadisain.ee\\\/fi\\\/ulkomainokset\\\/digitulostus-ja-valokuvatulostus\\\/#primaryimage\",\"url\":\"https:\\\/\\\/www.jaadisain.ee\\\/wp-content\\\/uploads\\\/2015\\\/11\\\/digitaal-ja-fotoprint-e1448453990557.jpg\",\"contentUrl\":\"https:\\\/\\\/www.jaadisain.ee\\\/wp-content\\\/uploads\\\/2015\\\/11\\\/digitaal-ja-fotoprint-e1448453990557.jpg\",\"width\":649,\"height\":517,\"caption\":\"Digitulostus ja valokuvatulostus\"},{\"@type\":\"BreadcrumbList\",\"@id\":\"https:\\\/\\\/www.jaadisain.ee\\\/fi\\\/ulkomainokset\\\/digitulostus-ja-valokuvatulostus\\\/#breadcrumb\",\"itemListElement\":[{\"@type\":\"ListItem\",\"position\":1,\"name\":\"Home\",\"item\":\"https:\\\/\\\/www.jaadisain.ee\\\/fi\\\/\"},{\"@type\":\"ListItem\",\"position\":2,\"name\":\"Tuotteet\",\"item\":\"https:\\\/\\\/www.jaadisain.ee\\\/fi\\\/ulkomainokset\\\/\"},{\"@type\":\"ListItem\",\"position\":3,\"name\":\"Digitulostus ja valokuvatulostus\"}]},{\"@type\":\"WebSite\",\"@id\":\"https:\\\/\\\/www.jaadisain.ee\\\/#website\",\"url\":\"https:\\\/\\\/www.jaadisain.ee\\\/\",\"name\":\"JAA Disain\",\"description\":\"Valgusreklaamide tootja aastast 1993\",\"publisher\":{\"@id\":\"https:\\\/\\\/www.jaadisain.ee\\\/#organization\"},\"potentialAction\":[{\"@type\":\"SearchAction\",\"target\":{\"@type\":\"EntryPoint\",\"urlTemplate\":\"https:\\\/\\\/www.jaadisain.ee\\\/?s={search_term_string}\"},\"query-input\":{\"@type\":\"PropertyValueSpecification\",\"valueRequired\":true,\"valueName\":\"search_term_string\"}}],\"inLanguage\":\"fi\"},{\"@type\":\"Organization\",\"@id\":\"https:\\\/\\\/www.jaadisain.ee\\\/#organization\",\"name\":\"JAA Disain\",\"url\":\"https:\\\/\\\/www.jaadisain.ee\\\/\",\"logo\":{\"@type\":\"ImageObject\",\"inLanguage\":\"fi\",\"@id\":\"https:\\\/\\\/www.jaadisain.ee\\\/#\\\/schema\\\/logo\\\/image\\\/\",\"url\":\"https:\\\/\\\/www.jaadisain.ee\\\/wp-content\\\/uploads\\\/2016\\\/02\\\/JAA-Disain-logo.jpg\",\"contentUrl\":\"https:\\\/\\\/www.jaadisain.ee\\\/wp-content\\\/uploads\\\/2016\\\/02\\\/JAA-Disain-logo.jpg\",\"width\":443,\"height\":259,\"caption\":\"JAA Disain\"},\"image\":{\"@id\":\"https:\\\/\\\/www.jaadisain.ee\\\/#\\\/schema\\\/logo\\\/image\\\/\"},\"sameAs\":[\"https:\\\/\\\/www.facebook.com\\\/JAA-Disain-156295277734632\\\/timeline\"]}]}<\/script>\n<!-- \/ Yoast SEO plugin. -->","yoast_head_json":{"title":"Digitulostus ja valokuvatulostus, digitaalinen tulostus - JAA Disain","description":"Digitulostus ja valokuvatulostus mahdollistavat valokuvien k\u00e4yt\u00f6n laajalti erilaisissa materiaaleissa. Lue lis\u00e4\u00e4 ja katso valmiit ty\u00f6t t\u00e4\u00e4lt\u00e4!","robots":{"index":"index","follow":"follow","max-snippet":"max-snippet:-1","max-image-preview":"max-image-preview:large","max-video-preview":"max-video-preview:-1"},"canonical":"https:\/\/www.jaadisain.ee\/fi\/ulkomainokset\/digitulostus-ja-valokuvatulostus\/","og_locale":"fi_FI","og_type":"article","og_title":"Digitulostus ja valokuvatulostus, digitaalinen tulostus - JAA Disain","og_description":"Digitulostus ja valokuvatulostus mahdollistavat valokuvien k\u00e4yt\u00f6n laajalti erilaisissa materiaaleissa. Lue lis\u00e4\u00e4 ja katso valmiit ty\u00f6t t\u00e4\u00e4lt\u00e4!","og_url":"https:\/\/www.jaadisain.ee\/fi\/ulkomainokset\/digitulostus-ja-valokuvatulostus\/","og_site_name":"JAA Disain","article_publisher":"https:\/\/www.facebook.com\/JAA-Disain-156295277734632\/timeline","article_modified_time":"2016-11-02T13:01:08+00:00","og_image":[{"width":649,"height":517,"url":"https:\/\/www.jaadisain.ee\/wp-content\/uploads\/2015\/11\/digitaal-ja-fotoprint-e1448453990557.jpg","type":"image\/jpeg"}],"twitter_card":"summary_large_image","twitter_misc":{"Arvioitu lukuaika":"1 minuutti"},"schema":{"@context":"https:\/\/schema.org","@graph":[{"@type":"WebPage","@id":"https:\/\/www.jaadisain.ee\/fi\/ulkomainokset\/digitulostus-ja-valokuvatulostus\/","url":"https:\/\/www.jaadisain.ee\/fi\/ulkomainokset\/digitulostus-ja-valokuvatulostus\/","name":"Digitulostus ja valokuvatulostus, digitaalinen tulostus - JAA Disain","isPartOf":{"@id":"https:\/\/www.jaadisain.ee\/#website"},"primaryImageOfPage":{"@id":"https:\/\/www.jaadisain.ee\/fi\/ulkomainokset\/digitulostus-ja-valokuvatulostus\/#primaryimage"},"image":{"@id":"https:\/\/www.jaadisain.ee\/fi\/ulkomainokset\/digitulostus-ja-valokuvatulostus\/#primaryimage"},"thumbnailUrl":"https:\/\/www.jaadisain.ee\/wp-content\/uploads\/2015\/11\/digitaal-ja-fotoprint-e1448453990557.jpg","datePublished":"2015-11-16T11:22:24+00:00","dateModified":"2016-11-02T13:01:08+00:00","description":"Digitulostus ja valokuvatulostus mahdollistavat valokuvien k\u00e4yt\u00f6n laajalti erilaisissa materiaaleissa. Lue lis\u00e4\u00e4 ja katso valmiit ty\u00f6t t\u00e4\u00e4lt\u00e4!","breadcrumb":{"@id":"https:\/\/www.jaadisain.ee\/fi\/ulkomainokset\/digitulostus-ja-valokuvatulostus\/#breadcrumb"},"inLanguage":"fi","potentialAction":[{"@type":"ReadAction","target":["https:\/\/www.jaadisain.ee\/fi\/ulkomainokset\/digitulostus-ja-valokuvatulostus\/"]}]},{"@type":"ImageObject","inLanguage":"fi","@id":"https:\/\/www.jaadisain.ee\/fi\/ulkomainokset\/digitulostus-ja-valokuvatulostus\/#primaryimage","url":"https:\/\/www.jaadisain.ee\/wp-content\/uploads\/2015\/11\/digitaal-ja-fotoprint-e1448453990557.jpg","contentUrl":"https:\/\/www.jaadisain.ee\/wp-content\/uploads\/2015\/11\/digitaal-ja-fotoprint-e1448453990557.jpg","width":649,"height":517,"caption":"Digitulostus ja valokuvatulostus"},{"@type":"BreadcrumbList","@id":"https:\/\/www.jaadisain.ee\/fi\/ulkomainokset\/digitulostus-ja-valokuvatulostus\/#breadcrumb","itemListElement":[{"@type":"ListItem","position":1,"name":"Home","item":"https:\/\/www.jaadisain.ee\/fi\/"},{"@type":"ListItem","position":2,"name":"Tuotteet","item":"https:\/\/www.jaadisain.ee\/fi\/ulkomainokset\/"},{"@type":"ListItem","position":3,"name":"Digitulostus ja valokuvatulostus"}]},{"@type":"WebSite","@id":"https:\/\/www.jaadisain.ee\/#website","url":"https:\/\/www.jaadisain.ee\/","name":"JAA Disain","description":"Valgusreklaamide tootja aastast 1993","publisher":{"@id":"https:\/\/www.jaadisain.ee\/#organization"},"potentialAction":[{"@type":"SearchAction","target":{"@type":"EntryPoint","urlTemplate":"https:\/\/www.jaadisain.ee\/?s={search_term_string}"},"query-input":{"@type":"PropertyValueSpecification","valueRequired":true,"valueName":"search_term_string"}}],"inLanguage":"fi"},{"@type":"Organization","@id":"https:\/\/www.jaadisain.ee\/#organization","name":"JAA Disain","url":"https:\/\/www.jaadisain.ee\/","logo":{"@type":"ImageObject","inLanguage":"fi","@id":"https:\/\/www.jaadisain.ee\/#\/schema\/logo\/image\/","url":"https:\/\/www.jaadisain.ee\/wp-content\/uploads\/2016\/02\/JAA-Disain-logo.jpg","contentUrl":"https:\/\/www.jaadisain.ee\/wp-content\/uploads\/2016\/02\/JAA-Disain-logo.jpg","width":443,"height":259,"caption":"JAA Disain"},"image":{"@id":"https:\/\/www.jaadisain.ee\/#\/schema\/logo\/image\/"},"sameAs":["https:\/\/www.facebook.com\/JAA-Disain-156295277734632\/timeline"]}]}},"_links":{"self":[{"href":"https:\/\/www.jaadisain.ee\/fi\/wp-json\/wp\/v2\/pages\/9057","targetHints":{"allow":["GET"]}}],"collection":[{"href":"https:\/\/www.jaadisain.ee\/fi\/wp-json\/wp\/v2\/pages"}],"about":[{"href":"https:\/\/www.jaadisain.ee\/fi\/wp-json\/wp\/v2\/types\/page"}],"author":[{"embeddable":true,"href":"https:\/\/www.jaadisain.ee\/fi\/wp-json\/wp\/v2\/users\/4"}],"replies":[{"embeddable":true,"href":"https:\/\/www.jaadisain.ee\/fi\/wp-json\/wp\/v2\/comments?post=9057"}],"version-history":[{"count":1,"href":"https:\/\/www.jaadisain.ee\/fi\/wp-json\/wp\/v2\/pages\/9057\/revisions"}],"predecessor-version":[{"id":9499,"href":"https:\/\/www.jaadisain.ee\/fi\/wp-json\/wp\/v2\/pages\/9057\/revisions\/9499"}],"up":[{"embeddable":true,"href":"https:\/\/www.jaadisain.ee\/fi\/wp-json\/wp\/v2\/pages\/9176"}],"wp:featuredmedia":[{"embeddable":true,"href":"https:\/\/www.jaadisain.ee\/fi\/wp-json\/wp\/v2\/media\/9058"}],"wp:attachment":[{"href":"https:\/\/www.jaadisain.ee\/fi\/wp-json\/wp\/v2\/media?parent=9057"}],"curies":[{"name":"wp","href":"https:\/\/api.w.org\/{rel}","templated":true}]}}