{"id":9055,"date":"2015-11-16T11:23:04","date_gmt":"2015-11-16T11:23:04","guid":{"rendered":"http:\/\/www.jaadisain.ee\/fi\/kleebisreklaamid\/"},"modified":"2016-11-03T11:01:18","modified_gmt":"2016-11-03T09:01:18","slug":"tarrat","status":"publish","type":"page","link":"https:\/\/www.jaadisain.ee\/fi\/ulkomainokset\/tarrat\/","title":{"rendered":"Tarrat"},"content":{"rendered":"<p>Tarramainokset ovat helppo, edullinen ja nopea tapa erottua muista. Tarrat ovat monik\u00e4ytt\u00f6isi\u00e4, ja k\u00e4ytt\u00f6mahdollisuudet ovat miltei rajattoman laajan materiaalivalikoiman ansiosta. Tarroista voidaan tehd\u00e4 erilaisia kuvia, tekstej\u00e4 ja kaikenlaisia muita erilaisiin paikkoihin sopivia tarramainoksia Tarroilla voidaan peitt\u00e4\u00e4 suuriakin pintoja ja luoda mielenkiintoisia ja informatiivisia mainoksia. Tarroja voi k\u00e4ytt\u00e4\u00e4 kodin ja toimiston sisustuksessa, ja ne sopivat my\u00f6s n\u00e4yteikkunoihin ja v\u00e4liseiniin.<\/p>\n<p>Tarroilla varustetut autot ovat oiva keino pirist\u00e4\u00e4 harmaata katukuvaa. Jatkuvasti liikenn\u00f6iv\u00e4t autot viev\u00e4t mainokset kaikkialle l\u00e4hi\u00f6ist\u00e4 kotipihaan saakka. Autojen tarrat eiv\u00e4t j\u00e4\u00e4 huomaamatta muilta liikenteess\u00e4 liikkujilta tai kadunvarsilla asuvilta.<\/p>\n<ul>\n<li><a href=\"https:\/\/www.jaadisain.ee\/fi\/ulkomainokset\/tarrat\/mainostarrat\/ikkunateippaus\/\"><strong>Ikkunatarrat<\/strong><\/a>\u00a0Ikkunoita ei kannata sivuuttaa mainos- ja tiedonv\u00e4lityspaikkana.<\/li>\n<li><a href=\"https:\/\/www.jaadisain.ee\/fi\/ulkomainokset\/tarrat\/mainostarrat\/seinien-logotarrat\/\"><strong>Seiniin <\/strong><\/a>voi helposti laittaa tarroja. Mainostarrat sopivat my\u00f6s sileisiin seiniin, ja uudet tarrat voidaan tarvittaessa liimata vanhojen p\u00e4\u00e4lle.<\/li>\n<li><a href=\"https:\/\/www.jaadisain.ee\/fi\/ulkomainokset\/tarrat\/mainostarrat\/muut\/\"><strong>Lattiatarrat<\/strong><\/a>\u00a0ovat ihanteellinen katseidenvangitsija esimerkiksi kauppakeskuksissa. P\u00e4\u00e4llystetty erityisell\u00e4 lattialaminaatilla.<\/li>\n<\/ul>\n<h2>Tarroja<strong> voi liimata kaikenlaisiin ajoneuvoihin:<\/strong><\/h2>\n<ul>\n<li><strong>henkil\u00f6autot<\/strong><\/li>\n<li><strong>pakettiautot<\/strong><\/li>\n<li><strong>kuorma-autot<\/strong><\/li>\n<li><strong>muut ajoneuvot<\/strong><\/li>\n<\/ul>\n","protected":false},"excerpt":{"rendered":"<p>Tarramainokset ovat helppo, edullinen ja nopea tapa erottua muista. Tarrat ovat monik\u00e4ytt\u00f6isi\u00e4, ja k\u00e4ytt\u00f6mahdollisuudet ovat miltei rajattoman laajan materiaalivalikoiman ansiosta. Tarroista voidaan tehd\u00e4 erilaisia kuvia, tekstej\u00e4 ja kaikenlaisia muita erilaisiin paikkoihin sopivia tarramainoksia Tarroilla voidaan peitt\u00e4\u00e4 suuriakin pintoja ja luoda mielenkiintoisia ja informatiivisia mainoksia. Tarroja voi k\u00e4ytt\u00e4\u00e4 kodin ja toimiston sisustuksessa, ja ne sopivat my\u00f6s [&hellip;]<\/p>\n","protected":false},"author":4,"featured_media":9056,"parent":9176,"menu_order":6,"comment_status":"closed","ping_status":"closed","template":"","meta":{"_acf_changed":false,"footnotes":""},"class_list":["post-9055","page","type-page","status-publish","has-post-thumbnail","hentry"],"acf":[],"yoast_head":"<!-- This site is optimized with the Yoast SEO plugin v27.3 - https:\/\/yoast.com\/product\/yoast-seo-wordpress\/ -->\n<title>Tarrat - JAA Disain O\u00dc<\/title>\n<meta name=\"description\" content=\"Tarrat on helppo, edullinen ja nopea tapa mainostaa ja erottua muista. Lue lis\u00e4\u00e4 tarrojen k\u00e4yt\u00f6st\u00e4 ja katso valmiit ty\u00f6t t\u00e4\u00e4lt\u00e4!\" \/>\n<meta name=\"robots\" content=\"index, follow, max-snippet:-1, max-image-preview:large, max-video-preview:-1\" \/>\n<link rel=\"canonical\" href=\"https:\/\/www.jaadisain.ee\/fi\/ulkomainokset\/tarrat\/\" \/>\n<meta property=\"og:locale\" content=\"fi_FI\" \/>\n<meta property=\"og:type\" content=\"article\" \/>\n<meta property=\"og:title\" content=\"Tarrat - JAA Disain O\u00dc\" \/>\n<meta property=\"og:description\" content=\"Tarrat on helppo, edullinen ja nopea tapa mainostaa ja erottua muista. Lue lis\u00e4\u00e4 tarrojen k\u00e4yt\u00f6st\u00e4 ja katso valmiit ty\u00f6t t\u00e4\u00e4lt\u00e4!\" \/>\n<meta property=\"og:url\" content=\"https:\/\/www.jaadisain.ee\/fi\/ulkomainokset\/tarrat\/\" \/>\n<meta property=\"og:site_name\" content=\"JAA Disain\" \/>\n<meta property=\"article:publisher\" content=\"https:\/\/www.facebook.com\/JAA-Disain-156295277734632\/timeline\" \/>\n<meta property=\"article:modified_time\" content=\"2016-11-03T09:01:18+00:00\" \/>\n<meta property=\"og:image\" content=\"https:\/\/www.jaadisain.ee\/wp-content\/uploads\/2015\/11\/kleebisreklaamid-e1448453422849.jpg\" \/>\n\t<meta property=\"og:image:width\" content=\"647\" \/>\n\t<meta property=\"og:image:height\" content=\"355\" \/>\n\t<meta property=\"og:image:type\" content=\"image\/jpeg\" \/>\n<meta name=\"twitter:card\" content=\"summary_large_image\" \/>\n<meta name=\"twitter:label1\" content=\"Arvioitu lukuaika\" \/>\n\t<meta name=\"twitter:data1\" content=\"1 minuutti\" \/>\n<script type=\"application\/ld+json\" class=\"yoast-schema-graph\">{\"@context\":\"https:\\\/\\\/schema.org\",\"@graph\":[{\"@type\":\"WebPage\",\"@id\":\"https:\\\/\\\/www.jaadisain.ee\\\/fi\\\/ulkomainokset\\\/tarrat\\\/\",\"url\":\"https:\\\/\\\/www.jaadisain.ee\\\/fi\\\/ulkomainokset\\\/tarrat\\\/\",\"name\":\"Tarrat - JAA Disain O\u00dc\",\"isPartOf\":{\"@id\":\"https:\\\/\\\/www.jaadisain.ee\\\/#website\"},\"primaryImageOfPage\":{\"@id\":\"https:\\\/\\\/www.jaadisain.ee\\\/fi\\\/ulkomainokset\\\/tarrat\\\/#primaryimage\"},\"image\":{\"@id\":\"https:\\\/\\\/www.jaadisain.ee\\\/fi\\\/ulkomainokset\\\/tarrat\\\/#primaryimage\"},\"thumbnailUrl\":\"https:\\\/\\\/www.jaadisain.ee\\\/wp-content\\\/uploads\\\/2015\\\/11\\\/kleebisreklaamid-e1448453422849.jpg\",\"datePublished\":\"2015-11-16T11:23:04+00:00\",\"dateModified\":\"2016-11-03T09:01:18+00:00\",\"description\":\"Tarrat on helppo, edullinen ja nopea tapa mainostaa ja erottua muista. Lue lis\u00e4\u00e4 tarrojen k\u00e4yt\u00f6st\u00e4 ja katso valmiit ty\u00f6t t\u00e4\u00e4lt\u00e4!\",\"breadcrumb\":{\"@id\":\"https:\\\/\\\/www.jaadisain.ee\\\/fi\\\/ulkomainokset\\\/tarrat\\\/#breadcrumb\"},\"inLanguage\":\"fi\",\"potentialAction\":[{\"@type\":\"ReadAction\",\"target\":[\"https:\\\/\\\/www.jaadisain.ee\\\/fi\\\/ulkomainokset\\\/tarrat\\\/\"]}]},{\"@type\":\"ImageObject\",\"inLanguage\":\"fi\",\"@id\":\"https:\\\/\\\/www.jaadisain.ee\\\/fi\\\/ulkomainokset\\\/tarrat\\\/#primaryimage\",\"url\":\"https:\\\/\\\/www.jaadisain.ee\\\/wp-content\\\/uploads\\\/2015\\\/11\\\/kleebisreklaamid-e1448453422849.jpg\",\"contentUrl\":\"https:\\\/\\\/www.jaadisain.ee\\\/wp-content\\\/uploads\\\/2015\\\/11\\\/kleebisreklaamid-e1448453422849.jpg\",\"width\":647,\"height\":355,\"caption\":\"tarrat\"},{\"@type\":\"BreadcrumbList\",\"@id\":\"https:\\\/\\\/www.jaadisain.ee\\\/fi\\\/ulkomainokset\\\/tarrat\\\/#breadcrumb\",\"itemListElement\":[{\"@type\":\"ListItem\",\"position\":1,\"name\":\"Home\",\"item\":\"https:\\\/\\\/www.jaadisain.ee\\\/fi\\\/\"},{\"@type\":\"ListItem\",\"position\":2,\"name\":\"Tuotteet\",\"item\":\"https:\\\/\\\/www.jaadisain.ee\\\/fi\\\/ulkomainokset\\\/\"},{\"@type\":\"ListItem\",\"position\":3,\"name\":\"Tarrat\"}]},{\"@type\":\"WebSite\",\"@id\":\"https:\\\/\\\/www.jaadisain.ee\\\/#website\",\"url\":\"https:\\\/\\\/www.jaadisain.ee\\\/\",\"name\":\"JAA Disain\",\"description\":\"Valgusreklaamide tootja aastast 1993\",\"publisher\":{\"@id\":\"https:\\\/\\\/www.jaadisain.ee\\\/#organization\"},\"potentialAction\":[{\"@type\":\"SearchAction\",\"target\":{\"@type\":\"EntryPoint\",\"urlTemplate\":\"https:\\\/\\\/www.jaadisain.ee\\\/?s={search_term_string}\"},\"query-input\":{\"@type\":\"PropertyValueSpecification\",\"valueRequired\":true,\"valueName\":\"search_term_string\"}}],\"inLanguage\":\"fi\"},{\"@type\":\"Organization\",\"@id\":\"https:\\\/\\\/www.jaadisain.ee\\\/#organization\",\"name\":\"JAA Disain\",\"url\":\"https:\\\/\\\/www.jaadisain.ee\\\/\",\"logo\":{\"@type\":\"ImageObject\",\"inLanguage\":\"fi\",\"@id\":\"https:\\\/\\\/www.jaadisain.ee\\\/#\\\/schema\\\/logo\\\/image\\\/\",\"url\":\"https:\\\/\\\/www.jaadisain.ee\\\/wp-content\\\/uploads\\\/2016\\\/02\\\/JAA-Disain-logo.jpg\",\"contentUrl\":\"https:\\\/\\\/www.jaadisain.ee\\\/wp-content\\\/uploads\\\/2016\\\/02\\\/JAA-Disain-logo.jpg\",\"width\":443,\"height\":259,\"caption\":\"JAA Disain\"},\"image\":{\"@id\":\"https:\\\/\\\/www.jaadisain.ee\\\/#\\\/schema\\\/logo\\\/image\\\/\"},\"sameAs\":[\"https:\\\/\\\/www.facebook.com\\\/JAA-Disain-156295277734632\\\/timeline\"]}]}<\/script>\n<!-- \/ Yoast SEO plugin. -->","yoast_head_json":{"title":"Tarrat - JAA Disain O\u00dc","description":"Tarrat on helppo, edullinen ja nopea tapa mainostaa ja erottua muista. Lue lis\u00e4\u00e4 tarrojen k\u00e4yt\u00f6st\u00e4 ja katso valmiit ty\u00f6t t\u00e4\u00e4lt\u00e4!","robots":{"index":"index","follow":"follow","max-snippet":"max-snippet:-1","max-image-preview":"max-image-preview:large","max-video-preview":"max-video-preview:-1"},"canonical":"https:\/\/www.jaadisain.ee\/fi\/ulkomainokset\/tarrat\/","og_locale":"fi_FI","og_type":"article","og_title":"Tarrat - JAA Disain O\u00dc","og_description":"Tarrat on helppo, edullinen ja nopea tapa mainostaa ja erottua muista. Lue lis\u00e4\u00e4 tarrojen k\u00e4yt\u00f6st\u00e4 ja katso valmiit ty\u00f6t t\u00e4\u00e4lt\u00e4!","og_url":"https:\/\/www.jaadisain.ee\/fi\/ulkomainokset\/tarrat\/","og_site_name":"JAA Disain","article_publisher":"https:\/\/www.facebook.com\/JAA-Disain-156295277734632\/timeline","article_modified_time":"2016-11-03T09:01:18+00:00","og_image":[{"width":647,"height":355,"url":"https:\/\/www.jaadisain.ee\/wp-content\/uploads\/2015\/11\/kleebisreklaamid-e1448453422849.jpg","type":"image\/jpeg"}],"twitter_card":"summary_large_image","twitter_misc":{"Arvioitu lukuaika":"1 minuutti"},"schema":{"@context":"https:\/\/schema.org","@graph":[{"@type":"WebPage","@id":"https:\/\/www.jaadisain.ee\/fi\/ulkomainokset\/tarrat\/","url":"https:\/\/www.jaadisain.ee\/fi\/ulkomainokset\/tarrat\/","name":"Tarrat - JAA Disain O\u00dc","isPartOf":{"@id":"https:\/\/www.jaadisain.ee\/#website"},"primaryImageOfPage":{"@id":"https:\/\/www.jaadisain.ee\/fi\/ulkomainokset\/tarrat\/#primaryimage"},"image":{"@id":"https:\/\/www.jaadisain.ee\/fi\/ulkomainokset\/tarrat\/#primaryimage"},"thumbnailUrl":"https:\/\/www.jaadisain.ee\/wp-content\/uploads\/2015\/11\/kleebisreklaamid-e1448453422849.jpg","datePublished":"2015-11-16T11:23:04+00:00","dateModified":"2016-11-03T09:01:18+00:00","description":"Tarrat on helppo, edullinen ja nopea tapa mainostaa ja erottua muista. Lue lis\u00e4\u00e4 tarrojen k\u00e4yt\u00f6st\u00e4 ja katso valmiit ty\u00f6t t\u00e4\u00e4lt\u00e4!","breadcrumb":{"@id":"https:\/\/www.jaadisain.ee\/fi\/ulkomainokset\/tarrat\/#breadcrumb"},"inLanguage":"fi","potentialAction":[{"@type":"ReadAction","target":["https:\/\/www.jaadisain.ee\/fi\/ulkomainokset\/tarrat\/"]}]},{"@type":"ImageObject","inLanguage":"fi","@id":"https:\/\/www.jaadisain.ee\/fi\/ulkomainokset\/tarrat\/#primaryimage","url":"https:\/\/www.jaadisain.ee\/wp-content\/uploads\/2015\/11\/kleebisreklaamid-e1448453422849.jpg","contentUrl":"https:\/\/www.jaadisain.ee\/wp-content\/uploads\/2015\/11\/kleebisreklaamid-e1448453422849.jpg","width":647,"height":355,"caption":"tarrat"},{"@type":"BreadcrumbList","@id":"https:\/\/www.jaadisain.ee\/fi\/ulkomainokset\/tarrat\/#breadcrumb","itemListElement":[{"@type":"ListItem","position":1,"name":"Home","item":"https:\/\/www.jaadisain.ee\/fi\/"},{"@type":"ListItem","position":2,"name":"Tuotteet","item":"https:\/\/www.jaadisain.ee\/fi\/ulkomainokset\/"},{"@type":"ListItem","position":3,"name":"Tarrat"}]},{"@type":"WebSite","@id":"https:\/\/www.jaadisain.ee\/#website","url":"https:\/\/www.jaadisain.ee\/","name":"JAA Disain","description":"Valgusreklaamide tootja aastast 1993","publisher":{"@id":"https:\/\/www.jaadisain.ee\/#organization"},"potentialAction":[{"@type":"SearchAction","target":{"@type":"EntryPoint","urlTemplate":"https:\/\/www.jaadisain.ee\/?s={search_term_string}"},"query-input":{"@type":"PropertyValueSpecification","valueRequired":true,"valueName":"search_term_string"}}],"inLanguage":"fi"},{"@type":"Organization","@id":"https:\/\/www.jaadisain.ee\/#organization","name":"JAA Disain","url":"https:\/\/www.jaadisain.ee\/","logo":{"@type":"ImageObject","inLanguage":"fi","@id":"https:\/\/www.jaadisain.ee\/#\/schema\/logo\/image\/","url":"https:\/\/www.jaadisain.ee\/wp-content\/uploads\/2016\/02\/JAA-Disain-logo.jpg","contentUrl":"https:\/\/www.jaadisain.ee\/wp-content\/uploads\/2016\/02\/JAA-Disain-logo.jpg","width":443,"height":259,"caption":"JAA Disain"},"image":{"@id":"https:\/\/www.jaadisain.ee\/#\/schema\/logo\/image\/"},"sameAs":["https:\/\/www.facebook.com\/JAA-Disain-156295277734632\/timeline"]}]}},"_links":{"self":[{"href":"https:\/\/www.jaadisain.ee\/fi\/wp-json\/wp\/v2\/pages\/9055","targetHints":{"allow":["GET"]}}],"collection":[{"href":"https:\/\/www.jaadisain.ee\/fi\/wp-json\/wp\/v2\/pages"}],"about":[{"href":"https:\/\/www.jaadisain.ee\/fi\/wp-json\/wp\/v2\/types\/page"}],"author":[{"embeddable":true,"href":"https:\/\/www.jaadisain.ee\/fi\/wp-json\/wp\/v2\/users\/4"}],"replies":[{"embeddable":true,"href":"https:\/\/www.jaadisain.ee\/fi\/wp-json\/wp\/v2\/comments?post=9055"}],"version-history":[{"count":1,"href":"https:\/\/www.jaadisain.ee\/fi\/wp-json\/wp\/v2\/pages\/9055\/revisions"}],"predecessor-version":[{"id":9512,"href":"https:\/\/www.jaadisain.ee\/fi\/wp-json\/wp\/v2\/pages\/9055\/revisions\/9512"}],"up":[{"embeddable":true,"href":"https:\/\/www.jaadisain.ee\/fi\/wp-json\/wp\/v2\/pages\/9176"}],"wp:featuredmedia":[{"embeddable":true,"href":"https:\/\/www.jaadisain.ee\/fi\/wp-json\/wp\/v2\/media\/9056"}],"wp:attachment":[{"href":"https:\/\/www.jaadisain.ee\/fi\/wp-json\/wp\/v2\/media?parent=9055"}],"curies":[{"name":"wp","href":"https:\/\/api.w.org\/{rel}","templated":true}]}}