{"id":9053,"date":"2015-11-16T11:24:26","date_gmt":"2015-11-16T11:24:26","guid":{"rendered":"http:\/\/www.jaadisain.ee\/fi\/autokleebised\/"},"modified":"2016-11-02T14:34:48","modified_gmt":"2016-11-02T12:34:48","slug":"autotarrat","status":"publish","type":"page","link":"https:\/\/www.jaadisain.ee\/fi\/ulkomainokset\/tarrat\/autotarrat\/","title":{"rendered":"Autotarrat"},"content":{"rendered":"<h2>Autotarrat<\/h2>\n<p>Autotarrat autoissa ovat oiva keino pirist\u00e4\u00e4 harmaata katukuvaa. Jatkuvasti liikenn\u00f6iv\u00e4t autot viev\u00e4t mainokset kaikkialle l\u00e4hi\u00f6ist\u00e4 kotipihaan saakka. Tarramainokset eiv\u00e4t j\u00e4\u00e4 huomaamatta muilta liikenteess\u00e4 liikkujilta tai kadunvarsilla asuvilta. Yrityksen autoihin kannattaa teipata my\u00f6s pienempi\u00e4 tarroja, jotta asiakkaat ja yhteisty\u00f6kumppanit tunnistaisivat saapuvan auton jo kaukaa, mik\u00e4 her\u00e4tt\u00e4\u00e4 luottamusta. Autotarroja voi autojen lis\u00e4ksi liimata my\u00f6s muihin liikennev\u00e4lineisiin, ja olemme teipanneet my\u00f6s kaikenlaisia muita liikennev\u00e4lineit\u00e4, muun muassa junia, linja-autoja, purjeveneit\u00e4, moottoriveneit\u00e4, moottoripy\u00f6ri\u00e4, polkupy\u00f6ri\u00e4, lentokoneita jne. Eli voimme teipata tarroja kaikkeen liikkuvaan.<br \/>\nJaa Disain valmistaa valomainokset ja my\u00f6s muut mainostuotteet, kuten mainostaulut, mainostarrat ja digitulostukset.<\/p>\n<p><strong>Autotarroja voi laittaa kaikenlaisiin ajoneuvoihin:<\/strong><\/p>\n<ul>\n<li><a href=\"https:\/\/www.jaadisain.ee\/fi\/ulkomainokset\/tarrat\/autotarrat\/henkiloautot\/\"><strong>henkil\u00f6autot<\/strong><\/a><\/li>\n<li><a href=\"https:\/\/www.jaadisain.ee\/fi\/ulkomainokset\/tarrat\/autotarrat\/kuorma-autot\/\"><strong>kuorma-autot<\/strong><\/a><\/li>\n<li><a href=\"https:\/\/www.jaadisain.ee\/fi\/ulkomainokset\/tarrat\/autotarrat\/pakettiautot\/\"><strong>pakettiautot<\/strong><\/a><\/li>\n<li><a href=\"https:\/\/www.jaadisain.ee\/fi\/ulkomainokset\/tarrat\/autotarrat\/muut-kulkuneuvot\/\"><strong>Ja my\u00f6s<\/strong><\/a>\u00a0junat, per\u00e4vaunut, veneet, moottoripy\u00f6r\u00e4t jne.<\/li>\n<\/ul>\n","protected":false},"excerpt":{"rendered":"<p>Autotarrat Autotarrat autoissa ovat oiva keino pirist\u00e4\u00e4 harmaata katukuvaa. Jatkuvasti liikenn\u00f6iv\u00e4t autot viev\u00e4t mainokset kaikkialle l\u00e4hi\u00f6ist\u00e4 kotipihaan saakka. Tarramainokset eiv\u00e4t j\u00e4\u00e4 huomaamatta muilta liikenteess\u00e4 liikkujilta tai kadunvarsilla asuvilta. Yrityksen autoihin kannattaa teipata my\u00f6s pienempi\u00e4 tarroja, jotta asiakkaat ja yhteisty\u00f6kumppanit tunnistaisivat saapuvan auton jo kaukaa, mik\u00e4 her\u00e4tt\u00e4\u00e4 luottamusta. Autotarroja voi autojen lis\u00e4ksi liimata my\u00f6s muihin liikennev\u00e4lineisiin, [&hellip;]<\/p>\n","protected":false},"author":4,"featured_media":9054,"parent":9055,"menu_order":1,"comment_status":"closed","ping_status":"closed","template":"","meta":{"_acf_changed":false,"footnotes":""},"class_list":["post-9053","page","type-page","status-publish","has-post-thumbnail","hentry"],"acf":[],"yoast_head":"<!-- This site is optimized with the Yoast SEO plugin v27.3 - https:\/\/yoast.com\/product\/yoast-seo-wordpress\/ -->\n<title>Autotarrat, tarramainokset - JAA Disain<\/title>\n<meta name=\"description\" content=\"Autotarrat tarjoavat ainutlaatuisen mahdollisuuden mainostaa yrityst\u00e4 harmaassa katukuvassa. Katso tarramainokset ja valmiit ty\u00f6t t\u00e4\u00e4lt\u00e4!\" \/>\n<meta name=\"robots\" content=\"index, follow, max-snippet:-1, max-image-preview:large, max-video-preview:-1\" \/>\n<link rel=\"canonical\" href=\"https:\/\/www.jaadisain.ee\/fi\/ulkomainokset\/tarrat\/autotarrat\/\" \/>\n<meta property=\"og:locale\" content=\"fi_FI\" \/>\n<meta property=\"og:type\" content=\"article\" \/>\n<meta property=\"og:title\" content=\"Autotarrat, tarramainokset - JAA Disain\" \/>\n<meta property=\"og:description\" content=\"Autotarrat tarjoavat ainutlaatuisen mahdollisuuden mainostaa yrityst\u00e4 harmaassa katukuvassa. Katso tarramainokset ja valmiit ty\u00f6t t\u00e4\u00e4lt\u00e4!\" \/>\n<meta property=\"og:url\" content=\"https:\/\/www.jaadisain.ee\/fi\/ulkomainokset\/tarrat\/autotarrat\/\" \/>\n<meta property=\"og:site_name\" content=\"JAA Disain\" \/>\n<meta property=\"article:publisher\" content=\"https:\/\/www.facebook.com\/JAA-Disain-156295277734632\/timeline\" \/>\n<meta property=\"article:modified_time\" content=\"2016-11-02T12:34:48+00:00\" \/>\n<meta property=\"og:image\" content=\"https:\/\/www.jaadisain.ee\/wp-content\/uploads\/2015\/11\/kleebised-soidukitele.jpg\" \/>\n\t<meta property=\"og:image:width\" content=\"800\" \/>\n\t<meta property=\"og:image:height\" content=\"600\" \/>\n\t<meta property=\"og:image:type\" content=\"image\/jpeg\" \/>\n<meta name=\"twitter:card\" content=\"summary_large_image\" \/>\n<meta name=\"twitter:label1\" content=\"Arvioitu lukuaika\" \/>\n\t<meta name=\"twitter:data1\" content=\"1 minuutti\" \/>\n<script type=\"application\/ld+json\" class=\"yoast-schema-graph\">{\"@context\":\"https:\\\/\\\/schema.org\",\"@graph\":[{\"@type\":\"WebPage\",\"@id\":\"https:\\\/\\\/www.jaadisain.ee\\\/fi\\\/ulkomainokset\\\/tarrat\\\/autotarrat\\\/\",\"url\":\"https:\\\/\\\/www.jaadisain.ee\\\/fi\\\/ulkomainokset\\\/tarrat\\\/autotarrat\\\/\",\"name\":\"Autotarrat, tarramainokset - JAA Disain\",\"isPartOf\":{\"@id\":\"https:\\\/\\\/www.jaadisain.ee\\\/#website\"},\"primaryImageOfPage\":{\"@id\":\"https:\\\/\\\/www.jaadisain.ee\\\/fi\\\/ulkomainokset\\\/tarrat\\\/autotarrat\\\/#primaryimage\"},\"image\":{\"@id\":\"https:\\\/\\\/www.jaadisain.ee\\\/fi\\\/ulkomainokset\\\/tarrat\\\/autotarrat\\\/#primaryimage\"},\"thumbnailUrl\":\"https:\\\/\\\/www.jaadisain.ee\\\/wp-content\\\/uploads\\\/2015\\\/11\\\/kleebised-soidukitele.jpg\",\"datePublished\":\"2015-11-16T11:24:26+00:00\",\"dateModified\":\"2016-11-02T12:34:48+00:00\",\"description\":\"Autotarrat tarjoavat ainutlaatuisen mahdollisuuden mainostaa yrityst\u00e4 harmaassa katukuvassa. Katso tarramainokset ja valmiit ty\u00f6t t\u00e4\u00e4lt\u00e4!\",\"breadcrumb\":{\"@id\":\"https:\\\/\\\/www.jaadisain.ee\\\/fi\\\/ulkomainokset\\\/tarrat\\\/autotarrat\\\/#breadcrumb\"},\"inLanguage\":\"fi\",\"potentialAction\":[{\"@type\":\"ReadAction\",\"target\":[\"https:\\\/\\\/www.jaadisain.ee\\\/fi\\\/ulkomainokset\\\/tarrat\\\/autotarrat\\\/\"]}]},{\"@type\":\"ImageObject\",\"inLanguage\":\"fi\",\"@id\":\"https:\\\/\\\/www.jaadisain.ee\\\/fi\\\/ulkomainokset\\\/tarrat\\\/autotarrat\\\/#primaryimage\",\"url\":\"https:\\\/\\\/www.jaadisain.ee\\\/wp-content\\\/uploads\\\/2015\\\/11\\\/kleebised-soidukitele.jpg\",\"contentUrl\":\"https:\\\/\\\/www.jaadisain.ee\\\/wp-content\\\/uploads\\\/2015\\\/11\\\/kleebised-soidukitele.jpg\",\"width\":800,\"height\":600,\"caption\":\"autotarrat\"},{\"@type\":\"BreadcrumbList\",\"@id\":\"https:\\\/\\\/www.jaadisain.ee\\\/fi\\\/ulkomainokset\\\/tarrat\\\/autotarrat\\\/#breadcrumb\",\"itemListElement\":[{\"@type\":\"ListItem\",\"position\":1,\"name\":\"Home\",\"item\":\"https:\\\/\\\/www.jaadisain.ee\\\/fi\\\/\"},{\"@type\":\"ListItem\",\"position\":2,\"name\":\"Tuotteet\",\"item\":\"https:\\\/\\\/www.jaadisain.ee\\\/fi\\\/ulkomainokset\\\/\"},{\"@type\":\"ListItem\",\"position\":3,\"name\":\"Tarrat\",\"item\":\"https:\\\/\\\/www.jaadisain.ee\\\/fi\\\/ulkomainokset\\\/tarrat\\\/\"},{\"@type\":\"ListItem\",\"position\":4,\"name\":\"Autotarrat\"}]},{\"@type\":\"WebSite\",\"@id\":\"https:\\\/\\\/www.jaadisain.ee\\\/#website\",\"url\":\"https:\\\/\\\/www.jaadisain.ee\\\/\",\"name\":\"JAA Disain\",\"description\":\"Valgusreklaamide tootja aastast 1993\",\"publisher\":{\"@id\":\"https:\\\/\\\/www.jaadisain.ee\\\/#organization\"},\"potentialAction\":[{\"@type\":\"SearchAction\",\"target\":{\"@type\":\"EntryPoint\",\"urlTemplate\":\"https:\\\/\\\/www.jaadisain.ee\\\/?s={search_term_string}\"},\"query-input\":{\"@type\":\"PropertyValueSpecification\",\"valueRequired\":true,\"valueName\":\"search_term_string\"}}],\"inLanguage\":\"fi\"},{\"@type\":\"Organization\",\"@id\":\"https:\\\/\\\/www.jaadisain.ee\\\/#organization\",\"name\":\"JAA Disain\",\"url\":\"https:\\\/\\\/www.jaadisain.ee\\\/\",\"logo\":{\"@type\":\"ImageObject\",\"inLanguage\":\"fi\",\"@id\":\"https:\\\/\\\/www.jaadisain.ee\\\/#\\\/schema\\\/logo\\\/image\\\/\",\"url\":\"https:\\\/\\\/www.jaadisain.ee\\\/wp-content\\\/uploads\\\/2016\\\/02\\\/JAA-Disain-logo.jpg\",\"contentUrl\":\"https:\\\/\\\/www.jaadisain.ee\\\/wp-content\\\/uploads\\\/2016\\\/02\\\/JAA-Disain-logo.jpg\",\"width\":443,\"height\":259,\"caption\":\"JAA Disain\"},\"image\":{\"@id\":\"https:\\\/\\\/www.jaadisain.ee\\\/#\\\/schema\\\/logo\\\/image\\\/\"},\"sameAs\":[\"https:\\\/\\\/www.facebook.com\\\/JAA-Disain-156295277734632\\\/timeline\"]}]}<\/script>\n<!-- \/ Yoast SEO plugin. -->","yoast_head_json":{"title":"Autotarrat, tarramainokset - JAA Disain","description":"Autotarrat tarjoavat ainutlaatuisen mahdollisuuden mainostaa yrityst\u00e4 harmaassa katukuvassa. Katso tarramainokset ja valmiit ty\u00f6t t\u00e4\u00e4lt\u00e4!","robots":{"index":"index","follow":"follow","max-snippet":"max-snippet:-1","max-image-preview":"max-image-preview:large","max-video-preview":"max-video-preview:-1"},"canonical":"https:\/\/www.jaadisain.ee\/fi\/ulkomainokset\/tarrat\/autotarrat\/","og_locale":"fi_FI","og_type":"article","og_title":"Autotarrat, tarramainokset - JAA Disain","og_description":"Autotarrat tarjoavat ainutlaatuisen mahdollisuuden mainostaa yrityst\u00e4 harmaassa katukuvassa. Katso tarramainokset ja valmiit ty\u00f6t t\u00e4\u00e4lt\u00e4!","og_url":"https:\/\/www.jaadisain.ee\/fi\/ulkomainokset\/tarrat\/autotarrat\/","og_site_name":"JAA Disain","article_publisher":"https:\/\/www.facebook.com\/JAA-Disain-156295277734632\/timeline","article_modified_time":"2016-11-02T12:34:48+00:00","og_image":[{"width":800,"height":600,"url":"https:\/\/www.jaadisain.ee\/wp-content\/uploads\/2015\/11\/kleebised-soidukitele.jpg","type":"image\/jpeg"}],"twitter_card":"summary_large_image","twitter_misc":{"Arvioitu lukuaika":"1 minuutti"},"schema":{"@context":"https:\/\/schema.org","@graph":[{"@type":"WebPage","@id":"https:\/\/www.jaadisain.ee\/fi\/ulkomainokset\/tarrat\/autotarrat\/","url":"https:\/\/www.jaadisain.ee\/fi\/ulkomainokset\/tarrat\/autotarrat\/","name":"Autotarrat, tarramainokset - JAA Disain","isPartOf":{"@id":"https:\/\/www.jaadisain.ee\/#website"},"primaryImageOfPage":{"@id":"https:\/\/www.jaadisain.ee\/fi\/ulkomainokset\/tarrat\/autotarrat\/#primaryimage"},"image":{"@id":"https:\/\/www.jaadisain.ee\/fi\/ulkomainokset\/tarrat\/autotarrat\/#primaryimage"},"thumbnailUrl":"https:\/\/www.jaadisain.ee\/wp-content\/uploads\/2015\/11\/kleebised-soidukitele.jpg","datePublished":"2015-11-16T11:24:26+00:00","dateModified":"2016-11-02T12:34:48+00:00","description":"Autotarrat tarjoavat ainutlaatuisen mahdollisuuden mainostaa yrityst\u00e4 harmaassa katukuvassa. Katso tarramainokset ja valmiit ty\u00f6t t\u00e4\u00e4lt\u00e4!","breadcrumb":{"@id":"https:\/\/www.jaadisain.ee\/fi\/ulkomainokset\/tarrat\/autotarrat\/#breadcrumb"},"inLanguage":"fi","potentialAction":[{"@type":"ReadAction","target":["https:\/\/www.jaadisain.ee\/fi\/ulkomainokset\/tarrat\/autotarrat\/"]}]},{"@type":"ImageObject","inLanguage":"fi","@id":"https:\/\/www.jaadisain.ee\/fi\/ulkomainokset\/tarrat\/autotarrat\/#primaryimage","url":"https:\/\/www.jaadisain.ee\/wp-content\/uploads\/2015\/11\/kleebised-soidukitele.jpg","contentUrl":"https:\/\/www.jaadisain.ee\/wp-content\/uploads\/2015\/11\/kleebised-soidukitele.jpg","width":800,"height":600,"caption":"autotarrat"},{"@type":"BreadcrumbList","@id":"https:\/\/www.jaadisain.ee\/fi\/ulkomainokset\/tarrat\/autotarrat\/#breadcrumb","itemListElement":[{"@type":"ListItem","position":1,"name":"Home","item":"https:\/\/www.jaadisain.ee\/fi\/"},{"@type":"ListItem","position":2,"name":"Tuotteet","item":"https:\/\/www.jaadisain.ee\/fi\/ulkomainokset\/"},{"@type":"ListItem","position":3,"name":"Tarrat","item":"https:\/\/www.jaadisain.ee\/fi\/ulkomainokset\/tarrat\/"},{"@type":"ListItem","position":4,"name":"Autotarrat"}]},{"@type":"WebSite","@id":"https:\/\/www.jaadisain.ee\/#website","url":"https:\/\/www.jaadisain.ee\/","name":"JAA Disain","description":"Valgusreklaamide tootja aastast 1993","publisher":{"@id":"https:\/\/www.jaadisain.ee\/#organization"},"potentialAction":[{"@type":"SearchAction","target":{"@type":"EntryPoint","urlTemplate":"https:\/\/www.jaadisain.ee\/?s={search_term_string}"},"query-input":{"@type":"PropertyValueSpecification","valueRequired":true,"valueName":"search_term_string"}}],"inLanguage":"fi"},{"@type":"Organization","@id":"https:\/\/www.jaadisain.ee\/#organization","name":"JAA Disain","url":"https:\/\/www.jaadisain.ee\/","logo":{"@type":"ImageObject","inLanguage":"fi","@id":"https:\/\/www.jaadisain.ee\/#\/schema\/logo\/image\/","url":"https:\/\/www.jaadisain.ee\/wp-content\/uploads\/2016\/02\/JAA-Disain-logo.jpg","contentUrl":"https:\/\/www.jaadisain.ee\/wp-content\/uploads\/2016\/02\/JAA-Disain-logo.jpg","width":443,"height":259,"caption":"JAA Disain"},"image":{"@id":"https:\/\/www.jaadisain.ee\/#\/schema\/logo\/image\/"},"sameAs":["https:\/\/www.facebook.com\/JAA-Disain-156295277734632\/timeline"]}]}},"_links":{"self":[{"href":"https:\/\/www.jaadisain.ee\/fi\/wp-json\/wp\/v2\/pages\/9053","targetHints":{"allow":["GET"]}}],"collection":[{"href":"https:\/\/www.jaadisain.ee\/fi\/wp-json\/wp\/v2\/pages"}],"about":[{"href":"https:\/\/www.jaadisain.ee\/fi\/wp-json\/wp\/v2\/types\/page"}],"author":[{"embeddable":true,"href":"https:\/\/www.jaadisain.ee\/fi\/wp-json\/wp\/v2\/users\/4"}],"replies":[{"embeddable":true,"href":"https:\/\/www.jaadisain.ee\/fi\/wp-json\/wp\/v2\/comments?post=9053"}],"version-history":[{"count":1,"href":"https:\/\/www.jaadisain.ee\/fi\/wp-json\/wp\/v2\/pages\/9053\/revisions"}],"predecessor-version":[{"id":9513,"href":"https:\/\/www.jaadisain.ee\/fi\/wp-json\/wp\/v2\/pages\/9053\/revisions\/9513"}],"up":[{"embeddable":true,"href":"https:\/\/www.jaadisain.ee\/fi\/wp-json\/wp\/v2\/pages\/9055"}],"wp:featuredmedia":[{"embeddable":true,"href":"https:\/\/www.jaadisain.ee\/fi\/wp-json\/wp\/v2\/media\/9054"}],"wp:attachment":[{"href":"https:\/\/www.jaadisain.ee\/fi\/wp-json\/wp\/v2\/media?parent=9053"}],"curies":[{"name":"wp","href":"https:\/\/api.w.org\/{rel}","templated":true}]}}