{"id":9043,"date":"2015-11-16T11:27:05","date_gmt":"2015-11-16T11:27:05","guid":{"rendered":"http:\/\/www.jaadisain.ee\/fi\/kleebisreklaam\/"},"modified":"2016-11-03T10:52:25","modified_gmt":"2016-11-03T08:52:25","slug":"mainostarrat","status":"publish","type":"page","link":"https:\/\/www.jaadisain.ee\/fi\/ulkomainokset\/tarrat\/mainostarrat\/","title":{"rendered":"Mainostarrat"},"content":{"rendered":"<p>Mainostarrat ovat hyvin helppo, nopea ja my\u00f6s edullinen tapa mainostaa yrityst\u00e4 ja erottua muista. Mainostarrat sopivat hyvin my\u00f6s kestoltaan vaihteleviin kampanjoihin liittyv\u00e4\u00e4n koristeluun ja tiedottamiseen. Mainostarrat ovat monik\u00e4ytt\u00f6isi\u00e4, ja k\u00e4ytt\u00f6mahdollisuudet ovat miltei rajattomat laajan materiaalivalikoiman ansiosta. Nyky\u00e4\u00e4n <a href=\"https:\/\/www.jaadisain.ee\/fi\/ulkomainokset\/digitulostus-ja-valokuvatulostus\/\"><strong>mainostarroja<\/strong><\/a>\u00a0ja erilaisista tarroista leikattuja mainoksia n\u00e4kee miltei kaikkialla, miss\u00e4 vain on tarrojen liimaamiseen sopivaa vapaata pintaa.<\/p>\n<p>Tarroista voidaan tehd\u00e4 erilaisia kuvia, tekstej\u00e4 ja kaikenlaisia muita erilaisiin paikkoihin sopivia tarramainoksia. Tarroilla voidaan peitt\u00e4\u00e4 suuriakin pintoja ja luoda mielenkiintoisia ja informatiivisia mainoksia.<\/p>\n<h2>Mainostarrat, k\u00e4ytt\u00f6mahdollisuudet ja referenssit:<\/h2>\n","protected":false},"excerpt":{"rendered":"<p>Mainostarrat ovat hyvin helppo, nopea ja my\u00f6s edullinen tapa mainostaa yrityst\u00e4 ja erottua muista. Mainostarrat sopivat hyvin my\u00f6s kestoltaan vaihteleviin kampanjoihin liittyv\u00e4\u00e4n koristeluun ja tiedottamiseen. Mainostarrat ovat monik\u00e4ytt\u00f6isi\u00e4, ja k\u00e4ytt\u00f6mahdollisuudet ovat miltei rajattomat laajan materiaalivalikoiman ansiosta. Nyky\u00e4\u00e4n mainostarroja\u00a0ja erilaisista tarroista leikattuja mainoksia n\u00e4kee miltei kaikkialla, miss\u00e4 vain on tarrojen liimaamiseen sopivaa vapaata pintaa. Tarroista voidaan [&hellip;]<\/p>\n","protected":false},"author":4,"featured_media":9044,"parent":9055,"menu_order":2,"comment_status":"closed","ping_status":"closed","template":"","meta":{"_acf_changed":false,"footnotes":""},"class_list":["post-9043","page","type-page","status-publish","has-post-thumbnail","hentry"],"acf":[],"yoast_head":"<!-- This site is optimized with the Yoast SEO plugin v27.3 - https:\/\/yoast.com\/product\/yoast-seo-wordpress\/ -->\n<title>Mainostarrat tarjoavat rajattomat mahdollisuudet - JAA Disain<\/title>\n<meta name=\"description\" content=\"Mainostarrat ovat helppo, edullinen ja nopea tapa mainostaa. Tarroilla on laajat k\u00e4ytt\u00f6mahdollisuudet ja materiaalivalikoima on miltei rajaton.\" \/>\n<meta name=\"robots\" content=\"index, follow, max-snippet:-1, max-image-preview:large, max-video-preview:-1\" \/>\n<link rel=\"canonical\" href=\"https:\/\/www.jaadisain.ee\/fi\/ulkomainokset\/tarrat\/mainostarrat\/\" \/>\n<meta property=\"og:locale\" content=\"fi_FI\" \/>\n<meta property=\"og:type\" content=\"article\" \/>\n<meta property=\"og:title\" content=\"Mainostarrat tarjoavat rajattomat mahdollisuudet - JAA Disain\" \/>\n<meta property=\"og:description\" content=\"Mainostarrat ovat helppo, edullinen ja nopea tapa mainostaa. Tarroilla on laajat k\u00e4ytt\u00f6mahdollisuudet ja materiaalivalikoima on miltei rajaton.\" \/>\n<meta property=\"og:url\" content=\"https:\/\/www.jaadisain.ee\/fi\/ulkomainokset\/tarrat\/mainostarrat\/\" \/>\n<meta property=\"og:site_name\" content=\"JAA Disain\" \/>\n<meta property=\"article:publisher\" content=\"https:\/\/www.facebook.com\/JAA-Disain-156295277734632\/timeline\" \/>\n<meta property=\"article:modified_time\" content=\"2016-11-03T08:52:25+00:00\" \/>\n<meta property=\"og:image\" content=\"https:\/\/www.jaadisain.ee\/wp-content\/uploads\/2015\/11\/kleebisreklaamid-1-e1450698495643.jpg\" \/>\n\t<meta property=\"og:image:width\" content=\"493\" \/>\n\t<meta property=\"og:image:height\" content=\"353\" \/>\n\t<meta property=\"og:image:type\" content=\"image\/jpeg\" \/>\n<meta name=\"twitter:card\" content=\"summary_large_image\" \/>\n<script type=\"application\/ld+json\" class=\"yoast-schema-graph\">{\"@context\":\"https:\\\/\\\/schema.org\",\"@graph\":[{\"@type\":\"WebPage\",\"@id\":\"https:\\\/\\\/www.jaadisain.ee\\\/fi\\\/ulkomainokset\\\/tarrat\\\/mainostarrat\\\/\",\"url\":\"https:\\\/\\\/www.jaadisain.ee\\\/fi\\\/ulkomainokset\\\/tarrat\\\/mainostarrat\\\/\",\"name\":\"Mainostarrat tarjoavat rajattomat mahdollisuudet - JAA Disain\",\"isPartOf\":{\"@id\":\"https:\\\/\\\/www.jaadisain.ee\\\/#website\"},\"primaryImageOfPage\":{\"@id\":\"https:\\\/\\\/www.jaadisain.ee\\\/fi\\\/ulkomainokset\\\/tarrat\\\/mainostarrat\\\/#primaryimage\"},\"image\":{\"@id\":\"https:\\\/\\\/www.jaadisain.ee\\\/fi\\\/ulkomainokset\\\/tarrat\\\/mainostarrat\\\/#primaryimage\"},\"thumbnailUrl\":\"https:\\\/\\\/www.jaadisain.ee\\\/wp-content\\\/uploads\\\/2015\\\/11\\\/kleebisreklaamid-1-e1450698495643.jpg\",\"datePublished\":\"2015-11-16T11:27:05+00:00\",\"dateModified\":\"2016-11-03T08:52:25+00:00\",\"description\":\"Mainostarrat ovat helppo, edullinen ja nopea tapa mainostaa. Tarroilla on laajat k\u00e4ytt\u00f6mahdollisuudet ja materiaalivalikoima on miltei rajaton.\",\"breadcrumb\":{\"@id\":\"https:\\\/\\\/www.jaadisain.ee\\\/fi\\\/ulkomainokset\\\/tarrat\\\/mainostarrat\\\/#breadcrumb\"},\"inLanguage\":\"fi\",\"potentialAction\":[{\"@type\":\"ReadAction\",\"target\":[\"https:\\\/\\\/www.jaadisain.ee\\\/fi\\\/ulkomainokset\\\/tarrat\\\/mainostarrat\\\/\"]}]},{\"@type\":\"ImageObject\",\"inLanguage\":\"fi\",\"@id\":\"https:\\\/\\\/www.jaadisain.ee\\\/fi\\\/ulkomainokset\\\/tarrat\\\/mainostarrat\\\/#primaryimage\",\"url\":\"https:\\\/\\\/www.jaadisain.ee\\\/wp-content\\\/uploads\\\/2015\\\/11\\\/kleebisreklaamid-1-e1450698495643.jpg\",\"contentUrl\":\"https:\\\/\\\/www.jaadisain.ee\\\/wp-content\\\/uploads\\\/2015\\\/11\\\/kleebisreklaamid-1-e1450698495643.jpg\",\"width\":493,\"height\":353,\"caption\":\"mainostarrat\"},{\"@type\":\"BreadcrumbList\",\"@id\":\"https:\\\/\\\/www.jaadisain.ee\\\/fi\\\/ulkomainokset\\\/tarrat\\\/mainostarrat\\\/#breadcrumb\",\"itemListElement\":[{\"@type\":\"ListItem\",\"position\":1,\"name\":\"Home\",\"item\":\"https:\\\/\\\/www.jaadisain.ee\\\/fi\\\/\"},{\"@type\":\"ListItem\",\"position\":2,\"name\":\"Tuotteet\",\"item\":\"https:\\\/\\\/www.jaadisain.ee\\\/fi\\\/ulkomainokset\\\/\"},{\"@type\":\"ListItem\",\"position\":3,\"name\":\"Tarrat\",\"item\":\"https:\\\/\\\/www.jaadisain.ee\\\/fi\\\/ulkomainokset\\\/tarrat\\\/\"},{\"@type\":\"ListItem\",\"position\":4,\"name\":\"Mainostarrat\"}]},{\"@type\":\"WebSite\",\"@id\":\"https:\\\/\\\/www.jaadisain.ee\\\/#website\",\"url\":\"https:\\\/\\\/www.jaadisain.ee\\\/\",\"name\":\"JAA Disain\",\"description\":\"Valgusreklaamide tootja aastast 1993\",\"publisher\":{\"@id\":\"https:\\\/\\\/www.jaadisain.ee\\\/#organization\"},\"potentialAction\":[{\"@type\":\"SearchAction\",\"target\":{\"@type\":\"EntryPoint\",\"urlTemplate\":\"https:\\\/\\\/www.jaadisain.ee\\\/?s={search_term_string}\"},\"query-input\":{\"@type\":\"PropertyValueSpecification\",\"valueRequired\":true,\"valueName\":\"search_term_string\"}}],\"inLanguage\":\"fi\"},{\"@type\":\"Organization\",\"@id\":\"https:\\\/\\\/www.jaadisain.ee\\\/#organization\",\"name\":\"JAA Disain\",\"url\":\"https:\\\/\\\/www.jaadisain.ee\\\/\",\"logo\":{\"@type\":\"ImageObject\",\"inLanguage\":\"fi\",\"@id\":\"https:\\\/\\\/www.jaadisain.ee\\\/#\\\/schema\\\/logo\\\/image\\\/\",\"url\":\"https:\\\/\\\/www.jaadisain.ee\\\/wp-content\\\/uploads\\\/2016\\\/02\\\/JAA-Disain-logo.jpg\",\"contentUrl\":\"https:\\\/\\\/www.jaadisain.ee\\\/wp-content\\\/uploads\\\/2016\\\/02\\\/JAA-Disain-logo.jpg\",\"width\":443,\"height\":259,\"caption\":\"JAA Disain\"},\"image\":{\"@id\":\"https:\\\/\\\/www.jaadisain.ee\\\/#\\\/schema\\\/logo\\\/image\\\/\"},\"sameAs\":[\"https:\\\/\\\/www.facebook.com\\\/JAA-Disain-156295277734632\\\/timeline\"]}]}<\/script>\n<!-- \/ Yoast SEO plugin. -->","yoast_head_json":{"title":"Mainostarrat tarjoavat rajattomat mahdollisuudet - JAA Disain","description":"Mainostarrat ovat helppo, edullinen ja nopea tapa mainostaa. Tarroilla on laajat k\u00e4ytt\u00f6mahdollisuudet ja materiaalivalikoima on miltei rajaton.","robots":{"index":"index","follow":"follow","max-snippet":"max-snippet:-1","max-image-preview":"max-image-preview:large","max-video-preview":"max-video-preview:-1"},"canonical":"https:\/\/www.jaadisain.ee\/fi\/ulkomainokset\/tarrat\/mainostarrat\/","og_locale":"fi_FI","og_type":"article","og_title":"Mainostarrat tarjoavat rajattomat mahdollisuudet - JAA Disain","og_description":"Mainostarrat ovat helppo, edullinen ja nopea tapa mainostaa. Tarroilla on laajat k\u00e4ytt\u00f6mahdollisuudet ja materiaalivalikoima on miltei rajaton.","og_url":"https:\/\/www.jaadisain.ee\/fi\/ulkomainokset\/tarrat\/mainostarrat\/","og_site_name":"JAA Disain","article_publisher":"https:\/\/www.facebook.com\/JAA-Disain-156295277734632\/timeline","article_modified_time":"2016-11-03T08:52:25+00:00","og_image":[{"width":493,"height":353,"url":"https:\/\/www.jaadisain.ee\/wp-content\/uploads\/2015\/11\/kleebisreklaamid-1-e1450698495643.jpg","type":"image\/jpeg"}],"twitter_card":"summary_large_image","schema":{"@context":"https:\/\/schema.org","@graph":[{"@type":"WebPage","@id":"https:\/\/www.jaadisain.ee\/fi\/ulkomainokset\/tarrat\/mainostarrat\/","url":"https:\/\/www.jaadisain.ee\/fi\/ulkomainokset\/tarrat\/mainostarrat\/","name":"Mainostarrat tarjoavat rajattomat mahdollisuudet - JAA Disain","isPartOf":{"@id":"https:\/\/www.jaadisain.ee\/#website"},"primaryImageOfPage":{"@id":"https:\/\/www.jaadisain.ee\/fi\/ulkomainokset\/tarrat\/mainostarrat\/#primaryimage"},"image":{"@id":"https:\/\/www.jaadisain.ee\/fi\/ulkomainokset\/tarrat\/mainostarrat\/#primaryimage"},"thumbnailUrl":"https:\/\/www.jaadisain.ee\/wp-content\/uploads\/2015\/11\/kleebisreklaamid-1-e1450698495643.jpg","datePublished":"2015-11-16T11:27:05+00:00","dateModified":"2016-11-03T08:52:25+00:00","description":"Mainostarrat ovat helppo, edullinen ja nopea tapa mainostaa. Tarroilla on laajat k\u00e4ytt\u00f6mahdollisuudet ja materiaalivalikoima on miltei rajaton.","breadcrumb":{"@id":"https:\/\/www.jaadisain.ee\/fi\/ulkomainokset\/tarrat\/mainostarrat\/#breadcrumb"},"inLanguage":"fi","potentialAction":[{"@type":"ReadAction","target":["https:\/\/www.jaadisain.ee\/fi\/ulkomainokset\/tarrat\/mainostarrat\/"]}]},{"@type":"ImageObject","inLanguage":"fi","@id":"https:\/\/www.jaadisain.ee\/fi\/ulkomainokset\/tarrat\/mainostarrat\/#primaryimage","url":"https:\/\/www.jaadisain.ee\/wp-content\/uploads\/2015\/11\/kleebisreklaamid-1-e1450698495643.jpg","contentUrl":"https:\/\/www.jaadisain.ee\/wp-content\/uploads\/2015\/11\/kleebisreklaamid-1-e1450698495643.jpg","width":493,"height":353,"caption":"mainostarrat"},{"@type":"BreadcrumbList","@id":"https:\/\/www.jaadisain.ee\/fi\/ulkomainokset\/tarrat\/mainostarrat\/#breadcrumb","itemListElement":[{"@type":"ListItem","position":1,"name":"Home","item":"https:\/\/www.jaadisain.ee\/fi\/"},{"@type":"ListItem","position":2,"name":"Tuotteet","item":"https:\/\/www.jaadisain.ee\/fi\/ulkomainokset\/"},{"@type":"ListItem","position":3,"name":"Tarrat","item":"https:\/\/www.jaadisain.ee\/fi\/ulkomainokset\/tarrat\/"},{"@type":"ListItem","position":4,"name":"Mainostarrat"}]},{"@type":"WebSite","@id":"https:\/\/www.jaadisain.ee\/#website","url":"https:\/\/www.jaadisain.ee\/","name":"JAA Disain","description":"Valgusreklaamide tootja aastast 1993","publisher":{"@id":"https:\/\/www.jaadisain.ee\/#organization"},"potentialAction":[{"@type":"SearchAction","target":{"@type":"EntryPoint","urlTemplate":"https:\/\/www.jaadisain.ee\/?s={search_term_string}"},"query-input":{"@type":"PropertyValueSpecification","valueRequired":true,"valueName":"search_term_string"}}],"inLanguage":"fi"},{"@type":"Organization","@id":"https:\/\/www.jaadisain.ee\/#organization","name":"JAA Disain","url":"https:\/\/www.jaadisain.ee\/","logo":{"@type":"ImageObject","inLanguage":"fi","@id":"https:\/\/www.jaadisain.ee\/#\/schema\/logo\/image\/","url":"https:\/\/www.jaadisain.ee\/wp-content\/uploads\/2016\/02\/JAA-Disain-logo.jpg","contentUrl":"https:\/\/www.jaadisain.ee\/wp-content\/uploads\/2016\/02\/JAA-Disain-logo.jpg","width":443,"height":259,"caption":"JAA Disain"},"image":{"@id":"https:\/\/www.jaadisain.ee\/#\/schema\/logo\/image\/"},"sameAs":["https:\/\/www.facebook.com\/JAA-Disain-156295277734632\/timeline"]}]}},"_links":{"self":[{"href":"https:\/\/www.jaadisain.ee\/fi\/wp-json\/wp\/v2\/pages\/9043","targetHints":{"allow":["GET"]}}],"collection":[{"href":"https:\/\/www.jaadisain.ee\/fi\/wp-json\/wp\/v2\/pages"}],"about":[{"href":"https:\/\/www.jaadisain.ee\/fi\/wp-json\/wp\/v2\/types\/page"}],"author":[{"embeddable":true,"href":"https:\/\/www.jaadisain.ee\/fi\/wp-json\/wp\/v2\/users\/4"}],"replies":[{"embeddable":true,"href":"https:\/\/www.jaadisain.ee\/fi\/wp-json\/wp\/v2\/comments?post=9043"}],"version-history":[{"count":1,"href":"https:\/\/www.jaadisain.ee\/fi\/wp-json\/wp\/v2\/pages\/9043\/revisions"}],"predecessor-version":[{"id":9599,"href":"https:\/\/www.jaadisain.ee\/fi\/wp-json\/wp\/v2\/pages\/9043\/revisions\/9599"}],"up":[{"embeddable":true,"href":"https:\/\/www.jaadisain.ee\/fi\/wp-json\/wp\/v2\/pages\/9055"}],"wp:featuredmedia":[{"embeddable":true,"href":"https:\/\/www.jaadisain.ee\/fi\/wp-json\/wp\/v2\/media\/9044"}],"wp:attachment":[{"href":"https:\/\/www.jaadisain.ee\/fi\/wp-json\/wp\/v2\/media?parent=9043"}],"curies":[{"name":"wp","href":"https:\/\/api.w.org\/{rel}","templated":true}]}}