{"id":9041,"date":"2015-11-16T11:27:27","date_gmt":"2015-11-16T11:27:27","guid":{"rendered":"http:\/\/www.jaadisain.ee\/fi\/kleebisreklaamid-akendel\/"},"modified":"2016-11-03T11:11:28","modified_gmt":"2016-11-03T09:11:28","slug":"ikkunateippaus","status":"publish","type":"page","link":"https:\/\/www.jaadisain.ee\/fi\/ulkomainokset\/tarrat\/mainostarrat\/ikkunateippaus\/","title":{"rendered":"Ikkunateippaus"},"content":{"rendered":"<p>Ikkunateippaus \u2013 ikkunoita ei kannata sivuuttaa mainos- ja tiedonv\u00e4lityspaikkana.<\/p>\n<h2>Ikkunateippaus, k\u00e4ytt\u00f6mahdollisuudet ja referenssit:<\/h2>\n","protected":false},"excerpt":{"rendered":"<p>Ikkunateippaus \u2013 ikkunoita ei kannata sivuuttaa mainos- ja tiedonv\u00e4lityspaikkana. Ikkunateippaus, k\u00e4ytt\u00f6mahdollisuudet ja referenssit:<\/p>\n","protected":false},"author":4,"featured_media":9042,"parent":9043,"menu_order":1,"comment_status":"closed","ping_status":"closed","template":"","meta":{"_acf_changed":false,"footnotes":""},"class_list":["post-9041","page","type-page","status-publish","has-post-thumbnail","hentry"],"acf":[],"yoast_head":"<!-- This site is optimized with the Yoast SEO plugin v27.3 - https:\/\/yoast.com\/product\/yoast-seo-wordpress\/ -->\n<title>Ikkunateippaus ja ikkunatarrat - JAA Disain O\u00dc<\/title>\n<meta name=\"description\" content=\"Ikkunateippaus on helppo, edullinen ja nopea tapa mainostaa ja erottua muista. Lue lis\u00e4\u00e4 ikkunatarrojen k\u00e4yt\u00f6st\u00e4 ja katso valmiit ty\u00f6t t\u00e4\u00e4lt\u00e4!\" \/>\n<meta name=\"robots\" content=\"index, follow, max-snippet:-1, max-image-preview:large, max-video-preview:-1\" \/>\n<link rel=\"canonical\" href=\"https:\/\/www.jaadisain.ee\/fi\/ulkomainokset\/tarrat\/mainostarrat\/ikkunateippaus\/\" \/>\n<meta property=\"og:locale\" content=\"fi_FI\" \/>\n<meta property=\"og:type\" content=\"article\" \/>\n<meta property=\"og:title\" content=\"Ikkunateippaus ja ikkunatarrat - JAA Disain O\u00dc\" \/>\n<meta property=\"og:description\" content=\"Ikkunateippaus on helppo, edullinen ja nopea tapa mainostaa ja erottua muista. Lue lis\u00e4\u00e4 ikkunatarrojen k\u00e4yt\u00f6st\u00e4 ja katso valmiit ty\u00f6t t\u00e4\u00e4lt\u00e4!\" \/>\n<meta property=\"og:url\" content=\"https:\/\/www.jaadisain.ee\/fi\/ulkomainokset\/tarrat\/mainostarrat\/ikkunateippaus\/\" \/>\n<meta property=\"og:site_name\" content=\"JAA Disain\" \/>\n<meta property=\"article:publisher\" content=\"https:\/\/www.facebook.com\/JAA-Disain-156295277734632\/timeline\" \/>\n<meta property=\"article:modified_time\" content=\"2016-11-03T09:11:28+00:00\" \/>\n<meta property=\"og:image\" content=\"https:\/\/www.jaadisain.ee\/wp-content\/uploads\/2015\/11\/kleebisreklaamid-akendel-e1450698475331.jpg\" \/>\n\t<meta property=\"og:image:width\" content=\"682\" \/>\n\t<meta property=\"og:image:height\" content=\"520\" \/>\n\t<meta property=\"og:image:type\" content=\"image\/jpeg\" \/>\n<meta name=\"twitter:card\" content=\"summary_large_image\" \/>\n<script type=\"application\/ld+json\" class=\"yoast-schema-graph\">{\"@context\":\"https:\\\/\\\/schema.org\",\"@graph\":[{\"@type\":\"WebPage\",\"@id\":\"https:\\\/\\\/www.jaadisain.ee\\\/fi\\\/ulkomainokset\\\/tarrat\\\/mainostarrat\\\/ikkunateippaus\\\/\",\"url\":\"https:\\\/\\\/www.jaadisain.ee\\\/fi\\\/ulkomainokset\\\/tarrat\\\/mainostarrat\\\/ikkunateippaus\\\/\",\"name\":\"Ikkunateippaus ja ikkunatarrat - JAA Disain O\u00dc\",\"isPartOf\":{\"@id\":\"https:\\\/\\\/www.jaadisain.ee\\\/#website\"},\"primaryImageOfPage\":{\"@id\":\"https:\\\/\\\/www.jaadisain.ee\\\/fi\\\/ulkomainokset\\\/tarrat\\\/mainostarrat\\\/ikkunateippaus\\\/#primaryimage\"},\"image\":{\"@id\":\"https:\\\/\\\/www.jaadisain.ee\\\/fi\\\/ulkomainokset\\\/tarrat\\\/mainostarrat\\\/ikkunateippaus\\\/#primaryimage\"},\"thumbnailUrl\":\"https:\\\/\\\/www.jaadisain.ee\\\/wp-content\\\/uploads\\\/2015\\\/11\\\/kleebisreklaamid-akendel-e1450698475331.jpg\",\"datePublished\":\"2015-11-16T11:27:27+00:00\",\"dateModified\":\"2016-11-03T09:11:28+00:00\",\"description\":\"Ikkunateippaus on helppo, edullinen ja nopea tapa mainostaa ja erottua muista. Lue lis\u00e4\u00e4 ikkunatarrojen k\u00e4yt\u00f6st\u00e4 ja katso valmiit ty\u00f6t t\u00e4\u00e4lt\u00e4!\",\"breadcrumb\":{\"@id\":\"https:\\\/\\\/www.jaadisain.ee\\\/fi\\\/ulkomainokset\\\/tarrat\\\/mainostarrat\\\/ikkunateippaus\\\/#breadcrumb\"},\"inLanguage\":\"fi\",\"potentialAction\":[{\"@type\":\"ReadAction\",\"target\":[\"https:\\\/\\\/www.jaadisain.ee\\\/fi\\\/ulkomainokset\\\/tarrat\\\/mainostarrat\\\/ikkunateippaus\\\/\"]}]},{\"@type\":\"ImageObject\",\"inLanguage\":\"fi\",\"@id\":\"https:\\\/\\\/www.jaadisain.ee\\\/fi\\\/ulkomainokset\\\/tarrat\\\/mainostarrat\\\/ikkunateippaus\\\/#primaryimage\",\"url\":\"https:\\\/\\\/www.jaadisain.ee\\\/wp-content\\\/uploads\\\/2015\\\/11\\\/kleebisreklaamid-akendel-e1450698475331.jpg\",\"contentUrl\":\"https:\\\/\\\/www.jaadisain.ee\\\/wp-content\\\/uploads\\\/2015\\\/11\\\/kleebisreklaamid-akendel-e1450698475331.jpg\",\"width\":682,\"height\":520,\"caption\":\"ikkunateippaus\"},{\"@type\":\"BreadcrumbList\",\"@id\":\"https:\\\/\\\/www.jaadisain.ee\\\/fi\\\/ulkomainokset\\\/tarrat\\\/mainostarrat\\\/ikkunateippaus\\\/#breadcrumb\",\"itemListElement\":[{\"@type\":\"ListItem\",\"position\":1,\"name\":\"Home\",\"item\":\"https:\\\/\\\/www.jaadisain.ee\\\/fi\\\/\"},{\"@type\":\"ListItem\",\"position\":2,\"name\":\"Tuotteet\",\"item\":\"https:\\\/\\\/www.jaadisain.ee\\\/fi\\\/ulkomainokset\\\/\"},{\"@type\":\"ListItem\",\"position\":3,\"name\":\"Tarrat\",\"item\":\"https:\\\/\\\/www.jaadisain.ee\\\/fi\\\/ulkomainokset\\\/tarrat\\\/\"},{\"@type\":\"ListItem\",\"position\":4,\"name\":\"Mainostarrat\",\"item\":\"https:\\\/\\\/www.jaadisain.ee\\\/fi\\\/ulkomainokset\\\/tarrat\\\/mainostarrat\\\/\"},{\"@type\":\"ListItem\",\"position\":5,\"name\":\"Ikkunateippaus\"}]},{\"@type\":\"WebSite\",\"@id\":\"https:\\\/\\\/www.jaadisain.ee\\\/#website\",\"url\":\"https:\\\/\\\/www.jaadisain.ee\\\/\",\"name\":\"JAA Disain\",\"description\":\"Valgusreklaamide tootja aastast 1993\",\"publisher\":{\"@id\":\"https:\\\/\\\/www.jaadisain.ee\\\/#organization\"},\"potentialAction\":[{\"@type\":\"SearchAction\",\"target\":{\"@type\":\"EntryPoint\",\"urlTemplate\":\"https:\\\/\\\/www.jaadisain.ee\\\/?s={search_term_string}\"},\"query-input\":{\"@type\":\"PropertyValueSpecification\",\"valueRequired\":true,\"valueName\":\"search_term_string\"}}],\"inLanguage\":\"fi\"},{\"@type\":\"Organization\",\"@id\":\"https:\\\/\\\/www.jaadisain.ee\\\/#organization\",\"name\":\"JAA Disain\",\"url\":\"https:\\\/\\\/www.jaadisain.ee\\\/\",\"logo\":{\"@type\":\"ImageObject\",\"inLanguage\":\"fi\",\"@id\":\"https:\\\/\\\/www.jaadisain.ee\\\/#\\\/schema\\\/logo\\\/image\\\/\",\"url\":\"https:\\\/\\\/www.jaadisain.ee\\\/wp-content\\\/uploads\\\/2016\\\/02\\\/JAA-Disain-logo.jpg\",\"contentUrl\":\"https:\\\/\\\/www.jaadisain.ee\\\/wp-content\\\/uploads\\\/2016\\\/02\\\/JAA-Disain-logo.jpg\",\"width\":443,\"height\":259,\"caption\":\"JAA Disain\"},\"image\":{\"@id\":\"https:\\\/\\\/www.jaadisain.ee\\\/#\\\/schema\\\/logo\\\/image\\\/\"},\"sameAs\":[\"https:\\\/\\\/www.facebook.com\\\/JAA-Disain-156295277734632\\\/timeline\"]}]}<\/script>\n<!-- \/ Yoast SEO plugin. -->","yoast_head_json":{"title":"Ikkunateippaus ja ikkunatarrat - JAA Disain O\u00dc","description":"Ikkunateippaus on helppo, edullinen ja nopea tapa mainostaa ja erottua muista. Lue lis\u00e4\u00e4 ikkunatarrojen k\u00e4yt\u00f6st\u00e4 ja katso valmiit ty\u00f6t t\u00e4\u00e4lt\u00e4!","robots":{"index":"index","follow":"follow","max-snippet":"max-snippet:-1","max-image-preview":"max-image-preview:large","max-video-preview":"max-video-preview:-1"},"canonical":"https:\/\/www.jaadisain.ee\/fi\/ulkomainokset\/tarrat\/mainostarrat\/ikkunateippaus\/","og_locale":"fi_FI","og_type":"article","og_title":"Ikkunateippaus ja ikkunatarrat - JAA Disain O\u00dc","og_description":"Ikkunateippaus on helppo, edullinen ja nopea tapa mainostaa ja erottua muista. Lue lis\u00e4\u00e4 ikkunatarrojen k\u00e4yt\u00f6st\u00e4 ja katso valmiit ty\u00f6t t\u00e4\u00e4lt\u00e4!","og_url":"https:\/\/www.jaadisain.ee\/fi\/ulkomainokset\/tarrat\/mainostarrat\/ikkunateippaus\/","og_site_name":"JAA Disain","article_publisher":"https:\/\/www.facebook.com\/JAA-Disain-156295277734632\/timeline","article_modified_time":"2016-11-03T09:11:28+00:00","og_image":[{"width":682,"height":520,"url":"https:\/\/www.jaadisain.ee\/wp-content\/uploads\/2015\/11\/kleebisreklaamid-akendel-e1450698475331.jpg","type":"image\/jpeg"}],"twitter_card":"summary_large_image","schema":{"@context":"https:\/\/schema.org","@graph":[{"@type":"WebPage","@id":"https:\/\/www.jaadisain.ee\/fi\/ulkomainokset\/tarrat\/mainostarrat\/ikkunateippaus\/","url":"https:\/\/www.jaadisain.ee\/fi\/ulkomainokset\/tarrat\/mainostarrat\/ikkunateippaus\/","name":"Ikkunateippaus ja ikkunatarrat - JAA Disain O\u00dc","isPartOf":{"@id":"https:\/\/www.jaadisain.ee\/#website"},"primaryImageOfPage":{"@id":"https:\/\/www.jaadisain.ee\/fi\/ulkomainokset\/tarrat\/mainostarrat\/ikkunateippaus\/#primaryimage"},"image":{"@id":"https:\/\/www.jaadisain.ee\/fi\/ulkomainokset\/tarrat\/mainostarrat\/ikkunateippaus\/#primaryimage"},"thumbnailUrl":"https:\/\/www.jaadisain.ee\/wp-content\/uploads\/2015\/11\/kleebisreklaamid-akendel-e1450698475331.jpg","datePublished":"2015-11-16T11:27:27+00:00","dateModified":"2016-11-03T09:11:28+00:00","description":"Ikkunateippaus on helppo, edullinen ja nopea tapa mainostaa ja erottua muista. Lue lis\u00e4\u00e4 ikkunatarrojen k\u00e4yt\u00f6st\u00e4 ja katso valmiit ty\u00f6t t\u00e4\u00e4lt\u00e4!","breadcrumb":{"@id":"https:\/\/www.jaadisain.ee\/fi\/ulkomainokset\/tarrat\/mainostarrat\/ikkunateippaus\/#breadcrumb"},"inLanguage":"fi","potentialAction":[{"@type":"ReadAction","target":["https:\/\/www.jaadisain.ee\/fi\/ulkomainokset\/tarrat\/mainostarrat\/ikkunateippaus\/"]}]},{"@type":"ImageObject","inLanguage":"fi","@id":"https:\/\/www.jaadisain.ee\/fi\/ulkomainokset\/tarrat\/mainostarrat\/ikkunateippaus\/#primaryimage","url":"https:\/\/www.jaadisain.ee\/wp-content\/uploads\/2015\/11\/kleebisreklaamid-akendel-e1450698475331.jpg","contentUrl":"https:\/\/www.jaadisain.ee\/wp-content\/uploads\/2015\/11\/kleebisreklaamid-akendel-e1450698475331.jpg","width":682,"height":520,"caption":"ikkunateippaus"},{"@type":"BreadcrumbList","@id":"https:\/\/www.jaadisain.ee\/fi\/ulkomainokset\/tarrat\/mainostarrat\/ikkunateippaus\/#breadcrumb","itemListElement":[{"@type":"ListItem","position":1,"name":"Home","item":"https:\/\/www.jaadisain.ee\/fi\/"},{"@type":"ListItem","position":2,"name":"Tuotteet","item":"https:\/\/www.jaadisain.ee\/fi\/ulkomainokset\/"},{"@type":"ListItem","position":3,"name":"Tarrat","item":"https:\/\/www.jaadisain.ee\/fi\/ulkomainokset\/tarrat\/"},{"@type":"ListItem","position":4,"name":"Mainostarrat","item":"https:\/\/www.jaadisain.ee\/fi\/ulkomainokset\/tarrat\/mainostarrat\/"},{"@type":"ListItem","position":5,"name":"Ikkunateippaus"}]},{"@type":"WebSite","@id":"https:\/\/www.jaadisain.ee\/#website","url":"https:\/\/www.jaadisain.ee\/","name":"JAA Disain","description":"Valgusreklaamide tootja aastast 1993","publisher":{"@id":"https:\/\/www.jaadisain.ee\/#organization"},"potentialAction":[{"@type":"SearchAction","target":{"@type":"EntryPoint","urlTemplate":"https:\/\/www.jaadisain.ee\/?s={search_term_string}"},"query-input":{"@type":"PropertyValueSpecification","valueRequired":true,"valueName":"search_term_string"}}],"inLanguage":"fi"},{"@type":"Organization","@id":"https:\/\/www.jaadisain.ee\/#organization","name":"JAA Disain","url":"https:\/\/www.jaadisain.ee\/","logo":{"@type":"ImageObject","inLanguage":"fi","@id":"https:\/\/www.jaadisain.ee\/#\/schema\/logo\/image\/","url":"https:\/\/www.jaadisain.ee\/wp-content\/uploads\/2016\/02\/JAA-Disain-logo.jpg","contentUrl":"https:\/\/www.jaadisain.ee\/wp-content\/uploads\/2016\/02\/JAA-Disain-logo.jpg","width":443,"height":259,"caption":"JAA Disain"},"image":{"@id":"https:\/\/www.jaadisain.ee\/#\/schema\/logo\/image\/"},"sameAs":["https:\/\/www.facebook.com\/JAA-Disain-156295277734632\/timeline"]}]}},"_links":{"self":[{"href":"https:\/\/www.jaadisain.ee\/fi\/wp-json\/wp\/v2\/pages\/9041","targetHints":{"allow":["GET"]}}],"collection":[{"href":"https:\/\/www.jaadisain.ee\/fi\/wp-json\/wp\/v2\/pages"}],"about":[{"href":"https:\/\/www.jaadisain.ee\/fi\/wp-json\/wp\/v2\/types\/page"}],"author":[{"embeddable":true,"href":"https:\/\/www.jaadisain.ee\/fi\/wp-json\/wp\/v2\/users\/4"}],"replies":[{"embeddable":true,"href":"https:\/\/www.jaadisain.ee\/fi\/wp-json\/wp\/v2\/comments?post=9041"}],"version-history":[{"count":0,"href":"https:\/\/www.jaadisain.ee\/fi\/wp-json\/wp\/v2\/pages\/9041\/revisions"}],"up":[{"embeddable":true,"href":"https:\/\/www.jaadisain.ee\/fi\/wp-json\/wp\/v2\/pages\/9043"}],"wp:featuredmedia":[{"embeddable":true,"href":"https:\/\/www.jaadisain.ee\/fi\/wp-json\/wp\/v2\/media\/9042"}],"wp:attachment":[{"href":"https:\/\/www.jaadisain.ee\/fi\/wp-json\/wp\/v2\/media?parent=9041"}],"curies":[{"name":"wp","href":"https:\/\/api.w.org\/{rel}","templated":true}]}}