{"id":9035,"date":"2015-11-16T12:11:27","date_gmt":"2015-11-16T12:11:27","guid":{"rendered":"http:\/\/www.jaadisain.ee\/fi\/freesimine-ja-graveerimine\/"},"modified":"2016-11-03T10:09:35","modified_gmt":"2016-11-03T08:09:35","slug":"kaiverrukset-ja-jyrsinnat","status":"publish","type":"page","link":"https:\/\/www.jaadisain.ee\/fi\/ulkomainokset\/kaiverrukset-ja-jyrsinnat\/","title":{"rendered":"Kaiverrukset ja jyrsinn\u00e4t"},"content":{"rendered":"<p>Kaiverrukset ja jyrsinn\u00e4t: voit tilata erikoismallisia ja r\u00e4\u00e4t\u00e4l\u00f6ityj\u00e4 tuotteita eri materiaaleista. JAA Disainissa jyrsinn\u00e4t ja kaiverrukset tehd\u00e4\u00e4n laadukkailla koneilla. Meill\u00e4 on kaikki tarvittavat koneet erimuotoisten sek\u00e4 eri materiaaleista mittatilausty\u00f6n\u00e4 teht\u00e4vien jyrsittyjen ja kaiverrettujen tuotteiden toteuttamiseen. Monipuolisilla koneillamme olemme luoneet monia yksinkertaisia ja tyylikk\u00e4it\u00e4 toteutuksia. Pystymme toteuttamaan erikoisetkin mainokset pitk\u00e4aikaisen kokemuksemme ansiosta.<\/p>\n<p><strong>K\u00e4yt\u00e4mme useita erilaisia materiaaleja:<\/strong><\/p>\n<ul>\n<li>maalattu metalli<\/li>\n<li>akryyli- ja pleksilasi<\/li>\n<li>PVC-materiaalit<\/li>\n<li>MDF-levy<\/li>\n<li>puu jne.<\/li>\n<\/ul>\n<p>Jyrsimill\u00e4 tehd\u00e4\u00e4n useimpien valomainosten taka- ja etupinnat sek\u00e4 vaativien tilaust\u00f6iden yksityiskohdat. N\u00e4in varmistetaan laadukas ja tarkka lopputulos.\u00a0Jyrsimill\u00e4 voi tehd\u00e4 my\u00f6s ovikylttej\u00e4 ja ovinumeroita, avaimenperi\u00e4, n\u00e4yttelystendej\u00e4, akryylilasituotteita, naulakkonumeroita ja erilaisia mainostauluja.<br \/>\nJyrsittyj\u00e4 logoja voidaan k\u00e4ytt\u00e4\u00e4 v\u00e4liseiniss\u00e4 ilman valaistusta.<\/p>\n<h2>Kaiverrukset ja jyrsinn\u00e4t:<\/h2>\n","protected":false},"excerpt":{"rendered":"<p>Kaiverrukset ja jyrsinn\u00e4t: voit tilata erikoismallisia ja r\u00e4\u00e4t\u00e4l\u00f6ityj\u00e4 tuotteita eri materiaaleista. JAA Disainissa jyrsinn\u00e4t ja kaiverrukset tehd\u00e4\u00e4n laadukkailla koneilla. Meill\u00e4 on kaikki tarvittavat koneet erimuotoisten sek\u00e4 eri materiaaleista mittatilausty\u00f6n\u00e4 teht\u00e4vien jyrsittyjen ja kaiverrettujen tuotteiden toteuttamiseen. Monipuolisilla koneillamme olemme luoneet monia yksinkertaisia ja tyylikk\u00e4it\u00e4 toteutuksia. Pystymme toteuttamaan erikoisetkin mainokset pitk\u00e4aikaisen kokemuksemme ansiosta. K\u00e4yt\u00e4mme useita erilaisia materiaaleja: [&hellip;]<\/p>\n","protected":false},"author":4,"featured_media":9036,"parent":9176,"menu_order":7,"comment_status":"closed","ping_status":"closed","template":"","meta":{"_acf_changed":false,"footnotes":""},"class_list":["post-9035","page","type-page","status-publish","has-post-thumbnail","hentry"],"acf":[],"yoast_head":"<!-- This site is optimized with the Yoast SEO plugin v27.3 - https:\/\/yoast.com\/product\/yoast-seo-wordpress\/ -->\n<title>Kaiverrukset ja jyrsinn\u00e4t - JAA Disain O\u00dc<\/title>\n<meta name=\"description\" content=\"Kaiverrukset ja jyrsinn\u00e4t: voit tilata erikoismallisia ja r\u00e4\u00e4t\u00e4l\u00f6ityj\u00e4 tuotteita eri materiaaleista. Lue lis\u00e4\u00e4 ja katso valmiit ty\u00f6t t\u00e4\u00e4lt\u00e4!\" \/>\n<meta name=\"robots\" content=\"index, follow, max-snippet:-1, max-image-preview:large, max-video-preview:-1\" \/>\n<link rel=\"canonical\" href=\"https:\/\/www.jaadisain.ee\/fi\/ulkomainokset\/kaiverrukset-ja-jyrsinnat\/\" \/>\n<meta property=\"og:locale\" content=\"fi_FI\" \/>\n<meta property=\"og:type\" content=\"article\" \/>\n<meta property=\"og:title\" content=\"Kaiverrukset ja jyrsinn\u00e4t - JAA Disain O\u00dc\" \/>\n<meta property=\"og:description\" content=\"Kaiverrukset ja jyrsinn\u00e4t: voit tilata erikoismallisia ja r\u00e4\u00e4t\u00e4l\u00f6ityj\u00e4 tuotteita eri materiaaleista. Lue lis\u00e4\u00e4 ja katso valmiit ty\u00f6t t\u00e4\u00e4lt\u00e4!\" \/>\n<meta property=\"og:url\" content=\"https:\/\/www.jaadisain.ee\/fi\/ulkomainokset\/kaiverrukset-ja-jyrsinnat\/\" \/>\n<meta property=\"og:site_name\" content=\"JAA Disain\" \/>\n<meta property=\"article:publisher\" content=\"https:\/\/www.facebook.com\/JAA-Disain-156295277734632\/timeline\" \/>\n<meta property=\"article:modified_time\" content=\"2016-11-03T08:09:35+00:00\" \/>\n<meta property=\"og:image\" content=\"https:\/\/www.jaadisain.ee\/wp-content\/uploads\/2015\/11\/freesimis-ja-graveerimistood.jpg\" \/>\n\t<meta property=\"og:image:width\" content=\"478\" \/>\n\t<meta property=\"og:image:height\" content=\"338\" \/>\n\t<meta property=\"og:image:type\" content=\"image\/jpeg\" \/>\n<meta name=\"twitter:card\" content=\"summary_large_image\" \/>\n<meta name=\"twitter:label1\" content=\"Arvioitu lukuaika\" \/>\n\t<meta name=\"twitter:data1\" content=\"1 minuutti\" \/>\n<script type=\"application\/ld+json\" class=\"yoast-schema-graph\">{\"@context\":\"https:\\\/\\\/schema.org\",\"@graph\":[{\"@type\":\"WebPage\",\"@id\":\"https:\\\/\\\/www.jaadisain.ee\\\/fi\\\/ulkomainokset\\\/kaiverrukset-ja-jyrsinnat\\\/\",\"url\":\"https:\\\/\\\/www.jaadisain.ee\\\/fi\\\/ulkomainokset\\\/kaiverrukset-ja-jyrsinnat\\\/\",\"name\":\"Kaiverrukset ja jyrsinn\u00e4t - JAA Disain O\u00dc\",\"isPartOf\":{\"@id\":\"https:\\\/\\\/www.jaadisain.ee\\\/#website\"},\"primaryImageOfPage\":{\"@id\":\"https:\\\/\\\/www.jaadisain.ee\\\/fi\\\/ulkomainokset\\\/kaiverrukset-ja-jyrsinnat\\\/#primaryimage\"},\"image\":{\"@id\":\"https:\\\/\\\/www.jaadisain.ee\\\/fi\\\/ulkomainokset\\\/kaiverrukset-ja-jyrsinnat\\\/#primaryimage\"},\"thumbnailUrl\":\"https:\\\/\\\/www.jaadisain.ee\\\/wp-content\\\/uploads\\\/2015\\\/11\\\/freesimis-ja-graveerimistood.jpg\",\"datePublished\":\"2015-11-16T12:11:27+00:00\",\"dateModified\":\"2016-11-03T08:09:35+00:00\",\"description\":\"Kaiverrukset ja jyrsinn\u00e4t: voit tilata erikoismallisia ja r\u00e4\u00e4t\u00e4l\u00f6ityj\u00e4 tuotteita eri materiaaleista. Lue lis\u00e4\u00e4 ja katso valmiit ty\u00f6t t\u00e4\u00e4lt\u00e4!\",\"breadcrumb\":{\"@id\":\"https:\\\/\\\/www.jaadisain.ee\\\/fi\\\/ulkomainokset\\\/kaiverrukset-ja-jyrsinnat\\\/#breadcrumb\"},\"inLanguage\":\"fi\",\"potentialAction\":[{\"@type\":\"ReadAction\",\"target\":[\"https:\\\/\\\/www.jaadisain.ee\\\/fi\\\/ulkomainokset\\\/kaiverrukset-ja-jyrsinnat\\\/\"]}]},{\"@type\":\"ImageObject\",\"inLanguage\":\"fi\",\"@id\":\"https:\\\/\\\/www.jaadisain.ee\\\/fi\\\/ulkomainokset\\\/kaiverrukset-ja-jyrsinnat\\\/#primaryimage\",\"url\":\"https:\\\/\\\/www.jaadisain.ee\\\/wp-content\\\/uploads\\\/2015\\\/11\\\/freesimis-ja-graveerimistood.jpg\",\"contentUrl\":\"https:\\\/\\\/www.jaadisain.ee\\\/wp-content\\\/uploads\\\/2015\\\/11\\\/freesimis-ja-graveerimistood.jpg\",\"width\":478,\"height\":338,\"caption\":\"Kaiverrukset ja jyrsinn\u00e4t\"},{\"@type\":\"BreadcrumbList\",\"@id\":\"https:\\\/\\\/www.jaadisain.ee\\\/fi\\\/ulkomainokset\\\/kaiverrukset-ja-jyrsinnat\\\/#breadcrumb\",\"itemListElement\":[{\"@type\":\"ListItem\",\"position\":1,\"name\":\"Home\",\"item\":\"https:\\\/\\\/www.jaadisain.ee\\\/fi\\\/\"},{\"@type\":\"ListItem\",\"position\":2,\"name\":\"Tuotteet\",\"item\":\"https:\\\/\\\/www.jaadisain.ee\\\/fi\\\/ulkomainokset\\\/\"},{\"@type\":\"ListItem\",\"position\":3,\"name\":\"Kaiverrukset ja jyrsinn\u00e4t\"}]},{\"@type\":\"WebSite\",\"@id\":\"https:\\\/\\\/www.jaadisain.ee\\\/#website\",\"url\":\"https:\\\/\\\/www.jaadisain.ee\\\/\",\"name\":\"JAA Disain\",\"description\":\"Valgusreklaamide tootja aastast 1993\",\"publisher\":{\"@id\":\"https:\\\/\\\/www.jaadisain.ee\\\/#organization\"},\"potentialAction\":[{\"@type\":\"SearchAction\",\"target\":{\"@type\":\"EntryPoint\",\"urlTemplate\":\"https:\\\/\\\/www.jaadisain.ee\\\/?s={search_term_string}\"},\"query-input\":{\"@type\":\"PropertyValueSpecification\",\"valueRequired\":true,\"valueName\":\"search_term_string\"}}],\"inLanguage\":\"fi\"},{\"@type\":\"Organization\",\"@id\":\"https:\\\/\\\/www.jaadisain.ee\\\/#organization\",\"name\":\"JAA Disain\",\"url\":\"https:\\\/\\\/www.jaadisain.ee\\\/\",\"logo\":{\"@type\":\"ImageObject\",\"inLanguage\":\"fi\",\"@id\":\"https:\\\/\\\/www.jaadisain.ee\\\/#\\\/schema\\\/logo\\\/image\\\/\",\"url\":\"https:\\\/\\\/www.jaadisain.ee\\\/wp-content\\\/uploads\\\/2016\\\/02\\\/JAA-Disain-logo.jpg\",\"contentUrl\":\"https:\\\/\\\/www.jaadisain.ee\\\/wp-content\\\/uploads\\\/2016\\\/02\\\/JAA-Disain-logo.jpg\",\"width\":443,\"height\":259,\"caption\":\"JAA Disain\"},\"image\":{\"@id\":\"https:\\\/\\\/www.jaadisain.ee\\\/#\\\/schema\\\/logo\\\/image\\\/\"},\"sameAs\":[\"https:\\\/\\\/www.facebook.com\\\/JAA-Disain-156295277734632\\\/timeline\"]}]}<\/script>\n<!-- \/ Yoast SEO plugin. -->","yoast_head_json":{"title":"Kaiverrukset ja jyrsinn\u00e4t - JAA Disain O\u00dc","description":"Kaiverrukset ja jyrsinn\u00e4t: voit tilata erikoismallisia ja r\u00e4\u00e4t\u00e4l\u00f6ityj\u00e4 tuotteita eri materiaaleista. Lue lis\u00e4\u00e4 ja katso valmiit ty\u00f6t t\u00e4\u00e4lt\u00e4!","robots":{"index":"index","follow":"follow","max-snippet":"max-snippet:-1","max-image-preview":"max-image-preview:large","max-video-preview":"max-video-preview:-1"},"canonical":"https:\/\/www.jaadisain.ee\/fi\/ulkomainokset\/kaiverrukset-ja-jyrsinnat\/","og_locale":"fi_FI","og_type":"article","og_title":"Kaiverrukset ja jyrsinn\u00e4t - JAA Disain O\u00dc","og_description":"Kaiverrukset ja jyrsinn\u00e4t: voit tilata erikoismallisia ja r\u00e4\u00e4t\u00e4l\u00f6ityj\u00e4 tuotteita eri materiaaleista. Lue lis\u00e4\u00e4 ja katso valmiit ty\u00f6t t\u00e4\u00e4lt\u00e4!","og_url":"https:\/\/www.jaadisain.ee\/fi\/ulkomainokset\/kaiverrukset-ja-jyrsinnat\/","og_site_name":"JAA Disain","article_publisher":"https:\/\/www.facebook.com\/JAA-Disain-156295277734632\/timeline","article_modified_time":"2016-11-03T08:09:35+00:00","og_image":[{"width":478,"height":338,"url":"https:\/\/www.jaadisain.ee\/wp-content\/uploads\/2015\/11\/freesimis-ja-graveerimistood.jpg","type":"image\/jpeg"}],"twitter_card":"summary_large_image","twitter_misc":{"Arvioitu lukuaika":"1 minuutti"},"schema":{"@context":"https:\/\/schema.org","@graph":[{"@type":"WebPage","@id":"https:\/\/www.jaadisain.ee\/fi\/ulkomainokset\/kaiverrukset-ja-jyrsinnat\/","url":"https:\/\/www.jaadisain.ee\/fi\/ulkomainokset\/kaiverrukset-ja-jyrsinnat\/","name":"Kaiverrukset ja jyrsinn\u00e4t - JAA Disain O\u00dc","isPartOf":{"@id":"https:\/\/www.jaadisain.ee\/#website"},"primaryImageOfPage":{"@id":"https:\/\/www.jaadisain.ee\/fi\/ulkomainokset\/kaiverrukset-ja-jyrsinnat\/#primaryimage"},"image":{"@id":"https:\/\/www.jaadisain.ee\/fi\/ulkomainokset\/kaiverrukset-ja-jyrsinnat\/#primaryimage"},"thumbnailUrl":"https:\/\/www.jaadisain.ee\/wp-content\/uploads\/2015\/11\/freesimis-ja-graveerimistood.jpg","datePublished":"2015-11-16T12:11:27+00:00","dateModified":"2016-11-03T08:09:35+00:00","description":"Kaiverrukset ja jyrsinn\u00e4t: voit tilata erikoismallisia ja r\u00e4\u00e4t\u00e4l\u00f6ityj\u00e4 tuotteita eri materiaaleista. Lue lis\u00e4\u00e4 ja katso valmiit ty\u00f6t t\u00e4\u00e4lt\u00e4!","breadcrumb":{"@id":"https:\/\/www.jaadisain.ee\/fi\/ulkomainokset\/kaiverrukset-ja-jyrsinnat\/#breadcrumb"},"inLanguage":"fi","potentialAction":[{"@type":"ReadAction","target":["https:\/\/www.jaadisain.ee\/fi\/ulkomainokset\/kaiverrukset-ja-jyrsinnat\/"]}]},{"@type":"ImageObject","inLanguage":"fi","@id":"https:\/\/www.jaadisain.ee\/fi\/ulkomainokset\/kaiverrukset-ja-jyrsinnat\/#primaryimage","url":"https:\/\/www.jaadisain.ee\/wp-content\/uploads\/2015\/11\/freesimis-ja-graveerimistood.jpg","contentUrl":"https:\/\/www.jaadisain.ee\/wp-content\/uploads\/2015\/11\/freesimis-ja-graveerimistood.jpg","width":478,"height":338,"caption":"Kaiverrukset ja jyrsinn\u00e4t"},{"@type":"BreadcrumbList","@id":"https:\/\/www.jaadisain.ee\/fi\/ulkomainokset\/kaiverrukset-ja-jyrsinnat\/#breadcrumb","itemListElement":[{"@type":"ListItem","position":1,"name":"Home","item":"https:\/\/www.jaadisain.ee\/fi\/"},{"@type":"ListItem","position":2,"name":"Tuotteet","item":"https:\/\/www.jaadisain.ee\/fi\/ulkomainokset\/"},{"@type":"ListItem","position":3,"name":"Kaiverrukset ja jyrsinn\u00e4t"}]},{"@type":"WebSite","@id":"https:\/\/www.jaadisain.ee\/#website","url":"https:\/\/www.jaadisain.ee\/","name":"JAA Disain","description":"Valgusreklaamide tootja aastast 1993","publisher":{"@id":"https:\/\/www.jaadisain.ee\/#organization"},"potentialAction":[{"@type":"SearchAction","target":{"@type":"EntryPoint","urlTemplate":"https:\/\/www.jaadisain.ee\/?s={search_term_string}"},"query-input":{"@type":"PropertyValueSpecification","valueRequired":true,"valueName":"search_term_string"}}],"inLanguage":"fi"},{"@type":"Organization","@id":"https:\/\/www.jaadisain.ee\/#organization","name":"JAA Disain","url":"https:\/\/www.jaadisain.ee\/","logo":{"@type":"ImageObject","inLanguage":"fi","@id":"https:\/\/www.jaadisain.ee\/#\/schema\/logo\/image\/","url":"https:\/\/www.jaadisain.ee\/wp-content\/uploads\/2016\/02\/JAA-Disain-logo.jpg","contentUrl":"https:\/\/www.jaadisain.ee\/wp-content\/uploads\/2016\/02\/JAA-Disain-logo.jpg","width":443,"height":259,"caption":"JAA Disain"},"image":{"@id":"https:\/\/www.jaadisain.ee\/#\/schema\/logo\/image\/"},"sameAs":["https:\/\/www.facebook.com\/JAA-Disain-156295277734632\/timeline"]}]}},"_links":{"self":[{"href":"https:\/\/www.jaadisain.ee\/fi\/wp-json\/wp\/v2\/pages\/9035","targetHints":{"allow":["GET"]}}],"collection":[{"href":"https:\/\/www.jaadisain.ee\/fi\/wp-json\/wp\/v2\/pages"}],"about":[{"href":"https:\/\/www.jaadisain.ee\/fi\/wp-json\/wp\/v2\/types\/page"}],"author":[{"embeddable":true,"href":"https:\/\/www.jaadisain.ee\/fi\/wp-json\/wp\/v2\/users\/4"}],"replies":[{"embeddable":true,"href":"https:\/\/www.jaadisain.ee\/fi\/wp-json\/wp\/v2\/comments?post=9035"}],"version-history":[{"count":1,"href":"https:\/\/www.jaadisain.ee\/fi\/wp-json\/wp\/v2\/pages\/9035\/revisions"}],"predecessor-version":[{"id":9534,"href":"https:\/\/www.jaadisain.ee\/fi\/wp-json\/wp\/v2\/pages\/9035\/revisions\/9534"}],"up":[{"embeddable":true,"href":"https:\/\/www.jaadisain.ee\/fi\/wp-json\/wp\/v2\/pages\/9176"}],"wp:featuredmedia":[{"embeddable":true,"href":"https:\/\/www.jaadisain.ee\/fi\/wp-json\/wp\/v2\/media\/9036"}],"wp:attachment":[{"href":"https:\/\/www.jaadisain.ee\/fi\/wp-json\/wp\/v2\/media?parent=9035"}],"curies":[{"name":"wp","href":"https:\/\/api.w.org\/{rel}","templated":true}]}}