{"id":9029,"date":"2015-11-16T12:16:05","date_gmt":"2015-11-16T12:16:05","guid":{"rendered":"http:\/\/www.jaadisain.ee\/fi\/majajuhid-ja-uksesildid\/"},"modified":"2016-11-04T14:25:49","modified_gmt":"2016-11-04T12:25:49","slug":"kiinteistojen-sisaopasteet-ja-ovikyltit","status":"publish","type":"page","link":"https:\/\/www.jaadisain.ee\/fi\/ulkomainokset\/kiinteistojen-sisaopasteet-ja-ovikyltit\/","title":{"rendered":"Kiinteist\u00f6jen sis\u00e4opasteet ja ovikyltit"},"content":{"rendered":"<p>Kiinteist\u00f6opasteet ja ovikyltit johdattavat oikeaan paikkaan.\u00a0Opasteet ja informaatiotaulut erilaista materiaaleista asiakkaan toiveiden mukaan.<br \/>\nKaikissa toimistorakennuksissa tarvitaan opasteita, jotta asiakkaat l\u00f6yt\u00e4isiv\u00e4t oikean rakennuksen osan, oikean kerroksen, k\u00e4yt\u00e4v\u00e4n, oven ja lopuksi my\u00f6s oikean henkil\u00f6n. Rakennuksissa kannattaa k\u00e4ytt\u00e4\u00e4 opasteita, jotta asiakkaat l\u00f6yt\u00e4isiv\u00e4t nopeasti perille. N\u00e4in s\u00e4\u00e4st\u00e4t asiakkaiden aikaa, jonka voi k\u00e4ytt\u00e4\u00e4 tuotteliaammin.<\/p>\n<h2><a href=\"https:\/\/www.jaadisain.ee\/fi\/ulkomainokset\/kiinteistojen-sisaopasteet-ja-ovikyltit\/julkisivuopasteet\/\">Kiinteist\u00f6jen<strong> ulko-opasteet<\/strong><\/a><\/h2>\n<p>Suurilla alueilla kannattaa kiinnitt\u00e4\u00e4 erityist\u00e4 huomiota liikkumisen asiakasyst\u00e4v\u00e4llisyyteen.<\/p>\n<h2>Kiinteist\u00f6jen<strong> sis\u00e4opasteet ja\u00a0ovikilvet<\/strong><\/h2>\n<p>P\u00e4\u00e4ovesta saavuttaessa miellytt\u00e4v\u00e4 ymp\u00e4rist\u00f6 sek\u00e4 selke\u00e4t opasteet luovat hyv\u00e4n kuvan yrityksest\u00e4si &#8211; ja asiakkaat kiitt\u00e4v\u00e4t. Oviin kannattaa laittaa selke\u00e4t ovikyltit, jotta oikea ovi l\u00f6ytyy helposti.<\/p>\n<h2>Informaatiokyltit<strong> ja ilmoitustaulut<\/strong><\/h2>\n<p>Mainoksille ja ilmoituksille kannattaa aina varata oma paikka, eli sopiva ilmoitustaulu.<\/p>\n","protected":false},"excerpt":{"rendered":"<p>Kiinteist\u00f6opasteet ja ovikyltit johdattavat oikeaan paikkaan.\u00a0Opasteet ja informaatiotaulut erilaista materiaaleista asiakkaan toiveiden mukaan. Kaikissa toimistorakennuksissa tarvitaan opasteita, jotta asiakkaat l\u00f6yt\u00e4isiv\u00e4t oikean rakennuksen osan, oikean kerroksen, k\u00e4yt\u00e4v\u00e4n, oven ja lopuksi my\u00f6s oikean henkil\u00f6n. Rakennuksissa kannattaa k\u00e4ytt\u00e4\u00e4 opasteita, jotta asiakkaat l\u00f6yt\u00e4isiv\u00e4t nopeasti perille. N\u00e4in s\u00e4\u00e4st\u00e4t asiakkaiden aikaa, jonka voi k\u00e4ytt\u00e4\u00e4 tuotteliaammin. Kiinteist\u00f6jen ulko-opasteet Suurilla alueilla kannattaa kiinnitt\u00e4\u00e4 [&hellip;]<\/p>\n","protected":false},"author":4,"featured_media":9030,"parent":9176,"menu_order":8,"comment_status":"closed","ping_status":"closed","template":"","meta":{"_acf_changed":false,"footnotes":""},"class_list":["post-9029","page","type-page","status-publish","has-post-thumbnail","hentry"],"acf":[],"yoast_head":"<!-- This site is optimized with the Yoast SEO plugin v27.3 - https:\/\/yoast.com\/product\/yoast-seo-wordpress\/ -->\n<title>Ovikyltit ja opasteet, informaatiotaulut - JAA Disain O\u00dc<\/title>\n<meta name=\"description\" content=\"Opasteet, ovikyltit ja informaatiotaulut erilaista materiaaleista asiakkaan toiveiden mukaan. Lue lis\u00e4\u00e4 ja katso valmiit ty\u00f6t t\u00e4\u00e4lt\u00e4!\" \/>\n<meta name=\"robots\" content=\"index, follow, max-snippet:-1, max-image-preview:large, max-video-preview:-1\" \/>\n<link rel=\"canonical\" href=\"https:\/\/www.jaadisain.ee\/fi\/ulkomainokset\/kiinteistojen-sisaopasteet-ja-ovikyltit\/\" \/>\n<meta property=\"og:locale\" content=\"fi_FI\" \/>\n<meta property=\"og:type\" content=\"article\" \/>\n<meta property=\"og:title\" content=\"Ovikyltit ja opasteet, informaatiotaulut - JAA Disain O\u00dc\" \/>\n<meta property=\"og:description\" content=\"Opasteet, ovikyltit ja informaatiotaulut erilaista materiaaleista asiakkaan toiveiden mukaan. Lue lis\u00e4\u00e4 ja katso valmiit ty\u00f6t t\u00e4\u00e4lt\u00e4!\" \/>\n<meta property=\"og:url\" content=\"https:\/\/www.jaadisain.ee\/fi\/ulkomainokset\/kiinteistojen-sisaopasteet-ja-ovikyltit\/\" \/>\n<meta property=\"og:site_name\" content=\"JAA Disain\" \/>\n<meta property=\"article:publisher\" content=\"https:\/\/www.facebook.com\/JAA-Disain-156295277734632\/timeline\" \/>\n<meta property=\"article:modified_time\" content=\"2016-11-04T12:25:49+00:00\" \/>\n<meta property=\"og:image\" content=\"https:\/\/www.jaadisain.ee\/wp-content\/uploads\/2015\/11\/majajuhid-ja-sildid-e1448454265182.jpg\" \/>\n\t<meta property=\"og:image:width\" content=\"670\" \/>\n\t<meta property=\"og:image:height\" content=\"560\" \/>\n\t<meta property=\"og:image:type\" content=\"image\/jpeg\" \/>\n<meta name=\"twitter:card\" content=\"summary_large_image\" \/>\n<meta name=\"twitter:label1\" content=\"Arvioitu lukuaika\" \/>\n\t<meta name=\"twitter:data1\" content=\"1 minuutti\" \/>\n<script type=\"application\/ld+json\" class=\"yoast-schema-graph\">{\"@context\":\"https:\\\/\\\/schema.org\",\"@graph\":[{\"@type\":\"WebPage\",\"@id\":\"https:\\\/\\\/www.jaadisain.ee\\\/fi\\\/ulkomainokset\\\/kiinteistojen-sisaopasteet-ja-ovikyltit\\\/\",\"url\":\"https:\\\/\\\/www.jaadisain.ee\\\/fi\\\/ulkomainokset\\\/kiinteistojen-sisaopasteet-ja-ovikyltit\\\/\",\"name\":\"Ovikyltit ja opasteet, informaatiotaulut - JAA Disain O\u00dc\",\"isPartOf\":{\"@id\":\"https:\\\/\\\/www.jaadisain.ee\\\/#website\"},\"primaryImageOfPage\":{\"@id\":\"https:\\\/\\\/www.jaadisain.ee\\\/fi\\\/ulkomainokset\\\/kiinteistojen-sisaopasteet-ja-ovikyltit\\\/#primaryimage\"},\"image\":{\"@id\":\"https:\\\/\\\/www.jaadisain.ee\\\/fi\\\/ulkomainokset\\\/kiinteistojen-sisaopasteet-ja-ovikyltit\\\/#primaryimage\"},\"thumbnailUrl\":\"https:\\\/\\\/www.jaadisain.ee\\\/wp-content\\\/uploads\\\/2015\\\/11\\\/majajuhid-ja-sildid-e1448454265182.jpg\",\"datePublished\":\"2015-11-16T12:16:05+00:00\",\"dateModified\":\"2016-11-04T12:25:49+00:00\",\"description\":\"Opasteet, ovikyltit ja informaatiotaulut erilaista materiaaleista asiakkaan toiveiden mukaan. Lue lis\u00e4\u00e4 ja katso valmiit ty\u00f6t t\u00e4\u00e4lt\u00e4!\",\"breadcrumb\":{\"@id\":\"https:\\\/\\\/www.jaadisain.ee\\\/fi\\\/ulkomainokset\\\/kiinteistojen-sisaopasteet-ja-ovikyltit\\\/#breadcrumb\"},\"inLanguage\":\"fi\",\"potentialAction\":[{\"@type\":\"ReadAction\",\"target\":[\"https:\\\/\\\/www.jaadisain.ee\\\/fi\\\/ulkomainokset\\\/kiinteistojen-sisaopasteet-ja-ovikyltit\\\/\"]}]},{\"@type\":\"ImageObject\",\"inLanguage\":\"fi\",\"@id\":\"https:\\\/\\\/www.jaadisain.ee\\\/fi\\\/ulkomainokset\\\/kiinteistojen-sisaopasteet-ja-ovikyltit\\\/#primaryimage\",\"url\":\"https:\\\/\\\/www.jaadisain.ee\\\/wp-content\\\/uploads\\\/2015\\\/11\\\/majajuhid-ja-sildid-e1448454265182.jpg\",\"contentUrl\":\"https:\\\/\\\/www.jaadisain.ee\\\/wp-content\\\/uploads\\\/2015\\\/11\\\/majajuhid-ja-sildid-e1448454265182.jpg\",\"width\":670,\"height\":560,\"caption\":\"ovikyltit\"},{\"@type\":\"BreadcrumbList\",\"@id\":\"https:\\\/\\\/www.jaadisain.ee\\\/fi\\\/ulkomainokset\\\/kiinteistojen-sisaopasteet-ja-ovikyltit\\\/#breadcrumb\",\"itemListElement\":[{\"@type\":\"ListItem\",\"position\":1,\"name\":\"Home\",\"item\":\"https:\\\/\\\/www.jaadisain.ee\\\/fi\\\/\"},{\"@type\":\"ListItem\",\"position\":2,\"name\":\"Tuotteet\",\"item\":\"https:\\\/\\\/www.jaadisain.ee\\\/fi\\\/ulkomainokset\\\/\"},{\"@type\":\"ListItem\",\"position\":3,\"name\":\"Kiinteist\u00f6jen sis\u00e4opasteet ja ovikyltit\"}]},{\"@type\":\"WebSite\",\"@id\":\"https:\\\/\\\/www.jaadisain.ee\\\/#website\",\"url\":\"https:\\\/\\\/www.jaadisain.ee\\\/\",\"name\":\"JAA Disain\",\"description\":\"Valgusreklaamide tootja aastast 1993\",\"publisher\":{\"@id\":\"https:\\\/\\\/www.jaadisain.ee\\\/#organization\"},\"potentialAction\":[{\"@type\":\"SearchAction\",\"target\":{\"@type\":\"EntryPoint\",\"urlTemplate\":\"https:\\\/\\\/www.jaadisain.ee\\\/?s={search_term_string}\"},\"query-input\":{\"@type\":\"PropertyValueSpecification\",\"valueRequired\":true,\"valueName\":\"search_term_string\"}}],\"inLanguage\":\"fi\"},{\"@type\":\"Organization\",\"@id\":\"https:\\\/\\\/www.jaadisain.ee\\\/#organization\",\"name\":\"JAA Disain\",\"url\":\"https:\\\/\\\/www.jaadisain.ee\\\/\",\"logo\":{\"@type\":\"ImageObject\",\"inLanguage\":\"fi\",\"@id\":\"https:\\\/\\\/www.jaadisain.ee\\\/#\\\/schema\\\/logo\\\/image\\\/\",\"url\":\"https:\\\/\\\/www.jaadisain.ee\\\/wp-content\\\/uploads\\\/2016\\\/02\\\/JAA-Disain-logo.jpg\",\"contentUrl\":\"https:\\\/\\\/www.jaadisain.ee\\\/wp-content\\\/uploads\\\/2016\\\/02\\\/JAA-Disain-logo.jpg\",\"width\":443,\"height\":259,\"caption\":\"JAA Disain\"},\"image\":{\"@id\":\"https:\\\/\\\/www.jaadisain.ee\\\/#\\\/schema\\\/logo\\\/image\\\/\"},\"sameAs\":[\"https:\\\/\\\/www.facebook.com\\\/JAA-Disain-156295277734632\\\/timeline\"]}]}<\/script>\n<!-- \/ Yoast SEO plugin. -->","yoast_head_json":{"title":"Ovikyltit ja opasteet, informaatiotaulut - JAA Disain O\u00dc","description":"Opasteet, ovikyltit ja informaatiotaulut erilaista materiaaleista asiakkaan toiveiden mukaan. Lue lis\u00e4\u00e4 ja katso valmiit ty\u00f6t t\u00e4\u00e4lt\u00e4!","robots":{"index":"index","follow":"follow","max-snippet":"max-snippet:-1","max-image-preview":"max-image-preview:large","max-video-preview":"max-video-preview:-1"},"canonical":"https:\/\/www.jaadisain.ee\/fi\/ulkomainokset\/kiinteistojen-sisaopasteet-ja-ovikyltit\/","og_locale":"fi_FI","og_type":"article","og_title":"Ovikyltit ja opasteet, informaatiotaulut - JAA Disain O\u00dc","og_description":"Opasteet, ovikyltit ja informaatiotaulut erilaista materiaaleista asiakkaan toiveiden mukaan. Lue lis\u00e4\u00e4 ja katso valmiit ty\u00f6t t\u00e4\u00e4lt\u00e4!","og_url":"https:\/\/www.jaadisain.ee\/fi\/ulkomainokset\/kiinteistojen-sisaopasteet-ja-ovikyltit\/","og_site_name":"JAA Disain","article_publisher":"https:\/\/www.facebook.com\/JAA-Disain-156295277734632\/timeline","article_modified_time":"2016-11-04T12:25:49+00:00","og_image":[{"width":670,"height":560,"url":"https:\/\/www.jaadisain.ee\/wp-content\/uploads\/2015\/11\/majajuhid-ja-sildid-e1448454265182.jpg","type":"image\/jpeg"}],"twitter_card":"summary_large_image","twitter_misc":{"Arvioitu lukuaika":"1 minuutti"},"schema":{"@context":"https:\/\/schema.org","@graph":[{"@type":"WebPage","@id":"https:\/\/www.jaadisain.ee\/fi\/ulkomainokset\/kiinteistojen-sisaopasteet-ja-ovikyltit\/","url":"https:\/\/www.jaadisain.ee\/fi\/ulkomainokset\/kiinteistojen-sisaopasteet-ja-ovikyltit\/","name":"Ovikyltit ja opasteet, informaatiotaulut - JAA Disain O\u00dc","isPartOf":{"@id":"https:\/\/www.jaadisain.ee\/#website"},"primaryImageOfPage":{"@id":"https:\/\/www.jaadisain.ee\/fi\/ulkomainokset\/kiinteistojen-sisaopasteet-ja-ovikyltit\/#primaryimage"},"image":{"@id":"https:\/\/www.jaadisain.ee\/fi\/ulkomainokset\/kiinteistojen-sisaopasteet-ja-ovikyltit\/#primaryimage"},"thumbnailUrl":"https:\/\/www.jaadisain.ee\/wp-content\/uploads\/2015\/11\/majajuhid-ja-sildid-e1448454265182.jpg","datePublished":"2015-11-16T12:16:05+00:00","dateModified":"2016-11-04T12:25:49+00:00","description":"Opasteet, ovikyltit ja informaatiotaulut erilaista materiaaleista asiakkaan toiveiden mukaan. Lue lis\u00e4\u00e4 ja katso valmiit ty\u00f6t t\u00e4\u00e4lt\u00e4!","breadcrumb":{"@id":"https:\/\/www.jaadisain.ee\/fi\/ulkomainokset\/kiinteistojen-sisaopasteet-ja-ovikyltit\/#breadcrumb"},"inLanguage":"fi","potentialAction":[{"@type":"ReadAction","target":["https:\/\/www.jaadisain.ee\/fi\/ulkomainokset\/kiinteistojen-sisaopasteet-ja-ovikyltit\/"]}]},{"@type":"ImageObject","inLanguage":"fi","@id":"https:\/\/www.jaadisain.ee\/fi\/ulkomainokset\/kiinteistojen-sisaopasteet-ja-ovikyltit\/#primaryimage","url":"https:\/\/www.jaadisain.ee\/wp-content\/uploads\/2015\/11\/majajuhid-ja-sildid-e1448454265182.jpg","contentUrl":"https:\/\/www.jaadisain.ee\/wp-content\/uploads\/2015\/11\/majajuhid-ja-sildid-e1448454265182.jpg","width":670,"height":560,"caption":"ovikyltit"},{"@type":"BreadcrumbList","@id":"https:\/\/www.jaadisain.ee\/fi\/ulkomainokset\/kiinteistojen-sisaopasteet-ja-ovikyltit\/#breadcrumb","itemListElement":[{"@type":"ListItem","position":1,"name":"Home","item":"https:\/\/www.jaadisain.ee\/fi\/"},{"@type":"ListItem","position":2,"name":"Tuotteet","item":"https:\/\/www.jaadisain.ee\/fi\/ulkomainokset\/"},{"@type":"ListItem","position":3,"name":"Kiinteist\u00f6jen sis\u00e4opasteet ja ovikyltit"}]},{"@type":"WebSite","@id":"https:\/\/www.jaadisain.ee\/#website","url":"https:\/\/www.jaadisain.ee\/","name":"JAA Disain","description":"Valgusreklaamide tootja aastast 1993","publisher":{"@id":"https:\/\/www.jaadisain.ee\/#organization"},"potentialAction":[{"@type":"SearchAction","target":{"@type":"EntryPoint","urlTemplate":"https:\/\/www.jaadisain.ee\/?s={search_term_string}"},"query-input":{"@type":"PropertyValueSpecification","valueRequired":true,"valueName":"search_term_string"}}],"inLanguage":"fi"},{"@type":"Organization","@id":"https:\/\/www.jaadisain.ee\/#organization","name":"JAA Disain","url":"https:\/\/www.jaadisain.ee\/","logo":{"@type":"ImageObject","inLanguage":"fi","@id":"https:\/\/www.jaadisain.ee\/#\/schema\/logo\/image\/","url":"https:\/\/www.jaadisain.ee\/wp-content\/uploads\/2016\/02\/JAA-Disain-logo.jpg","contentUrl":"https:\/\/www.jaadisain.ee\/wp-content\/uploads\/2016\/02\/JAA-Disain-logo.jpg","width":443,"height":259,"caption":"JAA Disain"},"image":{"@id":"https:\/\/www.jaadisain.ee\/#\/schema\/logo\/image\/"},"sameAs":["https:\/\/www.facebook.com\/JAA-Disain-156295277734632\/timeline"]}]}},"_links":{"self":[{"href":"https:\/\/www.jaadisain.ee\/fi\/wp-json\/wp\/v2\/pages\/9029","targetHints":{"allow":["GET"]}}],"collection":[{"href":"https:\/\/www.jaadisain.ee\/fi\/wp-json\/wp\/v2\/pages"}],"about":[{"href":"https:\/\/www.jaadisain.ee\/fi\/wp-json\/wp\/v2\/types\/page"}],"author":[{"embeddable":true,"href":"https:\/\/www.jaadisain.ee\/fi\/wp-json\/wp\/v2\/users\/4"}],"replies":[{"embeddable":true,"href":"https:\/\/www.jaadisain.ee\/fi\/wp-json\/wp\/v2\/comments?post=9029"}],"version-history":[{"count":1,"href":"https:\/\/www.jaadisain.ee\/fi\/wp-json\/wp\/v2\/pages\/9029\/revisions"}],"predecessor-version":[{"id":9558,"href":"https:\/\/www.jaadisain.ee\/fi\/wp-json\/wp\/v2\/pages\/9029\/revisions\/9558"}],"up":[{"embeddable":true,"href":"https:\/\/www.jaadisain.ee\/fi\/wp-json\/wp\/v2\/pages\/9176"}],"wp:featuredmedia":[{"embeddable":true,"href":"https:\/\/www.jaadisain.ee\/fi\/wp-json\/wp\/v2\/media\/9030"}],"wp:attachment":[{"href":"https:\/\/www.jaadisain.ee\/fi\/wp-json\/wp\/v2\/media?parent=9029"}],"curies":[{"name":"wp","href":"https:\/\/api.w.org\/{rel}","templated":true}]}}