{"id":9026,"date":"2015-11-16T12:17:00","date_gmt":"2015-11-16T12:17:00","guid":{"rendered":"http:\/\/www.jaadisain.ee\/fi\/akruulklaasist-tooted\/"},"modified":"2016-11-02T14:14:40","modified_gmt":"2016-11-02T12:14:40","slug":"akryylityot","status":"publish","type":"page","link":"https:\/\/www.jaadisain.ee\/fi\/ulkomainokset\/akryylityot\/","title":{"rendered":"Akryylity\u00f6t"},"content":{"rendered":"<p>Akryylity\u00f6t tehd\u00e4\u00e4n akryylilasista mittatilausty\u00f6n\u00e4.<\/p>\n<p>Akryyli- eli pleksilasista voidaan tehd\u00e4 useaan eri k\u00e4ytt\u00f6tarkoitukseen sopivia tuotteita. Jyrsim\u00e4ll\u00e4, liimaamalla ja taivuttamalla valmistetut tuotteet ovat omintakeisia ja n\u00e4ytt\u00e4vi\u00e4 erityisesti materiaalin l\u00e4pin\u00e4kyvyyden ja kiilt\u00e4v\u00e4n pinnan ansiosta. N\u00e4it\u00e4 tuotteita k\u00e4ytet\u00e4\u00e4n yleens\u00e4 sis\u00e4tiloissa.<\/p>\n<p>Meill\u00e4 on kaikki tarvittavat koneet ja laitteet erilaisten osien l\u00e4mp\u00f6taivutukseen sek\u00e4 muokkaamiseen. Pitk\u00e4n kokemuksen ansiosta pystymme tarjoamaan parhaan mahdollisen materiaalivalikoiman sek\u00e4 toteutuksen.<\/p>\n<h2>Akryylity\u00f6t:<\/h2>\n<ul>\n<li>rahapelilaatikot<\/li>\n<li>ker\u00e4yslaatikot<\/li>\n<li>arvontalaatikot<\/li>\n<li>tuotetelineet<\/li>\n<li>tuotehyllyt<\/li>\n<li>varoituskyltit<\/li>\n<li>erilaiset telineet ja alustat<\/li>\n<li>viinihyllyt <strong><a href=\"http:\/\/www.chezandre.ee\/\" target=\"_blank\">www.chezandre.ee<\/a><\/strong><\/li>\n<\/ul>\n","protected":false},"excerpt":{"rendered":"<p>Akryylity\u00f6t tehd\u00e4\u00e4n akryylilasista mittatilausty\u00f6n\u00e4. Akryyli- eli pleksilasista voidaan tehd\u00e4 useaan eri k\u00e4ytt\u00f6tarkoitukseen sopivia tuotteita. Jyrsim\u00e4ll\u00e4, liimaamalla ja taivuttamalla valmistetut tuotteet ovat omintakeisia ja n\u00e4ytt\u00e4vi\u00e4 erityisesti materiaalin l\u00e4pin\u00e4kyvyyden ja kiilt\u00e4v\u00e4n pinnan ansiosta. N\u00e4it\u00e4 tuotteita k\u00e4ytet\u00e4\u00e4n yleens\u00e4 sis\u00e4tiloissa. Meill\u00e4 on kaikki tarvittavat koneet ja laitteet erilaisten osien l\u00e4mp\u00f6taivutukseen sek\u00e4 muokkaamiseen. Pitk\u00e4n kokemuksen ansiosta pystymme tarjoamaan parhaan mahdollisen [&hellip;]<\/p>\n","protected":false},"author":4,"featured_media":9028,"parent":9176,"menu_order":9,"comment_status":"closed","ping_status":"closed","template":"","meta":{"_acf_changed":false,"footnotes":""},"class_list":["post-9026","page","type-page","status-publish","has-post-thumbnail","hentry"],"acf":[],"yoast_head":"<!-- This site is optimized with the Yoast SEO plugin v27.3 - https:\/\/yoast.com\/product\/yoast-seo-wordpress\/ -->\n<title>Akryylity\u00f6t: arvontalaatikot, tuotehyllyt - JAA Disain O\u00dc<\/title>\n<meta name=\"description\" content=\"Akryylity\u00f6t valmistetaan tilausty\u00f6n\u00e4 ilmoitettujen mittojen mukaan. Katso akryylilasity\u00f6t ja valmiit ty\u00f6t t\u00e4\u00e4lt\u00e4! Katso lis\u00e4\u00e4.\" \/>\n<meta name=\"robots\" content=\"index, follow, max-snippet:-1, max-image-preview:large, max-video-preview:-1\" \/>\n<link rel=\"canonical\" href=\"https:\/\/www.jaadisain.ee\/fi\/ulkomainokset\/akryylityot\/\" \/>\n<meta property=\"og:locale\" content=\"fi_FI\" \/>\n<meta property=\"og:type\" content=\"article\" \/>\n<meta property=\"og:title\" content=\"Akryylity\u00f6t: arvontalaatikot, tuotehyllyt - JAA Disain O\u00dc\" \/>\n<meta property=\"og:description\" content=\"Akryylity\u00f6t valmistetaan tilausty\u00f6n\u00e4 ilmoitettujen mittojen mukaan. Katso akryylilasity\u00f6t ja valmiit ty\u00f6t t\u00e4\u00e4lt\u00e4! Katso lis\u00e4\u00e4.\" \/>\n<meta property=\"og:url\" content=\"https:\/\/www.jaadisain.ee\/fi\/ulkomainokset\/akryylityot\/\" \/>\n<meta property=\"og:site_name\" content=\"JAA Disain\" \/>\n<meta property=\"article:publisher\" content=\"https:\/\/www.facebook.com\/JAA-Disain-156295277734632\/timeline\" \/>\n<meta property=\"article:modified_time\" content=\"2016-11-02T12:14:40+00:00\" \/>\n<meta property=\"og:image\" content=\"https:\/\/www.jaadisain.ee\/wp-content\/uploads\/2015\/11\/akruulklaasist-tooted-e1448454308611.jpg\" \/>\n\t<meta property=\"og:image:width\" content=\"712\" \/>\n\t<meta property=\"og:image:height\" content=\"526\" \/>\n\t<meta property=\"og:image:type\" content=\"image\/jpeg\" \/>\n<meta name=\"twitter:card\" content=\"summary_large_image\" \/>\n<script type=\"application\/ld+json\" class=\"yoast-schema-graph\">{\"@context\":\"https:\\\/\\\/schema.org\",\"@graph\":[{\"@type\":\"WebPage\",\"@id\":\"https:\\\/\\\/www.jaadisain.ee\\\/fi\\\/ulkomainokset\\\/akryylityot\\\/\",\"url\":\"https:\\\/\\\/www.jaadisain.ee\\\/fi\\\/ulkomainokset\\\/akryylityot\\\/\",\"name\":\"Akryylity\u00f6t: arvontalaatikot, tuotehyllyt - JAA Disain O\u00dc\",\"isPartOf\":{\"@id\":\"https:\\\/\\\/www.jaadisain.ee\\\/#website\"},\"primaryImageOfPage\":{\"@id\":\"https:\\\/\\\/www.jaadisain.ee\\\/fi\\\/ulkomainokset\\\/akryylityot\\\/#primaryimage\"},\"image\":{\"@id\":\"https:\\\/\\\/www.jaadisain.ee\\\/fi\\\/ulkomainokset\\\/akryylityot\\\/#primaryimage\"},\"thumbnailUrl\":\"https:\\\/\\\/www.jaadisain.ee\\\/wp-content\\\/uploads\\\/2015\\\/11\\\/akruulklaasist-tooted-e1448454308611.jpg\",\"datePublished\":\"2015-11-16T12:17:00+00:00\",\"dateModified\":\"2016-11-02T12:14:40+00:00\",\"description\":\"Akryylity\u00f6t valmistetaan tilausty\u00f6n\u00e4 ilmoitettujen mittojen mukaan. Katso akryylilasity\u00f6t ja valmiit ty\u00f6t t\u00e4\u00e4lt\u00e4! Katso lis\u00e4\u00e4.\",\"breadcrumb\":{\"@id\":\"https:\\\/\\\/www.jaadisain.ee\\\/fi\\\/ulkomainokset\\\/akryylityot\\\/#breadcrumb\"},\"inLanguage\":\"fi\",\"potentialAction\":[{\"@type\":\"ReadAction\",\"target\":[\"https:\\\/\\\/www.jaadisain.ee\\\/fi\\\/ulkomainokset\\\/akryylityot\\\/\"]}]},{\"@type\":\"ImageObject\",\"inLanguage\":\"fi\",\"@id\":\"https:\\\/\\\/www.jaadisain.ee\\\/fi\\\/ulkomainokset\\\/akryylityot\\\/#primaryimage\",\"url\":\"https:\\\/\\\/www.jaadisain.ee\\\/wp-content\\\/uploads\\\/2015\\\/11\\\/akruulklaasist-tooted-e1448454308611.jpg\",\"contentUrl\":\"https:\\\/\\\/www.jaadisain.ee\\\/wp-content\\\/uploads\\\/2015\\\/11\\\/akruulklaasist-tooted-e1448454308611.jpg\",\"width\":712,\"height\":526,\"caption\":\"akryylity\u00f6t\"},{\"@type\":\"BreadcrumbList\",\"@id\":\"https:\\\/\\\/www.jaadisain.ee\\\/fi\\\/ulkomainokset\\\/akryylityot\\\/#breadcrumb\",\"itemListElement\":[{\"@type\":\"ListItem\",\"position\":1,\"name\":\"Home\",\"item\":\"https:\\\/\\\/www.jaadisain.ee\\\/fi\\\/\"},{\"@type\":\"ListItem\",\"position\":2,\"name\":\"Tuotteet\",\"item\":\"https:\\\/\\\/www.jaadisain.ee\\\/fi\\\/ulkomainokset\\\/\"},{\"@type\":\"ListItem\",\"position\":3,\"name\":\"Akryylity\u00f6t\"}]},{\"@type\":\"WebSite\",\"@id\":\"https:\\\/\\\/www.jaadisain.ee\\\/#website\",\"url\":\"https:\\\/\\\/www.jaadisain.ee\\\/\",\"name\":\"JAA Disain\",\"description\":\"Valgusreklaamide tootja aastast 1993\",\"publisher\":{\"@id\":\"https:\\\/\\\/www.jaadisain.ee\\\/#organization\"},\"potentialAction\":[{\"@type\":\"SearchAction\",\"target\":{\"@type\":\"EntryPoint\",\"urlTemplate\":\"https:\\\/\\\/www.jaadisain.ee\\\/?s={search_term_string}\"},\"query-input\":{\"@type\":\"PropertyValueSpecification\",\"valueRequired\":true,\"valueName\":\"search_term_string\"}}],\"inLanguage\":\"fi\"},{\"@type\":\"Organization\",\"@id\":\"https:\\\/\\\/www.jaadisain.ee\\\/#organization\",\"name\":\"JAA Disain\",\"url\":\"https:\\\/\\\/www.jaadisain.ee\\\/\",\"logo\":{\"@type\":\"ImageObject\",\"inLanguage\":\"fi\",\"@id\":\"https:\\\/\\\/www.jaadisain.ee\\\/#\\\/schema\\\/logo\\\/image\\\/\",\"url\":\"https:\\\/\\\/www.jaadisain.ee\\\/wp-content\\\/uploads\\\/2016\\\/02\\\/JAA-Disain-logo.jpg\",\"contentUrl\":\"https:\\\/\\\/www.jaadisain.ee\\\/wp-content\\\/uploads\\\/2016\\\/02\\\/JAA-Disain-logo.jpg\",\"width\":443,\"height\":259,\"caption\":\"JAA Disain\"},\"image\":{\"@id\":\"https:\\\/\\\/www.jaadisain.ee\\\/#\\\/schema\\\/logo\\\/image\\\/\"},\"sameAs\":[\"https:\\\/\\\/www.facebook.com\\\/JAA-Disain-156295277734632\\\/timeline\"]}]}<\/script>\n<!-- \/ Yoast SEO plugin. -->","yoast_head_json":{"title":"Akryylity\u00f6t: arvontalaatikot, tuotehyllyt - JAA Disain O\u00dc","description":"Akryylity\u00f6t valmistetaan tilausty\u00f6n\u00e4 ilmoitettujen mittojen mukaan. Katso akryylilasity\u00f6t ja valmiit ty\u00f6t t\u00e4\u00e4lt\u00e4! Katso lis\u00e4\u00e4.","robots":{"index":"index","follow":"follow","max-snippet":"max-snippet:-1","max-image-preview":"max-image-preview:large","max-video-preview":"max-video-preview:-1"},"canonical":"https:\/\/www.jaadisain.ee\/fi\/ulkomainokset\/akryylityot\/","og_locale":"fi_FI","og_type":"article","og_title":"Akryylity\u00f6t: arvontalaatikot, tuotehyllyt - JAA Disain O\u00dc","og_description":"Akryylity\u00f6t valmistetaan tilausty\u00f6n\u00e4 ilmoitettujen mittojen mukaan. Katso akryylilasity\u00f6t ja valmiit ty\u00f6t t\u00e4\u00e4lt\u00e4! Katso lis\u00e4\u00e4.","og_url":"https:\/\/www.jaadisain.ee\/fi\/ulkomainokset\/akryylityot\/","og_site_name":"JAA Disain","article_publisher":"https:\/\/www.facebook.com\/JAA-Disain-156295277734632\/timeline","article_modified_time":"2016-11-02T12:14:40+00:00","og_image":[{"width":712,"height":526,"url":"https:\/\/www.jaadisain.ee\/wp-content\/uploads\/2015\/11\/akruulklaasist-tooted-e1448454308611.jpg","type":"image\/jpeg"}],"twitter_card":"summary_large_image","schema":{"@context":"https:\/\/schema.org","@graph":[{"@type":"WebPage","@id":"https:\/\/www.jaadisain.ee\/fi\/ulkomainokset\/akryylityot\/","url":"https:\/\/www.jaadisain.ee\/fi\/ulkomainokset\/akryylityot\/","name":"Akryylity\u00f6t: arvontalaatikot, tuotehyllyt - JAA Disain O\u00dc","isPartOf":{"@id":"https:\/\/www.jaadisain.ee\/#website"},"primaryImageOfPage":{"@id":"https:\/\/www.jaadisain.ee\/fi\/ulkomainokset\/akryylityot\/#primaryimage"},"image":{"@id":"https:\/\/www.jaadisain.ee\/fi\/ulkomainokset\/akryylityot\/#primaryimage"},"thumbnailUrl":"https:\/\/www.jaadisain.ee\/wp-content\/uploads\/2015\/11\/akruulklaasist-tooted-e1448454308611.jpg","datePublished":"2015-11-16T12:17:00+00:00","dateModified":"2016-11-02T12:14:40+00:00","description":"Akryylity\u00f6t valmistetaan tilausty\u00f6n\u00e4 ilmoitettujen mittojen mukaan. Katso akryylilasity\u00f6t ja valmiit ty\u00f6t t\u00e4\u00e4lt\u00e4! Katso lis\u00e4\u00e4.","breadcrumb":{"@id":"https:\/\/www.jaadisain.ee\/fi\/ulkomainokset\/akryylityot\/#breadcrumb"},"inLanguage":"fi","potentialAction":[{"@type":"ReadAction","target":["https:\/\/www.jaadisain.ee\/fi\/ulkomainokset\/akryylityot\/"]}]},{"@type":"ImageObject","inLanguage":"fi","@id":"https:\/\/www.jaadisain.ee\/fi\/ulkomainokset\/akryylityot\/#primaryimage","url":"https:\/\/www.jaadisain.ee\/wp-content\/uploads\/2015\/11\/akruulklaasist-tooted-e1448454308611.jpg","contentUrl":"https:\/\/www.jaadisain.ee\/wp-content\/uploads\/2015\/11\/akruulklaasist-tooted-e1448454308611.jpg","width":712,"height":526,"caption":"akryylity\u00f6t"},{"@type":"BreadcrumbList","@id":"https:\/\/www.jaadisain.ee\/fi\/ulkomainokset\/akryylityot\/#breadcrumb","itemListElement":[{"@type":"ListItem","position":1,"name":"Home","item":"https:\/\/www.jaadisain.ee\/fi\/"},{"@type":"ListItem","position":2,"name":"Tuotteet","item":"https:\/\/www.jaadisain.ee\/fi\/ulkomainokset\/"},{"@type":"ListItem","position":3,"name":"Akryylity\u00f6t"}]},{"@type":"WebSite","@id":"https:\/\/www.jaadisain.ee\/#website","url":"https:\/\/www.jaadisain.ee\/","name":"JAA Disain","description":"Valgusreklaamide tootja aastast 1993","publisher":{"@id":"https:\/\/www.jaadisain.ee\/#organization"},"potentialAction":[{"@type":"SearchAction","target":{"@type":"EntryPoint","urlTemplate":"https:\/\/www.jaadisain.ee\/?s={search_term_string}"},"query-input":{"@type":"PropertyValueSpecification","valueRequired":true,"valueName":"search_term_string"}}],"inLanguage":"fi"},{"@type":"Organization","@id":"https:\/\/www.jaadisain.ee\/#organization","name":"JAA Disain","url":"https:\/\/www.jaadisain.ee\/","logo":{"@type":"ImageObject","inLanguage":"fi","@id":"https:\/\/www.jaadisain.ee\/#\/schema\/logo\/image\/","url":"https:\/\/www.jaadisain.ee\/wp-content\/uploads\/2016\/02\/JAA-Disain-logo.jpg","contentUrl":"https:\/\/www.jaadisain.ee\/wp-content\/uploads\/2016\/02\/JAA-Disain-logo.jpg","width":443,"height":259,"caption":"JAA Disain"},"image":{"@id":"https:\/\/www.jaadisain.ee\/#\/schema\/logo\/image\/"},"sameAs":["https:\/\/www.facebook.com\/JAA-Disain-156295277734632\/timeline"]}]}},"_links":{"self":[{"href":"https:\/\/www.jaadisain.ee\/fi\/wp-json\/wp\/v2\/pages\/9026","targetHints":{"allow":["GET"]}}],"collection":[{"href":"https:\/\/www.jaadisain.ee\/fi\/wp-json\/wp\/v2\/pages"}],"about":[{"href":"https:\/\/www.jaadisain.ee\/fi\/wp-json\/wp\/v2\/types\/page"}],"author":[{"embeddable":true,"href":"https:\/\/www.jaadisain.ee\/fi\/wp-json\/wp\/v2\/users\/4"}],"replies":[{"embeddable":true,"href":"https:\/\/www.jaadisain.ee\/fi\/wp-json\/wp\/v2\/comments?post=9026"}],"version-history":[{"count":1,"href":"https:\/\/www.jaadisain.ee\/fi\/wp-json\/wp\/v2\/pages\/9026\/revisions"}],"predecessor-version":[{"id":9559,"href":"https:\/\/www.jaadisain.ee\/fi\/wp-json\/wp\/v2\/pages\/9026\/revisions\/9559"}],"up":[{"embeddable":true,"href":"https:\/\/www.jaadisain.ee\/fi\/wp-json\/wp\/v2\/pages\/9176"}],"wp:featuredmedia":[{"embeddable":true,"href":"https:\/\/www.jaadisain.ee\/fi\/wp-json\/wp\/v2\/media\/9028"}],"wp:attachment":[{"href":"https:\/\/www.jaadisain.ee\/fi\/wp-json\/wp\/v2\/media?parent=9026"}],"curies":[{"name":"wp","href":"https:\/\/api.w.org\/{rel}","templated":true}]}}