{"id":9024,"date":"2015-11-16T12:17:37","date_gmt":"2015-11-16T12:17:37","guid":{"rendered":"http:\/\/www.jaadisain.ee\/fi\/majajuhid\/"},"modified":"2016-11-03T12:28:34","modified_gmt":"2016-11-03T10:28:34","slug":"kiinteistoopasteet","status":"publish","type":"page","link":"https:\/\/www.jaadisain.ee\/fi\/ulkomainokset\/kiinteistojen-sisaopasteet-ja-ovikyltit\/kiinteistoopasteet\/","title":{"rendered":"Kiinteist\u00f6opasteet"},"content":{"rendered":"<p>Kiinteist\u00f6opasteet, ovikyltit ja informaatiotaulut erilaista materiaaleista asiakkaan toiveiden mukaan.<\/p>\n<p>Aula- ja porrasopasteet sek\u00e4 ovikyltit johdattavat oikeaan paikkaan. Kaikissa toimistorakennuksissa tarvitaan kiinteist\u00f6opasteita, jotta asiakkaat l\u00f6yt\u00e4isiv\u00e4t oikean rakennuksen osan, oikean kerroksen, k\u00e4yt\u00e4v\u00e4n, oven ja lopuksi my\u00f6s oikean henkil\u00f6n. Rakennuksissa kannattaa k\u00e4yd\u00e4 kiinteist\u00f6opasteita, jotta asiakkaat l\u00f6yt\u00e4isiv\u00e4t nopeasti perille. P\u00e4\u00e4ovesta saavuttaessa miellytt\u00e4v\u00e4 ymp\u00e4rist\u00f6 sek\u00e4 selke\u00e4t opasteet luovat hyv\u00e4n kuvan yrityksest\u00e4si &#8211; ja asiakkaat kiitt\u00e4v\u00e4t.<\/p>\n<p>N\u00e4in s\u00e4\u00e4st\u00e4t asiakkaiden aikaa, jonka voi k\u00e4ytt\u00e4\u00e4 tuotteliaammin.<\/p>\n<p>Kiinteist\u00f6opasteita voidaan tehd\u00e4 hyvin erilaisista materiaaleista, my\u00f6s toteutusmahdollisuudet ovat miltei rajattomat. Materiaalit vaihtelevat karkaistusta lasista erityisiin alumiiniprofiileihin, jotka ovat hyvin suosittuja nimenomaan k\u00e4yt\u00e4nn\u00f6llisyytens\u00e4 vuoksi.<\/p>\n<p>Jaa Disain valmistaa valomainokset ja my\u00f6s muut mainostuotteet, kuten mainostaulut, mainostarrat ja digitulostukset.<\/p>\n<h2>Kiinteist\u00f6opasteet, k\u00e4ytt\u00f6mahdollisuudet ja referenssit:<\/h2>\n","protected":false},"excerpt":{"rendered":"<p>Kiinteist\u00f6opasteet, ovikyltit ja informaatiotaulut erilaista materiaaleista asiakkaan toiveiden mukaan. Aula- ja porrasopasteet sek\u00e4 ovikyltit johdattavat oikeaan paikkaan. Kaikissa toimistorakennuksissa tarvitaan kiinteist\u00f6opasteita, jotta asiakkaat l\u00f6yt\u00e4isiv\u00e4t oikean rakennuksen osan, oikean kerroksen, k\u00e4yt\u00e4v\u00e4n, oven ja lopuksi my\u00f6s oikean henkil\u00f6n. Rakennuksissa kannattaa k\u00e4yd\u00e4 kiinteist\u00f6opasteita, jotta asiakkaat l\u00f6yt\u00e4isiv\u00e4t nopeasti perille. P\u00e4\u00e4ovesta saavuttaessa miellytt\u00e4v\u00e4 ymp\u00e4rist\u00f6 sek\u00e4 selke\u00e4t opasteet luovat hyv\u00e4n kuvan [&hellip;]<\/p>\n","protected":false},"author":4,"featured_media":9025,"parent":9029,"menu_order":1,"comment_status":"closed","ping_status":"closed","template":"","meta":{"_acf_changed":false,"footnotes":""},"class_list":["post-9024","page","type-page","status-publish","has-post-thumbnail","hentry"],"acf":[],"yoast_head":"<!-- This site is optimized with the Yoast SEO plugin v27.3 - https:\/\/yoast.com\/product\/yoast-seo-wordpress\/ -->\n<title>Kiinteist\u00f6opasteet ja ovikyltit, informaatiotaulut - JAA Disain<\/title>\n<meta name=\"description\" content=\"Kiinteist\u00f6opasteet, ovikyltit ja informaatiotaulut erilaista materiaaleista asiakkaan toiveiden mukaan. Lue lis\u00e4\u00e4 ja katso valmiit ty\u00f6t t\u00e4\u00e4lt\u00e4!\" \/>\n<meta name=\"robots\" content=\"index, follow, max-snippet:-1, max-image-preview:large, max-video-preview:-1\" \/>\n<link rel=\"canonical\" href=\"https:\/\/www.jaadisain.ee\/fi\/ulkomainokset\/kiinteistojen-sisaopasteet-ja-ovikyltit\/kiinteistoopasteet\/\" \/>\n<meta property=\"og:locale\" content=\"fi_FI\" \/>\n<meta property=\"og:type\" content=\"article\" \/>\n<meta property=\"og:title\" content=\"Kiinteist\u00f6opasteet ja ovikyltit, informaatiotaulut - JAA Disain\" \/>\n<meta property=\"og:description\" content=\"Kiinteist\u00f6opasteet, ovikyltit ja informaatiotaulut erilaista materiaaleista asiakkaan toiveiden mukaan. Lue lis\u00e4\u00e4 ja katso valmiit ty\u00f6t t\u00e4\u00e4lt\u00e4!\" \/>\n<meta property=\"og:url\" content=\"https:\/\/www.jaadisain.ee\/fi\/ulkomainokset\/kiinteistojen-sisaopasteet-ja-ovikyltit\/kiinteistoopasteet\/\" \/>\n<meta property=\"og:site_name\" content=\"JAA Disain\" \/>\n<meta property=\"article:publisher\" content=\"https:\/\/www.facebook.com\/JAA-Disain-156295277734632\/timeline\" \/>\n<meta property=\"article:modified_time\" content=\"2016-11-03T10:28:34+00:00\" \/>\n<meta property=\"og:image\" content=\"https:\/\/www.jaadisain.ee\/wp-content\/uploads\/2015\/11\/majajuhid-e1451295913740.jpg\" \/>\n\t<meta property=\"og:image:width\" content=\"452\" \/>\n\t<meta property=\"og:image:height\" content=\"494\" \/>\n\t<meta property=\"og:image:type\" content=\"image\/jpeg\" \/>\n<meta name=\"twitter:card\" content=\"summary_large_image\" \/>\n<meta name=\"twitter:label1\" content=\"Arvioitu lukuaika\" \/>\n\t<meta name=\"twitter:data1\" content=\"1 minuutti\" \/>\n<script type=\"application\/ld+json\" class=\"yoast-schema-graph\">{\"@context\":\"https:\\\/\\\/schema.org\",\"@graph\":[{\"@type\":\"WebPage\",\"@id\":\"https:\\\/\\\/www.jaadisain.ee\\\/fi\\\/ulkomainokset\\\/kiinteistojen-sisaopasteet-ja-ovikyltit\\\/kiinteistoopasteet\\\/\",\"url\":\"https:\\\/\\\/www.jaadisain.ee\\\/fi\\\/ulkomainokset\\\/kiinteistojen-sisaopasteet-ja-ovikyltit\\\/kiinteistoopasteet\\\/\",\"name\":\"Kiinteist\u00f6opasteet ja ovikyltit, informaatiotaulut - JAA Disain\",\"isPartOf\":{\"@id\":\"https:\\\/\\\/www.jaadisain.ee\\\/#website\"},\"primaryImageOfPage\":{\"@id\":\"https:\\\/\\\/www.jaadisain.ee\\\/fi\\\/ulkomainokset\\\/kiinteistojen-sisaopasteet-ja-ovikyltit\\\/kiinteistoopasteet\\\/#primaryimage\"},\"image\":{\"@id\":\"https:\\\/\\\/www.jaadisain.ee\\\/fi\\\/ulkomainokset\\\/kiinteistojen-sisaopasteet-ja-ovikyltit\\\/kiinteistoopasteet\\\/#primaryimage\"},\"thumbnailUrl\":\"https:\\\/\\\/www.jaadisain.ee\\\/wp-content\\\/uploads\\\/2015\\\/11\\\/majajuhid-e1451295913740.jpg\",\"datePublished\":\"2015-11-16T12:17:37+00:00\",\"dateModified\":\"2016-11-03T10:28:34+00:00\",\"description\":\"Kiinteist\u00f6opasteet, ovikyltit ja informaatiotaulut erilaista materiaaleista asiakkaan toiveiden mukaan. Lue lis\u00e4\u00e4 ja katso valmiit ty\u00f6t t\u00e4\u00e4lt\u00e4!\",\"breadcrumb\":{\"@id\":\"https:\\\/\\\/www.jaadisain.ee\\\/fi\\\/ulkomainokset\\\/kiinteistojen-sisaopasteet-ja-ovikyltit\\\/kiinteistoopasteet\\\/#breadcrumb\"},\"inLanguage\":\"fi\",\"potentialAction\":[{\"@type\":\"ReadAction\",\"target\":[\"https:\\\/\\\/www.jaadisain.ee\\\/fi\\\/ulkomainokset\\\/kiinteistojen-sisaopasteet-ja-ovikyltit\\\/kiinteistoopasteet\\\/\"]}]},{\"@type\":\"ImageObject\",\"inLanguage\":\"fi\",\"@id\":\"https:\\\/\\\/www.jaadisain.ee\\\/fi\\\/ulkomainokset\\\/kiinteistojen-sisaopasteet-ja-ovikyltit\\\/kiinteistoopasteet\\\/#primaryimage\",\"url\":\"https:\\\/\\\/www.jaadisain.ee\\\/wp-content\\\/uploads\\\/2015\\\/11\\\/majajuhid-e1451295913740.jpg\",\"contentUrl\":\"https:\\\/\\\/www.jaadisain.ee\\\/wp-content\\\/uploads\\\/2015\\\/11\\\/majajuhid-e1451295913740.jpg\",\"width\":452,\"height\":494,\"caption\":\"kiinteist\u00f6opasteet\"},{\"@type\":\"BreadcrumbList\",\"@id\":\"https:\\\/\\\/www.jaadisain.ee\\\/fi\\\/ulkomainokset\\\/kiinteistojen-sisaopasteet-ja-ovikyltit\\\/kiinteistoopasteet\\\/#breadcrumb\",\"itemListElement\":[{\"@type\":\"ListItem\",\"position\":1,\"name\":\"Home\",\"item\":\"https:\\\/\\\/www.jaadisain.ee\\\/fi\\\/\"},{\"@type\":\"ListItem\",\"position\":2,\"name\":\"Tuotteet\",\"item\":\"https:\\\/\\\/www.jaadisain.ee\\\/fi\\\/ulkomainokset\\\/\"},{\"@type\":\"ListItem\",\"position\":3,\"name\":\"Kiinteist\u00f6jen sis\u00e4opasteet ja ovikyltit\",\"item\":\"https:\\\/\\\/www.jaadisain.ee\\\/fi\\\/ulkomainokset\\\/kiinteistojen-sisaopasteet-ja-ovikyltit\\\/\"},{\"@type\":\"ListItem\",\"position\":4,\"name\":\"Kiinteist\u00f6opasteet\"}]},{\"@type\":\"WebSite\",\"@id\":\"https:\\\/\\\/www.jaadisain.ee\\\/#website\",\"url\":\"https:\\\/\\\/www.jaadisain.ee\\\/\",\"name\":\"JAA Disain\",\"description\":\"Valgusreklaamide tootja aastast 1993\",\"publisher\":{\"@id\":\"https:\\\/\\\/www.jaadisain.ee\\\/#organization\"},\"potentialAction\":[{\"@type\":\"SearchAction\",\"target\":{\"@type\":\"EntryPoint\",\"urlTemplate\":\"https:\\\/\\\/www.jaadisain.ee\\\/?s={search_term_string}\"},\"query-input\":{\"@type\":\"PropertyValueSpecification\",\"valueRequired\":true,\"valueName\":\"search_term_string\"}}],\"inLanguage\":\"fi\"},{\"@type\":\"Organization\",\"@id\":\"https:\\\/\\\/www.jaadisain.ee\\\/#organization\",\"name\":\"JAA Disain\",\"url\":\"https:\\\/\\\/www.jaadisain.ee\\\/\",\"logo\":{\"@type\":\"ImageObject\",\"inLanguage\":\"fi\",\"@id\":\"https:\\\/\\\/www.jaadisain.ee\\\/#\\\/schema\\\/logo\\\/image\\\/\",\"url\":\"https:\\\/\\\/www.jaadisain.ee\\\/wp-content\\\/uploads\\\/2016\\\/02\\\/JAA-Disain-logo.jpg\",\"contentUrl\":\"https:\\\/\\\/www.jaadisain.ee\\\/wp-content\\\/uploads\\\/2016\\\/02\\\/JAA-Disain-logo.jpg\",\"width\":443,\"height\":259,\"caption\":\"JAA Disain\"},\"image\":{\"@id\":\"https:\\\/\\\/www.jaadisain.ee\\\/#\\\/schema\\\/logo\\\/image\\\/\"},\"sameAs\":[\"https:\\\/\\\/www.facebook.com\\\/JAA-Disain-156295277734632\\\/timeline\"]}]}<\/script>\n<!-- \/ Yoast SEO plugin. -->","yoast_head_json":{"title":"Kiinteist\u00f6opasteet ja ovikyltit, informaatiotaulut - JAA Disain","description":"Kiinteist\u00f6opasteet, ovikyltit ja informaatiotaulut erilaista materiaaleista asiakkaan toiveiden mukaan. Lue lis\u00e4\u00e4 ja katso valmiit ty\u00f6t t\u00e4\u00e4lt\u00e4!","robots":{"index":"index","follow":"follow","max-snippet":"max-snippet:-1","max-image-preview":"max-image-preview:large","max-video-preview":"max-video-preview:-1"},"canonical":"https:\/\/www.jaadisain.ee\/fi\/ulkomainokset\/kiinteistojen-sisaopasteet-ja-ovikyltit\/kiinteistoopasteet\/","og_locale":"fi_FI","og_type":"article","og_title":"Kiinteist\u00f6opasteet ja ovikyltit, informaatiotaulut - JAA Disain","og_description":"Kiinteist\u00f6opasteet, ovikyltit ja informaatiotaulut erilaista materiaaleista asiakkaan toiveiden mukaan. Lue lis\u00e4\u00e4 ja katso valmiit ty\u00f6t t\u00e4\u00e4lt\u00e4!","og_url":"https:\/\/www.jaadisain.ee\/fi\/ulkomainokset\/kiinteistojen-sisaopasteet-ja-ovikyltit\/kiinteistoopasteet\/","og_site_name":"JAA Disain","article_publisher":"https:\/\/www.facebook.com\/JAA-Disain-156295277734632\/timeline","article_modified_time":"2016-11-03T10:28:34+00:00","og_image":[{"width":452,"height":494,"url":"https:\/\/www.jaadisain.ee\/wp-content\/uploads\/2015\/11\/majajuhid-e1451295913740.jpg","type":"image\/jpeg"}],"twitter_card":"summary_large_image","twitter_misc":{"Arvioitu lukuaika":"1 minuutti"},"schema":{"@context":"https:\/\/schema.org","@graph":[{"@type":"WebPage","@id":"https:\/\/www.jaadisain.ee\/fi\/ulkomainokset\/kiinteistojen-sisaopasteet-ja-ovikyltit\/kiinteistoopasteet\/","url":"https:\/\/www.jaadisain.ee\/fi\/ulkomainokset\/kiinteistojen-sisaopasteet-ja-ovikyltit\/kiinteistoopasteet\/","name":"Kiinteist\u00f6opasteet ja ovikyltit, informaatiotaulut - JAA Disain","isPartOf":{"@id":"https:\/\/www.jaadisain.ee\/#website"},"primaryImageOfPage":{"@id":"https:\/\/www.jaadisain.ee\/fi\/ulkomainokset\/kiinteistojen-sisaopasteet-ja-ovikyltit\/kiinteistoopasteet\/#primaryimage"},"image":{"@id":"https:\/\/www.jaadisain.ee\/fi\/ulkomainokset\/kiinteistojen-sisaopasteet-ja-ovikyltit\/kiinteistoopasteet\/#primaryimage"},"thumbnailUrl":"https:\/\/www.jaadisain.ee\/wp-content\/uploads\/2015\/11\/majajuhid-e1451295913740.jpg","datePublished":"2015-11-16T12:17:37+00:00","dateModified":"2016-11-03T10:28:34+00:00","description":"Kiinteist\u00f6opasteet, ovikyltit ja informaatiotaulut erilaista materiaaleista asiakkaan toiveiden mukaan. Lue lis\u00e4\u00e4 ja katso valmiit ty\u00f6t t\u00e4\u00e4lt\u00e4!","breadcrumb":{"@id":"https:\/\/www.jaadisain.ee\/fi\/ulkomainokset\/kiinteistojen-sisaopasteet-ja-ovikyltit\/kiinteistoopasteet\/#breadcrumb"},"inLanguage":"fi","potentialAction":[{"@type":"ReadAction","target":["https:\/\/www.jaadisain.ee\/fi\/ulkomainokset\/kiinteistojen-sisaopasteet-ja-ovikyltit\/kiinteistoopasteet\/"]}]},{"@type":"ImageObject","inLanguage":"fi","@id":"https:\/\/www.jaadisain.ee\/fi\/ulkomainokset\/kiinteistojen-sisaopasteet-ja-ovikyltit\/kiinteistoopasteet\/#primaryimage","url":"https:\/\/www.jaadisain.ee\/wp-content\/uploads\/2015\/11\/majajuhid-e1451295913740.jpg","contentUrl":"https:\/\/www.jaadisain.ee\/wp-content\/uploads\/2015\/11\/majajuhid-e1451295913740.jpg","width":452,"height":494,"caption":"kiinteist\u00f6opasteet"},{"@type":"BreadcrumbList","@id":"https:\/\/www.jaadisain.ee\/fi\/ulkomainokset\/kiinteistojen-sisaopasteet-ja-ovikyltit\/kiinteistoopasteet\/#breadcrumb","itemListElement":[{"@type":"ListItem","position":1,"name":"Home","item":"https:\/\/www.jaadisain.ee\/fi\/"},{"@type":"ListItem","position":2,"name":"Tuotteet","item":"https:\/\/www.jaadisain.ee\/fi\/ulkomainokset\/"},{"@type":"ListItem","position":3,"name":"Kiinteist\u00f6jen sis\u00e4opasteet ja ovikyltit","item":"https:\/\/www.jaadisain.ee\/fi\/ulkomainokset\/kiinteistojen-sisaopasteet-ja-ovikyltit\/"},{"@type":"ListItem","position":4,"name":"Kiinteist\u00f6opasteet"}]},{"@type":"WebSite","@id":"https:\/\/www.jaadisain.ee\/#website","url":"https:\/\/www.jaadisain.ee\/","name":"JAA Disain","description":"Valgusreklaamide tootja aastast 1993","publisher":{"@id":"https:\/\/www.jaadisain.ee\/#organization"},"potentialAction":[{"@type":"SearchAction","target":{"@type":"EntryPoint","urlTemplate":"https:\/\/www.jaadisain.ee\/?s={search_term_string}"},"query-input":{"@type":"PropertyValueSpecification","valueRequired":true,"valueName":"search_term_string"}}],"inLanguage":"fi"},{"@type":"Organization","@id":"https:\/\/www.jaadisain.ee\/#organization","name":"JAA Disain","url":"https:\/\/www.jaadisain.ee\/","logo":{"@type":"ImageObject","inLanguage":"fi","@id":"https:\/\/www.jaadisain.ee\/#\/schema\/logo\/image\/","url":"https:\/\/www.jaadisain.ee\/wp-content\/uploads\/2016\/02\/JAA-Disain-logo.jpg","contentUrl":"https:\/\/www.jaadisain.ee\/wp-content\/uploads\/2016\/02\/JAA-Disain-logo.jpg","width":443,"height":259,"caption":"JAA Disain"},"image":{"@id":"https:\/\/www.jaadisain.ee\/#\/schema\/logo\/image\/"},"sameAs":["https:\/\/www.facebook.com\/JAA-Disain-156295277734632\/timeline"]}]}},"_links":{"self":[{"href":"https:\/\/www.jaadisain.ee\/fi\/wp-json\/wp\/v2\/pages\/9024","targetHints":{"allow":["GET"]}}],"collection":[{"href":"https:\/\/www.jaadisain.ee\/fi\/wp-json\/wp\/v2\/pages"}],"about":[{"href":"https:\/\/www.jaadisain.ee\/fi\/wp-json\/wp\/v2\/types\/page"}],"author":[{"embeddable":true,"href":"https:\/\/www.jaadisain.ee\/fi\/wp-json\/wp\/v2\/users\/4"}],"replies":[{"embeddable":true,"href":"https:\/\/www.jaadisain.ee\/fi\/wp-json\/wp\/v2\/comments?post=9024"}],"version-history":[{"count":0,"href":"https:\/\/www.jaadisain.ee\/fi\/wp-json\/wp\/v2\/pages\/9024\/revisions"}],"up":[{"embeddable":true,"href":"https:\/\/www.jaadisain.ee\/fi\/wp-json\/wp\/v2\/pages\/9029"}],"wp:featuredmedia":[{"embeddable":true,"href":"https:\/\/www.jaadisain.ee\/fi\/wp-json\/wp\/v2\/media\/9025"}],"wp:attachment":[{"href":"https:\/\/www.jaadisain.ee\/fi\/wp-json\/wp\/v2\/media?parent=9024"}],"curies":[{"name":"wp","href":"https:\/\/api.w.org\/{rel}","templated":true}]}}