{"id":9022,"date":"2015-11-16T12:18:10","date_gmt":"2015-11-16T12:18:10","guid":{"rendered":"http:\/\/www.jaadisain.ee\/fi\/uksesildid-2\/"},"modified":"2016-11-03T15:34:35","modified_gmt":"2016-11-03T13:34:35","slug":"ovikilvet","status":"publish","type":"page","link":"https:\/\/www.jaadisain.ee\/fi\/ulkomainokset\/kiinteistojen-sisaopasteet-ja-ovikyltit\/ovikilvet\/","title":{"rendered":"Ovikilvet"},"content":{"rendered":"<p>Ulko-oven ovikilpi kertoo kaikille tulijoille, ett\u00e4 he ovat tervetulleita yritykseen ja voivat reippaasti astua ovesta sis\u00e4\u00e4n tai soittaa ovikelloa. Suurten toimistorakennusten pitkill\u00e4 k\u00e4yt\u00e4vill\u00e4 ovikilvet ovat suorastaan korvaamattomia. Tuskin kukaan haluaa avata kaikkia ovia l\u00f6yt\u00e4\u00e4kseen sen oikean yrityksen, osaston tai henkil\u00f6n.<\/p>\n<p>Ovikilpi\u00e4 voidaan tehd\u00e4 useista eri materiaaleista ja my\u00f6s toteutustavoissa on valinnanvaraa. Ulkok\u00e4ytt\u00f6\u00f6n tarkoitettu ovikilpi voidaan tehd\u00e4 lasista, ruostumattomasta ter\u00e4ksest\u00e4 tai muusta sopivasta materiaalista. Ovien nimikilvet kannattaa tehd\u00e4 nimenomaan t\u00e4h\u00e4n tarkoitukseen suunnitelluista alumiiniprofiileista, jolloin nimi on helppo vaihtaa.<\/p>\n<p>Asiantuntijamme neuvovat ja auttavat asiakasta l\u00f6yt\u00e4m\u00e4\u00e4n sopivan vaihtoehdon.<\/p>\n<h2>Ovikilvet, k\u00e4ytt\u00f6mahdollisuudet ja referenssit:<\/h2>\n","protected":false},"excerpt":{"rendered":"<p>Ulko-oven ovikilpi kertoo kaikille tulijoille, ett\u00e4 he ovat tervetulleita yritykseen ja voivat reippaasti astua ovesta sis\u00e4\u00e4n tai soittaa ovikelloa. Suurten toimistorakennusten pitkill\u00e4 k\u00e4yt\u00e4vill\u00e4 ovikilvet ovat suorastaan korvaamattomia. Tuskin kukaan haluaa avata kaikkia ovia l\u00f6yt\u00e4\u00e4kseen sen oikean yrityksen, osaston tai henkil\u00f6n. Ovikilpi\u00e4 voidaan tehd\u00e4 useista eri materiaaleista ja my\u00f6s toteutustavoissa on valinnanvaraa. Ulkok\u00e4ytt\u00f6\u00f6n tarkoitettu ovikilpi voidaan [&hellip;]<\/p>\n","protected":false},"author":4,"featured_media":9023,"parent":9029,"menu_order":2,"comment_status":"closed","ping_status":"closed","template":"","meta":{"_acf_changed":false,"footnotes":""},"class_list":["post-9022","page","type-page","status-publish","has-post-thumbnail","hentry"],"acf":[],"yoast_head":"<!-- This site is optimized with the Yoast SEO plugin v27.3 - https:\/\/yoast.com\/product\/yoast-seo-wordpress\/ -->\n<title>Ovikilvet, kiinteist\u00f6opasteet ja informaatiotaulut - JAA Disain<\/title>\n<meta name=\"description\" content=\"Ovikilvet, kiinteist\u00f6opasteet, kiinteist\u00f6opasteet ja informaatiotaulut erilaisista materiaaleista asiakkaan toiveiden mukaan.\" \/>\n<meta name=\"robots\" content=\"index, follow, max-snippet:-1, max-image-preview:large, max-video-preview:-1\" \/>\n<link rel=\"canonical\" href=\"https:\/\/www.jaadisain.ee\/fi\/ulkomainokset\/kiinteistojen-sisaopasteet-ja-ovikyltit\/ovikilvet\/\" \/>\n<meta property=\"og:locale\" content=\"fi_FI\" \/>\n<meta property=\"og:type\" content=\"article\" \/>\n<meta property=\"og:title\" content=\"Ovikilvet, kiinteist\u00f6opasteet ja informaatiotaulut - JAA Disain\" \/>\n<meta property=\"og:description\" content=\"Ovikilvet, kiinteist\u00f6opasteet, kiinteist\u00f6opasteet ja informaatiotaulut erilaisista materiaaleista asiakkaan toiveiden mukaan.\" \/>\n<meta property=\"og:url\" content=\"https:\/\/www.jaadisain.ee\/fi\/ulkomainokset\/kiinteistojen-sisaopasteet-ja-ovikyltit\/ovikilvet\/\" \/>\n<meta property=\"og:site_name\" content=\"JAA Disain\" \/>\n<meta property=\"article:publisher\" content=\"https:\/\/www.facebook.com\/JAA-Disain-156295277734632\/timeline\" \/>\n<meta property=\"article:modified_time\" content=\"2016-11-03T13:34:35+00:00\" \/>\n<meta property=\"og:image\" content=\"https:\/\/www.jaadisain.ee\/wp-content\/uploads\/2015\/11\/uksesildid-e1451295897453.jpg\" \/>\n\t<meta property=\"og:image:width\" content=\"444\" \/>\n\t<meta property=\"og:image:height\" content=\"392\" \/>\n\t<meta property=\"og:image:type\" content=\"image\/jpeg\" \/>\n<meta name=\"twitter:card\" content=\"summary_large_image\" \/>\n<meta name=\"twitter:label1\" content=\"Arvioitu lukuaika\" \/>\n\t<meta name=\"twitter:data1\" content=\"1 minuutti\" \/>\n<script type=\"application\/ld+json\" class=\"yoast-schema-graph\">{\"@context\":\"https:\\\/\\\/schema.org\",\"@graph\":[{\"@type\":\"WebPage\",\"@id\":\"https:\\\/\\\/www.jaadisain.ee\\\/fi\\\/ulkomainokset\\\/kiinteistojen-sisaopasteet-ja-ovikyltit\\\/ovikilvet\\\/\",\"url\":\"https:\\\/\\\/www.jaadisain.ee\\\/fi\\\/ulkomainokset\\\/kiinteistojen-sisaopasteet-ja-ovikyltit\\\/ovikilvet\\\/\",\"name\":\"Ovikilvet, kiinteist\u00f6opasteet ja informaatiotaulut - JAA Disain\",\"isPartOf\":{\"@id\":\"https:\\\/\\\/www.jaadisain.ee\\\/#website\"},\"primaryImageOfPage\":{\"@id\":\"https:\\\/\\\/www.jaadisain.ee\\\/fi\\\/ulkomainokset\\\/kiinteistojen-sisaopasteet-ja-ovikyltit\\\/ovikilvet\\\/#primaryimage\"},\"image\":{\"@id\":\"https:\\\/\\\/www.jaadisain.ee\\\/fi\\\/ulkomainokset\\\/kiinteistojen-sisaopasteet-ja-ovikyltit\\\/ovikilvet\\\/#primaryimage\"},\"thumbnailUrl\":\"https:\\\/\\\/www.jaadisain.ee\\\/wp-content\\\/uploads\\\/2015\\\/11\\\/uksesildid-e1451295897453.jpg\",\"datePublished\":\"2015-11-16T12:18:10+00:00\",\"dateModified\":\"2016-11-03T13:34:35+00:00\",\"description\":\"Ovikilvet, kiinteist\u00f6opasteet, kiinteist\u00f6opasteet ja informaatiotaulut erilaisista materiaaleista asiakkaan toiveiden mukaan.\",\"breadcrumb\":{\"@id\":\"https:\\\/\\\/www.jaadisain.ee\\\/fi\\\/ulkomainokset\\\/kiinteistojen-sisaopasteet-ja-ovikyltit\\\/ovikilvet\\\/#breadcrumb\"},\"inLanguage\":\"fi\",\"potentialAction\":[{\"@type\":\"ReadAction\",\"target\":[\"https:\\\/\\\/www.jaadisain.ee\\\/fi\\\/ulkomainokset\\\/kiinteistojen-sisaopasteet-ja-ovikyltit\\\/ovikilvet\\\/\"]}]},{\"@type\":\"ImageObject\",\"inLanguage\":\"fi\",\"@id\":\"https:\\\/\\\/www.jaadisain.ee\\\/fi\\\/ulkomainokset\\\/kiinteistojen-sisaopasteet-ja-ovikyltit\\\/ovikilvet\\\/#primaryimage\",\"url\":\"https:\\\/\\\/www.jaadisain.ee\\\/wp-content\\\/uploads\\\/2015\\\/11\\\/uksesildid-e1451295897453.jpg\",\"contentUrl\":\"https:\\\/\\\/www.jaadisain.ee\\\/wp-content\\\/uploads\\\/2015\\\/11\\\/uksesildid-e1451295897453.jpg\",\"width\":444,\"height\":392,\"caption\":\"ovikilvet\"},{\"@type\":\"BreadcrumbList\",\"@id\":\"https:\\\/\\\/www.jaadisain.ee\\\/fi\\\/ulkomainokset\\\/kiinteistojen-sisaopasteet-ja-ovikyltit\\\/ovikilvet\\\/#breadcrumb\",\"itemListElement\":[{\"@type\":\"ListItem\",\"position\":1,\"name\":\"Home\",\"item\":\"https:\\\/\\\/www.jaadisain.ee\\\/fi\\\/\"},{\"@type\":\"ListItem\",\"position\":2,\"name\":\"Tuotteet\",\"item\":\"https:\\\/\\\/www.jaadisain.ee\\\/fi\\\/ulkomainokset\\\/\"},{\"@type\":\"ListItem\",\"position\":3,\"name\":\"Kiinteist\u00f6jen sis\u00e4opasteet ja ovikyltit\",\"item\":\"https:\\\/\\\/www.jaadisain.ee\\\/fi\\\/ulkomainokset\\\/kiinteistojen-sisaopasteet-ja-ovikyltit\\\/\"},{\"@type\":\"ListItem\",\"position\":4,\"name\":\"Ovikilvet\"}]},{\"@type\":\"WebSite\",\"@id\":\"https:\\\/\\\/www.jaadisain.ee\\\/#website\",\"url\":\"https:\\\/\\\/www.jaadisain.ee\\\/\",\"name\":\"JAA Disain\",\"description\":\"Valgusreklaamide tootja aastast 1993\",\"publisher\":{\"@id\":\"https:\\\/\\\/www.jaadisain.ee\\\/#organization\"},\"potentialAction\":[{\"@type\":\"SearchAction\",\"target\":{\"@type\":\"EntryPoint\",\"urlTemplate\":\"https:\\\/\\\/www.jaadisain.ee\\\/?s={search_term_string}\"},\"query-input\":{\"@type\":\"PropertyValueSpecification\",\"valueRequired\":true,\"valueName\":\"search_term_string\"}}],\"inLanguage\":\"fi\"},{\"@type\":\"Organization\",\"@id\":\"https:\\\/\\\/www.jaadisain.ee\\\/#organization\",\"name\":\"JAA Disain\",\"url\":\"https:\\\/\\\/www.jaadisain.ee\\\/\",\"logo\":{\"@type\":\"ImageObject\",\"inLanguage\":\"fi\",\"@id\":\"https:\\\/\\\/www.jaadisain.ee\\\/#\\\/schema\\\/logo\\\/image\\\/\",\"url\":\"https:\\\/\\\/www.jaadisain.ee\\\/wp-content\\\/uploads\\\/2016\\\/02\\\/JAA-Disain-logo.jpg\",\"contentUrl\":\"https:\\\/\\\/www.jaadisain.ee\\\/wp-content\\\/uploads\\\/2016\\\/02\\\/JAA-Disain-logo.jpg\",\"width\":443,\"height\":259,\"caption\":\"JAA Disain\"},\"image\":{\"@id\":\"https:\\\/\\\/www.jaadisain.ee\\\/#\\\/schema\\\/logo\\\/image\\\/\"},\"sameAs\":[\"https:\\\/\\\/www.facebook.com\\\/JAA-Disain-156295277734632\\\/timeline\"]}]}<\/script>\n<!-- \/ Yoast SEO plugin. -->","yoast_head_json":{"title":"Ovikilvet, kiinteist\u00f6opasteet ja informaatiotaulut - JAA Disain","description":"Ovikilvet, kiinteist\u00f6opasteet, kiinteist\u00f6opasteet ja informaatiotaulut erilaisista materiaaleista asiakkaan toiveiden mukaan.","robots":{"index":"index","follow":"follow","max-snippet":"max-snippet:-1","max-image-preview":"max-image-preview:large","max-video-preview":"max-video-preview:-1"},"canonical":"https:\/\/www.jaadisain.ee\/fi\/ulkomainokset\/kiinteistojen-sisaopasteet-ja-ovikyltit\/ovikilvet\/","og_locale":"fi_FI","og_type":"article","og_title":"Ovikilvet, kiinteist\u00f6opasteet ja informaatiotaulut - JAA Disain","og_description":"Ovikilvet, kiinteist\u00f6opasteet, kiinteist\u00f6opasteet ja informaatiotaulut erilaisista materiaaleista asiakkaan toiveiden mukaan.","og_url":"https:\/\/www.jaadisain.ee\/fi\/ulkomainokset\/kiinteistojen-sisaopasteet-ja-ovikyltit\/ovikilvet\/","og_site_name":"JAA Disain","article_publisher":"https:\/\/www.facebook.com\/JAA-Disain-156295277734632\/timeline","article_modified_time":"2016-11-03T13:34:35+00:00","og_image":[{"width":444,"height":392,"url":"https:\/\/www.jaadisain.ee\/wp-content\/uploads\/2015\/11\/uksesildid-e1451295897453.jpg","type":"image\/jpeg"}],"twitter_card":"summary_large_image","twitter_misc":{"Arvioitu lukuaika":"1 minuutti"},"schema":{"@context":"https:\/\/schema.org","@graph":[{"@type":"WebPage","@id":"https:\/\/www.jaadisain.ee\/fi\/ulkomainokset\/kiinteistojen-sisaopasteet-ja-ovikyltit\/ovikilvet\/","url":"https:\/\/www.jaadisain.ee\/fi\/ulkomainokset\/kiinteistojen-sisaopasteet-ja-ovikyltit\/ovikilvet\/","name":"Ovikilvet, kiinteist\u00f6opasteet ja informaatiotaulut - JAA Disain","isPartOf":{"@id":"https:\/\/www.jaadisain.ee\/#website"},"primaryImageOfPage":{"@id":"https:\/\/www.jaadisain.ee\/fi\/ulkomainokset\/kiinteistojen-sisaopasteet-ja-ovikyltit\/ovikilvet\/#primaryimage"},"image":{"@id":"https:\/\/www.jaadisain.ee\/fi\/ulkomainokset\/kiinteistojen-sisaopasteet-ja-ovikyltit\/ovikilvet\/#primaryimage"},"thumbnailUrl":"https:\/\/www.jaadisain.ee\/wp-content\/uploads\/2015\/11\/uksesildid-e1451295897453.jpg","datePublished":"2015-11-16T12:18:10+00:00","dateModified":"2016-11-03T13:34:35+00:00","description":"Ovikilvet, kiinteist\u00f6opasteet, kiinteist\u00f6opasteet ja informaatiotaulut erilaisista materiaaleista asiakkaan toiveiden mukaan.","breadcrumb":{"@id":"https:\/\/www.jaadisain.ee\/fi\/ulkomainokset\/kiinteistojen-sisaopasteet-ja-ovikyltit\/ovikilvet\/#breadcrumb"},"inLanguage":"fi","potentialAction":[{"@type":"ReadAction","target":["https:\/\/www.jaadisain.ee\/fi\/ulkomainokset\/kiinteistojen-sisaopasteet-ja-ovikyltit\/ovikilvet\/"]}]},{"@type":"ImageObject","inLanguage":"fi","@id":"https:\/\/www.jaadisain.ee\/fi\/ulkomainokset\/kiinteistojen-sisaopasteet-ja-ovikyltit\/ovikilvet\/#primaryimage","url":"https:\/\/www.jaadisain.ee\/wp-content\/uploads\/2015\/11\/uksesildid-e1451295897453.jpg","contentUrl":"https:\/\/www.jaadisain.ee\/wp-content\/uploads\/2015\/11\/uksesildid-e1451295897453.jpg","width":444,"height":392,"caption":"ovikilvet"},{"@type":"BreadcrumbList","@id":"https:\/\/www.jaadisain.ee\/fi\/ulkomainokset\/kiinteistojen-sisaopasteet-ja-ovikyltit\/ovikilvet\/#breadcrumb","itemListElement":[{"@type":"ListItem","position":1,"name":"Home","item":"https:\/\/www.jaadisain.ee\/fi\/"},{"@type":"ListItem","position":2,"name":"Tuotteet","item":"https:\/\/www.jaadisain.ee\/fi\/ulkomainokset\/"},{"@type":"ListItem","position":3,"name":"Kiinteist\u00f6jen sis\u00e4opasteet ja ovikyltit","item":"https:\/\/www.jaadisain.ee\/fi\/ulkomainokset\/kiinteistojen-sisaopasteet-ja-ovikyltit\/"},{"@type":"ListItem","position":4,"name":"Ovikilvet"}]},{"@type":"WebSite","@id":"https:\/\/www.jaadisain.ee\/#website","url":"https:\/\/www.jaadisain.ee\/","name":"JAA Disain","description":"Valgusreklaamide tootja aastast 1993","publisher":{"@id":"https:\/\/www.jaadisain.ee\/#organization"},"potentialAction":[{"@type":"SearchAction","target":{"@type":"EntryPoint","urlTemplate":"https:\/\/www.jaadisain.ee\/?s={search_term_string}"},"query-input":{"@type":"PropertyValueSpecification","valueRequired":true,"valueName":"search_term_string"}}],"inLanguage":"fi"},{"@type":"Organization","@id":"https:\/\/www.jaadisain.ee\/#organization","name":"JAA Disain","url":"https:\/\/www.jaadisain.ee\/","logo":{"@type":"ImageObject","inLanguage":"fi","@id":"https:\/\/www.jaadisain.ee\/#\/schema\/logo\/image\/","url":"https:\/\/www.jaadisain.ee\/wp-content\/uploads\/2016\/02\/JAA-Disain-logo.jpg","contentUrl":"https:\/\/www.jaadisain.ee\/wp-content\/uploads\/2016\/02\/JAA-Disain-logo.jpg","width":443,"height":259,"caption":"JAA Disain"},"image":{"@id":"https:\/\/www.jaadisain.ee\/#\/schema\/logo\/image\/"},"sameAs":["https:\/\/www.facebook.com\/JAA-Disain-156295277734632\/timeline"]}]}},"_links":{"self":[{"href":"https:\/\/www.jaadisain.ee\/fi\/wp-json\/wp\/v2\/pages\/9022","targetHints":{"allow":["GET"]}}],"collection":[{"href":"https:\/\/www.jaadisain.ee\/fi\/wp-json\/wp\/v2\/pages"}],"about":[{"href":"https:\/\/www.jaadisain.ee\/fi\/wp-json\/wp\/v2\/types\/page"}],"author":[{"embeddable":true,"href":"https:\/\/www.jaadisain.ee\/fi\/wp-json\/wp\/v2\/users\/4"}],"replies":[{"embeddable":true,"href":"https:\/\/www.jaadisain.ee\/fi\/wp-json\/wp\/v2\/comments?post=9022"}],"version-history":[{"count":0,"href":"https:\/\/www.jaadisain.ee\/fi\/wp-json\/wp\/v2\/pages\/9022\/revisions"}],"up":[{"embeddable":true,"href":"https:\/\/www.jaadisain.ee\/fi\/wp-json\/wp\/v2\/pages\/9029"}],"wp:featuredmedia":[{"embeddable":true,"href":"https:\/\/www.jaadisain.ee\/fi\/wp-json\/wp\/v2\/media\/9023"}],"wp:attachment":[{"href":"https:\/\/www.jaadisain.ee\/fi\/wp-json\/wp\/v2\/media?parent=9022"}],"curies":[{"name":"wp","href":"https:\/\/api.w.org\/{rel}","templated":true}]}}