{"id":9020,"date":"2015-11-16T12:18:48","date_gmt":"2015-11-16T12:18:48","guid":{"rendered":"http:\/\/www.jaadisain.ee\/fi\/infotahvlid-2\/"},"modified":"2016-11-03T10:34:02","modified_gmt":"2016-11-03T08:34:02","slug":"informaatiokilvet","status":"publish","type":"page","link":"https:\/\/www.jaadisain.ee\/fi\/ulkomainokset\/kiinteistojen-sisaopasteet-ja-ovikyltit\/informaatiokilvet\/","title":{"rendered":"Informaatiokilvet"},"content":{"rendered":"<p>Informaatiokilvet ja -taulut: mainokset ja tiedotteet kannattaa laittaa tarkoitukseen varattuun kylttiin. Informaatiokilpi\u00e4 k\u00e4ytet\u00e4\u00e4n vaihtelevasti eri aloilla, ja tarpeen mukaan informaatiokylteist\u00e4 voidaan tehd\u00e4 my\u00f6s eritt\u00e4in tehokkaita ja n\u00e4ytt\u00e4vi\u00e4.<\/p>\n<p>Informaatioalustat voidaan jakaa kahteen ryhm\u00e4\u00e4n, eli kiinteisiin sek\u00e4 sellaisiin, joissa kuvattavat tiedot vaihtuvat. Kiinte\u00e4t alustat tehd\u00e4\u00e4n yleens\u00e4 tietyist\u00e4 materiaaleista, mutta toistuvasti vaihdettavia tietoja varten teht\u00e4v\u00e4 alusta voidaan tehd\u00e4 useammallakin eri tavalla. Voidaan k\u00e4ytt\u00e4\u00e4 yksinkertaisia nuppineula-ratkaisuja tai lasilla suojattuja tauluja, jotka toteutetaan edest\u00e4 avattavilla alumiiniprofiileilla.<\/p>\n<p>Informaatiokilpiin voidaan tarvittaessa tehd\u00e4 my\u00f6s akryylilasitaskut, joihin voi laittaa lehtisi\u00e4, alennuskuponkeja tai vaikka k\u00e4yntikortteja.<\/p>\n<p>Jaa Disain valmistaa valomainokset ja my\u00f6s muut mainostuotteet, kuten mainostaulut, mainostarrat ja digitulostukset.<\/p>\n<h2>Informaatiokilvet, k\u00e4ytt\u00f6mahdollisuudet ja referenssit:<\/h2>\n","protected":false},"excerpt":{"rendered":"<p>Informaatiokilvet ja -taulut: mainokset ja tiedotteet kannattaa laittaa tarkoitukseen varattuun kylttiin. Informaatiokilpi\u00e4 k\u00e4ytet\u00e4\u00e4n vaihtelevasti eri aloilla, ja tarpeen mukaan informaatiokylteist\u00e4 voidaan tehd\u00e4 my\u00f6s eritt\u00e4in tehokkaita ja n\u00e4ytt\u00e4vi\u00e4. Informaatioalustat voidaan jakaa kahteen ryhm\u00e4\u00e4n, eli kiinteisiin sek\u00e4 sellaisiin, joissa kuvattavat tiedot vaihtuvat. Kiinte\u00e4t alustat tehd\u00e4\u00e4n yleens\u00e4 tietyist\u00e4 materiaaleista, mutta toistuvasti vaihdettavia tietoja varten teht\u00e4v\u00e4 alusta voidaan tehd\u00e4 [&hellip;]<\/p>\n","protected":false},"author":4,"featured_media":9021,"parent":9029,"menu_order":3,"comment_status":"closed","ping_status":"closed","template":"","meta":{"_acf_changed":false,"footnotes":""},"class_list":["post-9020","page","type-page","status-publish","has-post-thumbnail","hentry"],"acf":[],"yoast_head":"<!-- This site is optimized with the Yoast SEO plugin v27.3 - https:\/\/yoast.com\/product\/yoast-seo-wordpress\/ -->\n<title>Informaatiokilvet, kiinteist\u00f6opasteet ja ovikilvet - JAA Disain<\/title>\n<meta name=\"description\" content=\"Kiinteist\u00f6opasteet, ovikyltit ja informaatiokilvet eri materiaaleista asiakkaan toiveiden mukaan. Lue lis\u00e4\u00e4 ja katso valmiit ty\u00f6t t\u00e4\u00e4lt\u00e4!\" \/>\n<meta name=\"robots\" content=\"index, follow, max-snippet:-1, max-image-preview:large, max-video-preview:-1\" \/>\n<link rel=\"canonical\" href=\"https:\/\/www.jaadisain.ee\/fi\/ulkomainokset\/kiinteistojen-sisaopasteet-ja-ovikyltit\/informaatiokilvet\/\" \/>\n<meta property=\"og:locale\" content=\"fi_FI\" \/>\n<meta property=\"og:type\" content=\"article\" \/>\n<meta property=\"og:title\" content=\"Informaatiokilvet, kiinteist\u00f6opasteet ja ovikilvet - JAA Disain\" \/>\n<meta property=\"og:description\" content=\"Kiinteist\u00f6opasteet, ovikyltit ja informaatiokilvet eri materiaaleista asiakkaan toiveiden mukaan. Lue lis\u00e4\u00e4 ja katso valmiit ty\u00f6t t\u00e4\u00e4lt\u00e4!\" \/>\n<meta property=\"og:url\" content=\"https:\/\/www.jaadisain.ee\/fi\/ulkomainokset\/kiinteistojen-sisaopasteet-ja-ovikyltit\/informaatiokilvet\/\" \/>\n<meta property=\"og:site_name\" content=\"JAA Disain\" \/>\n<meta property=\"article:publisher\" content=\"https:\/\/www.facebook.com\/JAA-Disain-156295277734632\/timeline\" \/>\n<meta property=\"article:modified_time\" content=\"2016-11-03T08:34:02+00:00\" \/>\n<meta property=\"og:image\" content=\"https:\/\/www.jaadisain.ee\/wp-content\/uploads\/2015\/11\/infotahvel-e1451468043984.jpg\" \/>\n\t<meta property=\"og:image:width\" content=\"378\" \/>\n\t<meta property=\"og:image:height\" content=\"270\" \/>\n\t<meta property=\"og:image:type\" content=\"image\/jpeg\" \/>\n<meta name=\"twitter:card\" content=\"summary_large_image\" \/>\n<meta name=\"twitter:label1\" content=\"Arvioitu lukuaika\" \/>\n\t<meta name=\"twitter:data1\" content=\"1 minuutti\" \/>\n<script type=\"application\/ld+json\" class=\"yoast-schema-graph\">{\"@context\":\"https:\\\/\\\/schema.org\",\"@graph\":[{\"@type\":\"WebPage\",\"@id\":\"https:\\\/\\\/www.jaadisain.ee\\\/fi\\\/ulkomainokset\\\/kiinteistojen-sisaopasteet-ja-ovikyltit\\\/informaatiokilvet\\\/\",\"url\":\"https:\\\/\\\/www.jaadisain.ee\\\/fi\\\/ulkomainokset\\\/kiinteistojen-sisaopasteet-ja-ovikyltit\\\/informaatiokilvet\\\/\",\"name\":\"Informaatiokilvet, kiinteist\u00f6opasteet ja ovikilvet - JAA Disain\",\"isPartOf\":{\"@id\":\"https:\\\/\\\/www.jaadisain.ee\\\/#website\"},\"primaryImageOfPage\":{\"@id\":\"https:\\\/\\\/www.jaadisain.ee\\\/fi\\\/ulkomainokset\\\/kiinteistojen-sisaopasteet-ja-ovikyltit\\\/informaatiokilvet\\\/#primaryimage\"},\"image\":{\"@id\":\"https:\\\/\\\/www.jaadisain.ee\\\/fi\\\/ulkomainokset\\\/kiinteistojen-sisaopasteet-ja-ovikyltit\\\/informaatiokilvet\\\/#primaryimage\"},\"thumbnailUrl\":\"https:\\\/\\\/www.jaadisain.ee\\\/wp-content\\\/uploads\\\/2015\\\/11\\\/infotahvel-e1451468043984.jpg\",\"datePublished\":\"2015-11-16T12:18:48+00:00\",\"dateModified\":\"2016-11-03T08:34:02+00:00\",\"description\":\"Kiinteist\u00f6opasteet, ovikyltit ja informaatiokilvet eri materiaaleista asiakkaan toiveiden mukaan. Lue lis\u00e4\u00e4 ja katso valmiit ty\u00f6t t\u00e4\u00e4lt\u00e4!\",\"breadcrumb\":{\"@id\":\"https:\\\/\\\/www.jaadisain.ee\\\/fi\\\/ulkomainokset\\\/kiinteistojen-sisaopasteet-ja-ovikyltit\\\/informaatiokilvet\\\/#breadcrumb\"},\"inLanguage\":\"fi\",\"potentialAction\":[{\"@type\":\"ReadAction\",\"target\":[\"https:\\\/\\\/www.jaadisain.ee\\\/fi\\\/ulkomainokset\\\/kiinteistojen-sisaopasteet-ja-ovikyltit\\\/informaatiokilvet\\\/\"]}]},{\"@type\":\"ImageObject\",\"inLanguage\":\"fi\",\"@id\":\"https:\\\/\\\/www.jaadisain.ee\\\/fi\\\/ulkomainokset\\\/kiinteistojen-sisaopasteet-ja-ovikyltit\\\/informaatiokilvet\\\/#primaryimage\",\"url\":\"https:\\\/\\\/www.jaadisain.ee\\\/wp-content\\\/uploads\\\/2015\\\/11\\\/infotahvel-e1451468043984.jpg\",\"contentUrl\":\"https:\\\/\\\/www.jaadisain.ee\\\/wp-content\\\/uploads\\\/2015\\\/11\\\/infotahvel-e1451468043984.jpg\",\"width\":378,\"height\":270,\"caption\":\"informaatiokilvet\"},{\"@type\":\"BreadcrumbList\",\"@id\":\"https:\\\/\\\/www.jaadisain.ee\\\/fi\\\/ulkomainokset\\\/kiinteistojen-sisaopasteet-ja-ovikyltit\\\/informaatiokilvet\\\/#breadcrumb\",\"itemListElement\":[{\"@type\":\"ListItem\",\"position\":1,\"name\":\"Home\",\"item\":\"https:\\\/\\\/www.jaadisain.ee\\\/fi\\\/\"},{\"@type\":\"ListItem\",\"position\":2,\"name\":\"Tuotteet\",\"item\":\"https:\\\/\\\/www.jaadisain.ee\\\/fi\\\/ulkomainokset\\\/\"},{\"@type\":\"ListItem\",\"position\":3,\"name\":\"Kiinteist\u00f6jen sis\u00e4opasteet ja ovikyltit\",\"item\":\"https:\\\/\\\/www.jaadisain.ee\\\/fi\\\/ulkomainokset\\\/kiinteistojen-sisaopasteet-ja-ovikyltit\\\/\"},{\"@type\":\"ListItem\",\"position\":4,\"name\":\"Informaatiokilvet\"}]},{\"@type\":\"WebSite\",\"@id\":\"https:\\\/\\\/www.jaadisain.ee\\\/#website\",\"url\":\"https:\\\/\\\/www.jaadisain.ee\\\/\",\"name\":\"JAA Disain\",\"description\":\"Valgusreklaamide tootja aastast 1993\",\"publisher\":{\"@id\":\"https:\\\/\\\/www.jaadisain.ee\\\/#organization\"},\"potentialAction\":[{\"@type\":\"SearchAction\",\"target\":{\"@type\":\"EntryPoint\",\"urlTemplate\":\"https:\\\/\\\/www.jaadisain.ee\\\/?s={search_term_string}\"},\"query-input\":{\"@type\":\"PropertyValueSpecification\",\"valueRequired\":true,\"valueName\":\"search_term_string\"}}],\"inLanguage\":\"fi\"},{\"@type\":\"Organization\",\"@id\":\"https:\\\/\\\/www.jaadisain.ee\\\/#organization\",\"name\":\"JAA Disain\",\"url\":\"https:\\\/\\\/www.jaadisain.ee\\\/\",\"logo\":{\"@type\":\"ImageObject\",\"inLanguage\":\"fi\",\"@id\":\"https:\\\/\\\/www.jaadisain.ee\\\/#\\\/schema\\\/logo\\\/image\\\/\",\"url\":\"https:\\\/\\\/www.jaadisain.ee\\\/wp-content\\\/uploads\\\/2016\\\/02\\\/JAA-Disain-logo.jpg\",\"contentUrl\":\"https:\\\/\\\/www.jaadisain.ee\\\/wp-content\\\/uploads\\\/2016\\\/02\\\/JAA-Disain-logo.jpg\",\"width\":443,\"height\":259,\"caption\":\"JAA Disain\"},\"image\":{\"@id\":\"https:\\\/\\\/www.jaadisain.ee\\\/#\\\/schema\\\/logo\\\/image\\\/\"},\"sameAs\":[\"https:\\\/\\\/www.facebook.com\\\/JAA-Disain-156295277734632\\\/timeline\"]}]}<\/script>\n<!-- \/ Yoast SEO plugin. -->","yoast_head_json":{"title":"Informaatiokilvet, kiinteist\u00f6opasteet ja ovikilvet - JAA Disain","description":"Kiinteist\u00f6opasteet, ovikyltit ja informaatiokilvet eri materiaaleista asiakkaan toiveiden mukaan. Lue lis\u00e4\u00e4 ja katso valmiit ty\u00f6t t\u00e4\u00e4lt\u00e4!","robots":{"index":"index","follow":"follow","max-snippet":"max-snippet:-1","max-image-preview":"max-image-preview:large","max-video-preview":"max-video-preview:-1"},"canonical":"https:\/\/www.jaadisain.ee\/fi\/ulkomainokset\/kiinteistojen-sisaopasteet-ja-ovikyltit\/informaatiokilvet\/","og_locale":"fi_FI","og_type":"article","og_title":"Informaatiokilvet, kiinteist\u00f6opasteet ja ovikilvet - JAA Disain","og_description":"Kiinteist\u00f6opasteet, ovikyltit ja informaatiokilvet eri materiaaleista asiakkaan toiveiden mukaan. Lue lis\u00e4\u00e4 ja katso valmiit ty\u00f6t t\u00e4\u00e4lt\u00e4!","og_url":"https:\/\/www.jaadisain.ee\/fi\/ulkomainokset\/kiinteistojen-sisaopasteet-ja-ovikyltit\/informaatiokilvet\/","og_site_name":"JAA Disain","article_publisher":"https:\/\/www.facebook.com\/JAA-Disain-156295277734632\/timeline","article_modified_time":"2016-11-03T08:34:02+00:00","og_image":[{"width":378,"height":270,"url":"https:\/\/www.jaadisain.ee\/wp-content\/uploads\/2015\/11\/infotahvel-e1451468043984.jpg","type":"image\/jpeg"}],"twitter_card":"summary_large_image","twitter_misc":{"Arvioitu lukuaika":"1 minuutti"},"schema":{"@context":"https:\/\/schema.org","@graph":[{"@type":"WebPage","@id":"https:\/\/www.jaadisain.ee\/fi\/ulkomainokset\/kiinteistojen-sisaopasteet-ja-ovikyltit\/informaatiokilvet\/","url":"https:\/\/www.jaadisain.ee\/fi\/ulkomainokset\/kiinteistojen-sisaopasteet-ja-ovikyltit\/informaatiokilvet\/","name":"Informaatiokilvet, kiinteist\u00f6opasteet ja ovikilvet - JAA Disain","isPartOf":{"@id":"https:\/\/www.jaadisain.ee\/#website"},"primaryImageOfPage":{"@id":"https:\/\/www.jaadisain.ee\/fi\/ulkomainokset\/kiinteistojen-sisaopasteet-ja-ovikyltit\/informaatiokilvet\/#primaryimage"},"image":{"@id":"https:\/\/www.jaadisain.ee\/fi\/ulkomainokset\/kiinteistojen-sisaopasteet-ja-ovikyltit\/informaatiokilvet\/#primaryimage"},"thumbnailUrl":"https:\/\/www.jaadisain.ee\/wp-content\/uploads\/2015\/11\/infotahvel-e1451468043984.jpg","datePublished":"2015-11-16T12:18:48+00:00","dateModified":"2016-11-03T08:34:02+00:00","description":"Kiinteist\u00f6opasteet, ovikyltit ja informaatiokilvet eri materiaaleista asiakkaan toiveiden mukaan. Lue lis\u00e4\u00e4 ja katso valmiit ty\u00f6t t\u00e4\u00e4lt\u00e4!","breadcrumb":{"@id":"https:\/\/www.jaadisain.ee\/fi\/ulkomainokset\/kiinteistojen-sisaopasteet-ja-ovikyltit\/informaatiokilvet\/#breadcrumb"},"inLanguage":"fi","potentialAction":[{"@type":"ReadAction","target":["https:\/\/www.jaadisain.ee\/fi\/ulkomainokset\/kiinteistojen-sisaopasteet-ja-ovikyltit\/informaatiokilvet\/"]}]},{"@type":"ImageObject","inLanguage":"fi","@id":"https:\/\/www.jaadisain.ee\/fi\/ulkomainokset\/kiinteistojen-sisaopasteet-ja-ovikyltit\/informaatiokilvet\/#primaryimage","url":"https:\/\/www.jaadisain.ee\/wp-content\/uploads\/2015\/11\/infotahvel-e1451468043984.jpg","contentUrl":"https:\/\/www.jaadisain.ee\/wp-content\/uploads\/2015\/11\/infotahvel-e1451468043984.jpg","width":378,"height":270,"caption":"informaatiokilvet"},{"@type":"BreadcrumbList","@id":"https:\/\/www.jaadisain.ee\/fi\/ulkomainokset\/kiinteistojen-sisaopasteet-ja-ovikyltit\/informaatiokilvet\/#breadcrumb","itemListElement":[{"@type":"ListItem","position":1,"name":"Home","item":"https:\/\/www.jaadisain.ee\/fi\/"},{"@type":"ListItem","position":2,"name":"Tuotteet","item":"https:\/\/www.jaadisain.ee\/fi\/ulkomainokset\/"},{"@type":"ListItem","position":3,"name":"Kiinteist\u00f6jen sis\u00e4opasteet ja ovikyltit","item":"https:\/\/www.jaadisain.ee\/fi\/ulkomainokset\/kiinteistojen-sisaopasteet-ja-ovikyltit\/"},{"@type":"ListItem","position":4,"name":"Informaatiokilvet"}]},{"@type":"WebSite","@id":"https:\/\/www.jaadisain.ee\/#website","url":"https:\/\/www.jaadisain.ee\/","name":"JAA Disain","description":"Valgusreklaamide tootja aastast 1993","publisher":{"@id":"https:\/\/www.jaadisain.ee\/#organization"},"potentialAction":[{"@type":"SearchAction","target":{"@type":"EntryPoint","urlTemplate":"https:\/\/www.jaadisain.ee\/?s={search_term_string}"},"query-input":{"@type":"PropertyValueSpecification","valueRequired":true,"valueName":"search_term_string"}}],"inLanguage":"fi"},{"@type":"Organization","@id":"https:\/\/www.jaadisain.ee\/#organization","name":"JAA Disain","url":"https:\/\/www.jaadisain.ee\/","logo":{"@type":"ImageObject","inLanguage":"fi","@id":"https:\/\/www.jaadisain.ee\/#\/schema\/logo\/image\/","url":"https:\/\/www.jaadisain.ee\/wp-content\/uploads\/2016\/02\/JAA-Disain-logo.jpg","contentUrl":"https:\/\/www.jaadisain.ee\/wp-content\/uploads\/2016\/02\/JAA-Disain-logo.jpg","width":443,"height":259,"caption":"JAA Disain"},"image":{"@id":"https:\/\/www.jaadisain.ee\/#\/schema\/logo\/image\/"},"sameAs":["https:\/\/www.facebook.com\/JAA-Disain-156295277734632\/timeline"]}]}},"_links":{"self":[{"href":"https:\/\/www.jaadisain.ee\/fi\/wp-json\/wp\/v2\/pages\/9020","targetHints":{"allow":["GET"]}}],"collection":[{"href":"https:\/\/www.jaadisain.ee\/fi\/wp-json\/wp\/v2\/pages"}],"about":[{"href":"https:\/\/www.jaadisain.ee\/fi\/wp-json\/wp\/v2\/types\/page"}],"author":[{"embeddable":true,"href":"https:\/\/www.jaadisain.ee\/fi\/wp-json\/wp\/v2\/users\/4"}],"replies":[{"embeddable":true,"href":"https:\/\/www.jaadisain.ee\/fi\/wp-json\/wp\/v2\/comments?post=9020"}],"version-history":[{"count":0,"href":"https:\/\/www.jaadisain.ee\/fi\/wp-json\/wp\/v2\/pages\/9020\/revisions"}],"up":[{"embeddable":true,"href":"https:\/\/www.jaadisain.ee\/fi\/wp-json\/wp\/v2\/pages\/9029"}],"wp:featuredmedia":[{"embeddable":true,"href":"https:\/\/www.jaadisain.ee\/fi\/wp-json\/wp\/v2\/media\/9021"}],"wp:attachment":[{"href":"https:\/\/www.jaadisain.ee\/fi\/wp-json\/wp\/v2\/media?parent=9020"}],"curies":[{"name":"wp","href":"https:\/\/api.w.org\/{rel}","templated":true}]}}