{"id":9018,"date":"2015-11-16T12:19:25","date_gmt":"2015-11-16T12:19:25","guid":{"rendered":"http:\/\/www.jaadisain.ee\/fi\/territooriumijuhid\/"},"modified":"2016-11-03T15:30:01","modified_gmt":"2016-11-03T13:30:01","slug":"julkisivuopasteet","status":"publish","type":"page","link":"https:\/\/www.jaadisain.ee\/fi\/ulkomainokset\/kiinteistojen-sisaopasteet-ja-ovikyltit\/julkisivuopasteet\/","title":{"rendered":"Julkisivuopasteet"},"content":{"rendered":"<p>Kiinteist\u00f6jen julkisivuopasteet: suurilla alueilla kannattaa kiinnitt\u00e4\u00e4 erityist\u00e4 huomiota liikkumisen asiakasyst\u00e4v\u00e4llisyyteen. Jos asiakkaalta kuluu paljon arvokasta ty\u00f6aikaa rakennuksesta toiseen liikkumiseen ja oikean oven etsimiseen, h\u00e4n todenn\u00e4k\u00f6isesti my\u00f6h\u00e4styy sovitusta tapauksesta ja on huonolla tuulella. Sill\u00e4 voi olla seurauksia p\u00e4\u00e4t\u00f6ksenteossa &#8211; yrityksesi vahingoksi. Seuraavalla kerralla asiakas ei v\u00e4ltt\u00e4m\u00e4tt\u00e4 edes l\u00f6yd\u00e4 perille, koska kilpailevalla yrityksell\u00e4 on kaikki tarvittavat julkisivuopasteet, ovikyltit ja informaatiokilvet eli kaikki se, mit\u00e4 suurilla alueilla on oltava.<\/p>\n<p>Kaikki julkisivuopasteet kannattaa tehd\u00e4 siten, ett\u00e4 ne voidaan tarvittaessa irrottaa ja ottaa mukaan.<\/p>\n<h2>Julkisivuopasteet, k\u00e4ytt\u00f6mahdollisuudet ja referenssit:<\/h2>\n","protected":false},"excerpt":{"rendered":"<p>Kiinteist\u00f6jen julkisivuopasteet: suurilla alueilla kannattaa kiinnitt\u00e4\u00e4 erityist\u00e4 huomiota liikkumisen asiakasyst\u00e4v\u00e4llisyyteen. Jos asiakkaalta kuluu paljon arvokasta ty\u00f6aikaa rakennuksesta toiseen liikkumiseen ja oikean oven etsimiseen, h\u00e4n todenn\u00e4k\u00f6isesti my\u00f6h\u00e4styy sovitusta tapauksesta ja on huonolla tuulella. Sill\u00e4 voi olla seurauksia p\u00e4\u00e4t\u00f6ksenteossa &#8211; yrityksesi vahingoksi. Seuraavalla kerralla asiakas ei v\u00e4ltt\u00e4m\u00e4tt\u00e4 edes l\u00f6yd\u00e4 perille, koska kilpailevalla yrityksell\u00e4 on kaikki tarvittavat julkisivuopasteet, [&hellip;]<\/p>\n","protected":false},"author":4,"featured_media":9019,"parent":9029,"menu_order":4,"comment_status":"closed","ping_status":"closed","template":"","meta":{"_acf_changed":false,"footnotes":""},"class_list":["post-9018","page","type-page","status-publish","has-post-thumbnail","hentry"],"acf":[],"yoast_head":"<!-- This site is optimized with the Yoast SEO plugin v27.3 - https:\/\/yoast.com\/product\/yoast-seo-wordpress\/ -->\n<title>Julkisivuopasteet, informaatiotaulut - JAA Disain O\u00dc<\/title>\n<meta name=\"description\" content=\"Julkisivuopasteet, ovikyltit, kiinteist\u00f6opasteet ja informaatiotaulut erilaisista materiaaleista asiakkaan toiveiden mukaan.\" \/>\n<meta name=\"robots\" content=\"index, follow, max-snippet:-1, max-image-preview:large, max-video-preview:-1\" \/>\n<link rel=\"canonical\" href=\"https:\/\/www.jaadisain.ee\/fi\/ulkomainokset\/kiinteistojen-sisaopasteet-ja-ovikyltit\/julkisivuopasteet\/\" \/>\n<meta property=\"og:locale\" content=\"fi_FI\" \/>\n<meta property=\"og:type\" content=\"article\" \/>\n<meta property=\"og:title\" content=\"Julkisivuopasteet, informaatiotaulut - JAA Disain O\u00dc\" \/>\n<meta property=\"og:description\" content=\"Julkisivuopasteet, ovikyltit, kiinteist\u00f6opasteet ja informaatiotaulut erilaisista materiaaleista asiakkaan toiveiden mukaan.\" \/>\n<meta property=\"og:url\" content=\"https:\/\/www.jaadisain.ee\/fi\/ulkomainokset\/kiinteistojen-sisaopasteet-ja-ovikyltit\/julkisivuopasteet\/\" \/>\n<meta property=\"og:site_name\" content=\"JAA Disain\" \/>\n<meta property=\"article:publisher\" content=\"https:\/\/www.facebook.com\/JAA-Disain-156295277734632\/timeline\" \/>\n<meta property=\"article:modified_time\" content=\"2016-11-03T13:30:01+00:00\" \/>\n<meta property=\"og:image\" content=\"https:\/\/www.jaadisain.ee\/wp-content\/uploads\/2015\/11\/territooriumijuht.jpg\" \/>\n\t<meta property=\"og:image:width\" content=\"800\" \/>\n\t<meta property=\"og:image:height\" content=\"533\" \/>\n\t<meta property=\"og:image:type\" content=\"image\/jpeg\" \/>\n<meta name=\"twitter:card\" content=\"summary_large_image\" \/>\n<meta name=\"twitter:label1\" content=\"Arvioitu lukuaika\" \/>\n\t<meta name=\"twitter:data1\" content=\"1 minuutti\" \/>\n<script type=\"application\/ld+json\" class=\"yoast-schema-graph\">{\"@context\":\"https:\\\/\\\/schema.org\",\"@graph\":[{\"@type\":\"WebPage\",\"@id\":\"https:\\\/\\\/www.jaadisain.ee\\\/fi\\\/ulkomainokset\\\/kiinteistojen-sisaopasteet-ja-ovikyltit\\\/julkisivuopasteet\\\/\",\"url\":\"https:\\\/\\\/www.jaadisain.ee\\\/fi\\\/ulkomainokset\\\/kiinteistojen-sisaopasteet-ja-ovikyltit\\\/julkisivuopasteet\\\/\",\"name\":\"Julkisivuopasteet, informaatiotaulut - JAA Disain O\u00dc\",\"isPartOf\":{\"@id\":\"https:\\\/\\\/www.jaadisain.ee\\\/#website\"},\"primaryImageOfPage\":{\"@id\":\"https:\\\/\\\/www.jaadisain.ee\\\/fi\\\/ulkomainokset\\\/kiinteistojen-sisaopasteet-ja-ovikyltit\\\/julkisivuopasteet\\\/#primaryimage\"},\"image\":{\"@id\":\"https:\\\/\\\/www.jaadisain.ee\\\/fi\\\/ulkomainokset\\\/kiinteistojen-sisaopasteet-ja-ovikyltit\\\/julkisivuopasteet\\\/#primaryimage\"},\"thumbnailUrl\":\"https:\\\/\\\/www.jaadisain.ee\\\/wp-content\\\/uploads\\\/2015\\\/11\\\/territooriumijuht.jpg\",\"datePublished\":\"2015-11-16T12:19:25+00:00\",\"dateModified\":\"2016-11-03T13:30:01+00:00\",\"description\":\"Julkisivuopasteet, ovikyltit, kiinteist\u00f6opasteet ja informaatiotaulut erilaisista materiaaleista asiakkaan toiveiden mukaan.\",\"breadcrumb\":{\"@id\":\"https:\\\/\\\/www.jaadisain.ee\\\/fi\\\/ulkomainokset\\\/kiinteistojen-sisaopasteet-ja-ovikyltit\\\/julkisivuopasteet\\\/#breadcrumb\"},\"inLanguage\":\"fi\",\"potentialAction\":[{\"@type\":\"ReadAction\",\"target\":[\"https:\\\/\\\/www.jaadisain.ee\\\/fi\\\/ulkomainokset\\\/kiinteistojen-sisaopasteet-ja-ovikyltit\\\/julkisivuopasteet\\\/\"]}]},{\"@type\":\"ImageObject\",\"inLanguage\":\"fi\",\"@id\":\"https:\\\/\\\/www.jaadisain.ee\\\/fi\\\/ulkomainokset\\\/kiinteistojen-sisaopasteet-ja-ovikyltit\\\/julkisivuopasteet\\\/#primaryimage\",\"url\":\"https:\\\/\\\/www.jaadisain.ee\\\/wp-content\\\/uploads\\\/2015\\\/11\\\/territooriumijuht.jpg\",\"contentUrl\":\"https:\\\/\\\/www.jaadisain.ee\\\/wp-content\\\/uploads\\\/2015\\\/11\\\/territooriumijuht.jpg\",\"width\":800,\"height\":533,\"caption\":\"julkisivuopasteet\"},{\"@type\":\"BreadcrumbList\",\"@id\":\"https:\\\/\\\/www.jaadisain.ee\\\/fi\\\/ulkomainokset\\\/kiinteistojen-sisaopasteet-ja-ovikyltit\\\/julkisivuopasteet\\\/#breadcrumb\",\"itemListElement\":[{\"@type\":\"ListItem\",\"position\":1,\"name\":\"Home\",\"item\":\"https:\\\/\\\/www.jaadisain.ee\\\/fi\\\/\"},{\"@type\":\"ListItem\",\"position\":2,\"name\":\"Tuotteet\",\"item\":\"https:\\\/\\\/www.jaadisain.ee\\\/fi\\\/ulkomainokset\\\/\"},{\"@type\":\"ListItem\",\"position\":3,\"name\":\"Kiinteist\u00f6jen sis\u00e4opasteet ja ovikyltit\",\"item\":\"https:\\\/\\\/www.jaadisain.ee\\\/fi\\\/ulkomainokset\\\/kiinteistojen-sisaopasteet-ja-ovikyltit\\\/\"},{\"@type\":\"ListItem\",\"position\":4,\"name\":\"Julkisivuopasteet\"}]},{\"@type\":\"WebSite\",\"@id\":\"https:\\\/\\\/www.jaadisain.ee\\\/#website\",\"url\":\"https:\\\/\\\/www.jaadisain.ee\\\/\",\"name\":\"JAA Disain\",\"description\":\"Valgusreklaamide tootja aastast 1993\",\"publisher\":{\"@id\":\"https:\\\/\\\/www.jaadisain.ee\\\/#organization\"},\"potentialAction\":[{\"@type\":\"SearchAction\",\"target\":{\"@type\":\"EntryPoint\",\"urlTemplate\":\"https:\\\/\\\/www.jaadisain.ee\\\/?s={search_term_string}\"},\"query-input\":{\"@type\":\"PropertyValueSpecification\",\"valueRequired\":true,\"valueName\":\"search_term_string\"}}],\"inLanguage\":\"fi\"},{\"@type\":\"Organization\",\"@id\":\"https:\\\/\\\/www.jaadisain.ee\\\/#organization\",\"name\":\"JAA Disain\",\"url\":\"https:\\\/\\\/www.jaadisain.ee\\\/\",\"logo\":{\"@type\":\"ImageObject\",\"inLanguage\":\"fi\",\"@id\":\"https:\\\/\\\/www.jaadisain.ee\\\/#\\\/schema\\\/logo\\\/image\\\/\",\"url\":\"https:\\\/\\\/www.jaadisain.ee\\\/wp-content\\\/uploads\\\/2016\\\/02\\\/JAA-Disain-logo.jpg\",\"contentUrl\":\"https:\\\/\\\/www.jaadisain.ee\\\/wp-content\\\/uploads\\\/2016\\\/02\\\/JAA-Disain-logo.jpg\",\"width\":443,\"height\":259,\"caption\":\"JAA Disain\"},\"image\":{\"@id\":\"https:\\\/\\\/www.jaadisain.ee\\\/#\\\/schema\\\/logo\\\/image\\\/\"},\"sameAs\":[\"https:\\\/\\\/www.facebook.com\\\/JAA-Disain-156295277734632\\\/timeline\"]}]}<\/script>\n<!-- \/ Yoast SEO plugin. -->","yoast_head_json":{"title":"Julkisivuopasteet, informaatiotaulut - JAA Disain O\u00dc","description":"Julkisivuopasteet, ovikyltit, kiinteist\u00f6opasteet ja informaatiotaulut erilaisista materiaaleista asiakkaan toiveiden mukaan.","robots":{"index":"index","follow":"follow","max-snippet":"max-snippet:-1","max-image-preview":"max-image-preview:large","max-video-preview":"max-video-preview:-1"},"canonical":"https:\/\/www.jaadisain.ee\/fi\/ulkomainokset\/kiinteistojen-sisaopasteet-ja-ovikyltit\/julkisivuopasteet\/","og_locale":"fi_FI","og_type":"article","og_title":"Julkisivuopasteet, informaatiotaulut - JAA Disain O\u00dc","og_description":"Julkisivuopasteet, ovikyltit, kiinteist\u00f6opasteet ja informaatiotaulut erilaisista materiaaleista asiakkaan toiveiden mukaan.","og_url":"https:\/\/www.jaadisain.ee\/fi\/ulkomainokset\/kiinteistojen-sisaopasteet-ja-ovikyltit\/julkisivuopasteet\/","og_site_name":"JAA Disain","article_publisher":"https:\/\/www.facebook.com\/JAA-Disain-156295277734632\/timeline","article_modified_time":"2016-11-03T13:30:01+00:00","og_image":[{"width":800,"height":533,"url":"https:\/\/www.jaadisain.ee\/wp-content\/uploads\/2015\/11\/territooriumijuht.jpg","type":"image\/jpeg"}],"twitter_card":"summary_large_image","twitter_misc":{"Arvioitu lukuaika":"1 minuutti"},"schema":{"@context":"https:\/\/schema.org","@graph":[{"@type":"WebPage","@id":"https:\/\/www.jaadisain.ee\/fi\/ulkomainokset\/kiinteistojen-sisaopasteet-ja-ovikyltit\/julkisivuopasteet\/","url":"https:\/\/www.jaadisain.ee\/fi\/ulkomainokset\/kiinteistojen-sisaopasteet-ja-ovikyltit\/julkisivuopasteet\/","name":"Julkisivuopasteet, informaatiotaulut - JAA Disain O\u00dc","isPartOf":{"@id":"https:\/\/www.jaadisain.ee\/#website"},"primaryImageOfPage":{"@id":"https:\/\/www.jaadisain.ee\/fi\/ulkomainokset\/kiinteistojen-sisaopasteet-ja-ovikyltit\/julkisivuopasteet\/#primaryimage"},"image":{"@id":"https:\/\/www.jaadisain.ee\/fi\/ulkomainokset\/kiinteistojen-sisaopasteet-ja-ovikyltit\/julkisivuopasteet\/#primaryimage"},"thumbnailUrl":"https:\/\/www.jaadisain.ee\/wp-content\/uploads\/2015\/11\/territooriumijuht.jpg","datePublished":"2015-11-16T12:19:25+00:00","dateModified":"2016-11-03T13:30:01+00:00","description":"Julkisivuopasteet, ovikyltit, kiinteist\u00f6opasteet ja informaatiotaulut erilaisista materiaaleista asiakkaan toiveiden mukaan.","breadcrumb":{"@id":"https:\/\/www.jaadisain.ee\/fi\/ulkomainokset\/kiinteistojen-sisaopasteet-ja-ovikyltit\/julkisivuopasteet\/#breadcrumb"},"inLanguage":"fi","potentialAction":[{"@type":"ReadAction","target":["https:\/\/www.jaadisain.ee\/fi\/ulkomainokset\/kiinteistojen-sisaopasteet-ja-ovikyltit\/julkisivuopasteet\/"]}]},{"@type":"ImageObject","inLanguage":"fi","@id":"https:\/\/www.jaadisain.ee\/fi\/ulkomainokset\/kiinteistojen-sisaopasteet-ja-ovikyltit\/julkisivuopasteet\/#primaryimage","url":"https:\/\/www.jaadisain.ee\/wp-content\/uploads\/2015\/11\/territooriumijuht.jpg","contentUrl":"https:\/\/www.jaadisain.ee\/wp-content\/uploads\/2015\/11\/territooriumijuht.jpg","width":800,"height":533,"caption":"julkisivuopasteet"},{"@type":"BreadcrumbList","@id":"https:\/\/www.jaadisain.ee\/fi\/ulkomainokset\/kiinteistojen-sisaopasteet-ja-ovikyltit\/julkisivuopasteet\/#breadcrumb","itemListElement":[{"@type":"ListItem","position":1,"name":"Home","item":"https:\/\/www.jaadisain.ee\/fi\/"},{"@type":"ListItem","position":2,"name":"Tuotteet","item":"https:\/\/www.jaadisain.ee\/fi\/ulkomainokset\/"},{"@type":"ListItem","position":3,"name":"Kiinteist\u00f6jen sis\u00e4opasteet ja ovikyltit","item":"https:\/\/www.jaadisain.ee\/fi\/ulkomainokset\/kiinteistojen-sisaopasteet-ja-ovikyltit\/"},{"@type":"ListItem","position":4,"name":"Julkisivuopasteet"}]},{"@type":"WebSite","@id":"https:\/\/www.jaadisain.ee\/#website","url":"https:\/\/www.jaadisain.ee\/","name":"JAA Disain","description":"Valgusreklaamide tootja aastast 1993","publisher":{"@id":"https:\/\/www.jaadisain.ee\/#organization"},"potentialAction":[{"@type":"SearchAction","target":{"@type":"EntryPoint","urlTemplate":"https:\/\/www.jaadisain.ee\/?s={search_term_string}"},"query-input":{"@type":"PropertyValueSpecification","valueRequired":true,"valueName":"search_term_string"}}],"inLanguage":"fi"},{"@type":"Organization","@id":"https:\/\/www.jaadisain.ee\/#organization","name":"JAA Disain","url":"https:\/\/www.jaadisain.ee\/","logo":{"@type":"ImageObject","inLanguage":"fi","@id":"https:\/\/www.jaadisain.ee\/#\/schema\/logo\/image\/","url":"https:\/\/www.jaadisain.ee\/wp-content\/uploads\/2016\/02\/JAA-Disain-logo.jpg","contentUrl":"https:\/\/www.jaadisain.ee\/wp-content\/uploads\/2016\/02\/JAA-Disain-logo.jpg","width":443,"height":259,"caption":"JAA Disain"},"image":{"@id":"https:\/\/www.jaadisain.ee\/#\/schema\/logo\/image\/"},"sameAs":["https:\/\/www.facebook.com\/JAA-Disain-156295277734632\/timeline"]}]}},"_links":{"self":[{"href":"https:\/\/www.jaadisain.ee\/fi\/wp-json\/wp\/v2\/pages\/9018","targetHints":{"allow":["GET"]}}],"collection":[{"href":"https:\/\/www.jaadisain.ee\/fi\/wp-json\/wp\/v2\/pages"}],"about":[{"href":"https:\/\/www.jaadisain.ee\/fi\/wp-json\/wp\/v2\/types\/page"}],"author":[{"embeddable":true,"href":"https:\/\/www.jaadisain.ee\/fi\/wp-json\/wp\/v2\/users\/4"}],"replies":[{"embeddable":true,"href":"https:\/\/www.jaadisain.ee\/fi\/wp-json\/wp\/v2\/comments?post=9018"}],"version-history":[{"count":0,"href":"https:\/\/www.jaadisain.ee\/fi\/wp-json\/wp\/v2\/pages\/9018\/revisions"}],"up":[{"embeddable":true,"href":"https:\/\/www.jaadisain.ee\/fi\/wp-json\/wp\/v2\/pages\/9029"}],"wp:featuredmedia":[{"embeddable":true,"href":"https:\/\/www.jaadisain.ee\/fi\/wp-json\/wp\/v2\/media\/9019"}],"wp:attachment":[{"href":"https:\/\/www.jaadisain.ee\/fi\/wp-json\/wp\/v2\/media?parent=9018"}],"curies":[{"name":"wp","href":"https:\/\/api.w.org\/{rel}","templated":true}]}}