{"id":8835,"date":"2015-11-21T17:31:29","date_gmt":"2015-11-21T17:31:29","guid":{"rendered":"http:\/\/www.jaadisain.ee\/fi\/valireklaam-liviko-alcostore\/"},"modified":"2016-11-02T11:38:27","modified_gmt":"2016-11-02T09:38:27","slug":"livikon-alcostoren-ulkomainos","status":"publish","type":"page","link":"https:\/\/www.jaadisain.ee\/fi\/ulkomainokset\/irtokirjainvalomainokset\/eteenpain-valaisevat-irtokirjainvalomainokset\/livikon-alcostoren-ulkomainos\/","title":{"rendered":"Livikon Alcostoren ulkomainos"},"content":{"rendered":"<h2>Ulkomainos<\/h2>\n<p>Ulkomainos on valmistettu eteen ja taakse p\u00e4in valaistuilla erillisill\u00e4 irtokirjainvalomainoksilla. Kirjaimet on tehty alumiinista ja jauhemaalattu. Etupinta on tehty erityisest\u00e4, ledivaloille tarkoitusta opaalilasista, joka on kiilt\u00e4v\u00e4mp\u00e4\u00e4 ja valaisee tavanomaista opaalilasia paremmin. Mainoksen keskell\u00e4 oleva logo on tehty piirturilla leikaten mainostarroista, jotka on asennettu mainokseen siirtomuovin avulla. Kirjainten sis\u00e4pinnat on maalattu valkoisiksi. N\u00e4in valo heijastuu tehokkaammin mainoksen etupintaan. Kirjaimet on valaistu sis\u00e4lt\u00e4 ledeill\u00e4, jotka on asennettu runkoon kirjainten etupinnan alle. Irtokirjainvalomainokset on asennettu jauhemaalattuihin alumiinikiskoihin, joiden sis\u00e4ll\u00e4 on asennuskaapelit, joiden avulla mainos on kiinnitetty sein\u00e4\u00e4n.<\/p>\n<h2>LIVIKO ALCOSTORE<\/h2>\n<p><strong>Mitat:<\/strong> 3400 x 400 mm<br \/>\n<strong>Sijainti:<\/strong> Liviko Alcostore, Mere pst. 6, Tallinna<\/p>\n<p>&nbsp;<\/p>\n","protected":false},"excerpt":{"rendered":"<p>Ulkomainos Ulkomainos on valmistettu eteen ja taakse p\u00e4in valaistuilla erillisill\u00e4 irtokirjainvalomainoksilla. Kirjaimet on tehty alumiinista ja jauhemaalattu. Etupinta on tehty erityisest\u00e4, ledivaloille tarkoitusta opaalilasista, joka on kiilt\u00e4v\u00e4mp\u00e4\u00e4 ja valaisee tavanomaista opaalilasia paremmin. Mainoksen keskell\u00e4 oleva logo on tehty piirturilla leikaten mainostarroista, jotka on asennettu mainokseen siirtomuovin avulla. Kirjainten sis\u00e4pinnat on maalattu valkoisiksi. N\u00e4in valo heijastuu [&hellip;]<\/p>\n","protected":false},"author":4,"featured_media":8836,"parent":9114,"menu_order":3,"comment_status":"closed","ping_status":"closed","template":"","meta":{"_acf_changed":false,"footnotes":""},"class_list":["post-8835","page","type-page","status-publish","has-post-thumbnail","hentry"],"acf":[],"yoast_head":"<!-- This site is optimized with the Yoast SEO plugin v27.3 - https:\/\/yoast.com\/product\/yoast-seo-wordpress\/ -->\n<title>Ulkomainos eteenp\u00e4in valaisevista led-kirjaimista myym\u00e4l\u00e4n sein\u00e4ss\u00e4<\/title>\n<meta name=\"description\" content=\"Ulkomainos eteenp\u00e4in valaisevat LED-irtokirjaimet myym\u00e4l\u00e4n sein\u00e4ss\u00e4 on tehty alumiinista energiaa s\u00e4\u00e4st\u00e4v\u00e4ll\u00e4 menetelm\u00e4ll\u00e4.\" \/>\n<meta name=\"robots\" content=\"index, follow, max-snippet:-1, max-image-preview:large, max-video-preview:-1\" \/>\n<link rel=\"canonical\" href=\"https:\/\/www.jaadisain.ee\/fi\/ulkomainokset\/irtokirjainvalomainokset\/eteenpain-valaisevat-irtokirjainvalomainokset\/livikon-alcostoren-ulkomainos\/\" \/>\n<meta property=\"og:locale\" content=\"fi_FI\" \/>\n<meta property=\"og:type\" content=\"article\" \/>\n<meta property=\"og:title\" content=\"Ulkomainos eteenp\u00e4in valaisevista led-kirjaimista myym\u00e4l\u00e4n sein\u00e4ss\u00e4\" \/>\n<meta property=\"og:description\" content=\"Ulkomainos eteenp\u00e4in valaisevat LED-irtokirjaimet myym\u00e4l\u00e4n sein\u00e4ss\u00e4 on tehty alumiinista energiaa s\u00e4\u00e4st\u00e4v\u00e4ll\u00e4 menetelm\u00e4ll\u00e4.\" \/>\n<meta property=\"og:url\" content=\"https:\/\/www.jaadisain.ee\/fi\/ulkomainokset\/irtokirjainvalomainokset\/eteenpain-valaisevat-irtokirjainvalomainokset\/livikon-alcostoren-ulkomainos\/\" \/>\n<meta property=\"og:site_name\" content=\"JAA Disain\" \/>\n<meta property=\"article:publisher\" content=\"https:\/\/www.facebook.com\/JAA-Disain-156295277734632\/timeline\" \/>\n<meta property=\"article:modified_time\" content=\"2016-11-02T09:38:27+00:00\" \/>\n<meta property=\"og:image\" content=\"https:\/\/www.jaadisain.ee\/wp-content\/uploads\/2015\/11\/valireklaam-liviko-alcostore.jpg\" \/>\n\t<meta property=\"og:image:width\" content=\"800\" \/>\n\t<meta property=\"og:image:height\" content=\"533\" \/>\n\t<meta property=\"og:image:type\" content=\"image\/jpeg\" \/>\n<meta name=\"twitter:card\" content=\"summary_large_image\" \/>\n<meta name=\"twitter:label1\" content=\"Arvioitu lukuaika\" \/>\n\t<meta name=\"twitter:data1\" content=\"1 minuutti\" \/>\n<script type=\"application\/ld+json\" class=\"yoast-schema-graph\">{\"@context\":\"https:\\\/\\\/schema.org\",\"@graph\":[{\"@type\":\"WebPage\",\"@id\":\"https:\\\/\\\/www.jaadisain.ee\\\/fi\\\/ulkomainokset\\\/irtokirjainvalomainokset\\\/eteenpain-valaisevat-irtokirjainvalomainokset\\\/livikon-alcostoren-ulkomainos\\\/\",\"url\":\"https:\\\/\\\/www.jaadisain.ee\\\/fi\\\/ulkomainokset\\\/irtokirjainvalomainokset\\\/eteenpain-valaisevat-irtokirjainvalomainokset\\\/livikon-alcostoren-ulkomainos\\\/\",\"name\":\"Ulkomainos eteenp\u00e4in valaisevista led-kirjaimista myym\u00e4l\u00e4n sein\u00e4ss\u00e4\",\"isPartOf\":{\"@id\":\"https:\\\/\\\/www.jaadisain.ee\\\/#website\"},\"primaryImageOfPage\":{\"@id\":\"https:\\\/\\\/www.jaadisain.ee\\\/fi\\\/ulkomainokset\\\/irtokirjainvalomainokset\\\/eteenpain-valaisevat-irtokirjainvalomainokset\\\/livikon-alcostoren-ulkomainos\\\/#primaryimage\"},\"image\":{\"@id\":\"https:\\\/\\\/www.jaadisain.ee\\\/fi\\\/ulkomainokset\\\/irtokirjainvalomainokset\\\/eteenpain-valaisevat-irtokirjainvalomainokset\\\/livikon-alcostoren-ulkomainos\\\/#primaryimage\"},\"thumbnailUrl\":\"https:\\\/\\\/www.jaadisain.ee\\\/wp-content\\\/uploads\\\/2015\\\/11\\\/valireklaam-liviko-alcostore.jpg\",\"datePublished\":\"2015-11-21T17:31:29+00:00\",\"dateModified\":\"2016-11-02T09:38:27+00:00\",\"description\":\"Ulkomainos eteenp\u00e4in valaisevat LED-irtokirjaimet myym\u00e4l\u00e4n sein\u00e4ss\u00e4 on tehty alumiinista energiaa s\u00e4\u00e4st\u00e4v\u00e4ll\u00e4 menetelm\u00e4ll\u00e4.\",\"breadcrumb\":{\"@id\":\"https:\\\/\\\/www.jaadisain.ee\\\/fi\\\/ulkomainokset\\\/irtokirjainvalomainokset\\\/eteenpain-valaisevat-irtokirjainvalomainokset\\\/livikon-alcostoren-ulkomainos\\\/#breadcrumb\"},\"inLanguage\":\"fi\",\"potentialAction\":[{\"@type\":\"ReadAction\",\"target\":[\"https:\\\/\\\/www.jaadisain.ee\\\/fi\\\/ulkomainokset\\\/irtokirjainvalomainokset\\\/eteenpain-valaisevat-irtokirjainvalomainokset\\\/livikon-alcostoren-ulkomainos\\\/\"]}]},{\"@type\":\"ImageObject\",\"inLanguage\":\"fi\",\"@id\":\"https:\\\/\\\/www.jaadisain.ee\\\/fi\\\/ulkomainokset\\\/irtokirjainvalomainokset\\\/eteenpain-valaisevat-irtokirjainvalomainokset\\\/livikon-alcostoren-ulkomainos\\\/#primaryimage\",\"url\":\"https:\\\/\\\/www.jaadisain.ee\\\/wp-content\\\/uploads\\\/2015\\\/11\\\/valireklaam-liviko-alcostore.jpg\",\"contentUrl\":\"https:\\\/\\\/www.jaadisain.ee\\\/wp-content\\\/uploads\\\/2015\\\/11\\\/valireklaam-liviko-alcostore.jpg\",\"width\":800,\"height\":533,\"caption\":\"ulkomainos\"},{\"@type\":\"BreadcrumbList\",\"@id\":\"https:\\\/\\\/www.jaadisain.ee\\\/fi\\\/ulkomainokset\\\/irtokirjainvalomainokset\\\/eteenpain-valaisevat-irtokirjainvalomainokset\\\/livikon-alcostoren-ulkomainos\\\/#breadcrumb\",\"itemListElement\":[{\"@type\":\"ListItem\",\"position\":1,\"name\":\"Home\",\"item\":\"https:\\\/\\\/www.jaadisain.ee\\\/fi\\\/\"},{\"@type\":\"ListItem\",\"position\":2,\"name\":\"Tuotteet\",\"item\":\"https:\\\/\\\/www.jaadisain.ee\\\/fi\\\/ulkomainokset\\\/\"},{\"@type\":\"ListItem\",\"position\":3,\"name\":\"Irtokirjainvalomainokset\",\"item\":\"https:\\\/\\\/www.jaadisain.ee\\\/fi\\\/ulkomainokset\\\/irtokirjainvalomainokset\\\/\"},{\"@type\":\"ListItem\",\"position\":4,\"name\":\"Eteenp\u00e4in valaisevat irtokirjainvalomainokset\",\"item\":\"https:\\\/\\\/www.jaadisain.ee\\\/fi\\\/ulkomainokset\\\/irtokirjainvalomainokset\\\/eteenpain-valaisevat-irtokirjainvalomainokset\\\/\"},{\"@type\":\"ListItem\",\"position\":5,\"name\":\"Livikon Alcostoren ulkomainos\"}]},{\"@type\":\"WebSite\",\"@id\":\"https:\\\/\\\/www.jaadisain.ee\\\/#website\",\"url\":\"https:\\\/\\\/www.jaadisain.ee\\\/\",\"name\":\"JAA Disain\",\"description\":\"Valgusreklaamide tootja aastast 1993\",\"publisher\":{\"@id\":\"https:\\\/\\\/www.jaadisain.ee\\\/#organization\"},\"potentialAction\":[{\"@type\":\"SearchAction\",\"target\":{\"@type\":\"EntryPoint\",\"urlTemplate\":\"https:\\\/\\\/www.jaadisain.ee\\\/?s={search_term_string}\"},\"query-input\":{\"@type\":\"PropertyValueSpecification\",\"valueRequired\":true,\"valueName\":\"search_term_string\"}}],\"inLanguage\":\"fi\"},{\"@type\":\"Organization\",\"@id\":\"https:\\\/\\\/www.jaadisain.ee\\\/#organization\",\"name\":\"JAA Disain\",\"url\":\"https:\\\/\\\/www.jaadisain.ee\\\/\",\"logo\":{\"@type\":\"ImageObject\",\"inLanguage\":\"fi\",\"@id\":\"https:\\\/\\\/www.jaadisain.ee\\\/#\\\/schema\\\/logo\\\/image\\\/\",\"url\":\"https:\\\/\\\/www.jaadisain.ee\\\/wp-content\\\/uploads\\\/2016\\\/02\\\/JAA-Disain-logo.jpg\",\"contentUrl\":\"https:\\\/\\\/www.jaadisain.ee\\\/wp-content\\\/uploads\\\/2016\\\/02\\\/JAA-Disain-logo.jpg\",\"width\":443,\"height\":259,\"caption\":\"JAA Disain\"},\"image\":{\"@id\":\"https:\\\/\\\/www.jaadisain.ee\\\/#\\\/schema\\\/logo\\\/image\\\/\"},\"sameAs\":[\"https:\\\/\\\/www.facebook.com\\\/JAA-Disain-156295277734632\\\/timeline\"]}]}<\/script>\n<!-- \/ Yoast SEO plugin. -->","yoast_head_json":{"title":"Ulkomainos eteenp\u00e4in valaisevista led-kirjaimista myym\u00e4l\u00e4n sein\u00e4ss\u00e4","description":"Ulkomainos eteenp\u00e4in valaisevat LED-irtokirjaimet myym\u00e4l\u00e4n sein\u00e4ss\u00e4 on tehty alumiinista energiaa s\u00e4\u00e4st\u00e4v\u00e4ll\u00e4 menetelm\u00e4ll\u00e4.","robots":{"index":"index","follow":"follow","max-snippet":"max-snippet:-1","max-image-preview":"max-image-preview:large","max-video-preview":"max-video-preview:-1"},"canonical":"https:\/\/www.jaadisain.ee\/fi\/ulkomainokset\/irtokirjainvalomainokset\/eteenpain-valaisevat-irtokirjainvalomainokset\/livikon-alcostoren-ulkomainos\/","og_locale":"fi_FI","og_type":"article","og_title":"Ulkomainos eteenp\u00e4in valaisevista led-kirjaimista myym\u00e4l\u00e4n sein\u00e4ss\u00e4","og_description":"Ulkomainos eteenp\u00e4in valaisevat LED-irtokirjaimet myym\u00e4l\u00e4n sein\u00e4ss\u00e4 on tehty alumiinista energiaa s\u00e4\u00e4st\u00e4v\u00e4ll\u00e4 menetelm\u00e4ll\u00e4.","og_url":"https:\/\/www.jaadisain.ee\/fi\/ulkomainokset\/irtokirjainvalomainokset\/eteenpain-valaisevat-irtokirjainvalomainokset\/livikon-alcostoren-ulkomainos\/","og_site_name":"JAA Disain","article_publisher":"https:\/\/www.facebook.com\/JAA-Disain-156295277734632\/timeline","article_modified_time":"2016-11-02T09:38:27+00:00","og_image":[{"width":800,"height":533,"url":"https:\/\/www.jaadisain.ee\/wp-content\/uploads\/2015\/11\/valireklaam-liviko-alcostore.jpg","type":"image\/jpeg"}],"twitter_card":"summary_large_image","twitter_misc":{"Arvioitu lukuaika":"1 minuutti"},"schema":{"@context":"https:\/\/schema.org","@graph":[{"@type":"WebPage","@id":"https:\/\/www.jaadisain.ee\/fi\/ulkomainokset\/irtokirjainvalomainokset\/eteenpain-valaisevat-irtokirjainvalomainokset\/livikon-alcostoren-ulkomainos\/","url":"https:\/\/www.jaadisain.ee\/fi\/ulkomainokset\/irtokirjainvalomainokset\/eteenpain-valaisevat-irtokirjainvalomainokset\/livikon-alcostoren-ulkomainos\/","name":"Ulkomainos eteenp\u00e4in valaisevista led-kirjaimista myym\u00e4l\u00e4n sein\u00e4ss\u00e4","isPartOf":{"@id":"https:\/\/www.jaadisain.ee\/#website"},"primaryImageOfPage":{"@id":"https:\/\/www.jaadisain.ee\/fi\/ulkomainokset\/irtokirjainvalomainokset\/eteenpain-valaisevat-irtokirjainvalomainokset\/livikon-alcostoren-ulkomainos\/#primaryimage"},"image":{"@id":"https:\/\/www.jaadisain.ee\/fi\/ulkomainokset\/irtokirjainvalomainokset\/eteenpain-valaisevat-irtokirjainvalomainokset\/livikon-alcostoren-ulkomainos\/#primaryimage"},"thumbnailUrl":"https:\/\/www.jaadisain.ee\/wp-content\/uploads\/2015\/11\/valireklaam-liviko-alcostore.jpg","datePublished":"2015-11-21T17:31:29+00:00","dateModified":"2016-11-02T09:38:27+00:00","description":"Ulkomainos eteenp\u00e4in valaisevat LED-irtokirjaimet myym\u00e4l\u00e4n sein\u00e4ss\u00e4 on tehty alumiinista energiaa s\u00e4\u00e4st\u00e4v\u00e4ll\u00e4 menetelm\u00e4ll\u00e4.","breadcrumb":{"@id":"https:\/\/www.jaadisain.ee\/fi\/ulkomainokset\/irtokirjainvalomainokset\/eteenpain-valaisevat-irtokirjainvalomainokset\/livikon-alcostoren-ulkomainos\/#breadcrumb"},"inLanguage":"fi","potentialAction":[{"@type":"ReadAction","target":["https:\/\/www.jaadisain.ee\/fi\/ulkomainokset\/irtokirjainvalomainokset\/eteenpain-valaisevat-irtokirjainvalomainokset\/livikon-alcostoren-ulkomainos\/"]}]},{"@type":"ImageObject","inLanguage":"fi","@id":"https:\/\/www.jaadisain.ee\/fi\/ulkomainokset\/irtokirjainvalomainokset\/eteenpain-valaisevat-irtokirjainvalomainokset\/livikon-alcostoren-ulkomainos\/#primaryimage","url":"https:\/\/www.jaadisain.ee\/wp-content\/uploads\/2015\/11\/valireklaam-liviko-alcostore.jpg","contentUrl":"https:\/\/www.jaadisain.ee\/wp-content\/uploads\/2015\/11\/valireklaam-liviko-alcostore.jpg","width":800,"height":533,"caption":"ulkomainos"},{"@type":"BreadcrumbList","@id":"https:\/\/www.jaadisain.ee\/fi\/ulkomainokset\/irtokirjainvalomainokset\/eteenpain-valaisevat-irtokirjainvalomainokset\/livikon-alcostoren-ulkomainos\/#breadcrumb","itemListElement":[{"@type":"ListItem","position":1,"name":"Home","item":"https:\/\/www.jaadisain.ee\/fi\/"},{"@type":"ListItem","position":2,"name":"Tuotteet","item":"https:\/\/www.jaadisain.ee\/fi\/ulkomainokset\/"},{"@type":"ListItem","position":3,"name":"Irtokirjainvalomainokset","item":"https:\/\/www.jaadisain.ee\/fi\/ulkomainokset\/irtokirjainvalomainokset\/"},{"@type":"ListItem","position":4,"name":"Eteenp\u00e4in valaisevat irtokirjainvalomainokset","item":"https:\/\/www.jaadisain.ee\/fi\/ulkomainokset\/irtokirjainvalomainokset\/eteenpain-valaisevat-irtokirjainvalomainokset\/"},{"@type":"ListItem","position":5,"name":"Livikon Alcostoren ulkomainos"}]},{"@type":"WebSite","@id":"https:\/\/www.jaadisain.ee\/#website","url":"https:\/\/www.jaadisain.ee\/","name":"JAA Disain","description":"Valgusreklaamide tootja aastast 1993","publisher":{"@id":"https:\/\/www.jaadisain.ee\/#organization"},"potentialAction":[{"@type":"SearchAction","target":{"@type":"EntryPoint","urlTemplate":"https:\/\/www.jaadisain.ee\/?s={search_term_string}"},"query-input":{"@type":"PropertyValueSpecification","valueRequired":true,"valueName":"search_term_string"}}],"inLanguage":"fi"},{"@type":"Organization","@id":"https:\/\/www.jaadisain.ee\/#organization","name":"JAA Disain","url":"https:\/\/www.jaadisain.ee\/","logo":{"@type":"ImageObject","inLanguage":"fi","@id":"https:\/\/www.jaadisain.ee\/#\/schema\/logo\/image\/","url":"https:\/\/www.jaadisain.ee\/wp-content\/uploads\/2016\/02\/JAA-Disain-logo.jpg","contentUrl":"https:\/\/www.jaadisain.ee\/wp-content\/uploads\/2016\/02\/JAA-Disain-logo.jpg","width":443,"height":259,"caption":"JAA Disain"},"image":{"@id":"https:\/\/www.jaadisain.ee\/#\/schema\/logo\/image\/"},"sameAs":["https:\/\/www.facebook.com\/JAA-Disain-156295277734632\/timeline"]}]}},"_links":{"self":[{"href":"https:\/\/www.jaadisain.ee\/fi\/wp-json\/wp\/v2\/pages\/8835","targetHints":{"allow":["GET"]}}],"collection":[{"href":"https:\/\/www.jaadisain.ee\/fi\/wp-json\/wp\/v2\/pages"}],"about":[{"href":"https:\/\/www.jaadisain.ee\/fi\/wp-json\/wp\/v2\/types\/page"}],"author":[{"embeddable":true,"href":"https:\/\/www.jaadisain.ee\/fi\/wp-json\/wp\/v2\/users\/4"}],"replies":[{"embeddable":true,"href":"https:\/\/www.jaadisain.ee\/fi\/wp-json\/wp\/v2\/comments?post=8835"}],"version-history":[{"count":1,"href":"https:\/\/www.jaadisain.ee\/fi\/wp-json\/wp\/v2\/pages\/8835\/revisions"}],"predecessor-version":[{"id":9347,"href":"https:\/\/www.jaadisain.ee\/fi\/wp-json\/wp\/v2\/pages\/8835\/revisions\/9347"}],"up":[{"embeddable":true,"href":"https:\/\/www.jaadisain.ee\/fi\/wp-json\/wp\/v2\/pages\/9114"}],"wp:featuredmedia":[{"embeddable":true,"href":"https:\/\/www.jaadisain.ee\/fi\/wp-json\/wp\/v2\/media\/8836"}],"wp:attachment":[{"href":"https:\/\/www.jaadisain.ee\/fi\/wp-json\/wp\/v2\/media?parent=8835"}],"curies":[{"name":"wp","href":"https:\/\/api.w.org\/{rel}","templated":true}]}}