{"id":8805,"date":"2015-11-24T12:11:01","date_gmt":"2015-11-24T12:11:01","guid":{"rendered":"http:\/\/www.jaadisain.ee\/fi\/valgusreklaamide-hooldus\/"},"modified":"2016-11-02T13:47:56","modified_gmt":"2016-11-02T11:47:56","slug":"valomainosten-huolto","status":"publish","type":"page","link":"https:\/\/www.jaadisain.ee\/fi\/palvelut\/valomainosten-huolto\/","title":{"rendered":"Valomainosten huolto"},"content":{"rendered":"<h1><a href=\"https:\/\/www.jaadisain.ee\/wp-content\/uploads\/2015\/11\/valgusreklaamide-hooldus-ja-remont.jpg\" class=\"fancyboxx\"><img loading=\"lazy\" decoding=\"async\" class=\"alignright wp-image-569 size-medium\" src=\"https:\/\/www.jaadisain.ee\/wp-content\/uploads\/2015\/11\/valgusreklaamide-hooldus-ja-remont-300x225.jpg\" alt=\"valomainosten huolto\" width=\"300\" height=\"225\" srcset=\"https:\/\/www.jaadisain.ee\/wp-content\/uploads\/2015\/11\/valgusreklaamide-hooldus-ja-remont-300x225.jpg 300w, https:\/\/www.jaadisain.ee\/wp-content\/uploads\/2015\/11\/valgusreklaamide-hooldus-ja-remont-768x576.jpg 768w, https:\/\/www.jaadisain.ee\/wp-content\/uploads\/2015\/11\/valgusreklaamide-hooldus-ja-remont-530x398.jpg 530w, https:\/\/www.jaadisain.ee\/wp-content\/uploads\/2015\/11\/valgusreklaamide-hooldus-ja-remont.jpg 800w\" sizes=\"auto, (max-width: 300px) 100vw, 300px\" \/><\/a>Valomainosten huolto<\/h1>\n<p>Valomainosten huolto on palvelu, jota tarjoamme kaikille nykyisille ja uusille asiakkaille. Huollamme ja korjaamme my\u00f6s muiden valmistajien valomainoksia Kokenut huoltohenkil\u00f6st\u00f6mme on aina valmis kuuntelemaan ja auttamaan asiakkaita, jotka hy\u00f6tyv\u00e4t pitk\u00e4aikaisesta kokemuksestamme.<\/p>\n<p>Meill\u00e4 on my\u00f6s erikokoisia ja eri tavoin varusteltuja ajoneuvoja parhaan mahdollisen palvelun varmistamiseksi. Huollamme ja korjaamme valomainoksia ja tarjoamme my\u00f6s muita oheispalveluja. My\u00f6s valomainoksia t\u00e4ytyy huoltaa. Pinnat kannattaa puhdistaa ja lamput vaihtaa s\u00e4\u00e4nn\u00f6llisesti, jotta valomainos pysyy siistin\u00e4. Ulkoseiniin asennettujen mainosten huoltoon ja korjaamiseen k\u00e4ytet\u00e4\u00e4n erilaisia nostureita. Korkeus ei ole este.<\/p>\n<p>JAA Disain on yli 20 vuoden kokemuksen omaava valomainosyritys, jolla on pitk\u00e4 kokemus valomainosten valmistuksesta.\u00a0Jaa Disain valmistaa valomainokset ja my\u00f6s muut mainostuotteet, kuten mainostaulut, mainostarrat ja digitulostukset.<\/p>\n","protected":false},"excerpt":{"rendered":"<p>Valomainosten huolto Valomainosten huolto on palvelu, jota tarjoamme kaikille nykyisille ja uusille asiakkaille. Huollamme ja korjaamme my\u00f6s muiden valmistajien valomainoksia Kokenut huoltohenkil\u00f6st\u00f6mme on aina valmis kuuntelemaan ja auttamaan asiakkaita, jotka hy\u00f6tyv\u00e4t pitk\u00e4aikaisesta kokemuksestamme. Meill\u00e4 on my\u00f6s erikokoisia ja eri tavoin varusteltuja ajoneuvoja parhaan mahdollisen palvelun varmistamiseksi. Huollamme ja korjaamme valomainoksia ja tarjoamme my\u00f6s muita oheispalveluja. [&hellip;]<\/p>\n","protected":false},"author":4,"featured_media":8806,"parent":9178,"menu_order":2,"comment_status":"closed","ping_status":"closed","template":"","meta":{"_acf_changed":false,"footnotes":""},"class_list":["post-8805","page","type-page","status-publish","has-post-thumbnail","hentry"],"acf":[],"yoast_head":"<!-- This site is optimized with the Yoast SEO plugin v27.3 - https:\/\/yoast.com\/product\/yoast-seo-wordpress\/ -->\n<title>Valomainosten huolto - JAA Disain O\u00dc<\/title>\n<meta name=\"description\" content=\"Valomainosten huolto ja korjaaminen sis\u00e4lt\u00e4\u00e4 valomainoksen pintojen puhdistuksen, lamppujen vaihdon jne. Lue lis\u00e4\u00e4 t\u00e4\u00e4lt\u00e4!\" \/>\n<meta name=\"robots\" content=\"index, follow, max-snippet:-1, max-image-preview:large, max-video-preview:-1\" \/>\n<link rel=\"canonical\" href=\"https:\/\/www.jaadisain.ee\/fi\/palvelut\/valomainosten-huolto\/\" \/>\n<meta property=\"og:locale\" content=\"fi_FI\" \/>\n<meta property=\"og:type\" content=\"article\" \/>\n<meta property=\"og:title\" content=\"Valomainosten huolto - JAA Disain O\u00dc\" \/>\n<meta property=\"og:description\" content=\"Valomainosten huolto ja korjaaminen sis\u00e4lt\u00e4\u00e4 valomainoksen pintojen puhdistuksen, lamppujen vaihdon jne. Lue lis\u00e4\u00e4 t\u00e4\u00e4lt\u00e4!\" \/>\n<meta property=\"og:url\" content=\"https:\/\/www.jaadisain.ee\/fi\/palvelut\/valomainosten-huolto\/\" \/>\n<meta property=\"og:site_name\" content=\"JAA Disain\" \/>\n<meta property=\"article:publisher\" content=\"https:\/\/www.facebook.com\/JAA-Disain-156295277734632\/timeline\" \/>\n<meta property=\"article:modified_time\" content=\"2016-11-02T11:47:56+00:00\" \/>\n<meta property=\"og:image\" content=\"https:\/\/www.jaadisain.ee\/wp-content\/uploads\/2015\/11\/valgusreklaamide-hooldus-ja-remont.jpg\" \/>\n\t<meta property=\"og:image:width\" content=\"800\" \/>\n\t<meta property=\"og:image:height\" content=\"600\" \/>\n\t<meta property=\"og:image:type\" content=\"image\/jpeg\" \/>\n<meta name=\"twitter:card\" content=\"summary_large_image\" \/>\n<meta name=\"twitter:label1\" content=\"Arvioitu lukuaika\" \/>\n\t<meta name=\"twitter:data1\" content=\"1 minuutti\" \/>\n<script type=\"application\/ld+json\" class=\"yoast-schema-graph\">{\"@context\":\"https:\\\/\\\/schema.org\",\"@graph\":[{\"@type\":\"WebPage\",\"@id\":\"https:\\\/\\\/www.jaadisain.ee\\\/fi\\\/palvelut\\\/valomainosten-huolto\\\/\",\"url\":\"https:\\\/\\\/www.jaadisain.ee\\\/fi\\\/palvelut\\\/valomainosten-huolto\\\/\",\"name\":\"Valomainosten huolto - JAA Disain O\u00dc\",\"isPartOf\":{\"@id\":\"https:\\\/\\\/www.jaadisain.ee\\\/#website\"},\"primaryImageOfPage\":{\"@id\":\"https:\\\/\\\/www.jaadisain.ee\\\/fi\\\/palvelut\\\/valomainosten-huolto\\\/#primaryimage\"},\"image\":{\"@id\":\"https:\\\/\\\/www.jaadisain.ee\\\/fi\\\/palvelut\\\/valomainosten-huolto\\\/#primaryimage\"},\"thumbnailUrl\":\"https:\\\/\\\/www.jaadisain.ee\\\/wp-content\\\/uploads\\\/2015\\\/11\\\/valgusreklaamide-hooldus-ja-remont.jpg\",\"datePublished\":\"2015-11-24T12:11:01+00:00\",\"dateModified\":\"2016-11-02T11:47:56+00:00\",\"description\":\"Valomainosten huolto ja korjaaminen sis\u00e4lt\u00e4\u00e4 valomainoksen pintojen puhdistuksen, lamppujen vaihdon jne. Lue lis\u00e4\u00e4 t\u00e4\u00e4lt\u00e4!\",\"breadcrumb\":{\"@id\":\"https:\\\/\\\/www.jaadisain.ee\\\/fi\\\/palvelut\\\/valomainosten-huolto\\\/#breadcrumb\"},\"inLanguage\":\"fi\",\"potentialAction\":[{\"@type\":\"ReadAction\",\"target\":[\"https:\\\/\\\/www.jaadisain.ee\\\/fi\\\/palvelut\\\/valomainosten-huolto\\\/\"]}]},{\"@type\":\"ImageObject\",\"inLanguage\":\"fi\",\"@id\":\"https:\\\/\\\/www.jaadisain.ee\\\/fi\\\/palvelut\\\/valomainosten-huolto\\\/#primaryimage\",\"url\":\"https:\\\/\\\/www.jaadisain.ee\\\/wp-content\\\/uploads\\\/2015\\\/11\\\/valgusreklaamide-hooldus-ja-remont.jpg\",\"contentUrl\":\"https:\\\/\\\/www.jaadisain.ee\\\/wp-content\\\/uploads\\\/2015\\\/11\\\/valgusreklaamide-hooldus-ja-remont.jpg\",\"width\":800,\"height\":600},{\"@type\":\"BreadcrumbList\",\"@id\":\"https:\\\/\\\/www.jaadisain.ee\\\/fi\\\/palvelut\\\/valomainosten-huolto\\\/#breadcrumb\",\"itemListElement\":[{\"@type\":\"ListItem\",\"position\":1,\"name\":\"Home\",\"item\":\"https:\\\/\\\/www.jaadisain.ee\\\/fi\\\/\"},{\"@type\":\"ListItem\",\"position\":2,\"name\":\"Palvelut\",\"item\":\"https:\\\/\\\/www.jaadisain.ee\\\/fi\\\/palvelut\\\/\"},{\"@type\":\"ListItem\",\"position\":3,\"name\":\"Valomainosten huolto\"}]},{\"@type\":\"WebSite\",\"@id\":\"https:\\\/\\\/www.jaadisain.ee\\\/#website\",\"url\":\"https:\\\/\\\/www.jaadisain.ee\\\/\",\"name\":\"JAA Disain\",\"description\":\"Valgusreklaamide tootja aastast 1993\",\"publisher\":{\"@id\":\"https:\\\/\\\/www.jaadisain.ee\\\/#organization\"},\"potentialAction\":[{\"@type\":\"SearchAction\",\"target\":{\"@type\":\"EntryPoint\",\"urlTemplate\":\"https:\\\/\\\/www.jaadisain.ee\\\/?s={search_term_string}\"},\"query-input\":{\"@type\":\"PropertyValueSpecification\",\"valueRequired\":true,\"valueName\":\"search_term_string\"}}],\"inLanguage\":\"fi\"},{\"@type\":\"Organization\",\"@id\":\"https:\\\/\\\/www.jaadisain.ee\\\/#organization\",\"name\":\"JAA Disain\",\"url\":\"https:\\\/\\\/www.jaadisain.ee\\\/\",\"logo\":{\"@type\":\"ImageObject\",\"inLanguage\":\"fi\",\"@id\":\"https:\\\/\\\/www.jaadisain.ee\\\/#\\\/schema\\\/logo\\\/image\\\/\",\"url\":\"https:\\\/\\\/www.jaadisain.ee\\\/wp-content\\\/uploads\\\/2016\\\/02\\\/JAA-Disain-logo.jpg\",\"contentUrl\":\"https:\\\/\\\/www.jaadisain.ee\\\/wp-content\\\/uploads\\\/2016\\\/02\\\/JAA-Disain-logo.jpg\",\"width\":443,\"height\":259,\"caption\":\"JAA Disain\"},\"image\":{\"@id\":\"https:\\\/\\\/www.jaadisain.ee\\\/#\\\/schema\\\/logo\\\/image\\\/\"},\"sameAs\":[\"https:\\\/\\\/www.facebook.com\\\/JAA-Disain-156295277734632\\\/timeline\"]}]}<\/script>\n<!-- \/ Yoast SEO plugin. -->","yoast_head_json":{"title":"Valomainosten huolto - JAA Disain O\u00dc","description":"Valomainosten huolto ja korjaaminen sis\u00e4lt\u00e4\u00e4 valomainoksen pintojen puhdistuksen, lamppujen vaihdon jne. Lue lis\u00e4\u00e4 t\u00e4\u00e4lt\u00e4!","robots":{"index":"index","follow":"follow","max-snippet":"max-snippet:-1","max-image-preview":"max-image-preview:large","max-video-preview":"max-video-preview:-1"},"canonical":"https:\/\/www.jaadisain.ee\/fi\/palvelut\/valomainosten-huolto\/","og_locale":"fi_FI","og_type":"article","og_title":"Valomainosten huolto - JAA Disain O\u00dc","og_description":"Valomainosten huolto ja korjaaminen sis\u00e4lt\u00e4\u00e4 valomainoksen pintojen puhdistuksen, lamppujen vaihdon jne. Lue lis\u00e4\u00e4 t\u00e4\u00e4lt\u00e4!","og_url":"https:\/\/www.jaadisain.ee\/fi\/palvelut\/valomainosten-huolto\/","og_site_name":"JAA Disain","article_publisher":"https:\/\/www.facebook.com\/JAA-Disain-156295277734632\/timeline","article_modified_time":"2016-11-02T11:47:56+00:00","og_image":[{"width":800,"height":600,"url":"https:\/\/www.jaadisain.ee\/wp-content\/uploads\/2015\/11\/valgusreklaamide-hooldus-ja-remont.jpg","type":"image\/jpeg"}],"twitter_card":"summary_large_image","twitter_misc":{"Arvioitu lukuaika":"1 minuutti"},"schema":{"@context":"https:\/\/schema.org","@graph":[{"@type":"WebPage","@id":"https:\/\/www.jaadisain.ee\/fi\/palvelut\/valomainosten-huolto\/","url":"https:\/\/www.jaadisain.ee\/fi\/palvelut\/valomainosten-huolto\/","name":"Valomainosten huolto - JAA Disain O\u00dc","isPartOf":{"@id":"https:\/\/www.jaadisain.ee\/#website"},"primaryImageOfPage":{"@id":"https:\/\/www.jaadisain.ee\/fi\/palvelut\/valomainosten-huolto\/#primaryimage"},"image":{"@id":"https:\/\/www.jaadisain.ee\/fi\/palvelut\/valomainosten-huolto\/#primaryimage"},"thumbnailUrl":"https:\/\/www.jaadisain.ee\/wp-content\/uploads\/2015\/11\/valgusreklaamide-hooldus-ja-remont.jpg","datePublished":"2015-11-24T12:11:01+00:00","dateModified":"2016-11-02T11:47:56+00:00","description":"Valomainosten huolto ja korjaaminen sis\u00e4lt\u00e4\u00e4 valomainoksen pintojen puhdistuksen, lamppujen vaihdon jne. Lue lis\u00e4\u00e4 t\u00e4\u00e4lt\u00e4!","breadcrumb":{"@id":"https:\/\/www.jaadisain.ee\/fi\/palvelut\/valomainosten-huolto\/#breadcrumb"},"inLanguage":"fi","potentialAction":[{"@type":"ReadAction","target":["https:\/\/www.jaadisain.ee\/fi\/palvelut\/valomainosten-huolto\/"]}]},{"@type":"ImageObject","inLanguage":"fi","@id":"https:\/\/www.jaadisain.ee\/fi\/palvelut\/valomainosten-huolto\/#primaryimage","url":"https:\/\/www.jaadisain.ee\/wp-content\/uploads\/2015\/11\/valgusreklaamide-hooldus-ja-remont.jpg","contentUrl":"https:\/\/www.jaadisain.ee\/wp-content\/uploads\/2015\/11\/valgusreklaamide-hooldus-ja-remont.jpg","width":800,"height":600},{"@type":"BreadcrumbList","@id":"https:\/\/www.jaadisain.ee\/fi\/palvelut\/valomainosten-huolto\/#breadcrumb","itemListElement":[{"@type":"ListItem","position":1,"name":"Home","item":"https:\/\/www.jaadisain.ee\/fi\/"},{"@type":"ListItem","position":2,"name":"Palvelut","item":"https:\/\/www.jaadisain.ee\/fi\/palvelut\/"},{"@type":"ListItem","position":3,"name":"Valomainosten huolto"}]},{"@type":"WebSite","@id":"https:\/\/www.jaadisain.ee\/#website","url":"https:\/\/www.jaadisain.ee\/","name":"JAA Disain","description":"Valgusreklaamide tootja aastast 1993","publisher":{"@id":"https:\/\/www.jaadisain.ee\/#organization"},"potentialAction":[{"@type":"SearchAction","target":{"@type":"EntryPoint","urlTemplate":"https:\/\/www.jaadisain.ee\/?s={search_term_string}"},"query-input":{"@type":"PropertyValueSpecification","valueRequired":true,"valueName":"search_term_string"}}],"inLanguage":"fi"},{"@type":"Organization","@id":"https:\/\/www.jaadisain.ee\/#organization","name":"JAA Disain","url":"https:\/\/www.jaadisain.ee\/","logo":{"@type":"ImageObject","inLanguage":"fi","@id":"https:\/\/www.jaadisain.ee\/#\/schema\/logo\/image\/","url":"https:\/\/www.jaadisain.ee\/wp-content\/uploads\/2016\/02\/JAA-Disain-logo.jpg","contentUrl":"https:\/\/www.jaadisain.ee\/wp-content\/uploads\/2016\/02\/JAA-Disain-logo.jpg","width":443,"height":259,"caption":"JAA Disain"},"image":{"@id":"https:\/\/www.jaadisain.ee\/#\/schema\/logo\/image\/"},"sameAs":["https:\/\/www.facebook.com\/JAA-Disain-156295277734632\/timeline"]}]}},"_links":{"self":[{"href":"https:\/\/www.jaadisain.ee\/fi\/wp-json\/wp\/v2\/pages\/8805","targetHints":{"allow":["GET"]}}],"collection":[{"href":"https:\/\/www.jaadisain.ee\/fi\/wp-json\/wp\/v2\/pages"}],"about":[{"href":"https:\/\/www.jaadisain.ee\/fi\/wp-json\/wp\/v2\/types\/page"}],"author":[{"embeddable":true,"href":"https:\/\/www.jaadisain.ee\/fi\/wp-json\/wp\/v2\/users\/4"}],"replies":[{"embeddable":true,"href":"https:\/\/www.jaadisain.ee\/fi\/wp-json\/wp\/v2\/comments?post=8805"}],"version-history":[{"count":1,"href":"https:\/\/www.jaadisain.ee\/fi\/wp-json\/wp\/v2\/pages\/8805\/revisions"}],"predecessor-version":[{"id":9590,"href":"https:\/\/www.jaadisain.ee\/fi\/wp-json\/wp\/v2\/pages\/8805\/revisions\/9590"}],"up":[{"embeddable":true,"href":"https:\/\/www.jaadisain.ee\/fi\/wp-json\/wp\/v2\/pages\/9178"}],"wp:featuredmedia":[{"embeddable":true,"href":"https:\/\/www.jaadisain.ee\/fi\/wp-json\/wp\/v2\/media\/8806"}],"wp:attachment":[{"href":"https:\/\/www.jaadisain.ee\/fi\/wp-json\/wp\/v2\/media?parent=8805"}],"curies":[{"name":"wp","href":"https:\/\/api.w.org\/{rel}","templated":true}]}}