{"id":8798,"date":"2015-11-24T12:35:51","date_gmt":"2015-11-24T12:35:51","guid":{"rendered":"http:\/\/www.jaadisain.ee\/fi\/valgusreklaamide-tootmine\/"},"modified":"2016-11-02T13:43:17","modified_gmt":"2016-11-02T11:43:17","slug":"valomainosten-tuotanto","status":"publish","type":"page","link":"https:\/\/www.jaadisain.ee\/fi\/meista\/valomainosten-tuotanto\/","title":{"rendered":"Tuotanto"},"content":{"rendered":"<h1>Valomainosten tuotanto<\/h1>\n<p><a href=\"https:\/\/www.jaadisain.ee\/wp-content\/uploads\/2015\/11\/valgusreklaamide-tootmine.jpg\" class=\"fancyboxx\"><img loading=\"lazy\" decoding=\"async\" class=\"alignright wp-image-6286 size-medium\" src=\"https:\/\/www.jaadisain.ee\/wp-content\/uploads\/2015\/11\/valgusreklaamide-tootmine-300x225.jpg\" alt=\"valomainosten tuotanto\" width=\"300\" height=\"225\" srcset=\"https:\/\/www.jaadisain.ee\/wp-content\/uploads\/2015\/11\/valgusreklaamide-tootmine-300x225.jpg 300w, https:\/\/www.jaadisain.ee\/wp-content\/uploads\/2015\/11\/valgusreklaamide-tootmine-768x576.jpg 768w, https:\/\/www.jaadisain.ee\/wp-content\/uploads\/2015\/11\/valgusreklaamide-tootmine-530x398.jpg 530w, https:\/\/www.jaadisain.ee\/wp-content\/uploads\/2015\/11\/valgusreklaamide-tootmine.jpg 800w\" sizes=\"auto, (max-width: 300px) 100vw, 300px\" \/><\/a><\/p>\n<p>Valomainosten tuotanto &#8211; varten JAA Disainilla on 1000 m\u00b2 l\u00e4mmitett\u00e4v\u00e4t tilat. Nykyaikaiset ja kaikkia m\u00e4\u00e4r\u00e4yksi\u00e4 vastaavat tuotantotilat valmistuivat 2006. Pystyimme vaikuttamaan tilojen suunnitteluun, joten kaikki tuotantoon liittyv\u00e4 on sijoiteltu loogisesti nimenomaan valomainosten valmistusta silm\u00e4ll\u00e4 pit\u00e4en.<\/p>\n<p>Tuotantotiloista on eroteltu omat tilat erikoisosaamista edellytt\u00e4vi\u00e4 ty\u00f6vaiheita varten, joita ovat esimerkiksi jyrsint\u00e4, hitsaaminen ja maalaus, ajoneuvojen teippaus, neontilat, valokuvien painatus sek\u00e4 toimistotilat. Kaikissa tuotantoon k\u00e4ytett\u00e4viss\u00e4 tiloissa on nykyaikaisten valomainosten valmistukseen tarvittavat erikoisv\u00e4lineet ja -laitteistot. N\u00e4ist\u00e4 t\u00e4rkeimpi\u00e4 ovat kaksi kokonaan ohjelmoitavaa irtokirjainvalomainosten reunojen valmistukseen k\u00e4ytett\u00e4v\u00e4\u00e4 laitetta. Laitteet on suunniteltu nimenomaan irtokirjainvalomainosten nopeaan valmistukseen laadusta tinkim\u00e4tt\u00e4.<\/p>\n<p>Meilt\u00e4 l\u00f6ytyv\u00e4t my\u00f6s kaikki muut valomainosten valmistukseen tarvittavat peruslaitteet, kuten jyrsin, erilaiset metallinty\u00f6st\u00f6laitteet, alumiinihitsauslaitteet, neonputkien valmistukseen tarvittavat laitteet, suuret digitaaliset tulostimet, piirturi jne.<\/p>\n<p>N\u00e4et kaikki valmistamamme tuotteet <strong><a href=\"https:\/\/www.jaadisain.ee\/fi\/ulkomainokset\/\">T\u00c4\u00c4LT\u00c4.<\/a><\/strong><\/p>\n","protected":false},"excerpt":{"rendered":"<p>Valomainosten tuotanto Valomainosten tuotanto &#8211; varten JAA Disainilla on 1000 m\u00b2 l\u00e4mmitett\u00e4v\u00e4t tilat. Nykyaikaiset ja kaikkia m\u00e4\u00e4r\u00e4yksi\u00e4 vastaavat tuotantotilat valmistuivat 2006. Pystyimme vaikuttamaan tilojen suunnitteluun, joten kaikki tuotantoon liittyv\u00e4 on sijoiteltu loogisesti nimenomaan valomainosten valmistusta silm\u00e4ll\u00e4 pit\u00e4en. Tuotantotiloista on eroteltu omat tilat erikoisosaamista edellytt\u00e4vi\u00e4 ty\u00f6vaiheita varten, joita ovat esimerkiksi jyrsint\u00e4, hitsaaminen ja maalaus, ajoneuvojen teippaus, [&hellip;]<\/p>\n","protected":false},"author":4,"featured_media":0,"parent":9180,"menu_order":0,"comment_status":"closed","ping_status":"closed","template":"","meta":{"_acf_changed":false,"footnotes":""},"class_list":["post-8798","page","type-page","status-publish","hentry"],"acf":[],"yoast_head":"<!-- This site is optimized with the Yoast SEO plugin v27.3 - https:\/\/yoast.com\/product\/yoast-seo-wordpress\/ -->\n<title>Valomainosten tuotanto - JAA Disain O\u00dc<\/title>\n<meta name=\"description\" content=\"Valomainosten tuotanto nykyaikaisissa tuotantotiloissa ja ammattik\u00e4ytt\u00f6\u00f6n tarkoitetuilla v\u00e4lineill\u00e4. Lue lis\u00e4\u00e4 ja katso valmiit ty\u00f6t t\u00e4\u00e4lt\u00e4!\" \/>\n<meta name=\"robots\" content=\"index, follow, max-snippet:-1, max-image-preview:large, max-video-preview:-1\" \/>\n<link rel=\"canonical\" href=\"https:\/\/www.jaadisain.ee\/fi\/meista\/valomainosten-tuotanto\/\" \/>\n<meta property=\"og:locale\" content=\"fi_FI\" \/>\n<meta property=\"og:type\" content=\"article\" \/>\n<meta property=\"og:title\" content=\"Valomainosten tuotanto - JAA Disain O\u00dc\" \/>\n<meta property=\"og:description\" content=\"Valomainosten tuotanto nykyaikaisissa tuotantotiloissa ja ammattik\u00e4ytt\u00f6\u00f6n tarkoitetuilla v\u00e4lineill\u00e4. Lue lis\u00e4\u00e4 ja katso valmiit ty\u00f6t t\u00e4\u00e4lt\u00e4!\" \/>\n<meta property=\"og:url\" content=\"https:\/\/www.jaadisain.ee\/fi\/meista\/valomainosten-tuotanto\/\" \/>\n<meta property=\"og:site_name\" content=\"JAA Disain\" \/>\n<meta property=\"article:publisher\" content=\"https:\/\/www.facebook.com\/JAA-Disain-156295277734632\/timeline\" \/>\n<meta property=\"article:modified_time\" content=\"2016-11-02T11:43:17+00:00\" \/>\n<meta property=\"og:image\" content=\"https:\/\/www.jaadisain.ee\/wp-content\/uploads\/2015\/11\/valgusreklaamide-tootmine-300x225.jpg\" \/>\n<meta name=\"twitter:card\" content=\"summary_large_image\" \/>\n<meta name=\"twitter:label1\" content=\"Arvioitu lukuaika\" \/>\n\t<meta name=\"twitter:data1\" content=\"1 minuutti\" \/>\n<script type=\"application\/ld+json\" class=\"yoast-schema-graph\">{\"@context\":\"https:\\\/\\\/schema.org\",\"@graph\":[{\"@type\":\"WebPage\",\"@id\":\"https:\\\/\\\/www.jaadisain.ee\\\/fi\\\/meista\\\/valomainosten-tuotanto\\\/\",\"url\":\"https:\\\/\\\/www.jaadisain.ee\\\/fi\\\/meista\\\/valomainosten-tuotanto\\\/\",\"name\":\"Valomainosten tuotanto - JAA Disain O\u00dc\",\"isPartOf\":{\"@id\":\"https:\\\/\\\/www.jaadisain.ee\\\/#website\"},\"primaryImageOfPage\":{\"@id\":\"https:\\\/\\\/www.jaadisain.ee\\\/fi\\\/meista\\\/valomainosten-tuotanto\\\/#primaryimage\"},\"image\":{\"@id\":\"https:\\\/\\\/www.jaadisain.ee\\\/fi\\\/meista\\\/valomainosten-tuotanto\\\/#primaryimage\"},\"thumbnailUrl\":\"https:\\\/\\\/www.jaadisain.ee\\\/wp-content\\\/uploads\\\/2015\\\/11\\\/valgusreklaamide-tootmine-300x225.jpg\",\"datePublished\":\"2015-11-24T12:35:51+00:00\",\"dateModified\":\"2016-11-02T11:43:17+00:00\",\"description\":\"Valomainosten tuotanto nykyaikaisissa tuotantotiloissa ja ammattik\u00e4ytt\u00f6\u00f6n tarkoitetuilla v\u00e4lineill\u00e4. Lue lis\u00e4\u00e4 ja katso valmiit ty\u00f6t t\u00e4\u00e4lt\u00e4!\",\"breadcrumb\":{\"@id\":\"https:\\\/\\\/www.jaadisain.ee\\\/fi\\\/meista\\\/valomainosten-tuotanto\\\/#breadcrumb\"},\"inLanguage\":\"fi\",\"potentialAction\":[{\"@type\":\"ReadAction\",\"target\":[\"https:\\\/\\\/www.jaadisain.ee\\\/fi\\\/meista\\\/valomainosten-tuotanto\\\/\"]}]},{\"@type\":\"ImageObject\",\"inLanguage\":\"fi\",\"@id\":\"https:\\\/\\\/www.jaadisain.ee\\\/fi\\\/meista\\\/valomainosten-tuotanto\\\/#primaryimage\",\"url\":\"https:\\\/\\\/www.jaadisain.ee\\\/wp-content\\\/uploads\\\/2015\\\/11\\\/valgusreklaamide-tootmine-300x225.jpg\",\"contentUrl\":\"https:\\\/\\\/www.jaadisain.ee\\\/wp-content\\\/uploads\\\/2015\\\/11\\\/valgusreklaamide-tootmine-300x225.jpg\"},{\"@type\":\"BreadcrumbList\",\"@id\":\"https:\\\/\\\/www.jaadisain.ee\\\/fi\\\/meista\\\/valomainosten-tuotanto\\\/#breadcrumb\",\"itemListElement\":[{\"@type\":\"ListItem\",\"position\":1,\"name\":\"Home\",\"item\":\"https:\\\/\\\/www.jaadisain.ee\\\/fi\\\/\"},{\"@type\":\"ListItem\",\"position\":2,\"name\":\"Meist\u00e4\",\"item\":\"https:\\\/\\\/www.jaadisain.ee\\\/fi\\\/meista\\\/\"},{\"@type\":\"ListItem\",\"position\":3,\"name\":\"Tuotanto\"}]},{\"@type\":\"WebSite\",\"@id\":\"https:\\\/\\\/www.jaadisain.ee\\\/#website\",\"url\":\"https:\\\/\\\/www.jaadisain.ee\\\/\",\"name\":\"JAA Disain\",\"description\":\"Valgusreklaamide tootja aastast 1993\",\"publisher\":{\"@id\":\"https:\\\/\\\/www.jaadisain.ee\\\/#organization\"},\"potentialAction\":[{\"@type\":\"SearchAction\",\"target\":{\"@type\":\"EntryPoint\",\"urlTemplate\":\"https:\\\/\\\/www.jaadisain.ee\\\/?s={search_term_string}\"},\"query-input\":{\"@type\":\"PropertyValueSpecification\",\"valueRequired\":true,\"valueName\":\"search_term_string\"}}],\"inLanguage\":\"fi\"},{\"@type\":\"Organization\",\"@id\":\"https:\\\/\\\/www.jaadisain.ee\\\/#organization\",\"name\":\"JAA Disain\",\"url\":\"https:\\\/\\\/www.jaadisain.ee\\\/\",\"logo\":{\"@type\":\"ImageObject\",\"inLanguage\":\"fi\",\"@id\":\"https:\\\/\\\/www.jaadisain.ee\\\/#\\\/schema\\\/logo\\\/image\\\/\",\"url\":\"https:\\\/\\\/www.jaadisain.ee\\\/wp-content\\\/uploads\\\/2016\\\/02\\\/JAA-Disain-logo.jpg\",\"contentUrl\":\"https:\\\/\\\/www.jaadisain.ee\\\/wp-content\\\/uploads\\\/2016\\\/02\\\/JAA-Disain-logo.jpg\",\"width\":443,\"height\":259,\"caption\":\"JAA Disain\"},\"image\":{\"@id\":\"https:\\\/\\\/www.jaadisain.ee\\\/#\\\/schema\\\/logo\\\/image\\\/\"},\"sameAs\":[\"https:\\\/\\\/www.facebook.com\\\/JAA-Disain-156295277734632\\\/timeline\"]}]}<\/script>\n<!-- \/ Yoast SEO plugin. -->","yoast_head_json":{"title":"Valomainosten tuotanto - JAA Disain O\u00dc","description":"Valomainosten tuotanto nykyaikaisissa tuotantotiloissa ja ammattik\u00e4ytt\u00f6\u00f6n tarkoitetuilla v\u00e4lineill\u00e4. Lue lis\u00e4\u00e4 ja katso valmiit ty\u00f6t t\u00e4\u00e4lt\u00e4!","robots":{"index":"index","follow":"follow","max-snippet":"max-snippet:-1","max-image-preview":"max-image-preview:large","max-video-preview":"max-video-preview:-1"},"canonical":"https:\/\/www.jaadisain.ee\/fi\/meista\/valomainosten-tuotanto\/","og_locale":"fi_FI","og_type":"article","og_title":"Valomainosten tuotanto - JAA Disain O\u00dc","og_description":"Valomainosten tuotanto nykyaikaisissa tuotantotiloissa ja ammattik\u00e4ytt\u00f6\u00f6n tarkoitetuilla v\u00e4lineill\u00e4. Lue lis\u00e4\u00e4 ja katso valmiit ty\u00f6t t\u00e4\u00e4lt\u00e4!","og_url":"https:\/\/www.jaadisain.ee\/fi\/meista\/valomainosten-tuotanto\/","og_site_name":"JAA Disain","article_publisher":"https:\/\/www.facebook.com\/JAA-Disain-156295277734632\/timeline","article_modified_time":"2016-11-02T11:43:17+00:00","og_image":[{"url":"https:\/\/www.jaadisain.ee\/wp-content\/uploads\/2015\/11\/valgusreklaamide-tootmine-300x225.jpg","type":"","width":"","height":""}],"twitter_card":"summary_large_image","twitter_misc":{"Arvioitu lukuaika":"1 minuutti"},"schema":{"@context":"https:\/\/schema.org","@graph":[{"@type":"WebPage","@id":"https:\/\/www.jaadisain.ee\/fi\/meista\/valomainosten-tuotanto\/","url":"https:\/\/www.jaadisain.ee\/fi\/meista\/valomainosten-tuotanto\/","name":"Valomainosten tuotanto - JAA Disain O\u00dc","isPartOf":{"@id":"https:\/\/www.jaadisain.ee\/#website"},"primaryImageOfPage":{"@id":"https:\/\/www.jaadisain.ee\/fi\/meista\/valomainosten-tuotanto\/#primaryimage"},"image":{"@id":"https:\/\/www.jaadisain.ee\/fi\/meista\/valomainosten-tuotanto\/#primaryimage"},"thumbnailUrl":"https:\/\/www.jaadisain.ee\/wp-content\/uploads\/2015\/11\/valgusreklaamide-tootmine-300x225.jpg","datePublished":"2015-11-24T12:35:51+00:00","dateModified":"2016-11-02T11:43:17+00:00","description":"Valomainosten tuotanto nykyaikaisissa tuotantotiloissa ja ammattik\u00e4ytt\u00f6\u00f6n tarkoitetuilla v\u00e4lineill\u00e4. Lue lis\u00e4\u00e4 ja katso valmiit ty\u00f6t t\u00e4\u00e4lt\u00e4!","breadcrumb":{"@id":"https:\/\/www.jaadisain.ee\/fi\/meista\/valomainosten-tuotanto\/#breadcrumb"},"inLanguage":"fi","potentialAction":[{"@type":"ReadAction","target":["https:\/\/www.jaadisain.ee\/fi\/meista\/valomainosten-tuotanto\/"]}]},{"@type":"ImageObject","inLanguage":"fi","@id":"https:\/\/www.jaadisain.ee\/fi\/meista\/valomainosten-tuotanto\/#primaryimage","url":"https:\/\/www.jaadisain.ee\/wp-content\/uploads\/2015\/11\/valgusreklaamide-tootmine-300x225.jpg","contentUrl":"https:\/\/www.jaadisain.ee\/wp-content\/uploads\/2015\/11\/valgusreklaamide-tootmine-300x225.jpg"},{"@type":"BreadcrumbList","@id":"https:\/\/www.jaadisain.ee\/fi\/meista\/valomainosten-tuotanto\/#breadcrumb","itemListElement":[{"@type":"ListItem","position":1,"name":"Home","item":"https:\/\/www.jaadisain.ee\/fi\/"},{"@type":"ListItem","position":2,"name":"Meist\u00e4","item":"https:\/\/www.jaadisain.ee\/fi\/meista\/"},{"@type":"ListItem","position":3,"name":"Tuotanto"}]},{"@type":"WebSite","@id":"https:\/\/www.jaadisain.ee\/#website","url":"https:\/\/www.jaadisain.ee\/","name":"JAA Disain","description":"Valgusreklaamide tootja aastast 1993","publisher":{"@id":"https:\/\/www.jaadisain.ee\/#organization"},"potentialAction":[{"@type":"SearchAction","target":{"@type":"EntryPoint","urlTemplate":"https:\/\/www.jaadisain.ee\/?s={search_term_string}"},"query-input":{"@type":"PropertyValueSpecification","valueRequired":true,"valueName":"search_term_string"}}],"inLanguage":"fi"},{"@type":"Organization","@id":"https:\/\/www.jaadisain.ee\/#organization","name":"JAA Disain","url":"https:\/\/www.jaadisain.ee\/","logo":{"@type":"ImageObject","inLanguage":"fi","@id":"https:\/\/www.jaadisain.ee\/#\/schema\/logo\/image\/","url":"https:\/\/www.jaadisain.ee\/wp-content\/uploads\/2016\/02\/JAA-Disain-logo.jpg","contentUrl":"https:\/\/www.jaadisain.ee\/wp-content\/uploads\/2016\/02\/JAA-Disain-logo.jpg","width":443,"height":259,"caption":"JAA Disain"},"image":{"@id":"https:\/\/www.jaadisain.ee\/#\/schema\/logo\/image\/"},"sameAs":["https:\/\/www.facebook.com\/JAA-Disain-156295277734632\/timeline"]}]}},"_links":{"self":[{"href":"https:\/\/www.jaadisain.ee\/fi\/wp-json\/wp\/v2\/pages\/8798","targetHints":{"allow":["GET"]}}],"collection":[{"href":"https:\/\/www.jaadisain.ee\/fi\/wp-json\/wp\/v2\/pages"}],"about":[{"href":"https:\/\/www.jaadisain.ee\/fi\/wp-json\/wp\/v2\/types\/page"}],"author":[{"embeddable":true,"href":"https:\/\/www.jaadisain.ee\/fi\/wp-json\/wp\/v2\/users\/4"}],"replies":[{"embeddable":true,"href":"https:\/\/www.jaadisain.ee\/fi\/wp-json\/wp\/v2\/comments?post=8798"}],"version-history":[{"count":1,"href":"https:\/\/www.jaadisain.ee\/fi\/wp-json\/wp\/v2\/pages\/8798\/revisions"}],"predecessor-version":[{"id":9248,"href":"https:\/\/www.jaadisain.ee\/fi\/wp-json\/wp\/v2\/pages\/8798\/revisions\/9248"}],"up":[{"embeddable":true,"href":"https:\/\/www.jaadisain.ee\/fi\/wp-json\/wp\/v2\/pages\/9180"}],"wp:attachment":[{"href":"https:\/\/www.jaadisain.ee\/fi\/wp-json\/wp\/v2\/media?parent=8798"}],"curies":[{"name":"wp","href":"https:\/\/api.w.org\/{rel}","templated":true}]}}