{"id":8612,"date":"2015-12-04T17:40:51","date_gmt":"2015-12-04T17:40:51","guid":{"rendered":"http:\/\/www.jaadisain.ee\/fi\/led-tahvlid\/"},"modified":"2016-11-03T12:25:10","modified_gmt":"2016-11-03T10:25:10","slug":"led-taulut","status":"publish","type":"page","link":"https:\/\/www.jaadisain.ee\/fi\/ulkomainokset\/valokotelot-ja-mainostornit\/led-taulut\/","title":{"rendered":"Led-taulut"},"content":{"rendered":"<h1>LED-taulut<\/h1>\n<p>Ohuet led-taulut sopivat ikkunaan tai sein\u00e4lle. Led-tauluja on useita erikokoisia.<\/p>\n<p>Ledit ovat nyky\u00e4\u00e4n hyvin suosittuja, sill\u00e4 niit\u00e4 kehitet\u00e4\u00e4n jatkuvasti. Erilaisten ledien avulla voidaan toteuttaa sellaisia valaistuksia, jotka olisivat j\u00e4\u00e4neet viel\u00e4 muutama vuosi sitten tekem\u00e4tt\u00e4. Ledej\u00e4 k\u00e4ytet\u00e4\u00e4n yh\u00e4 enemm\u00e4n my\u00f6s suuremmissa valomainoksissa. Ledien laatu vaihtelee paljon. JAA Disain k\u00e4ytt\u00e4\u00e4 vain huippulaadukkaita ledej\u00e4 ja tarvikkeita. K\u00e4yt\u00e4nn\u00f6n kokemus on osoittanut, ett\u00e4 halvat ledit himmenev\u00e4t muutamassa vuodessa ja muuttuvat k\u00e4ytt\u00f6kelvottomiksi. Luota laatuun!<\/p>\n<h2>K\u00e4ytt\u00f6mahdollisuudet ja referenssit:<\/h2>\n","protected":false},"excerpt":{"rendered":"<p>LED-taulut Ohuet led-taulut sopivat ikkunaan tai sein\u00e4lle. Led-tauluja on useita erikokoisia. Ledit ovat nyky\u00e4\u00e4n hyvin suosittuja, sill\u00e4 niit\u00e4 kehitet\u00e4\u00e4n jatkuvasti. Erilaisten ledien avulla voidaan toteuttaa sellaisia valaistuksia, jotka olisivat j\u00e4\u00e4neet viel\u00e4 muutama vuosi sitten tekem\u00e4tt\u00e4. Ledej\u00e4 k\u00e4ytet\u00e4\u00e4n yh\u00e4 enemm\u00e4n my\u00f6s suuremmissa valomainoksissa. Ledien laatu vaihtelee paljon. JAA Disain k\u00e4ytt\u00e4\u00e4 vain huippulaadukkaita ledej\u00e4 ja tarvikkeita. K\u00e4yt\u00e4nn\u00f6n [&hellip;]<\/p>\n","protected":false},"author":4,"featured_media":8607,"parent":9107,"menu_order":3,"comment_status":"closed","ping_status":"closed","template":"","meta":{"_acf_changed":false,"footnotes":""},"class_list":["post-8612","page","type-page","status-publish","has-post-thumbnail","hentry"],"acf":[],"yoast_head":"<!-- This site is optimized with the Yoast SEO plugin v27.3 - https:\/\/yoast.com\/product\/yoast-seo-wordpress\/ -->\n<title>LED-taulut, -moduliit, -levyt ja -valaisimet - JAA Disain O\u00dc<\/title>\n<meta name=\"description\" content=\"LED-taulut mahdollistavat valaistuksia, joista muutama vuosi sitten ei osattu edes uneksia. Laadukkaat LED-moduulit kest\u00e4v\u00e4t pitk\u00e4\u00e4n.\" \/>\n<meta name=\"robots\" content=\"index, follow, max-snippet:-1, max-image-preview:large, max-video-preview:-1\" \/>\n<link rel=\"canonical\" href=\"https:\/\/www.jaadisain.ee\/fi\/ulkomainokset\/valokotelot-ja-mainostornit\/led-taulut\/\" \/>\n<meta property=\"og:locale\" content=\"fi_FI\" \/>\n<meta property=\"og:type\" content=\"article\" \/>\n<meta property=\"og:title\" content=\"LED-taulut, -moduliit, -levyt ja -valaisimet - JAA Disain O\u00dc\" \/>\n<meta property=\"og:description\" content=\"LED-taulut mahdollistavat valaistuksia, joista muutama vuosi sitten ei osattu edes uneksia. Laadukkaat LED-moduulit kest\u00e4v\u00e4t pitk\u00e4\u00e4n.\" \/>\n<meta property=\"og:url\" content=\"https:\/\/www.jaadisain.ee\/fi\/ulkomainokset\/valokotelot-ja-mainostornit\/led-taulut\/\" \/>\n<meta property=\"og:site_name\" content=\"JAA Disain\" \/>\n<meta property=\"article:publisher\" content=\"https:\/\/www.facebook.com\/JAA-Disain-156295277734632\/timeline\" \/>\n<meta property=\"article:modified_time\" content=\"2016-11-03T10:25:10+00:00\" \/>\n<meta property=\"og:image\" content=\"https:\/\/www.jaadisain.ee\/wp-content\/uploads\/2015\/12\/led-tahvel-prooptika.jpg\" \/>\n\t<meta property=\"og:image:width\" content=\"800\" \/>\n\t<meta property=\"og:image:height\" content=\"600\" \/>\n\t<meta property=\"og:image:type\" content=\"image\/jpeg\" \/>\n<meta name=\"twitter:card\" content=\"summary_large_image\" \/>\n<script type=\"application\/ld+json\" class=\"yoast-schema-graph\">{\"@context\":\"https:\\\/\\\/schema.org\",\"@graph\":[{\"@type\":\"WebPage\",\"@id\":\"https:\\\/\\\/www.jaadisain.ee\\\/fi\\\/ulkomainokset\\\/valokotelot-ja-mainostornit\\\/led-taulut\\\/\",\"url\":\"https:\\\/\\\/www.jaadisain.ee\\\/fi\\\/ulkomainokset\\\/valokotelot-ja-mainostornit\\\/led-taulut\\\/\",\"name\":\"LED-taulut, -moduliit, -levyt ja -valaisimet - JAA Disain O\u00dc\",\"isPartOf\":{\"@id\":\"https:\\\/\\\/www.jaadisain.ee\\\/#website\"},\"primaryImageOfPage\":{\"@id\":\"https:\\\/\\\/www.jaadisain.ee\\\/fi\\\/ulkomainokset\\\/valokotelot-ja-mainostornit\\\/led-taulut\\\/#primaryimage\"},\"image\":{\"@id\":\"https:\\\/\\\/www.jaadisain.ee\\\/fi\\\/ulkomainokset\\\/valokotelot-ja-mainostornit\\\/led-taulut\\\/#primaryimage\"},\"thumbnailUrl\":\"https:\\\/\\\/www.jaadisain.ee\\\/wp-content\\\/uploads\\\/2015\\\/12\\\/led-tahvel-prooptika.jpg\",\"datePublished\":\"2015-12-04T17:40:51+00:00\",\"dateModified\":\"2016-11-03T10:25:10+00:00\",\"description\":\"LED-taulut mahdollistavat valaistuksia, joista muutama vuosi sitten ei osattu edes uneksia. Laadukkaat LED-moduulit kest\u00e4v\u00e4t pitk\u00e4\u00e4n.\",\"breadcrumb\":{\"@id\":\"https:\\\/\\\/www.jaadisain.ee\\\/fi\\\/ulkomainokset\\\/valokotelot-ja-mainostornit\\\/led-taulut\\\/#breadcrumb\"},\"inLanguage\":\"fi\",\"potentialAction\":[{\"@type\":\"ReadAction\",\"target\":[\"https:\\\/\\\/www.jaadisain.ee\\\/fi\\\/ulkomainokset\\\/valokotelot-ja-mainostornit\\\/led-taulut\\\/\"]}]},{\"@type\":\"ImageObject\",\"inLanguage\":\"fi\",\"@id\":\"https:\\\/\\\/www.jaadisain.ee\\\/fi\\\/ulkomainokset\\\/valokotelot-ja-mainostornit\\\/led-taulut\\\/#primaryimage\",\"url\":\"https:\\\/\\\/www.jaadisain.ee\\\/wp-content\\\/uploads\\\/2015\\\/12\\\/led-tahvel-prooptika.jpg\",\"contentUrl\":\"https:\\\/\\\/www.jaadisain.ee\\\/wp-content\\\/uploads\\\/2015\\\/12\\\/led-tahvel-prooptika.jpg\",\"width\":800,\"height\":600,\"caption\":\"led-taulut\"},{\"@type\":\"BreadcrumbList\",\"@id\":\"https:\\\/\\\/www.jaadisain.ee\\\/fi\\\/ulkomainokset\\\/valokotelot-ja-mainostornit\\\/led-taulut\\\/#breadcrumb\",\"itemListElement\":[{\"@type\":\"ListItem\",\"position\":1,\"name\":\"Home\",\"item\":\"https:\\\/\\\/www.jaadisain.ee\\\/fi\\\/\"},{\"@type\":\"ListItem\",\"position\":2,\"name\":\"Tuotteet\",\"item\":\"https:\\\/\\\/www.jaadisain.ee\\\/fi\\\/ulkomainokset\\\/\"},{\"@type\":\"ListItem\",\"position\":3,\"name\":\"Valokotelot ja mainostornit\",\"item\":\"https:\\\/\\\/www.jaadisain.ee\\\/fi\\\/ulkomainokset\\\/valokotelot-ja-mainostornit\\\/\"},{\"@type\":\"ListItem\",\"position\":4,\"name\":\"Led-taulut\"}]},{\"@type\":\"WebSite\",\"@id\":\"https:\\\/\\\/www.jaadisain.ee\\\/#website\",\"url\":\"https:\\\/\\\/www.jaadisain.ee\\\/\",\"name\":\"JAA Disain\",\"description\":\"Valgusreklaamide tootja aastast 1993\",\"publisher\":{\"@id\":\"https:\\\/\\\/www.jaadisain.ee\\\/#organization\"},\"potentialAction\":[{\"@type\":\"SearchAction\",\"target\":{\"@type\":\"EntryPoint\",\"urlTemplate\":\"https:\\\/\\\/www.jaadisain.ee\\\/?s={search_term_string}\"},\"query-input\":{\"@type\":\"PropertyValueSpecification\",\"valueRequired\":true,\"valueName\":\"search_term_string\"}}],\"inLanguage\":\"fi\"},{\"@type\":\"Organization\",\"@id\":\"https:\\\/\\\/www.jaadisain.ee\\\/#organization\",\"name\":\"JAA Disain\",\"url\":\"https:\\\/\\\/www.jaadisain.ee\\\/\",\"logo\":{\"@type\":\"ImageObject\",\"inLanguage\":\"fi\",\"@id\":\"https:\\\/\\\/www.jaadisain.ee\\\/#\\\/schema\\\/logo\\\/image\\\/\",\"url\":\"https:\\\/\\\/www.jaadisain.ee\\\/wp-content\\\/uploads\\\/2016\\\/02\\\/JAA-Disain-logo.jpg\",\"contentUrl\":\"https:\\\/\\\/www.jaadisain.ee\\\/wp-content\\\/uploads\\\/2016\\\/02\\\/JAA-Disain-logo.jpg\",\"width\":443,\"height\":259,\"caption\":\"JAA Disain\"},\"image\":{\"@id\":\"https:\\\/\\\/www.jaadisain.ee\\\/#\\\/schema\\\/logo\\\/image\\\/\"},\"sameAs\":[\"https:\\\/\\\/www.facebook.com\\\/JAA-Disain-156295277734632\\\/timeline\"]}]}<\/script>\n<!-- \/ Yoast SEO plugin. -->","yoast_head_json":{"title":"LED-taulut, -moduliit, -levyt ja -valaisimet - JAA Disain O\u00dc","description":"LED-taulut mahdollistavat valaistuksia, joista muutama vuosi sitten ei osattu edes uneksia. Laadukkaat LED-moduulit kest\u00e4v\u00e4t pitk\u00e4\u00e4n.","robots":{"index":"index","follow":"follow","max-snippet":"max-snippet:-1","max-image-preview":"max-image-preview:large","max-video-preview":"max-video-preview:-1"},"canonical":"https:\/\/www.jaadisain.ee\/fi\/ulkomainokset\/valokotelot-ja-mainostornit\/led-taulut\/","og_locale":"fi_FI","og_type":"article","og_title":"LED-taulut, -moduliit, -levyt ja -valaisimet - JAA Disain O\u00dc","og_description":"LED-taulut mahdollistavat valaistuksia, joista muutama vuosi sitten ei osattu edes uneksia. Laadukkaat LED-moduulit kest\u00e4v\u00e4t pitk\u00e4\u00e4n.","og_url":"https:\/\/www.jaadisain.ee\/fi\/ulkomainokset\/valokotelot-ja-mainostornit\/led-taulut\/","og_site_name":"JAA Disain","article_publisher":"https:\/\/www.facebook.com\/JAA-Disain-156295277734632\/timeline","article_modified_time":"2016-11-03T10:25:10+00:00","og_image":[{"width":800,"height":600,"url":"https:\/\/www.jaadisain.ee\/wp-content\/uploads\/2015\/12\/led-tahvel-prooptika.jpg","type":"image\/jpeg"}],"twitter_card":"summary_large_image","schema":{"@context":"https:\/\/schema.org","@graph":[{"@type":"WebPage","@id":"https:\/\/www.jaadisain.ee\/fi\/ulkomainokset\/valokotelot-ja-mainostornit\/led-taulut\/","url":"https:\/\/www.jaadisain.ee\/fi\/ulkomainokset\/valokotelot-ja-mainostornit\/led-taulut\/","name":"LED-taulut, -moduliit, -levyt ja -valaisimet - JAA Disain O\u00dc","isPartOf":{"@id":"https:\/\/www.jaadisain.ee\/#website"},"primaryImageOfPage":{"@id":"https:\/\/www.jaadisain.ee\/fi\/ulkomainokset\/valokotelot-ja-mainostornit\/led-taulut\/#primaryimage"},"image":{"@id":"https:\/\/www.jaadisain.ee\/fi\/ulkomainokset\/valokotelot-ja-mainostornit\/led-taulut\/#primaryimage"},"thumbnailUrl":"https:\/\/www.jaadisain.ee\/wp-content\/uploads\/2015\/12\/led-tahvel-prooptika.jpg","datePublished":"2015-12-04T17:40:51+00:00","dateModified":"2016-11-03T10:25:10+00:00","description":"LED-taulut mahdollistavat valaistuksia, joista muutama vuosi sitten ei osattu edes uneksia. Laadukkaat LED-moduulit kest\u00e4v\u00e4t pitk\u00e4\u00e4n.","breadcrumb":{"@id":"https:\/\/www.jaadisain.ee\/fi\/ulkomainokset\/valokotelot-ja-mainostornit\/led-taulut\/#breadcrumb"},"inLanguage":"fi","potentialAction":[{"@type":"ReadAction","target":["https:\/\/www.jaadisain.ee\/fi\/ulkomainokset\/valokotelot-ja-mainostornit\/led-taulut\/"]}]},{"@type":"ImageObject","inLanguage":"fi","@id":"https:\/\/www.jaadisain.ee\/fi\/ulkomainokset\/valokotelot-ja-mainostornit\/led-taulut\/#primaryimage","url":"https:\/\/www.jaadisain.ee\/wp-content\/uploads\/2015\/12\/led-tahvel-prooptika.jpg","contentUrl":"https:\/\/www.jaadisain.ee\/wp-content\/uploads\/2015\/12\/led-tahvel-prooptika.jpg","width":800,"height":600,"caption":"led-taulut"},{"@type":"BreadcrumbList","@id":"https:\/\/www.jaadisain.ee\/fi\/ulkomainokset\/valokotelot-ja-mainostornit\/led-taulut\/#breadcrumb","itemListElement":[{"@type":"ListItem","position":1,"name":"Home","item":"https:\/\/www.jaadisain.ee\/fi\/"},{"@type":"ListItem","position":2,"name":"Tuotteet","item":"https:\/\/www.jaadisain.ee\/fi\/ulkomainokset\/"},{"@type":"ListItem","position":3,"name":"Valokotelot ja mainostornit","item":"https:\/\/www.jaadisain.ee\/fi\/ulkomainokset\/valokotelot-ja-mainostornit\/"},{"@type":"ListItem","position":4,"name":"Led-taulut"}]},{"@type":"WebSite","@id":"https:\/\/www.jaadisain.ee\/#website","url":"https:\/\/www.jaadisain.ee\/","name":"JAA Disain","description":"Valgusreklaamide tootja aastast 1993","publisher":{"@id":"https:\/\/www.jaadisain.ee\/#organization"},"potentialAction":[{"@type":"SearchAction","target":{"@type":"EntryPoint","urlTemplate":"https:\/\/www.jaadisain.ee\/?s={search_term_string}"},"query-input":{"@type":"PropertyValueSpecification","valueRequired":true,"valueName":"search_term_string"}}],"inLanguage":"fi"},{"@type":"Organization","@id":"https:\/\/www.jaadisain.ee\/#organization","name":"JAA Disain","url":"https:\/\/www.jaadisain.ee\/","logo":{"@type":"ImageObject","inLanguage":"fi","@id":"https:\/\/www.jaadisain.ee\/#\/schema\/logo\/image\/","url":"https:\/\/www.jaadisain.ee\/wp-content\/uploads\/2016\/02\/JAA-Disain-logo.jpg","contentUrl":"https:\/\/www.jaadisain.ee\/wp-content\/uploads\/2016\/02\/JAA-Disain-logo.jpg","width":443,"height":259,"caption":"JAA Disain"},"image":{"@id":"https:\/\/www.jaadisain.ee\/#\/schema\/logo\/image\/"},"sameAs":["https:\/\/www.facebook.com\/JAA-Disain-156295277734632\/timeline"]}]}},"_links":{"self":[{"href":"https:\/\/www.jaadisain.ee\/fi\/wp-json\/wp\/v2\/pages\/8612","targetHints":{"allow":["GET"]}}],"collection":[{"href":"https:\/\/www.jaadisain.ee\/fi\/wp-json\/wp\/v2\/pages"}],"about":[{"href":"https:\/\/www.jaadisain.ee\/fi\/wp-json\/wp\/v2\/types\/page"}],"author":[{"embeddable":true,"href":"https:\/\/www.jaadisain.ee\/fi\/wp-json\/wp\/v2\/users\/4"}],"replies":[{"embeddable":true,"href":"https:\/\/www.jaadisain.ee\/fi\/wp-json\/wp\/v2\/comments?post=8612"}],"version-history":[{"count":0,"href":"https:\/\/www.jaadisain.ee\/fi\/wp-json\/wp\/v2\/pages\/8612\/revisions"}],"up":[{"embeddable":true,"href":"https:\/\/www.jaadisain.ee\/fi\/wp-json\/wp\/v2\/pages\/9107"}],"wp:featuredmedia":[{"embeddable":true,"href":"https:\/\/www.jaadisain.ee\/fi\/wp-json\/wp\/v2\/media\/8607"}],"wp:attachment":[{"href":"https:\/\/www.jaadisain.ee\/fi\/wp-json\/wp\/v2\/media?parent=8612"}],"curies":[{"name":"wp","href":"https:\/\/api.w.org\/{rel}","templated":true}]}}