{"id":7986,"date":"2016-01-06T09:32:07","date_gmt":"2016-01-06T09:32:07","guid":{"rendered":"http:\/\/www.jaadisain.ee\/fi\/freesimine\/"},"modified":"2016-11-04T13:46:38","modified_gmt":"2016-11-04T11:46:38","slug":"cnc-jyrsinta","status":"publish","type":"page","link":"https:\/\/www.jaadisain.ee\/fi\/meista\/valomainosten-tuotanto\/cnc-jyrsinta\/","title":{"rendered":"CNC-jyrsint\u00e4"},"content":{"rendered":"<h1><a href=\"https:\/\/www.jaadisain.ee\/wp-content\/uploads\/2016\/01\/freesimine.jpg\" class=\"fancyboxx\"><img loading=\"lazy\" decoding=\"async\" class=\"alignright wp-image-2144 size-medium\" src=\"https:\/\/www.jaadisain.ee\/wp-content\/uploads\/2016\/01\/freesimine-300x225.jpg\" alt=\"cnc-jyrsint\u00e4\" width=\"300\" height=\"225\" srcset=\"https:\/\/www.jaadisain.ee\/wp-content\/uploads\/2016\/01\/freesimine-300x225.jpg 300w, https:\/\/www.jaadisain.ee\/wp-content\/uploads\/2016\/01\/freesimine-768x576.jpg 768w, https:\/\/www.jaadisain.ee\/wp-content\/uploads\/2016\/01\/freesimine-530x398.jpg 530w, https:\/\/www.jaadisain.ee\/wp-content\/uploads\/2016\/01\/freesimine.jpg 800w\" sizes=\"auto, (max-width: 300px) 100vw, 300px\" \/><\/a><\/h1>\n<h1>CNC-jyrsint\u00e4 tarjoaa monipuoliset k\u00e4ytt\u00f6mahdollisuudetdet<\/h1>\n<p>Laadukkaita valomainoksia ei voi nyky\u00e4\u00e4n valmistaa ilman jyrsint\u00e4\u00e4. Tuotannon tarkkuus, laatu ja nopeus edellytt\u00e4v\u00e4t ammattik\u00e4ytt\u00f6\u00f6n tarkoitettujen jyrsinten k\u00e4ytt\u00f6\u00e4. N\u00e4ill\u00e4 v\u00e4lineill\u00e4 ty\u00f6stet\u00e4\u00e4n useimpien valomainosten taka- ja etupinnat sek\u00e4 vaativien tilaust\u00f6iden yksityiskohdat. N\u00e4in varmistetaan laadukas ja tarkka lopputulos. CNC-jyrsint\u00e4\u00e4 voidaan k\u00e4ytt\u00e4\u00e4 lis\u00e4ksi muun muassa ovinumeroiden, avaimenperien sek\u00e4 akryylilasituotteiden valmistukseen.<\/p>\n<p>Teknisist\u00e4 ongelmista johtuvan seisokin v\u00e4ltt\u00e4miseksi JAA Disainilla on k\u00e4yt\u00f6ss\u00e4\u00e4n kaksi CNC-jyrsint\u00e4. N\u00e4in varmistamme sovittujen toimitusaikojen noudattamisen kiireisimpin\u00e4kin aikoina. CNC-jyrsimien leikkauspinta-alat ovat 3000 x 2000 mm ja 3000 x 1500 mm. N\u00e4in voidaan k\u00e4sitell\u00e4 my\u00f6s suurikokoisempia materiaaleja.<\/p>\n<p>CNC-jyrsimill\u00e4 voidaan leikata ja jyrsi\u00e4 useita erilaisia materiaaleja, kuten esimerkiksi maalattua metallia, akryylilasia, erilaisia muoveja, MDF-levyj\u00e4, puuta jne.<\/p>\n<p>Katsele cnc-jyrsittyj\u00e4 ja kaiverrettuja tuotteita <a href=\"https:\/\/www.jaadisain.ee\/fi\/ulkomainokset\/kaiverrukset-ja-jyrsinnat\/\"><strong>T\u00c4\u00c4LL\u00c4.<\/strong><\/a><\/p>\n","protected":false},"excerpt":{"rendered":"<p>CNC-jyrsint\u00e4 tarjoaa monipuoliset k\u00e4ytt\u00f6mahdollisuudetdet Laadukkaita valomainoksia ei voi nyky\u00e4\u00e4n valmistaa ilman jyrsint\u00e4\u00e4. Tuotannon tarkkuus, laatu ja nopeus edellytt\u00e4v\u00e4t ammattik\u00e4ytt\u00f6\u00f6n tarkoitettujen jyrsinten k\u00e4ytt\u00f6\u00e4. N\u00e4ill\u00e4 v\u00e4lineill\u00e4 ty\u00f6stet\u00e4\u00e4n useimpien valomainosten taka- ja etupinnat sek\u00e4 vaativien tilaust\u00f6iden yksityiskohdat. N\u00e4in varmistetaan laadukas ja tarkka lopputulos. CNC-jyrsint\u00e4\u00e4 voidaan k\u00e4ytt\u00e4\u00e4 lis\u00e4ksi muun muassa ovinumeroiden, avaimenperien sek\u00e4 akryylilasituotteiden valmistukseen. Teknisist\u00e4 ongelmista johtuvan seisokin [&hellip;]<\/p>\n","protected":false},"author":4,"featured_media":7970,"parent":8798,"menu_order":4,"comment_status":"closed","ping_status":"closed","template":"","meta":{"_acf_changed":false,"footnotes":""},"class_list":["post-7986","page","type-page","status-publish","has-post-thumbnail","hentry"],"acf":[],"yoast_head":"<!-- This site is optimized with the Yoast SEO plugin v27.3 - https:\/\/yoast.com\/product\/yoast-seo-wordpress\/ -->\n<title>Cnc-jyrsint\u00e4, cnc-jyrsint\u00e4palvelu - JAA Disain O\u00dc<\/title>\n<meta name=\"description\" content=\"Cnc-jyrsint\u00e4 on t\u00e4rke\u00e4 osa valomainosten valmistusta. Eri materiaaleja, kuten metallia, akryylilasia, muovia ja puuta voidaan jyrsi\u00e4.\" \/>\n<meta name=\"robots\" content=\"index, follow, max-snippet:-1, max-image-preview:large, max-video-preview:-1\" \/>\n<link rel=\"canonical\" href=\"https:\/\/www.jaadisain.ee\/fi\/meista\/valomainosten-tuotanto\/cnc-jyrsinta\/\" \/>\n<meta property=\"og:locale\" content=\"fi_FI\" \/>\n<meta property=\"og:type\" content=\"article\" \/>\n<meta property=\"og:title\" content=\"Cnc-jyrsint\u00e4, cnc-jyrsint\u00e4palvelu - JAA Disain O\u00dc\" \/>\n<meta property=\"og:description\" content=\"Cnc-jyrsint\u00e4 on t\u00e4rke\u00e4 osa valomainosten valmistusta. Eri materiaaleja, kuten metallia, akryylilasia, muovia ja puuta voidaan jyrsi\u00e4.\" \/>\n<meta property=\"og:url\" content=\"https:\/\/www.jaadisain.ee\/fi\/meista\/valomainosten-tuotanto\/cnc-jyrsinta\/\" \/>\n<meta property=\"og:site_name\" content=\"JAA Disain\" \/>\n<meta property=\"article:publisher\" content=\"https:\/\/www.facebook.com\/JAA-Disain-156295277734632\/timeline\" \/>\n<meta property=\"article:modified_time\" content=\"2016-11-04T11:46:38+00:00\" \/>\n<meta property=\"og:image\" content=\"https:\/\/www.jaadisain.ee\/wp-content\/uploads\/2016\/01\/freesimine.jpg\" \/>\n\t<meta property=\"og:image:width\" content=\"800\" \/>\n\t<meta property=\"og:image:height\" content=\"600\" \/>\n\t<meta property=\"og:image:type\" content=\"image\/jpeg\" \/>\n<meta name=\"twitter:card\" content=\"summary_large_image\" \/>\n<meta name=\"twitter:label1\" content=\"Arvioitu lukuaika\" \/>\n\t<meta name=\"twitter:data1\" content=\"1 minuutti\" \/>\n<script type=\"application\/ld+json\" class=\"yoast-schema-graph\">{\"@context\":\"https:\\\/\\\/schema.org\",\"@graph\":[{\"@type\":\"WebPage\",\"@id\":\"https:\\\/\\\/www.jaadisain.ee\\\/fi\\\/meista\\\/valomainosten-tuotanto\\\/cnc-jyrsinta\\\/\",\"url\":\"https:\\\/\\\/www.jaadisain.ee\\\/fi\\\/meista\\\/valomainosten-tuotanto\\\/cnc-jyrsinta\\\/\",\"name\":\"Cnc-jyrsint\u00e4, cnc-jyrsint\u00e4palvelu - JAA Disain O\u00dc\",\"isPartOf\":{\"@id\":\"https:\\\/\\\/www.jaadisain.ee\\\/#website\"},\"primaryImageOfPage\":{\"@id\":\"https:\\\/\\\/www.jaadisain.ee\\\/fi\\\/meista\\\/valomainosten-tuotanto\\\/cnc-jyrsinta\\\/#primaryimage\"},\"image\":{\"@id\":\"https:\\\/\\\/www.jaadisain.ee\\\/fi\\\/meista\\\/valomainosten-tuotanto\\\/cnc-jyrsinta\\\/#primaryimage\"},\"thumbnailUrl\":\"https:\\\/\\\/www.jaadisain.ee\\\/wp-content\\\/uploads\\\/2016\\\/01\\\/freesimine.jpg\",\"datePublished\":\"2016-01-06T09:32:07+00:00\",\"dateModified\":\"2016-11-04T11:46:38+00:00\",\"description\":\"Cnc-jyrsint\u00e4 on t\u00e4rke\u00e4 osa valomainosten valmistusta. Eri materiaaleja, kuten metallia, akryylilasia, muovia ja puuta voidaan jyrsi\u00e4.\",\"breadcrumb\":{\"@id\":\"https:\\\/\\\/www.jaadisain.ee\\\/fi\\\/meista\\\/valomainosten-tuotanto\\\/cnc-jyrsinta\\\/#breadcrumb\"},\"inLanguage\":\"fi\",\"potentialAction\":[{\"@type\":\"ReadAction\",\"target\":[\"https:\\\/\\\/www.jaadisain.ee\\\/fi\\\/meista\\\/valomainosten-tuotanto\\\/cnc-jyrsinta\\\/\"]}]},{\"@type\":\"ImageObject\",\"inLanguage\":\"fi\",\"@id\":\"https:\\\/\\\/www.jaadisain.ee\\\/fi\\\/meista\\\/valomainosten-tuotanto\\\/cnc-jyrsinta\\\/#primaryimage\",\"url\":\"https:\\\/\\\/www.jaadisain.ee\\\/wp-content\\\/uploads\\\/2016\\\/01\\\/freesimine.jpg\",\"contentUrl\":\"https:\\\/\\\/www.jaadisain.ee\\\/wp-content\\\/uploads\\\/2016\\\/01\\\/freesimine.jpg\",\"width\":800,\"height\":600},{\"@type\":\"BreadcrumbList\",\"@id\":\"https:\\\/\\\/www.jaadisain.ee\\\/fi\\\/meista\\\/valomainosten-tuotanto\\\/cnc-jyrsinta\\\/#breadcrumb\",\"itemListElement\":[{\"@type\":\"ListItem\",\"position\":1,\"name\":\"Home\",\"item\":\"https:\\\/\\\/www.jaadisain.ee\\\/fi\\\/\"},{\"@type\":\"ListItem\",\"position\":2,\"name\":\"Meist\u00e4\",\"item\":\"https:\\\/\\\/www.jaadisain.ee\\\/fi\\\/meista\\\/\"},{\"@type\":\"ListItem\",\"position\":3,\"name\":\"Tuotanto\",\"item\":\"https:\\\/\\\/www.jaadisain.ee\\\/fi\\\/meista\\\/valomainosten-tuotanto\\\/\"},{\"@type\":\"ListItem\",\"position\":4,\"name\":\"CNC-jyrsint\u00e4\"}]},{\"@type\":\"WebSite\",\"@id\":\"https:\\\/\\\/www.jaadisain.ee\\\/#website\",\"url\":\"https:\\\/\\\/www.jaadisain.ee\\\/\",\"name\":\"JAA Disain\",\"description\":\"Valgusreklaamide tootja aastast 1993\",\"publisher\":{\"@id\":\"https:\\\/\\\/www.jaadisain.ee\\\/#organization\"},\"potentialAction\":[{\"@type\":\"SearchAction\",\"target\":{\"@type\":\"EntryPoint\",\"urlTemplate\":\"https:\\\/\\\/www.jaadisain.ee\\\/?s={search_term_string}\"},\"query-input\":{\"@type\":\"PropertyValueSpecification\",\"valueRequired\":true,\"valueName\":\"search_term_string\"}}],\"inLanguage\":\"fi\"},{\"@type\":\"Organization\",\"@id\":\"https:\\\/\\\/www.jaadisain.ee\\\/#organization\",\"name\":\"JAA Disain\",\"url\":\"https:\\\/\\\/www.jaadisain.ee\\\/\",\"logo\":{\"@type\":\"ImageObject\",\"inLanguage\":\"fi\",\"@id\":\"https:\\\/\\\/www.jaadisain.ee\\\/#\\\/schema\\\/logo\\\/image\\\/\",\"url\":\"https:\\\/\\\/www.jaadisain.ee\\\/wp-content\\\/uploads\\\/2016\\\/02\\\/JAA-Disain-logo.jpg\",\"contentUrl\":\"https:\\\/\\\/www.jaadisain.ee\\\/wp-content\\\/uploads\\\/2016\\\/02\\\/JAA-Disain-logo.jpg\",\"width\":443,\"height\":259,\"caption\":\"JAA Disain\"},\"image\":{\"@id\":\"https:\\\/\\\/www.jaadisain.ee\\\/#\\\/schema\\\/logo\\\/image\\\/\"},\"sameAs\":[\"https:\\\/\\\/www.facebook.com\\\/JAA-Disain-156295277734632\\\/timeline\"]}]}<\/script>\n<!-- \/ Yoast SEO plugin. -->","yoast_head_json":{"title":"Cnc-jyrsint\u00e4, cnc-jyrsint\u00e4palvelu - JAA Disain O\u00dc","description":"Cnc-jyrsint\u00e4 on t\u00e4rke\u00e4 osa valomainosten valmistusta. Eri materiaaleja, kuten metallia, akryylilasia, muovia ja puuta voidaan jyrsi\u00e4.","robots":{"index":"index","follow":"follow","max-snippet":"max-snippet:-1","max-image-preview":"max-image-preview:large","max-video-preview":"max-video-preview:-1"},"canonical":"https:\/\/www.jaadisain.ee\/fi\/meista\/valomainosten-tuotanto\/cnc-jyrsinta\/","og_locale":"fi_FI","og_type":"article","og_title":"Cnc-jyrsint\u00e4, cnc-jyrsint\u00e4palvelu - JAA Disain O\u00dc","og_description":"Cnc-jyrsint\u00e4 on t\u00e4rke\u00e4 osa valomainosten valmistusta. Eri materiaaleja, kuten metallia, akryylilasia, muovia ja puuta voidaan jyrsi\u00e4.","og_url":"https:\/\/www.jaadisain.ee\/fi\/meista\/valomainosten-tuotanto\/cnc-jyrsinta\/","og_site_name":"JAA Disain","article_publisher":"https:\/\/www.facebook.com\/JAA-Disain-156295277734632\/timeline","article_modified_time":"2016-11-04T11:46:38+00:00","og_image":[{"width":800,"height":600,"url":"https:\/\/www.jaadisain.ee\/wp-content\/uploads\/2016\/01\/freesimine.jpg","type":"image\/jpeg"}],"twitter_card":"summary_large_image","twitter_misc":{"Arvioitu lukuaika":"1 minuutti"},"schema":{"@context":"https:\/\/schema.org","@graph":[{"@type":"WebPage","@id":"https:\/\/www.jaadisain.ee\/fi\/meista\/valomainosten-tuotanto\/cnc-jyrsinta\/","url":"https:\/\/www.jaadisain.ee\/fi\/meista\/valomainosten-tuotanto\/cnc-jyrsinta\/","name":"Cnc-jyrsint\u00e4, cnc-jyrsint\u00e4palvelu - JAA Disain O\u00dc","isPartOf":{"@id":"https:\/\/www.jaadisain.ee\/#website"},"primaryImageOfPage":{"@id":"https:\/\/www.jaadisain.ee\/fi\/meista\/valomainosten-tuotanto\/cnc-jyrsinta\/#primaryimage"},"image":{"@id":"https:\/\/www.jaadisain.ee\/fi\/meista\/valomainosten-tuotanto\/cnc-jyrsinta\/#primaryimage"},"thumbnailUrl":"https:\/\/www.jaadisain.ee\/wp-content\/uploads\/2016\/01\/freesimine.jpg","datePublished":"2016-01-06T09:32:07+00:00","dateModified":"2016-11-04T11:46:38+00:00","description":"Cnc-jyrsint\u00e4 on t\u00e4rke\u00e4 osa valomainosten valmistusta. Eri materiaaleja, kuten metallia, akryylilasia, muovia ja puuta voidaan jyrsi\u00e4.","breadcrumb":{"@id":"https:\/\/www.jaadisain.ee\/fi\/meista\/valomainosten-tuotanto\/cnc-jyrsinta\/#breadcrumb"},"inLanguage":"fi","potentialAction":[{"@type":"ReadAction","target":["https:\/\/www.jaadisain.ee\/fi\/meista\/valomainosten-tuotanto\/cnc-jyrsinta\/"]}]},{"@type":"ImageObject","inLanguage":"fi","@id":"https:\/\/www.jaadisain.ee\/fi\/meista\/valomainosten-tuotanto\/cnc-jyrsinta\/#primaryimage","url":"https:\/\/www.jaadisain.ee\/wp-content\/uploads\/2016\/01\/freesimine.jpg","contentUrl":"https:\/\/www.jaadisain.ee\/wp-content\/uploads\/2016\/01\/freesimine.jpg","width":800,"height":600},{"@type":"BreadcrumbList","@id":"https:\/\/www.jaadisain.ee\/fi\/meista\/valomainosten-tuotanto\/cnc-jyrsinta\/#breadcrumb","itemListElement":[{"@type":"ListItem","position":1,"name":"Home","item":"https:\/\/www.jaadisain.ee\/fi\/"},{"@type":"ListItem","position":2,"name":"Meist\u00e4","item":"https:\/\/www.jaadisain.ee\/fi\/meista\/"},{"@type":"ListItem","position":3,"name":"Tuotanto","item":"https:\/\/www.jaadisain.ee\/fi\/meista\/valomainosten-tuotanto\/"},{"@type":"ListItem","position":4,"name":"CNC-jyrsint\u00e4"}]},{"@type":"WebSite","@id":"https:\/\/www.jaadisain.ee\/#website","url":"https:\/\/www.jaadisain.ee\/","name":"JAA Disain","description":"Valgusreklaamide tootja aastast 1993","publisher":{"@id":"https:\/\/www.jaadisain.ee\/#organization"},"potentialAction":[{"@type":"SearchAction","target":{"@type":"EntryPoint","urlTemplate":"https:\/\/www.jaadisain.ee\/?s={search_term_string}"},"query-input":{"@type":"PropertyValueSpecification","valueRequired":true,"valueName":"search_term_string"}}],"inLanguage":"fi"},{"@type":"Organization","@id":"https:\/\/www.jaadisain.ee\/#organization","name":"JAA Disain","url":"https:\/\/www.jaadisain.ee\/","logo":{"@type":"ImageObject","inLanguage":"fi","@id":"https:\/\/www.jaadisain.ee\/#\/schema\/logo\/image\/","url":"https:\/\/www.jaadisain.ee\/wp-content\/uploads\/2016\/02\/JAA-Disain-logo.jpg","contentUrl":"https:\/\/www.jaadisain.ee\/wp-content\/uploads\/2016\/02\/JAA-Disain-logo.jpg","width":443,"height":259,"caption":"JAA Disain"},"image":{"@id":"https:\/\/www.jaadisain.ee\/#\/schema\/logo\/image\/"},"sameAs":["https:\/\/www.facebook.com\/JAA-Disain-156295277734632\/timeline"]}]}},"_links":{"self":[{"href":"https:\/\/www.jaadisain.ee\/fi\/wp-json\/wp\/v2\/pages\/7986","targetHints":{"allow":["GET"]}}],"collection":[{"href":"https:\/\/www.jaadisain.ee\/fi\/wp-json\/wp\/v2\/pages"}],"about":[{"href":"https:\/\/www.jaadisain.ee\/fi\/wp-json\/wp\/v2\/types\/page"}],"author":[{"embeddable":true,"href":"https:\/\/www.jaadisain.ee\/fi\/wp-json\/wp\/v2\/users\/4"}],"replies":[{"embeddable":true,"href":"https:\/\/www.jaadisain.ee\/fi\/wp-json\/wp\/v2\/comments?post=7986"}],"version-history":[{"count":0,"href":"https:\/\/www.jaadisain.ee\/fi\/wp-json\/wp\/v2\/pages\/7986\/revisions"}],"up":[{"embeddable":true,"href":"https:\/\/www.jaadisain.ee\/fi\/wp-json\/wp\/v2\/pages\/8798"}],"wp:featuredmedia":[{"embeddable":true,"href":"https:\/\/www.jaadisain.ee\/fi\/wp-json\/wp\/v2\/media\/7970"}],"wp:attachment":[{"href":"https:\/\/www.jaadisain.ee\/fi\/wp-json\/wp\/v2\/media?parent=7986"}],"curies":[{"name":"wp","href":"https:\/\/api.w.org\/{rel}","templated":true}]}}