{"id":7984,"date":"2016-01-06T09:34:29","date_gmt":"2016-01-06T09:34:29","guid":{"rendered":"http:\/\/www.jaadisain.ee\/fi\/keevitamine\/"},"modified":"2016-11-21T09:38:28","modified_gmt":"2016-11-21T07:38:28","slug":"hitsaus","status":"publish","type":"page","link":"https:\/\/www.jaadisain.ee\/fi\/meista\/valomainosten-tuotanto\/hitsaus\/","title":{"rendered":"Hitsaus"},"content":{"rendered":"<h1 style=\"text-align: left;\"><a href=\"https:\/\/www.jaadisain.ee\/wp-content\/uploads\/2016\/01\/keevitamine.jpg\" class=\"fancyboxx\"><img loading=\"lazy\" decoding=\"async\" class=\"alignright wp-image-2148 size-medium\" src=\"https:\/\/www.jaadisain.ee\/wp-content\/uploads\/2016\/01\/keevitamine-300x225.jpg\" alt=\"hitsaus\" width=\"300\" height=\"225\" srcset=\"https:\/\/www.jaadisain.ee\/wp-content\/uploads\/2016\/01\/keevitamine-300x225.jpg 300w, https:\/\/www.jaadisain.ee\/wp-content\/uploads\/2016\/01\/keevitamine-768x576.jpg 768w, https:\/\/www.jaadisain.ee\/wp-content\/uploads\/2016\/01\/keevitamine-530x398.jpg 530w, https:\/\/www.jaadisain.ee\/wp-content\/uploads\/2016\/01\/keevitamine.jpg 800w\" sizes=\"auto, (max-width: 300px) 100vw, 300px\" \/><\/a>Mainosrakenteiden hitsaus<\/h1>\n<p>Mainosten alumiinirakenteiden hitsaus on JAA Disainissa p\u00e4teviss\u00e4 k\u00e4siss\u00e4 ja meill\u00e4 on siihen kaikki tarvittava. Hitsaamme suuret rakenteet ja pienet yksityiskohdat. Ammattilaisemme hitsaavat alumiiniset mainosrakenteet kest\u00e4viksi kokonaisuuksiksi.<\/p>\n","protected":false},"excerpt":{"rendered":"<p>Mainosrakenteiden hitsaus Mainosten alumiinirakenteiden hitsaus on JAA Disainissa p\u00e4teviss\u00e4 k\u00e4siss\u00e4 ja meill\u00e4 on siihen kaikki tarvittava. Hitsaamme suuret rakenteet ja pienet yksityiskohdat. Ammattilaisemme hitsaavat alumiiniset mainosrakenteet kest\u00e4viksi kokonaisuuksiksi.<\/p>\n","protected":false},"author":4,"featured_media":7985,"parent":8798,"menu_order":5,"comment_status":"closed","ping_status":"closed","template":"","meta":{"_acf_changed":false,"footnotes":""},"class_list":["post-7984","page","type-page","status-publish","has-post-thumbnail","hentry"],"acf":[],"yoast_head":"<!-- This site is optimized with the Yoast SEO plugin v27.3 - https:\/\/yoast.com\/product\/yoast-seo-wordpress\/ -->\n<title>Hitsaus - Tutustu valikoimaan t\u00e4\u00e4ll\u00e4 - JAA Disain O\u00dc<\/title>\n<meta name=\"description\" content=\"Mainosten alumiinirakenteiden hitsaus on JAA Disainissa p\u00e4teviss\u00e4 k\u00e4siss\u00e4 ja meill\u00e4 on kaikki tarvittava pieniin ja suuriin t\u00f6ihin.\" \/>\n<meta name=\"robots\" content=\"index, follow, max-snippet:-1, max-image-preview:large, max-video-preview:-1\" \/>\n<link rel=\"canonical\" href=\"https:\/\/www.jaadisain.ee\/fi\/meista\/valomainosten-tuotanto\/hitsaus\/\" \/>\n<meta property=\"og:locale\" content=\"fi_FI\" \/>\n<meta property=\"og:type\" content=\"article\" \/>\n<meta property=\"og:title\" content=\"Hitsaus - Tutustu valikoimaan t\u00e4\u00e4ll\u00e4 - JAA Disain O\u00dc\" \/>\n<meta property=\"og:description\" content=\"Mainosten alumiinirakenteiden hitsaus on JAA Disainissa p\u00e4teviss\u00e4 k\u00e4siss\u00e4 ja meill\u00e4 on kaikki tarvittava pieniin ja suuriin t\u00f6ihin.\" \/>\n<meta property=\"og:url\" content=\"https:\/\/www.jaadisain.ee\/fi\/meista\/valomainosten-tuotanto\/hitsaus\/\" \/>\n<meta property=\"og:site_name\" content=\"JAA Disain\" \/>\n<meta property=\"article:publisher\" content=\"https:\/\/www.facebook.com\/JAA-Disain-156295277734632\/timeline\" \/>\n<meta property=\"article:modified_time\" content=\"2016-11-21T07:38:28+00:00\" \/>\n<meta property=\"og:image\" content=\"https:\/\/www.jaadisain.ee\/wp-content\/uploads\/2016\/01\/keevitamine.jpg\" \/>\n\t<meta property=\"og:image:width\" content=\"800\" \/>\n\t<meta property=\"og:image:height\" content=\"600\" \/>\n\t<meta property=\"og:image:type\" content=\"image\/jpeg\" \/>\n<meta name=\"twitter:card\" content=\"summary_large_image\" \/>\n<script type=\"application\/ld+json\" class=\"yoast-schema-graph\">{\"@context\":\"https:\\\/\\\/schema.org\",\"@graph\":[{\"@type\":\"WebPage\",\"@id\":\"https:\\\/\\\/www.jaadisain.ee\\\/fi\\\/meista\\\/valomainosten-tuotanto\\\/hitsaus\\\/\",\"url\":\"https:\\\/\\\/www.jaadisain.ee\\\/fi\\\/meista\\\/valomainosten-tuotanto\\\/hitsaus\\\/\",\"name\":\"Hitsaus - Tutustu valikoimaan t\u00e4\u00e4ll\u00e4 - JAA Disain O\u00dc\",\"isPartOf\":{\"@id\":\"https:\\\/\\\/www.jaadisain.ee\\\/#website\"},\"primaryImageOfPage\":{\"@id\":\"https:\\\/\\\/www.jaadisain.ee\\\/fi\\\/meista\\\/valomainosten-tuotanto\\\/hitsaus\\\/#primaryimage\"},\"image\":{\"@id\":\"https:\\\/\\\/www.jaadisain.ee\\\/fi\\\/meista\\\/valomainosten-tuotanto\\\/hitsaus\\\/#primaryimage\"},\"thumbnailUrl\":\"https:\\\/\\\/www.jaadisain.ee\\\/wp-content\\\/uploads\\\/2016\\\/01\\\/keevitamine.jpg\",\"datePublished\":\"2016-01-06T09:34:29+00:00\",\"dateModified\":\"2016-11-21T07:38:28+00:00\",\"description\":\"Mainosten alumiinirakenteiden hitsaus on JAA Disainissa p\u00e4teviss\u00e4 k\u00e4siss\u00e4 ja meill\u00e4 on kaikki tarvittava pieniin ja suuriin t\u00f6ihin.\",\"breadcrumb\":{\"@id\":\"https:\\\/\\\/www.jaadisain.ee\\\/fi\\\/meista\\\/valomainosten-tuotanto\\\/hitsaus\\\/#breadcrumb\"},\"inLanguage\":\"fi\",\"potentialAction\":[{\"@type\":\"ReadAction\",\"target\":[\"https:\\\/\\\/www.jaadisain.ee\\\/fi\\\/meista\\\/valomainosten-tuotanto\\\/hitsaus\\\/\"]}]},{\"@type\":\"ImageObject\",\"inLanguage\":\"fi\",\"@id\":\"https:\\\/\\\/www.jaadisain.ee\\\/fi\\\/meista\\\/valomainosten-tuotanto\\\/hitsaus\\\/#primaryimage\",\"url\":\"https:\\\/\\\/www.jaadisain.ee\\\/wp-content\\\/uploads\\\/2016\\\/01\\\/keevitamine.jpg\",\"contentUrl\":\"https:\\\/\\\/www.jaadisain.ee\\\/wp-content\\\/uploads\\\/2016\\\/01\\\/keevitamine.jpg\",\"width\":800,\"height\":600},{\"@type\":\"BreadcrumbList\",\"@id\":\"https:\\\/\\\/www.jaadisain.ee\\\/fi\\\/meista\\\/valomainosten-tuotanto\\\/hitsaus\\\/#breadcrumb\",\"itemListElement\":[{\"@type\":\"ListItem\",\"position\":1,\"name\":\"Home\",\"item\":\"https:\\\/\\\/www.jaadisain.ee\\\/fi\\\/\"},{\"@type\":\"ListItem\",\"position\":2,\"name\":\"Meist\u00e4\",\"item\":\"https:\\\/\\\/www.jaadisain.ee\\\/fi\\\/meista\\\/\"},{\"@type\":\"ListItem\",\"position\":3,\"name\":\"Tuotanto\",\"item\":\"https:\\\/\\\/www.jaadisain.ee\\\/fi\\\/meista\\\/valomainosten-tuotanto\\\/\"},{\"@type\":\"ListItem\",\"position\":4,\"name\":\"Hitsaus\"}]},{\"@type\":\"WebSite\",\"@id\":\"https:\\\/\\\/www.jaadisain.ee\\\/#website\",\"url\":\"https:\\\/\\\/www.jaadisain.ee\\\/\",\"name\":\"JAA Disain\",\"description\":\"Valgusreklaamide tootja aastast 1993\",\"publisher\":{\"@id\":\"https:\\\/\\\/www.jaadisain.ee\\\/#organization\"},\"potentialAction\":[{\"@type\":\"SearchAction\",\"target\":{\"@type\":\"EntryPoint\",\"urlTemplate\":\"https:\\\/\\\/www.jaadisain.ee\\\/?s={search_term_string}\"},\"query-input\":{\"@type\":\"PropertyValueSpecification\",\"valueRequired\":true,\"valueName\":\"search_term_string\"}}],\"inLanguage\":\"fi\"},{\"@type\":\"Organization\",\"@id\":\"https:\\\/\\\/www.jaadisain.ee\\\/#organization\",\"name\":\"JAA Disain\",\"url\":\"https:\\\/\\\/www.jaadisain.ee\\\/\",\"logo\":{\"@type\":\"ImageObject\",\"inLanguage\":\"fi\",\"@id\":\"https:\\\/\\\/www.jaadisain.ee\\\/#\\\/schema\\\/logo\\\/image\\\/\",\"url\":\"https:\\\/\\\/www.jaadisain.ee\\\/wp-content\\\/uploads\\\/2016\\\/02\\\/JAA-Disain-logo.jpg\",\"contentUrl\":\"https:\\\/\\\/www.jaadisain.ee\\\/wp-content\\\/uploads\\\/2016\\\/02\\\/JAA-Disain-logo.jpg\",\"width\":443,\"height\":259,\"caption\":\"JAA Disain\"},\"image\":{\"@id\":\"https:\\\/\\\/www.jaadisain.ee\\\/#\\\/schema\\\/logo\\\/image\\\/\"},\"sameAs\":[\"https:\\\/\\\/www.facebook.com\\\/JAA-Disain-156295277734632\\\/timeline\"]}]}<\/script>\n<!-- \/ Yoast SEO plugin. -->","yoast_head_json":{"title":"Hitsaus - Tutustu valikoimaan t\u00e4\u00e4ll\u00e4 - JAA Disain O\u00dc","description":"Mainosten alumiinirakenteiden hitsaus on JAA Disainissa p\u00e4teviss\u00e4 k\u00e4siss\u00e4 ja meill\u00e4 on kaikki tarvittava pieniin ja suuriin t\u00f6ihin.","robots":{"index":"index","follow":"follow","max-snippet":"max-snippet:-1","max-image-preview":"max-image-preview:large","max-video-preview":"max-video-preview:-1"},"canonical":"https:\/\/www.jaadisain.ee\/fi\/meista\/valomainosten-tuotanto\/hitsaus\/","og_locale":"fi_FI","og_type":"article","og_title":"Hitsaus - Tutustu valikoimaan t\u00e4\u00e4ll\u00e4 - JAA Disain O\u00dc","og_description":"Mainosten alumiinirakenteiden hitsaus on JAA Disainissa p\u00e4teviss\u00e4 k\u00e4siss\u00e4 ja meill\u00e4 on kaikki tarvittava pieniin ja suuriin t\u00f6ihin.","og_url":"https:\/\/www.jaadisain.ee\/fi\/meista\/valomainosten-tuotanto\/hitsaus\/","og_site_name":"JAA Disain","article_publisher":"https:\/\/www.facebook.com\/JAA-Disain-156295277734632\/timeline","article_modified_time":"2016-11-21T07:38:28+00:00","og_image":[{"width":800,"height":600,"url":"https:\/\/www.jaadisain.ee\/wp-content\/uploads\/2016\/01\/keevitamine.jpg","type":"image\/jpeg"}],"twitter_card":"summary_large_image","schema":{"@context":"https:\/\/schema.org","@graph":[{"@type":"WebPage","@id":"https:\/\/www.jaadisain.ee\/fi\/meista\/valomainosten-tuotanto\/hitsaus\/","url":"https:\/\/www.jaadisain.ee\/fi\/meista\/valomainosten-tuotanto\/hitsaus\/","name":"Hitsaus - Tutustu valikoimaan t\u00e4\u00e4ll\u00e4 - JAA Disain O\u00dc","isPartOf":{"@id":"https:\/\/www.jaadisain.ee\/#website"},"primaryImageOfPage":{"@id":"https:\/\/www.jaadisain.ee\/fi\/meista\/valomainosten-tuotanto\/hitsaus\/#primaryimage"},"image":{"@id":"https:\/\/www.jaadisain.ee\/fi\/meista\/valomainosten-tuotanto\/hitsaus\/#primaryimage"},"thumbnailUrl":"https:\/\/www.jaadisain.ee\/wp-content\/uploads\/2016\/01\/keevitamine.jpg","datePublished":"2016-01-06T09:34:29+00:00","dateModified":"2016-11-21T07:38:28+00:00","description":"Mainosten alumiinirakenteiden hitsaus on JAA Disainissa p\u00e4teviss\u00e4 k\u00e4siss\u00e4 ja meill\u00e4 on kaikki tarvittava pieniin ja suuriin t\u00f6ihin.","breadcrumb":{"@id":"https:\/\/www.jaadisain.ee\/fi\/meista\/valomainosten-tuotanto\/hitsaus\/#breadcrumb"},"inLanguage":"fi","potentialAction":[{"@type":"ReadAction","target":["https:\/\/www.jaadisain.ee\/fi\/meista\/valomainosten-tuotanto\/hitsaus\/"]}]},{"@type":"ImageObject","inLanguage":"fi","@id":"https:\/\/www.jaadisain.ee\/fi\/meista\/valomainosten-tuotanto\/hitsaus\/#primaryimage","url":"https:\/\/www.jaadisain.ee\/wp-content\/uploads\/2016\/01\/keevitamine.jpg","contentUrl":"https:\/\/www.jaadisain.ee\/wp-content\/uploads\/2016\/01\/keevitamine.jpg","width":800,"height":600},{"@type":"BreadcrumbList","@id":"https:\/\/www.jaadisain.ee\/fi\/meista\/valomainosten-tuotanto\/hitsaus\/#breadcrumb","itemListElement":[{"@type":"ListItem","position":1,"name":"Home","item":"https:\/\/www.jaadisain.ee\/fi\/"},{"@type":"ListItem","position":2,"name":"Meist\u00e4","item":"https:\/\/www.jaadisain.ee\/fi\/meista\/"},{"@type":"ListItem","position":3,"name":"Tuotanto","item":"https:\/\/www.jaadisain.ee\/fi\/meista\/valomainosten-tuotanto\/"},{"@type":"ListItem","position":4,"name":"Hitsaus"}]},{"@type":"WebSite","@id":"https:\/\/www.jaadisain.ee\/#website","url":"https:\/\/www.jaadisain.ee\/","name":"JAA Disain","description":"Valgusreklaamide tootja aastast 1993","publisher":{"@id":"https:\/\/www.jaadisain.ee\/#organization"},"potentialAction":[{"@type":"SearchAction","target":{"@type":"EntryPoint","urlTemplate":"https:\/\/www.jaadisain.ee\/?s={search_term_string}"},"query-input":{"@type":"PropertyValueSpecification","valueRequired":true,"valueName":"search_term_string"}}],"inLanguage":"fi"},{"@type":"Organization","@id":"https:\/\/www.jaadisain.ee\/#organization","name":"JAA Disain","url":"https:\/\/www.jaadisain.ee\/","logo":{"@type":"ImageObject","inLanguage":"fi","@id":"https:\/\/www.jaadisain.ee\/#\/schema\/logo\/image\/","url":"https:\/\/www.jaadisain.ee\/wp-content\/uploads\/2016\/02\/JAA-Disain-logo.jpg","contentUrl":"https:\/\/www.jaadisain.ee\/wp-content\/uploads\/2016\/02\/JAA-Disain-logo.jpg","width":443,"height":259,"caption":"JAA Disain"},"image":{"@id":"https:\/\/www.jaadisain.ee\/#\/schema\/logo\/image\/"},"sameAs":["https:\/\/www.facebook.com\/JAA-Disain-156295277734632\/timeline"]}]}},"_links":{"self":[{"href":"https:\/\/www.jaadisain.ee\/fi\/wp-json\/wp\/v2\/pages\/7984","targetHints":{"allow":["GET"]}}],"collection":[{"href":"https:\/\/www.jaadisain.ee\/fi\/wp-json\/wp\/v2\/pages"}],"about":[{"href":"https:\/\/www.jaadisain.ee\/fi\/wp-json\/wp\/v2\/types\/page"}],"author":[{"embeddable":true,"href":"https:\/\/www.jaadisain.ee\/fi\/wp-json\/wp\/v2\/users\/4"}],"replies":[{"embeddable":true,"href":"https:\/\/www.jaadisain.ee\/fi\/wp-json\/wp\/v2\/comments?post=7984"}],"version-history":[{"count":1,"href":"https:\/\/www.jaadisain.ee\/fi\/wp-json\/wp\/v2\/pages\/7984\/revisions"}],"predecessor-version":[{"id":9597,"href":"https:\/\/www.jaadisain.ee\/fi\/wp-json\/wp\/v2\/pages\/7984\/revisions\/9597"}],"up":[{"embeddable":true,"href":"https:\/\/www.jaadisain.ee\/fi\/wp-json\/wp\/v2\/pages\/8798"}],"wp:featuredmedia":[{"embeddable":true,"href":"https:\/\/www.jaadisain.ee\/fi\/wp-json\/wp\/v2\/media\/7985"}],"wp:attachment":[{"href":"https:\/\/www.jaadisain.ee\/fi\/wp-json\/wp\/v2\/media?parent=7984"}],"curies":[{"name":"wp","href":"https:\/\/api.w.org\/{rel}","templated":true}]}}