{"id":7982,"date":"2016-01-06T09:36:16","date_gmt":"2016-01-06T09:36:16","guid":{"rendered":"http:\/\/www.jaadisain.ee\/fi\/soidukite-kleepimine\/"},"modified":"2016-11-03T14:50:35","modified_gmt":"2016-11-03T12:50:35","slug":"auton-teippaus","status":"publish","type":"page","link":"https:\/\/www.jaadisain.ee\/fi\/meista\/valomainosten-tuotanto\/auton-teippaus\/","title":{"rendered":"Auton teippaus"},"content":{"rendered":"<h1><a href=\"https:\/\/www.jaadisain.ee\/wp-content\/uploads\/2016\/01\/soidukite-kiletamine.jpg\" class=\"fancyboxx\"><img loading=\"lazy\" decoding=\"async\" class=\"alignright wp-image-2151 size-medium\" src=\"https:\/\/www.jaadisain.ee\/wp-content\/uploads\/2016\/01\/soidukite-kiletamine-300x225.jpg\" alt=\"auton teippaus\" width=\"300\" height=\"225\" srcset=\"https:\/\/www.jaadisain.ee\/wp-content\/uploads\/2016\/01\/soidukite-kiletamine-300x225.jpg 300w, https:\/\/www.jaadisain.ee\/wp-content\/uploads\/2016\/01\/soidukite-kiletamine-768x576.jpg 768w, https:\/\/www.jaadisain.ee\/wp-content\/uploads\/2016\/01\/soidukite-kiletamine-530x398.jpg 530w, https:\/\/www.jaadisain.ee\/wp-content\/uploads\/2016\/01\/soidukite-kiletamine.jpg 800w\" sizes=\"auto, (max-width: 300px) 100vw, 300px\" \/><\/a><\/h1>\n<h1>Auton teippaus<\/h1>\n<p>N\u00e4iss\u00e4 tiloissa teipataan pienempi\u00e4 ajoneuvoja Tiloissa on l\u00e4mmitys sek\u00e4 kaikki tarvittava auton teippausta varten. Viereisess\u00e4 rakennuksessa toimii autopesula, joten tarvittaessa voimme my\u00f6s j\u00e4rjest\u00e4\u00e4 autojen k\u00e4sinpesun ennen auton teippausta. Auton voi j\u00e4tt\u00e4\u00e4 l\u00e4mmitettyihin tiloihin my\u00f6s y\u00f6ksi. Voit tuoda meille likaisen auton ja palautamme sinulle puhtaan, mainoksilla varustetun auton.<\/p>\n<p>Auton teippaus on loistava tapa mainostaa yrityst\u00e4 ja pirist\u00e4\u00e4 samalla harmaata katukuvaa. Jatkuvasti liikenn\u00f6iv\u00e4t autot viev\u00e4t mainokset kaikkialle l\u00e4hi\u00f6ist\u00e4 kotipihaan saakka. Autoihin teipatut mainokset eiv\u00e4t j\u00e4\u00e4 huomaamatta muilta liikenteess\u00e4 liikkujilta tai kadunvarsilla asuvilta. Yrityksen autoihin kannattaa teipata my\u00f6s pienempi\u00e4 mainoksia, jotta asiakkaat ja yhteisty\u00f6kumppanit tunnistaisivat saapuvan auton jo kaukaa, mik\u00e4 her\u00e4tt\u00e4\u00e4 luottamusta. Emme teippaa pelk\u00e4st\u00e4\u00e4n autoja, ja olemme teipanneet my\u00f6s kaikenalaisia muita liikennev\u00e4lineit\u00e4, muun muassa junia, linja-autoja, purjeveneit\u00e4, moottoriveneit\u00e4, moottoripy\u00f6ri\u00e4, polkupy\u00f6ri\u00e4, lentokoneita jne. Eli voimme teipata tarroja kaikkeen liikkuvaan.<\/p>\n<h2>Kaikenlaisia liikennev\u00e4lineit\u00e4 voi teipata:<\/h2>\n<ul>\n<li>henkil\u00f6autot<\/li>\n<li>kuorma-autot<\/li>\n<li>pakettiautot<\/li>\n<li>junat<\/li>\n<li>per\u00e4vaunut jne.<\/li>\n<\/ul>\n<p>Tutustu autojen teippaukseen <a href=\"https:\/\/www.jaadisain.ee\/fi\/ulkomainokset\/tarrat\/autotarrat\/\"><strong>T\u00c4\u00c4LL\u00c4.<\/strong><\/a><\/p>\n","protected":false},"excerpt":{"rendered":"<p>Auton teippaus N\u00e4iss\u00e4 tiloissa teipataan pienempi\u00e4 ajoneuvoja Tiloissa on l\u00e4mmitys sek\u00e4 kaikki tarvittava auton teippausta varten. Viereisess\u00e4 rakennuksessa toimii autopesula, joten tarvittaessa voimme my\u00f6s j\u00e4rjest\u00e4\u00e4 autojen k\u00e4sinpesun ennen auton teippausta. Auton voi j\u00e4tt\u00e4\u00e4 l\u00e4mmitettyihin tiloihin my\u00f6s y\u00f6ksi. Voit tuoda meille likaisen auton ja palautamme sinulle puhtaan, mainoksilla varustetun auton. Auton teippaus on loistava tapa mainostaa [&hellip;]<\/p>\n","protected":false},"author":4,"featured_media":7983,"parent":8798,"menu_order":6,"comment_status":"closed","ping_status":"closed","template":"","meta":{"_acf_changed":false,"footnotes":""},"class_list":["post-7982","page","type-page","status-publish","has-post-thumbnail","hentry"],"acf":[],"yoast_head":"<!-- This site is optimized with the Yoast SEO plugin v27.3 - https:\/\/yoast.com\/product\/yoast-seo-wordpress\/ -->\n<title>Auton teippaus - JAA Disain O\u00dc<\/title>\n<meta name=\"description\" content=\"Auton teippaus - ainutlaatuinen tapa mainostaa yrityst\u00e4 harmaassa katukuvassa. Voit teipata autot, pakettiautot, kuorma-autot, per\u00e4vaunut, junat jne.\" \/>\n<meta name=\"robots\" content=\"index, follow, max-snippet:-1, max-image-preview:large, max-video-preview:-1\" \/>\n<link rel=\"canonical\" href=\"https:\/\/www.jaadisain.ee\/fi\/meista\/valomainosten-tuotanto\/auton-teippaus\/\" \/>\n<meta property=\"og:locale\" content=\"fi_FI\" \/>\n<meta property=\"og:type\" content=\"article\" \/>\n<meta property=\"og:title\" content=\"Auton teippaus - JAA Disain O\u00dc\" \/>\n<meta property=\"og:description\" content=\"Auton teippaus - ainutlaatuinen tapa mainostaa yrityst\u00e4 harmaassa katukuvassa. Voit teipata autot, pakettiautot, kuorma-autot, per\u00e4vaunut, junat jne.\" \/>\n<meta property=\"og:url\" content=\"https:\/\/www.jaadisain.ee\/fi\/meista\/valomainosten-tuotanto\/auton-teippaus\/\" \/>\n<meta property=\"og:site_name\" content=\"JAA Disain\" \/>\n<meta property=\"article:publisher\" content=\"https:\/\/www.facebook.com\/JAA-Disain-156295277734632\/timeline\" \/>\n<meta property=\"article:modified_time\" content=\"2016-11-03T12:50:35+00:00\" \/>\n<meta property=\"og:image\" content=\"https:\/\/www.jaadisain.ee\/wp-content\/uploads\/2016\/01\/soidukite-kiletamine.jpg\" \/>\n\t<meta property=\"og:image:width\" content=\"800\" \/>\n\t<meta property=\"og:image:height\" content=\"600\" \/>\n\t<meta property=\"og:image:type\" content=\"image\/jpeg\" \/>\n<meta name=\"twitter:card\" content=\"summary_large_image\" \/>\n<meta name=\"twitter:label1\" content=\"Arvioitu lukuaika\" \/>\n\t<meta name=\"twitter:data1\" content=\"1 minuutti\" \/>\n<script type=\"application\/ld+json\" class=\"yoast-schema-graph\">{\"@context\":\"https:\\\/\\\/schema.org\",\"@graph\":[{\"@type\":\"WebPage\",\"@id\":\"https:\\\/\\\/www.jaadisain.ee\\\/fi\\\/meista\\\/valomainosten-tuotanto\\\/auton-teippaus\\\/\",\"url\":\"https:\\\/\\\/www.jaadisain.ee\\\/fi\\\/meista\\\/valomainosten-tuotanto\\\/auton-teippaus\\\/\",\"name\":\"Auton teippaus - JAA Disain O\u00dc\",\"isPartOf\":{\"@id\":\"https:\\\/\\\/www.jaadisain.ee\\\/#website\"},\"primaryImageOfPage\":{\"@id\":\"https:\\\/\\\/www.jaadisain.ee\\\/fi\\\/meista\\\/valomainosten-tuotanto\\\/auton-teippaus\\\/#primaryimage\"},\"image\":{\"@id\":\"https:\\\/\\\/www.jaadisain.ee\\\/fi\\\/meista\\\/valomainosten-tuotanto\\\/auton-teippaus\\\/#primaryimage\"},\"thumbnailUrl\":\"https:\\\/\\\/www.jaadisain.ee\\\/wp-content\\\/uploads\\\/2016\\\/01\\\/soidukite-kiletamine.jpg\",\"datePublished\":\"2016-01-06T09:36:16+00:00\",\"dateModified\":\"2016-11-03T12:50:35+00:00\",\"description\":\"Auton teippaus - ainutlaatuinen tapa mainostaa yrityst\u00e4 harmaassa katukuvassa. Voit teipata autot, pakettiautot, kuorma-autot, per\u00e4vaunut, junat jne.\",\"breadcrumb\":{\"@id\":\"https:\\\/\\\/www.jaadisain.ee\\\/fi\\\/meista\\\/valomainosten-tuotanto\\\/auton-teippaus\\\/#breadcrumb\"},\"inLanguage\":\"fi\",\"potentialAction\":[{\"@type\":\"ReadAction\",\"target\":[\"https:\\\/\\\/www.jaadisain.ee\\\/fi\\\/meista\\\/valomainosten-tuotanto\\\/auton-teippaus\\\/\"]}]},{\"@type\":\"ImageObject\",\"inLanguage\":\"fi\",\"@id\":\"https:\\\/\\\/www.jaadisain.ee\\\/fi\\\/meista\\\/valomainosten-tuotanto\\\/auton-teippaus\\\/#primaryimage\",\"url\":\"https:\\\/\\\/www.jaadisain.ee\\\/wp-content\\\/uploads\\\/2016\\\/01\\\/soidukite-kiletamine.jpg\",\"contentUrl\":\"https:\\\/\\\/www.jaadisain.ee\\\/wp-content\\\/uploads\\\/2016\\\/01\\\/soidukite-kiletamine.jpg\",\"width\":800,\"height\":600},{\"@type\":\"BreadcrumbList\",\"@id\":\"https:\\\/\\\/www.jaadisain.ee\\\/fi\\\/meista\\\/valomainosten-tuotanto\\\/auton-teippaus\\\/#breadcrumb\",\"itemListElement\":[{\"@type\":\"ListItem\",\"position\":1,\"name\":\"Home\",\"item\":\"https:\\\/\\\/www.jaadisain.ee\\\/fi\\\/\"},{\"@type\":\"ListItem\",\"position\":2,\"name\":\"Meist\u00e4\",\"item\":\"https:\\\/\\\/www.jaadisain.ee\\\/fi\\\/meista\\\/\"},{\"@type\":\"ListItem\",\"position\":3,\"name\":\"Tuotanto\",\"item\":\"https:\\\/\\\/www.jaadisain.ee\\\/fi\\\/meista\\\/valomainosten-tuotanto\\\/\"},{\"@type\":\"ListItem\",\"position\":4,\"name\":\"Auton teippaus\"}]},{\"@type\":\"WebSite\",\"@id\":\"https:\\\/\\\/www.jaadisain.ee\\\/#website\",\"url\":\"https:\\\/\\\/www.jaadisain.ee\\\/\",\"name\":\"JAA Disain\",\"description\":\"Valgusreklaamide tootja aastast 1993\",\"publisher\":{\"@id\":\"https:\\\/\\\/www.jaadisain.ee\\\/#organization\"},\"potentialAction\":[{\"@type\":\"SearchAction\",\"target\":{\"@type\":\"EntryPoint\",\"urlTemplate\":\"https:\\\/\\\/www.jaadisain.ee\\\/?s={search_term_string}\"},\"query-input\":{\"@type\":\"PropertyValueSpecification\",\"valueRequired\":true,\"valueName\":\"search_term_string\"}}],\"inLanguage\":\"fi\"},{\"@type\":\"Organization\",\"@id\":\"https:\\\/\\\/www.jaadisain.ee\\\/#organization\",\"name\":\"JAA Disain\",\"url\":\"https:\\\/\\\/www.jaadisain.ee\\\/\",\"logo\":{\"@type\":\"ImageObject\",\"inLanguage\":\"fi\",\"@id\":\"https:\\\/\\\/www.jaadisain.ee\\\/#\\\/schema\\\/logo\\\/image\\\/\",\"url\":\"https:\\\/\\\/www.jaadisain.ee\\\/wp-content\\\/uploads\\\/2016\\\/02\\\/JAA-Disain-logo.jpg\",\"contentUrl\":\"https:\\\/\\\/www.jaadisain.ee\\\/wp-content\\\/uploads\\\/2016\\\/02\\\/JAA-Disain-logo.jpg\",\"width\":443,\"height\":259,\"caption\":\"JAA Disain\"},\"image\":{\"@id\":\"https:\\\/\\\/www.jaadisain.ee\\\/#\\\/schema\\\/logo\\\/image\\\/\"},\"sameAs\":[\"https:\\\/\\\/www.facebook.com\\\/JAA-Disain-156295277734632\\\/timeline\"]}]}<\/script>\n<!-- \/ Yoast SEO plugin. -->","yoast_head_json":{"title":"Auton teippaus - JAA Disain O\u00dc","description":"Auton teippaus - ainutlaatuinen tapa mainostaa yrityst\u00e4 harmaassa katukuvassa. Voit teipata autot, pakettiautot, kuorma-autot, per\u00e4vaunut, junat jne.","robots":{"index":"index","follow":"follow","max-snippet":"max-snippet:-1","max-image-preview":"max-image-preview:large","max-video-preview":"max-video-preview:-1"},"canonical":"https:\/\/www.jaadisain.ee\/fi\/meista\/valomainosten-tuotanto\/auton-teippaus\/","og_locale":"fi_FI","og_type":"article","og_title":"Auton teippaus - JAA Disain O\u00dc","og_description":"Auton teippaus - ainutlaatuinen tapa mainostaa yrityst\u00e4 harmaassa katukuvassa. Voit teipata autot, pakettiautot, kuorma-autot, per\u00e4vaunut, junat jne.","og_url":"https:\/\/www.jaadisain.ee\/fi\/meista\/valomainosten-tuotanto\/auton-teippaus\/","og_site_name":"JAA Disain","article_publisher":"https:\/\/www.facebook.com\/JAA-Disain-156295277734632\/timeline","article_modified_time":"2016-11-03T12:50:35+00:00","og_image":[{"width":800,"height":600,"url":"https:\/\/www.jaadisain.ee\/wp-content\/uploads\/2016\/01\/soidukite-kiletamine.jpg","type":"image\/jpeg"}],"twitter_card":"summary_large_image","twitter_misc":{"Arvioitu lukuaika":"1 minuutti"},"schema":{"@context":"https:\/\/schema.org","@graph":[{"@type":"WebPage","@id":"https:\/\/www.jaadisain.ee\/fi\/meista\/valomainosten-tuotanto\/auton-teippaus\/","url":"https:\/\/www.jaadisain.ee\/fi\/meista\/valomainosten-tuotanto\/auton-teippaus\/","name":"Auton teippaus - JAA Disain O\u00dc","isPartOf":{"@id":"https:\/\/www.jaadisain.ee\/#website"},"primaryImageOfPage":{"@id":"https:\/\/www.jaadisain.ee\/fi\/meista\/valomainosten-tuotanto\/auton-teippaus\/#primaryimage"},"image":{"@id":"https:\/\/www.jaadisain.ee\/fi\/meista\/valomainosten-tuotanto\/auton-teippaus\/#primaryimage"},"thumbnailUrl":"https:\/\/www.jaadisain.ee\/wp-content\/uploads\/2016\/01\/soidukite-kiletamine.jpg","datePublished":"2016-01-06T09:36:16+00:00","dateModified":"2016-11-03T12:50:35+00:00","description":"Auton teippaus - ainutlaatuinen tapa mainostaa yrityst\u00e4 harmaassa katukuvassa. Voit teipata autot, pakettiautot, kuorma-autot, per\u00e4vaunut, junat jne.","breadcrumb":{"@id":"https:\/\/www.jaadisain.ee\/fi\/meista\/valomainosten-tuotanto\/auton-teippaus\/#breadcrumb"},"inLanguage":"fi","potentialAction":[{"@type":"ReadAction","target":["https:\/\/www.jaadisain.ee\/fi\/meista\/valomainosten-tuotanto\/auton-teippaus\/"]}]},{"@type":"ImageObject","inLanguage":"fi","@id":"https:\/\/www.jaadisain.ee\/fi\/meista\/valomainosten-tuotanto\/auton-teippaus\/#primaryimage","url":"https:\/\/www.jaadisain.ee\/wp-content\/uploads\/2016\/01\/soidukite-kiletamine.jpg","contentUrl":"https:\/\/www.jaadisain.ee\/wp-content\/uploads\/2016\/01\/soidukite-kiletamine.jpg","width":800,"height":600},{"@type":"BreadcrumbList","@id":"https:\/\/www.jaadisain.ee\/fi\/meista\/valomainosten-tuotanto\/auton-teippaus\/#breadcrumb","itemListElement":[{"@type":"ListItem","position":1,"name":"Home","item":"https:\/\/www.jaadisain.ee\/fi\/"},{"@type":"ListItem","position":2,"name":"Meist\u00e4","item":"https:\/\/www.jaadisain.ee\/fi\/meista\/"},{"@type":"ListItem","position":3,"name":"Tuotanto","item":"https:\/\/www.jaadisain.ee\/fi\/meista\/valomainosten-tuotanto\/"},{"@type":"ListItem","position":4,"name":"Auton teippaus"}]},{"@type":"WebSite","@id":"https:\/\/www.jaadisain.ee\/#website","url":"https:\/\/www.jaadisain.ee\/","name":"JAA Disain","description":"Valgusreklaamide tootja aastast 1993","publisher":{"@id":"https:\/\/www.jaadisain.ee\/#organization"},"potentialAction":[{"@type":"SearchAction","target":{"@type":"EntryPoint","urlTemplate":"https:\/\/www.jaadisain.ee\/?s={search_term_string}"},"query-input":{"@type":"PropertyValueSpecification","valueRequired":true,"valueName":"search_term_string"}}],"inLanguage":"fi"},{"@type":"Organization","@id":"https:\/\/www.jaadisain.ee\/#organization","name":"JAA Disain","url":"https:\/\/www.jaadisain.ee\/","logo":{"@type":"ImageObject","inLanguage":"fi","@id":"https:\/\/www.jaadisain.ee\/#\/schema\/logo\/image\/","url":"https:\/\/www.jaadisain.ee\/wp-content\/uploads\/2016\/02\/JAA-Disain-logo.jpg","contentUrl":"https:\/\/www.jaadisain.ee\/wp-content\/uploads\/2016\/02\/JAA-Disain-logo.jpg","width":443,"height":259,"caption":"JAA Disain"},"image":{"@id":"https:\/\/www.jaadisain.ee\/#\/schema\/logo\/image\/"},"sameAs":["https:\/\/www.facebook.com\/JAA-Disain-156295277734632\/timeline"]}]}},"_links":{"self":[{"href":"https:\/\/www.jaadisain.ee\/fi\/wp-json\/wp\/v2\/pages\/7982","targetHints":{"allow":["GET"]}}],"collection":[{"href":"https:\/\/www.jaadisain.ee\/fi\/wp-json\/wp\/v2\/pages"}],"about":[{"href":"https:\/\/www.jaadisain.ee\/fi\/wp-json\/wp\/v2\/types\/page"}],"author":[{"embeddable":true,"href":"https:\/\/www.jaadisain.ee\/fi\/wp-json\/wp\/v2\/users\/4"}],"replies":[{"embeddable":true,"href":"https:\/\/www.jaadisain.ee\/fi\/wp-json\/wp\/v2\/comments?post=7982"}],"version-history":[{"count":1,"href":"https:\/\/www.jaadisain.ee\/fi\/wp-json\/wp\/v2\/pages\/7982\/revisions"}],"predecessor-version":[{"id":9251,"href":"https:\/\/www.jaadisain.ee\/fi\/wp-json\/wp\/v2\/pages\/7982\/revisions\/9251"}],"up":[{"embeddable":true,"href":"https:\/\/www.jaadisain.ee\/fi\/wp-json\/wp\/v2\/pages\/8798"}],"wp:featuredmedia":[{"embeddable":true,"href":"https:\/\/www.jaadisain.ee\/fi\/wp-json\/wp\/v2\/media\/7983"}],"wp:attachment":[{"href":"https:\/\/www.jaadisain.ee\/fi\/wp-json\/wp\/v2\/media?parent=7982"}],"curies":[{"name":"wp","href":"https:\/\/api.w.org\/{rel}","templated":true}]}}