{"id":7975,"date":"2016-01-06T09:38:45","date_gmt":"2016-01-06T09:38:45","guid":{"rendered":"http:\/\/www.jaadisain.ee\/fi\/valgustahtede-valmistamine\/"},"modified":"2016-11-02T11:40:40","modified_gmt":"2016-11-02T09:40:40","slug":"irtokirjainvalomainosten-valmistus","status":"publish","type":"page","link":"https:\/\/www.jaadisain.ee\/fi\/meista\/valomainosten-tuotanto\/irtokirjainvalomainosten-valmistus\/","title":{"rendered":"Irtokirjainvalomainosten valmistus"},"content":{"rendered":"<h1>Irtokirjainvalomainosten valmistus<\/h1>\n<p>Irtokirjainvalomainosten valmistus on er\u00e4s t\u00e4rkeimmist\u00e4 JAA Disainin tarjoamista palveluista, ja toteutamme irtokirjainvalomainokset suunnittelusta asennukseen.<\/p>\n<p>Valmistamme my\u00f6s irtokirjainvalomainosten koteloita useille mainoksia valmistaville yrityksille alihankintana. Kun tilaat meilt\u00e4 my\u00f6s kotelon, aikaa vievint\u00e4 ja tarkkuutta edellytt\u00e4vint\u00e4 valmistusvaihetta ei tarvita. Mainoksia valmistavat yritykset muokkaavat valmistamamme aihiot itse sopiviksi.<\/p>\n<p>Mainoskirjainten piirustukset l\u00e4hetet\u00e4\u00e4n jyrsint\u00e4\u00e4n, jossa irtokirjainvalomainosten pohjat ja etupinnat leikataan valmiiksi CNC-jyrsimell\u00e4. N\u00e4in varmistetaan se, ett\u00e4 valmis tuote vastaa tarkasti piirustuksia. T\u00e4m\u00e4n j\u00e4lkeen tiedosto l\u00e4hetet\u00e4\u00e4n laitteeseen, joka k\u00e4sittelee kirjainten reunat.<\/p>\n<h2>Irtokirjainvalomainosten ja koteloiden valmistus reunojen k\u00e4sittelyyn tarkoitetulla laitteella<\/h2>\n<p>Kirjainten reunojen k\u00e4sittelyyn tarkoitetut laitteet \u201cSuper Channel Bender\u201d (SCB) ja \u201cArete Return Shop\u201d ovat v\u00e4ltt\u00e4m\u00e4tt\u00f6mi\u00e4 asianmukaisen nopeuden ja laadun varmistamisessa. Meill\u00e4 on n\u00e4m\u00e4 molemmat laitteet. Laite leikkaa kirjainten reunat jyrsimen l\u00e4hett\u00e4mien tietojen perusteella, ja tarvittaessa ne my\u00f6s taivutetaan SCB-laitteella. Laite k\u00e4ytt\u00e4\u00e4 Windowsin k\u00e4ytt\u00f6j\u00e4rjestelm\u00e4\u00e4, ja kaikkia toimintoja ohjataan kosketusn\u00e4yt\u00f6lt\u00e4.<\/p>\n<p>Materiaalina k\u00e4ytet\u00e4\u00e4n alumiinirullia. Sopiva rulla voidaan valita leveyden, paksuuden sek\u00e4 pintak\u00e4sittelyn mukaan. Materiaali valitaan tilatun tuotteen ominaisuuksien perusteella. Irtokirjainvalomainosten sivukappaleet siirret\u00e4\u00e4n saman laitteen toiseen p\u00e4\u00e4h\u00e4n, jossa reunat vahvistetaan ja\/tai taivutetaan kanttaamalla. T\u00e4m\u00e4 j\u00e4lkeen jokainen irtokirjainvalomainos viimeistell\u00e4\u00e4n oikean muotoiseksi paineilmalla toimivalla kanttauslaitteella.<\/p>\n<p>Kirjaimen muoto viimeistell\u00e4\u00e4n paineilmatoimisella kanttauslaitteella. Kanttauslaitetta voidaan helposti s\u00e4\u00e4t\u00e4\u00e4 erikokoisia irtokirjainvalomainoksia varten. Lopuksi sivukappaleet ja pohjat kiinnitet\u00e4\u00e4n toisiinsa.<\/p>\n<p>Clintcher on sivukappaleiden ja reunojen liitt\u00e4miseen tarkoitettu, \u00e4\u00e4rimm\u00e4isen k\u00e4ytt\u00f6varma ja nopea laite. Laitteen ansiosta hitaita ty\u00f6vaiheita kuten niittausta tai hitsausta ei en\u00e4\u00e4 tarvita. Clintcher takaa tarkan, kest\u00e4v\u00e4n ja nopean lopputuloksen.<\/p>\n<p>Sivukappaleiden ja pohjien yhdist\u00e4misen j\u00e4lkeen kirjaimet jauhemaalataan ja niihin asennetaan valaisimet kokoonpanolinjalla.<\/p>\n<p>Tutustu valmistamiimme irtokirjainvalomainoksiin <a href=\"https:\/\/www.jaadisain.ee\/fi\/ulkomainokset\/irtokirjainvalomainokset\/\"><strong>T\u00c4\u00c4LL\u00c4.<\/strong><\/a><\/p>\n","protected":false},"excerpt":{"rendered":"<p>Irtokirjainvalomainosten valmistus Irtokirjainvalomainosten valmistus on er\u00e4s t\u00e4rkeimmist\u00e4 JAA Disainin tarjoamista palveluista, ja toteutamme irtokirjainvalomainokset suunnittelusta asennukseen. Valmistamme my\u00f6s irtokirjainvalomainosten koteloita useille mainoksia valmistaville yrityksille alihankintana. Kun tilaat meilt\u00e4 my\u00f6s kotelon, aikaa vievint\u00e4 ja tarkkuutta edellytt\u00e4vint\u00e4 valmistusvaihetta ei tarvita. Mainoksia valmistavat yritykset muokkaavat valmistamamme aihiot itse sopiviksi. Mainoskirjainten piirustukset l\u00e4hetet\u00e4\u00e4n jyrsint\u00e4\u00e4n, jossa irtokirjainvalomainosten pohjat ja etupinnat [&hellip;]<\/p>\n","protected":false},"author":4,"featured_media":7977,"parent":8798,"menu_order":7,"comment_status":"closed","ping_status":"closed","template":"","meta":{"_acf_changed":false,"footnotes":""},"class_list":["post-7975","page","type-page","status-publish","has-post-thumbnail","hentry"],"acf":[],"yoast_head":"<!-- This site is optimized with the Yoast SEO plugin v27.3 - https:\/\/yoast.com\/product\/yoast-seo-wordpress\/ -->\n<title>Irtokirjainvalomainosten valmistus - JAA Disain O\u00dc<\/title>\n<meta name=\"description\" content=\"Irtokirjainvalomainosten ja runkojen valmistus ovat t\u00e4rkeit\u00e4 Jaa Disainin palveluja, joita tarjotaan sek\u00e4 kokonaisratkaisuina ett\u00e4 alihankintana.\" \/>\n<meta name=\"robots\" content=\"index, follow, max-snippet:-1, max-image-preview:large, max-video-preview:-1\" \/>\n<link rel=\"canonical\" href=\"https:\/\/www.jaadisain.ee\/fi\/meista\/valomainosten-tuotanto\/irtokirjainvalomainosten-valmistus\/\" \/>\n<meta property=\"og:locale\" content=\"fi_FI\" \/>\n<meta property=\"og:type\" content=\"article\" \/>\n<meta property=\"og:title\" content=\"Irtokirjainvalomainosten valmistus - JAA Disain O\u00dc\" \/>\n<meta property=\"og:description\" content=\"Irtokirjainvalomainosten ja runkojen valmistus ovat t\u00e4rkeit\u00e4 Jaa Disainin palveluja, joita tarjotaan sek\u00e4 kokonaisratkaisuina ett\u00e4 alihankintana.\" \/>\n<meta property=\"og:url\" content=\"https:\/\/www.jaadisain.ee\/fi\/meista\/valomainosten-tuotanto\/irtokirjainvalomainosten-valmistus\/\" \/>\n<meta property=\"og:site_name\" content=\"JAA Disain\" \/>\n<meta property=\"article:publisher\" content=\"https:\/\/www.facebook.com\/JAA-Disain-156295277734632\/timeline\" \/>\n<meta property=\"article:modified_time\" content=\"2016-11-02T09:40:40+00:00\" \/>\n<meta property=\"og:image\" content=\"https:\/\/www.jaadisain.ee\/wp-content\/uploads\/2016\/01\/valgustahe-korpuse-valmistamine-1.jpg\" \/>\n\t<meta property=\"og:image:width\" content=\"800\" \/>\n\t<meta property=\"og:image:height\" content=\"600\" \/>\n\t<meta property=\"og:image:type\" content=\"image\/jpeg\" \/>\n<meta name=\"twitter:card\" content=\"summary_large_image\" \/>\n<meta name=\"twitter:label1\" content=\"Arvioitu lukuaika\" \/>\n\t<meta name=\"twitter:data1\" content=\"1 minuutti\" \/>\n<script type=\"application\/ld+json\" class=\"yoast-schema-graph\">{\"@context\":\"https:\\\/\\\/schema.org\",\"@graph\":[{\"@type\":\"WebPage\",\"@id\":\"https:\\\/\\\/www.jaadisain.ee\\\/fi\\\/meista\\\/valomainosten-tuotanto\\\/irtokirjainvalomainosten-valmistus\\\/\",\"url\":\"https:\\\/\\\/www.jaadisain.ee\\\/fi\\\/meista\\\/valomainosten-tuotanto\\\/irtokirjainvalomainosten-valmistus\\\/\",\"name\":\"Irtokirjainvalomainosten valmistus - JAA Disain O\u00dc\",\"isPartOf\":{\"@id\":\"https:\\\/\\\/www.jaadisain.ee\\\/#website\"},\"primaryImageOfPage\":{\"@id\":\"https:\\\/\\\/www.jaadisain.ee\\\/fi\\\/meista\\\/valomainosten-tuotanto\\\/irtokirjainvalomainosten-valmistus\\\/#primaryimage\"},\"image\":{\"@id\":\"https:\\\/\\\/www.jaadisain.ee\\\/fi\\\/meista\\\/valomainosten-tuotanto\\\/irtokirjainvalomainosten-valmistus\\\/#primaryimage\"},\"thumbnailUrl\":\"https:\\\/\\\/www.jaadisain.ee\\\/wp-content\\\/uploads\\\/2016\\\/01\\\/valgustahe-korpuse-valmistamine-1.jpg\",\"datePublished\":\"2016-01-06T09:38:45+00:00\",\"dateModified\":\"2016-11-02T09:40:40+00:00\",\"description\":\"Irtokirjainvalomainosten ja runkojen valmistus ovat t\u00e4rkeit\u00e4 Jaa Disainin palveluja, joita tarjotaan sek\u00e4 kokonaisratkaisuina ett\u00e4 alihankintana.\",\"breadcrumb\":{\"@id\":\"https:\\\/\\\/www.jaadisain.ee\\\/fi\\\/meista\\\/valomainosten-tuotanto\\\/irtokirjainvalomainosten-valmistus\\\/#breadcrumb\"},\"inLanguage\":\"fi\",\"potentialAction\":[{\"@type\":\"ReadAction\",\"target\":[\"https:\\\/\\\/www.jaadisain.ee\\\/fi\\\/meista\\\/valomainosten-tuotanto\\\/irtokirjainvalomainosten-valmistus\\\/\"]}]},{\"@type\":\"ImageObject\",\"inLanguage\":\"fi\",\"@id\":\"https:\\\/\\\/www.jaadisain.ee\\\/fi\\\/meista\\\/valomainosten-tuotanto\\\/irtokirjainvalomainosten-valmistus\\\/#primaryimage\",\"url\":\"https:\\\/\\\/www.jaadisain.ee\\\/wp-content\\\/uploads\\\/2016\\\/01\\\/valgustahe-korpuse-valmistamine-1.jpg\",\"contentUrl\":\"https:\\\/\\\/www.jaadisain.ee\\\/wp-content\\\/uploads\\\/2016\\\/01\\\/valgustahe-korpuse-valmistamine-1.jpg\",\"width\":800,\"height\":600},{\"@type\":\"BreadcrumbList\",\"@id\":\"https:\\\/\\\/www.jaadisain.ee\\\/fi\\\/meista\\\/valomainosten-tuotanto\\\/irtokirjainvalomainosten-valmistus\\\/#breadcrumb\",\"itemListElement\":[{\"@type\":\"ListItem\",\"position\":1,\"name\":\"Home\",\"item\":\"https:\\\/\\\/www.jaadisain.ee\\\/fi\\\/\"},{\"@type\":\"ListItem\",\"position\":2,\"name\":\"Meist\u00e4\",\"item\":\"https:\\\/\\\/www.jaadisain.ee\\\/fi\\\/meista\\\/\"},{\"@type\":\"ListItem\",\"position\":3,\"name\":\"Tuotanto\",\"item\":\"https:\\\/\\\/www.jaadisain.ee\\\/fi\\\/meista\\\/valomainosten-tuotanto\\\/\"},{\"@type\":\"ListItem\",\"position\":4,\"name\":\"Irtokirjainvalomainosten valmistus\"}]},{\"@type\":\"WebSite\",\"@id\":\"https:\\\/\\\/www.jaadisain.ee\\\/#website\",\"url\":\"https:\\\/\\\/www.jaadisain.ee\\\/\",\"name\":\"JAA Disain\",\"description\":\"Valgusreklaamide tootja aastast 1993\",\"publisher\":{\"@id\":\"https:\\\/\\\/www.jaadisain.ee\\\/#organization\"},\"potentialAction\":[{\"@type\":\"SearchAction\",\"target\":{\"@type\":\"EntryPoint\",\"urlTemplate\":\"https:\\\/\\\/www.jaadisain.ee\\\/?s={search_term_string}\"},\"query-input\":{\"@type\":\"PropertyValueSpecification\",\"valueRequired\":true,\"valueName\":\"search_term_string\"}}],\"inLanguage\":\"fi\"},{\"@type\":\"Organization\",\"@id\":\"https:\\\/\\\/www.jaadisain.ee\\\/#organization\",\"name\":\"JAA Disain\",\"url\":\"https:\\\/\\\/www.jaadisain.ee\\\/\",\"logo\":{\"@type\":\"ImageObject\",\"inLanguage\":\"fi\",\"@id\":\"https:\\\/\\\/www.jaadisain.ee\\\/#\\\/schema\\\/logo\\\/image\\\/\",\"url\":\"https:\\\/\\\/www.jaadisain.ee\\\/wp-content\\\/uploads\\\/2016\\\/02\\\/JAA-Disain-logo.jpg\",\"contentUrl\":\"https:\\\/\\\/www.jaadisain.ee\\\/wp-content\\\/uploads\\\/2016\\\/02\\\/JAA-Disain-logo.jpg\",\"width\":443,\"height\":259,\"caption\":\"JAA Disain\"},\"image\":{\"@id\":\"https:\\\/\\\/www.jaadisain.ee\\\/#\\\/schema\\\/logo\\\/image\\\/\"},\"sameAs\":[\"https:\\\/\\\/www.facebook.com\\\/JAA-Disain-156295277734632\\\/timeline\"]}]}<\/script>\n<!-- \/ Yoast SEO plugin. -->","yoast_head_json":{"title":"Irtokirjainvalomainosten valmistus - JAA Disain O\u00dc","description":"Irtokirjainvalomainosten ja runkojen valmistus ovat t\u00e4rkeit\u00e4 Jaa Disainin palveluja, joita tarjotaan sek\u00e4 kokonaisratkaisuina ett\u00e4 alihankintana.","robots":{"index":"index","follow":"follow","max-snippet":"max-snippet:-1","max-image-preview":"max-image-preview:large","max-video-preview":"max-video-preview:-1"},"canonical":"https:\/\/www.jaadisain.ee\/fi\/meista\/valomainosten-tuotanto\/irtokirjainvalomainosten-valmistus\/","og_locale":"fi_FI","og_type":"article","og_title":"Irtokirjainvalomainosten valmistus - JAA Disain O\u00dc","og_description":"Irtokirjainvalomainosten ja runkojen valmistus ovat t\u00e4rkeit\u00e4 Jaa Disainin palveluja, joita tarjotaan sek\u00e4 kokonaisratkaisuina ett\u00e4 alihankintana.","og_url":"https:\/\/www.jaadisain.ee\/fi\/meista\/valomainosten-tuotanto\/irtokirjainvalomainosten-valmistus\/","og_site_name":"JAA Disain","article_publisher":"https:\/\/www.facebook.com\/JAA-Disain-156295277734632\/timeline","article_modified_time":"2016-11-02T09:40:40+00:00","og_image":[{"width":800,"height":600,"url":"https:\/\/www.jaadisain.ee\/wp-content\/uploads\/2016\/01\/valgustahe-korpuse-valmistamine-1.jpg","type":"image\/jpeg"}],"twitter_card":"summary_large_image","twitter_misc":{"Arvioitu lukuaika":"1 minuutti"},"schema":{"@context":"https:\/\/schema.org","@graph":[{"@type":"WebPage","@id":"https:\/\/www.jaadisain.ee\/fi\/meista\/valomainosten-tuotanto\/irtokirjainvalomainosten-valmistus\/","url":"https:\/\/www.jaadisain.ee\/fi\/meista\/valomainosten-tuotanto\/irtokirjainvalomainosten-valmistus\/","name":"Irtokirjainvalomainosten valmistus - JAA Disain O\u00dc","isPartOf":{"@id":"https:\/\/www.jaadisain.ee\/#website"},"primaryImageOfPage":{"@id":"https:\/\/www.jaadisain.ee\/fi\/meista\/valomainosten-tuotanto\/irtokirjainvalomainosten-valmistus\/#primaryimage"},"image":{"@id":"https:\/\/www.jaadisain.ee\/fi\/meista\/valomainosten-tuotanto\/irtokirjainvalomainosten-valmistus\/#primaryimage"},"thumbnailUrl":"https:\/\/www.jaadisain.ee\/wp-content\/uploads\/2016\/01\/valgustahe-korpuse-valmistamine-1.jpg","datePublished":"2016-01-06T09:38:45+00:00","dateModified":"2016-11-02T09:40:40+00:00","description":"Irtokirjainvalomainosten ja runkojen valmistus ovat t\u00e4rkeit\u00e4 Jaa Disainin palveluja, joita tarjotaan sek\u00e4 kokonaisratkaisuina ett\u00e4 alihankintana.","breadcrumb":{"@id":"https:\/\/www.jaadisain.ee\/fi\/meista\/valomainosten-tuotanto\/irtokirjainvalomainosten-valmistus\/#breadcrumb"},"inLanguage":"fi","potentialAction":[{"@type":"ReadAction","target":["https:\/\/www.jaadisain.ee\/fi\/meista\/valomainosten-tuotanto\/irtokirjainvalomainosten-valmistus\/"]}]},{"@type":"ImageObject","inLanguage":"fi","@id":"https:\/\/www.jaadisain.ee\/fi\/meista\/valomainosten-tuotanto\/irtokirjainvalomainosten-valmistus\/#primaryimage","url":"https:\/\/www.jaadisain.ee\/wp-content\/uploads\/2016\/01\/valgustahe-korpuse-valmistamine-1.jpg","contentUrl":"https:\/\/www.jaadisain.ee\/wp-content\/uploads\/2016\/01\/valgustahe-korpuse-valmistamine-1.jpg","width":800,"height":600},{"@type":"BreadcrumbList","@id":"https:\/\/www.jaadisain.ee\/fi\/meista\/valomainosten-tuotanto\/irtokirjainvalomainosten-valmistus\/#breadcrumb","itemListElement":[{"@type":"ListItem","position":1,"name":"Home","item":"https:\/\/www.jaadisain.ee\/fi\/"},{"@type":"ListItem","position":2,"name":"Meist\u00e4","item":"https:\/\/www.jaadisain.ee\/fi\/meista\/"},{"@type":"ListItem","position":3,"name":"Tuotanto","item":"https:\/\/www.jaadisain.ee\/fi\/meista\/valomainosten-tuotanto\/"},{"@type":"ListItem","position":4,"name":"Irtokirjainvalomainosten valmistus"}]},{"@type":"WebSite","@id":"https:\/\/www.jaadisain.ee\/#website","url":"https:\/\/www.jaadisain.ee\/","name":"JAA Disain","description":"Valgusreklaamide tootja aastast 1993","publisher":{"@id":"https:\/\/www.jaadisain.ee\/#organization"},"potentialAction":[{"@type":"SearchAction","target":{"@type":"EntryPoint","urlTemplate":"https:\/\/www.jaadisain.ee\/?s={search_term_string}"},"query-input":{"@type":"PropertyValueSpecification","valueRequired":true,"valueName":"search_term_string"}}],"inLanguage":"fi"},{"@type":"Organization","@id":"https:\/\/www.jaadisain.ee\/#organization","name":"JAA Disain","url":"https:\/\/www.jaadisain.ee\/","logo":{"@type":"ImageObject","inLanguage":"fi","@id":"https:\/\/www.jaadisain.ee\/#\/schema\/logo\/image\/","url":"https:\/\/www.jaadisain.ee\/wp-content\/uploads\/2016\/02\/JAA-Disain-logo.jpg","contentUrl":"https:\/\/www.jaadisain.ee\/wp-content\/uploads\/2016\/02\/JAA-Disain-logo.jpg","width":443,"height":259,"caption":"JAA Disain"},"image":{"@id":"https:\/\/www.jaadisain.ee\/#\/schema\/logo\/image\/"},"sameAs":["https:\/\/www.facebook.com\/JAA-Disain-156295277734632\/timeline"]}]}},"_links":{"self":[{"href":"https:\/\/www.jaadisain.ee\/fi\/wp-json\/wp\/v2\/pages\/7975","targetHints":{"allow":["GET"]}}],"collection":[{"href":"https:\/\/www.jaadisain.ee\/fi\/wp-json\/wp\/v2\/pages"}],"about":[{"href":"https:\/\/www.jaadisain.ee\/fi\/wp-json\/wp\/v2\/types\/page"}],"author":[{"embeddable":true,"href":"https:\/\/www.jaadisain.ee\/fi\/wp-json\/wp\/v2\/users\/4"}],"replies":[{"embeddable":true,"href":"https:\/\/www.jaadisain.ee\/fi\/wp-json\/wp\/v2\/comments?post=7975"}],"version-history":[{"count":1,"href":"https:\/\/www.jaadisain.ee\/fi\/wp-json\/wp\/v2\/pages\/7975\/revisions"}],"predecessor-version":[{"id":9252,"href":"https:\/\/www.jaadisain.ee\/fi\/wp-json\/wp\/v2\/pages\/7975\/revisions\/9252"}],"up":[{"embeddable":true,"href":"https:\/\/www.jaadisain.ee\/fi\/wp-json\/wp\/v2\/pages\/8798"}],"wp:featuredmedia":[{"embeddable":true,"href":"https:\/\/www.jaadisain.ee\/fi\/wp-json\/wp\/v2\/media\/7977"}],"wp:attachment":[{"href":"https:\/\/www.jaadisain.ee\/fi\/wp-json\/wp\/v2\/media?parent=7975"}],"curies":[{"name":"wp","href":"https:\/\/api.w.org\/{rel}","templated":true}]}}