{"id":7973,"date":"2016-01-06T09:57:19","date_gmt":"2016-01-06T09:57:19","guid":{"rendered":"http:\/\/www.jaadisain.ee\/fi\/digiprintimine\/"},"modified":"2016-11-02T15:05:57","modified_gmt":"2016-11-02T13:05:57","slug":"digitaalinen-tulostus","status":"publish","type":"page","link":"https:\/\/www.jaadisain.ee\/fi\/meista\/valomainosten-tuotanto\/digitaalinen-tulostus\/","title":{"rendered":"Digitaalinen tulostus"},"content":{"rendered":"<h1><a href=\"https:\/\/www.jaadisain.ee\/wp-content\/uploads\/2016\/01\/digiprintimine.jpg\" class=\"fancyboxx\"><img loading=\"lazy\" decoding=\"async\" class=\"alignright wp-image-2165 size-medium\" src=\"https:\/\/www.jaadisain.ee\/wp-content\/uploads\/2016\/01\/digiprintimine-300x225.jpg\" alt=\"digitaalinen tulostus\" width=\"300\" height=\"225\" srcset=\"https:\/\/www.jaadisain.ee\/wp-content\/uploads\/2016\/01\/digiprintimine-300x225.jpg 300w, https:\/\/www.jaadisain.ee\/wp-content\/uploads\/2016\/01\/digiprintimine-768x576.jpg 768w, https:\/\/www.jaadisain.ee\/wp-content\/uploads\/2016\/01\/digiprintimine-530x398.jpg 530w, https:\/\/www.jaadisain.ee\/wp-content\/uploads\/2016\/01\/digiprintimine.jpg 800w\" sizes=\"auto, (max-width: 300px) 100vw, 300px\" \/><\/a><\/h1>\n<h1>Digitaalinen tulostus<\/h1>\n<p>Digitaalinen tulostus laajentaa suunnittelumahdollisuuksia, ja valokuvia voidaan k\u00e4ytt\u00e4\u00e4 eri materiaaleissa ja pinnoilla.<\/p>\n<p>Valokuvatulostuksen ja digitulostuksen ansiosta valokuvia voidaan k\u00e4ytt\u00e4\u00e4 entist\u00e4 monipuolisemmin erilaisissa materiaaleissa, esimerkiksi tarroissa, paperille tulostettuna, tekstiileiss\u00e4 ja pvc-kankaissa. Menetelmill\u00e4 pystyt\u00e4\u00e4n tulostamaan niin suurikokoisia, useiden satojen neli\u00f6iden kokoisia mainoksia kuin my\u00f6s hyvin pieni\u00e4 tuotetarroja.<\/p>\n<p>Meill\u00e4 on suurkuvatulostukseen sopiva valokuvatulostin (1370 mm). Suurkuvatulostimella voidaan tulostaa erilaisia materiaaleja kuten tarroja, paperia, mainosbanderolleja ja kankaita. Painov\u00e4rit kest\u00e4v\u00e4t my\u00f6s ulkok\u00e4yt\u00f6ss\u00e4. Valokuvatulostin on sijoitettu omaan erilliseen tilaansa tulostuksen erinomaisen laadun varmistamiseksi.<\/p>\n<p>Katso digitaalisesti tulostetut tuotteet <strong><a href=\"https:\/\/www.jaadisain.ee\/fi\/ulkomainokset\/digitulostus-ja-valokuvatulostus\/digitulostus\/\">T\u00c4\u00c4LT\u00c4.<\/a><\/strong><\/p>\n<p>JAA Disain on yli 20 vuoden kokemuksen omaava valomainosyritys, jolla on pitk\u00e4 kokemus valomainosten valmistuksesta. Jaa Disain valmistaa valomainokset ja my\u00f6s muut mainostuotteet, kuten mainostaulut, mainostarrat ja digitulostukset.<\/p>\n","protected":false},"excerpt":{"rendered":"<p>Digitaalinen tulostus Digitaalinen tulostus laajentaa suunnittelumahdollisuuksia, ja valokuvia voidaan k\u00e4ytt\u00e4\u00e4 eri materiaaleissa ja pinnoilla. Valokuvatulostuksen ja digitulostuksen ansiosta valokuvia voidaan k\u00e4ytt\u00e4\u00e4 entist\u00e4 monipuolisemmin erilaisissa materiaaleissa, esimerkiksi tarroissa, paperille tulostettuna, tekstiileiss\u00e4 ja pvc-kankaissa. Menetelmill\u00e4 pystyt\u00e4\u00e4n tulostamaan niin suurikokoisia, useiden satojen neli\u00f6iden kokoisia mainoksia kuin my\u00f6s hyvin pieni\u00e4 tuotetarroja. Meill\u00e4 on suurkuvatulostukseen sopiva valokuvatulostin (1370 mm). Suurkuvatulostimella [&hellip;]<\/p>\n","protected":false},"author":4,"featured_media":7974,"parent":8798,"menu_order":8,"comment_status":"closed","ping_status":"closed","template":"","meta":{"_acf_changed":false,"footnotes":""},"class_list":["post-7973","page","type-page","status-publish","has-post-thumbnail","hentry"],"acf":[],"yoast_head":"<!-- This site is optimized with the Yoast SEO plugin v27.3 - https:\/\/yoast.com\/product\/yoast-seo-wordpress\/ -->\n<title>Digitaalinen tulostus ja valokuvatulostus - JAA Disain<\/title>\n<meta name=\"description\" content=\"Digitaalinen tulostus laajentaa suunnittelumahdollisuuksia, ja valokuvia voidaan k\u00e4ytt\u00e4\u00e4 eri materiaaleissa ja pinnoilla. Katso lis\u00e4\u00e4 t\u00e4\u00e4lt\u00e4!\" \/>\n<meta name=\"robots\" content=\"index, follow, max-snippet:-1, max-image-preview:large, max-video-preview:-1\" \/>\n<link rel=\"canonical\" href=\"https:\/\/www.jaadisain.ee\/fi\/meista\/valomainosten-tuotanto\/digitaalinen-tulostus\/\" \/>\n<meta property=\"og:locale\" content=\"fi_FI\" \/>\n<meta property=\"og:type\" content=\"article\" \/>\n<meta property=\"og:title\" content=\"Digitaalinen tulostus ja valokuvatulostus - JAA Disain\" \/>\n<meta property=\"og:description\" content=\"Digitaalinen tulostus laajentaa suunnittelumahdollisuuksia, ja valokuvia voidaan k\u00e4ytt\u00e4\u00e4 eri materiaaleissa ja pinnoilla. Katso lis\u00e4\u00e4 t\u00e4\u00e4lt\u00e4!\" \/>\n<meta property=\"og:url\" content=\"https:\/\/www.jaadisain.ee\/fi\/meista\/valomainosten-tuotanto\/digitaalinen-tulostus\/\" \/>\n<meta property=\"og:site_name\" content=\"JAA Disain\" \/>\n<meta property=\"article:publisher\" content=\"https:\/\/www.facebook.com\/JAA-Disain-156295277734632\/timeline\" \/>\n<meta property=\"article:modified_time\" content=\"2016-11-02T13:05:57+00:00\" \/>\n<meta property=\"og:image\" content=\"https:\/\/www.jaadisain.ee\/wp-content\/uploads\/2016\/01\/digiprintimine.jpg\" \/>\n\t<meta property=\"og:image:width\" content=\"800\" \/>\n\t<meta property=\"og:image:height\" content=\"600\" \/>\n\t<meta property=\"og:image:type\" content=\"image\/jpeg\" \/>\n<meta name=\"twitter:card\" content=\"summary_large_image\" \/>\n<meta name=\"twitter:label1\" content=\"Arvioitu lukuaika\" \/>\n\t<meta name=\"twitter:data1\" content=\"1 minuutti\" \/>\n<script type=\"application\/ld+json\" class=\"yoast-schema-graph\">{\"@context\":\"https:\\\/\\\/schema.org\",\"@graph\":[{\"@type\":\"WebPage\",\"@id\":\"https:\\\/\\\/www.jaadisain.ee\\\/fi\\\/meista\\\/valomainosten-tuotanto\\\/digitaalinen-tulostus\\\/\",\"url\":\"https:\\\/\\\/www.jaadisain.ee\\\/fi\\\/meista\\\/valomainosten-tuotanto\\\/digitaalinen-tulostus\\\/\",\"name\":\"Digitaalinen tulostus ja valokuvatulostus - JAA Disain\",\"isPartOf\":{\"@id\":\"https:\\\/\\\/www.jaadisain.ee\\\/#website\"},\"primaryImageOfPage\":{\"@id\":\"https:\\\/\\\/www.jaadisain.ee\\\/fi\\\/meista\\\/valomainosten-tuotanto\\\/digitaalinen-tulostus\\\/#primaryimage\"},\"image\":{\"@id\":\"https:\\\/\\\/www.jaadisain.ee\\\/fi\\\/meista\\\/valomainosten-tuotanto\\\/digitaalinen-tulostus\\\/#primaryimage\"},\"thumbnailUrl\":\"https:\\\/\\\/www.jaadisain.ee\\\/wp-content\\\/uploads\\\/2016\\\/01\\\/digiprintimine.jpg\",\"datePublished\":\"2016-01-06T09:57:19+00:00\",\"dateModified\":\"2016-11-02T13:05:57+00:00\",\"description\":\"Digitaalinen tulostus laajentaa suunnittelumahdollisuuksia, ja valokuvia voidaan k\u00e4ytt\u00e4\u00e4 eri materiaaleissa ja pinnoilla. Katso lis\u00e4\u00e4 t\u00e4\u00e4lt\u00e4!\",\"breadcrumb\":{\"@id\":\"https:\\\/\\\/www.jaadisain.ee\\\/fi\\\/meista\\\/valomainosten-tuotanto\\\/digitaalinen-tulostus\\\/#breadcrumb\"},\"inLanguage\":\"fi\",\"potentialAction\":[{\"@type\":\"ReadAction\",\"target\":[\"https:\\\/\\\/www.jaadisain.ee\\\/fi\\\/meista\\\/valomainosten-tuotanto\\\/digitaalinen-tulostus\\\/\"]}]},{\"@type\":\"ImageObject\",\"inLanguage\":\"fi\",\"@id\":\"https:\\\/\\\/www.jaadisain.ee\\\/fi\\\/meista\\\/valomainosten-tuotanto\\\/digitaalinen-tulostus\\\/#primaryimage\",\"url\":\"https:\\\/\\\/www.jaadisain.ee\\\/wp-content\\\/uploads\\\/2016\\\/01\\\/digiprintimine.jpg\",\"contentUrl\":\"https:\\\/\\\/www.jaadisain.ee\\\/wp-content\\\/uploads\\\/2016\\\/01\\\/digiprintimine.jpg\",\"width\":800,\"height\":600,\"caption\":\"Digitulostus\"},{\"@type\":\"BreadcrumbList\",\"@id\":\"https:\\\/\\\/www.jaadisain.ee\\\/fi\\\/meista\\\/valomainosten-tuotanto\\\/digitaalinen-tulostus\\\/#breadcrumb\",\"itemListElement\":[{\"@type\":\"ListItem\",\"position\":1,\"name\":\"Home\",\"item\":\"https:\\\/\\\/www.jaadisain.ee\\\/fi\\\/\"},{\"@type\":\"ListItem\",\"position\":2,\"name\":\"Meist\u00e4\",\"item\":\"https:\\\/\\\/www.jaadisain.ee\\\/fi\\\/meista\\\/\"},{\"@type\":\"ListItem\",\"position\":3,\"name\":\"Tuotanto\",\"item\":\"https:\\\/\\\/www.jaadisain.ee\\\/fi\\\/meista\\\/valomainosten-tuotanto\\\/\"},{\"@type\":\"ListItem\",\"position\":4,\"name\":\"Digitaalinen tulostus\"}]},{\"@type\":\"WebSite\",\"@id\":\"https:\\\/\\\/www.jaadisain.ee\\\/#website\",\"url\":\"https:\\\/\\\/www.jaadisain.ee\\\/\",\"name\":\"JAA Disain\",\"description\":\"Valgusreklaamide tootja aastast 1993\",\"publisher\":{\"@id\":\"https:\\\/\\\/www.jaadisain.ee\\\/#organization\"},\"potentialAction\":[{\"@type\":\"SearchAction\",\"target\":{\"@type\":\"EntryPoint\",\"urlTemplate\":\"https:\\\/\\\/www.jaadisain.ee\\\/?s={search_term_string}\"},\"query-input\":{\"@type\":\"PropertyValueSpecification\",\"valueRequired\":true,\"valueName\":\"search_term_string\"}}],\"inLanguage\":\"fi\"},{\"@type\":\"Organization\",\"@id\":\"https:\\\/\\\/www.jaadisain.ee\\\/#organization\",\"name\":\"JAA Disain\",\"url\":\"https:\\\/\\\/www.jaadisain.ee\\\/\",\"logo\":{\"@type\":\"ImageObject\",\"inLanguage\":\"fi\",\"@id\":\"https:\\\/\\\/www.jaadisain.ee\\\/#\\\/schema\\\/logo\\\/image\\\/\",\"url\":\"https:\\\/\\\/www.jaadisain.ee\\\/wp-content\\\/uploads\\\/2016\\\/02\\\/JAA-Disain-logo.jpg\",\"contentUrl\":\"https:\\\/\\\/www.jaadisain.ee\\\/wp-content\\\/uploads\\\/2016\\\/02\\\/JAA-Disain-logo.jpg\",\"width\":443,\"height\":259,\"caption\":\"JAA Disain\"},\"image\":{\"@id\":\"https:\\\/\\\/www.jaadisain.ee\\\/#\\\/schema\\\/logo\\\/image\\\/\"},\"sameAs\":[\"https:\\\/\\\/www.facebook.com\\\/JAA-Disain-156295277734632\\\/timeline\"]}]}<\/script>\n<!-- \/ Yoast SEO plugin. -->","yoast_head_json":{"title":"Digitaalinen tulostus ja valokuvatulostus - JAA Disain","description":"Digitaalinen tulostus laajentaa suunnittelumahdollisuuksia, ja valokuvia voidaan k\u00e4ytt\u00e4\u00e4 eri materiaaleissa ja pinnoilla. Katso lis\u00e4\u00e4 t\u00e4\u00e4lt\u00e4!","robots":{"index":"index","follow":"follow","max-snippet":"max-snippet:-1","max-image-preview":"max-image-preview:large","max-video-preview":"max-video-preview:-1"},"canonical":"https:\/\/www.jaadisain.ee\/fi\/meista\/valomainosten-tuotanto\/digitaalinen-tulostus\/","og_locale":"fi_FI","og_type":"article","og_title":"Digitaalinen tulostus ja valokuvatulostus - JAA Disain","og_description":"Digitaalinen tulostus laajentaa suunnittelumahdollisuuksia, ja valokuvia voidaan k\u00e4ytt\u00e4\u00e4 eri materiaaleissa ja pinnoilla. Katso lis\u00e4\u00e4 t\u00e4\u00e4lt\u00e4!","og_url":"https:\/\/www.jaadisain.ee\/fi\/meista\/valomainosten-tuotanto\/digitaalinen-tulostus\/","og_site_name":"JAA Disain","article_publisher":"https:\/\/www.facebook.com\/JAA-Disain-156295277734632\/timeline","article_modified_time":"2016-11-02T13:05:57+00:00","og_image":[{"width":800,"height":600,"url":"https:\/\/www.jaadisain.ee\/wp-content\/uploads\/2016\/01\/digiprintimine.jpg","type":"image\/jpeg"}],"twitter_card":"summary_large_image","twitter_misc":{"Arvioitu lukuaika":"1 minuutti"},"schema":{"@context":"https:\/\/schema.org","@graph":[{"@type":"WebPage","@id":"https:\/\/www.jaadisain.ee\/fi\/meista\/valomainosten-tuotanto\/digitaalinen-tulostus\/","url":"https:\/\/www.jaadisain.ee\/fi\/meista\/valomainosten-tuotanto\/digitaalinen-tulostus\/","name":"Digitaalinen tulostus ja valokuvatulostus - JAA Disain","isPartOf":{"@id":"https:\/\/www.jaadisain.ee\/#website"},"primaryImageOfPage":{"@id":"https:\/\/www.jaadisain.ee\/fi\/meista\/valomainosten-tuotanto\/digitaalinen-tulostus\/#primaryimage"},"image":{"@id":"https:\/\/www.jaadisain.ee\/fi\/meista\/valomainosten-tuotanto\/digitaalinen-tulostus\/#primaryimage"},"thumbnailUrl":"https:\/\/www.jaadisain.ee\/wp-content\/uploads\/2016\/01\/digiprintimine.jpg","datePublished":"2016-01-06T09:57:19+00:00","dateModified":"2016-11-02T13:05:57+00:00","description":"Digitaalinen tulostus laajentaa suunnittelumahdollisuuksia, ja valokuvia voidaan k\u00e4ytt\u00e4\u00e4 eri materiaaleissa ja pinnoilla. Katso lis\u00e4\u00e4 t\u00e4\u00e4lt\u00e4!","breadcrumb":{"@id":"https:\/\/www.jaadisain.ee\/fi\/meista\/valomainosten-tuotanto\/digitaalinen-tulostus\/#breadcrumb"},"inLanguage":"fi","potentialAction":[{"@type":"ReadAction","target":["https:\/\/www.jaadisain.ee\/fi\/meista\/valomainosten-tuotanto\/digitaalinen-tulostus\/"]}]},{"@type":"ImageObject","inLanguage":"fi","@id":"https:\/\/www.jaadisain.ee\/fi\/meista\/valomainosten-tuotanto\/digitaalinen-tulostus\/#primaryimage","url":"https:\/\/www.jaadisain.ee\/wp-content\/uploads\/2016\/01\/digiprintimine.jpg","contentUrl":"https:\/\/www.jaadisain.ee\/wp-content\/uploads\/2016\/01\/digiprintimine.jpg","width":800,"height":600,"caption":"Digitulostus"},{"@type":"BreadcrumbList","@id":"https:\/\/www.jaadisain.ee\/fi\/meista\/valomainosten-tuotanto\/digitaalinen-tulostus\/#breadcrumb","itemListElement":[{"@type":"ListItem","position":1,"name":"Home","item":"https:\/\/www.jaadisain.ee\/fi\/"},{"@type":"ListItem","position":2,"name":"Meist\u00e4","item":"https:\/\/www.jaadisain.ee\/fi\/meista\/"},{"@type":"ListItem","position":3,"name":"Tuotanto","item":"https:\/\/www.jaadisain.ee\/fi\/meista\/valomainosten-tuotanto\/"},{"@type":"ListItem","position":4,"name":"Digitaalinen tulostus"}]},{"@type":"WebSite","@id":"https:\/\/www.jaadisain.ee\/#website","url":"https:\/\/www.jaadisain.ee\/","name":"JAA Disain","description":"Valgusreklaamide tootja aastast 1993","publisher":{"@id":"https:\/\/www.jaadisain.ee\/#organization"},"potentialAction":[{"@type":"SearchAction","target":{"@type":"EntryPoint","urlTemplate":"https:\/\/www.jaadisain.ee\/?s={search_term_string}"},"query-input":{"@type":"PropertyValueSpecification","valueRequired":true,"valueName":"search_term_string"}}],"inLanguage":"fi"},{"@type":"Organization","@id":"https:\/\/www.jaadisain.ee\/#organization","name":"JAA Disain","url":"https:\/\/www.jaadisain.ee\/","logo":{"@type":"ImageObject","inLanguage":"fi","@id":"https:\/\/www.jaadisain.ee\/#\/schema\/logo\/image\/","url":"https:\/\/www.jaadisain.ee\/wp-content\/uploads\/2016\/02\/JAA-Disain-logo.jpg","contentUrl":"https:\/\/www.jaadisain.ee\/wp-content\/uploads\/2016\/02\/JAA-Disain-logo.jpg","width":443,"height":259,"caption":"JAA Disain"},"image":{"@id":"https:\/\/www.jaadisain.ee\/#\/schema\/logo\/image\/"},"sameAs":["https:\/\/www.facebook.com\/JAA-Disain-156295277734632\/timeline"]}]}},"_links":{"self":[{"href":"https:\/\/www.jaadisain.ee\/fi\/wp-json\/wp\/v2\/pages\/7973","targetHints":{"allow":["GET"]}}],"collection":[{"href":"https:\/\/www.jaadisain.ee\/fi\/wp-json\/wp\/v2\/pages"}],"about":[{"href":"https:\/\/www.jaadisain.ee\/fi\/wp-json\/wp\/v2\/types\/page"}],"author":[{"embeddable":true,"href":"https:\/\/www.jaadisain.ee\/fi\/wp-json\/wp\/v2\/users\/4"}],"replies":[{"embeddable":true,"href":"https:\/\/www.jaadisain.ee\/fi\/wp-json\/wp\/v2\/comments?post=7973"}],"version-history":[{"count":1,"href":"https:\/\/www.jaadisain.ee\/fi\/wp-json\/wp\/v2\/pages\/7973\/revisions"}],"predecessor-version":[{"id":9594,"href":"https:\/\/www.jaadisain.ee\/fi\/wp-json\/wp\/v2\/pages\/7973\/revisions\/9594"}],"up":[{"embeddable":true,"href":"https:\/\/www.jaadisain.ee\/fi\/wp-json\/wp\/v2\/pages\/8798"}],"wp:featuredmedia":[{"embeddable":true,"href":"https:\/\/www.jaadisain.ee\/fi\/wp-json\/wp\/v2\/media\/7974"}],"wp:attachment":[{"href":"https:\/\/www.jaadisain.ee\/fi\/wp-json\/wp\/v2\/media?parent=7973"}],"curies":[{"name":"wp","href":"https:\/\/api.w.org\/{rel}","templated":true}]}}