{"id":7971,"date":"2016-01-06T09:59:05","date_gmt":"2016-01-06T09:59:05","guid":{"rendered":"http:\/\/www.jaadisain.ee\/fi\/lamineerimine\/"},"modified":"2016-11-03T12:21:15","modified_gmt":"2016-11-03T10:21:15","slug":"laminointi","status":"publish","type":"page","link":"https:\/\/www.jaadisain.ee\/fi\/meista\/valomainosten-tuotanto\/laminointi\/","title":{"rendered":"Laminointi"},"content":{"rendered":"<h1><a href=\"https:\/\/www.jaadisain.ee\/wp-content\/uploads\/2016\/01\/laminaator-rolsroller.jpg\" class=\"fancyboxx\"><img loading=\"lazy\" decoding=\"async\" class=\"alignright wp-image-2168 size-medium\" src=\"https:\/\/www.jaadisain.ee\/wp-content\/uploads\/2016\/01\/laminaator-rolsroller-300x225.jpg\" alt=\"laminointi\" width=\"300\" height=\"225\" srcset=\"https:\/\/www.jaadisain.ee\/wp-content\/uploads\/2016\/01\/laminaator-rolsroller-300x225.jpg 300w, https:\/\/www.jaadisain.ee\/wp-content\/uploads\/2016\/01\/laminaator-rolsroller-768x576.jpg 768w, https:\/\/www.jaadisain.ee\/wp-content\/uploads\/2016\/01\/laminaator-rolsroller-530x398.jpg 530w, https:\/\/www.jaadisain.ee\/wp-content\/uploads\/2016\/01\/laminaator-rolsroller.jpg 800w\" sizes=\"auto, (max-width: 300px) 100vw, 300px\" \/><\/a>Laminointi<\/h1>\n<p>Laminointi ei muodostu prosessin pullonkaulaksi ROLLSROLLER-laitetta k\u00e4ytett\u00e4ess\u00e4, koska k\u00e4sity\u00f6t\u00e4 edellytt\u00e4v\u00e4t ty\u00f6vaiheet hoituvat sill\u00e4 todella tehokkaasti. Lasin ja digitaalisen tulosteen laminointin tai levyyn asentaminen kest\u00e4\u00e4 vain muutaman hetken, eik\u00e4 valmiissa tuotteessa ole ilmakuplia tai ryppyj\u00e4. Valmistus sujuu entist\u00e4 nopeammin, sill\u00e4 laminointia ei tarvitse en\u00e4\u00e4 tilata muilta, mik\u00e4 s\u00e4\u00e4st\u00e4\u00e4 aikaa sek\u00e4 v\u00e4hent\u00e4\u00e4 virheiden m\u00e4\u00e4r\u00e4\u00e4. Koko prosessi voidaan tehd\u00e4 alusta loppuun saakka omissa tiloissa, jossa laatua ja nopeutta voidaan valvoa.<\/p>\n<p>ROLLSROLLER\u00ae on kylm\u00e4laminointiin sopiva tasolaminaattori, joka on poikkeuksellisen tehokas muihin tasolaminaattoreihin verrattuna \u2013 yksi ty\u00f6ntekij\u00e4 pystyy tekem\u00e4\u00e4n my\u00f6s eritt\u00e4in suuret laminoitavat tai asennettavat tulosteet.<\/p>\n<p><strong>ROLLSROLLER\u00ae Basic 340\/170<\/strong> -tasolaminaattorin ty\u00f6skentelyala on 3100 x 1630 ja reunus 60 mm.<\/p>\n","protected":false},"excerpt":{"rendered":"<p>Laminointi Laminointi ei muodostu prosessin pullonkaulaksi ROLLSROLLER-laitetta k\u00e4ytett\u00e4ess\u00e4, koska k\u00e4sity\u00f6t\u00e4 edellytt\u00e4v\u00e4t ty\u00f6vaiheet hoituvat sill\u00e4 todella tehokkaasti. Lasin ja digitaalisen tulosteen laminointin tai levyyn asentaminen kest\u00e4\u00e4 vain muutaman hetken, eik\u00e4 valmiissa tuotteessa ole ilmakuplia tai ryppyj\u00e4. Valmistus sujuu entist\u00e4 nopeammin, sill\u00e4 laminointia ei tarvitse en\u00e4\u00e4 tilata muilta, mik\u00e4 s\u00e4\u00e4st\u00e4\u00e4 aikaa sek\u00e4 v\u00e4hent\u00e4\u00e4 virheiden m\u00e4\u00e4r\u00e4\u00e4. Koko prosessi [&hellip;]<\/p>\n","protected":false},"author":4,"featured_media":7972,"parent":8798,"menu_order":9,"comment_status":"closed","ping_status":"closed","template":"","meta":{"_acf_changed":false,"footnotes":""},"class_list":["post-7971","page","type-page","status-publish","has-post-thumbnail","hentry"],"acf":[],"yoast_head":"<!-- This site is optimized with the Yoast SEO plugin v27.3 - https:\/\/yoast.com\/product\/yoast-seo-wordpress\/ -->\n<title>Laminointi Rolsoller-kylm\u00e4laminaattorilla - JAA Disain<\/title>\n<meta name=\"description\" content=\"Laminointi tekee lasista tai digitulostuksesta kest\u00e4v\u00e4mm\u00e4n. Rolsoller-laminaattiori on eritt\u00e4in tehokas, ei j\u00e4t\u00e4 kuplia tai ryppyj\u00e4.\" \/>\n<meta name=\"robots\" content=\"index, follow, max-snippet:-1, max-image-preview:large, max-video-preview:-1\" \/>\n<link rel=\"canonical\" href=\"https:\/\/www.jaadisain.ee\/fi\/meista\/valomainosten-tuotanto\/laminointi\/\" \/>\n<meta property=\"og:locale\" content=\"fi_FI\" \/>\n<meta property=\"og:type\" content=\"article\" \/>\n<meta property=\"og:title\" content=\"Laminointi Rolsoller-kylm\u00e4laminaattorilla - JAA Disain\" \/>\n<meta property=\"og:description\" content=\"Laminointi tekee lasista tai digitulostuksesta kest\u00e4v\u00e4mm\u00e4n. Rolsoller-laminaattiori on eritt\u00e4in tehokas, ei j\u00e4t\u00e4 kuplia tai ryppyj\u00e4.\" \/>\n<meta property=\"og:url\" content=\"https:\/\/www.jaadisain.ee\/fi\/meista\/valomainosten-tuotanto\/laminointi\/\" \/>\n<meta property=\"og:site_name\" content=\"JAA Disain\" \/>\n<meta property=\"article:publisher\" content=\"https:\/\/www.facebook.com\/JAA-Disain-156295277734632\/timeline\" \/>\n<meta property=\"article:modified_time\" content=\"2016-11-03T10:21:15+00:00\" \/>\n<meta property=\"og:image\" content=\"https:\/\/www.jaadisain.ee\/wp-content\/uploads\/2016\/01\/laminaator-rolsroller.jpg\" \/>\n\t<meta property=\"og:image:width\" content=\"800\" \/>\n\t<meta property=\"og:image:height\" content=\"600\" \/>\n\t<meta property=\"og:image:type\" content=\"image\/jpeg\" \/>\n<meta name=\"twitter:card\" content=\"summary_large_image\" \/>\n<meta name=\"twitter:label1\" content=\"Arvioitu lukuaika\" \/>\n\t<meta name=\"twitter:data1\" content=\"1 minuutti\" \/>\n<script type=\"application\/ld+json\" class=\"yoast-schema-graph\">{\"@context\":\"https:\\\/\\\/schema.org\",\"@graph\":[{\"@type\":\"WebPage\",\"@id\":\"https:\\\/\\\/www.jaadisain.ee\\\/fi\\\/meista\\\/valomainosten-tuotanto\\\/laminointi\\\/\",\"url\":\"https:\\\/\\\/www.jaadisain.ee\\\/fi\\\/meista\\\/valomainosten-tuotanto\\\/laminointi\\\/\",\"name\":\"Laminointi Rolsoller-kylm\u00e4laminaattorilla - JAA Disain\",\"isPartOf\":{\"@id\":\"https:\\\/\\\/www.jaadisain.ee\\\/#website\"},\"primaryImageOfPage\":{\"@id\":\"https:\\\/\\\/www.jaadisain.ee\\\/fi\\\/meista\\\/valomainosten-tuotanto\\\/laminointi\\\/#primaryimage\"},\"image\":{\"@id\":\"https:\\\/\\\/www.jaadisain.ee\\\/fi\\\/meista\\\/valomainosten-tuotanto\\\/laminointi\\\/#primaryimage\"},\"thumbnailUrl\":\"https:\\\/\\\/www.jaadisain.ee\\\/wp-content\\\/uploads\\\/2016\\\/01\\\/laminaator-rolsroller.jpg\",\"datePublished\":\"2016-01-06T09:59:05+00:00\",\"dateModified\":\"2016-11-03T10:21:15+00:00\",\"description\":\"Laminointi tekee lasista tai digitulostuksesta kest\u00e4v\u00e4mm\u00e4n. Rolsoller-laminaattiori on eritt\u00e4in tehokas, ei j\u00e4t\u00e4 kuplia tai ryppyj\u00e4.\",\"breadcrumb\":{\"@id\":\"https:\\\/\\\/www.jaadisain.ee\\\/fi\\\/meista\\\/valomainosten-tuotanto\\\/laminointi\\\/#breadcrumb\"},\"inLanguage\":\"fi\",\"potentialAction\":[{\"@type\":\"ReadAction\",\"target\":[\"https:\\\/\\\/www.jaadisain.ee\\\/fi\\\/meista\\\/valomainosten-tuotanto\\\/laminointi\\\/\"]}]},{\"@type\":\"ImageObject\",\"inLanguage\":\"fi\",\"@id\":\"https:\\\/\\\/www.jaadisain.ee\\\/fi\\\/meista\\\/valomainosten-tuotanto\\\/laminointi\\\/#primaryimage\",\"url\":\"https:\\\/\\\/www.jaadisain.ee\\\/wp-content\\\/uploads\\\/2016\\\/01\\\/laminaator-rolsroller.jpg\",\"contentUrl\":\"https:\\\/\\\/www.jaadisain.ee\\\/wp-content\\\/uploads\\\/2016\\\/01\\\/laminaator-rolsroller.jpg\",\"width\":800,\"height\":600},{\"@type\":\"BreadcrumbList\",\"@id\":\"https:\\\/\\\/www.jaadisain.ee\\\/fi\\\/meista\\\/valomainosten-tuotanto\\\/laminointi\\\/#breadcrumb\",\"itemListElement\":[{\"@type\":\"ListItem\",\"position\":1,\"name\":\"Home\",\"item\":\"https:\\\/\\\/www.jaadisain.ee\\\/fi\\\/\"},{\"@type\":\"ListItem\",\"position\":2,\"name\":\"Meist\u00e4\",\"item\":\"https:\\\/\\\/www.jaadisain.ee\\\/fi\\\/meista\\\/\"},{\"@type\":\"ListItem\",\"position\":3,\"name\":\"Tuotanto\",\"item\":\"https:\\\/\\\/www.jaadisain.ee\\\/fi\\\/meista\\\/valomainosten-tuotanto\\\/\"},{\"@type\":\"ListItem\",\"position\":4,\"name\":\"Laminointi\"}]},{\"@type\":\"WebSite\",\"@id\":\"https:\\\/\\\/www.jaadisain.ee\\\/#website\",\"url\":\"https:\\\/\\\/www.jaadisain.ee\\\/\",\"name\":\"JAA Disain\",\"description\":\"Valgusreklaamide tootja aastast 1993\",\"publisher\":{\"@id\":\"https:\\\/\\\/www.jaadisain.ee\\\/#organization\"},\"potentialAction\":[{\"@type\":\"SearchAction\",\"target\":{\"@type\":\"EntryPoint\",\"urlTemplate\":\"https:\\\/\\\/www.jaadisain.ee\\\/?s={search_term_string}\"},\"query-input\":{\"@type\":\"PropertyValueSpecification\",\"valueRequired\":true,\"valueName\":\"search_term_string\"}}],\"inLanguage\":\"fi\"},{\"@type\":\"Organization\",\"@id\":\"https:\\\/\\\/www.jaadisain.ee\\\/#organization\",\"name\":\"JAA Disain\",\"url\":\"https:\\\/\\\/www.jaadisain.ee\\\/\",\"logo\":{\"@type\":\"ImageObject\",\"inLanguage\":\"fi\",\"@id\":\"https:\\\/\\\/www.jaadisain.ee\\\/#\\\/schema\\\/logo\\\/image\\\/\",\"url\":\"https:\\\/\\\/www.jaadisain.ee\\\/wp-content\\\/uploads\\\/2016\\\/02\\\/JAA-Disain-logo.jpg\",\"contentUrl\":\"https:\\\/\\\/www.jaadisain.ee\\\/wp-content\\\/uploads\\\/2016\\\/02\\\/JAA-Disain-logo.jpg\",\"width\":443,\"height\":259,\"caption\":\"JAA Disain\"},\"image\":{\"@id\":\"https:\\\/\\\/www.jaadisain.ee\\\/#\\\/schema\\\/logo\\\/image\\\/\"},\"sameAs\":[\"https:\\\/\\\/www.facebook.com\\\/JAA-Disain-156295277734632\\\/timeline\"]}]}<\/script>\n<!-- \/ Yoast SEO plugin. -->","yoast_head_json":{"title":"Laminointi Rolsoller-kylm\u00e4laminaattorilla - JAA Disain","description":"Laminointi tekee lasista tai digitulostuksesta kest\u00e4v\u00e4mm\u00e4n. Rolsoller-laminaattiori on eritt\u00e4in tehokas, ei j\u00e4t\u00e4 kuplia tai ryppyj\u00e4.","robots":{"index":"index","follow":"follow","max-snippet":"max-snippet:-1","max-image-preview":"max-image-preview:large","max-video-preview":"max-video-preview:-1"},"canonical":"https:\/\/www.jaadisain.ee\/fi\/meista\/valomainosten-tuotanto\/laminointi\/","og_locale":"fi_FI","og_type":"article","og_title":"Laminointi Rolsoller-kylm\u00e4laminaattorilla - JAA Disain","og_description":"Laminointi tekee lasista tai digitulostuksesta kest\u00e4v\u00e4mm\u00e4n. Rolsoller-laminaattiori on eritt\u00e4in tehokas, ei j\u00e4t\u00e4 kuplia tai ryppyj\u00e4.","og_url":"https:\/\/www.jaadisain.ee\/fi\/meista\/valomainosten-tuotanto\/laminointi\/","og_site_name":"JAA Disain","article_publisher":"https:\/\/www.facebook.com\/JAA-Disain-156295277734632\/timeline","article_modified_time":"2016-11-03T10:21:15+00:00","og_image":[{"width":800,"height":600,"url":"https:\/\/www.jaadisain.ee\/wp-content\/uploads\/2016\/01\/laminaator-rolsroller.jpg","type":"image\/jpeg"}],"twitter_card":"summary_large_image","twitter_misc":{"Arvioitu lukuaika":"1 minuutti"},"schema":{"@context":"https:\/\/schema.org","@graph":[{"@type":"WebPage","@id":"https:\/\/www.jaadisain.ee\/fi\/meista\/valomainosten-tuotanto\/laminointi\/","url":"https:\/\/www.jaadisain.ee\/fi\/meista\/valomainosten-tuotanto\/laminointi\/","name":"Laminointi Rolsoller-kylm\u00e4laminaattorilla - JAA Disain","isPartOf":{"@id":"https:\/\/www.jaadisain.ee\/#website"},"primaryImageOfPage":{"@id":"https:\/\/www.jaadisain.ee\/fi\/meista\/valomainosten-tuotanto\/laminointi\/#primaryimage"},"image":{"@id":"https:\/\/www.jaadisain.ee\/fi\/meista\/valomainosten-tuotanto\/laminointi\/#primaryimage"},"thumbnailUrl":"https:\/\/www.jaadisain.ee\/wp-content\/uploads\/2016\/01\/laminaator-rolsroller.jpg","datePublished":"2016-01-06T09:59:05+00:00","dateModified":"2016-11-03T10:21:15+00:00","description":"Laminointi tekee lasista tai digitulostuksesta kest\u00e4v\u00e4mm\u00e4n. Rolsoller-laminaattiori on eritt\u00e4in tehokas, ei j\u00e4t\u00e4 kuplia tai ryppyj\u00e4.","breadcrumb":{"@id":"https:\/\/www.jaadisain.ee\/fi\/meista\/valomainosten-tuotanto\/laminointi\/#breadcrumb"},"inLanguage":"fi","potentialAction":[{"@type":"ReadAction","target":["https:\/\/www.jaadisain.ee\/fi\/meista\/valomainosten-tuotanto\/laminointi\/"]}]},{"@type":"ImageObject","inLanguage":"fi","@id":"https:\/\/www.jaadisain.ee\/fi\/meista\/valomainosten-tuotanto\/laminointi\/#primaryimage","url":"https:\/\/www.jaadisain.ee\/wp-content\/uploads\/2016\/01\/laminaator-rolsroller.jpg","contentUrl":"https:\/\/www.jaadisain.ee\/wp-content\/uploads\/2016\/01\/laminaator-rolsroller.jpg","width":800,"height":600},{"@type":"BreadcrumbList","@id":"https:\/\/www.jaadisain.ee\/fi\/meista\/valomainosten-tuotanto\/laminointi\/#breadcrumb","itemListElement":[{"@type":"ListItem","position":1,"name":"Home","item":"https:\/\/www.jaadisain.ee\/fi\/"},{"@type":"ListItem","position":2,"name":"Meist\u00e4","item":"https:\/\/www.jaadisain.ee\/fi\/meista\/"},{"@type":"ListItem","position":3,"name":"Tuotanto","item":"https:\/\/www.jaadisain.ee\/fi\/meista\/valomainosten-tuotanto\/"},{"@type":"ListItem","position":4,"name":"Laminointi"}]},{"@type":"WebSite","@id":"https:\/\/www.jaadisain.ee\/#website","url":"https:\/\/www.jaadisain.ee\/","name":"JAA Disain","description":"Valgusreklaamide tootja aastast 1993","publisher":{"@id":"https:\/\/www.jaadisain.ee\/#organization"},"potentialAction":[{"@type":"SearchAction","target":{"@type":"EntryPoint","urlTemplate":"https:\/\/www.jaadisain.ee\/?s={search_term_string}"},"query-input":{"@type":"PropertyValueSpecification","valueRequired":true,"valueName":"search_term_string"}}],"inLanguage":"fi"},{"@type":"Organization","@id":"https:\/\/www.jaadisain.ee\/#organization","name":"JAA Disain","url":"https:\/\/www.jaadisain.ee\/","logo":{"@type":"ImageObject","inLanguage":"fi","@id":"https:\/\/www.jaadisain.ee\/#\/schema\/logo\/image\/","url":"https:\/\/www.jaadisain.ee\/wp-content\/uploads\/2016\/02\/JAA-Disain-logo.jpg","contentUrl":"https:\/\/www.jaadisain.ee\/wp-content\/uploads\/2016\/02\/JAA-Disain-logo.jpg","width":443,"height":259,"caption":"JAA Disain"},"image":{"@id":"https:\/\/www.jaadisain.ee\/#\/schema\/logo\/image\/"},"sameAs":["https:\/\/www.facebook.com\/JAA-Disain-156295277734632\/timeline"]}]}},"_links":{"self":[{"href":"https:\/\/www.jaadisain.ee\/fi\/wp-json\/wp\/v2\/pages\/7971","targetHints":{"allow":["GET"]}}],"collection":[{"href":"https:\/\/www.jaadisain.ee\/fi\/wp-json\/wp\/v2\/pages"}],"about":[{"href":"https:\/\/www.jaadisain.ee\/fi\/wp-json\/wp\/v2\/types\/page"}],"author":[{"embeddable":true,"href":"https:\/\/www.jaadisain.ee\/fi\/wp-json\/wp\/v2\/users\/4"}],"replies":[{"embeddable":true,"href":"https:\/\/www.jaadisain.ee\/fi\/wp-json\/wp\/v2\/comments?post=7971"}],"version-history":[{"count":0,"href":"https:\/\/www.jaadisain.ee\/fi\/wp-json\/wp\/v2\/pages\/7971\/revisions"}],"up":[{"embeddable":true,"href":"https:\/\/www.jaadisain.ee\/fi\/wp-json\/wp\/v2\/pages\/8798"}],"wp:featuredmedia":[{"embeddable":true,"href":"https:\/\/www.jaadisain.ee\/fi\/wp-json\/wp\/v2\/media\/7972"}],"wp:attachment":[{"href":"https:\/\/www.jaadisain.ee\/fi\/wp-json\/wp\/v2\/media?parent=7971"}],"curies":[{"name":"wp","href":"https:\/\/api.w.org\/{rel}","templated":true}]}}