{"id":7963,"date":"2016-01-27T12:39:20","date_gmt":"2016-01-27T12:39:20","guid":{"rendered":"http:\/\/www.jaadisain.ee\/fi\/digitrukk\/"},"modified":"2016-11-02T15:03:17","modified_gmt":"2016-11-02T13:03:17","slug":"digitulostus","status":"publish","type":"page","link":"https:\/\/www.jaadisain.ee\/fi\/ulkomainokset\/digitulostus-ja-valokuvatulostus\/digitulostus\/","title":{"rendered":"Digitulostus"},"content":{"rendered":"<p>Digitulostus ja valokuvatulostus laajentavat suunnittelumahdollisuuksia, ja valokuvia voidaan k\u00e4ytt\u00e4\u00e4 eri materiaaleissa ja pinnoilla.<\/p>\n<p>Valokuvatulostuksen ja digitulostuksen ansiosta valokuvia voidaan k\u00e4ytt\u00e4\u00e4 entist\u00e4 monipuolisemmin erilaisissa materiaaleissa, kuten tarroissa, paperilla, tekstiileiss\u00e4, pvc-kankaissa jne.<\/p>\n<p>Menetelmill\u00e4 pystyt\u00e4\u00e4n tulostamaan my\u00f6s eritt\u00e4in suurikokoisia mainoksia, joiden koko on useita satoja neli\u00f6it\u00e4, samoin hyvin pieni\u00e4 tulosteita.<br \/>\nMeill\u00e4 on leve\u00e4\u00e4n tulostukseen sopiva valokuvatulostin (1370 mm). Suurkuvatulostimella voidaan tulostaa erilaisia materiaaleja, kuten tarroja, paperia, mainosbanderolleja ja kankaita. Painov\u00e4rit kest\u00e4v\u00e4t my\u00f6s ulkok\u00e4yt\u00f6ss\u00e4. Valokuvatulostin on sijoitettu omaan erilliseen tilaansa tulostuksen erinomaisen laadun varmistamiseksi.<\/p>\n<h2>Digitulostus, k\u00e4ytt\u00f6mahdollisuudet ja referenssit:<\/h2>\n","protected":false},"excerpt":{"rendered":"<p>Digitulostus ja valokuvatulostus laajentavat suunnittelumahdollisuuksia, ja valokuvia voidaan k\u00e4ytt\u00e4\u00e4 eri materiaaleissa ja pinnoilla. Valokuvatulostuksen ja digitulostuksen ansiosta valokuvia voidaan k\u00e4ytt\u00e4\u00e4 entist\u00e4 monipuolisemmin erilaisissa materiaaleissa, kuten tarroissa, paperilla, tekstiileiss\u00e4, pvc-kankaissa jne. Menetelmill\u00e4 pystyt\u00e4\u00e4n tulostamaan my\u00f6s eritt\u00e4in suurikokoisia mainoksia, joiden koko on useita satoja neli\u00f6it\u00e4, samoin hyvin pieni\u00e4 tulosteita. Meill\u00e4 on leve\u00e4\u00e4n tulostukseen sopiva valokuvatulostin (1370 mm). [&hellip;]<\/p>\n","protected":false},"author":4,"featured_media":7964,"parent":9057,"menu_order":1,"comment_status":"closed","ping_status":"closed","template":"","meta":{"_acf_changed":false,"footnotes":""},"class_list":["post-7963","page","type-page","status-publish","has-post-thumbnail","hentry"],"acf":[],"yoast_head":"<!-- This site is optimized with the Yoast SEO plugin v27.3 - https:\/\/yoast.com\/product\/yoast-seo-wordpress\/ -->\n<title>Digitulostus, digitaalinen tulostus ja valokuvatulostus - JAA Disain<\/title>\n<meta name=\"description\" content=\"Digitulostus ja valokuvatulostus laajentavat suunnittelumahdollisuuksia, ja valokuvia voidaan k\u00e4ytt\u00e4\u00e4 eri materiaaleissa ja pinnoilla. Katso lis\u00e4\u00e4 t\u00e4\u00e4lt\u00e4!\" \/>\n<meta name=\"robots\" content=\"index, follow, max-snippet:-1, max-image-preview:large, max-video-preview:-1\" \/>\n<link rel=\"canonical\" href=\"https:\/\/www.jaadisain.ee\/fi\/ulkomainokset\/digitulostus-ja-valokuvatulostus\/digitulostus\/\" \/>\n<meta property=\"og:locale\" content=\"fi_FI\" \/>\n<meta property=\"og:type\" content=\"article\" \/>\n<meta property=\"og:title\" content=\"Digitulostus, digitaalinen tulostus ja valokuvatulostus - JAA Disain\" \/>\n<meta property=\"og:description\" content=\"Digitulostus ja valokuvatulostus laajentavat suunnittelumahdollisuuksia, ja valokuvia voidaan k\u00e4ytt\u00e4\u00e4 eri materiaaleissa ja pinnoilla. Katso lis\u00e4\u00e4 t\u00e4\u00e4lt\u00e4!\" \/>\n<meta property=\"og:url\" content=\"https:\/\/www.jaadisain.ee\/fi\/ulkomainokset\/digitulostus-ja-valokuvatulostus\/digitulostus\/\" \/>\n<meta property=\"og:site_name\" content=\"JAA Disain\" \/>\n<meta property=\"article:publisher\" content=\"https:\/\/www.facebook.com\/JAA-Disain-156295277734632\/timeline\" \/>\n<meta property=\"article:modified_time\" content=\"2016-11-02T13:03:17+00:00\" \/>\n<meta property=\"og:image\" content=\"https:\/\/www.jaadisain.ee\/wp-content\/uploads\/2015\/12\/digiprint-vaateaknal-denim-dream.jpg\" \/>\n\t<meta property=\"og:image:width\" content=\"800\" \/>\n\t<meta property=\"og:image:height\" content=\"600\" \/>\n\t<meta property=\"og:image:type\" content=\"image\/jpeg\" \/>\n<meta name=\"twitter:card\" content=\"summary_large_image\" \/>\n<script type=\"application\/ld+json\" class=\"yoast-schema-graph\">{\"@context\":\"https:\\\/\\\/schema.org\",\"@graph\":[{\"@type\":\"WebPage\",\"@id\":\"https:\\\/\\\/www.jaadisain.ee\\\/fi\\\/ulkomainokset\\\/digitulostus-ja-valokuvatulostus\\\/digitulostus\\\/\",\"url\":\"https:\\\/\\\/www.jaadisain.ee\\\/fi\\\/ulkomainokset\\\/digitulostus-ja-valokuvatulostus\\\/digitulostus\\\/\",\"name\":\"Digitulostus, digitaalinen tulostus ja valokuvatulostus - JAA Disain\",\"isPartOf\":{\"@id\":\"https:\\\/\\\/www.jaadisain.ee\\\/#website\"},\"primaryImageOfPage\":{\"@id\":\"https:\\\/\\\/www.jaadisain.ee\\\/fi\\\/ulkomainokset\\\/digitulostus-ja-valokuvatulostus\\\/digitulostus\\\/#primaryimage\"},\"image\":{\"@id\":\"https:\\\/\\\/www.jaadisain.ee\\\/fi\\\/ulkomainokset\\\/digitulostus-ja-valokuvatulostus\\\/digitulostus\\\/#primaryimage\"},\"thumbnailUrl\":\"https:\\\/\\\/www.jaadisain.ee\\\/wp-content\\\/uploads\\\/2015\\\/12\\\/digiprint-vaateaknal-denim-dream.jpg\",\"datePublished\":\"2016-01-27T12:39:20+00:00\",\"dateModified\":\"2016-11-02T13:03:17+00:00\",\"description\":\"Digitulostus ja valokuvatulostus laajentavat suunnittelumahdollisuuksia, ja valokuvia voidaan k\u00e4ytt\u00e4\u00e4 eri materiaaleissa ja pinnoilla. Katso lis\u00e4\u00e4 t\u00e4\u00e4lt\u00e4!\",\"breadcrumb\":{\"@id\":\"https:\\\/\\\/www.jaadisain.ee\\\/fi\\\/ulkomainokset\\\/digitulostus-ja-valokuvatulostus\\\/digitulostus\\\/#breadcrumb\"},\"inLanguage\":\"fi\",\"potentialAction\":[{\"@type\":\"ReadAction\",\"target\":[\"https:\\\/\\\/www.jaadisain.ee\\\/fi\\\/ulkomainokset\\\/digitulostus-ja-valokuvatulostus\\\/digitulostus\\\/\"]}]},{\"@type\":\"ImageObject\",\"inLanguage\":\"fi\",\"@id\":\"https:\\\/\\\/www.jaadisain.ee\\\/fi\\\/ulkomainokset\\\/digitulostus-ja-valokuvatulostus\\\/digitulostus\\\/#primaryimage\",\"url\":\"https:\\\/\\\/www.jaadisain.ee\\\/wp-content\\\/uploads\\\/2015\\\/12\\\/digiprint-vaateaknal-denim-dream.jpg\",\"contentUrl\":\"https:\\\/\\\/www.jaadisain.ee\\\/wp-content\\\/uploads\\\/2015\\\/12\\\/digiprint-vaateaknal-denim-dream.jpg\",\"width\":800,\"height\":600,\"caption\":\"digitulostus\"},{\"@type\":\"BreadcrumbList\",\"@id\":\"https:\\\/\\\/www.jaadisain.ee\\\/fi\\\/ulkomainokset\\\/digitulostus-ja-valokuvatulostus\\\/digitulostus\\\/#breadcrumb\",\"itemListElement\":[{\"@type\":\"ListItem\",\"position\":1,\"name\":\"Home\",\"item\":\"https:\\\/\\\/www.jaadisain.ee\\\/fi\\\/\"},{\"@type\":\"ListItem\",\"position\":2,\"name\":\"Tuotteet\",\"item\":\"https:\\\/\\\/www.jaadisain.ee\\\/fi\\\/ulkomainokset\\\/\"},{\"@type\":\"ListItem\",\"position\":3,\"name\":\"Digitulostus ja valokuvatulostus\",\"item\":\"https:\\\/\\\/www.jaadisain.ee\\\/fi\\\/ulkomainokset\\\/digitulostus-ja-valokuvatulostus\\\/\"},{\"@type\":\"ListItem\",\"position\":4,\"name\":\"Digitulostus\"}]},{\"@type\":\"WebSite\",\"@id\":\"https:\\\/\\\/www.jaadisain.ee\\\/#website\",\"url\":\"https:\\\/\\\/www.jaadisain.ee\\\/\",\"name\":\"JAA Disain\",\"description\":\"Valgusreklaamide tootja aastast 1993\",\"publisher\":{\"@id\":\"https:\\\/\\\/www.jaadisain.ee\\\/#organization\"},\"potentialAction\":[{\"@type\":\"SearchAction\",\"target\":{\"@type\":\"EntryPoint\",\"urlTemplate\":\"https:\\\/\\\/www.jaadisain.ee\\\/?s={search_term_string}\"},\"query-input\":{\"@type\":\"PropertyValueSpecification\",\"valueRequired\":true,\"valueName\":\"search_term_string\"}}],\"inLanguage\":\"fi\"},{\"@type\":\"Organization\",\"@id\":\"https:\\\/\\\/www.jaadisain.ee\\\/#organization\",\"name\":\"JAA Disain\",\"url\":\"https:\\\/\\\/www.jaadisain.ee\\\/\",\"logo\":{\"@type\":\"ImageObject\",\"inLanguage\":\"fi\",\"@id\":\"https:\\\/\\\/www.jaadisain.ee\\\/#\\\/schema\\\/logo\\\/image\\\/\",\"url\":\"https:\\\/\\\/www.jaadisain.ee\\\/wp-content\\\/uploads\\\/2016\\\/02\\\/JAA-Disain-logo.jpg\",\"contentUrl\":\"https:\\\/\\\/www.jaadisain.ee\\\/wp-content\\\/uploads\\\/2016\\\/02\\\/JAA-Disain-logo.jpg\",\"width\":443,\"height\":259,\"caption\":\"JAA Disain\"},\"image\":{\"@id\":\"https:\\\/\\\/www.jaadisain.ee\\\/#\\\/schema\\\/logo\\\/image\\\/\"},\"sameAs\":[\"https:\\\/\\\/www.facebook.com\\\/JAA-Disain-156295277734632\\\/timeline\"]}]}<\/script>\n<!-- \/ Yoast SEO plugin. -->","yoast_head_json":{"title":"Digitulostus, digitaalinen tulostus ja valokuvatulostus - JAA Disain","description":"Digitulostus ja valokuvatulostus laajentavat suunnittelumahdollisuuksia, ja valokuvia voidaan k\u00e4ytt\u00e4\u00e4 eri materiaaleissa ja pinnoilla. Katso lis\u00e4\u00e4 t\u00e4\u00e4lt\u00e4!","robots":{"index":"index","follow":"follow","max-snippet":"max-snippet:-1","max-image-preview":"max-image-preview:large","max-video-preview":"max-video-preview:-1"},"canonical":"https:\/\/www.jaadisain.ee\/fi\/ulkomainokset\/digitulostus-ja-valokuvatulostus\/digitulostus\/","og_locale":"fi_FI","og_type":"article","og_title":"Digitulostus, digitaalinen tulostus ja valokuvatulostus - JAA Disain","og_description":"Digitulostus ja valokuvatulostus laajentavat suunnittelumahdollisuuksia, ja valokuvia voidaan k\u00e4ytt\u00e4\u00e4 eri materiaaleissa ja pinnoilla. Katso lis\u00e4\u00e4 t\u00e4\u00e4lt\u00e4!","og_url":"https:\/\/www.jaadisain.ee\/fi\/ulkomainokset\/digitulostus-ja-valokuvatulostus\/digitulostus\/","og_site_name":"JAA Disain","article_publisher":"https:\/\/www.facebook.com\/JAA-Disain-156295277734632\/timeline","article_modified_time":"2016-11-02T13:03:17+00:00","og_image":[{"width":800,"height":600,"url":"https:\/\/www.jaadisain.ee\/wp-content\/uploads\/2015\/12\/digiprint-vaateaknal-denim-dream.jpg","type":"image\/jpeg"}],"twitter_card":"summary_large_image","schema":{"@context":"https:\/\/schema.org","@graph":[{"@type":"WebPage","@id":"https:\/\/www.jaadisain.ee\/fi\/ulkomainokset\/digitulostus-ja-valokuvatulostus\/digitulostus\/","url":"https:\/\/www.jaadisain.ee\/fi\/ulkomainokset\/digitulostus-ja-valokuvatulostus\/digitulostus\/","name":"Digitulostus, digitaalinen tulostus ja valokuvatulostus - JAA Disain","isPartOf":{"@id":"https:\/\/www.jaadisain.ee\/#website"},"primaryImageOfPage":{"@id":"https:\/\/www.jaadisain.ee\/fi\/ulkomainokset\/digitulostus-ja-valokuvatulostus\/digitulostus\/#primaryimage"},"image":{"@id":"https:\/\/www.jaadisain.ee\/fi\/ulkomainokset\/digitulostus-ja-valokuvatulostus\/digitulostus\/#primaryimage"},"thumbnailUrl":"https:\/\/www.jaadisain.ee\/wp-content\/uploads\/2015\/12\/digiprint-vaateaknal-denim-dream.jpg","datePublished":"2016-01-27T12:39:20+00:00","dateModified":"2016-11-02T13:03:17+00:00","description":"Digitulostus ja valokuvatulostus laajentavat suunnittelumahdollisuuksia, ja valokuvia voidaan k\u00e4ytt\u00e4\u00e4 eri materiaaleissa ja pinnoilla. Katso lis\u00e4\u00e4 t\u00e4\u00e4lt\u00e4!","breadcrumb":{"@id":"https:\/\/www.jaadisain.ee\/fi\/ulkomainokset\/digitulostus-ja-valokuvatulostus\/digitulostus\/#breadcrumb"},"inLanguage":"fi","potentialAction":[{"@type":"ReadAction","target":["https:\/\/www.jaadisain.ee\/fi\/ulkomainokset\/digitulostus-ja-valokuvatulostus\/digitulostus\/"]}]},{"@type":"ImageObject","inLanguage":"fi","@id":"https:\/\/www.jaadisain.ee\/fi\/ulkomainokset\/digitulostus-ja-valokuvatulostus\/digitulostus\/#primaryimage","url":"https:\/\/www.jaadisain.ee\/wp-content\/uploads\/2015\/12\/digiprint-vaateaknal-denim-dream.jpg","contentUrl":"https:\/\/www.jaadisain.ee\/wp-content\/uploads\/2015\/12\/digiprint-vaateaknal-denim-dream.jpg","width":800,"height":600,"caption":"digitulostus"},{"@type":"BreadcrumbList","@id":"https:\/\/www.jaadisain.ee\/fi\/ulkomainokset\/digitulostus-ja-valokuvatulostus\/digitulostus\/#breadcrumb","itemListElement":[{"@type":"ListItem","position":1,"name":"Home","item":"https:\/\/www.jaadisain.ee\/fi\/"},{"@type":"ListItem","position":2,"name":"Tuotteet","item":"https:\/\/www.jaadisain.ee\/fi\/ulkomainokset\/"},{"@type":"ListItem","position":3,"name":"Digitulostus ja valokuvatulostus","item":"https:\/\/www.jaadisain.ee\/fi\/ulkomainokset\/digitulostus-ja-valokuvatulostus\/"},{"@type":"ListItem","position":4,"name":"Digitulostus"}]},{"@type":"WebSite","@id":"https:\/\/www.jaadisain.ee\/#website","url":"https:\/\/www.jaadisain.ee\/","name":"JAA Disain","description":"Valgusreklaamide tootja aastast 1993","publisher":{"@id":"https:\/\/www.jaadisain.ee\/#organization"},"potentialAction":[{"@type":"SearchAction","target":{"@type":"EntryPoint","urlTemplate":"https:\/\/www.jaadisain.ee\/?s={search_term_string}"},"query-input":{"@type":"PropertyValueSpecification","valueRequired":true,"valueName":"search_term_string"}}],"inLanguage":"fi"},{"@type":"Organization","@id":"https:\/\/www.jaadisain.ee\/#organization","name":"JAA Disain","url":"https:\/\/www.jaadisain.ee\/","logo":{"@type":"ImageObject","inLanguage":"fi","@id":"https:\/\/www.jaadisain.ee\/#\/schema\/logo\/image\/","url":"https:\/\/www.jaadisain.ee\/wp-content\/uploads\/2016\/02\/JAA-Disain-logo.jpg","contentUrl":"https:\/\/www.jaadisain.ee\/wp-content\/uploads\/2016\/02\/JAA-Disain-logo.jpg","width":443,"height":259,"caption":"JAA Disain"},"image":{"@id":"https:\/\/www.jaadisain.ee\/#\/schema\/logo\/image\/"},"sameAs":["https:\/\/www.facebook.com\/JAA-Disain-156295277734632\/timeline"]}]}},"_links":{"self":[{"href":"https:\/\/www.jaadisain.ee\/fi\/wp-json\/wp\/v2\/pages\/7963","targetHints":{"allow":["GET"]}}],"collection":[{"href":"https:\/\/www.jaadisain.ee\/fi\/wp-json\/wp\/v2\/pages"}],"about":[{"href":"https:\/\/www.jaadisain.ee\/fi\/wp-json\/wp\/v2\/types\/page"}],"author":[{"embeddable":true,"href":"https:\/\/www.jaadisain.ee\/fi\/wp-json\/wp\/v2\/users\/4"}],"replies":[{"embeddable":true,"href":"https:\/\/www.jaadisain.ee\/fi\/wp-json\/wp\/v2\/comments?post=7963"}],"version-history":[{"count":1,"href":"https:\/\/www.jaadisain.ee\/fi\/wp-json\/wp\/v2\/pages\/7963\/revisions"}],"predecessor-version":[{"id":9595,"href":"https:\/\/www.jaadisain.ee\/fi\/wp-json\/wp\/v2\/pages\/7963\/revisions\/9595"}],"up":[{"embeddable":true,"href":"https:\/\/www.jaadisain.ee\/fi\/wp-json\/wp\/v2\/pages\/9057"}],"wp:featuredmedia":[{"embeddable":true,"href":"https:\/\/www.jaadisain.ee\/fi\/wp-json\/wp\/v2\/media\/7964"}],"wp:attachment":[{"href":"https:\/\/www.jaadisain.ee\/fi\/wp-json\/wp\/v2\/media?parent=7963"}],"curies":[{"name":"wp","href":"https:\/\/api.w.org\/{rel}","templated":true}]}}