{"id":7961,"date":"2016-01-27T12:41:51","date_gmt":"2016-01-27T12:41:51","guid":{"rendered":"http:\/\/www.jaadisain.ee\/fi\/fotoprint\/"},"modified":"2016-11-21T09:56:55","modified_gmt":"2016-11-21T07:56:55","slug":"fototulostus","status":"publish","type":"page","link":"https:\/\/www.jaadisain.ee\/fi\/ulkomainokset\/digitulostus-ja-valokuvatulostus\/fototulostus\/","title":{"rendered":"Fototulostus"},"content":{"rendered":"<p>Fototulostus ja digitulostus laajentavat valokuvien k\u00e4ytt\u00f6mahdollisuuksia eri materiaaleissa.<\/p>\n<p>Fototulostuksen ja digitaalisen tulostuksen ansiosta valokuvia voidaan k\u00e4ytt\u00e4\u00e4 entist\u00e4 monipuolisemmin erilaisissa materiaaleissa, kuten tarroissa, paperilla, tekstiileiss\u00e4, pvc-kankaissa jne. Menetelmill\u00e4 pystyt\u00e4\u00e4n tulostamaan my\u00f6s eritt\u00e4in suurikokoisia mainoksia, joiden koko on useita satoja neli\u00f6it\u00e4 Lis\u00e4ksi voidaan tehd\u00e4 hyvin pieni\u00e4 tarroja erilaisia tuotteita varten.<\/p>\n<p>Fototulosteita voi laittaa sek\u00e4 sis\u00e4- ett\u00e4 ulkotiloihin, n\u00e4yteikkunoihin ja ajoneuvoihin. Digitaalisen tulostuksen avulla kuva voidaan tulostaan tarraan ja liimata lasiin, sein\u00e4\u00e4n, per\u00e4vaunuihin, linja-autopys\u00e4kkien katoksiin jne. Digitulosteen voi asentaa esivalmisteltuun pintaan ja ripustaa sein\u00e4lle \u2013 pinta kannattaa laminoida, jotta se kest\u00e4\u00e4 paremmin. Digitulostetuilla autotarroilla varustetut autot ovat oiva keino pirist\u00e4\u00e4 harmaata katukuvaa. Jatkuvasti liikenn\u00f6iv\u00e4t autot viev\u00e4t mainokset kaikkialle l\u00e4hi\u00f6ist\u00e4 kotipihaan saakka. Autojen autotarrat eiv\u00e4t j\u00e4\u00e4 huomaamatta muilta liikenteess\u00e4 liikkujilta tai kadunvarsilla asuvilta.<\/p>\n<h2>Fototulostus, k\u00e4ytt\u00f6mahdollisuudet ja referenssit:<\/h2>\n","protected":false},"excerpt":{"rendered":"<p>Fototulostus ja digitulostus laajentavat valokuvien k\u00e4ytt\u00f6mahdollisuuksia eri materiaaleissa. Fototulostuksen ja digitaalisen tulostuksen ansiosta valokuvia voidaan k\u00e4ytt\u00e4\u00e4 entist\u00e4 monipuolisemmin erilaisissa materiaaleissa, kuten tarroissa, paperilla, tekstiileiss\u00e4, pvc-kankaissa jne. Menetelmill\u00e4 pystyt\u00e4\u00e4n tulostamaan my\u00f6s eritt\u00e4in suurikokoisia mainoksia, joiden koko on useita satoja neli\u00f6it\u00e4 Lis\u00e4ksi voidaan tehd\u00e4 hyvin pieni\u00e4 tarroja erilaisia tuotteita varten. Fototulosteita voi laittaa sek\u00e4 sis\u00e4- ett\u00e4 ulkotiloihin, [&hellip;]<\/p>\n","protected":false},"author":4,"featured_media":7962,"parent":9057,"menu_order":2,"comment_status":"closed","ping_status":"closed","template":"","meta":{"_acf_changed":false,"footnotes":""},"class_list":["post-7961","page","type-page","status-publish","has-post-thumbnail","hentry"],"acf":[],"yoast_head":"<!-- This site is optimized with the Yoast SEO plugin v27.3 - https:\/\/yoast.com\/product\/yoast-seo-wordpress\/ -->\n<title>Fototulostus, digitulostus, digitaalinen tulostus - JAA Disain<\/title>\n<meta name=\"description\" content=\"Fototulostus ja digitulostus laajentavat valokuvien k\u00e4ytt\u00f6mahdollisuuksia eri materiaaleissa. Tutustu palveluun ja katso valmiit ty\u00f6t t\u00e4\u00e4lt\u00e4!\" \/>\n<meta name=\"robots\" content=\"index, follow, max-snippet:-1, max-image-preview:large, max-video-preview:-1\" \/>\n<link rel=\"canonical\" href=\"https:\/\/www.jaadisain.ee\/fi\/ulkomainokset\/digitulostus-ja-valokuvatulostus\/fototulostus\/\" \/>\n<meta property=\"og:locale\" content=\"fi_FI\" \/>\n<meta property=\"og:type\" content=\"article\" \/>\n<meta property=\"og:title\" content=\"Fototulostus, digitulostus, digitaalinen tulostus - JAA Disain\" \/>\n<meta property=\"og:description\" content=\"Fototulostus ja digitulostus laajentavat valokuvien k\u00e4ytt\u00f6mahdollisuuksia eri materiaaleissa. Tutustu palveluun ja katso valmiit ty\u00f6t t\u00e4\u00e4lt\u00e4!\" \/>\n<meta property=\"og:url\" content=\"https:\/\/www.jaadisain.ee\/fi\/ulkomainokset\/digitulostus-ja-valokuvatulostus\/fototulostus\/\" \/>\n<meta property=\"og:site_name\" content=\"JAA Disain\" \/>\n<meta property=\"article:publisher\" content=\"https:\/\/www.facebook.com\/JAA-Disain-156295277734632\/timeline\" \/>\n<meta property=\"article:modified_time\" content=\"2016-11-21T07:56:55+00:00\" \/>\n<meta property=\"og:image\" content=\"https:\/\/www.jaadisain.ee\/wp-content\/uploads\/2015\/12\/lamineeritud-fotoprint-city-casino.jpg\" \/>\n\t<meta property=\"og:image:width\" content=\"800\" \/>\n\t<meta property=\"og:image:height\" content=\"533\" \/>\n\t<meta property=\"og:image:type\" content=\"image\/jpeg\" \/>\n<meta name=\"twitter:card\" content=\"summary_large_image\" \/>\n<meta name=\"twitter:label1\" content=\"Arvioitu lukuaika\" \/>\n\t<meta name=\"twitter:data1\" content=\"1 minuutti\" \/>\n<script type=\"application\/ld+json\" class=\"yoast-schema-graph\">{\"@context\":\"https:\\\/\\\/schema.org\",\"@graph\":[{\"@type\":\"WebPage\",\"@id\":\"https:\\\/\\\/www.jaadisain.ee\\\/fi\\\/ulkomainokset\\\/digitulostus-ja-valokuvatulostus\\\/fototulostus\\\/\",\"url\":\"https:\\\/\\\/www.jaadisain.ee\\\/fi\\\/ulkomainokset\\\/digitulostus-ja-valokuvatulostus\\\/fototulostus\\\/\",\"name\":\"Fototulostus, digitulostus, digitaalinen tulostus - JAA Disain\",\"isPartOf\":{\"@id\":\"https:\\\/\\\/www.jaadisain.ee\\\/#website\"},\"primaryImageOfPage\":{\"@id\":\"https:\\\/\\\/www.jaadisain.ee\\\/fi\\\/ulkomainokset\\\/digitulostus-ja-valokuvatulostus\\\/fototulostus\\\/#primaryimage\"},\"image\":{\"@id\":\"https:\\\/\\\/www.jaadisain.ee\\\/fi\\\/ulkomainokset\\\/digitulostus-ja-valokuvatulostus\\\/fototulostus\\\/#primaryimage\"},\"thumbnailUrl\":\"https:\\\/\\\/www.jaadisain.ee\\\/wp-content\\\/uploads\\\/2015\\\/12\\\/lamineeritud-fotoprint-city-casino.jpg\",\"datePublished\":\"2016-01-27T12:41:51+00:00\",\"dateModified\":\"2016-11-21T07:56:55+00:00\",\"description\":\"Fototulostus ja digitulostus laajentavat valokuvien k\u00e4ytt\u00f6mahdollisuuksia eri materiaaleissa. Tutustu palveluun ja katso valmiit ty\u00f6t t\u00e4\u00e4lt\u00e4!\",\"breadcrumb\":{\"@id\":\"https:\\\/\\\/www.jaadisain.ee\\\/fi\\\/ulkomainokset\\\/digitulostus-ja-valokuvatulostus\\\/fototulostus\\\/#breadcrumb\"},\"inLanguage\":\"fi\",\"potentialAction\":[{\"@type\":\"ReadAction\",\"target\":[\"https:\\\/\\\/www.jaadisain.ee\\\/fi\\\/ulkomainokset\\\/digitulostus-ja-valokuvatulostus\\\/fototulostus\\\/\"]}]},{\"@type\":\"ImageObject\",\"inLanguage\":\"fi\",\"@id\":\"https:\\\/\\\/www.jaadisain.ee\\\/fi\\\/ulkomainokset\\\/digitulostus-ja-valokuvatulostus\\\/fototulostus\\\/#primaryimage\",\"url\":\"https:\\\/\\\/www.jaadisain.ee\\\/wp-content\\\/uploads\\\/2015\\\/12\\\/lamineeritud-fotoprint-city-casino.jpg\",\"contentUrl\":\"https:\\\/\\\/www.jaadisain.ee\\\/wp-content\\\/uploads\\\/2015\\\/12\\\/lamineeritud-fotoprint-city-casino.jpg\",\"width\":800,\"height\":533,\"caption\":\"fototulostus\"},{\"@type\":\"BreadcrumbList\",\"@id\":\"https:\\\/\\\/www.jaadisain.ee\\\/fi\\\/ulkomainokset\\\/digitulostus-ja-valokuvatulostus\\\/fototulostus\\\/#breadcrumb\",\"itemListElement\":[{\"@type\":\"ListItem\",\"position\":1,\"name\":\"Home\",\"item\":\"https:\\\/\\\/www.jaadisain.ee\\\/fi\\\/\"},{\"@type\":\"ListItem\",\"position\":2,\"name\":\"Tuotteet\",\"item\":\"https:\\\/\\\/www.jaadisain.ee\\\/fi\\\/ulkomainokset\\\/\"},{\"@type\":\"ListItem\",\"position\":3,\"name\":\"Digitulostus ja valokuvatulostus\",\"item\":\"https:\\\/\\\/www.jaadisain.ee\\\/fi\\\/ulkomainokset\\\/digitulostus-ja-valokuvatulostus\\\/\"},{\"@type\":\"ListItem\",\"position\":4,\"name\":\"Fototulostus\"}]},{\"@type\":\"WebSite\",\"@id\":\"https:\\\/\\\/www.jaadisain.ee\\\/#website\",\"url\":\"https:\\\/\\\/www.jaadisain.ee\\\/\",\"name\":\"JAA Disain\",\"description\":\"Valgusreklaamide tootja aastast 1993\",\"publisher\":{\"@id\":\"https:\\\/\\\/www.jaadisain.ee\\\/#organization\"},\"potentialAction\":[{\"@type\":\"SearchAction\",\"target\":{\"@type\":\"EntryPoint\",\"urlTemplate\":\"https:\\\/\\\/www.jaadisain.ee\\\/?s={search_term_string}\"},\"query-input\":{\"@type\":\"PropertyValueSpecification\",\"valueRequired\":true,\"valueName\":\"search_term_string\"}}],\"inLanguage\":\"fi\"},{\"@type\":\"Organization\",\"@id\":\"https:\\\/\\\/www.jaadisain.ee\\\/#organization\",\"name\":\"JAA Disain\",\"url\":\"https:\\\/\\\/www.jaadisain.ee\\\/\",\"logo\":{\"@type\":\"ImageObject\",\"inLanguage\":\"fi\",\"@id\":\"https:\\\/\\\/www.jaadisain.ee\\\/#\\\/schema\\\/logo\\\/image\\\/\",\"url\":\"https:\\\/\\\/www.jaadisain.ee\\\/wp-content\\\/uploads\\\/2016\\\/02\\\/JAA-Disain-logo.jpg\",\"contentUrl\":\"https:\\\/\\\/www.jaadisain.ee\\\/wp-content\\\/uploads\\\/2016\\\/02\\\/JAA-Disain-logo.jpg\",\"width\":443,\"height\":259,\"caption\":\"JAA Disain\"},\"image\":{\"@id\":\"https:\\\/\\\/www.jaadisain.ee\\\/#\\\/schema\\\/logo\\\/image\\\/\"},\"sameAs\":[\"https:\\\/\\\/www.facebook.com\\\/JAA-Disain-156295277734632\\\/timeline\"]}]}<\/script>\n<!-- \/ Yoast SEO plugin. -->","yoast_head_json":{"title":"Fototulostus, digitulostus, digitaalinen tulostus - JAA Disain","description":"Fototulostus ja digitulostus laajentavat valokuvien k\u00e4ytt\u00f6mahdollisuuksia eri materiaaleissa. Tutustu palveluun ja katso valmiit ty\u00f6t t\u00e4\u00e4lt\u00e4!","robots":{"index":"index","follow":"follow","max-snippet":"max-snippet:-1","max-image-preview":"max-image-preview:large","max-video-preview":"max-video-preview:-1"},"canonical":"https:\/\/www.jaadisain.ee\/fi\/ulkomainokset\/digitulostus-ja-valokuvatulostus\/fototulostus\/","og_locale":"fi_FI","og_type":"article","og_title":"Fototulostus, digitulostus, digitaalinen tulostus - JAA Disain","og_description":"Fototulostus ja digitulostus laajentavat valokuvien k\u00e4ytt\u00f6mahdollisuuksia eri materiaaleissa. Tutustu palveluun ja katso valmiit ty\u00f6t t\u00e4\u00e4lt\u00e4!","og_url":"https:\/\/www.jaadisain.ee\/fi\/ulkomainokset\/digitulostus-ja-valokuvatulostus\/fototulostus\/","og_site_name":"JAA Disain","article_publisher":"https:\/\/www.facebook.com\/JAA-Disain-156295277734632\/timeline","article_modified_time":"2016-11-21T07:56:55+00:00","og_image":[{"width":800,"height":533,"url":"https:\/\/www.jaadisain.ee\/wp-content\/uploads\/2015\/12\/lamineeritud-fotoprint-city-casino.jpg","type":"image\/jpeg"}],"twitter_card":"summary_large_image","twitter_misc":{"Arvioitu lukuaika":"1 minuutti"},"schema":{"@context":"https:\/\/schema.org","@graph":[{"@type":"WebPage","@id":"https:\/\/www.jaadisain.ee\/fi\/ulkomainokset\/digitulostus-ja-valokuvatulostus\/fototulostus\/","url":"https:\/\/www.jaadisain.ee\/fi\/ulkomainokset\/digitulostus-ja-valokuvatulostus\/fototulostus\/","name":"Fototulostus, digitulostus, digitaalinen tulostus - JAA Disain","isPartOf":{"@id":"https:\/\/www.jaadisain.ee\/#website"},"primaryImageOfPage":{"@id":"https:\/\/www.jaadisain.ee\/fi\/ulkomainokset\/digitulostus-ja-valokuvatulostus\/fototulostus\/#primaryimage"},"image":{"@id":"https:\/\/www.jaadisain.ee\/fi\/ulkomainokset\/digitulostus-ja-valokuvatulostus\/fototulostus\/#primaryimage"},"thumbnailUrl":"https:\/\/www.jaadisain.ee\/wp-content\/uploads\/2015\/12\/lamineeritud-fotoprint-city-casino.jpg","datePublished":"2016-01-27T12:41:51+00:00","dateModified":"2016-11-21T07:56:55+00:00","description":"Fototulostus ja digitulostus laajentavat valokuvien k\u00e4ytt\u00f6mahdollisuuksia eri materiaaleissa. Tutustu palveluun ja katso valmiit ty\u00f6t t\u00e4\u00e4lt\u00e4!","breadcrumb":{"@id":"https:\/\/www.jaadisain.ee\/fi\/ulkomainokset\/digitulostus-ja-valokuvatulostus\/fototulostus\/#breadcrumb"},"inLanguage":"fi","potentialAction":[{"@type":"ReadAction","target":["https:\/\/www.jaadisain.ee\/fi\/ulkomainokset\/digitulostus-ja-valokuvatulostus\/fototulostus\/"]}]},{"@type":"ImageObject","inLanguage":"fi","@id":"https:\/\/www.jaadisain.ee\/fi\/ulkomainokset\/digitulostus-ja-valokuvatulostus\/fototulostus\/#primaryimage","url":"https:\/\/www.jaadisain.ee\/wp-content\/uploads\/2015\/12\/lamineeritud-fotoprint-city-casino.jpg","contentUrl":"https:\/\/www.jaadisain.ee\/wp-content\/uploads\/2015\/12\/lamineeritud-fotoprint-city-casino.jpg","width":800,"height":533,"caption":"fototulostus"},{"@type":"BreadcrumbList","@id":"https:\/\/www.jaadisain.ee\/fi\/ulkomainokset\/digitulostus-ja-valokuvatulostus\/fototulostus\/#breadcrumb","itemListElement":[{"@type":"ListItem","position":1,"name":"Home","item":"https:\/\/www.jaadisain.ee\/fi\/"},{"@type":"ListItem","position":2,"name":"Tuotteet","item":"https:\/\/www.jaadisain.ee\/fi\/ulkomainokset\/"},{"@type":"ListItem","position":3,"name":"Digitulostus ja valokuvatulostus","item":"https:\/\/www.jaadisain.ee\/fi\/ulkomainokset\/digitulostus-ja-valokuvatulostus\/"},{"@type":"ListItem","position":4,"name":"Fototulostus"}]},{"@type":"WebSite","@id":"https:\/\/www.jaadisain.ee\/#website","url":"https:\/\/www.jaadisain.ee\/","name":"JAA Disain","description":"Valgusreklaamide tootja aastast 1993","publisher":{"@id":"https:\/\/www.jaadisain.ee\/#organization"},"potentialAction":[{"@type":"SearchAction","target":{"@type":"EntryPoint","urlTemplate":"https:\/\/www.jaadisain.ee\/?s={search_term_string}"},"query-input":{"@type":"PropertyValueSpecification","valueRequired":true,"valueName":"search_term_string"}}],"inLanguage":"fi"},{"@type":"Organization","@id":"https:\/\/www.jaadisain.ee\/#organization","name":"JAA Disain","url":"https:\/\/www.jaadisain.ee\/","logo":{"@type":"ImageObject","inLanguage":"fi","@id":"https:\/\/www.jaadisain.ee\/#\/schema\/logo\/image\/","url":"https:\/\/www.jaadisain.ee\/wp-content\/uploads\/2016\/02\/JAA-Disain-logo.jpg","contentUrl":"https:\/\/www.jaadisain.ee\/wp-content\/uploads\/2016\/02\/JAA-Disain-logo.jpg","width":443,"height":259,"caption":"JAA Disain"},"image":{"@id":"https:\/\/www.jaadisain.ee\/#\/schema\/logo\/image\/"},"sameAs":["https:\/\/www.facebook.com\/JAA-Disain-156295277734632\/timeline"]}]}},"_links":{"self":[{"href":"https:\/\/www.jaadisain.ee\/fi\/wp-json\/wp\/v2\/pages\/7961","targetHints":{"allow":["GET"]}}],"collection":[{"href":"https:\/\/www.jaadisain.ee\/fi\/wp-json\/wp\/v2\/pages"}],"about":[{"href":"https:\/\/www.jaadisain.ee\/fi\/wp-json\/wp\/v2\/types\/page"}],"author":[{"embeddable":true,"href":"https:\/\/www.jaadisain.ee\/fi\/wp-json\/wp\/v2\/users\/4"}],"replies":[{"embeddable":true,"href":"https:\/\/www.jaadisain.ee\/fi\/wp-json\/wp\/v2\/comments?post=7961"}],"version-history":[{"count":1,"href":"https:\/\/www.jaadisain.ee\/fi\/wp-json\/wp\/v2\/pages\/7961\/revisions"}],"predecessor-version":[{"id":9505,"href":"https:\/\/www.jaadisain.ee\/fi\/wp-json\/wp\/v2\/pages\/7961\/revisions\/9505"}],"up":[{"embeddable":true,"href":"https:\/\/www.jaadisain.ee\/fi\/wp-json\/wp\/v2\/pages\/9057"}],"wp:featuredmedia":[{"embeddable":true,"href":"https:\/\/www.jaadisain.ee\/fi\/wp-json\/wp\/v2\/media\/7962"}],"wp:attachment":[{"href":"https:\/\/www.jaadisain.ee\/fi\/wp-json\/wp\/v2\/media?parent=7961"}],"curies":[{"name":"wp","href":"https:\/\/api.w.org\/{rel}","templated":true}]}}