{"id":7959,"date":"2016-01-27T12:53:24","date_gmt":"2016-01-27T12:53:24","guid":{"rendered":"http:\/\/www.jaadisain.ee\/fi\/akruulkastid\/"},"modified":"2016-11-02T14:11:56","modified_gmt":"2016-11-02T12:11:56","slug":"akryylilaatikot","status":"publish","type":"page","link":"https:\/\/www.jaadisain.ee\/fi\/ulkomainokset\/akryylityot\/akryylilaatikot\/","title":{"rendered":"Akryylilaatikot"},"content":{"rendered":"<p>Akryylilaatikot tehd\u00e4\u00e4n akryylilasista mittatilausty\u00f6n\u00e4.<\/p>\n<p>Akryyli- eli pleksilasista voidaan tehd\u00e4 useaan eri k\u00e4ytt\u00f6tarkoitukseen sopivia tuotteita. Jyrsim\u00e4ll\u00e4, liimaamalla ja taivuttamalla valmistetut tuotteet ovat omintakeisia ja n\u00e4ytt\u00e4vi\u00e4 erityisesti materiaalin l\u00e4pin\u00e4kyvyyden ja kiilt\u00e4v\u00e4n pinnan ansiosta. Akryylilaatikkoja k\u00e4ytet\u00e4\u00e4n yleens\u00e4 sis\u00e4tiloissa.<\/p>\n<p>Meill\u00e4 on kaikki tarvittavat koneet ja laitteet erilaisten osien l\u00e4mp\u00f6taivutukseen sek\u00e4 muokkaamiseen. Pitk\u00e4n kokemuksen ansiosta pystymme tarjoamaan parhaan mahdollisen materiaalivalikoiman sek\u00e4 toteutuksen.<\/p>\n<h2>Akryylilaatikot, k\u00e4ytt\u00f6mahdollisuudet ja referenssit:<\/h2>\n","protected":false},"excerpt":{"rendered":"<p>Akryylilaatikot tehd\u00e4\u00e4n akryylilasista mittatilausty\u00f6n\u00e4. Akryyli- eli pleksilasista voidaan tehd\u00e4 useaan eri k\u00e4ytt\u00f6tarkoitukseen sopivia tuotteita. Jyrsim\u00e4ll\u00e4, liimaamalla ja taivuttamalla valmistetut tuotteet ovat omintakeisia ja n\u00e4ytt\u00e4vi\u00e4 erityisesti materiaalin l\u00e4pin\u00e4kyvyyden ja kiilt\u00e4v\u00e4n pinnan ansiosta. Akryylilaatikkoja k\u00e4ytet\u00e4\u00e4n yleens\u00e4 sis\u00e4tiloissa. Meill\u00e4 on kaikki tarvittavat koneet ja laitteet erilaisten osien l\u00e4mp\u00f6taivutukseen sek\u00e4 muokkaamiseen. Pitk\u00e4n kokemuksen ansiosta pystymme tarjoamaan parhaan mahdollisen materiaalivalikoiman [&hellip;]<\/p>\n","protected":false},"author":4,"featured_media":7960,"parent":9026,"menu_order":1,"comment_status":"closed","ping_status":"closed","template":"","meta":{"_acf_changed":false,"footnotes":""},"class_list":["post-7959","page","type-page","status-publish","has-post-thumbnail","hentry"],"acf":[],"yoast_head":"<!-- This site is optimized with the Yoast SEO plugin v27.3 - https:\/\/yoast.com\/product\/yoast-seo-wordpress\/ -->\n<title>Akryylilaatikot ja arvontalaatikot, akryylity\u00f6t\u00a0- JAA Disain O\u00dc<\/title>\n<meta name=\"description\" content=\"Akryylilaatikot valmistetaan tilausty\u00f6n\u00e4 ilmoitettujen mittojen mukaan. Katso akryylilasituotteet ja valmiit ty\u00f6t t\u00e4\u00e4lt\u00e4!\" \/>\n<meta name=\"robots\" content=\"index, follow, max-snippet:-1, max-image-preview:large, max-video-preview:-1\" \/>\n<link rel=\"canonical\" href=\"https:\/\/www.jaadisain.ee\/fi\/ulkomainokset\/akryylityot\/akryylilaatikot\/\" \/>\n<meta property=\"og:locale\" content=\"fi_FI\" \/>\n<meta property=\"og:type\" content=\"article\" \/>\n<meta property=\"og:title\" content=\"Akryylilaatikot ja arvontalaatikot, akryylity\u00f6t\u00a0- JAA Disain O\u00dc\" \/>\n<meta property=\"og:description\" content=\"Akryylilaatikot valmistetaan tilausty\u00f6n\u00e4 ilmoitettujen mittojen mukaan. Katso akryylilasituotteet ja valmiit ty\u00f6t t\u00e4\u00e4lt\u00e4!\" \/>\n<meta property=\"og:url\" content=\"https:\/\/www.jaadisain.ee\/fi\/ulkomainokset\/akryylityot\/akryylilaatikot\/\" \/>\n<meta property=\"og:site_name\" content=\"JAA Disain\" \/>\n<meta property=\"article:publisher\" content=\"https:\/\/www.facebook.com\/JAA-Disain-156295277734632\/timeline\" \/>\n<meta property=\"article:modified_time\" content=\"2016-11-02T12:11:56+00:00\" \/>\n<meta property=\"og:image\" content=\"https:\/\/www.jaadisain.ee\/wp-content\/uploads\/2015\/12\/poorlev-loosikast.jpg\" \/>\n\t<meta property=\"og:image:width\" content=\"500\" \/>\n\t<meta property=\"og:image:height\" content=\"375\" \/>\n\t<meta property=\"og:image:type\" content=\"image\/jpeg\" \/>\n<meta name=\"twitter:card\" content=\"summary_large_image\" \/>\n<script type=\"application\/ld+json\" class=\"yoast-schema-graph\">{\"@context\":\"https:\\\/\\\/schema.org\",\"@graph\":[{\"@type\":\"WebPage\",\"@id\":\"https:\\\/\\\/www.jaadisain.ee\\\/fi\\\/ulkomainokset\\\/akryylityot\\\/akryylilaatikot\\\/\",\"url\":\"https:\\\/\\\/www.jaadisain.ee\\\/fi\\\/ulkomainokset\\\/akryylityot\\\/akryylilaatikot\\\/\",\"name\":\"Akryylilaatikot ja arvontalaatikot, akryylity\u00f6t\u00a0- JAA Disain O\u00dc\",\"isPartOf\":{\"@id\":\"https:\\\/\\\/www.jaadisain.ee\\\/#website\"},\"primaryImageOfPage\":{\"@id\":\"https:\\\/\\\/www.jaadisain.ee\\\/fi\\\/ulkomainokset\\\/akryylityot\\\/akryylilaatikot\\\/#primaryimage\"},\"image\":{\"@id\":\"https:\\\/\\\/www.jaadisain.ee\\\/fi\\\/ulkomainokset\\\/akryylityot\\\/akryylilaatikot\\\/#primaryimage\"},\"thumbnailUrl\":\"https:\\\/\\\/www.jaadisain.ee\\\/wp-content\\\/uploads\\\/2015\\\/12\\\/poorlev-loosikast.jpg\",\"datePublished\":\"2016-01-27T12:53:24+00:00\",\"dateModified\":\"2016-11-02T12:11:56+00:00\",\"description\":\"Akryylilaatikot valmistetaan tilausty\u00f6n\u00e4 ilmoitettujen mittojen mukaan. Katso akryylilasituotteet ja valmiit ty\u00f6t t\u00e4\u00e4lt\u00e4!\",\"breadcrumb\":{\"@id\":\"https:\\\/\\\/www.jaadisain.ee\\\/fi\\\/ulkomainokset\\\/akryylityot\\\/akryylilaatikot\\\/#breadcrumb\"},\"inLanguage\":\"fi\",\"potentialAction\":[{\"@type\":\"ReadAction\",\"target\":[\"https:\\\/\\\/www.jaadisain.ee\\\/fi\\\/ulkomainokset\\\/akryylityot\\\/akryylilaatikot\\\/\"]}]},{\"@type\":\"ImageObject\",\"inLanguage\":\"fi\",\"@id\":\"https:\\\/\\\/www.jaadisain.ee\\\/fi\\\/ulkomainokset\\\/akryylityot\\\/akryylilaatikot\\\/#primaryimage\",\"url\":\"https:\\\/\\\/www.jaadisain.ee\\\/wp-content\\\/uploads\\\/2015\\\/12\\\/poorlev-loosikast.jpg\",\"contentUrl\":\"https:\\\/\\\/www.jaadisain.ee\\\/wp-content\\\/uploads\\\/2015\\\/12\\\/poorlev-loosikast.jpg\",\"width\":500,\"height\":375,\"caption\":\"Akryylilaatikot\"},{\"@type\":\"BreadcrumbList\",\"@id\":\"https:\\\/\\\/www.jaadisain.ee\\\/fi\\\/ulkomainokset\\\/akryylityot\\\/akryylilaatikot\\\/#breadcrumb\",\"itemListElement\":[{\"@type\":\"ListItem\",\"position\":1,\"name\":\"Home\",\"item\":\"https:\\\/\\\/www.jaadisain.ee\\\/fi\\\/\"},{\"@type\":\"ListItem\",\"position\":2,\"name\":\"Tuotteet\",\"item\":\"https:\\\/\\\/www.jaadisain.ee\\\/fi\\\/ulkomainokset\\\/\"},{\"@type\":\"ListItem\",\"position\":3,\"name\":\"Akryylity\u00f6t\",\"item\":\"https:\\\/\\\/www.jaadisain.ee\\\/fi\\\/ulkomainokset\\\/akryylityot\\\/\"},{\"@type\":\"ListItem\",\"position\":4,\"name\":\"Akryylilaatikot\"}]},{\"@type\":\"WebSite\",\"@id\":\"https:\\\/\\\/www.jaadisain.ee\\\/#website\",\"url\":\"https:\\\/\\\/www.jaadisain.ee\\\/\",\"name\":\"JAA Disain\",\"description\":\"Valgusreklaamide tootja aastast 1993\",\"publisher\":{\"@id\":\"https:\\\/\\\/www.jaadisain.ee\\\/#organization\"},\"potentialAction\":[{\"@type\":\"SearchAction\",\"target\":{\"@type\":\"EntryPoint\",\"urlTemplate\":\"https:\\\/\\\/www.jaadisain.ee\\\/?s={search_term_string}\"},\"query-input\":{\"@type\":\"PropertyValueSpecification\",\"valueRequired\":true,\"valueName\":\"search_term_string\"}}],\"inLanguage\":\"fi\"},{\"@type\":\"Organization\",\"@id\":\"https:\\\/\\\/www.jaadisain.ee\\\/#organization\",\"name\":\"JAA Disain\",\"url\":\"https:\\\/\\\/www.jaadisain.ee\\\/\",\"logo\":{\"@type\":\"ImageObject\",\"inLanguage\":\"fi\",\"@id\":\"https:\\\/\\\/www.jaadisain.ee\\\/#\\\/schema\\\/logo\\\/image\\\/\",\"url\":\"https:\\\/\\\/www.jaadisain.ee\\\/wp-content\\\/uploads\\\/2016\\\/02\\\/JAA-Disain-logo.jpg\",\"contentUrl\":\"https:\\\/\\\/www.jaadisain.ee\\\/wp-content\\\/uploads\\\/2016\\\/02\\\/JAA-Disain-logo.jpg\",\"width\":443,\"height\":259,\"caption\":\"JAA Disain\"},\"image\":{\"@id\":\"https:\\\/\\\/www.jaadisain.ee\\\/#\\\/schema\\\/logo\\\/image\\\/\"},\"sameAs\":[\"https:\\\/\\\/www.facebook.com\\\/JAA-Disain-156295277734632\\\/timeline\"]}]}<\/script>\n<!-- \/ Yoast SEO plugin. -->","yoast_head_json":{"title":"Akryylilaatikot ja arvontalaatikot, akryylity\u00f6t\u00a0- JAA Disain O\u00dc","description":"Akryylilaatikot valmistetaan tilausty\u00f6n\u00e4 ilmoitettujen mittojen mukaan. Katso akryylilasituotteet ja valmiit ty\u00f6t t\u00e4\u00e4lt\u00e4!","robots":{"index":"index","follow":"follow","max-snippet":"max-snippet:-1","max-image-preview":"max-image-preview:large","max-video-preview":"max-video-preview:-1"},"canonical":"https:\/\/www.jaadisain.ee\/fi\/ulkomainokset\/akryylityot\/akryylilaatikot\/","og_locale":"fi_FI","og_type":"article","og_title":"Akryylilaatikot ja arvontalaatikot, akryylity\u00f6t\u00a0- JAA Disain O\u00dc","og_description":"Akryylilaatikot valmistetaan tilausty\u00f6n\u00e4 ilmoitettujen mittojen mukaan. Katso akryylilasituotteet ja valmiit ty\u00f6t t\u00e4\u00e4lt\u00e4!","og_url":"https:\/\/www.jaadisain.ee\/fi\/ulkomainokset\/akryylityot\/akryylilaatikot\/","og_site_name":"JAA Disain","article_publisher":"https:\/\/www.facebook.com\/JAA-Disain-156295277734632\/timeline","article_modified_time":"2016-11-02T12:11:56+00:00","og_image":[{"width":500,"height":375,"url":"https:\/\/www.jaadisain.ee\/wp-content\/uploads\/2015\/12\/poorlev-loosikast.jpg","type":"image\/jpeg"}],"twitter_card":"summary_large_image","schema":{"@context":"https:\/\/schema.org","@graph":[{"@type":"WebPage","@id":"https:\/\/www.jaadisain.ee\/fi\/ulkomainokset\/akryylityot\/akryylilaatikot\/","url":"https:\/\/www.jaadisain.ee\/fi\/ulkomainokset\/akryylityot\/akryylilaatikot\/","name":"Akryylilaatikot ja arvontalaatikot, akryylity\u00f6t\u00a0- JAA Disain O\u00dc","isPartOf":{"@id":"https:\/\/www.jaadisain.ee\/#website"},"primaryImageOfPage":{"@id":"https:\/\/www.jaadisain.ee\/fi\/ulkomainokset\/akryylityot\/akryylilaatikot\/#primaryimage"},"image":{"@id":"https:\/\/www.jaadisain.ee\/fi\/ulkomainokset\/akryylityot\/akryylilaatikot\/#primaryimage"},"thumbnailUrl":"https:\/\/www.jaadisain.ee\/wp-content\/uploads\/2015\/12\/poorlev-loosikast.jpg","datePublished":"2016-01-27T12:53:24+00:00","dateModified":"2016-11-02T12:11:56+00:00","description":"Akryylilaatikot valmistetaan tilausty\u00f6n\u00e4 ilmoitettujen mittojen mukaan. Katso akryylilasituotteet ja valmiit ty\u00f6t t\u00e4\u00e4lt\u00e4!","breadcrumb":{"@id":"https:\/\/www.jaadisain.ee\/fi\/ulkomainokset\/akryylityot\/akryylilaatikot\/#breadcrumb"},"inLanguage":"fi","potentialAction":[{"@type":"ReadAction","target":["https:\/\/www.jaadisain.ee\/fi\/ulkomainokset\/akryylityot\/akryylilaatikot\/"]}]},{"@type":"ImageObject","inLanguage":"fi","@id":"https:\/\/www.jaadisain.ee\/fi\/ulkomainokset\/akryylityot\/akryylilaatikot\/#primaryimage","url":"https:\/\/www.jaadisain.ee\/wp-content\/uploads\/2015\/12\/poorlev-loosikast.jpg","contentUrl":"https:\/\/www.jaadisain.ee\/wp-content\/uploads\/2015\/12\/poorlev-loosikast.jpg","width":500,"height":375,"caption":"Akryylilaatikot"},{"@type":"BreadcrumbList","@id":"https:\/\/www.jaadisain.ee\/fi\/ulkomainokset\/akryylityot\/akryylilaatikot\/#breadcrumb","itemListElement":[{"@type":"ListItem","position":1,"name":"Home","item":"https:\/\/www.jaadisain.ee\/fi\/"},{"@type":"ListItem","position":2,"name":"Tuotteet","item":"https:\/\/www.jaadisain.ee\/fi\/ulkomainokset\/"},{"@type":"ListItem","position":3,"name":"Akryylity\u00f6t","item":"https:\/\/www.jaadisain.ee\/fi\/ulkomainokset\/akryylityot\/"},{"@type":"ListItem","position":4,"name":"Akryylilaatikot"}]},{"@type":"WebSite","@id":"https:\/\/www.jaadisain.ee\/#website","url":"https:\/\/www.jaadisain.ee\/","name":"JAA Disain","description":"Valgusreklaamide tootja aastast 1993","publisher":{"@id":"https:\/\/www.jaadisain.ee\/#organization"},"potentialAction":[{"@type":"SearchAction","target":{"@type":"EntryPoint","urlTemplate":"https:\/\/www.jaadisain.ee\/?s={search_term_string}"},"query-input":{"@type":"PropertyValueSpecification","valueRequired":true,"valueName":"search_term_string"}}],"inLanguage":"fi"},{"@type":"Organization","@id":"https:\/\/www.jaadisain.ee\/#organization","name":"JAA Disain","url":"https:\/\/www.jaadisain.ee\/","logo":{"@type":"ImageObject","inLanguage":"fi","@id":"https:\/\/www.jaadisain.ee\/#\/schema\/logo\/image\/","url":"https:\/\/www.jaadisain.ee\/wp-content\/uploads\/2016\/02\/JAA-Disain-logo.jpg","contentUrl":"https:\/\/www.jaadisain.ee\/wp-content\/uploads\/2016\/02\/JAA-Disain-logo.jpg","width":443,"height":259,"caption":"JAA Disain"},"image":{"@id":"https:\/\/www.jaadisain.ee\/#\/schema\/logo\/image\/"},"sameAs":["https:\/\/www.facebook.com\/JAA-Disain-156295277734632\/timeline"]}]}},"_links":{"self":[{"href":"https:\/\/www.jaadisain.ee\/fi\/wp-json\/wp\/v2\/pages\/7959","targetHints":{"allow":["GET"]}}],"collection":[{"href":"https:\/\/www.jaadisain.ee\/fi\/wp-json\/wp\/v2\/pages"}],"about":[{"href":"https:\/\/www.jaadisain.ee\/fi\/wp-json\/wp\/v2\/types\/page"}],"author":[{"embeddable":true,"href":"https:\/\/www.jaadisain.ee\/fi\/wp-json\/wp\/v2\/users\/4"}],"replies":[{"embeddable":true,"href":"https:\/\/www.jaadisain.ee\/fi\/wp-json\/wp\/v2\/comments?post=7959"}],"version-history":[{"count":0,"href":"https:\/\/www.jaadisain.ee\/fi\/wp-json\/wp\/v2\/pages\/7959\/revisions"}],"up":[{"embeddable":true,"href":"https:\/\/www.jaadisain.ee\/fi\/wp-json\/wp\/v2\/pages\/9026"}],"wp:featuredmedia":[{"embeddable":true,"href":"https:\/\/www.jaadisain.ee\/fi\/wp-json\/wp\/v2\/media\/7960"}],"wp:attachment":[{"href":"https:\/\/www.jaadisain.ee\/fi\/wp-json\/wp\/v2\/media?parent=7959"}],"curies":[{"name":"wp","href":"https:\/\/api.w.org\/{rel}","templated":true}]}}