{"id":7957,"date":"2016-01-27T12:53:49","date_gmt":"2016-01-27T12:53:49","guid":{"rendered":"http:\/\/www.jaadisain.ee\/fi\/muud-akruulist-tooted\/"},"modified":"2016-11-03T14:07:04","modified_gmt":"2016-11-03T12:07:04","slug":"muut-akryylituotteet","status":"publish","type":"page","link":"https:\/\/www.jaadisain.ee\/fi\/ulkomainokset\/akryylityot\/muut-akryylituotteet\/","title":{"rendered":"Muut akryylituotteet"},"content":{"rendered":"<p>Muut akryylituotteet, akryylity\u00f6t tehd\u00e4\u00e4n akryylilasista mittatilausty\u00f6n\u00e4.<\/p>\n<p>Akryyli- eli pleksilasista voidaan tehd\u00e4 useaan eri k\u00e4ytt\u00f6tarkoitukseen sopivia tuotteita. Jyrsim\u00e4ll\u00e4, liimaamalla ja taivuttamalla valmistetut tuotteet ovat omintakeisia ja n\u00e4ytt\u00e4vi\u00e4 erityisesti materiaalin l\u00e4pin\u00e4kyvyyden ja kiilt\u00e4v\u00e4n pinnan ansiosta. N\u00e4it\u00e4 tuotteita k\u00e4ytet\u00e4\u00e4n yleens\u00e4 sis\u00e4tiloissa.<\/p>\n<p>Meill\u00e4 on kaikki tarvittavat koneet ja laitteet erilaisten osien l\u00e4mp\u00f6taivutukseen sek\u00e4 muokkaamiseen. Pitk\u00e4n kokemuksen ansiosta pystymme tarjoamaan parhaan mahdollisen materiaalivalikoiman sek\u00e4 toteutuksen.<\/p>\n<h2>Muut akryylituotteet, k\u00e4ytt\u00f6mahdollisuudet ja referenssit:<\/h2>\n","protected":false},"excerpt":{"rendered":"<p>Muut akryylituotteet, akryylity\u00f6t tehd\u00e4\u00e4n akryylilasista mittatilausty\u00f6n\u00e4. Akryyli- eli pleksilasista voidaan tehd\u00e4 useaan eri k\u00e4ytt\u00f6tarkoitukseen sopivia tuotteita. Jyrsim\u00e4ll\u00e4, liimaamalla ja taivuttamalla valmistetut tuotteet ovat omintakeisia ja n\u00e4ytt\u00e4vi\u00e4 erityisesti materiaalin l\u00e4pin\u00e4kyvyyden ja kiilt\u00e4v\u00e4n pinnan ansiosta. N\u00e4it\u00e4 tuotteita k\u00e4ytet\u00e4\u00e4n yleens\u00e4 sis\u00e4tiloissa. Meill\u00e4 on kaikki tarvittavat koneet ja laitteet erilaisten osien l\u00e4mp\u00f6taivutukseen sek\u00e4 muokkaamiseen. Pitk\u00e4n kokemuksen ansiosta pystymme tarjoamaan [&hellip;]<\/p>\n","protected":false},"author":4,"featured_media":7958,"parent":9026,"menu_order":2,"comment_status":"closed","ping_status":"closed","template":"","meta":{"_acf_changed":false,"footnotes":""},"class_list":["post-7957","page","type-page","status-publish","has-post-thumbnail","hentry"],"acf":[],"yoast_head":"<!-- This site is optimized with the Yoast SEO plugin v27.3 - https:\/\/yoast.com\/product\/yoast-seo-wordpress\/ -->\n<title>Muut akryylituotteet ja akryylity\u00f6t - JAA Disain O\u00dc<\/title>\n<meta name=\"description\" content=\"Muut akryylituotteet ja akryylity\u00f6t. Akryylituotteet tehd\u00e4\u00e4n mittatilausty\u00f6n\u00e4. Lue lis\u00e4\u00e4 akryylituotteista ja katso valmiit ty\u00f6t t\u00e4\u00e4lt\u00e4!\" \/>\n<meta name=\"robots\" content=\"index, follow, max-snippet:-1, max-image-preview:large, max-video-preview:-1\" \/>\n<link rel=\"canonical\" href=\"https:\/\/www.jaadisain.ee\/fi\/ulkomainokset\/akryylityot\/muut-akryylituotteet\/\" \/>\n<meta property=\"og:locale\" content=\"fi_FI\" \/>\n<meta property=\"og:type\" content=\"article\" \/>\n<meta property=\"og:title\" content=\"Muut akryylituotteet ja akryylity\u00f6t - JAA Disain O\u00dc\" \/>\n<meta property=\"og:description\" content=\"Muut akryylituotteet ja akryylity\u00f6t. Akryylituotteet tehd\u00e4\u00e4n mittatilausty\u00f6n\u00e4. Lue lis\u00e4\u00e4 akryylituotteista ja katso valmiit ty\u00f6t t\u00e4\u00e4lt\u00e4!\" \/>\n<meta property=\"og:url\" content=\"https:\/\/www.jaadisain.ee\/fi\/ulkomainokset\/akryylityot\/muut-akryylituotteet\/\" \/>\n<meta property=\"og:site_name\" content=\"JAA Disain\" \/>\n<meta property=\"article:publisher\" content=\"https:\/\/www.facebook.com\/JAA-Disain-156295277734632\/timeline\" \/>\n<meta property=\"article:modified_time\" content=\"2016-11-03T12:07:04+00:00\" \/>\n<meta property=\"og:image\" content=\"https:\/\/www.jaadisain.ee\/wp-content\/uploads\/2015\/12\/veiniriiul.jpg\" \/>\n\t<meta property=\"og:image:width\" content=\"800\" \/>\n\t<meta property=\"og:image:height\" content=\"597\" \/>\n\t<meta property=\"og:image:type\" content=\"image\/jpeg\" \/>\n<meta name=\"twitter:card\" content=\"summary_large_image\" \/>\n<script type=\"application\/ld+json\" class=\"yoast-schema-graph\">{\"@context\":\"https:\\\/\\\/schema.org\",\"@graph\":[{\"@type\":\"WebPage\",\"@id\":\"https:\\\/\\\/www.jaadisain.ee\\\/fi\\\/ulkomainokset\\\/akryylityot\\\/muut-akryylituotteet\\\/\",\"url\":\"https:\\\/\\\/www.jaadisain.ee\\\/fi\\\/ulkomainokset\\\/akryylityot\\\/muut-akryylituotteet\\\/\",\"name\":\"Muut akryylituotteet ja akryylity\u00f6t - JAA Disain O\u00dc\",\"isPartOf\":{\"@id\":\"https:\\\/\\\/www.jaadisain.ee\\\/#website\"},\"primaryImageOfPage\":{\"@id\":\"https:\\\/\\\/www.jaadisain.ee\\\/fi\\\/ulkomainokset\\\/akryylityot\\\/muut-akryylituotteet\\\/#primaryimage\"},\"image\":{\"@id\":\"https:\\\/\\\/www.jaadisain.ee\\\/fi\\\/ulkomainokset\\\/akryylityot\\\/muut-akryylituotteet\\\/#primaryimage\"},\"thumbnailUrl\":\"https:\\\/\\\/www.jaadisain.ee\\\/wp-content\\\/uploads\\\/2015\\\/12\\\/veiniriiul.jpg\",\"datePublished\":\"2016-01-27T12:53:49+00:00\",\"dateModified\":\"2016-11-03T12:07:04+00:00\",\"description\":\"Muut akryylituotteet ja akryylity\u00f6t. Akryylituotteet tehd\u00e4\u00e4n mittatilausty\u00f6n\u00e4. Lue lis\u00e4\u00e4 akryylituotteista ja katso valmiit ty\u00f6t t\u00e4\u00e4lt\u00e4!\",\"breadcrumb\":{\"@id\":\"https:\\\/\\\/www.jaadisain.ee\\\/fi\\\/ulkomainokset\\\/akryylityot\\\/muut-akryylituotteet\\\/#breadcrumb\"},\"inLanguage\":\"fi\",\"potentialAction\":[{\"@type\":\"ReadAction\",\"target\":[\"https:\\\/\\\/www.jaadisain.ee\\\/fi\\\/ulkomainokset\\\/akryylityot\\\/muut-akryylituotteet\\\/\"]}]},{\"@type\":\"ImageObject\",\"inLanguage\":\"fi\",\"@id\":\"https:\\\/\\\/www.jaadisain.ee\\\/fi\\\/ulkomainokset\\\/akryylityot\\\/muut-akryylituotteet\\\/#primaryimage\",\"url\":\"https:\\\/\\\/www.jaadisain.ee\\\/wp-content\\\/uploads\\\/2015\\\/12\\\/veiniriiul.jpg\",\"contentUrl\":\"https:\\\/\\\/www.jaadisain.ee\\\/wp-content\\\/uploads\\\/2015\\\/12\\\/veiniriiul.jpg\",\"width\":800,\"height\":597,\"caption\":\"akryylituotteet\"},{\"@type\":\"BreadcrumbList\",\"@id\":\"https:\\\/\\\/www.jaadisain.ee\\\/fi\\\/ulkomainokset\\\/akryylityot\\\/muut-akryylituotteet\\\/#breadcrumb\",\"itemListElement\":[{\"@type\":\"ListItem\",\"position\":1,\"name\":\"Home\",\"item\":\"https:\\\/\\\/www.jaadisain.ee\\\/fi\\\/\"},{\"@type\":\"ListItem\",\"position\":2,\"name\":\"Tuotteet\",\"item\":\"https:\\\/\\\/www.jaadisain.ee\\\/fi\\\/ulkomainokset\\\/\"},{\"@type\":\"ListItem\",\"position\":3,\"name\":\"Akryylity\u00f6t\",\"item\":\"https:\\\/\\\/www.jaadisain.ee\\\/fi\\\/ulkomainokset\\\/akryylityot\\\/\"},{\"@type\":\"ListItem\",\"position\":4,\"name\":\"Muut akryylituotteet\"}]},{\"@type\":\"WebSite\",\"@id\":\"https:\\\/\\\/www.jaadisain.ee\\\/#website\",\"url\":\"https:\\\/\\\/www.jaadisain.ee\\\/\",\"name\":\"JAA Disain\",\"description\":\"Valgusreklaamide tootja aastast 1993\",\"publisher\":{\"@id\":\"https:\\\/\\\/www.jaadisain.ee\\\/#organization\"},\"potentialAction\":[{\"@type\":\"SearchAction\",\"target\":{\"@type\":\"EntryPoint\",\"urlTemplate\":\"https:\\\/\\\/www.jaadisain.ee\\\/?s={search_term_string}\"},\"query-input\":{\"@type\":\"PropertyValueSpecification\",\"valueRequired\":true,\"valueName\":\"search_term_string\"}}],\"inLanguage\":\"fi\"},{\"@type\":\"Organization\",\"@id\":\"https:\\\/\\\/www.jaadisain.ee\\\/#organization\",\"name\":\"JAA Disain\",\"url\":\"https:\\\/\\\/www.jaadisain.ee\\\/\",\"logo\":{\"@type\":\"ImageObject\",\"inLanguage\":\"fi\",\"@id\":\"https:\\\/\\\/www.jaadisain.ee\\\/#\\\/schema\\\/logo\\\/image\\\/\",\"url\":\"https:\\\/\\\/www.jaadisain.ee\\\/wp-content\\\/uploads\\\/2016\\\/02\\\/JAA-Disain-logo.jpg\",\"contentUrl\":\"https:\\\/\\\/www.jaadisain.ee\\\/wp-content\\\/uploads\\\/2016\\\/02\\\/JAA-Disain-logo.jpg\",\"width\":443,\"height\":259,\"caption\":\"JAA Disain\"},\"image\":{\"@id\":\"https:\\\/\\\/www.jaadisain.ee\\\/#\\\/schema\\\/logo\\\/image\\\/\"},\"sameAs\":[\"https:\\\/\\\/www.facebook.com\\\/JAA-Disain-156295277734632\\\/timeline\"]}]}<\/script>\n<!-- \/ Yoast SEO plugin. -->","yoast_head_json":{"title":"Muut akryylituotteet ja akryylity\u00f6t - JAA Disain O\u00dc","description":"Muut akryylituotteet ja akryylity\u00f6t. Akryylituotteet tehd\u00e4\u00e4n mittatilausty\u00f6n\u00e4. Lue lis\u00e4\u00e4 akryylituotteista ja katso valmiit ty\u00f6t t\u00e4\u00e4lt\u00e4!","robots":{"index":"index","follow":"follow","max-snippet":"max-snippet:-1","max-image-preview":"max-image-preview:large","max-video-preview":"max-video-preview:-1"},"canonical":"https:\/\/www.jaadisain.ee\/fi\/ulkomainokset\/akryylityot\/muut-akryylituotteet\/","og_locale":"fi_FI","og_type":"article","og_title":"Muut akryylituotteet ja akryylity\u00f6t - JAA Disain O\u00dc","og_description":"Muut akryylituotteet ja akryylity\u00f6t. Akryylituotteet tehd\u00e4\u00e4n mittatilausty\u00f6n\u00e4. Lue lis\u00e4\u00e4 akryylituotteista ja katso valmiit ty\u00f6t t\u00e4\u00e4lt\u00e4!","og_url":"https:\/\/www.jaadisain.ee\/fi\/ulkomainokset\/akryylityot\/muut-akryylituotteet\/","og_site_name":"JAA Disain","article_publisher":"https:\/\/www.facebook.com\/JAA-Disain-156295277734632\/timeline","article_modified_time":"2016-11-03T12:07:04+00:00","og_image":[{"width":800,"height":597,"url":"https:\/\/www.jaadisain.ee\/wp-content\/uploads\/2015\/12\/veiniriiul.jpg","type":"image\/jpeg"}],"twitter_card":"summary_large_image","schema":{"@context":"https:\/\/schema.org","@graph":[{"@type":"WebPage","@id":"https:\/\/www.jaadisain.ee\/fi\/ulkomainokset\/akryylityot\/muut-akryylituotteet\/","url":"https:\/\/www.jaadisain.ee\/fi\/ulkomainokset\/akryylityot\/muut-akryylituotteet\/","name":"Muut akryylituotteet ja akryylity\u00f6t - JAA Disain O\u00dc","isPartOf":{"@id":"https:\/\/www.jaadisain.ee\/#website"},"primaryImageOfPage":{"@id":"https:\/\/www.jaadisain.ee\/fi\/ulkomainokset\/akryylityot\/muut-akryylituotteet\/#primaryimage"},"image":{"@id":"https:\/\/www.jaadisain.ee\/fi\/ulkomainokset\/akryylityot\/muut-akryylituotteet\/#primaryimage"},"thumbnailUrl":"https:\/\/www.jaadisain.ee\/wp-content\/uploads\/2015\/12\/veiniriiul.jpg","datePublished":"2016-01-27T12:53:49+00:00","dateModified":"2016-11-03T12:07:04+00:00","description":"Muut akryylituotteet ja akryylity\u00f6t. Akryylituotteet tehd\u00e4\u00e4n mittatilausty\u00f6n\u00e4. Lue lis\u00e4\u00e4 akryylituotteista ja katso valmiit ty\u00f6t t\u00e4\u00e4lt\u00e4!","breadcrumb":{"@id":"https:\/\/www.jaadisain.ee\/fi\/ulkomainokset\/akryylityot\/muut-akryylituotteet\/#breadcrumb"},"inLanguage":"fi","potentialAction":[{"@type":"ReadAction","target":["https:\/\/www.jaadisain.ee\/fi\/ulkomainokset\/akryylityot\/muut-akryylituotteet\/"]}]},{"@type":"ImageObject","inLanguage":"fi","@id":"https:\/\/www.jaadisain.ee\/fi\/ulkomainokset\/akryylityot\/muut-akryylituotteet\/#primaryimage","url":"https:\/\/www.jaadisain.ee\/wp-content\/uploads\/2015\/12\/veiniriiul.jpg","contentUrl":"https:\/\/www.jaadisain.ee\/wp-content\/uploads\/2015\/12\/veiniriiul.jpg","width":800,"height":597,"caption":"akryylituotteet"},{"@type":"BreadcrumbList","@id":"https:\/\/www.jaadisain.ee\/fi\/ulkomainokset\/akryylityot\/muut-akryylituotteet\/#breadcrumb","itemListElement":[{"@type":"ListItem","position":1,"name":"Home","item":"https:\/\/www.jaadisain.ee\/fi\/"},{"@type":"ListItem","position":2,"name":"Tuotteet","item":"https:\/\/www.jaadisain.ee\/fi\/ulkomainokset\/"},{"@type":"ListItem","position":3,"name":"Akryylity\u00f6t","item":"https:\/\/www.jaadisain.ee\/fi\/ulkomainokset\/akryylityot\/"},{"@type":"ListItem","position":4,"name":"Muut akryylituotteet"}]},{"@type":"WebSite","@id":"https:\/\/www.jaadisain.ee\/#website","url":"https:\/\/www.jaadisain.ee\/","name":"JAA Disain","description":"Valgusreklaamide tootja aastast 1993","publisher":{"@id":"https:\/\/www.jaadisain.ee\/#organization"},"potentialAction":[{"@type":"SearchAction","target":{"@type":"EntryPoint","urlTemplate":"https:\/\/www.jaadisain.ee\/?s={search_term_string}"},"query-input":{"@type":"PropertyValueSpecification","valueRequired":true,"valueName":"search_term_string"}}],"inLanguage":"fi"},{"@type":"Organization","@id":"https:\/\/www.jaadisain.ee\/#organization","name":"JAA Disain","url":"https:\/\/www.jaadisain.ee\/","logo":{"@type":"ImageObject","inLanguage":"fi","@id":"https:\/\/www.jaadisain.ee\/#\/schema\/logo\/image\/","url":"https:\/\/www.jaadisain.ee\/wp-content\/uploads\/2016\/02\/JAA-Disain-logo.jpg","contentUrl":"https:\/\/www.jaadisain.ee\/wp-content\/uploads\/2016\/02\/JAA-Disain-logo.jpg","width":443,"height":259,"caption":"JAA Disain"},"image":{"@id":"https:\/\/www.jaadisain.ee\/#\/schema\/logo\/image\/"},"sameAs":["https:\/\/www.facebook.com\/JAA-Disain-156295277734632\/timeline"]}]}},"_links":{"self":[{"href":"https:\/\/www.jaadisain.ee\/fi\/wp-json\/wp\/v2\/pages\/7957","targetHints":{"allow":["GET"]}}],"collection":[{"href":"https:\/\/www.jaadisain.ee\/fi\/wp-json\/wp\/v2\/pages"}],"about":[{"href":"https:\/\/www.jaadisain.ee\/fi\/wp-json\/wp\/v2\/types\/page"}],"author":[{"embeddable":true,"href":"https:\/\/www.jaadisain.ee\/fi\/wp-json\/wp\/v2\/users\/4"}],"replies":[{"embeddable":true,"href":"https:\/\/www.jaadisain.ee\/fi\/wp-json\/wp\/v2\/comments?post=7957"}],"version-history":[{"count":1,"href":"https:\/\/www.jaadisain.ee\/fi\/wp-json\/wp\/v2\/pages\/7957\/revisions"}],"predecessor-version":[{"id":9603,"href":"https:\/\/www.jaadisain.ee\/fi\/wp-json\/wp\/v2\/pages\/7957\/revisions\/9603"}],"up":[{"embeddable":true,"href":"https:\/\/www.jaadisain.ee\/fi\/wp-json\/wp\/v2\/pages\/9026"}],"wp:featuredmedia":[{"embeddable":true,"href":"https:\/\/www.jaadisain.ee\/fi\/wp-json\/wp\/v2\/media\/7958"}],"wp:attachment":[{"href":"https:\/\/www.jaadisain.ee\/fi\/wp-json\/wp\/v2\/media?parent=7957"}],"curies":[{"name":"wp","href":"https:\/\/api.w.org\/{rel}","templated":true}]}}