{"id":7923,"date":"2016-05-12T14:24:22","date_gmt":"2016-05-12T12:24:22","guid":{"rendered":"http:\/\/www.jaadisain.ee\/fi\/autokleebis\/"},"modified":"2016-11-02T14:20:21","modified_gmt":"2016-11-02T12:20:21","slug":"autoteippaus","status":"publish","type":"page","link":"https:\/\/www.jaadisain.ee\/fi\/ulkomainokset\/tarrat\/autotarrat\/pakettiautot\/autoteippaus\/","title":{"rendered":"Autoteippaus"},"content":{"rendered":"<h2>Autoteippaus<\/h2>\n<p>Autoteippaus &#8211; pienemm\u00e4t pakettiautot voidaan teipata kahdella eri tavalla. V\u00e4rillisest\u00e4 automuovista tehty teippaus on tehty osittain piirturilla ja koska suunnittelussa on k\u00e4ytetty valokuvaa, toteutuksessa on k\u00e4ytetty my\u00f6s valokuvatulostusta. K\u00e4yt\u00e4mme valokuvatulostukseen laadukkaita ja leve\u00e4\u00e4n tulostukseen sopivia digitaalisia tulostimia. Tulostettu kuva laminoidaan laminointimuovilla, jotta se kest\u00e4isi pidemp\u00e4\u00e4n k\u00e4yt\u00f6ss\u00e4. K\u00e4yt\u00e4mme kest\u00e4vi\u00e4 ja nimenomaan t\u00e4h\u00e4n k\u00e4ytt\u00f6\u00f6n suunniteltuja tarramuoveja, jotka sopivat kylmiin talviin sek\u00e4 l\u00e4mpimiin kesiin. Piirturilla leikatut mainokset on teipattu autoon t\u00e4h\u00e4n tarkoitukseen suunnitellulla siirtomuovilla. Uudistimme kuvan ajoneuvon ulkoasun alusta loppuun saakka, eli suunnittelusta toteutukseen. <strong><a href=\"https:\/\/www.jaadisain.ee\/fi\/ulkomainokset\/tarrat\/autotarrat\/pakettiautot\/\">Katso my\u00f6s <\/a><\/strong>muut teippaamamme pakettiautot.<\/p>\n<p>Jaa Disain valmistaa valomainokset ja my\u00f6s muut mainostuotteet, kuten mainostaulut, mainostarrat ja digitulostukset.<\/p>\n<p>&nbsp;<\/p>\n","protected":false},"excerpt":{"rendered":"<p>Autoteippaus Autoteippaus &#8211; pienemm\u00e4t pakettiautot voidaan teipata kahdella eri tavalla. V\u00e4rillisest\u00e4 automuovista tehty teippaus on tehty osittain piirturilla ja koska suunnittelussa on k\u00e4ytetty valokuvaa, toteutuksessa on k\u00e4ytetty my\u00f6s valokuvatulostusta. K\u00e4yt\u00e4mme valokuvatulostukseen laadukkaita ja leve\u00e4\u00e4n tulostukseen sopivia digitaalisia tulostimia. Tulostettu kuva laminoidaan laminointimuovilla, jotta se kest\u00e4isi pidemp\u00e4\u00e4n k\u00e4yt\u00f6ss\u00e4. K\u00e4yt\u00e4mme kest\u00e4vi\u00e4 ja nimenomaan t\u00e4h\u00e4n k\u00e4ytt\u00f6\u00f6n suunniteltuja tarramuoveja, [&hellip;]<\/p>\n","protected":false},"author":2,"featured_media":7924,"parent":9049,"menu_order":973,"comment_status":"closed","ping_status":"closed","template":"","meta":{"_acf_changed":false,"footnotes":""},"class_list":["post-7923","page","type-page","status-publish","has-post-thumbnail","hentry"],"acf":[],"yoast_head":"<!-- This site is optimized with the Yoast SEO plugin v27.3 - https:\/\/yoast.com\/product\/yoast-seo-wordpress\/ -->\n<title>Pienten pakettiautojen autoteippaus on tehty eri menetelmill\u00e4<\/title>\n<meta name=\"description\" content=\"Pienten pakettiautojen autoteippaus on tehty osittain v\u00e4rimuovilla piirturilla leikkaamalla ja osittain digitulostuksella.\" \/>\n<meta name=\"robots\" content=\"index, follow, max-snippet:-1, max-image-preview:large, max-video-preview:-1\" \/>\n<link rel=\"canonical\" href=\"https:\/\/www.jaadisain.ee\/fi\/ulkomainokset\/tarrat\/autotarrat\/pakettiautot\/autoteippaus\/\" \/>\n<meta property=\"og:locale\" content=\"fi_FI\" \/>\n<meta property=\"og:type\" content=\"article\" \/>\n<meta property=\"og:title\" content=\"Pienten pakettiautojen autoteippaus on tehty eri menetelmill\u00e4\" \/>\n<meta property=\"og:description\" content=\"Pienten pakettiautojen autoteippaus on tehty osittain v\u00e4rimuovilla piirturilla leikkaamalla ja osittain digitulostuksella.\" \/>\n<meta property=\"og:url\" content=\"https:\/\/www.jaadisain.ee\/fi\/ulkomainokset\/tarrat\/autotarrat\/pakettiautot\/autoteippaus\/\" \/>\n<meta property=\"og:site_name\" content=\"JAA Disain\" \/>\n<meta property=\"article:publisher\" content=\"https:\/\/www.facebook.com\/JAA-Disain-156295277734632\/timeline\" \/>\n<meta property=\"article:modified_time\" content=\"2016-11-02T12:20:21+00:00\" \/>\n<meta property=\"og:image\" content=\"https:\/\/www.jaadisain.ee\/wp-content\/uploads\/2016\/05\/autokleebis.jpg\" \/>\n\t<meta property=\"og:image:width\" content=\"1181\" \/>\n\t<meta property=\"og:image:height\" content=\"1772\" \/>\n\t<meta property=\"og:image:type\" content=\"image\/jpeg\" \/>\n<meta name=\"twitter:card\" content=\"summary_large_image\" \/>\n<meta name=\"twitter:label1\" content=\"Arvioitu lukuaika\" \/>\n\t<meta name=\"twitter:data1\" content=\"1 minuutti\" \/>\n<script type=\"application\/ld+json\" class=\"yoast-schema-graph\">{\"@context\":\"https:\\\/\\\/schema.org\",\"@graph\":[{\"@type\":\"WebPage\",\"@id\":\"https:\\\/\\\/www.jaadisain.ee\\\/fi\\\/ulkomainokset\\\/tarrat\\\/autotarrat\\\/pakettiautot\\\/autoteippaus\\\/\",\"url\":\"https:\\\/\\\/www.jaadisain.ee\\\/fi\\\/ulkomainokset\\\/tarrat\\\/autotarrat\\\/pakettiautot\\\/autoteippaus\\\/\",\"name\":\"Pienten pakettiautojen autoteippaus on tehty eri menetelmill\u00e4\",\"isPartOf\":{\"@id\":\"https:\\\/\\\/www.jaadisain.ee\\\/#website\"},\"primaryImageOfPage\":{\"@id\":\"https:\\\/\\\/www.jaadisain.ee\\\/fi\\\/ulkomainokset\\\/tarrat\\\/autotarrat\\\/pakettiautot\\\/autoteippaus\\\/#primaryimage\"},\"image\":{\"@id\":\"https:\\\/\\\/www.jaadisain.ee\\\/fi\\\/ulkomainokset\\\/tarrat\\\/autotarrat\\\/pakettiautot\\\/autoteippaus\\\/#primaryimage\"},\"thumbnailUrl\":\"https:\\\/\\\/www.jaadisain.ee\\\/wp-content\\\/uploads\\\/2016\\\/05\\\/autokleebis.jpg\",\"datePublished\":\"2016-05-12T12:24:22+00:00\",\"dateModified\":\"2016-11-02T12:20:21+00:00\",\"description\":\"Pienten pakettiautojen autoteippaus on tehty osittain v\u00e4rimuovilla piirturilla leikkaamalla ja osittain digitulostuksella.\",\"breadcrumb\":{\"@id\":\"https:\\\/\\\/www.jaadisain.ee\\\/fi\\\/ulkomainokset\\\/tarrat\\\/autotarrat\\\/pakettiautot\\\/autoteippaus\\\/#breadcrumb\"},\"inLanguage\":\"fi\",\"potentialAction\":[{\"@type\":\"ReadAction\",\"target\":[\"https:\\\/\\\/www.jaadisain.ee\\\/fi\\\/ulkomainokset\\\/tarrat\\\/autotarrat\\\/pakettiautot\\\/autoteippaus\\\/\"]}]},{\"@type\":\"ImageObject\",\"inLanguage\":\"fi\",\"@id\":\"https:\\\/\\\/www.jaadisain.ee\\\/fi\\\/ulkomainokset\\\/tarrat\\\/autotarrat\\\/pakettiautot\\\/autoteippaus\\\/#primaryimage\",\"url\":\"https:\\\/\\\/www.jaadisain.ee\\\/wp-content\\\/uploads\\\/2016\\\/05\\\/autokleebis.jpg\",\"contentUrl\":\"https:\\\/\\\/www.jaadisain.ee\\\/wp-content\\\/uploads\\\/2016\\\/05\\\/autokleebis.jpg\",\"width\":1181,\"height\":1772,\"caption\":\"Autoteippaus\"},{\"@type\":\"BreadcrumbList\",\"@id\":\"https:\\\/\\\/www.jaadisain.ee\\\/fi\\\/ulkomainokset\\\/tarrat\\\/autotarrat\\\/pakettiautot\\\/autoteippaus\\\/#breadcrumb\",\"itemListElement\":[{\"@type\":\"ListItem\",\"position\":1,\"name\":\"Home\",\"item\":\"https:\\\/\\\/www.jaadisain.ee\\\/fi\\\/\"},{\"@type\":\"ListItem\",\"position\":2,\"name\":\"Tuotteet\",\"item\":\"https:\\\/\\\/www.jaadisain.ee\\\/fi\\\/ulkomainokset\\\/\"},{\"@type\":\"ListItem\",\"position\":3,\"name\":\"Tarrat\",\"item\":\"https:\\\/\\\/www.jaadisain.ee\\\/fi\\\/ulkomainokset\\\/tarrat\\\/\"},{\"@type\":\"ListItem\",\"position\":4,\"name\":\"Autotarrat\",\"item\":\"https:\\\/\\\/www.jaadisain.ee\\\/fi\\\/ulkomainokset\\\/tarrat\\\/autotarrat\\\/\"},{\"@type\":\"ListItem\",\"position\":5,\"name\":\"Pakettiautot\",\"item\":\"https:\\\/\\\/www.jaadisain.ee\\\/fi\\\/ulkomainokset\\\/tarrat\\\/autotarrat\\\/pakettiautot\\\/\"},{\"@type\":\"ListItem\",\"position\":6,\"name\":\"Autoteippaus\"}]},{\"@type\":\"WebSite\",\"@id\":\"https:\\\/\\\/www.jaadisain.ee\\\/#website\",\"url\":\"https:\\\/\\\/www.jaadisain.ee\\\/\",\"name\":\"JAA Disain\",\"description\":\"Valgusreklaamide tootja aastast 1993\",\"publisher\":{\"@id\":\"https:\\\/\\\/www.jaadisain.ee\\\/#organization\"},\"potentialAction\":[{\"@type\":\"SearchAction\",\"target\":{\"@type\":\"EntryPoint\",\"urlTemplate\":\"https:\\\/\\\/www.jaadisain.ee\\\/?s={search_term_string}\"},\"query-input\":{\"@type\":\"PropertyValueSpecification\",\"valueRequired\":true,\"valueName\":\"search_term_string\"}}],\"inLanguage\":\"fi\"},{\"@type\":\"Organization\",\"@id\":\"https:\\\/\\\/www.jaadisain.ee\\\/#organization\",\"name\":\"JAA Disain\",\"url\":\"https:\\\/\\\/www.jaadisain.ee\\\/\",\"logo\":{\"@type\":\"ImageObject\",\"inLanguage\":\"fi\",\"@id\":\"https:\\\/\\\/www.jaadisain.ee\\\/#\\\/schema\\\/logo\\\/image\\\/\",\"url\":\"https:\\\/\\\/www.jaadisain.ee\\\/wp-content\\\/uploads\\\/2016\\\/02\\\/JAA-Disain-logo.jpg\",\"contentUrl\":\"https:\\\/\\\/www.jaadisain.ee\\\/wp-content\\\/uploads\\\/2016\\\/02\\\/JAA-Disain-logo.jpg\",\"width\":443,\"height\":259,\"caption\":\"JAA Disain\"},\"image\":{\"@id\":\"https:\\\/\\\/www.jaadisain.ee\\\/#\\\/schema\\\/logo\\\/image\\\/\"},\"sameAs\":[\"https:\\\/\\\/www.facebook.com\\\/JAA-Disain-156295277734632\\\/timeline\"]}]}<\/script>\n<!-- \/ Yoast SEO plugin. -->","yoast_head_json":{"title":"Pienten pakettiautojen autoteippaus on tehty eri menetelmill\u00e4","description":"Pienten pakettiautojen autoteippaus on tehty osittain v\u00e4rimuovilla piirturilla leikkaamalla ja osittain digitulostuksella.","robots":{"index":"index","follow":"follow","max-snippet":"max-snippet:-1","max-image-preview":"max-image-preview:large","max-video-preview":"max-video-preview:-1"},"canonical":"https:\/\/www.jaadisain.ee\/fi\/ulkomainokset\/tarrat\/autotarrat\/pakettiautot\/autoteippaus\/","og_locale":"fi_FI","og_type":"article","og_title":"Pienten pakettiautojen autoteippaus on tehty eri menetelmill\u00e4","og_description":"Pienten pakettiautojen autoteippaus on tehty osittain v\u00e4rimuovilla piirturilla leikkaamalla ja osittain digitulostuksella.","og_url":"https:\/\/www.jaadisain.ee\/fi\/ulkomainokset\/tarrat\/autotarrat\/pakettiautot\/autoteippaus\/","og_site_name":"JAA Disain","article_publisher":"https:\/\/www.facebook.com\/JAA-Disain-156295277734632\/timeline","article_modified_time":"2016-11-02T12:20:21+00:00","og_image":[{"width":1181,"height":1772,"url":"https:\/\/www.jaadisain.ee\/wp-content\/uploads\/2016\/05\/autokleebis.jpg","type":"image\/jpeg"}],"twitter_card":"summary_large_image","twitter_misc":{"Arvioitu lukuaika":"1 minuutti"},"schema":{"@context":"https:\/\/schema.org","@graph":[{"@type":"WebPage","@id":"https:\/\/www.jaadisain.ee\/fi\/ulkomainokset\/tarrat\/autotarrat\/pakettiautot\/autoteippaus\/","url":"https:\/\/www.jaadisain.ee\/fi\/ulkomainokset\/tarrat\/autotarrat\/pakettiautot\/autoteippaus\/","name":"Pienten pakettiautojen autoteippaus on tehty eri menetelmill\u00e4","isPartOf":{"@id":"https:\/\/www.jaadisain.ee\/#website"},"primaryImageOfPage":{"@id":"https:\/\/www.jaadisain.ee\/fi\/ulkomainokset\/tarrat\/autotarrat\/pakettiautot\/autoteippaus\/#primaryimage"},"image":{"@id":"https:\/\/www.jaadisain.ee\/fi\/ulkomainokset\/tarrat\/autotarrat\/pakettiautot\/autoteippaus\/#primaryimage"},"thumbnailUrl":"https:\/\/www.jaadisain.ee\/wp-content\/uploads\/2016\/05\/autokleebis.jpg","datePublished":"2016-05-12T12:24:22+00:00","dateModified":"2016-11-02T12:20:21+00:00","description":"Pienten pakettiautojen autoteippaus on tehty osittain v\u00e4rimuovilla piirturilla leikkaamalla ja osittain digitulostuksella.","breadcrumb":{"@id":"https:\/\/www.jaadisain.ee\/fi\/ulkomainokset\/tarrat\/autotarrat\/pakettiautot\/autoteippaus\/#breadcrumb"},"inLanguage":"fi","potentialAction":[{"@type":"ReadAction","target":["https:\/\/www.jaadisain.ee\/fi\/ulkomainokset\/tarrat\/autotarrat\/pakettiautot\/autoteippaus\/"]}]},{"@type":"ImageObject","inLanguage":"fi","@id":"https:\/\/www.jaadisain.ee\/fi\/ulkomainokset\/tarrat\/autotarrat\/pakettiautot\/autoteippaus\/#primaryimage","url":"https:\/\/www.jaadisain.ee\/wp-content\/uploads\/2016\/05\/autokleebis.jpg","contentUrl":"https:\/\/www.jaadisain.ee\/wp-content\/uploads\/2016\/05\/autokleebis.jpg","width":1181,"height":1772,"caption":"Autoteippaus"},{"@type":"BreadcrumbList","@id":"https:\/\/www.jaadisain.ee\/fi\/ulkomainokset\/tarrat\/autotarrat\/pakettiautot\/autoteippaus\/#breadcrumb","itemListElement":[{"@type":"ListItem","position":1,"name":"Home","item":"https:\/\/www.jaadisain.ee\/fi\/"},{"@type":"ListItem","position":2,"name":"Tuotteet","item":"https:\/\/www.jaadisain.ee\/fi\/ulkomainokset\/"},{"@type":"ListItem","position":3,"name":"Tarrat","item":"https:\/\/www.jaadisain.ee\/fi\/ulkomainokset\/tarrat\/"},{"@type":"ListItem","position":4,"name":"Autotarrat","item":"https:\/\/www.jaadisain.ee\/fi\/ulkomainokset\/tarrat\/autotarrat\/"},{"@type":"ListItem","position":5,"name":"Pakettiautot","item":"https:\/\/www.jaadisain.ee\/fi\/ulkomainokset\/tarrat\/autotarrat\/pakettiautot\/"},{"@type":"ListItem","position":6,"name":"Autoteippaus"}]},{"@type":"WebSite","@id":"https:\/\/www.jaadisain.ee\/#website","url":"https:\/\/www.jaadisain.ee\/","name":"JAA Disain","description":"Valgusreklaamide tootja aastast 1993","publisher":{"@id":"https:\/\/www.jaadisain.ee\/#organization"},"potentialAction":[{"@type":"SearchAction","target":{"@type":"EntryPoint","urlTemplate":"https:\/\/www.jaadisain.ee\/?s={search_term_string}"},"query-input":{"@type":"PropertyValueSpecification","valueRequired":true,"valueName":"search_term_string"}}],"inLanguage":"fi"},{"@type":"Organization","@id":"https:\/\/www.jaadisain.ee\/#organization","name":"JAA Disain","url":"https:\/\/www.jaadisain.ee\/","logo":{"@type":"ImageObject","inLanguage":"fi","@id":"https:\/\/www.jaadisain.ee\/#\/schema\/logo\/image\/","url":"https:\/\/www.jaadisain.ee\/wp-content\/uploads\/2016\/02\/JAA-Disain-logo.jpg","contentUrl":"https:\/\/www.jaadisain.ee\/wp-content\/uploads\/2016\/02\/JAA-Disain-logo.jpg","width":443,"height":259,"caption":"JAA Disain"},"image":{"@id":"https:\/\/www.jaadisain.ee\/#\/schema\/logo\/image\/"},"sameAs":["https:\/\/www.facebook.com\/JAA-Disain-156295277734632\/timeline"]}]}},"_links":{"self":[{"href":"https:\/\/www.jaadisain.ee\/fi\/wp-json\/wp\/v2\/pages\/7923","targetHints":{"allow":["GET"]}}],"collection":[{"href":"https:\/\/www.jaadisain.ee\/fi\/wp-json\/wp\/v2\/pages"}],"about":[{"href":"https:\/\/www.jaadisain.ee\/fi\/wp-json\/wp\/v2\/types\/page"}],"author":[{"embeddable":true,"href":"https:\/\/www.jaadisain.ee\/fi\/wp-json\/wp\/v2\/users\/2"}],"replies":[{"embeddable":true,"href":"https:\/\/www.jaadisain.ee\/fi\/wp-json\/wp\/v2\/comments?post=7923"}],"version-history":[{"count":1,"href":"https:\/\/www.jaadisain.ee\/fi\/wp-json\/wp\/v2\/pages\/7923\/revisions"}],"predecessor-version":[{"id":9591,"href":"https:\/\/www.jaadisain.ee\/fi\/wp-json\/wp\/v2\/pages\/7923\/revisions\/9591"}],"up":[{"embeddable":true,"href":"https:\/\/www.jaadisain.ee\/fi\/wp-json\/wp\/v2\/pages\/9049"}],"wp:featuredmedia":[{"embeddable":true,"href":"https:\/\/www.jaadisain.ee\/fi\/wp-json\/wp\/v2\/media\/7924"}],"wp:attachment":[{"href":"https:\/\/www.jaadisain.ee\/fi\/wp-json\/wp\/v2\/media?parent=7923"}],"curies":[{"name":"wp","href":"https:\/\/api.w.org\/{rel}","templated":true}]}}