{"id":7921,"date":"2016-05-18T15:29:23","date_gmt":"2016-05-18T13:29:23","guid":{"rendered":"http:\/\/www.jaadisain.ee\/fi\/freesitud-logo\/"},"modified":"2016-11-03T10:17:35","modified_gmt":"2016-11-03T08:17:35","slug":"akukeskuksen-jyrsitty-logo","status":"publish","type":"page","link":"https:\/\/www.jaadisain.ee\/fi\/ulkomainokset\/kaiverrukset-ja-jyrsinnat\/jyrsityt-logot\/akukeskuksen-jyrsitty-logo\/","title":{"rendered":"Akukeskuksen jyrsitty logo"},"content":{"rendered":"<h2>Akukeskuksen jyrsitty logo<\/h2>\n<p>Jyrsitty logo on tehty v\u00e4rillisest\u00e4 akryylilasista. Tilaaja halusi saada nimenomaan 6 mm:n paksuisen jyrsityn logon, ja koska kyseist\u00e4 materiaalia on hankala saada, ratkaisimme ongelman liimaamalla kaksi akryylilasia yhteen. Liimasimme lasit yhteen liimalla ja teipill\u00e4 tarkoitukseen suunnitellulla koneella. Halusimme v\u00e4ltt\u00e4\u00e4 ilmakuplat lasien v\u00e4liss\u00e4. Liimauksen j\u00e4lkeen logo <a href=\"https:\/\/www.jaadisain.ee\/fi\/meista\/valomainosten-tuotanto\/cnc-jyrsinta\/\">jyrsittiin<\/a> lasiin jyrsimell\u00e4 piirroksen mukaan, pinta puhdistettiin ja takasein\u00e4\u00e4n asennettiin kaksipuolinen teippi logon v\u00e4liaikaista kiinnityst\u00e4 varten. Kaksipuolista teippi\u00e4 k\u00e4ytet\u00e4\u00e4n yleens\u00e4 vain irtokirjainten pohjissa niiden pit\u00e4miseksi paikoillaan asentamisen aikana, sill\u00e4 kaksipuolinen teippi ei yleens\u00e4 kest\u00e4 pitk\u00e4\u00e4n, ja logo voi irrota sein\u00e4st\u00e4. Tilaajan luona logo liimattiin asennussapluunan avulla vastaanottotiskin etuosaan.<\/p>\n<p><strong>Logon leveys:<\/strong> 1300 mm<br \/>\n<strong>Sijainti:<\/strong> Akukeskus, Akadeemia tee 40, Tallinna<\/p>\n","protected":false},"excerpt":{"rendered":"<p>Akukeskuksen jyrsitty logo Jyrsitty logo on tehty v\u00e4rillisest\u00e4 akryylilasista. Tilaaja halusi saada nimenomaan 6 mm:n paksuisen jyrsityn logon, ja koska kyseist\u00e4 materiaalia on hankala saada, ratkaisimme ongelman liimaamalla kaksi akryylilasia yhteen. Liimasimme lasit yhteen liimalla ja teipill\u00e4 tarkoitukseen suunnitellulla koneella. Halusimme v\u00e4ltt\u00e4\u00e4 ilmakuplat lasien v\u00e4liss\u00e4. Liimauksen j\u00e4lkeen logo jyrsittiin lasiin jyrsimell\u00e4 piirroksen mukaan, pinta puhdistettiin [&hellip;]<\/p>\n","protected":false},"author":2,"featured_media":7922,"parent":9033,"menu_order":0,"comment_status":"closed","ping_status":"closed","template":"","meta":{"_acf_changed":false,"footnotes":""},"class_list":["post-7921","page","type-page","status-publish","has-post-thumbnail","hentry"],"acf":[],"yoast_head":"<!-- This site is optimized with the Yoast SEO plugin v27.3 - https:\/\/yoast.com\/product\/yoast-seo-wordpress\/ -->\n<title>Jyrsitty logo on tehty v\u00e4riakryylilasista - JAA Disain O\u00dc<\/title>\n<meta name=\"description\" content=\"Jyrsitty logo on tehty v\u00e4riakryylilasista, joka on liimattu yhteen muiden materiaalien kanssa paksuuden lis\u00e4\u00e4miseksi. Katso lis\u00e4\u00e4 t\u00e4\u00e4lt\u00e4!\" \/>\n<meta name=\"robots\" content=\"index, follow, max-snippet:-1, max-image-preview:large, max-video-preview:-1\" \/>\n<link rel=\"canonical\" href=\"https:\/\/www.jaadisain.ee\/fi\/ulkomainokset\/kaiverrukset-ja-jyrsinnat\/jyrsityt-logot\/akukeskuksen-jyrsitty-logo\/\" \/>\n<meta property=\"og:locale\" content=\"fi_FI\" \/>\n<meta property=\"og:type\" content=\"article\" \/>\n<meta property=\"og:title\" content=\"Jyrsitty logo on tehty v\u00e4riakryylilasista - JAA Disain O\u00dc\" \/>\n<meta property=\"og:description\" content=\"Jyrsitty logo on tehty v\u00e4riakryylilasista, joka on liimattu yhteen muiden materiaalien kanssa paksuuden lis\u00e4\u00e4miseksi. Katso lis\u00e4\u00e4 t\u00e4\u00e4lt\u00e4!\" \/>\n<meta property=\"og:url\" content=\"https:\/\/www.jaadisain.ee\/fi\/ulkomainokset\/kaiverrukset-ja-jyrsinnat\/jyrsityt-logot\/akukeskuksen-jyrsitty-logo\/\" \/>\n<meta property=\"og:site_name\" content=\"JAA Disain\" \/>\n<meta property=\"article:publisher\" content=\"https:\/\/www.facebook.com\/JAA-Disain-156295277734632\/timeline\" \/>\n<meta property=\"article:modified_time\" content=\"2016-11-03T08:17:35+00:00\" \/>\n<meta property=\"og:image\" content=\"https:\/\/www.jaadisain.ee\/wp-content\/uploads\/2016\/05\/Freesitud-logo.jpg\" \/>\n\t<meta property=\"og:image:width\" content=\"2448\" \/>\n\t<meta property=\"og:image:height\" content=\"2448\" \/>\n\t<meta property=\"og:image:type\" content=\"image\/jpeg\" \/>\n<meta name=\"twitter:card\" content=\"summary_large_image\" \/>\n<meta name=\"twitter:label1\" content=\"Arvioitu lukuaika\" \/>\n\t<meta name=\"twitter:data1\" content=\"1 minuutti\" \/>\n<script type=\"application\/ld+json\" class=\"yoast-schema-graph\">{\"@context\":\"https:\\\/\\\/schema.org\",\"@graph\":[{\"@type\":\"WebPage\",\"@id\":\"https:\\\/\\\/www.jaadisain.ee\\\/fi\\\/ulkomainokset\\\/kaiverrukset-ja-jyrsinnat\\\/jyrsityt-logot\\\/akukeskuksen-jyrsitty-logo\\\/\",\"url\":\"https:\\\/\\\/www.jaadisain.ee\\\/fi\\\/ulkomainokset\\\/kaiverrukset-ja-jyrsinnat\\\/jyrsityt-logot\\\/akukeskuksen-jyrsitty-logo\\\/\",\"name\":\"Jyrsitty logo on tehty v\u00e4riakryylilasista - JAA Disain O\u00dc\",\"isPartOf\":{\"@id\":\"https:\\\/\\\/www.jaadisain.ee\\\/#website\"},\"primaryImageOfPage\":{\"@id\":\"https:\\\/\\\/www.jaadisain.ee\\\/fi\\\/ulkomainokset\\\/kaiverrukset-ja-jyrsinnat\\\/jyrsityt-logot\\\/akukeskuksen-jyrsitty-logo\\\/#primaryimage\"},\"image\":{\"@id\":\"https:\\\/\\\/www.jaadisain.ee\\\/fi\\\/ulkomainokset\\\/kaiverrukset-ja-jyrsinnat\\\/jyrsityt-logot\\\/akukeskuksen-jyrsitty-logo\\\/#primaryimage\"},\"thumbnailUrl\":\"https:\\\/\\\/www.jaadisain.ee\\\/wp-content\\\/uploads\\\/2016\\\/05\\\/Freesitud-logo.jpg\",\"datePublished\":\"2016-05-18T13:29:23+00:00\",\"dateModified\":\"2016-11-03T08:17:35+00:00\",\"description\":\"Jyrsitty logo on tehty v\u00e4riakryylilasista, joka on liimattu yhteen muiden materiaalien kanssa paksuuden lis\u00e4\u00e4miseksi. Katso lis\u00e4\u00e4 t\u00e4\u00e4lt\u00e4!\",\"breadcrumb\":{\"@id\":\"https:\\\/\\\/www.jaadisain.ee\\\/fi\\\/ulkomainokset\\\/kaiverrukset-ja-jyrsinnat\\\/jyrsityt-logot\\\/akukeskuksen-jyrsitty-logo\\\/#breadcrumb\"},\"inLanguage\":\"fi\",\"potentialAction\":[{\"@type\":\"ReadAction\",\"target\":[\"https:\\\/\\\/www.jaadisain.ee\\\/fi\\\/ulkomainokset\\\/kaiverrukset-ja-jyrsinnat\\\/jyrsityt-logot\\\/akukeskuksen-jyrsitty-logo\\\/\"]}]},{\"@type\":\"ImageObject\",\"inLanguage\":\"fi\",\"@id\":\"https:\\\/\\\/www.jaadisain.ee\\\/fi\\\/ulkomainokset\\\/kaiverrukset-ja-jyrsinnat\\\/jyrsityt-logot\\\/akukeskuksen-jyrsitty-logo\\\/#primaryimage\",\"url\":\"https:\\\/\\\/www.jaadisain.ee\\\/wp-content\\\/uploads\\\/2016\\\/05\\\/Freesitud-logo.jpg\",\"contentUrl\":\"https:\\\/\\\/www.jaadisain.ee\\\/wp-content\\\/uploads\\\/2016\\\/05\\\/Freesitud-logo.jpg\",\"width\":2448,\"height\":2448,\"caption\":\"jyrsitty logo\"},{\"@type\":\"BreadcrumbList\",\"@id\":\"https:\\\/\\\/www.jaadisain.ee\\\/fi\\\/ulkomainokset\\\/kaiverrukset-ja-jyrsinnat\\\/jyrsityt-logot\\\/akukeskuksen-jyrsitty-logo\\\/#breadcrumb\",\"itemListElement\":[{\"@type\":\"ListItem\",\"position\":1,\"name\":\"Home\",\"item\":\"https:\\\/\\\/www.jaadisain.ee\\\/fi\\\/\"},{\"@type\":\"ListItem\",\"position\":2,\"name\":\"Tuotteet\",\"item\":\"https:\\\/\\\/www.jaadisain.ee\\\/fi\\\/ulkomainokset\\\/\"},{\"@type\":\"ListItem\",\"position\":3,\"name\":\"Kaiverrukset ja jyrsinn\u00e4t\",\"item\":\"https:\\\/\\\/www.jaadisain.ee\\\/fi\\\/ulkomainokset\\\/kaiverrukset-ja-jyrsinnat\\\/\"},{\"@type\":\"ListItem\",\"position\":4,\"name\":\"Jyrsityt logot\",\"item\":\"https:\\\/\\\/www.jaadisain.ee\\\/fi\\\/ulkomainokset\\\/kaiverrukset-ja-jyrsinnat\\\/jyrsityt-logot\\\/\"},{\"@type\":\"ListItem\",\"position\":5,\"name\":\"Akukeskuksen jyrsitty logo\"}]},{\"@type\":\"WebSite\",\"@id\":\"https:\\\/\\\/www.jaadisain.ee\\\/#website\",\"url\":\"https:\\\/\\\/www.jaadisain.ee\\\/\",\"name\":\"JAA Disain\",\"description\":\"Valgusreklaamide tootja aastast 1993\",\"publisher\":{\"@id\":\"https:\\\/\\\/www.jaadisain.ee\\\/#organization\"},\"potentialAction\":[{\"@type\":\"SearchAction\",\"target\":{\"@type\":\"EntryPoint\",\"urlTemplate\":\"https:\\\/\\\/www.jaadisain.ee\\\/?s={search_term_string}\"},\"query-input\":{\"@type\":\"PropertyValueSpecification\",\"valueRequired\":true,\"valueName\":\"search_term_string\"}}],\"inLanguage\":\"fi\"},{\"@type\":\"Organization\",\"@id\":\"https:\\\/\\\/www.jaadisain.ee\\\/#organization\",\"name\":\"JAA Disain\",\"url\":\"https:\\\/\\\/www.jaadisain.ee\\\/\",\"logo\":{\"@type\":\"ImageObject\",\"inLanguage\":\"fi\",\"@id\":\"https:\\\/\\\/www.jaadisain.ee\\\/#\\\/schema\\\/logo\\\/image\\\/\",\"url\":\"https:\\\/\\\/www.jaadisain.ee\\\/wp-content\\\/uploads\\\/2016\\\/02\\\/JAA-Disain-logo.jpg\",\"contentUrl\":\"https:\\\/\\\/www.jaadisain.ee\\\/wp-content\\\/uploads\\\/2016\\\/02\\\/JAA-Disain-logo.jpg\",\"width\":443,\"height\":259,\"caption\":\"JAA Disain\"},\"image\":{\"@id\":\"https:\\\/\\\/www.jaadisain.ee\\\/#\\\/schema\\\/logo\\\/image\\\/\"},\"sameAs\":[\"https:\\\/\\\/www.facebook.com\\\/JAA-Disain-156295277734632\\\/timeline\"]}]}<\/script>\n<!-- \/ Yoast SEO plugin. -->","yoast_head_json":{"title":"Jyrsitty logo on tehty v\u00e4riakryylilasista - JAA Disain O\u00dc","description":"Jyrsitty logo on tehty v\u00e4riakryylilasista, joka on liimattu yhteen muiden materiaalien kanssa paksuuden lis\u00e4\u00e4miseksi. Katso lis\u00e4\u00e4 t\u00e4\u00e4lt\u00e4!","robots":{"index":"index","follow":"follow","max-snippet":"max-snippet:-1","max-image-preview":"max-image-preview:large","max-video-preview":"max-video-preview:-1"},"canonical":"https:\/\/www.jaadisain.ee\/fi\/ulkomainokset\/kaiverrukset-ja-jyrsinnat\/jyrsityt-logot\/akukeskuksen-jyrsitty-logo\/","og_locale":"fi_FI","og_type":"article","og_title":"Jyrsitty logo on tehty v\u00e4riakryylilasista - JAA Disain O\u00dc","og_description":"Jyrsitty logo on tehty v\u00e4riakryylilasista, joka on liimattu yhteen muiden materiaalien kanssa paksuuden lis\u00e4\u00e4miseksi. Katso lis\u00e4\u00e4 t\u00e4\u00e4lt\u00e4!","og_url":"https:\/\/www.jaadisain.ee\/fi\/ulkomainokset\/kaiverrukset-ja-jyrsinnat\/jyrsityt-logot\/akukeskuksen-jyrsitty-logo\/","og_site_name":"JAA Disain","article_publisher":"https:\/\/www.facebook.com\/JAA-Disain-156295277734632\/timeline","article_modified_time":"2016-11-03T08:17:35+00:00","og_image":[{"width":2448,"height":2448,"url":"https:\/\/www.jaadisain.ee\/wp-content\/uploads\/2016\/05\/Freesitud-logo.jpg","type":"image\/jpeg"}],"twitter_card":"summary_large_image","twitter_misc":{"Arvioitu lukuaika":"1 minuutti"},"schema":{"@context":"https:\/\/schema.org","@graph":[{"@type":"WebPage","@id":"https:\/\/www.jaadisain.ee\/fi\/ulkomainokset\/kaiverrukset-ja-jyrsinnat\/jyrsityt-logot\/akukeskuksen-jyrsitty-logo\/","url":"https:\/\/www.jaadisain.ee\/fi\/ulkomainokset\/kaiverrukset-ja-jyrsinnat\/jyrsityt-logot\/akukeskuksen-jyrsitty-logo\/","name":"Jyrsitty logo on tehty v\u00e4riakryylilasista - JAA Disain O\u00dc","isPartOf":{"@id":"https:\/\/www.jaadisain.ee\/#website"},"primaryImageOfPage":{"@id":"https:\/\/www.jaadisain.ee\/fi\/ulkomainokset\/kaiverrukset-ja-jyrsinnat\/jyrsityt-logot\/akukeskuksen-jyrsitty-logo\/#primaryimage"},"image":{"@id":"https:\/\/www.jaadisain.ee\/fi\/ulkomainokset\/kaiverrukset-ja-jyrsinnat\/jyrsityt-logot\/akukeskuksen-jyrsitty-logo\/#primaryimage"},"thumbnailUrl":"https:\/\/www.jaadisain.ee\/wp-content\/uploads\/2016\/05\/Freesitud-logo.jpg","datePublished":"2016-05-18T13:29:23+00:00","dateModified":"2016-11-03T08:17:35+00:00","description":"Jyrsitty logo on tehty v\u00e4riakryylilasista, joka on liimattu yhteen muiden materiaalien kanssa paksuuden lis\u00e4\u00e4miseksi. Katso lis\u00e4\u00e4 t\u00e4\u00e4lt\u00e4!","breadcrumb":{"@id":"https:\/\/www.jaadisain.ee\/fi\/ulkomainokset\/kaiverrukset-ja-jyrsinnat\/jyrsityt-logot\/akukeskuksen-jyrsitty-logo\/#breadcrumb"},"inLanguage":"fi","potentialAction":[{"@type":"ReadAction","target":["https:\/\/www.jaadisain.ee\/fi\/ulkomainokset\/kaiverrukset-ja-jyrsinnat\/jyrsityt-logot\/akukeskuksen-jyrsitty-logo\/"]}]},{"@type":"ImageObject","inLanguage":"fi","@id":"https:\/\/www.jaadisain.ee\/fi\/ulkomainokset\/kaiverrukset-ja-jyrsinnat\/jyrsityt-logot\/akukeskuksen-jyrsitty-logo\/#primaryimage","url":"https:\/\/www.jaadisain.ee\/wp-content\/uploads\/2016\/05\/Freesitud-logo.jpg","contentUrl":"https:\/\/www.jaadisain.ee\/wp-content\/uploads\/2016\/05\/Freesitud-logo.jpg","width":2448,"height":2448,"caption":"jyrsitty logo"},{"@type":"BreadcrumbList","@id":"https:\/\/www.jaadisain.ee\/fi\/ulkomainokset\/kaiverrukset-ja-jyrsinnat\/jyrsityt-logot\/akukeskuksen-jyrsitty-logo\/#breadcrumb","itemListElement":[{"@type":"ListItem","position":1,"name":"Home","item":"https:\/\/www.jaadisain.ee\/fi\/"},{"@type":"ListItem","position":2,"name":"Tuotteet","item":"https:\/\/www.jaadisain.ee\/fi\/ulkomainokset\/"},{"@type":"ListItem","position":3,"name":"Kaiverrukset ja jyrsinn\u00e4t","item":"https:\/\/www.jaadisain.ee\/fi\/ulkomainokset\/kaiverrukset-ja-jyrsinnat\/"},{"@type":"ListItem","position":4,"name":"Jyrsityt logot","item":"https:\/\/www.jaadisain.ee\/fi\/ulkomainokset\/kaiverrukset-ja-jyrsinnat\/jyrsityt-logot\/"},{"@type":"ListItem","position":5,"name":"Akukeskuksen jyrsitty logo"}]},{"@type":"WebSite","@id":"https:\/\/www.jaadisain.ee\/#website","url":"https:\/\/www.jaadisain.ee\/","name":"JAA Disain","description":"Valgusreklaamide tootja aastast 1993","publisher":{"@id":"https:\/\/www.jaadisain.ee\/#organization"},"potentialAction":[{"@type":"SearchAction","target":{"@type":"EntryPoint","urlTemplate":"https:\/\/www.jaadisain.ee\/?s={search_term_string}"},"query-input":{"@type":"PropertyValueSpecification","valueRequired":true,"valueName":"search_term_string"}}],"inLanguage":"fi"},{"@type":"Organization","@id":"https:\/\/www.jaadisain.ee\/#organization","name":"JAA Disain","url":"https:\/\/www.jaadisain.ee\/","logo":{"@type":"ImageObject","inLanguage":"fi","@id":"https:\/\/www.jaadisain.ee\/#\/schema\/logo\/image\/","url":"https:\/\/www.jaadisain.ee\/wp-content\/uploads\/2016\/02\/JAA-Disain-logo.jpg","contentUrl":"https:\/\/www.jaadisain.ee\/wp-content\/uploads\/2016\/02\/JAA-Disain-logo.jpg","width":443,"height":259,"caption":"JAA Disain"},"image":{"@id":"https:\/\/www.jaadisain.ee\/#\/schema\/logo\/image\/"},"sameAs":["https:\/\/www.facebook.com\/JAA-Disain-156295277734632\/timeline"]}]}},"_links":{"self":[{"href":"https:\/\/www.jaadisain.ee\/fi\/wp-json\/wp\/v2\/pages\/7921","targetHints":{"allow":["GET"]}}],"collection":[{"href":"https:\/\/www.jaadisain.ee\/fi\/wp-json\/wp\/v2\/pages"}],"about":[{"href":"https:\/\/www.jaadisain.ee\/fi\/wp-json\/wp\/v2\/types\/page"}],"author":[{"embeddable":true,"href":"https:\/\/www.jaadisain.ee\/fi\/wp-json\/wp\/v2\/users\/2"}],"replies":[{"embeddable":true,"href":"https:\/\/www.jaadisain.ee\/fi\/wp-json\/wp\/v2\/comments?post=7921"}],"version-history":[{"count":0,"href":"https:\/\/www.jaadisain.ee\/fi\/wp-json\/wp\/v2\/pages\/7921\/revisions"}],"up":[{"embeddable":true,"href":"https:\/\/www.jaadisain.ee\/fi\/wp-json\/wp\/v2\/pages\/9033"}],"wp:featuredmedia":[{"embeddable":true,"href":"https:\/\/www.jaadisain.ee\/fi\/wp-json\/wp\/v2\/media\/7922"}],"wp:attachment":[{"href":"https:\/\/www.jaadisain.ee\/fi\/wp-json\/wp\/v2\/media?parent=7921"}],"curies":[{"name":"wp","href":"https:\/\/api.w.org\/{rel}","templated":true}]}}