{"id":7917,"date":"2016-05-23T13:49:08","date_gmt":"2016-05-23T11:49:08","guid":{"rendered":"http:\/\/www.jaadisain.ee\/fi\/valgustulp\/"},"modified":"2016-11-02T13:13:22","modified_gmt":"2016-11-02T11:13:22","slug":"nord-cocoan-mainostorni","status":"publish","type":"page","link":"https:\/\/www.jaadisain.ee\/fi\/ulkomainokset\/valokotelot-ja-mainostornit\/mainostornit\/nord-cocoan-mainostorni\/","title":{"rendered":"Nord Cocoan mainostorni"},"content":{"rendered":"<h2>Nord Cocoan mainostorni<\/h2>\n<p>Mainostorni on kaksipuolinen. Mainostornit tehd\u00e4\u00e4n ter\u00e4ksest\u00e4 ja alumiinista Rakenteet on valmistettu paksuudeltaan ja muodoltaan vaihtelevista materiaaleista hitsaamalla. Kaikki rakenteet on p\u00e4\u00e4llystetty taivutetuilla ja jauhemaalatuilla alumiinikaseteilla. My\u00f6s mainostornin molemmissa kyljiss\u00e4 on k\u00e4ytetty alumiinikasetteja. Tornin yl\u00e4osassa ei ole alumiinia, siell\u00e4 on alumiinin sijasta k\u00e4ytetty valoa l\u00e4p\u00e4isev\u00e4\u00e4 opaalilasia. Tekstit on tehty erityisell\u00e4 valoa l\u00e4p\u00e4isev\u00e4ll\u00e4 valomainosmuovilla. Mainostornin yl\u00e4osassa on lasin tehokkaasti valaisevat valaisimet. Mainostornit on asennettu ter\u00e4spulteilla betonista valettuun perustaan.<\/p>\n<p><strong>Mitat:<\/strong> 2500 x 5800 mm<br \/>\n<strong>Sijainti:<\/strong> Nord Cocoa, Vana-Narva mnt. 24<\/p>\n<p>Muita vastaavia mainostorneja voi katsella <a href=\"https:\/\/www.jaadisain.ee\/fi\/ulkomainokset\/valokotelot-ja-mainostornit\/mainostornit\/\"><strong>t\u00e4\u00e4ll\u00e4.<\/strong><\/a><\/p>\n<p>Jaa Disain valmistaa valomainokset ja my\u00f6s muut mainostuotteet, kuten mainostaulut, mainostarrat ja digitulostukset.<\/p>\n<p>&nbsp;<\/p>\n<p>&nbsp;<\/p>\n","protected":false},"excerpt":{"rendered":"<p>Nord Cocoan mainostorni Mainostorni on kaksipuolinen. Mainostornit tehd\u00e4\u00e4n ter\u00e4ksest\u00e4 ja alumiinista Rakenteet on valmistettu paksuudeltaan ja muodoltaan vaihtelevista materiaaleista hitsaamalla. Kaikki rakenteet on p\u00e4\u00e4llystetty taivutetuilla ja jauhemaalatuilla alumiinikaseteilla. My\u00f6s mainostornin molemmissa kyljiss\u00e4 on k\u00e4ytetty alumiinikasetteja. Tornin yl\u00e4osassa ei ole alumiinia, siell\u00e4 on alumiinin sijasta k\u00e4ytetty valoa l\u00e4p\u00e4isev\u00e4\u00e4 opaalilasia. Tekstit on tehty erityisell\u00e4 valoa l\u00e4p\u00e4isev\u00e4ll\u00e4 valomainosmuovilla. [&hellip;]<\/p>\n","protected":false},"author":2,"featured_media":7918,"parent":9098,"menu_order":0,"comment_status":"closed","ping_status":"closed","template":"","meta":{"_acf_changed":false,"footnotes":""},"class_list":["post-7917","page","type-page","status-publish","has-post-thumbnail","hentry"],"acf":[],"yoast_head":"<!-- This site is optimized with the Yoast SEO plugin v27.3 - https:\/\/yoast.com\/product\/yoast-seo-wordpress\/ -->\n<title>Mainostorni, Valomainoskotelo, Led-taulu - JAA Disain<\/title>\n<meta name=\"description\" content=\"Mainostorni on tehty alumiinista ja p\u00e4\u00e4llystetty jauhemaalatuilla alumiinikaseteilla. Mainospylv\u00e4\u00e4n yl\u00e4osa on valaistu. JAA Disain O\u00dc.\" \/>\n<meta name=\"robots\" content=\"index, follow, max-snippet:-1, max-image-preview:large, max-video-preview:-1\" \/>\n<link rel=\"canonical\" href=\"https:\/\/www.jaadisain.ee\/fi\/ulkomainokset\/valokotelot-ja-mainostornit\/mainostornit\/nord-cocoan-mainostorni\/\" \/>\n<meta property=\"og:locale\" content=\"fi_FI\" \/>\n<meta property=\"og:type\" content=\"article\" \/>\n<meta property=\"og:title\" content=\"Mainostorni, Valomainoskotelo, Led-taulu - JAA Disain\" \/>\n<meta property=\"og:description\" content=\"Mainostorni on tehty alumiinista ja p\u00e4\u00e4llystetty jauhemaalatuilla alumiinikaseteilla. Mainospylv\u00e4\u00e4n yl\u00e4osa on valaistu. JAA Disain O\u00dc.\" \/>\n<meta property=\"og:url\" content=\"https:\/\/www.jaadisain.ee\/fi\/ulkomainokset\/valokotelot-ja-mainostornit\/mainostornit\/nord-cocoan-mainostorni\/\" \/>\n<meta property=\"og:site_name\" content=\"JAA Disain\" \/>\n<meta property=\"article:publisher\" content=\"https:\/\/www.facebook.com\/JAA-Disain-156295277734632\/timeline\" \/>\n<meta property=\"article:modified_time\" content=\"2016-11-02T11:13:22+00:00\" \/>\n<meta property=\"og:image\" content=\"https:\/\/www.jaadisain.ee\/wp-content\/uploads\/2016\/05\/valgustulp.jpg\" \/>\n\t<meta property=\"og:image:width\" content=\"2304\" \/>\n\t<meta property=\"og:image:height\" content=\"1536\" \/>\n\t<meta property=\"og:image:type\" content=\"image\/jpeg\" \/>\n<meta name=\"twitter:card\" content=\"summary_large_image\" \/>\n<meta name=\"twitter:label1\" content=\"Arvioitu lukuaika\" \/>\n\t<meta name=\"twitter:data1\" content=\"1 minuutti\" \/>\n<script type=\"application\/ld+json\" class=\"yoast-schema-graph\">{\"@context\":\"https:\\\/\\\/schema.org\",\"@graph\":[{\"@type\":\"WebPage\",\"@id\":\"https:\\\/\\\/www.jaadisain.ee\\\/fi\\\/ulkomainokset\\\/valokotelot-ja-mainostornit\\\/mainostornit\\\/nord-cocoan-mainostorni\\\/\",\"url\":\"https:\\\/\\\/www.jaadisain.ee\\\/fi\\\/ulkomainokset\\\/valokotelot-ja-mainostornit\\\/mainostornit\\\/nord-cocoan-mainostorni\\\/\",\"name\":\"Mainostorni, Valomainoskotelo, Led-taulu - JAA Disain\",\"isPartOf\":{\"@id\":\"https:\\\/\\\/www.jaadisain.ee\\\/#website\"},\"primaryImageOfPage\":{\"@id\":\"https:\\\/\\\/www.jaadisain.ee\\\/fi\\\/ulkomainokset\\\/valokotelot-ja-mainostornit\\\/mainostornit\\\/nord-cocoan-mainostorni\\\/#primaryimage\"},\"image\":{\"@id\":\"https:\\\/\\\/www.jaadisain.ee\\\/fi\\\/ulkomainokset\\\/valokotelot-ja-mainostornit\\\/mainostornit\\\/nord-cocoan-mainostorni\\\/#primaryimage\"},\"thumbnailUrl\":\"https:\\\/\\\/www.jaadisain.ee\\\/wp-content\\\/uploads\\\/2016\\\/05\\\/valgustulp.jpg\",\"datePublished\":\"2016-05-23T11:49:08+00:00\",\"dateModified\":\"2016-11-02T11:13:22+00:00\",\"description\":\"Mainostorni on tehty alumiinista ja p\u00e4\u00e4llystetty jauhemaalatuilla alumiinikaseteilla. Mainospylv\u00e4\u00e4n yl\u00e4osa on valaistu. JAA Disain O\u00dc.\",\"breadcrumb\":{\"@id\":\"https:\\\/\\\/www.jaadisain.ee\\\/fi\\\/ulkomainokset\\\/valokotelot-ja-mainostornit\\\/mainostornit\\\/nord-cocoan-mainostorni\\\/#breadcrumb\"},\"inLanguage\":\"fi\",\"potentialAction\":[{\"@type\":\"ReadAction\",\"target\":[\"https:\\\/\\\/www.jaadisain.ee\\\/fi\\\/ulkomainokset\\\/valokotelot-ja-mainostornit\\\/mainostornit\\\/nord-cocoan-mainostorni\\\/\"]}]},{\"@type\":\"ImageObject\",\"inLanguage\":\"fi\",\"@id\":\"https:\\\/\\\/www.jaadisain.ee\\\/fi\\\/ulkomainokset\\\/valokotelot-ja-mainostornit\\\/mainostornit\\\/nord-cocoan-mainostorni\\\/#primaryimage\",\"url\":\"https:\\\/\\\/www.jaadisain.ee\\\/wp-content\\\/uploads\\\/2016\\\/05\\\/valgustulp.jpg\",\"contentUrl\":\"https:\\\/\\\/www.jaadisain.ee\\\/wp-content\\\/uploads\\\/2016\\\/05\\\/valgustulp.jpg\",\"width\":2304,\"height\":1536,\"caption\":\"mainostorni\"},{\"@type\":\"BreadcrumbList\",\"@id\":\"https:\\\/\\\/www.jaadisain.ee\\\/fi\\\/ulkomainokset\\\/valokotelot-ja-mainostornit\\\/mainostornit\\\/nord-cocoan-mainostorni\\\/#breadcrumb\",\"itemListElement\":[{\"@type\":\"ListItem\",\"position\":1,\"name\":\"Home\",\"item\":\"https:\\\/\\\/www.jaadisain.ee\\\/fi\\\/\"},{\"@type\":\"ListItem\",\"position\":2,\"name\":\"Tuotteet\",\"item\":\"https:\\\/\\\/www.jaadisain.ee\\\/fi\\\/ulkomainokset\\\/\"},{\"@type\":\"ListItem\",\"position\":3,\"name\":\"Valokotelot ja mainostornit\",\"item\":\"https:\\\/\\\/www.jaadisain.ee\\\/fi\\\/ulkomainokset\\\/valokotelot-ja-mainostornit\\\/\"},{\"@type\":\"ListItem\",\"position\":4,\"name\":\"Mainostornit\",\"item\":\"https:\\\/\\\/www.jaadisain.ee\\\/fi\\\/ulkomainokset\\\/valokotelot-ja-mainostornit\\\/mainostornit\\\/\"},{\"@type\":\"ListItem\",\"position\":5,\"name\":\"Nord Cocoan mainostorni\"}]},{\"@type\":\"WebSite\",\"@id\":\"https:\\\/\\\/www.jaadisain.ee\\\/#website\",\"url\":\"https:\\\/\\\/www.jaadisain.ee\\\/\",\"name\":\"JAA Disain\",\"description\":\"Valgusreklaamide tootja aastast 1993\",\"publisher\":{\"@id\":\"https:\\\/\\\/www.jaadisain.ee\\\/#organization\"},\"potentialAction\":[{\"@type\":\"SearchAction\",\"target\":{\"@type\":\"EntryPoint\",\"urlTemplate\":\"https:\\\/\\\/www.jaadisain.ee\\\/?s={search_term_string}\"},\"query-input\":{\"@type\":\"PropertyValueSpecification\",\"valueRequired\":true,\"valueName\":\"search_term_string\"}}],\"inLanguage\":\"fi\"},{\"@type\":\"Organization\",\"@id\":\"https:\\\/\\\/www.jaadisain.ee\\\/#organization\",\"name\":\"JAA Disain\",\"url\":\"https:\\\/\\\/www.jaadisain.ee\\\/\",\"logo\":{\"@type\":\"ImageObject\",\"inLanguage\":\"fi\",\"@id\":\"https:\\\/\\\/www.jaadisain.ee\\\/#\\\/schema\\\/logo\\\/image\\\/\",\"url\":\"https:\\\/\\\/www.jaadisain.ee\\\/wp-content\\\/uploads\\\/2016\\\/02\\\/JAA-Disain-logo.jpg\",\"contentUrl\":\"https:\\\/\\\/www.jaadisain.ee\\\/wp-content\\\/uploads\\\/2016\\\/02\\\/JAA-Disain-logo.jpg\",\"width\":443,\"height\":259,\"caption\":\"JAA Disain\"},\"image\":{\"@id\":\"https:\\\/\\\/www.jaadisain.ee\\\/#\\\/schema\\\/logo\\\/image\\\/\"},\"sameAs\":[\"https:\\\/\\\/www.facebook.com\\\/JAA-Disain-156295277734632\\\/timeline\"]}]}<\/script>\n<!-- \/ Yoast SEO plugin. -->","yoast_head_json":{"title":"Mainostorni, Valomainoskotelo, Led-taulu - JAA Disain","description":"Mainostorni on tehty alumiinista ja p\u00e4\u00e4llystetty jauhemaalatuilla alumiinikaseteilla. Mainospylv\u00e4\u00e4n yl\u00e4osa on valaistu. JAA Disain O\u00dc.","robots":{"index":"index","follow":"follow","max-snippet":"max-snippet:-1","max-image-preview":"max-image-preview:large","max-video-preview":"max-video-preview:-1"},"canonical":"https:\/\/www.jaadisain.ee\/fi\/ulkomainokset\/valokotelot-ja-mainostornit\/mainostornit\/nord-cocoan-mainostorni\/","og_locale":"fi_FI","og_type":"article","og_title":"Mainostorni, Valomainoskotelo, Led-taulu - JAA Disain","og_description":"Mainostorni on tehty alumiinista ja p\u00e4\u00e4llystetty jauhemaalatuilla alumiinikaseteilla. Mainospylv\u00e4\u00e4n yl\u00e4osa on valaistu. JAA Disain O\u00dc.","og_url":"https:\/\/www.jaadisain.ee\/fi\/ulkomainokset\/valokotelot-ja-mainostornit\/mainostornit\/nord-cocoan-mainostorni\/","og_site_name":"JAA Disain","article_publisher":"https:\/\/www.facebook.com\/JAA-Disain-156295277734632\/timeline","article_modified_time":"2016-11-02T11:13:22+00:00","og_image":[{"width":2304,"height":1536,"url":"https:\/\/www.jaadisain.ee\/wp-content\/uploads\/2016\/05\/valgustulp.jpg","type":"image\/jpeg"}],"twitter_card":"summary_large_image","twitter_misc":{"Arvioitu lukuaika":"1 minuutti"},"schema":{"@context":"https:\/\/schema.org","@graph":[{"@type":"WebPage","@id":"https:\/\/www.jaadisain.ee\/fi\/ulkomainokset\/valokotelot-ja-mainostornit\/mainostornit\/nord-cocoan-mainostorni\/","url":"https:\/\/www.jaadisain.ee\/fi\/ulkomainokset\/valokotelot-ja-mainostornit\/mainostornit\/nord-cocoan-mainostorni\/","name":"Mainostorni, Valomainoskotelo, Led-taulu - JAA Disain","isPartOf":{"@id":"https:\/\/www.jaadisain.ee\/#website"},"primaryImageOfPage":{"@id":"https:\/\/www.jaadisain.ee\/fi\/ulkomainokset\/valokotelot-ja-mainostornit\/mainostornit\/nord-cocoan-mainostorni\/#primaryimage"},"image":{"@id":"https:\/\/www.jaadisain.ee\/fi\/ulkomainokset\/valokotelot-ja-mainostornit\/mainostornit\/nord-cocoan-mainostorni\/#primaryimage"},"thumbnailUrl":"https:\/\/www.jaadisain.ee\/wp-content\/uploads\/2016\/05\/valgustulp.jpg","datePublished":"2016-05-23T11:49:08+00:00","dateModified":"2016-11-02T11:13:22+00:00","description":"Mainostorni on tehty alumiinista ja p\u00e4\u00e4llystetty jauhemaalatuilla alumiinikaseteilla. Mainospylv\u00e4\u00e4n yl\u00e4osa on valaistu. JAA Disain O\u00dc.","breadcrumb":{"@id":"https:\/\/www.jaadisain.ee\/fi\/ulkomainokset\/valokotelot-ja-mainostornit\/mainostornit\/nord-cocoan-mainostorni\/#breadcrumb"},"inLanguage":"fi","potentialAction":[{"@type":"ReadAction","target":["https:\/\/www.jaadisain.ee\/fi\/ulkomainokset\/valokotelot-ja-mainostornit\/mainostornit\/nord-cocoan-mainostorni\/"]}]},{"@type":"ImageObject","inLanguage":"fi","@id":"https:\/\/www.jaadisain.ee\/fi\/ulkomainokset\/valokotelot-ja-mainostornit\/mainostornit\/nord-cocoan-mainostorni\/#primaryimage","url":"https:\/\/www.jaadisain.ee\/wp-content\/uploads\/2016\/05\/valgustulp.jpg","contentUrl":"https:\/\/www.jaadisain.ee\/wp-content\/uploads\/2016\/05\/valgustulp.jpg","width":2304,"height":1536,"caption":"mainostorni"},{"@type":"BreadcrumbList","@id":"https:\/\/www.jaadisain.ee\/fi\/ulkomainokset\/valokotelot-ja-mainostornit\/mainostornit\/nord-cocoan-mainostorni\/#breadcrumb","itemListElement":[{"@type":"ListItem","position":1,"name":"Home","item":"https:\/\/www.jaadisain.ee\/fi\/"},{"@type":"ListItem","position":2,"name":"Tuotteet","item":"https:\/\/www.jaadisain.ee\/fi\/ulkomainokset\/"},{"@type":"ListItem","position":3,"name":"Valokotelot ja mainostornit","item":"https:\/\/www.jaadisain.ee\/fi\/ulkomainokset\/valokotelot-ja-mainostornit\/"},{"@type":"ListItem","position":4,"name":"Mainostornit","item":"https:\/\/www.jaadisain.ee\/fi\/ulkomainokset\/valokotelot-ja-mainostornit\/mainostornit\/"},{"@type":"ListItem","position":5,"name":"Nord Cocoan mainostorni"}]},{"@type":"WebSite","@id":"https:\/\/www.jaadisain.ee\/#website","url":"https:\/\/www.jaadisain.ee\/","name":"JAA Disain","description":"Valgusreklaamide tootja aastast 1993","publisher":{"@id":"https:\/\/www.jaadisain.ee\/#organization"},"potentialAction":[{"@type":"SearchAction","target":{"@type":"EntryPoint","urlTemplate":"https:\/\/www.jaadisain.ee\/?s={search_term_string}"},"query-input":{"@type":"PropertyValueSpecification","valueRequired":true,"valueName":"search_term_string"}}],"inLanguage":"fi"},{"@type":"Organization","@id":"https:\/\/www.jaadisain.ee\/#organization","name":"JAA Disain","url":"https:\/\/www.jaadisain.ee\/","logo":{"@type":"ImageObject","inLanguage":"fi","@id":"https:\/\/www.jaadisain.ee\/#\/schema\/logo\/image\/","url":"https:\/\/www.jaadisain.ee\/wp-content\/uploads\/2016\/02\/JAA-Disain-logo.jpg","contentUrl":"https:\/\/www.jaadisain.ee\/wp-content\/uploads\/2016\/02\/JAA-Disain-logo.jpg","width":443,"height":259,"caption":"JAA Disain"},"image":{"@id":"https:\/\/www.jaadisain.ee\/#\/schema\/logo\/image\/"},"sameAs":["https:\/\/www.facebook.com\/JAA-Disain-156295277734632\/timeline"]}]}},"_links":{"self":[{"href":"https:\/\/www.jaadisain.ee\/fi\/wp-json\/wp\/v2\/pages\/7917","targetHints":{"allow":["GET"]}}],"collection":[{"href":"https:\/\/www.jaadisain.ee\/fi\/wp-json\/wp\/v2\/pages"}],"about":[{"href":"https:\/\/www.jaadisain.ee\/fi\/wp-json\/wp\/v2\/types\/page"}],"author":[{"embeddable":true,"href":"https:\/\/www.jaadisain.ee\/fi\/wp-json\/wp\/v2\/users\/2"}],"replies":[{"embeddable":true,"href":"https:\/\/www.jaadisain.ee\/fi\/wp-json\/wp\/v2\/comments?post=7917"}],"version-history":[{"count":1,"href":"https:\/\/www.jaadisain.ee\/fi\/wp-json\/wp\/v2\/pages\/7917\/revisions"}],"predecessor-version":[{"id":9452,"href":"https:\/\/www.jaadisain.ee\/fi\/wp-json\/wp\/v2\/pages\/7917\/revisions\/9452"}],"up":[{"embeddable":true,"href":"https:\/\/www.jaadisain.ee\/fi\/wp-json\/wp\/v2\/pages\/9098"}],"wp:featuredmedia":[{"embeddable":true,"href":"https:\/\/www.jaadisain.ee\/fi\/wp-json\/wp\/v2\/media\/7918"}],"wp:attachment":[{"href":"https:\/\/www.jaadisain.ee\/fi\/wp-json\/wp\/v2\/media?parent=7917"}],"curies":[{"name":"wp","href":"https:\/\/api.w.org\/{rel}","templated":true}]}}