{"id":7915,"date":"2016-05-25T10:34:16","date_gmt":"2016-05-25T08:34:16","guid":{"rendered":"http:\/\/www.jaadisain.ee\/fi\/kleebislogod-uste-klaasidel\/"},"modified":"2016-11-03T10:43:37","modified_gmt":"2016-11-03T08:43:37","slug":"logotarrat-lasivaliovissa","status":"publish","type":"page","link":"https:\/\/www.jaadisain.ee\/fi\/ulkomainokset\/tarrat\/mainostarrat\/ikkunateippaus\/logotarrat-lasivaliovissa\/","title":{"rendered":"Logotarrat lasiv\u00e4liovissa"},"content":{"rendered":"<h2>Logotarrat lasiv\u00e4liovissa<\/h2>\n<p>Logotarrat ovat helppo tapa lis\u00e4t\u00e4 yrityksen logo vaikkapa autoihin, laseihin, seiniin ja muihin n\u00e4kyviin paikkoihin, joihin voi liimata tarroja. Kuvassa logo on liimattu toimistojen oviin, ja ne toimivat samalla my\u00f6s opasteina. Logot on valmistettu piirturilla kahdesta eriv\u00e4risest\u00e4 muovista. Piirturilla leikatut tarrat liimataan siirtomuovilla, ja eriv\u00e4riset logon osat tehd\u00e4\u00e4n levitt\u00e4m\u00e4ll\u00e4 jokaista v\u00e4ri\u00e4 kerros kerrokselta vastaavaan tarran osaan. Logotarrojen lis\u00e4ksi my\u00f6s lasipinta on osittain himmennetty. My\u00f6s t\u00e4m\u00e4 logotarra on tehty edell\u00e4 kuvatulla tavalla. Lasit himmennet\u00e4\u00e4n erikoismuovilla, joka muistuttaa hiukan hiekkapuhallettua pintaa.<\/p>\n<p>Lis\u00e4\u00e4 samanlaisia t\u00f6it\u00e4 l\u00f6ytyy <a href=\"https:\/\/www.jaadisain.ee\/fi\/ulkomainokset\/tarrat\/\"><strong>t\u00e4\u00e4lt\u00e4.<\/strong><\/a><\/p>\n<p>Jaa Disain valmistaa valomainokset ja my\u00f6s muut mainostuotteet, kuten mainostaulut, mainostarrat ja digitulostukset.<\/p>\n<p>&nbsp;<\/p>\n<p>&nbsp;<\/p>\n","protected":false},"excerpt":{"rendered":"<p>Logotarrat lasiv\u00e4liovissa Logotarrat ovat helppo tapa lis\u00e4t\u00e4 yrityksen logo vaikkapa autoihin, laseihin, seiniin ja muihin n\u00e4kyviin paikkoihin, joihin voi liimata tarroja. Kuvassa logo on liimattu toimistojen oviin, ja ne toimivat samalla my\u00f6s opasteina. Logot on valmistettu piirturilla kahdesta eriv\u00e4risest\u00e4 muovista. Piirturilla leikatut tarrat liimataan siirtomuovilla, ja eriv\u00e4riset logon osat tehd\u00e4\u00e4n levitt\u00e4m\u00e4ll\u00e4 jokaista v\u00e4ri\u00e4 kerros kerrokselta [&hellip;]<\/p>\n","protected":false},"author":2,"featured_media":7916,"parent":9041,"menu_order":0,"comment_status":"closed","ping_status":"closed","template":"","meta":{"_acf_changed":false,"footnotes":""},"class_list":["post-7915","page","type-page","status-publish","has-post-thumbnail","hentry"],"acf":[],"yoast_head":"<!-- This site is optimized with the Yoast SEO plugin v27.3 - https:\/\/yoast.com\/product\/yoast-seo-wordpress\/ -->\n<title>Logotarrat tehd\u00e4\u00e4n piirturilla leikkaamalla - JAA Disain<\/title>\n<meta name=\"description\" content=\"Logotarrat ovat hyv\u00e4 keino liimata logot yrityksen autoihin, laseihin, seiniin ja muihin tarroille sopiviin pintoihin. Katso lis\u00e4\u00e4 t\u00e4\u00e4lt\u00e4!\" \/>\n<meta name=\"robots\" content=\"index, follow, max-snippet:-1, max-image-preview:large, max-video-preview:-1\" \/>\n<link rel=\"canonical\" href=\"https:\/\/www.jaadisain.ee\/fi\/ulkomainokset\/tarrat\/mainostarrat\/ikkunateippaus\/logotarrat-lasivaliovissa\/\" \/>\n<meta property=\"og:locale\" content=\"fi_FI\" \/>\n<meta property=\"og:type\" content=\"article\" \/>\n<meta property=\"og:title\" content=\"Logotarrat tehd\u00e4\u00e4n piirturilla leikkaamalla - JAA Disain\" \/>\n<meta property=\"og:description\" content=\"Logotarrat ovat hyv\u00e4 keino liimata logot yrityksen autoihin, laseihin, seiniin ja muihin tarroille sopiviin pintoihin. Katso lis\u00e4\u00e4 t\u00e4\u00e4lt\u00e4!\" \/>\n<meta property=\"og:url\" content=\"https:\/\/www.jaadisain.ee\/fi\/ulkomainokset\/tarrat\/mainostarrat\/ikkunateippaus\/logotarrat-lasivaliovissa\/\" \/>\n<meta property=\"og:site_name\" content=\"JAA Disain\" \/>\n<meta property=\"article:publisher\" content=\"https:\/\/www.facebook.com\/JAA-Disain-156295277734632\/timeline\" \/>\n<meta property=\"article:modified_time\" content=\"2016-11-03T08:43:37+00:00\" \/>\n<meta property=\"og:image\" content=\"https:\/\/www.jaadisain.ee\/wp-content\/uploads\/2016\/05\/kleebislogod.jpg\" \/>\n\t<meta property=\"og:image:width\" content=\"4128\" \/>\n\t<meta property=\"og:image:height\" content=\"3096\" \/>\n\t<meta property=\"og:image:type\" content=\"image\/jpeg\" \/>\n<meta name=\"twitter:card\" content=\"summary_large_image\" \/>\n<meta name=\"twitter:label1\" content=\"Arvioitu lukuaika\" \/>\n\t<meta name=\"twitter:data1\" content=\"1 minuutti\" \/>\n<script type=\"application\/ld+json\" class=\"yoast-schema-graph\">{\"@context\":\"https:\\\/\\\/schema.org\",\"@graph\":[{\"@type\":\"WebPage\",\"@id\":\"https:\\\/\\\/www.jaadisain.ee\\\/fi\\\/ulkomainokset\\\/tarrat\\\/mainostarrat\\\/ikkunateippaus\\\/logotarrat-lasivaliovissa\\\/\",\"url\":\"https:\\\/\\\/www.jaadisain.ee\\\/fi\\\/ulkomainokset\\\/tarrat\\\/mainostarrat\\\/ikkunateippaus\\\/logotarrat-lasivaliovissa\\\/\",\"name\":\"Logotarrat tehd\u00e4\u00e4n piirturilla leikkaamalla - JAA Disain\",\"isPartOf\":{\"@id\":\"https:\\\/\\\/www.jaadisain.ee\\\/#website\"},\"primaryImageOfPage\":{\"@id\":\"https:\\\/\\\/www.jaadisain.ee\\\/fi\\\/ulkomainokset\\\/tarrat\\\/mainostarrat\\\/ikkunateippaus\\\/logotarrat-lasivaliovissa\\\/#primaryimage\"},\"image\":{\"@id\":\"https:\\\/\\\/www.jaadisain.ee\\\/fi\\\/ulkomainokset\\\/tarrat\\\/mainostarrat\\\/ikkunateippaus\\\/logotarrat-lasivaliovissa\\\/#primaryimage\"},\"thumbnailUrl\":\"https:\\\/\\\/www.jaadisain.ee\\\/wp-content\\\/uploads\\\/2016\\\/05\\\/kleebislogod.jpg\",\"datePublished\":\"2016-05-25T08:34:16+00:00\",\"dateModified\":\"2016-11-03T08:43:37+00:00\",\"description\":\"Logotarrat ovat hyv\u00e4 keino liimata logot yrityksen autoihin, laseihin, seiniin ja muihin tarroille sopiviin pintoihin. Katso lis\u00e4\u00e4 t\u00e4\u00e4lt\u00e4!\",\"breadcrumb\":{\"@id\":\"https:\\\/\\\/www.jaadisain.ee\\\/fi\\\/ulkomainokset\\\/tarrat\\\/mainostarrat\\\/ikkunateippaus\\\/logotarrat-lasivaliovissa\\\/#breadcrumb\"},\"inLanguage\":\"fi\",\"potentialAction\":[{\"@type\":\"ReadAction\",\"target\":[\"https:\\\/\\\/www.jaadisain.ee\\\/fi\\\/ulkomainokset\\\/tarrat\\\/mainostarrat\\\/ikkunateippaus\\\/logotarrat-lasivaliovissa\\\/\"]}]},{\"@type\":\"ImageObject\",\"inLanguage\":\"fi\",\"@id\":\"https:\\\/\\\/www.jaadisain.ee\\\/fi\\\/ulkomainokset\\\/tarrat\\\/mainostarrat\\\/ikkunateippaus\\\/logotarrat-lasivaliovissa\\\/#primaryimage\",\"url\":\"https:\\\/\\\/www.jaadisain.ee\\\/wp-content\\\/uploads\\\/2016\\\/05\\\/kleebislogod.jpg\",\"contentUrl\":\"https:\\\/\\\/www.jaadisain.ee\\\/wp-content\\\/uploads\\\/2016\\\/05\\\/kleebislogod.jpg\",\"width\":4128,\"height\":3096,\"caption\":\"logotarrat\"},{\"@type\":\"BreadcrumbList\",\"@id\":\"https:\\\/\\\/www.jaadisain.ee\\\/fi\\\/ulkomainokset\\\/tarrat\\\/mainostarrat\\\/ikkunateippaus\\\/logotarrat-lasivaliovissa\\\/#breadcrumb\",\"itemListElement\":[{\"@type\":\"ListItem\",\"position\":1,\"name\":\"Home\",\"item\":\"https:\\\/\\\/www.jaadisain.ee\\\/fi\\\/\"},{\"@type\":\"ListItem\",\"position\":2,\"name\":\"Tuotteet\",\"item\":\"https:\\\/\\\/www.jaadisain.ee\\\/fi\\\/ulkomainokset\\\/\"},{\"@type\":\"ListItem\",\"position\":3,\"name\":\"Tarrat\",\"item\":\"https:\\\/\\\/www.jaadisain.ee\\\/fi\\\/ulkomainokset\\\/tarrat\\\/\"},{\"@type\":\"ListItem\",\"position\":4,\"name\":\"Mainostarrat\",\"item\":\"https:\\\/\\\/www.jaadisain.ee\\\/fi\\\/ulkomainokset\\\/tarrat\\\/mainostarrat\\\/\"},{\"@type\":\"ListItem\",\"position\":5,\"name\":\"Ikkunateippaus\",\"item\":\"https:\\\/\\\/www.jaadisain.ee\\\/fi\\\/ulkomainokset\\\/tarrat\\\/mainostarrat\\\/ikkunateippaus\\\/\"},{\"@type\":\"ListItem\",\"position\":6,\"name\":\"Logotarrat lasiv\u00e4liovissa\"}]},{\"@type\":\"WebSite\",\"@id\":\"https:\\\/\\\/www.jaadisain.ee\\\/#website\",\"url\":\"https:\\\/\\\/www.jaadisain.ee\\\/\",\"name\":\"JAA Disain\",\"description\":\"Valgusreklaamide tootja aastast 1993\",\"publisher\":{\"@id\":\"https:\\\/\\\/www.jaadisain.ee\\\/#organization\"},\"potentialAction\":[{\"@type\":\"SearchAction\",\"target\":{\"@type\":\"EntryPoint\",\"urlTemplate\":\"https:\\\/\\\/www.jaadisain.ee\\\/?s={search_term_string}\"},\"query-input\":{\"@type\":\"PropertyValueSpecification\",\"valueRequired\":true,\"valueName\":\"search_term_string\"}}],\"inLanguage\":\"fi\"},{\"@type\":\"Organization\",\"@id\":\"https:\\\/\\\/www.jaadisain.ee\\\/#organization\",\"name\":\"JAA Disain\",\"url\":\"https:\\\/\\\/www.jaadisain.ee\\\/\",\"logo\":{\"@type\":\"ImageObject\",\"inLanguage\":\"fi\",\"@id\":\"https:\\\/\\\/www.jaadisain.ee\\\/#\\\/schema\\\/logo\\\/image\\\/\",\"url\":\"https:\\\/\\\/www.jaadisain.ee\\\/wp-content\\\/uploads\\\/2016\\\/02\\\/JAA-Disain-logo.jpg\",\"contentUrl\":\"https:\\\/\\\/www.jaadisain.ee\\\/wp-content\\\/uploads\\\/2016\\\/02\\\/JAA-Disain-logo.jpg\",\"width\":443,\"height\":259,\"caption\":\"JAA Disain\"},\"image\":{\"@id\":\"https:\\\/\\\/www.jaadisain.ee\\\/#\\\/schema\\\/logo\\\/image\\\/\"},\"sameAs\":[\"https:\\\/\\\/www.facebook.com\\\/JAA-Disain-156295277734632\\\/timeline\"]}]}<\/script>\n<!-- \/ Yoast SEO plugin. -->","yoast_head_json":{"title":"Logotarrat tehd\u00e4\u00e4n piirturilla leikkaamalla - JAA Disain","description":"Logotarrat ovat hyv\u00e4 keino liimata logot yrityksen autoihin, laseihin, seiniin ja muihin tarroille sopiviin pintoihin. Katso lis\u00e4\u00e4 t\u00e4\u00e4lt\u00e4!","robots":{"index":"index","follow":"follow","max-snippet":"max-snippet:-1","max-image-preview":"max-image-preview:large","max-video-preview":"max-video-preview:-1"},"canonical":"https:\/\/www.jaadisain.ee\/fi\/ulkomainokset\/tarrat\/mainostarrat\/ikkunateippaus\/logotarrat-lasivaliovissa\/","og_locale":"fi_FI","og_type":"article","og_title":"Logotarrat tehd\u00e4\u00e4n piirturilla leikkaamalla - JAA Disain","og_description":"Logotarrat ovat hyv\u00e4 keino liimata logot yrityksen autoihin, laseihin, seiniin ja muihin tarroille sopiviin pintoihin. Katso lis\u00e4\u00e4 t\u00e4\u00e4lt\u00e4!","og_url":"https:\/\/www.jaadisain.ee\/fi\/ulkomainokset\/tarrat\/mainostarrat\/ikkunateippaus\/logotarrat-lasivaliovissa\/","og_site_name":"JAA Disain","article_publisher":"https:\/\/www.facebook.com\/JAA-Disain-156295277734632\/timeline","article_modified_time":"2016-11-03T08:43:37+00:00","og_image":[{"width":4128,"height":3096,"url":"https:\/\/www.jaadisain.ee\/wp-content\/uploads\/2016\/05\/kleebislogod.jpg","type":"image\/jpeg"}],"twitter_card":"summary_large_image","twitter_misc":{"Arvioitu lukuaika":"1 minuutti"},"schema":{"@context":"https:\/\/schema.org","@graph":[{"@type":"WebPage","@id":"https:\/\/www.jaadisain.ee\/fi\/ulkomainokset\/tarrat\/mainostarrat\/ikkunateippaus\/logotarrat-lasivaliovissa\/","url":"https:\/\/www.jaadisain.ee\/fi\/ulkomainokset\/tarrat\/mainostarrat\/ikkunateippaus\/logotarrat-lasivaliovissa\/","name":"Logotarrat tehd\u00e4\u00e4n piirturilla leikkaamalla - JAA Disain","isPartOf":{"@id":"https:\/\/www.jaadisain.ee\/#website"},"primaryImageOfPage":{"@id":"https:\/\/www.jaadisain.ee\/fi\/ulkomainokset\/tarrat\/mainostarrat\/ikkunateippaus\/logotarrat-lasivaliovissa\/#primaryimage"},"image":{"@id":"https:\/\/www.jaadisain.ee\/fi\/ulkomainokset\/tarrat\/mainostarrat\/ikkunateippaus\/logotarrat-lasivaliovissa\/#primaryimage"},"thumbnailUrl":"https:\/\/www.jaadisain.ee\/wp-content\/uploads\/2016\/05\/kleebislogod.jpg","datePublished":"2016-05-25T08:34:16+00:00","dateModified":"2016-11-03T08:43:37+00:00","description":"Logotarrat ovat hyv\u00e4 keino liimata logot yrityksen autoihin, laseihin, seiniin ja muihin tarroille sopiviin pintoihin. Katso lis\u00e4\u00e4 t\u00e4\u00e4lt\u00e4!","breadcrumb":{"@id":"https:\/\/www.jaadisain.ee\/fi\/ulkomainokset\/tarrat\/mainostarrat\/ikkunateippaus\/logotarrat-lasivaliovissa\/#breadcrumb"},"inLanguage":"fi","potentialAction":[{"@type":"ReadAction","target":["https:\/\/www.jaadisain.ee\/fi\/ulkomainokset\/tarrat\/mainostarrat\/ikkunateippaus\/logotarrat-lasivaliovissa\/"]}]},{"@type":"ImageObject","inLanguage":"fi","@id":"https:\/\/www.jaadisain.ee\/fi\/ulkomainokset\/tarrat\/mainostarrat\/ikkunateippaus\/logotarrat-lasivaliovissa\/#primaryimage","url":"https:\/\/www.jaadisain.ee\/wp-content\/uploads\/2016\/05\/kleebislogod.jpg","contentUrl":"https:\/\/www.jaadisain.ee\/wp-content\/uploads\/2016\/05\/kleebislogod.jpg","width":4128,"height":3096,"caption":"logotarrat"},{"@type":"BreadcrumbList","@id":"https:\/\/www.jaadisain.ee\/fi\/ulkomainokset\/tarrat\/mainostarrat\/ikkunateippaus\/logotarrat-lasivaliovissa\/#breadcrumb","itemListElement":[{"@type":"ListItem","position":1,"name":"Home","item":"https:\/\/www.jaadisain.ee\/fi\/"},{"@type":"ListItem","position":2,"name":"Tuotteet","item":"https:\/\/www.jaadisain.ee\/fi\/ulkomainokset\/"},{"@type":"ListItem","position":3,"name":"Tarrat","item":"https:\/\/www.jaadisain.ee\/fi\/ulkomainokset\/tarrat\/"},{"@type":"ListItem","position":4,"name":"Mainostarrat","item":"https:\/\/www.jaadisain.ee\/fi\/ulkomainokset\/tarrat\/mainostarrat\/"},{"@type":"ListItem","position":5,"name":"Ikkunateippaus","item":"https:\/\/www.jaadisain.ee\/fi\/ulkomainokset\/tarrat\/mainostarrat\/ikkunateippaus\/"},{"@type":"ListItem","position":6,"name":"Logotarrat lasiv\u00e4liovissa"}]},{"@type":"WebSite","@id":"https:\/\/www.jaadisain.ee\/#website","url":"https:\/\/www.jaadisain.ee\/","name":"JAA Disain","description":"Valgusreklaamide tootja aastast 1993","publisher":{"@id":"https:\/\/www.jaadisain.ee\/#organization"},"potentialAction":[{"@type":"SearchAction","target":{"@type":"EntryPoint","urlTemplate":"https:\/\/www.jaadisain.ee\/?s={search_term_string}"},"query-input":{"@type":"PropertyValueSpecification","valueRequired":true,"valueName":"search_term_string"}}],"inLanguage":"fi"},{"@type":"Organization","@id":"https:\/\/www.jaadisain.ee\/#organization","name":"JAA Disain","url":"https:\/\/www.jaadisain.ee\/","logo":{"@type":"ImageObject","inLanguage":"fi","@id":"https:\/\/www.jaadisain.ee\/#\/schema\/logo\/image\/","url":"https:\/\/www.jaadisain.ee\/wp-content\/uploads\/2016\/02\/JAA-Disain-logo.jpg","contentUrl":"https:\/\/www.jaadisain.ee\/wp-content\/uploads\/2016\/02\/JAA-Disain-logo.jpg","width":443,"height":259,"caption":"JAA Disain"},"image":{"@id":"https:\/\/www.jaadisain.ee\/#\/schema\/logo\/image\/"},"sameAs":["https:\/\/www.facebook.com\/JAA-Disain-156295277734632\/timeline"]}]}},"_links":{"self":[{"href":"https:\/\/www.jaadisain.ee\/fi\/wp-json\/wp\/v2\/pages\/7915","targetHints":{"allow":["GET"]}}],"collection":[{"href":"https:\/\/www.jaadisain.ee\/fi\/wp-json\/wp\/v2\/pages"}],"about":[{"href":"https:\/\/www.jaadisain.ee\/fi\/wp-json\/wp\/v2\/types\/page"}],"author":[{"embeddable":true,"href":"https:\/\/www.jaadisain.ee\/fi\/wp-json\/wp\/v2\/users\/2"}],"replies":[{"embeddable":true,"href":"https:\/\/www.jaadisain.ee\/fi\/wp-json\/wp\/v2\/comments?post=7915"}],"version-history":[{"count":1,"href":"https:\/\/www.jaadisain.ee\/fi\/wp-json\/wp\/v2\/pages\/7915\/revisions"}],"predecessor-version":[{"id":9598,"href":"https:\/\/www.jaadisain.ee\/fi\/wp-json\/wp\/v2\/pages\/7915\/revisions\/9598"}],"up":[{"embeddable":true,"href":"https:\/\/www.jaadisain.ee\/fi\/wp-json\/wp\/v2\/pages\/9041"}],"wp:featuredmedia":[{"embeddable":true,"href":"https:\/\/www.jaadisain.ee\/fi\/wp-json\/wp\/v2\/media\/7916"}],"wp:attachment":[{"href":"https:\/\/www.jaadisain.ee\/fi\/wp-json\/wp\/v2\/media?parent=7915"}],"curies":[{"name":"wp","href":"https:\/\/api.w.org\/{rel}","templated":true}]}}