{"id":7913,"date":"2016-05-26T15:10:56","date_gmt":"2016-05-26T13:10:56","guid":{"rendered":"http:\/\/www.jaadisain.ee\/fi\/puloon\/"},"modified":"2016-11-03T14:24:16","modified_gmt":"2016-11-03T12:24:16","slug":"mainospyloni","status":"publish","type":"page","link":"https:\/\/www.jaadisain.ee\/fi\/ulkomainokset\/valokotelot-ja-mainostornit\/mainostornit\/mainospyloni\/","title":{"rendered":"Mainospyloni \u2013 Stroomi Keskus"},"content":{"rendered":"<h2>Stroomi Keskus<\/h2>\n<p>Mainospyloni tehd\u00e4\u00e4n ter\u00e4ksest\u00e4 ja alumiinista. Mainospylonin sis\u00e4rakenteet on valmistettu paksuudeltaan ja muodoltaan vaihtelevista materiaaleista hitsaamalla. Kaikki mainospylonin rakenteet on p\u00e4\u00e4llystetty taivutetuilla ja jauhemaalatuilla alumiinikaseteilla. My\u00f6s mainospylonin molemmissa kyljiss\u00e4 on k\u00e4ytetty alumiinikasetteja. Logot ja tekstit on jyrsitty mainospylonin etupuolelle. Jyrsittyjen tekstien ja logojen takana on erityinen ledivaloille tarkoitettu opaalilasi, ja logon v\u00e4rilliset osat on p\u00e4\u00e4llystetty erityisell\u00e4 valoa l\u00e4p\u00e4isev\u00e4ll\u00e4 valomainosmuovilla. Mainospylonin reunoissa on laadukkaat ledivalot, jotka valaisevat lasin jyrsityist\u00e4 kohdista. Kaksipuolinen mainospyloni on asennettu ter\u00e4spulteilla betonista valettuun perustaan.<\/p>\n<p><strong>Mitat:<\/strong> 2000 x 6000 mm<br \/>\n<strong>Sijainti:<\/strong> S\u00f5le, Tallinna<\/p>\n<p>Muita vastaavia mainospyloneja voi katsella <a href=\"https:\/\/www.jaadisain.ee\/fi\/ulkomainokset\/valokotelot-ja-mainostornit\/mainostornit\/\"><strong>t\u00e4\u00e4ll\u00e4.<\/strong><\/a><\/p>\n<p>Jaa Disain valmistaa valomainokset ja my\u00f6s muut mainostuotteet, kuten mainostaulut, mainostarrat ja digitulostukset.<\/p>\n<p>&nbsp;<\/p>\n<p>&nbsp;<\/p>\n","protected":false},"excerpt":{"rendered":"<p>Stroomi Keskus Mainospyloni tehd\u00e4\u00e4n ter\u00e4ksest\u00e4 ja alumiinista. Mainospylonin sis\u00e4rakenteet on valmistettu paksuudeltaan ja muodoltaan vaihtelevista materiaaleista hitsaamalla. Kaikki mainospylonin rakenteet on p\u00e4\u00e4llystetty taivutetuilla ja jauhemaalatuilla alumiinikaseteilla. My\u00f6s mainospylonin molemmissa kyljiss\u00e4 on k\u00e4ytetty alumiinikasetteja. Logot ja tekstit on jyrsitty mainospylonin etupuolelle. Jyrsittyjen tekstien ja logojen takana on erityinen ledivaloille tarkoitettu opaalilasi, ja logon v\u00e4rilliset osat on [&hellip;]<\/p>\n","protected":false},"author":2,"featured_media":7914,"parent":9098,"menu_order":0,"comment_status":"closed","ping_status":"closed","template":"","meta":{"_acf_changed":false,"footnotes":""},"class_list":["post-7913","page","type-page","status-publish","has-post-thumbnail","hentry"],"acf":[],"yoast_head":"<!-- This site is optimized with the Yoast SEO plugin v27.3 - https:\/\/yoast.com\/product\/yoast-seo-wordpress\/ -->\n<title>Mainospyloni on ter\u00e4ksest\u00e4 ja p\u00e4\u00e4llystetty alumiinikaseteilla<\/title>\n<meta name=\"description\" content=\"Mainospyloni on tehty ter\u00e4ksest\u00e4 ja p\u00e4\u00e4llystetty alumiinikaseteilla. Kasettien etupintaan on jyrsitty valaistu logo ja tekstit.\" \/>\n<meta name=\"robots\" content=\"index, follow, max-snippet:-1, max-image-preview:large, max-video-preview:-1\" \/>\n<link rel=\"canonical\" href=\"https:\/\/www.jaadisain.ee\/fi\/ulkomainokset\/valokotelot-ja-mainostornit\/mainostornit\/mainospyloni\/\" \/>\n<meta property=\"og:locale\" content=\"fi_FI\" \/>\n<meta property=\"og:type\" content=\"article\" \/>\n<meta property=\"og:title\" content=\"Mainospyloni on ter\u00e4ksest\u00e4 ja p\u00e4\u00e4llystetty alumiinikaseteilla\" \/>\n<meta property=\"og:description\" content=\"Mainospyloni on tehty ter\u00e4ksest\u00e4 ja p\u00e4\u00e4llystetty alumiinikaseteilla. Kasettien etupintaan on jyrsitty valaistu logo ja tekstit.\" \/>\n<meta property=\"og:url\" content=\"https:\/\/www.jaadisain.ee\/fi\/ulkomainokset\/valokotelot-ja-mainostornit\/mainostornit\/mainospyloni\/\" \/>\n<meta property=\"og:site_name\" content=\"JAA Disain\" \/>\n<meta property=\"article:publisher\" content=\"https:\/\/www.facebook.com\/JAA-Disain-156295277734632\/timeline\" \/>\n<meta property=\"article:modified_time\" content=\"2016-11-03T12:24:16+00:00\" \/>\n<meta property=\"og:image\" content=\"https:\/\/www.jaadisain.ee\/wp-content\/uploads\/2016\/05\/p\u00fcloon-stroomi-keskus.jpg\" \/>\n\t<meta property=\"og:image:width\" content=\"1224\" \/>\n\t<meta property=\"og:image:height\" content=\"1632\" \/>\n\t<meta property=\"og:image:type\" content=\"image\/jpeg\" \/>\n<meta name=\"twitter:card\" content=\"summary_large_image\" \/>\n<meta name=\"twitter:label1\" content=\"Arvioitu lukuaika\" \/>\n\t<meta name=\"twitter:data1\" content=\"1 minuutti\" \/>\n<script type=\"application\/ld+json\" class=\"yoast-schema-graph\">{\"@context\":\"https:\\\/\\\/schema.org\",\"@graph\":[{\"@type\":\"WebPage\",\"@id\":\"https:\\\/\\\/www.jaadisain.ee\\\/fi\\\/ulkomainokset\\\/valokotelot-ja-mainostornit\\\/mainostornit\\\/mainospyloni\\\/\",\"url\":\"https:\\\/\\\/www.jaadisain.ee\\\/fi\\\/ulkomainokset\\\/valokotelot-ja-mainostornit\\\/mainostornit\\\/mainospyloni\\\/\",\"name\":\"Mainospyloni on ter\u00e4ksest\u00e4 ja p\u00e4\u00e4llystetty alumiinikaseteilla\",\"isPartOf\":{\"@id\":\"https:\\\/\\\/www.jaadisain.ee\\\/#website\"},\"primaryImageOfPage\":{\"@id\":\"https:\\\/\\\/www.jaadisain.ee\\\/fi\\\/ulkomainokset\\\/valokotelot-ja-mainostornit\\\/mainostornit\\\/mainospyloni\\\/#primaryimage\"},\"image\":{\"@id\":\"https:\\\/\\\/www.jaadisain.ee\\\/fi\\\/ulkomainokset\\\/valokotelot-ja-mainostornit\\\/mainostornit\\\/mainospyloni\\\/#primaryimage\"},\"thumbnailUrl\":\"https:\\\/\\\/www.jaadisain.ee\\\/wp-content\\\/uploads\\\/2016\\\/05\\\/p\u00fcloon-stroomi-keskus.jpg\",\"datePublished\":\"2016-05-26T13:10:56+00:00\",\"dateModified\":\"2016-11-03T12:24:16+00:00\",\"description\":\"Mainospyloni on tehty ter\u00e4ksest\u00e4 ja p\u00e4\u00e4llystetty alumiinikaseteilla. Kasettien etupintaan on jyrsitty valaistu logo ja tekstit.\",\"breadcrumb\":{\"@id\":\"https:\\\/\\\/www.jaadisain.ee\\\/fi\\\/ulkomainokset\\\/valokotelot-ja-mainostornit\\\/mainostornit\\\/mainospyloni\\\/#breadcrumb\"},\"inLanguage\":\"fi\",\"potentialAction\":[{\"@type\":\"ReadAction\",\"target\":[\"https:\\\/\\\/www.jaadisain.ee\\\/fi\\\/ulkomainokset\\\/valokotelot-ja-mainostornit\\\/mainostornit\\\/mainospyloni\\\/\"]}]},{\"@type\":\"ImageObject\",\"inLanguage\":\"fi\",\"@id\":\"https:\\\/\\\/www.jaadisain.ee\\\/fi\\\/ulkomainokset\\\/valokotelot-ja-mainostornit\\\/mainostornit\\\/mainospyloni\\\/#primaryimage\",\"url\":\"https:\\\/\\\/www.jaadisain.ee\\\/wp-content\\\/uploads\\\/2016\\\/05\\\/p\u00fcloon-stroomi-keskus.jpg\",\"contentUrl\":\"https:\\\/\\\/www.jaadisain.ee\\\/wp-content\\\/uploads\\\/2016\\\/05\\\/p\u00fcloon-stroomi-keskus.jpg\",\"width\":1224,\"height\":1632,\"caption\":\"mainospyloni\"},{\"@type\":\"BreadcrumbList\",\"@id\":\"https:\\\/\\\/www.jaadisain.ee\\\/fi\\\/ulkomainokset\\\/valokotelot-ja-mainostornit\\\/mainostornit\\\/mainospyloni\\\/#breadcrumb\",\"itemListElement\":[{\"@type\":\"ListItem\",\"position\":1,\"name\":\"Home\",\"item\":\"https:\\\/\\\/www.jaadisain.ee\\\/fi\\\/\"},{\"@type\":\"ListItem\",\"position\":2,\"name\":\"Tuotteet\",\"item\":\"https:\\\/\\\/www.jaadisain.ee\\\/fi\\\/ulkomainokset\\\/\"},{\"@type\":\"ListItem\",\"position\":3,\"name\":\"Valokotelot ja mainostornit\",\"item\":\"https:\\\/\\\/www.jaadisain.ee\\\/fi\\\/ulkomainokset\\\/valokotelot-ja-mainostornit\\\/\"},{\"@type\":\"ListItem\",\"position\":4,\"name\":\"Mainostornit\",\"item\":\"https:\\\/\\\/www.jaadisain.ee\\\/fi\\\/ulkomainokset\\\/valokotelot-ja-mainostornit\\\/mainostornit\\\/\"},{\"@type\":\"ListItem\",\"position\":5,\"name\":\"Mainospyloni \u2013 Stroomi Keskus\"}]},{\"@type\":\"WebSite\",\"@id\":\"https:\\\/\\\/www.jaadisain.ee\\\/#website\",\"url\":\"https:\\\/\\\/www.jaadisain.ee\\\/\",\"name\":\"JAA Disain\",\"description\":\"Valgusreklaamide tootja aastast 1993\",\"publisher\":{\"@id\":\"https:\\\/\\\/www.jaadisain.ee\\\/#organization\"},\"potentialAction\":[{\"@type\":\"SearchAction\",\"target\":{\"@type\":\"EntryPoint\",\"urlTemplate\":\"https:\\\/\\\/www.jaadisain.ee\\\/?s={search_term_string}\"},\"query-input\":{\"@type\":\"PropertyValueSpecification\",\"valueRequired\":true,\"valueName\":\"search_term_string\"}}],\"inLanguage\":\"fi\"},{\"@type\":\"Organization\",\"@id\":\"https:\\\/\\\/www.jaadisain.ee\\\/#organization\",\"name\":\"JAA Disain\",\"url\":\"https:\\\/\\\/www.jaadisain.ee\\\/\",\"logo\":{\"@type\":\"ImageObject\",\"inLanguage\":\"fi\",\"@id\":\"https:\\\/\\\/www.jaadisain.ee\\\/#\\\/schema\\\/logo\\\/image\\\/\",\"url\":\"https:\\\/\\\/www.jaadisain.ee\\\/wp-content\\\/uploads\\\/2016\\\/02\\\/JAA-Disain-logo.jpg\",\"contentUrl\":\"https:\\\/\\\/www.jaadisain.ee\\\/wp-content\\\/uploads\\\/2016\\\/02\\\/JAA-Disain-logo.jpg\",\"width\":443,\"height\":259,\"caption\":\"JAA Disain\"},\"image\":{\"@id\":\"https:\\\/\\\/www.jaadisain.ee\\\/#\\\/schema\\\/logo\\\/image\\\/\"},\"sameAs\":[\"https:\\\/\\\/www.facebook.com\\\/JAA-Disain-156295277734632\\\/timeline\"]}]}<\/script>\n<!-- \/ Yoast SEO plugin. -->","yoast_head_json":{"title":"Mainospyloni on ter\u00e4ksest\u00e4 ja p\u00e4\u00e4llystetty alumiinikaseteilla","description":"Mainospyloni on tehty ter\u00e4ksest\u00e4 ja p\u00e4\u00e4llystetty alumiinikaseteilla. Kasettien etupintaan on jyrsitty valaistu logo ja tekstit.","robots":{"index":"index","follow":"follow","max-snippet":"max-snippet:-1","max-image-preview":"max-image-preview:large","max-video-preview":"max-video-preview:-1"},"canonical":"https:\/\/www.jaadisain.ee\/fi\/ulkomainokset\/valokotelot-ja-mainostornit\/mainostornit\/mainospyloni\/","og_locale":"fi_FI","og_type":"article","og_title":"Mainospyloni on ter\u00e4ksest\u00e4 ja p\u00e4\u00e4llystetty alumiinikaseteilla","og_description":"Mainospyloni on tehty ter\u00e4ksest\u00e4 ja p\u00e4\u00e4llystetty alumiinikaseteilla. Kasettien etupintaan on jyrsitty valaistu logo ja tekstit.","og_url":"https:\/\/www.jaadisain.ee\/fi\/ulkomainokset\/valokotelot-ja-mainostornit\/mainostornit\/mainospyloni\/","og_site_name":"JAA Disain","article_publisher":"https:\/\/www.facebook.com\/JAA-Disain-156295277734632\/timeline","article_modified_time":"2016-11-03T12:24:16+00:00","og_image":[{"width":1224,"height":1632,"url":"https:\/\/www.jaadisain.ee\/wp-content\/uploads\/2016\/05\/p\u00fcloon-stroomi-keskus.jpg","type":"image\/jpeg"}],"twitter_card":"summary_large_image","twitter_misc":{"Arvioitu lukuaika":"1 minuutti"},"schema":{"@context":"https:\/\/schema.org","@graph":[{"@type":"WebPage","@id":"https:\/\/www.jaadisain.ee\/fi\/ulkomainokset\/valokotelot-ja-mainostornit\/mainostornit\/mainospyloni\/","url":"https:\/\/www.jaadisain.ee\/fi\/ulkomainokset\/valokotelot-ja-mainostornit\/mainostornit\/mainospyloni\/","name":"Mainospyloni on ter\u00e4ksest\u00e4 ja p\u00e4\u00e4llystetty alumiinikaseteilla","isPartOf":{"@id":"https:\/\/www.jaadisain.ee\/#website"},"primaryImageOfPage":{"@id":"https:\/\/www.jaadisain.ee\/fi\/ulkomainokset\/valokotelot-ja-mainostornit\/mainostornit\/mainospyloni\/#primaryimage"},"image":{"@id":"https:\/\/www.jaadisain.ee\/fi\/ulkomainokset\/valokotelot-ja-mainostornit\/mainostornit\/mainospyloni\/#primaryimage"},"thumbnailUrl":"https:\/\/www.jaadisain.ee\/wp-content\/uploads\/2016\/05\/p\u00fcloon-stroomi-keskus.jpg","datePublished":"2016-05-26T13:10:56+00:00","dateModified":"2016-11-03T12:24:16+00:00","description":"Mainospyloni on tehty ter\u00e4ksest\u00e4 ja p\u00e4\u00e4llystetty alumiinikaseteilla. Kasettien etupintaan on jyrsitty valaistu logo ja tekstit.","breadcrumb":{"@id":"https:\/\/www.jaadisain.ee\/fi\/ulkomainokset\/valokotelot-ja-mainostornit\/mainostornit\/mainospyloni\/#breadcrumb"},"inLanguage":"fi","potentialAction":[{"@type":"ReadAction","target":["https:\/\/www.jaadisain.ee\/fi\/ulkomainokset\/valokotelot-ja-mainostornit\/mainostornit\/mainospyloni\/"]}]},{"@type":"ImageObject","inLanguage":"fi","@id":"https:\/\/www.jaadisain.ee\/fi\/ulkomainokset\/valokotelot-ja-mainostornit\/mainostornit\/mainospyloni\/#primaryimage","url":"https:\/\/www.jaadisain.ee\/wp-content\/uploads\/2016\/05\/p\u00fcloon-stroomi-keskus.jpg","contentUrl":"https:\/\/www.jaadisain.ee\/wp-content\/uploads\/2016\/05\/p\u00fcloon-stroomi-keskus.jpg","width":1224,"height":1632,"caption":"mainospyloni"},{"@type":"BreadcrumbList","@id":"https:\/\/www.jaadisain.ee\/fi\/ulkomainokset\/valokotelot-ja-mainostornit\/mainostornit\/mainospyloni\/#breadcrumb","itemListElement":[{"@type":"ListItem","position":1,"name":"Home","item":"https:\/\/www.jaadisain.ee\/fi\/"},{"@type":"ListItem","position":2,"name":"Tuotteet","item":"https:\/\/www.jaadisain.ee\/fi\/ulkomainokset\/"},{"@type":"ListItem","position":3,"name":"Valokotelot ja mainostornit","item":"https:\/\/www.jaadisain.ee\/fi\/ulkomainokset\/valokotelot-ja-mainostornit\/"},{"@type":"ListItem","position":4,"name":"Mainostornit","item":"https:\/\/www.jaadisain.ee\/fi\/ulkomainokset\/valokotelot-ja-mainostornit\/mainostornit\/"},{"@type":"ListItem","position":5,"name":"Mainospyloni \u2013 Stroomi Keskus"}]},{"@type":"WebSite","@id":"https:\/\/www.jaadisain.ee\/#website","url":"https:\/\/www.jaadisain.ee\/","name":"JAA Disain","description":"Valgusreklaamide tootja aastast 1993","publisher":{"@id":"https:\/\/www.jaadisain.ee\/#organization"},"potentialAction":[{"@type":"SearchAction","target":{"@type":"EntryPoint","urlTemplate":"https:\/\/www.jaadisain.ee\/?s={search_term_string}"},"query-input":{"@type":"PropertyValueSpecification","valueRequired":true,"valueName":"search_term_string"}}],"inLanguage":"fi"},{"@type":"Organization","@id":"https:\/\/www.jaadisain.ee\/#organization","name":"JAA Disain","url":"https:\/\/www.jaadisain.ee\/","logo":{"@type":"ImageObject","inLanguage":"fi","@id":"https:\/\/www.jaadisain.ee\/#\/schema\/logo\/image\/","url":"https:\/\/www.jaadisain.ee\/wp-content\/uploads\/2016\/02\/JAA-Disain-logo.jpg","contentUrl":"https:\/\/www.jaadisain.ee\/wp-content\/uploads\/2016\/02\/JAA-Disain-logo.jpg","width":443,"height":259,"caption":"JAA Disain"},"image":{"@id":"https:\/\/www.jaadisain.ee\/#\/schema\/logo\/image\/"},"sameAs":["https:\/\/www.facebook.com\/JAA-Disain-156295277734632\/timeline"]}]}},"_links":{"self":[{"href":"https:\/\/www.jaadisain.ee\/fi\/wp-json\/wp\/v2\/pages\/7913","targetHints":{"allow":["GET"]}}],"collection":[{"href":"https:\/\/www.jaadisain.ee\/fi\/wp-json\/wp\/v2\/pages"}],"about":[{"href":"https:\/\/www.jaadisain.ee\/fi\/wp-json\/wp\/v2\/types\/page"}],"author":[{"embeddable":true,"href":"https:\/\/www.jaadisain.ee\/fi\/wp-json\/wp\/v2\/users\/2"}],"replies":[{"embeddable":true,"href":"https:\/\/www.jaadisain.ee\/fi\/wp-json\/wp\/v2\/comments?post=7913"}],"version-history":[{"count":1,"href":"https:\/\/www.jaadisain.ee\/fi\/wp-json\/wp\/v2\/pages\/7913\/revisions"}],"predecessor-version":[{"id":9456,"href":"https:\/\/www.jaadisain.ee\/fi\/wp-json\/wp\/v2\/pages\/7913\/revisions\/9456"}],"up":[{"embeddable":true,"href":"https:\/\/www.jaadisain.ee\/fi\/wp-json\/wp\/v2\/pages\/9098"}],"wp:featuredmedia":[{"embeddable":true,"href":"https:\/\/www.jaadisain.ee\/fi\/wp-json\/wp\/v2\/media\/7914"}],"wp:attachment":[{"href":"https:\/\/www.jaadisain.ee\/fi\/wp-json\/wp\/v2\/media?parent=7913"}],"curies":[{"name":"wp","href":"https:\/\/api.w.org\/{rel}","templated":true}]}}