{"id":7911,"date":"2016-05-27T12:36:38","date_gmt":"2016-05-27T10:36:38","guid":{"rendered":"http:\/\/www.jaadisain.ee\/fi\/valguskast-seinal\/"},"modified":"2016-11-03T15:39:58","modified_gmt":"2016-11-03T13:39:58","slug":"kotelovalomainos","status":"publish","type":"page","link":"https:\/\/www.jaadisain.ee\/fi\/ulkomainokset\/valokotelot-ja-mainostornit\/valomainoskotelot\/tilaustyona-valmistetut-valomainoskotelot\/kotelovalomainos\/","title":{"rendered":"Kotelovalomainos"},"content":{"rendered":"<h2>Kotelovalomainos<\/h2>\n<p>Kotelovalomainos on tehty jauhemaalatusta alumiinista. Kotelovalomainoksen etupinnassa on k\u00e4ytetty erityisesti ledivaloille tarkoitettua opaalilasia, ja valoa l\u00e4p\u00e4isev\u00e4st\u00e4 mainosmuovista tehdyt tekstit on kiinnitetty opaalilasipintaan. Lasit on asennettu kotelovalomainokseen muovilistoilla. Kotelovalomainos on kaksipuolinen, ja se on asennettu irti sein\u00e4st\u00e4 hitsattujen alumiinitukien varaan. Kotelovalomainoksen kaapeli on asennettu py\u00f6reisiin alumiinitukiin. My\u00f6s tuet on jauhemaalattu. Kotelovalomainoksessa on laadukkaat kaksipuolisten valokoteloiden valaisuun tarkoitetut ledit, jotka valaisevat tehokkaasti kotelovalomainoksen molemmat puolet. Ledien tarvitsema muuntaja on asennettu kotelon sis\u00e4\u00e4n.<\/p>\n<p><strong>Kotelovalomainoksen halkaisija:<\/strong> 700 mm<br \/>\n<strong>Sijainti:<\/strong> Pesula, Tulika 19, Tallinna<\/p>\n<p>Tutustu erilaisiin valokoteloihin <a href=\"https:\/\/www.jaadisain.ee\/fi\/ulkomainokset\/valokotelot-ja-mainostornit\/valomainoskotelot\/\"><strong>t\u00e4\u00e4ll\u00e4.<\/strong><\/a><\/p>\n","protected":false},"excerpt":{"rendered":"<p>Kotelovalomainos Kotelovalomainos on tehty jauhemaalatusta alumiinista. Kotelovalomainoksen etupinnassa on k\u00e4ytetty erityisesti ledivaloille tarkoitettua opaalilasia, ja valoa l\u00e4p\u00e4isev\u00e4st\u00e4 mainosmuovista tehdyt tekstit on kiinnitetty opaalilasipintaan. Lasit on asennettu kotelovalomainokseen muovilistoilla. Kotelovalomainos on kaksipuolinen, ja se on asennettu irti sein\u00e4st\u00e4 hitsattujen alumiinitukien varaan. Kotelovalomainoksen kaapeli on asennettu py\u00f6reisiin alumiinitukiin. My\u00f6s tuet on jauhemaalattu. Kotelovalomainoksessa on laadukkaat kaksipuolisten valokoteloiden [&hellip;]<\/p>\n","protected":false},"author":2,"featured_media":0,"parent":9082,"menu_order":0,"comment_status":"closed","ping_status":"closed","template":"","meta":{"_acf_changed":false,"footnotes":""},"class_list":["post-7911","page","type-page","status-publish","hentry"],"acf":[],"yoast_head":"<!-- This site is optimized with the Yoast SEO plugin v27.3 - https:\/\/yoast.com\/product\/yoast-seo-wordpress\/ -->\n<title>Kotelovalomainos on tehty alumiinista ja jauhemaalattu.<\/title>\n<meta name=\"description\" content=\"Kaksipuolinen kotelovalomainos on tehty alumiinista ja jauhemaalattu. Valaistu sis\u00e4lt\u00e4 laadukkailla LED-moduuleilla. Katso lis\u00e4\u00e4 t\u00e4\u00e4lt\u00e4!\" \/>\n<meta name=\"robots\" content=\"index, follow, max-snippet:-1, max-image-preview:large, max-video-preview:-1\" \/>\n<link rel=\"canonical\" href=\"https:\/\/www.jaadisain.ee\/fi\/ulkomainokset\/valokotelot-ja-mainostornit\/valomainoskotelot\/tilaustyona-valmistetut-valomainoskotelot\/kotelovalomainos\/\" \/>\n<meta property=\"og:locale\" content=\"fi_FI\" \/>\n<meta property=\"og:type\" content=\"article\" \/>\n<meta property=\"og:title\" content=\"Kotelovalomainos on tehty alumiinista ja jauhemaalattu.\" \/>\n<meta property=\"og:description\" content=\"Kaksipuolinen kotelovalomainos on tehty alumiinista ja jauhemaalattu. Valaistu sis\u00e4lt\u00e4 laadukkailla LED-moduuleilla. Katso lis\u00e4\u00e4 t\u00e4\u00e4lt\u00e4!\" \/>\n<meta property=\"og:url\" content=\"https:\/\/www.jaadisain.ee\/fi\/ulkomainokset\/valokotelot-ja-mainostornit\/valomainoskotelot\/tilaustyona-valmistetut-valomainoskotelot\/kotelovalomainos\/\" \/>\n<meta property=\"og:site_name\" content=\"JAA Disain\" \/>\n<meta property=\"article:publisher\" content=\"https:\/\/www.facebook.com\/JAA-Disain-156295277734632\/timeline\" \/>\n<meta property=\"article:modified_time\" content=\"2016-11-03T13:39:58+00:00\" \/>\n<meta property=\"og:image\" content=\"https:\/\/www.jaadisain.ee\/wp-content\/uploads\/2016\/02\/JAA-Disain-logo.jpg\" \/>\n\t<meta property=\"og:image:width\" content=\"443\" \/>\n\t<meta property=\"og:image:height\" content=\"259\" \/>\n\t<meta property=\"og:image:type\" content=\"image\/jpeg\" \/>\n<meta name=\"twitter:card\" content=\"summary_large_image\" \/>\n<script type=\"application\/ld+json\" class=\"yoast-schema-graph\">{\"@context\":\"https:\\\/\\\/schema.org\",\"@graph\":[{\"@type\":\"WebPage\",\"@id\":\"https:\\\/\\\/www.jaadisain.ee\\\/fi\\\/ulkomainokset\\\/valokotelot-ja-mainostornit\\\/valomainoskotelot\\\/tilaustyona-valmistetut-valomainoskotelot\\\/kotelovalomainos\\\/\",\"url\":\"https:\\\/\\\/www.jaadisain.ee\\\/fi\\\/ulkomainokset\\\/valokotelot-ja-mainostornit\\\/valomainoskotelot\\\/tilaustyona-valmistetut-valomainoskotelot\\\/kotelovalomainos\\\/\",\"name\":\"Kotelovalomainos on tehty alumiinista ja jauhemaalattu.\",\"isPartOf\":{\"@id\":\"https:\\\/\\\/www.jaadisain.ee\\\/#website\"},\"datePublished\":\"2016-05-27T10:36:38+00:00\",\"dateModified\":\"2016-11-03T13:39:58+00:00\",\"description\":\"Kaksipuolinen kotelovalomainos on tehty alumiinista ja jauhemaalattu. Valaistu sis\u00e4lt\u00e4 laadukkailla LED-moduuleilla. Katso lis\u00e4\u00e4 t\u00e4\u00e4lt\u00e4!\",\"breadcrumb\":{\"@id\":\"https:\\\/\\\/www.jaadisain.ee\\\/fi\\\/ulkomainokset\\\/valokotelot-ja-mainostornit\\\/valomainoskotelot\\\/tilaustyona-valmistetut-valomainoskotelot\\\/kotelovalomainos\\\/#breadcrumb\"},\"inLanguage\":\"fi\",\"potentialAction\":[{\"@type\":\"ReadAction\",\"target\":[\"https:\\\/\\\/www.jaadisain.ee\\\/fi\\\/ulkomainokset\\\/valokotelot-ja-mainostornit\\\/valomainoskotelot\\\/tilaustyona-valmistetut-valomainoskotelot\\\/kotelovalomainos\\\/\"]}]},{\"@type\":\"BreadcrumbList\",\"@id\":\"https:\\\/\\\/www.jaadisain.ee\\\/fi\\\/ulkomainokset\\\/valokotelot-ja-mainostornit\\\/valomainoskotelot\\\/tilaustyona-valmistetut-valomainoskotelot\\\/kotelovalomainos\\\/#breadcrumb\",\"itemListElement\":[{\"@type\":\"ListItem\",\"position\":1,\"name\":\"Home\",\"item\":\"https:\\\/\\\/www.jaadisain.ee\\\/fi\\\/\"},{\"@type\":\"ListItem\",\"position\":2,\"name\":\"Tuotteet\",\"item\":\"https:\\\/\\\/www.jaadisain.ee\\\/fi\\\/ulkomainokset\\\/\"},{\"@type\":\"ListItem\",\"position\":3,\"name\":\"Valokotelot ja mainostornit\",\"item\":\"https:\\\/\\\/www.jaadisain.ee\\\/fi\\\/ulkomainokset\\\/valokotelot-ja-mainostornit\\\/\"},{\"@type\":\"ListItem\",\"position\":4,\"name\":\"Valomainoskotelot\",\"item\":\"https:\\\/\\\/www.jaadisain.ee\\\/fi\\\/ulkomainokset\\\/valokotelot-ja-mainostornit\\\/valomainoskotelot\\\/\"},{\"@type\":\"ListItem\",\"position\":5,\"name\":\"Tilausty\u00f6n\u00e4 valmistetut valomainoskotelot\",\"item\":\"https:\\\/\\\/www.jaadisain.ee\\\/fi\\\/ulkomainokset\\\/valokotelot-ja-mainostornit\\\/valomainoskotelot\\\/tilaustyona-valmistetut-valomainoskotelot\\\/\"},{\"@type\":\"ListItem\",\"position\":6,\"name\":\"Kotelovalomainos\"}]},{\"@type\":\"WebSite\",\"@id\":\"https:\\\/\\\/www.jaadisain.ee\\\/#website\",\"url\":\"https:\\\/\\\/www.jaadisain.ee\\\/\",\"name\":\"JAA Disain\",\"description\":\"Valgusreklaamide tootja aastast 1993\",\"publisher\":{\"@id\":\"https:\\\/\\\/www.jaadisain.ee\\\/#organization\"},\"potentialAction\":[{\"@type\":\"SearchAction\",\"target\":{\"@type\":\"EntryPoint\",\"urlTemplate\":\"https:\\\/\\\/www.jaadisain.ee\\\/?s={search_term_string}\"},\"query-input\":{\"@type\":\"PropertyValueSpecification\",\"valueRequired\":true,\"valueName\":\"search_term_string\"}}],\"inLanguage\":\"fi\"},{\"@type\":\"Organization\",\"@id\":\"https:\\\/\\\/www.jaadisain.ee\\\/#organization\",\"name\":\"JAA Disain\",\"url\":\"https:\\\/\\\/www.jaadisain.ee\\\/\",\"logo\":{\"@type\":\"ImageObject\",\"inLanguage\":\"fi\",\"@id\":\"https:\\\/\\\/www.jaadisain.ee\\\/#\\\/schema\\\/logo\\\/image\\\/\",\"url\":\"https:\\\/\\\/www.jaadisain.ee\\\/wp-content\\\/uploads\\\/2016\\\/02\\\/JAA-Disain-logo.jpg\",\"contentUrl\":\"https:\\\/\\\/www.jaadisain.ee\\\/wp-content\\\/uploads\\\/2016\\\/02\\\/JAA-Disain-logo.jpg\",\"width\":443,\"height\":259,\"caption\":\"JAA Disain\"},\"image\":{\"@id\":\"https:\\\/\\\/www.jaadisain.ee\\\/#\\\/schema\\\/logo\\\/image\\\/\"},\"sameAs\":[\"https:\\\/\\\/www.facebook.com\\\/JAA-Disain-156295277734632\\\/timeline\"]}]}<\/script>\n<!-- \/ Yoast SEO plugin. -->","yoast_head_json":{"title":"Kotelovalomainos on tehty alumiinista ja jauhemaalattu.","description":"Kaksipuolinen kotelovalomainos on tehty alumiinista ja jauhemaalattu. Valaistu sis\u00e4lt\u00e4 laadukkailla LED-moduuleilla. Katso lis\u00e4\u00e4 t\u00e4\u00e4lt\u00e4!","robots":{"index":"index","follow":"follow","max-snippet":"max-snippet:-1","max-image-preview":"max-image-preview:large","max-video-preview":"max-video-preview:-1"},"canonical":"https:\/\/www.jaadisain.ee\/fi\/ulkomainokset\/valokotelot-ja-mainostornit\/valomainoskotelot\/tilaustyona-valmistetut-valomainoskotelot\/kotelovalomainos\/","og_locale":"fi_FI","og_type":"article","og_title":"Kotelovalomainos on tehty alumiinista ja jauhemaalattu.","og_description":"Kaksipuolinen kotelovalomainos on tehty alumiinista ja jauhemaalattu. Valaistu sis\u00e4lt\u00e4 laadukkailla LED-moduuleilla. Katso lis\u00e4\u00e4 t\u00e4\u00e4lt\u00e4!","og_url":"https:\/\/www.jaadisain.ee\/fi\/ulkomainokset\/valokotelot-ja-mainostornit\/valomainoskotelot\/tilaustyona-valmistetut-valomainoskotelot\/kotelovalomainos\/","og_site_name":"JAA Disain","article_publisher":"https:\/\/www.facebook.com\/JAA-Disain-156295277734632\/timeline","article_modified_time":"2016-11-03T13:39:58+00:00","og_image":[{"width":443,"height":259,"url":"https:\/\/www.jaadisain.ee\/wp-content\/uploads\/2016\/02\/JAA-Disain-logo.jpg","type":"image\/jpeg"}],"twitter_card":"summary_large_image","schema":{"@context":"https:\/\/schema.org","@graph":[{"@type":"WebPage","@id":"https:\/\/www.jaadisain.ee\/fi\/ulkomainokset\/valokotelot-ja-mainostornit\/valomainoskotelot\/tilaustyona-valmistetut-valomainoskotelot\/kotelovalomainos\/","url":"https:\/\/www.jaadisain.ee\/fi\/ulkomainokset\/valokotelot-ja-mainostornit\/valomainoskotelot\/tilaustyona-valmistetut-valomainoskotelot\/kotelovalomainos\/","name":"Kotelovalomainos on tehty alumiinista ja jauhemaalattu.","isPartOf":{"@id":"https:\/\/www.jaadisain.ee\/#website"},"datePublished":"2016-05-27T10:36:38+00:00","dateModified":"2016-11-03T13:39:58+00:00","description":"Kaksipuolinen kotelovalomainos on tehty alumiinista ja jauhemaalattu. Valaistu sis\u00e4lt\u00e4 laadukkailla LED-moduuleilla. Katso lis\u00e4\u00e4 t\u00e4\u00e4lt\u00e4!","breadcrumb":{"@id":"https:\/\/www.jaadisain.ee\/fi\/ulkomainokset\/valokotelot-ja-mainostornit\/valomainoskotelot\/tilaustyona-valmistetut-valomainoskotelot\/kotelovalomainos\/#breadcrumb"},"inLanguage":"fi","potentialAction":[{"@type":"ReadAction","target":["https:\/\/www.jaadisain.ee\/fi\/ulkomainokset\/valokotelot-ja-mainostornit\/valomainoskotelot\/tilaustyona-valmistetut-valomainoskotelot\/kotelovalomainos\/"]}]},{"@type":"BreadcrumbList","@id":"https:\/\/www.jaadisain.ee\/fi\/ulkomainokset\/valokotelot-ja-mainostornit\/valomainoskotelot\/tilaustyona-valmistetut-valomainoskotelot\/kotelovalomainos\/#breadcrumb","itemListElement":[{"@type":"ListItem","position":1,"name":"Home","item":"https:\/\/www.jaadisain.ee\/fi\/"},{"@type":"ListItem","position":2,"name":"Tuotteet","item":"https:\/\/www.jaadisain.ee\/fi\/ulkomainokset\/"},{"@type":"ListItem","position":3,"name":"Valokotelot ja mainostornit","item":"https:\/\/www.jaadisain.ee\/fi\/ulkomainokset\/valokotelot-ja-mainostornit\/"},{"@type":"ListItem","position":4,"name":"Valomainoskotelot","item":"https:\/\/www.jaadisain.ee\/fi\/ulkomainokset\/valokotelot-ja-mainostornit\/valomainoskotelot\/"},{"@type":"ListItem","position":5,"name":"Tilausty\u00f6n\u00e4 valmistetut valomainoskotelot","item":"https:\/\/www.jaadisain.ee\/fi\/ulkomainokset\/valokotelot-ja-mainostornit\/valomainoskotelot\/tilaustyona-valmistetut-valomainoskotelot\/"},{"@type":"ListItem","position":6,"name":"Kotelovalomainos"}]},{"@type":"WebSite","@id":"https:\/\/www.jaadisain.ee\/#website","url":"https:\/\/www.jaadisain.ee\/","name":"JAA Disain","description":"Valgusreklaamide tootja aastast 1993","publisher":{"@id":"https:\/\/www.jaadisain.ee\/#organization"},"potentialAction":[{"@type":"SearchAction","target":{"@type":"EntryPoint","urlTemplate":"https:\/\/www.jaadisain.ee\/?s={search_term_string}"},"query-input":{"@type":"PropertyValueSpecification","valueRequired":true,"valueName":"search_term_string"}}],"inLanguage":"fi"},{"@type":"Organization","@id":"https:\/\/www.jaadisain.ee\/#organization","name":"JAA Disain","url":"https:\/\/www.jaadisain.ee\/","logo":{"@type":"ImageObject","inLanguage":"fi","@id":"https:\/\/www.jaadisain.ee\/#\/schema\/logo\/image\/","url":"https:\/\/www.jaadisain.ee\/wp-content\/uploads\/2016\/02\/JAA-Disain-logo.jpg","contentUrl":"https:\/\/www.jaadisain.ee\/wp-content\/uploads\/2016\/02\/JAA-Disain-logo.jpg","width":443,"height":259,"caption":"JAA Disain"},"image":{"@id":"https:\/\/www.jaadisain.ee\/#\/schema\/logo\/image\/"},"sameAs":["https:\/\/www.facebook.com\/JAA-Disain-156295277734632\/timeline"]}]}},"_links":{"self":[{"href":"https:\/\/www.jaadisain.ee\/fi\/wp-json\/wp\/v2\/pages\/7911","targetHints":{"allow":["GET"]}}],"collection":[{"href":"https:\/\/www.jaadisain.ee\/fi\/wp-json\/wp\/v2\/pages"}],"about":[{"href":"https:\/\/www.jaadisain.ee\/fi\/wp-json\/wp\/v2\/types\/page"}],"author":[{"embeddable":true,"href":"https:\/\/www.jaadisain.ee\/fi\/wp-json\/wp\/v2\/users\/2"}],"replies":[{"embeddable":true,"href":"https:\/\/www.jaadisain.ee\/fi\/wp-json\/wp\/v2\/comments?post=7911"}],"version-history":[{"count":1,"href":"https:\/\/www.jaadisain.ee\/fi\/wp-json\/wp\/v2\/pages\/7911\/revisions"}],"predecessor-version":[{"id":9431,"href":"https:\/\/www.jaadisain.ee\/fi\/wp-json\/wp\/v2\/pages\/7911\/revisions\/9431"}],"up":[{"embeddable":true,"href":"https:\/\/www.jaadisain.ee\/fi\/wp-json\/wp\/v2\/pages\/9082"}],"wp:attachment":[{"href":"https:\/\/www.jaadisain.ee\/fi\/wp-json\/wp\/v2\/media?parent=7911"}],"curies":[{"name":"wp","href":"https:\/\/api.w.org\/{rel}","templated":true}]}}